{"id":10186,"date":"2018-10-30T11:41:43","date_gmt":"2018-10-30T09:41:43","guid":{"rendered":"https:\/\/www.veltec.eu\/kirby-webshop\/kirby-lampenkapje-g3-g4-nl3066\/"},"modified":"2025-04-11T13:59:38","modified_gmt":"2025-04-11T11:59:38","slug":"kirby-lampenkapje-g3-g4-nl3066","status":"publish","type":"product","link":"https:\/\/www.veltec.eu\/it\/product\/kirby-lampenkapje-g3-g4-nl3066\/","title":{"rendered":"Paralume Kirby G3 e G4"},"content":{"rendered":"<h2>Paralume Kirby G3 e G4 &#8211; Protezione e adattamento perfetto<\/h2>\n<p>State cercando un ricambio per l&#8217;aspirapolvere Paralume Kirby G3 e G4? Allora questo coperchio originale \u00e8 esattamente ci\u00f2 che vi serve. Questo coperchio \u00e8 stato appositamente progettato per proteggere la luce nella parte anteriore del vostro <a href=\"https:\/\/www.veltec.eu\/it\/kirby-aspirapolvere\/\">aspirapolvere Kirby<\/a>. Grazie alla robustezza e ai materiali durevoli, questo pezzo \u00e8 essenziale per mantenere l&#8217;aspetto e la funzionalit\u00e0 del vostro aspirapolvere.<\/p>\n<p>Questo coprilampada \u00e8 adatto solo per gli aspirapolvere Kirby elencati di seguito;<\/p>\n<ul>\n<li>Generazione 4 (G4)<\/li>\n<li>Generazione 3 (G3)<\/li>\n<\/ul>\n<h3>Perch\u00e9 scegliere il Kirby G3 e G4?<\/h3>\n<p>Se si nota che il paralume \u00e8 danneggiato, scolorito o addirittura mancante, ci\u00f2 pu\u00f2 compromettere il funzionamento dell&#8217;aspirapolvere. Non solo la lampadina \u00e8 vulnerabile, ma anche lo sporco pu\u00f2 penetrare e causare danni. \u00c8 quindi importante acquistare per tempo un paralume di ricambio.<\/p>\n<p>Inoltre, questo paralume \u00e8 compatibile con i modelli Kirby G3 e Kirby G4. Per questo motivo, non dovrete preoccuparvi delle dimensioni o dell&#8217;attacco giusto. Riceverete un paralume che si adatta perfettamente al vostro aspirapolvere Kirby esistente, senza dover regolare nulla o acquistare parti aggiuntive.<\/p>\n<p>Qui troverete tutti <a href=\"https:\/\/www.veltec.eu\/it\/kirby-luci-e-deflettori\/\">Kirby Luci e Deflettori<\/a><\/p>\n<h2>Facile da montare e materiale resistente<\/h2>\n<h3>Facile da sostituire<\/h3>\n<p>Grazie al suo design intelligente, il paralume Kirby \u00e8 facile da sostituire da soli. Non sono necessarie conoscenze tecniche o strumenti speciali per assemblare questo pezzo. Questo significa che potrete tornare a usare il vostro aspirapolvere rapidamente, senza problemi o lunghe attese presso un servizio di riparazione.<\/p>\n<h3>Realizzato per durare a lungo<\/h3>\n<p>Il tappo \u00e8 realizzato in plastica di alta qualit\u00e0 che resiste a urti, graffi e scolorimenti. In questo modo, non solo il tappo mantiene un aspetto eccellente, ma protegge anche la luce per lungo tempo. Ci\u00f2 significa che non solo scegliete la convenienza, ma anche la qualit\u00e0 e la durata.<\/p>\n<h2>Il vostro aspirapolvere Kirby come nuovo<\/h2>\n<p>Una piccola parte come un paralume pu\u00f2 fare una differenza sorprendentemente grande. Non solo in termini estetici, ma anche in termini di sicurezza e funzionamento. Acquistando questo paralume Kirby G3 e G4:<\/p>\n<ul>\n<li>Prolunga la durata di vita del tuo aspirapolvere<\/li>\n<li>Proteggete le parti importanti da eventuali danni<\/li>\n<li>Assicura un aspetto ordinato e pulito<\/li>\n<\/ul>\n<p>Quindi non aspettate troppo a sostituirlo e date al vostro aspirapolvere Kirby l&#8217;attenzione che merita.<\/p>\n","protected":false},"excerpt":{"rendered":"<p>Deflettori per Kirby G3 e G4.<\/p>\n[trustindex data-widget-id=de4365f24f22281a6b165ed75b0]\n<h3><span style=\"color: #008000;\"><br \/>\nIn magazzino<\/span><\/h3>\n[av_font_icon icon='ue812' font='entypo-fontello' style='' caption='' size='25px' position='left' color='#43ad66' link='' linktarget='' title_attr='' sonar_effect_effect='' sonar_effect_color='' sonar_effect_duration='1' sonar_effect_scale='' sonar_effect_opac='0.5' animation='' id='' custom_class='' template_class='' av_uid='' sc_version='1.0' admin_preview_bg=''][\/av_font_icon]\n<p><span style=\"color: #008000;\">Ordinato prima della 23:59, spedito domani<\/span><\/p>\n<p>&nbsp;<\/p>\n","protected":false},"featured_media":90565,"comment_status":"open","ping_status":"closed","template":"","meta":[],"product_brand":[],"product_cat":[301],"product_tag":[],"class_list":{"0":"post-10186","1":"product","2":"type-product","3":"status-publish","4":"has-post-thumbnail","6":"product_cat-kirby-luci-deflettori","7":"product_shipping_class-klein-it","9":"first","10":"instock","11":"taxable","12":"shipping-taxable","13":"purchasable","14":"product-type-simple"},"yoast_head":"<!-- This site is optimized with the Yoast SEO Premium plugin v27.1 (Yoast SEO v27.3) - https:\/\/yoast.com\/product\/yoast-seo-premium-wordpress\/ -->\n<title>Paralume Kirby G3 e G4 - Veltec Kirby specialist<\/title>\n<meta name=\"description\" content=\"Paralume Kirby G3 e G4 - Veltec \u00e8 il fornitore delle aspirapolveri Kirby da oltre 25 anni. Ed \u00e8 il tuo fidato specialista del servizio Kirby.\" \/>\n<meta name=\"robots\" content=\"index, follow, max-snippet:-1, max-image-preview:large, max-video-preview:-1\" \/>\n<link rel=\"canonical\" href=\"https:\/\/www.veltec.eu\/nl\/product\/kirby-lampenkapje-g3-en-g4\/\" \/>\n<meta property=\"og:locale\" content=\"it_IT\" \/>\n<meta property=\"og:type\" content=\"article\" \/>\n<meta property=\"og:title\" content=\"Paralume Kirby G3 e G4\" \/>\n<meta property=\"og:description\" content=\"Deflettori per Kirby G3 e G4.    In magazzino   Ordinato prima della 23:59, spedito domani  &nbsp;\" \/>\n<meta property=\"og:url\" content=\"https:\/\/www.veltec.eu\/nl\/product\/kirby-lampenkapje-g3-en-g4\/\" \/>\n<meta property=\"og:site_name\" content=\"Veltec Kirby specialist\" \/>\n<meta property=\"article:publisher\" content=\"https:\/\/www.facebook.com\/Veltec-Kirby-Specialist-236746293374877\/\" \/>\n<meta property=\"article:modified_time\" content=\"2025-04-11T11:59:38+00:00\" \/>\n<meta property=\"og:image\" content=\"https:\/\/www.veltec.eu\/wp-content\/uploads\/2018\/10\/lampen_kapje_g3_tm_g4.jpg\" \/>\n\t<meta property=\"og:image:width\" content=\"300\" \/>\n\t<meta property=\"og:image:height\" content=\"300\" \/>\n\t<meta property=\"og:image:type\" content=\"image\/jpeg\" \/>\n<meta name=\"twitter:card\" content=\"summary_large_image\" \/>\n<meta name=\"twitter:label1\" content=\"Tempo di lettura stimato\" \/>\n\t<meta name=\"twitter:data1\" content=\"2 minuti\" \/>\n<script type=\"application\/ld+json\" class=\"yoast-schema-graph\">{\"@context\":\"https:\\\/\\\/schema.org\",\"@graph\":[{\"@type\":\"WebPage\",\"@id\":\"https:\\\/\\\/www.veltec.eu\\\/nl\\\/product\\\/kirby-lampenkapje-g3-en-g4\\\/\",\"url\":\"https:\\\/\\\/www.veltec.eu\\\/nl\\\/product\\\/kirby-lampenkapje-g3-en-g4\\\/\",\"name\":\"Paralume Kirby G3 e G4 - Veltec Kirby specialist\",\"isPartOf\":{\"@id\":\"https:\\\/\\\/www.veltec.eu\\\/en\\\/#website\"},\"primaryImageOfPage\":{\"@id\":\"https:\\\/\\\/www.veltec.eu\\\/nl\\\/product\\\/kirby-lampenkapje-g3-en-g4\\\/#primaryimage\"},\"image\":{\"@id\":\"https:\\\/\\\/www.veltec.eu\\\/nl\\\/product\\\/kirby-lampenkapje-g3-en-g4\\\/#primaryimage\"},\"thumbnailUrl\":\"https:\\\/\\\/www.veltec.eu\\\/wp-content\\\/uploads\\\/2018\\\/10\\\/Lampenkapje-Kirby-G3-G4.jpg\",\"datePublished\":\"2018-10-30T09:41:43+00:00\",\"dateModified\":\"2025-04-11T11:59:38+00:00\",\"description\":\"Paralume Kirby G3 e G4 - Veltec \u00e8 il fornitore delle aspirapolveri Kirby da oltre 25 anni. Ed \u00e8 il tuo fidato specialista del servizio Kirby.\",\"breadcrumb\":{\"@id\":\"https:\\\/\\\/www.veltec.eu\\\/nl\\\/product\\\/kirby-lampenkapje-g3-en-g4\\\/#breadcrumb\"},\"inLanguage\":\"it-IT\",\"potentialAction\":[{\"@type\":\"ReadAction\",\"target\":[\"https:\\\/\\\/www.veltec.eu\\\/nl\\\/product\\\/kirby-lampenkapje-g3-en-g4\\\/\"]}]},{\"@type\":\"ImageObject\",\"inLanguage\":\"it-IT\",\"@id\":\"https:\\\/\\\/www.veltec.eu\\\/nl\\\/product\\\/kirby-lampenkapje-g3-en-g4\\\/#primaryimage\",\"url\":\"https:\\\/\\\/www.veltec.eu\\\/wp-content\\\/uploads\\\/2018\\\/10\\\/Lampenkapje-Kirby-G3-G4.jpg\",\"contentUrl\":\"https:\\\/\\\/www.veltec.eu\\\/wp-content\\\/uploads\\\/2018\\\/10\\\/Lampenkapje-Kirby-G3-G4.jpg\",\"width\":600,\"height\":600},{\"@type\":\"BreadcrumbList\",\"@id\":\"https:\\\/\\\/www.veltec.eu\\\/nl\\\/product\\\/kirby-lampenkapje-g3-en-g4\\\/#breadcrumb\",\"itemListElement\":[{\"@type\":\"ListItem\",\"position\":1,\"name\":\"Home\",\"item\":\"https:\\\/\\\/www.veltec.eu\\\/it\\\/\"},{\"@type\":\"ListItem\",\"position\":2,\"name\":\"Produits\",\"item\":\"https:\\\/\\\/www.veltec.eu\\\/fr\\\/shop\\\/\"},{\"@type\":\"ListItem\",\"position\":3,\"name\":\"Paralume Kirby G3 e G4\"}]},{\"@type\":\"WebSite\",\"@id\":\"https:\\\/\\\/www.veltec.eu\\\/en\\\/#website\",\"url\":\"https:\\\/\\\/www.veltec.eu\\\/en\\\/\",\"name\":\"Veltec Kirby specialist\",\"description\":\"Kirby stofzuiger producten\",\"publisher\":{\"@id\":\"https:\\\/\\\/www.veltec.eu\\\/en\\\/#organization\"},\"potentialAction\":[{\"@type\":\"SearchAction\",\"target\":{\"@type\":\"EntryPoint\",\"urlTemplate\":\"https:\\\/\\\/www.veltec.eu\\\/en\\\/?s={search_term_string}\"},\"query-input\":{\"@type\":\"PropertyValueSpecification\",\"valueRequired\":true,\"valueName\":\"search_term_string\"}}],\"inLanguage\":\"it-IT\"},{\"@type\":\"Organization\",\"@id\":\"https:\\\/\\\/www.veltec.eu\\\/en\\\/#organization\",\"name\":\"Veltec Kirby Specialist\",\"url\":\"https:\\\/\\\/www.veltec.eu\\\/en\\\/\",\"logo\":{\"@type\":\"ImageObject\",\"inLanguage\":\"it-IT\",\"@id\":\"https:\\\/\\\/www.veltec.eu\\\/en\\\/#\\\/schema\\\/logo\\\/image\\\/\",\"url\":\"https:\\\/\\\/www.veltec.eu\\\/wp-content\\\/uploads\\\/2021\\\/12\\\/Veltec-log-groot-e1537260889125.png\",\"contentUrl\":\"https:\\\/\\\/www.veltec.eu\\\/wp-content\\\/uploads\\\/2021\\\/12\\\/Veltec-log-groot-e1537260889125.png\",\"width\":200,\"height\":60,\"caption\":\"Veltec Kirby Specialist\"},\"image\":{\"@id\":\"https:\\\/\\\/www.veltec.eu\\\/en\\\/#\\\/schema\\\/logo\\\/image\\\/\"},\"sameAs\":[\"https:\\\/\\\/www.facebook.com\\\/Veltec-Kirby-Specialist-236746293374877\\\/\",\"https:\\\/\\\/www.youtube.com\\\/user\\\/VeltecService\"]}]}<\/script>\n<!-- \/ Yoast SEO Premium plugin. -->","yoast_head_json":{"title":"Paralume Kirby G3 e G4 - Veltec Kirby specialist","description":"Paralume Kirby G3 e G4 - Veltec \u00e8 il fornitore delle aspirapolveri Kirby da oltre 25 anni. Ed \u00e8 il tuo fidato specialista del servizio Kirby.","robots":{"index":"index","follow":"follow","max-snippet":"max-snippet:-1","max-image-preview":"max-image-preview:large","max-video-preview":"max-video-preview:-1"},"canonical":"https:\/\/www.veltec.eu\/nl\/product\/kirby-lampenkapje-g3-en-g4\/","og_locale":"it_IT","og_type":"article","og_title":"Paralume Kirby G3 e G4","og_description":"Deflettori per Kirby G3 e G4.    In magazzino   Ordinato prima della 23:59, spedito domani  &nbsp;","og_url":"https:\/\/www.veltec.eu\/nl\/product\/kirby-lampenkapje-g3-en-g4\/","og_site_name":"Veltec Kirby specialist","article_publisher":"https:\/\/www.facebook.com\/Veltec-Kirby-Specialist-236746293374877\/","article_modified_time":"2025-04-11T11:59:38+00:00","og_image":[{"width":300,"height":300,"url":"https:\/\/www.veltec.eu\/wp-content\/uploads\/2018\/10\/lampen_kapje_g3_tm_g4.jpg","type":"image\/jpeg"}],"twitter_card":"summary_large_image","twitter_misc":{"Tempo di lettura stimato":"2 minuti"},"schema":{"@context":"https:\/\/schema.org","@graph":[{"@type":"WebPage","@id":"https:\/\/www.veltec.eu\/nl\/product\/kirby-lampenkapje-g3-en-g4\/","url":"https:\/\/www.veltec.eu\/nl\/product\/kirby-lampenkapje-g3-en-g4\/","name":"Paralume Kirby G3 e G4 - Veltec Kirby specialist","isPartOf":{"@id":"https:\/\/www.veltec.eu\/en\/#website"},"primaryImageOfPage":{"@id":"https:\/\/www.veltec.eu\/nl\/product\/kirby-lampenkapje-g3-en-g4\/#primaryimage"},"image":{"@id":"https:\/\/www.veltec.eu\/nl\/product\/kirby-lampenkapje-g3-en-g4\/#primaryimage"},"thumbnailUrl":"https:\/\/www.veltec.eu\/wp-content\/uploads\/2018\/10\/Lampenkapje-Kirby-G3-G4.jpg","datePublished":"2018-10-30T09:41:43+00:00","dateModified":"2025-04-11T11:59:38+00:00","description":"Paralume Kirby G3 e G4 - Veltec \u00e8 il fornitore delle aspirapolveri Kirby da oltre 25 anni. Ed \u00e8 il tuo fidato specialista del servizio Kirby.","breadcrumb":{"@id":"https:\/\/www.veltec.eu\/nl\/product\/kirby-lampenkapje-g3-en-g4\/#breadcrumb"},"inLanguage":"it-IT","potentialAction":[{"@type":"ReadAction","target":["https:\/\/www.veltec.eu\/nl\/product\/kirby-lampenkapje-g3-en-g4\/"]}]},{"@type":"ImageObject","inLanguage":"it-IT","@id":"https:\/\/www.veltec.eu\/nl\/product\/kirby-lampenkapje-g3-en-g4\/#primaryimage","url":"https:\/\/www.veltec.eu\/wp-content\/uploads\/2018\/10\/Lampenkapje-Kirby-G3-G4.jpg","contentUrl":"https:\/\/www.veltec.eu\/wp-content\/uploads\/2018\/10\/Lampenkapje-Kirby-G3-G4.jpg","width":600,"height":600},{"@type":"BreadcrumbList","@id":"https:\/\/www.veltec.eu\/nl\/product\/kirby-lampenkapje-g3-en-g4\/#breadcrumb","itemListElement":[{"@type":"ListItem","position":1,"name":"Home","item":"https:\/\/www.veltec.eu\/it\/"},{"@type":"ListItem","position":2,"name":"Produits","item":"https:\/\/www.veltec.eu\/fr\/shop\/"},{"@type":"ListItem","position":3,"name":"Paralume Kirby G3 e G4"}]},{"@type":"WebSite","@id":"https:\/\/www.veltec.eu\/en\/#website","url":"https:\/\/www.veltec.eu\/en\/","name":"Veltec Kirby specialist","description":"Kirby stofzuiger producten","publisher":{"@id":"https:\/\/www.veltec.eu\/en\/#organization"},"potentialAction":[{"@type":"SearchAction","target":{"@type":"EntryPoint","urlTemplate":"https:\/\/www.veltec.eu\/en\/?s={search_term_string}"},"query-input":{"@type":"PropertyValueSpecification","valueRequired":true,"valueName":"search_term_string"}}],"inLanguage":"it-IT"},{"@type":"Organization","@id":"https:\/\/www.veltec.eu\/en\/#organization","name":"Veltec Kirby Specialist","url":"https:\/\/www.veltec.eu\/en\/","logo":{"@type":"ImageObject","inLanguage":"it-IT","@id":"https:\/\/www.veltec.eu\/en\/#\/schema\/logo\/image\/","url":"https:\/\/www.veltec.eu\/wp-content\/uploads\/2021\/12\/Veltec-log-groot-e1537260889125.png","contentUrl":"https:\/\/www.veltec.eu\/wp-content\/uploads\/2021\/12\/Veltec-log-groot-e1537260889125.png","width":200,"height":60,"caption":"Veltec Kirby Specialist"},"image":{"@id":"https:\/\/www.veltec.eu\/en\/#\/schema\/logo\/image\/"},"sameAs":["https:\/\/www.facebook.com\/Veltec-Kirby-Specialist-236746293374877\/","https:\/\/www.youtube.com\/user\/VeltecService"]}]}},"_links":{"self":[{"href":"https:\/\/www.veltec.eu\/it\/wp-json\/wp\/v2\/product\/10186","targetHints":{"allow":["GET"]}}],"collection":[{"href":"https:\/\/www.veltec.eu\/it\/wp-json\/wp\/v2\/product"}],"about":[{"href":"https:\/\/www.veltec.eu\/it\/wp-json\/wp\/v2\/types\/product"}],"replies":[{"embeddable":true,"href":"https:\/\/www.veltec.eu\/it\/wp-json\/wp\/v2\/comments?post=10186"}],"wp:featuredmedia":[{"embeddable":true,"href":"https:\/\/www.veltec.eu\/it\/wp-json\/wp\/v2\/media\/90565"}],"wp:attachment":[{"href":"https:\/\/www.veltec.eu\/it\/wp-json\/wp\/v2\/media?parent=10186"}],"wp:term":[{"taxonomy":"product_brand","embeddable":true,"href":"https:\/\/www.veltec.eu\/it\/wp-json\/wp\/v2\/product_brand?post=10186"},{"taxonomy":"product_cat","embeddable":true,"href":"https:\/\/www.veltec.eu\/it\/wp-json\/wp\/v2\/product_cat?post=10186"},{"taxonomy":"product_tag","embeddable":true,"href":"https:\/\/www.veltec.eu\/it\/wp-json\/wp\/v2\/product_tag?post=10186"}],"curies":[{"name":"wp","href":"https:\/\/api.w.org\/{rel}","templated":true}]}}