{"id":10131,"date":"2018-10-30T12:44:18","date_gmt":"2018-10-30T10:44:18","guid":{"rendered":"https:\/\/www.veltec.eu\/kirby-webshop\/kirby-conduttore-blocco-di-scorrimento-2x-nl3176\/"},"modified":"2026-05-14T15:37:01","modified_gmt":"2026-05-14T13:37:01","slug":"kirby-conduttore-blocco-di-scorrimento-2x-nl3176","status":"publish","type":"product","link":"https:\/\/www.veltec.eu\/it\/product\/kirby-conduttore-blocco-di-scorrimento-2x-nl3176\/","title":{"rendered":"Kirby conduttore blocco di scorrimento (2x)"},"content":{"rendered":"<h2>Kirby conduttore blocco di scorrimento (2x) &#8211; Per un funzionamento fluido e stabile del vostro aspirapolvere<\/h2>\n<p>Quando notate che il vostro aspirapolvere Kirby non scorre pi\u00f9 fluidamente come prima, potrebbe essere il momento di sostituire le Kirby conduttore blocco di scorrimento (2x). Queste parti essenziali assicurano che il movimento di scorrimento dell&#8217;aspirapolvere sia di nuovo fluido e silenzioso. Grazie al montaggio di alta qualit\u00e0 e alla compatibilit\u00e0 universale, queste guide sono adatte a qualsiasi aspirapolvere Kirby, indipendentemente dal modello o dall&#8217;anno di produzione.<\/p>\n<p><strong>Queste guide di scorrimento sono adatte per ogni aspirapolvere Kirby;<\/strong><\/p>\n<ul>\n<li>Avalir Platinum<\/li>\n<li>Avalir 2<\/li>\n<li>Avalir 1<\/li>\n<li>Sentria 2 (G10D)<\/li>\n<li>Sentria 1 (G10)<\/li>\n<li>Ultimate G Diamond Ed.(G7D or DE)<\/li>\n<li>Ultimate G (G7 or UG)<\/li>\n<li>Generation 6 (G6)<\/li>\n<li>Generation 5 (G5)<\/li>\n<li>Generation 4 (G4)<\/li>\n<li>Generation 3 (G3)<\/li>\n<\/ul>\n<p><a href=\"https:\/\/www.veltec.eu\/it\/ricambi-e-riparazioni\/kirby-alloggiamento\/\">Qui troverete tutti gli alloggiamenti Kirby<\/a><\/p>\n<h3>Perch\u00e9 scegliere le guide di scorrimento Kirby 2x?<\/h3>\n<p>Innanzitutto, questi blocchi di scorrimento assicurano che i cuscinetti a rulli rimangano posizionati in modo ottimale, mantenendo l&#8217;intero meccanismo di scorrimento efficiente. Inoltre, le guide sono realizzate in materiale robusto e resistente, il che significa che possono sopportare un uso prolungato. In questo modo si evita che l&#8217;aspirapolvere vacilli o faccia rumore durante la pulizia.<\/p>\n<p>Inoltre, queste guide di scorrimento sono molto facili da installare. Ci\u00f2 consente di risparmiare non solo tempo, ma anche denaro, poich\u00e9 non \u00e8 necessario rivolgersi a un tecnico. Poich\u00e9 le guide sono fornite in set da due, \u00e8 possibile sostituire entrambi i lati allo stesso tempo, garantendo un perfetto equilibrio e simmetria nel funzionamento del sistema di scorrimento.<\/p>\n<h2>Vantaggi in sintesi &#8211; Cosa vi aspettate?<\/h2>\n<h3>Compatibilit\u00e0 universale con gli aspirapolvere Kirby<\/h3>\n<p>Ci\u00f2 che rende speciale questo set \u00e8 la sua ampia applicabilit\u00e0. Non dovete preoccuparvi del modello del vostro aspirapolvere, perch\u00e9 questi blocchi di scorrimento sono adatti a tutti i modelli Kirby. Ci\u00f2 significa che con un solo acquisto avrete la garanzia di ottenere i pezzi giusti, senza dover cercare oltre.<\/p>\n<h3>Installazione facile, risultati immediati<\/h3>\n<p>Poich\u00e9 le guide di scorrimento sono state progettate appositamente per essere facili da usare, \u00e8 possibile installarle senza bisogno di attrezzi complicati. Non appena sostituite le vecchie guide con quelle nuove, noterete quasi subito la differenza: l&#8217;aspirapolvere scivola pi\u00f9 leggero, pi\u00f9 silenzioso e sembra nuovo.<\/p>\n<h2>Investite nella qualit\u00e0 e prolungate la durata del vostro Kirby<\/h2>\n<p>Sostituendo regolarmente parti come queste guide di scorrimento, eviterete un&#8217;inutile usura di altri componenti del vostro aspirapolvere. In questo modo il vostro apparecchio durer\u00e0 pi\u00f9 a lungo e funzioner\u00e0 meglio, a tutto vantaggio del vostro portafoglio.<\/p>\n<p>In breve, con le Kirby conduttore blocco di scorrimento (2x) si investe nella durata e nel comfort dell&#8217;aspirapolvere. Ordinate oggi stesso e provate la differenza alla prossima pulizia!<\/p>\n","protected":false},"excerpt":{"rendered":"<p>Kirby conduttore blocco di scorrimento (2x).<\/p>\n[trustindex data-widget-id=de4365f24f22281a6b165ed75b0]\n<h3><span style=\"color: #008000;\"><br \/>\nIn magazzino<\/span><\/h3>\n[av_font_icon icon='ue812' font='entypo-fontello' style='' caption='' size='25px' position='left' color='#43ad66' link='' linktarget='' title_attr='' sonar_effect_effect='' sonar_effect_color='' sonar_effect_duration='1' sonar_effect_scale='' sonar_effect_opac='0.5' animation='' id='' custom_class='' template_class='' av_uid='' sc_version='1.0' admin_preview_bg=''][\/av_font_icon]\n<p><span style=\"color: #008000;\">Ordinato prima della 23:59, spedito domani<\/span><\/p>\n<p>&nbsp;<\/p>\n","protected":false},"featured_media":90439,"comment_status":"open","ping_status":"closed","template":"","meta":{"_acf_changed":false},"product_brand":[],"product_cat":[306,291],"product_tag":[],"class_list":{"0":"post-10131","1":"product","2":"type-product","3":"status-publish","4":"has-post-thumbnail","6":"product_cat-kirby-alloggiamento","7":"product_cat-kirby-steel-e-accessori","8":"product_shipping_class-klein-it","10":"first","11":"instock","12":"taxable","13":"shipping-taxable","14":"purchasable","15":"product-type-simple"},"acf":[],"yoast_head":"<!-- This site is optimized with the Yoast SEO Premium plugin v27.1 (Yoast SEO v27.5) - https:\/\/yoast.com\/product\/yoast-seo-premium-wordpress\/ -->\n<title>Kirby conduttore blocco di scorrimento (2x) - Veltec Kirby specialist<\/title>\n<meta name=\"description\" content=\"Kirby conduttore blocco di scorrimento (2x) - Veltec \u00e8 il fornitore delle aspirapolveri Kirby da oltre 25 anni. Ed \u00e8 il tuo fidato specialista\" \/>\n<meta name=\"robots\" content=\"index, follow, max-snippet:-1, max-image-preview:large, max-video-preview:-1\" \/>\n<link rel=\"canonical\" href=\"https:\/\/www.veltec.eu\/it\/product\/kirby-conduttore-blocco-di-scorrimento-2x-nl3176\/\" \/>\n<meta property=\"og:locale\" content=\"it_IT\" \/>\n<meta property=\"og:type\" content=\"article\" \/>\n<meta property=\"og:title\" content=\"Kirby conduttore blocco di scorrimento (2x)\" \/>\n<meta property=\"og:description\" content=\"Kirby conduttore blocco di scorrimento (2x).    In magazzino   Ordinato prima della 23:59, spedito domani  &nbsp;\" \/>\n<meta property=\"og:url\" content=\"https:\/\/www.veltec.eu\/it\/product\/kirby-conduttore-blocco-di-scorrimento-2x-nl3176\/\" \/>\n<meta property=\"og:site_name\" content=\"Veltec Kirby specialist\" \/>\n<meta property=\"article:publisher\" content=\"https:\/\/www.facebook.com\/Veltec-Kirby-Specialist-236746293374877\/\" \/>\n<meta property=\"article:modified_time\" content=\"2026-05-14T13:37:01+00:00\" \/>\n<meta property=\"og:image\" content=\"https:\/\/www.veltec.eu\/wp-content\/uploads\/2018\/10\/kirby_schuifblok_geleiders_2x_-1.jpg\" \/>\n\t<meta property=\"og:image:width\" content=\"400\" \/>\n\t<meta property=\"og:image:height\" content=\"400\" \/>\n\t<meta property=\"og:image:type\" content=\"image\/jpeg\" \/>\n<meta name=\"twitter:card\" content=\"summary_large_image\" \/>\n<meta name=\"twitter:label1\" content=\"Tempo di lettura stimato\" \/>\n\t<meta name=\"twitter:data1\" content=\"3 minuti\" \/>\n<script type=\"application\/ld+json\" class=\"yoast-schema-graph\">{\"@context\":\"https:\\\/\\\/schema.org\",\"@graph\":[{\"@type\":\"WebPage\",\"@id\":\"https:\\\/\\\/www.veltec.eu\\\/it\\\/product\\\/kirby-conduttore-blocco-di-scorrimento-2x-nl3176\\\/\",\"url\":\"https:\\\/\\\/www.veltec.eu\\\/it\\\/product\\\/kirby-conduttore-blocco-di-scorrimento-2x-nl3176\\\/\",\"name\":\"Kirby conduttore blocco di scorrimento (2x) - Veltec Kirby specialist\",\"isPartOf\":{\"@id\":\"https:\\\/\\\/www.veltec.eu\\\/en\\\/#website\"},\"primaryImageOfPage\":{\"@id\":\"https:\\\/\\\/www.veltec.eu\\\/it\\\/product\\\/kirby-conduttore-blocco-di-scorrimento-2x-nl3176\\\/#primaryimage\"},\"image\":{\"@id\":\"https:\\\/\\\/www.veltec.eu\\\/it\\\/product\\\/kirby-conduttore-blocco-di-scorrimento-2x-nl3176\\\/#primaryimage\"},\"thumbnailUrl\":\"https:\\\/\\\/www.veltec.eu\\\/wp-content\\\/uploads\\\/2018\\\/10\\\/kirby_schuifblok_geleiders_2x_-1.jpg\",\"datePublished\":\"2018-10-30T10:44:18+00:00\",\"dateModified\":\"2026-05-14T13:37:01+00:00\",\"description\":\"Kirby conduttore blocco di scorrimento (2x) - Veltec \u00e8 il fornitore delle aspirapolveri Kirby da oltre 25 anni. Ed \u00e8 il tuo fidato specialista\",\"breadcrumb\":{\"@id\":\"https:\\\/\\\/www.veltec.eu\\\/it\\\/product\\\/kirby-conduttore-blocco-di-scorrimento-2x-nl3176\\\/#breadcrumb\"},\"inLanguage\":\"it-IT\",\"potentialAction\":[{\"@type\":\"ReadAction\",\"target\":[\"https:\\\/\\\/www.veltec.eu\\\/it\\\/product\\\/kirby-conduttore-blocco-di-scorrimento-2x-nl3176\\\/\"]}]},{\"@type\":\"ImageObject\",\"inLanguage\":\"it-IT\",\"@id\":\"https:\\\/\\\/www.veltec.eu\\\/it\\\/product\\\/kirby-conduttore-blocco-di-scorrimento-2x-nl3176\\\/#primaryimage\",\"url\":\"https:\\\/\\\/www.veltec.eu\\\/wp-content\\\/uploads\\\/2018\\\/10\\\/kirby_schuifblok_geleiders_2x_-1.jpg\",\"contentUrl\":\"https:\\\/\\\/www.veltec.eu\\\/wp-content\\\/uploads\\\/2018\\\/10\\\/kirby_schuifblok_geleiders_2x_-1.jpg\",\"width\":400,\"height\":400},{\"@type\":\"BreadcrumbList\",\"@id\":\"https:\\\/\\\/www.veltec.eu\\\/it\\\/product\\\/kirby-conduttore-blocco-di-scorrimento-2x-nl3176\\\/#breadcrumb\",\"itemListElement\":[{\"@type\":\"ListItem\",\"position\":1,\"name\":\"Home\",\"item\":\"https:\\\/\\\/www.veltec.eu\\\/it\\\/la-homepage\\\/\"},{\"@type\":\"ListItem\",\"position\":2,\"name\":\"Negozio Kirby\",\"item\":\"https:\\\/\\\/www.veltec.eu\\\/it\\\/negozio-kirby\\\/\"},{\"@type\":\"ListItem\",\"position\":3,\"name\":\"Kirby conduttore blocco di scorrimento (2x)\"}]},{\"@type\":\"WebSite\",\"@id\":\"https:\\\/\\\/www.veltec.eu\\\/en\\\/#website\",\"url\":\"https:\\\/\\\/www.veltec.eu\\\/en\\\/\",\"name\":\"Veltec Kirby specialist\",\"description\":\"Kirby stofzuiger producten\",\"publisher\":{\"@id\":\"https:\\\/\\\/www.veltec.eu\\\/en\\\/#organization\"},\"potentialAction\":[{\"@type\":\"SearchAction\",\"target\":{\"@type\":\"EntryPoint\",\"urlTemplate\":\"https:\\\/\\\/www.veltec.eu\\\/en\\\/?s={search_term_string}\"},\"query-input\":{\"@type\":\"PropertyValueSpecification\",\"valueRequired\":true,\"valueName\":\"search_term_string\"}}],\"inLanguage\":\"it-IT\"},{\"@type\":\"Organization\",\"@id\":\"https:\\\/\\\/www.veltec.eu\\\/en\\\/#organization\",\"name\":\"Veltec Kirby Specialist\",\"url\":\"https:\\\/\\\/www.veltec.eu\\\/en\\\/\",\"logo\":{\"@type\":\"ImageObject\",\"inLanguage\":\"it-IT\",\"@id\":\"https:\\\/\\\/www.veltec.eu\\\/en\\\/#\\\/schema\\\/logo\\\/image\\\/\",\"url\":\"https:\\\/\\\/www.veltec.eu\\\/wp-content\\\/uploads\\\/2021\\\/12\\\/Veltec-log-groot-e1537260889125.png\",\"contentUrl\":\"https:\\\/\\\/www.veltec.eu\\\/wp-content\\\/uploads\\\/2021\\\/12\\\/Veltec-log-groot-e1537260889125.png\",\"width\":200,\"height\":60,\"caption\":\"Veltec Kirby Specialist\"},\"image\":{\"@id\":\"https:\\\/\\\/www.veltec.eu\\\/en\\\/#\\\/schema\\\/logo\\\/image\\\/\"},\"sameAs\":[\"https:\\\/\\\/www.facebook.com\\\/Veltec-Kirby-Specialist-236746293374877\\\/\",\"https:\\\/\\\/www.youtube.com\\\/user\\\/VeltecService\"]}]}<\/script>\n<!-- \/ Yoast SEO Premium plugin. -->","yoast_head_json":{"title":"Kirby conduttore blocco di scorrimento (2x) - Veltec Kirby specialist","description":"Kirby conduttore blocco di scorrimento (2x) - Veltec \u00e8 il fornitore delle aspirapolveri Kirby da oltre 25 anni. Ed \u00e8 il tuo fidato specialista","robots":{"index":"index","follow":"follow","max-snippet":"max-snippet:-1","max-image-preview":"max-image-preview:large","max-video-preview":"max-video-preview:-1"},"canonical":"https:\/\/www.veltec.eu\/it\/product\/kirby-conduttore-blocco-di-scorrimento-2x-nl3176\/","og_locale":"it_IT","og_type":"article","og_title":"Kirby conduttore blocco di scorrimento (2x)","og_description":"Kirby conduttore blocco di scorrimento (2x).    In magazzino   Ordinato prima della 23:59, spedito domani  &nbsp;","og_url":"https:\/\/www.veltec.eu\/it\/product\/kirby-conduttore-blocco-di-scorrimento-2x-nl3176\/","og_site_name":"Veltec Kirby specialist","article_publisher":"https:\/\/www.facebook.com\/Veltec-Kirby-Specialist-236746293374877\/","article_modified_time":"2026-05-14T13:37:01+00:00","og_image":[{"width":400,"height":400,"url":"https:\/\/www.veltec.eu\/wp-content\/uploads\/2018\/10\/kirby_schuifblok_geleiders_2x_-1.jpg","type":"image\/jpeg"}],"twitter_card":"summary_large_image","twitter_misc":{"Tempo di lettura stimato":"3 minuti"},"schema":{"@context":"https:\/\/schema.org","@graph":[{"@type":"WebPage","@id":"https:\/\/www.veltec.eu\/it\/product\/kirby-conduttore-blocco-di-scorrimento-2x-nl3176\/","url":"https:\/\/www.veltec.eu\/it\/product\/kirby-conduttore-blocco-di-scorrimento-2x-nl3176\/","name":"Kirby conduttore blocco di scorrimento (2x) - Veltec Kirby specialist","isPartOf":{"@id":"https:\/\/www.veltec.eu\/en\/#website"},"primaryImageOfPage":{"@id":"https:\/\/www.veltec.eu\/it\/product\/kirby-conduttore-blocco-di-scorrimento-2x-nl3176\/#primaryimage"},"image":{"@id":"https:\/\/www.veltec.eu\/it\/product\/kirby-conduttore-blocco-di-scorrimento-2x-nl3176\/#primaryimage"},"thumbnailUrl":"https:\/\/www.veltec.eu\/wp-content\/uploads\/2018\/10\/kirby_schuifblok_geleiders_2x_-1.jpg","datePublished":"2018-10-30T10:44:18+00:00","dateModified":"2026-05-14T13:37:01+00:00","description":"Kirby conduttore blocco di scorrimento (2x) - Veltec \u00e8 il fornitore delle aspirapolveri Kirby da oltre 25 anni. Ed \u00e8 il tuo fidato specialista","breadcrumb":{"@id":"https:\/\/www.veltec.eu\/it\/product\/kirby-conduttore-blocco-di-scorrimento-2x-nl3176\/#breadcrumb"},"inLanguage":"it-IT","potentialAction":[{"@type":"ReadAction","target":["https:\/\/www.veltec.eu\/it\/product\/kirby-conduttore-blocco-di-scorrimento-2x-nl3176\/"]}]},{"@type":"ImageObject","inLanguage":"it-IT","@id":"https:\/\/www.veltec.eu\/it\/product\/kirby-conduttore-blocco-di-scorrimento-2x-nl3176\/#primaryimage","url":"https:\/\/www.veltec.eu\/wp-content\/uploads\/2018\/10\/kirby_schuifblok_geleiders_2x_-1.jpg","contentUrl":"https:\/\/www.veltec.eu\/wp-content\/uploads\/2018\/10\/kirby_schuifblok_geleiders_2x_-1.jpg","width":400,"height":400},{"@type":"BreadcrumbList","@id":"https:\/\/www.veltec.eu\/it\/product\/kirby-conduttore-blocco-di-scorrimento-2x-nl3176\/#breadcrumb","itemListElement":[{"@type":"ListItem","position":1,"name":"Home","item":"https:\/\/www.veltec.eu\/it\/la-homepage\/"},{"@type":"ListItem","position":2,"name":"Negozio Kirby","item":"https:\/\/www.veltec.eu\/it\/negozio-kirby\/"},{"@type":"ListItem","position":3,"name":"Kirby conduttore blocco di scorrimento (2x)"}]},{"@type":"WebSite","@id":"https:\/\/www.veltec.eu\/en\/#website","url":"https:\/\/www.veltec.eu\/en\/","name":"Veltec Kirby specialist","description":"Kirby stofzuiger producten","publisher":{"@id":"https:\/\/www.veltec.eu\/en\/#organization"},"potentialAction":[{"@type":"SearchAction","target":{"@type":"EntryPoint","urlTemplate":"https:\/\/www.veltec.eu\/en\/?s={search_term_string}"},"query-input":{"@type":"PropertyValueSpecification","valueRequired":true,"valueName":"search_term_string"}}],"inLanguage":"it-IT"},{"@type":"Organization","@id":"https:\/\/www.veltec.eu\/en\/#organization","name":"Veltec Kirby Specialist","url":"https:\/\/www.veltec.eu\/en\/","logo":{"@type":"ImageObject","inLanguage":"it-IT","@id":"https:\/\/www.veltec.eu\/en\/#\/schema\/logo\/image\/","url":"https:\/\/www.veltec.eu\/wp-content\/uploads\/2021\/12\/Veltec-log-groot-e1537260889125.png","contentUrl":"https:\/\/www.veltec.eu\/wp-content\/uploads\/2021\/12\/Veltec-log-groot-e1537260889125.png","width":200,"height":60,"caption":"Veltec Kirby Specialist"},"image":{"@id":"https:\/\/www.veltec.eu\/en\/#\/schema\/logo\/image\/"},"sameAs":["https:\/\/www.facebook.com\/Veltec-Kirby-Specialist-236746293374877\/","https:\/\/www.youtube.com\/user\/VeltecService"]}]}},"_links":{"self":[{"href":"https:\/\/www.veltec.eu\/it\/wp-json\/wp\/v2\/product\/10131","targetHints":{"allow":["GET"]}}],"collection":[{"href":"https:\/\/www.veltec.eu\/it\/wp-json\/wp\/v2\/product"}],"about":[{"href":"https:\/\/www.veltec.eu\/it\/wp-json\/wp\/v2\/types\/product"}],"replies":[{"embeddable":true,"href":"https:\/\/www.veltec.eu\/it\/wp-json\/wp\/v2\/comments?post=10131"}],"wp:featuredmedia":[{"embeddable":true,"href":"https:\/\/www.veltec.eu\/it\/wp-json\/wp\/v2\/media\/90439"}],"wp:attachment":[{"href":"https:\/\/www.veltec.eu\/it\/wp-json\/wp\/v2\/media?parent=10131"}],"wp:term":[{"taxonomy":"product_brand","embeddable":true,"href":"https:\/\/www.veltec.eu\/it\/wp-json\/wp\/v2\/product_brand?post=10131"},{"taxonomy":"product_cat","embeddable":true,"href":"https:\/\/www.veltec.eu\/it\/wp-json\/wp\/v2\/product_cat?post=10131"},{"taxonomy":"product_tag","embeddable":true,"href":"https:\/\/www.veltec.eu\/it\/wp-json\/wp\/v2\/product_tag?post=10131"}],"curies":[{"name":"wp","href":"https:\/\/api.w.org\/{rel}","templated":true}]}}