{"id":10121,"date":"2018-10-30T12:53:02","date_gmt":"2018-10-30T10:53:02","guid":{"rendered":"https:\/\/www.veltec.eu\/kirby-webshop\/kirby-cerniere-per-scorrevole-console-nl3092\/"},"modified":"2025-04-07T10:09:02","modified_gmt":"2025-04-07T08:09:02","slug":"kirby-cerniere-per-scorrevole-console-nl3092","status":"publish","type":"product","link":"https:\/\/www.veltec.eu\/it\/product\/kirby-cerniere-per-scorrevole-console-nl3092\/","title":{"rendered":"Kirby Cerniere per scorrevole console"},"content":{"rendered":"<h2>Kirby Cerniere per scorrevole console &#8211; Per un aspirapolvere che funziona senza problemi<\/h2>\n<p>Quando notate che il vostro aspirapolvere Kirby non scivola pi\u00f9 in modo fluido come prima, \u00e8 probabile che la console scorrevole non funzioni pi\u00f9 in modo ottimale. I Kirby Cerniere per scorrevole console sono la soluzione. Questi due cuscinetti a rulli di alta qualit\u00e0 vengono semplicemente posizionati tra le guide e il blocco di scorrimento della console, in modo che il vostro Kirby torni a muoversi senza sforzo, esattamente come siete abituati.<\/p>\n<p>2x cuscinetti a rulli per console scorrevole.<\/p>\n<p><strong>Questi cuscinetti a rulli sono adatti a qualsiasi aspirapolvere Kirby;<\/strong><\/p>\n<ul>\n<li>Avalir Platinum<\/li>\n<li>Avalir 2<\/li>\n<li>Avalir 1<\/li>\n<li>Sentria 2 (G10D)<\/li>\n<li>Sentria 1 (G10)<\/li>\n<li>Ultimate G Diamond Ed.(G7D or DE)<\/li>\n<li>Ultimate G (G7 or UG)<\/li>\n<li>Generation 6 (G6)<\/li>\n<li>Generation 5 (G5)<\/li>\n<li>Generation 4 (G4)<\/li>\n<li>Generation 3 (G3)<\/li>\n<\/ul>\n<p data-start=\"429\" data-end=\"838\"><a href=\"https:\/\/www.veltec.eu\/it\/kirby-alloggiamento\/\">Qui potete trovare tutti gli alloggiamenti Kirby<\/a><\/p>\n<h3>Perch\u00e9 scegliere questi cuscinetti a rulli Kirby per la console scorrevole?<\/h3>\n<p>Prima di tutto, \u00e8 bene sapere che questi cuscinetti a rulli sono adatti a qualsiasi aspirapolvere Kirby, indipendentemente dal modello. Sia che abbiate un modello pi\u00f9 vecchio o pi\u00f9 recente, questi cuscinetti saranno sempre adatti. Inoltre, sono progettati appositamente per garantire prestazioni ottimali nella console di scorrimento. Ci\u00f2 significa che l&#8217;aspirapolvere si muove in modo pi\u00f9 fluido, leggero e silenzioso, contribuendo a prolungare la durata dell&#8217;apparecchio.<\/p>\n<p>Inoltre, la facilit\u00e0 di installazione garantisce la possibilit\u00e0 di iniziare a lavorare senza conoscenze tecniche. I cuscinetti, realizzati su misura, si inseriscono perfettamente nelle fessure esistenti della console scorrevole. In questo modo si evita l&#8217;usura e il danneggiamento di altre parti.<\/p>\n<h3>I vantaggi in sintesi<\/h3>\n<ul>\n<li>Adattamento perfetto per tutti i modelli Kirby<\/li>\n<li>Migliora la libert\u00e0 di movimento dell&#8217;aspirapolvere<\/li>\n<li>Prolunga la durata della console scorrevole<\/li>\n<li>Facile da installare, senza bisogno di altri strumenti<\/li>\n<li>Realizzato con materiali resistenti che durano a lungo<\/li>\n<\/ul>\n<h2>Come si fa a sapere se il Kirby ha bisogno di nuovi cuscinetti a rulli?<\/h2>\n<p>Prestate molta attenzione a segnali come un movimento rigido, un rumore di strusciamento o una difficolt\u00e0 a far scorrere la console. Questi sintomi spesso indicano cuscinetti usurati o bloccati. In tal caso, \u00e8 bene sostituire tempestivamente i cuscinetti a rulli del Kirby per la console di scorrimento. Con un&#8217;azione preventiva, si evitano ulteriori danni al vostro aspirapolvere e il suo funzionamento rimane ottimale.<\/p>\n<h3>Ordinare facilmente e rapidamente<\/h3>\n<p>Non aspettate che il vostro Kirby si guasti completamente. Con questo set di cuscinetti a rulli, potete facilmente dare una seconda vita al vostro aspirapolvere. \u00c8 possibile ordinare in modo rapido e sicuro tramite il nostro negozio online. Inoltre, potrete beneficiare di una consegna rapida e di un eccellente servizio clienti, in caso di domande.<\/p>\n","protected":false},"excerpt":{"rendered":"<p>Kirby Cerniere per scorrevole console.<\/p>\n[trustindex data-widget-id=de4365f24f22281a6b165ed75b0]\n<h3><span style=\"color: #008000;\"><br \/>\nIn magazzino<\/span><\/h3>\n[av_font_icon icon='ue812' font='entypo-fontello' style='' caption='' size='25px' position='left' color='#43ad66' link='' linktarget='' title_attr='' sonar_effect_effect='' sonar_effect_color='' sonar_effect_duration='1' sonar_effect_scale='' sonar_effect_opac='0.5' animation='' id='' custom_class='' template_class='' av_uid='' sc_version='1.0' admin_preview_bg=''][\/av_font_icon]\n<p><span style=\"color: #008000;\">Ordinato prima della 23:59, spedito domani<\/span><\/p>\n<p>&nbsp;<\/p>\n","protected":false},"featured_media":90491,"comment_status":"open","ping_status":"closed","template":"","meta":[],"product_brand":[],"product_cat":[306,291],"product_tag":[],"class_list":{"0":"post-10121","1":"product","2":"type-product","3":"status-publish","4":"has-post-thumbnail","6":"product_cat-kirby-alloggiamento","7":"product_cat-kirby-stelo-accessori","8":"product_shipping_class-klein-it","10":"first","11":"instock","12":"taxable","13":"shipping-taxable","14":"purchasable","15":"product-type-simple"},"yoast_head":"<!-- This site is optimized with the Yoast SEO Premium plugin v27.1 (Yoast SEO v27.4) - https:\/\/yoast.com\/product\/yoast-seo-premium-wordpress\/ -->\n<title>Kirby Cerniere per scorrevole console - Veltec Kirby specialist<\/title>\n<meta name=\"description\" content=\"Kirby Cerniere per scorrevole console - Veltec \u00e8 il fornitore delle aspirapolveri Kirby da oltre 25 anni. Ed \u00e8 il tuo fidato specialista\" \/>\n<meta name=\"robots\" content=\"index, follow, max-snippet:-1, max-image-preview:large, max-video-preview:-1\" \/>\n<link rel=\"canonical\" href=\"https:\/\/www.veltec.eu\/nl\/product\/kirby-rollagers-voor-schuif-console-nl3092\/\" \/>\n<meta property=\"og:locale\" content=\"it_IT\" \/>\n<meta property=\"og:type\" content=\"article\" \/>\n<meta property=\"og:title\" content=\"Kirby Cerniere per scorrevole console\" \/>\n<meta property=\"og:description\" content=\"Kirby Cerniere per scorrevole console.    In magazzino   Ordinato prima della 23:59, spedito domani  &nbsp;\" \/>\n<meta property=\"og:url\" content=\"https:\/\/www.veltec.eu\/nl\/product\/kirby-rollagers-voor-schuif-console-nl3092\/\" \/>\n<meta property=\"og:site_name\" content=\"Veltec Kirby specialist\" \/>\n<meta property=\"article:publisher\" content=\"https:\/\/www.facebook.com\/Veltec-Kirby-Specialist-236746293374877\/\" \/>\n<meta property=\"article:modified_time\" content=\"2025-04-07T08:09:02+00:00\" \/>\n<meta property=\"og:image\" content=\"https:\/\/www.veltec.eu\/wp-content\/uploads\/2018\/10\/kirby_rollagers_voor_schuifconsole.jpg\" \/>\n\t<meta property=\"og:image:width\" content=\"300\" \/>\n\t<meta property=\"og:image:height\" content=\"300\" \/>\n\t<meta property=\"og:image:type\" content=\"image\/jpeg\" \/>\n<meta name=\"twitter:card\" content=\"summary_large_image\" \/>\n<meta name=\"twitter:label1\" content=\"Tempo di lettura stimato\" \/>\n\t<meta name=\"twitter:data1\" content=\"3 minuti\" \/>\n<script type=\"application\/ld+json\" class=\"yoast-schema-graph\">{\"@context\":\"https:\\\/\\\/schema.org\",\"@graph\":[{\"@type\":\"WebPage\",\"@id\":\"https:\\\/\\\/www.veltec.eu\\\/nl\\\/product\\\/kirby-rollagers-voor-schuif-console-nl3092\\\/\",\"url\":\"https:\\\/\\\/www.veltec.eu\\\/nl\\\/product\\\/kirby-rollagers-voor-schuif-console-nl3092\\\/\",\"name\":\"Kirby Cerniere per scorrevole console - Veltec Kirby specialist\",\"isPartOf\":{\"@id\":\"https:\\\/\\\/www.veltec.eu\\\/en\\\/#website\"},\"primaryImageOfPage\":{\"@id\":\"https:\\\/\\\/www.veltec.eu\\\/nl\\\/product\\\/kirby-rollagers-voor-schuif-console-nl3092\\\/#primaryimage\"},\"image\":{\"@id\":\"https:\\\/\\\/www.veltec.eu\\\/nl\\\/product\\\/kirby-rollagers-voor-schuif-console-nl3092\\\/#primaryimage\"},\"thumbnailUrl\":\"https:\\\/\\\/www.veltec.eu\\\/wp-content\\\/uploads\\\/2018\\\/10\\\/Kirby-rollagers.jpg\",\"datePublished\":\"2018-10-30T10:53:02+00:00\",\"dateModified\":\"2025-04-07T08:09:02+00:00\",\"description\":\"Kirby Cerniere per scorrevole console - Veltec \u00e8 il fornitore delle aspirapolveri Kirby da oltre 25 anni. Ed \u00e8 il tuo fidato specialista\",\"breadcrumb\":{\"@id\":\"https:\\\/\\\/www.veltec.eu\\\/nl\\\/product\\\/kirby-rollagers-voor-schuif-console-nl3092\\\/#breadcrumb\"},\"inLanguage\":\"it-IT\",\"potentialAction\":[{\"@type\":\"ReadAction\",\"target\":[\"https:\\\/\\\/www.veltec.eu\\\/nl\\\/product\\\/kirby-rollagers-voor-schuif-console-nl3092\\\/\"]}]},{\"@type\":\"ImageObject\",\"inLanguage\":\"it-IT\",\"@id\":\"https:\\\/\\\/www.veltec.eu\\\/nl\\\/product\\\/kirby-rollagers-voor-schuif-console-nl3092\\\/#primaryimage\",\"url\":\"https:\\\/\\\/www.veltec.eu\\\/wp-content\\\/uploads\\\/2018\\\/10\\\/Kirby-rollagers.jpg\",\"contentUrl\":\"https:\\\/\\\/www.veltec.eu\\\/wp-content\\\/uploads\\\/2018\\\/10\\\/Kirby-rollagers.jpg\",\"width\":600,\"height\":600},{\"@type\":\"BreadcrumbList\",\"@id\":\"https:\\\/\\\/www.veltec.eu\\\/nl\\\/product\\\/kirby-rollagers-voor-schuif-console-nl3092\\\/#breadcrumb\",\"itemListElement\":[{\"@type\":\"ListItem\",\"position\":1,\"name\":\"Home\",\"item\":\"https:\\\/\\\/www.veltec.eu\\\/it\\\/\"},{\"@type\":\"ListItem\",\"position\":2,\"name\":\"Produits\",\"item\":\"https:\\\/\\\/www.veltec.eu\\\/fr\\\/shop\\\/\"},{\"@type\":\"ListItem\",\"position\":3,\"name\":\"Kirby Cerniere per scorrevole console\"}]},{\"@type\":\"WebSite\",\"@id\":\"https:\\\/\\\/www.veltec.eu\\\/en\\\/#website\",\"url\":\"https:\\\/\\\/www.veltec.eu\\\/en\\\/\",\"name\":\"Veltec Kirby specialist\",\"description\":\"Kirby stofzuiger producten\",\"publisher\":{\"@id\":\"https:\\\/\\\/www.veltec.eu\\\/en\\\/#organization\"},\"potentialAction\":[{\"@type\":\"SearchAction\",\"target\":{\"@type\":\"EntryPoint\",\"urlTemplate\":\"https:\\\/\\\/www.veltec.eu\\\/en\\\/?s={search_term_string}\"},\"query-input\":{\"@type\":\"PropertyValueSpecification\",\"valueRequired\":true,\"valueName\":\"search_term_string\"}}],\"inLanguage\":\"it-IT\"},{\"@type\":\"Organization\",\"@id\":\"https:\\\/\\\/www.veltec.eu\\\/en\\\/#organization\",\"name\":\"Veltec Kirby Specialist\",\"url\":\"https:\\\/\\\/www.veltec.eu\\\/en\\\/\",\"logo\":{\"@type\":\"ImageObject\",\"inLanguage\":\"it-IT\",\"@id\":\"https:\\\/\\\/www.veltec.eu\\\/en\\\/#\\\/schema\\\/logo\\\/image\\\/\",\"url\":\"https:\\\/\\\/www.veltec.eu\\\/wp-content\\\/uploads\\\/2021\\\/12\\\/Veltec-log-groot-e1537260889125.png\",\"contentUrl\":\"https:\\\/\\\/www.veltec.eu\\\/wp-content\\\/uploads\\\/2021\\\/12\\\/Veltec-log-groot-e1537260889125.png\",\"width\":200,\"height\":60,\"caption\":\"Veltec Kirby Specialist\"},\"image\":{\"@id\":\"https:\\\/\\\/www.veltec.eu\\\/en\\\/#\\\/schema\\\/logo\\\/image\\\/\"},\"sameAs\":[\"https:\\\/\\\/www.facebook.com\\\/Veltec-Kirby-Specialist-236746293374877\\\/\",\"https:\\\/\\\/www.youtube.com\\\/user\\\/VeltecService\"]}]}<\/script>\n<!-- \/ Yoast SEO Premium plugin. -->","yoast_head_json":{"title":"Kirby Cerniere per scorrevole console - Veltec Kirby specialist","description":"Kirby Cerniere per scorrevole console - Veltec \u00e8 il fornitore delle aspirapolveri Kirby da oltre 25 anni. Ed \u00e8 il tuo fidato specialista","robots":{"index":"index","follow":"follow","max-snippet":"max-snippet:-1","max-image-preview":"max-image-preview:large","max-video-preview":"max-video-preview:-1"},"canonical":"https:\/\/www.veltec.eu\/nl\/product\/kirby-rollagers-voor-schuif-console-nl3092\/","og_locale":"it_IT","og_type":"article","og_title":"Kirby Cerniere per scorrevole console","og_description":"Kirby Cerniere per scorrevole console.    In magazzino   Ordinato prima della 23:59, spedito domani  &nbsp;","og_url":"https:\/\/www.veltec.eu\/nl\/product\/kirby-rollagers-voor-schuif-console-nl3092\/","og_site_name":"Veltec Kirby specialist","article_publisher":"https:\/\/www.facebook.com\/Veltec-Kirby-Specialist-236746293374877\/","article_modified_time":"2025-04-07T08:09:02+00:00","og_image":[{"width":300,"height":300,"url":"https:\/\/www.veltec.eu\/wp-content\/uploads\/2018\/10\/kirby_rollagers_voor_schuifconsole.jpg","type":"image\/jpeg"}],"twitter_card":"summary_large_image","twitter_misc":{"Tempo di lettura stimato":"3 minuti"},"schema":{"@context":"https:\/\/schema.org","@graph":[{"@type":"WebPage","@id":"https:\/\/www.veltec.eu\/nl\/product\/kirby-rollagers-voor-schuif-console-nl3092\/","url":"https:\/\/www.veltec.eu\/nl\/product\/kirby-rollagers-voor-schuif-console-nl3092\/","name":"Kirby Cerniere per scorrevole console - Veltec Kirby specialist","isPartOf":{"@id":"https:\/\/www.veltec.eu\/en\/#website"},"primaryImageOfPage":{"@id":"https:\/\/www.veltec.eu\/nl\/product\/kirby-rollagers-voor-schuif-console-nl3092\/#primaryimage"},"image":{"@id":"https:\/\/www.veltec.eu\/nl\/product\/kirby-rollagers-voor-schuif-console-nl3092\/#primaryimage"},"thumbnailUrl":"https:\/\/www.veltec.eu\/wp-content\/uploads\/2018\/10\/Kirby-rollagers.jpg","datePublished":"2018-10-30T10:53:02+00:00","dateModified":"2025-04-07T08:09:02+00:00","description":"Kirby Cerniere per scorrevole console - Veltec \u00e8 il fornitore delle aspirapolveri Kirby da oltre 25 anni. Ed \u00e8 il tuo fidato specialista","breadcrumb":{"@id":"https:\/\/www.veltec.eu\/nl\/product\/kirby-rollagers-voor-schuif-console-nl3092\/#breadcrumb"},"inLanguage":"it-IT","potentialAction":[{"@type":"ReadAction","target":["https:\/\/www.veltec.eu\/nl\/product\/kirby-rollagers-voor-schuif-console-nl3092\/"]}]},{"@type":"ImageObject","inLanguage":"it-IT","@id":"https:\/\/www.veltec.eu\/nl\/product\/kirby-rollagers-voor-schuif-console-nl3092\/#primaryimage","url":"https:\/\/www.veltec.eu\/wp-content\/uploads\/2018\/10\/Kirby-rollagers.jpg","contentUrl":"https:\/\/www.veltec.eu\/wp-content\/uploads\/2018\/10\/Kirby-rollagers.jpg","width":600,"height":600},{"@type":"BreadcrumbList","@id":"https:\/\/www.veltec.eu\/nl\/product\/kirby-rollagers-voor-schuif-console-nl3092\/#breadcrumb","itemListElement":[{"@type":"ListItem","position":1,"name":"Home","item":"https:\/\/www.veltec.eu\/it\/"},{"@type":"ListItem","position":2,"name":"Produits","item":"https:\/\/www.veltec.eu\/fr\/shop\/"},{"@type":"ListItem","position":3,"name":"Kirby Cerniere per scorrevole console"}]},{"@type":"WebSite","@id":"https:\/\/www.veltec.eu\/en\/#website","url":"https:\/\/www.veltec.eu\/en\/","name":"Veltec Kirby specialist","description":"Kirby stofzuiger producten","publisher":{"@id":"https:\/\/www.veltec.eu\/en\/#organization"},"potentialAction":[{"@type":"SearchAction","target":{"@type":"EntryPoint","urlTemplate":"https:\/\/www.veltec.eu\/en\/?s={search_term_string}"},"query-input":{"@type":"PropertyValueSpecification","valueRequired":true,"valueName":"search_term_string"}}],"inLanguage":"it-IT"},{"@type":"Organization","@id":"https:\/\/www.veltec.eu\/en\/#organization","name":"Veltec Kirby Specialist","url":"https:\/\/www.veltec.eu\/en\/","logo":{"@type":"ImageObject","inLanguage":"it-IT","@id":"https:\/\/www.veltec.eu\/en\/#\/schema\/logo\/image\/","url":"https:\/\/www.veltec.eu\/wp-content\/uploads\/2021\/12\/Veltec-log-groot-e1537260889125.png","contentUrl":"https:\/\/www.veltec.eu\/wp-content\/uploads\/2021\/12\/Veltec-log-groot-e1537260889125.png","width":200,"height":60,"caption":"Veltec Kirby Specialist"},"image":{"@id":"https:\/\/www.veltec.eu\/en\/#\/schema\/logo\/image\/"},"sameAs":["https:\/\/www.facebook.com\/Veltec-Kirby-Specialist-236746293374877\/","https:\/\/www.youtube.com\/user\/VeltecService"]}]}},"_links":{"self":[{"href":"https:\/\/www.veltec.eu\/it\/wp-json\/wp\/v2\/product\/10121","targetHints":{"allow":["GET"]}}],"collection":[{"href":"https:\/\/www.veltec.eu\/it\/wp-json\/wp\/v2\/product"}],"about":[{"href":"https:\/\/www.veltec.eu\/it\/wp-json\/wp\/v2\/types\/product"}],"replies":[{"embeddable":true,"href":"https:\/\/www.veltec.eu\/it\/wp-json\/wp\/v2\/comments?post=10121"}],"wp:featuredmedia":[{"embeddable":true,"href":"https:\/\/www.veltec.eu\/it\/wp-json\/wp\/v2\/media\/90491"}],"wp:attachment":[{"href":"https:\/\/www.veltec.eu\/it\/wp-json\/wp\/v2\/media?parent=10121"}],"wp:term":[{"taxonomy":"product_brand","embeddable":true,"href":"https:\/\/www.veltec.eu\/it\/wp-json\/wp\/v2\/product_brand?post=10121"},{"taxonomy":"product_cat","embeddable":true,"href":"https:\/\/www.veltec.eu\/it\/wp-json\/wp\/v2\/product_cat?post=10121"},{"taxonomy":"product_tag","embeddable":true,"href":"https:\/\/www.veltec.eu\/it\/wp-json\/wp\/v2\/product_tag?post=10121"}],"curies":[{"name":"wp","href":"https:\/\/api.w.org\/{rel}","templated":true}]}}