{"id":10105,"date":"2018-09-25T12:47:19","date_gmt":"2018-09-25T10:47:19","guid":{"rendered":"https:\/\/www.veltec.eu\/kirby-webshop\/kirby-sacchi-aspirapolvere-anallergici-universal-style-12x-nl112235\/"},"modified":"2025-11-08T17:18:02","modified_gmt":"2025-11-08T15:18:02","slug":"kirby-sacchi-aspirapolvere-micron-magic-12x-nl112235","status":"publish","type":"product","link":"https:\/\/www.veltec.eu\/it\/product\/kirby-sacchi-aspirapolvere-micron-magic-12x-nl112235\/","title":{"rendered":"Kirby sacchi aspirapolvere Micron Magic 12x"},"content":{"rendered":"<h1 data-start=\"178\" data-end=\"274\">Kirby sacchi aspirapolvere Micron Magic 12x \u2013 Filtrazione Massima per Ogni Aspirapolvere Kirby<\/h1>\n<p data-start=\"276\" data-end=\"757\">Stai cercando i Kirby sacchi aspirapolvere Micron Magic 12x che non solo offrono prestazioni elevate, ma garantiscono anche un\u2019aria pi\u00f9 pulita in casa? Questa moderna sostituzione dei vecchi sacchi di carta offre una filtrazione di alta qualit\u00e0 secondo gli standard HEPA. Grazie al loro design innovativo, i Kirby sacchi aspirapolvere Micron Magic 12x sono compatibili con tutti i modelli Kirby, inclusi Avalir 2, Avalir Platinum, Sentria, Ultimate G e la serie Generation.<\/p>\n<p data-start=\"759\" data-end=\"871\"><a class=\"decorated-link cursor-pointer\" href=\"https:\/\/www.veltec.eu\/it\/sacchetti-per-aspirapolvere-kirby\/\" target=\"_blank\" rel=\"noopener\" data-start=\"759\" data-end=\"869\">Scopri tutti i sacchi aspirapolvere Kirby\u00a0<\/a><\/p>\n<h2 data-start=\"878\" data-end=\"937\">Cosa sono i Kirby sacchi aspirapolvere Micron Magic ?<\/h2>\n<p data-start=\"939\" data-end=\"1322\">I Kirby sacchi aspirapolvere Micron Magicsono sacchi HEPA multi-strato di alta qualit\u00e0 progettati per trattenere anche le pi\u00f9 piccole particelle di polvere, allergeni e acari della polvere. A differenza dei sacchi di carta tradizionali, che spesso lasciano passare la polvere, i sacchi Micron Magic garantiscono una chiusura ermetica e una potenza di aspirazione ottimale.<\/p>\n<p data-start=\"1324\" data-end=\"1627\">Ogni sacco \u00e8 composto da tre strati di materiale filtrante che catturano insieme il 99,97% delle particelle microscopiche, rendendoli ideali per chi mette al primo posto igiene e qualit\u00e0 dell\u2019aria in casa. Inoltre, sono universali, quindi non dovrai mai preoccuparti se si adattano al tuo modello.<\/p>\n<p data-start=\"1629\" data-end=\"1788\"><a class=\"decorated-link cursor-pointer\" href=\"https:\/\/www.servizio-aspirapolvere-kirby.it\/perche-acquistare-sacchetti-originali-per-aspirapolvere-kirby\/\" target=\"_blank\" rel=\"noopener\" data-start=\"1629\" data-end=\"1786\">Scopri perch\u00e9 scegliere sacchi aspirapolvere Kirby originali\u00a0<\/a><\/p>\n<h2 data-start=\"1795\" data-end=\"1838\">A cosa servono i Kirby Micron Magic ?<\/h2>\n<p data-start=\"1840\" data-end=\"2080\">Perch\u00e9 scegliere i Kirby sacchi aspirapolvere Micron Magic invece di alternative economiche? La risposta \u00e8 semplice: questi sacchi non solo migliorano la potenza di aspirazione del tuo Kirby, ma garantiscono anche aria pi\u00f9 pulita.<\/p>\n<p data-start=\"2082\" data-end=\"2433\">La tecnologia Micron Magic trattiene allergeni, pollini e peli \u2013 ideale per famiglie con bambini, animali domestici o persone con allergie. Grazie all\u2019elevata densit\u00e0 del filtro, l\u2019aria interna resta fino al 110% pi\u00f9 pulita rispetto ai sacchi standard. Inoltre, mantengono il flusso d\u2019aria, prolungando la vita del motore e risparmiando energia.<\/p>\n<p data-start=\"2435\" data-end=\"2555\"><a class=\"decorated-link cursor-pointer\" href=\"https:\/\/www.servizio-aspirapolvere-kirby.it\/sacchetti-per-aspirapolvere-kirby\/\" target=\"_blank\" rel=\"noopener\" data-start=\"2435\" data-end=\"2553\">Scopri di pi\u00f9 sulla qualit\u00e0 dell\u2019aria e filtrazione nel nostro blog\u00a0<\/a><\/p>\n<h2 data-start=\"2562\" data-end=\"2622\">Come usare i Kirby sacchi aspirapolvere Micron Magic ?<\/h2>\n<p data-start=\"2624\" data-end=\"2944\">Sostituire un Kirby sacco aspirapolvere Micron Magic\u00a0\u00e8 semplice e veloce. Apri il compartimento esterno del tuo aspirapolvere Kirby, rimuovi il sacco pieno e aggancia saldamente il nuovo sacco Micron Magic al tubo di riempimento. Assicurati che il sacco sia ben fissato all\u2019adattatore, evitando perdite d\u2019aria.<\/p>\n<p data-start=\"2946\" data-end=\"3148\">Vuoi vedere il procedimento passo passo? Guarda il nostro video con le istruzioni di montaggio:<\/p>\n<p data-start=\"2946\" data-end=\"3148\"><div  class='avia-video av-icoxsp-a93f7b88da441d0b5953241bdf3b40d4 avia-video-16-9 av-no-preview-image avia-video-load-always av-lazyload-immediate av-lazyload-video-embed'  itemprop=\"video\" itemtype=\"https:\/\/schema.org\/VideoObject\"  data-original_url='https:\/\/youtu.be\/1C_G0yF0ybI?list=UULF-xfmletLNRpv4lLhuytt3A'><script type='text\/html' class='av-video-tmpl'><div class='avia-iframe-wrap'><iframe loading=\"lazy\" title=\"Veltec Kirby - Sostituire un sacchetto Kirby\" width=\"1500\" height=\"844\" src=\"https:\/\/www.youtube.com\/embed\/1C_G0yF0ybI?list=UULF-xfmletLNRpv4lLhuytt3A&autoplay=0&loop=0&controls=1&mute=0\" frameborder=\"0\" allow=\"accelerometer; autoplay; clipboard-write; encrypted-media; gyroscope; picture-in-picture; web-share\" referrerpolicy=\"strict-origin-when-cross-origin\" allowfullscreen><\/iframe><\/div><\/script><div class='av-click-to-play-overlay'><div class=\"avia_playpause_icon\"><\/div><\/div><\/div><\/p>\n<p data-start=\"3150\" data-end=\"3330\">Con il set da 12 pezzi (2\u00d76) avrai sempre scorta sufficiente, comodo per un uso frequente. Inoltre, approfitta di uno sconto del 10% acquistando questo pacchetto vantaggioso.<\/p>\n<h2 data-start=\"3337\" data-end=\"3386\">Specifiche tecniche dei Kirby Micron Magic<\/h2>\n<p data-start=\"3388\" data-end=\"3501\">I Kirby sacchi aspirapolvere Micron Magic si distinguono per le loro caratteristiche tecniche avanzate:<\/p>\n<ul data-start=\"3503\" data-end=\"3879\">\n<li data-start=\"3503\" data-end=\"3584\">Filtro HEPA a tre strati \u2013 cattura il 99,97% di polvere fine e allergeni.<\/li>\n<li data-start=\"3585\" data-end=\"3649\">Capacit\u00e0 maggiore del 15% \u2013 sostituzioni meno frequenti.<\/li>\n<li data-start=\"3650\" data-end=\"3713\">Strato esterno rinforzato \u2013 previene strappi e perdite.<\/li>\n<li data-start=\"3714\" data-end=\"3802\">Compatibilit\u00e0 universale \u2013 adatto a tutti i modelli Kirby (G3 fino ad Avalir 2).<\/li>\n<li data-start=\"3803\" data-end=\"3879\">Migliore circolazione dell\u2019aria \u2013 fino al 110% di efficienza in pi\u00f9.<\/li>\n<\/ul>\n<p data-start=\"3881\" data-end=\"3987\">Queste caratteristiche rendono i Micron Magic 12x un investimento intelligente per igiene e prestazioni.<\/p>\n<h2 data-start=\"3994\" data-end=\"4039\">Manutenzione e durata dei Micron Magic<\/h2>\n<p data-start=\"4041\" data-end=\"4399\">Per ottenere il massimo dai tuoi Kirby sacchi aspirapolvere Micron Magic , \u00e8 importante la manutenzione regolare. Controlla dopo ogni utilizzo se il sacco \u00e8 pieno e sostituiscilo in tempo per evitare il surriscaldamento del motore. Usa sempre sacchi Kirby originali, poich\u00e9 le imitazioni possono compromettere la tenuta e rilasciare polvere in casa.<\/p>\n<p data-start=\"4401\" data-end=\"4561\">Grazie al materiale resistente, non dovrai preoccuparti di strappi o perdita di aspirazione. Il tuo Kirby rester\u00e0 sempre in perfette condizioni \u2013 ogni giorno.<\/p>\n","protected":false},"excerpt":{"rendered":"<p data-start=\"492\" data-end=\"689\">I Kirby sacchi aspirapolvere Micron Magic 12x offrono filtrazione HEPA ad alta efficienza e sono compatibili con tutti i modelli Kirby. Massima potenza di aspirazione e aria pi\u00f9 sana in casa.<\/p>\n[trustindex data-widget-id=de4365f24f22281a6b165ed75b0]\n<h3><span style=\"color: #008000;\"><br \/>\nIn magazzino<\/span><\/h3>\n[av_font_icon icon='ue812' font='entypo-fontello' style='' caption='' size='25px' position='left' color='#43ad66' link='' linktarget='' title_attr='' sonar_effect_effect='' sonar_effect_color='' sonar_effect_duration='1' sonar_effect_scale='' sonar_effect_opac='0.5' animation='' id='' custom_class='' template_class='' av_uid='' sc_version='1.0' admin_preview_bg=''][\/av_font_icon]\n<p><span style=\"color: #008000;\">Ordinato prima della 23:59, spedito domani<\/span><\/p>\n[av_font_icon icon='ue812' font='entypo-fontello' style='' caption='' size='25px' position='left' color='#43ad66' link='' linktarget='' title_attr='' sonar_effect_effect='' sonar_effect_color='' sonar_effect_duration='1' sonar_effect_scale='' sonar_effect_opac='0.5' animation='' id='' custom_class='' template_class='' av_uid='' sc_version='1.0' admin_preview_bg=''][\/av_font_icon]\n<p><span style=\"color: #008000;\">Questi sacchetti per aspirapolvere Kirby sono adatti a tutti gli aspirapolvere Kirby<\/span><\/p>\n<p>&nbsp;<\/p>\n","protected":false},"featured_media":54397,"comment_status":"open","ping_status":"closed","template":"","meta":{"_acf_changed":false},"product_brand":[],"product_cat":[280],"product_tag":[],"class_list":{"0":"post-10105","1":"product","2":"type-product","3":"status-publish","4":"has-post-thumbnail","6":"product_cat-sacchetti-per-aspirapolvere-kirby","7":"product_shipping_class-klein-it","9":"first","10":"instock","11":"sale","12":"taxable","13":"shipping-taxable","14":"purchasable","15":"product-type-simple"},"acf":[],"yoast_head":"<!-- This site is optimized with the Yoast SEO Premium plugin v27.1 (Yoast SEO v27.4) - https:\/\/yoast.com\/product\/yoast-seo-premium-wordpress\/ -->\n<title>Kirby sacchi aspirapolvere Micron Magic 12x \u2013 Filtrazione HEPA<\/title>\n<meta name=\"description\" content=\"Acquista i Kirby sacchi aspirapolvere Micron Magic 12x. Filtrazione HEPA, compatibili con tutti i modelli Kirby, aria pi\u00f9 pulita e prestazioni ottimali.\" \/>\n<meta name=\"robots\" content=\"index, follow, max-snippet:-1, max-image-preview:large, max-video-preview:-1\" \/>\n<link rel=\"canonical\" href=\"https:\/\/www.veltec.eu\/it\/product\/kirby-sacchi-aspirapolvere-micron-magic-12x-nl112235\/\" \/>\n<meta property=\"og:locale\" content=\"it_IT\" \/>\n<meta property=\"og:type\" content=\"article\" \/>\n<meta property=\"og:title\" content=\"Kirby sacchi aspirapolvere Micron Magic 12x\" \/>\n<meta property=\"og:description\" content=\"I Kirby sacchi aspirapolvere Micron Magic 12x offrono filtrazione HEPA ad alta efficienza e sono compatibili con tutti i modelli Kirby. Massima potenza di aspirazione e aria pi\u00f9 sana in casa.   In magazzino   Ordinato prima della 23:59, spedito domani    Questi sacchetti per aspirapolvere Kirby sono adatti a tutti gli aspirapolvere Kirby  &nbsp;\" \/>\n<meta property=\"og:url\" content=\"https:\/\/www.veltec.eu\/it\/product\/kirby-sacchi-aspirapolvere-micron-magic-12x-nl112235\/\" \/>\n<meta property=\"og:site_name\" content=\"Veltec Kirby specialist\" \/>\n<meta property=\"article:publisher\" content=\"https:\/\/www.facebook.com\/Veltec-Kirby-Specialist-236746293374877\/\" \/>\n<meta property=\"article:modified_time\" content=\"2025-11-08T15:18:02+00:00\" \/>\n<meta property=\"og:image\" content=\"https:\/\/www.veltec.eu\/wp-content\/uploads\/2018\/09\/Kirby-stofzuigerzakken-Micron-Magic-12x.jpg\" \/>\n\t<meta property=\"og:image:width\" content=\"500\" \/>\n\t<meta property=\"og:image:height\" content=\"500\" \/>\n\t<meta property=\"og:image:type\" content=\"image\/jpeg\" \/>\n<meta name=\"twitter:card\" content=\"summary_large_image\" \/>\n<meta name=\"twitter:label1\" content=\"Tempo di lettura stimato\" \/>\n\t<meta name=\"twitter:data1\" content=\"3 minuti\" \/>\n<script type=\"application\/ld+json\" class=\"yoast-schema-graph\">{\"@context\":\"https:\\\/\\\/schema.org\",\"@graph\":[{\"@type\":\"WebPage\",\"@id\":\"https:\\\/\\\/www.veltec.eu\\\/it\\\/product\\\/kirby-sacchi-aspirapolvere-micron-magic-12x-nl112235\\\/\",\"url\":\"https:\\\/\\\/www.veltec.eu\\\/it\\\/product\\\/kirby-sacchi-aspirapolvere-micron-magic-12x-nl112235\\\/\",\"name\":\"Kirby sacchi aspirapolvere Micron Magic 12x \u2013 Filtrazione HEPA\",\"isPartOf\":{\"@id\":\"https:\\\/\\\/www.veltec.eu\\\/en\\\/#website\"},\"primaryImageOfPage\":{\"@id\":\"https:\\\/\\\/www.veltec.eu\\\/it\\\/product\\\/kirby-sacchi-aspirapolvere-micron-magic-12x-nl112235\\\/#primaryimage\"},\"image\":{\"@id\":\"https:\\\/\\\/www.veltec.eu\\\/it\\\/product\\\/kirby-sacchi-aspirapolvere-micron-magic-12x-nl112235\\\/#primaryimage\"},\"thumbnailUrl\":\"https:\\\/\\\/www.veltec.eu\\\/wp-content\\\/uploads\\\/2018\\\/09\\\/Kirby-stofzuigerzakken-Micron-Magic-12x.jpg\",\"datePublished\":\"2018-09-25T10:47:19+00:00\",\"dateModified\":\"2025-11-08T15:18:02+00:00\",\"description\":\"Acquista i Kirby sacchi aspirapolvere Micron Magic 12x. Filtrazione HEPA, compatibili con tutti i modelli Kirby, aria pi\u00f9 pulita e prestazioni ottimali.\",\"breadcrumb\":{\"@id\":\"https:\\\/\\\/www.veltec.eu\\\/it\\\/product\\\/kirby-sacchi-aspirapolvere-micron-magic-12x-nl112235\\\/#breadcrumb\"},\"inLanguage\":\"it-IT\",\"potentialAction\":[{\"@type\":\"ReadAction\",\"target\":[\"https:\\\/\\\/www.veltec.eu\\\/it\\\/product\\\/kirby-sacchi-aspirapolvere-micron-magic-12x-nl112235\\\/\"]}]},{\"@type\":\"ImageObject\",\"inLanguage\":\"it-IT\",\"@id\":\"https:\\\/\\\/www.veltec.eu\\\/it\\\/product\\\/kirby-sacchi-aspirapolvere-micron-magic-12x-nl112235\\\/#primaryimage\",\"url\":\"https:\\\/\\\/www.veltec.eu\\\/wp-content\\\/uploads\\\/2018\\\/09\\\/Kirby-stofzuigerzakken-Micron-Magic-12x.jpg\",\"contentUrl\":\"https:\\\/\\\/www.veltec.eu\\\/wp-content\\\/uploads\\\/2018\\\/09\\\/Kirby-stofzuigerzakken-Micron-Magic-12x.jpg\",\"width\":500,\"height\":500},{\"@type\":\"BreadcrumbList\",\"@id\":\"https:\\\/\\\/www.veltec.eu\\\/it\\\/product\\\/kirby-sacchi-aspirapolvere-micron-magic-12x-nl112235\\\/#breadcrumb\",\"itemListElement\":[{\"@type\":\"ListItem\",\"position\":1,\"name\":\"Home\",\"item\":\"https:\\\/\\\/www.veltec.eu\\\/it\\\/\"},{\"@type\":\"ListItem\",\"position\":2,\"name\":\"Negozio Kirby\",\"item\":\"https:\\\/\\\/www.veltec.eu\\\/it\\\/negozio-kirby\\\/\"},{\"@type\":\"ListItem\",\"position\":3,\"name\":\"Kirby sacchi aspirapolvere Micron Magic 12x\"}]},{\"@type\":\"WebSite\",\"@id\":\"https:\\\/\\\/www.veltec.eu\\\/en\\\/#website\",\"url\":\"https:\\\/\\\/www.veltec.eu\\\/en\\\/\",\"name\":\"Veltec Kirby specialist\",\"description\":\"Kirby stofzuiger producten\",\"publisher\":{\"@id\":\"https:\\\/\\\/www.veltec.eu\\\/en\\\/#organization\"},\"potentialAction\":[{\"@type\":\"SearchAction\",\"target\":{\"@type\":\"EntryPoint\",\"urlTemplate\":\"https:\\\/\\\/www.veltec.eu\\\/en\\\/?s={search_term_string}\"},\"query-input\":{\"@type\":\"PropertyValueSpecification\",\"valueRequired\":true,\"valueName\":\"search_term_string\"}}],\"inLanguage\":\"it-IT\"},{\"@type\":\"Organization\",\"@id\":\"https:\\\/\\\/www.veltec.eu\\\/en\\\/#organization\",\"name\":\"Veltec Kirby Specialist\",\"url\":\"https:\\\/\\\/www.veltec.eu\\\/en\\\/\",\"logo\":{\"@type\":\"ImageObject\",\"inLanguage\":\"it-IT\",\"@id\":\"https:\\\/\\\/www.veltec.eu\\\/en\\\/#\\\/schema\\\/logo\\\/image\\\/\",\"url\":\"https:\\\/\\\/www.veltec.eu\\\/wp-content\\\/uploads\\\/2021\\\/12\\\/Veltec-log-groot-e1537260889125.png\",\"contentUrl\":\"https:\\\/\\\/www.veltec.eu\\\/wp-content\\\/uploads\\\/2021\\\/12\\\/Veltec-log-groot-e1537260889125.png\",\"width\":200,\"height\":60,\"caption\":\"Veltec Kirby Specialist\"},\"image\":{\"@id\":\"https:\\\/\\\/www.veltec.eu\\\/en\\\/#\\\/schema\\\/logo\\\/image\\\/\"},\"sameAs\":[\"https:\\\/\\\/www.facebook.com\\\/Veltec-Kirby-Specialist-236746293374877\\\/\",\"https:\\\/\\\/www.youtube.com\\\/user\\\/VeltecService\"]}]}<\/script>\n<!-- \/ Yoast SEO Premium plugin. -->","yoast_head_json":{"title":"Kirby sacchi aspirapolvere Micron Magic 12x \u2013 Filtrazione HEPA","description":"Acquista i Kirby sacchi aspirapolvere Micron Magic 12x. Filtrazione HEPA, compatibili con tutti i modelli Kirby, aria pi\u00f9 pulita e prestazioni ottimali.","robots":{"index":"index","follow":"follow","max-snippet":"max-snippet:-1","max-image-preview":"max-image-preview:large","max-video-preview":"max-video-preview:-1"},"canonical":"https:\/\/www.veltec.eu\/it\/product\/kirby-sacchi-aspirapolvere-micron-magic-12x-nl112235\/","og_locale":"it_IT","og_type":"article","og_title":"Kirby sacchi aspirapolvere Micron Magic 12x","og_description":"I Kirby sacchi aspirapolvere Micron Magic 12x offrono filtrazione HEPA ad alta efficienza e sono compatibili con tutti i modelli Kirby. Massima potenza di aspirazione e aria pi\u00f9 sana in casa.   In magazzino   Ordinato prima della 23:59, spedito domani    Questi sacchetti per aspirapolvere Kirby sono adatti a tutti gli aspirapolvere Kirby  &nbsp;","og_url":"https:\/\/www.veltec.eu\/it\/product\/kirby-sacchi-aspirapolvere-micron-magic-12x-nl112235\/","og_site_name":"Veltec Kirby specialist","article_publisher":"https:\/\/www.facebook.com\/Veltec-Kirby-Specialist-236746293374877\/","article_modified_time":"2025-11-08T15:18:02+00:00","og_image":[{"width":500,"height":500,"url":"https:\/\/www.veltec.eu\/wp-content\/uploads\/2018\/09\/Kirby-stofzuigerzakken-Micron-Magic-12x.jpg","type":"image\/jpeg"}],"twitter_card":"summary_large_image","twitter_misc":{"Tempo di lettura stimato":"3 minuti"},"schema":{"@context":"https:\/\/schema.org","@graph":[{"@type":"WebPage","@id":"https:\/\/www.veltec.eu\/it\/product\/kirby-sacchi-aspirapolvere-micron-magic-12x-nl112235\/","url":"https:\/\/www.veltec.eu\/it\/product\/kirby-sacchi-aspirapolvere-micron-magic-12x-nl112235\/","name":"Kirby sacchi aspirapolvere Micron Magic 12x \u2013 Filtrazione HEPA","isPartOf":{"@id":"https:\/\/www.veltec.eu\/en\/#website"},"primaryImageOfPage":{"@id":"https:\/\/www.veltec.eu\/it\/product\/kirby-sacchi-aspirapolvere-micron-magic-12x-nl112235\/#primaryimage"},"image":{"@id":"https:\/\/www.veltec.eu\/it\/product\/kirby-sacchi-aspirapolvere-micron-magic-12x-nl112235\/#primaryimage"},"thumbnailUrl":"https:\/\/www.veltec.eu\/wp-content\/uploads\/2018\/09\/Kirby-stofzuigerzakken-Micron-Magic-12x.jpg","datePublished":"2018-09-25T10:47:19+00:00","dateModified":"2025-11-08T15:18:02+00:00","description":"Acquista i Kirby sacchi aspirapolvere Micron Magic 12x. Filtrazione HEPA, compatibili con tutti i modelli Kirby, aria pi\u00f9 pulita e prestazioni ottimali.","breadcrumb":{"@id":"https:\/\/www.veltec.eu\/it\/product\/kirby-sacchi-aspirapolvere-micron-magic-12x-nl112235\/#breadcrumb"},"inLanguage":"it-IT","potentialAction":[{"@type":"ReadAction","target":["https:\/\/www.veltec.eu\/it\/product\/kirby-sacchi-aspirapolvere-micron-magic-12x-nl112235\/"]}]},{"@type":"ImageObject","inLanguage":"it-IT","@id":"https:\/\/www.veltec.eu\/it\/product\/kirby-sacchi-aspirapolvere-micron-magic-12x-nl112235\/#primaryimage","url":"https:\/\/www.veltec.eu\/wp-content\/uploads\/2018\/09\/Kirby-stofzuigerzakken-Micron-Magic-12x.jpg","contentUrl":"https:\/\/www.veltec.eu\/wp-content\/uploads\/2018\/09\/Kirby-stofzuigerzakken-Micron-Magic-12x.jpg","width":500,"height":500},{"@type":"BreadcrumbList","@id":"https:\/\/www.veltec.eu\/it\/product\/kirby-sacchi-aspirapolvere-micron-magic-12x-nl112235\/#breadcrumb","itemListElement":[{"@type":"ListItem","position":1,"name":"Home","item":"https:\/\/www.veltec.eu\/it\/"},{"@type":"ListItem","position":2,"name":"Negozio Kirby","item":"https:\/\/www.veltec.eu\/it\/negozio-kirby\/"},{"@type":"ListItem","position":3,"name":"Kirby sacchi aspirapolvere Micron Magic 12x"}]},{"@type":"WebSite","@id":"https:\/\/www.veltec.eu\/en\/#website","url":"https:\/\/www.veltec.eu\/en\/","name":"Veltec Kirby specialist","description":"Kirby stofzuiger producten","publisher":{"@id":"https:\/\/www.veltec.eu\/en\/#organization"},"potentialAction":[{"@type":"SearchAction","target":{"@type":"EntryPoint","urlTemplate":"https:\/\/www.veltec.eu\/en\/?s={search_term_string}"},"query-input":{"@type":"PropertyValueSpecification","valueRequired":true,"valueName":"search_term_string"}}],"inLanguage":"it-IT"},{"@type":"Organization","@id":"https:\/\/www.veltec.eu\/en\/#organization","name":"Veltec Kirby Specialist","url":"https:\/\/www.veltec.eu\/en\/","logo":{"@type":"ImageObject","inLanguage":"it-IT","@id":"https:\/\/www.veltec.eu\/en\/#\/schema\/logo\/image\/","url":"https:\/\/www.veltec.eu\/wp-content\/uploads\/2021\/12\/Veltec-log-groot-e1537260889125.png","contentUrl":"https:\/\/www.veltec.eu\/wp-content\/uploads\/2021\/12\/Veltec-log-groot-e1537260889125.png","width":200,"height":60,"caption":"Veltec Kirby Specialist"},"image":{"@id":"https:\/\/www.veltec.eu\/en\/#\/schema\/logo\/image\/"},"sameAs":["https:\/\/www.facebook.com\/Veltec-Kirby-Specialist-236746293374877\/","https:\/\/www.youtube.com\/user\/VeltecService"]}]}},"_links":{"self":[{"href":"https:\/\/www.veltec.eu\/it\/wp-json\/wp\/v2\/product\/10105","targetHints":{"allow":["GET"]}}],"collection":[{"href":"https:\/\/www.veltec.eu\/it\/wp-json\/wp\/v2\/product"}],"about":[{"href":"https:\/\/www.veltec.eu\/it\/wp-json\/wp\/v2\/types\/product"}],"replies":[{"embeddable":true,"href":"https:\/\/www.veltec.eu\/it\/wp-json\/wp\/v2\/comments?post=10105"}],"wp:featuredmedia":[{"embeddable":true,"href":"https:\/\/www.veltec.eu\/it\/wp-json\/wp\/v2\/media\/54397"}],"wp:attachment":[{"href":"https:\/\/www.veltec.eu\/it\/wp-json\/wp\/v2\/media?parent=10105"}],"wp:term":[{"taxonomy":"product_brand","embeddable":true,"href":"https:\/\/www.veltec.eu\/it\/wp-json\/wp\/v2\/product_brand?post=10105"},{"taxonomy":"product_cat","embeddable":true,"href":"https:\/\/www.veltec.eu\/it\/wp-json\/wp\/v2\/product_cat?post=10105"},{"taxonomy":"product_tag","embeddable":true,"href":"https:\/\/www.veltec.eu\/it\/wp-json\/wp\/v2\/product_tag?post=10105"}],"curies":[{"name":"wp","href":"https:\/\/api.w.org\/{rel}","templated":true}]}}