{"id":88500,"date":"2026-02-18T12:45:53","date_gmt":"2026-02-18T10:45:53","guid":{"rendered":"https:\/\/www.veltec.eu\/quale-modello-di-kirby-possiedo\/"},"modified":"2026-02-18T12:54:59","modified_gmt":"2026-02-18T10:54:59","slug":"quale-modello-di-kirby-possiedo","status":"publish","type":"page","link":"https:\/\/www.veltec.eu\/it\/quale-modello-di-kirby-possiedo\/","title":{"rendered":"Quale modello di Kirby possiedo?"},"content":{"rendered":"<section  class='av_textblock_section av-27n1sfp-b0bfc8076f743886a886863e8aa5bc65 '   itemscope=\"itemscope\" itemtype=\"https:\/\/schema.org\/CreativeWork\" ><div class='avia_textblock'  itemprop=\"text\" ><h1 data-start=\"87\" data-end=\"110\">Quale modello di Kirby possiedo?<\/h1>\n<p><img decoding=\"async\" class=\"alignnone wp-image-42583 size-full\" src=\"https:\/\/www.veltec.eu\/wp-content\/uploads\/2021\/10\/Kirby-modellen5.jpg\" alt=\"Quale modello di Kirby possiedo?\" width=\"1400\" height=\"301\" srcset=\"https:\/\/www.veltec.eu\/wp-content\/uploads\/2021\/10\/Kirby-modellen5.jpg 1400w, https:\/\/www.veltec.eu\/wp-content\/uploads\/2021\/10\/Kirby-modellen5-300x65.jpg 300w, https:\/\/www.veltec.eu\/wp-content\/uploads\/2021\/10\/Kirby-modellen5-1030x221.jpg 1030w, https:\/\/www.veltec.eu\/wp-content\/uploads\/2021\/10\/Kirby-modellen5-768x165.jpg 768w, https:\/\/www.veltec.eu\/wp-content\/uploads\/2021\/10\/Kirby-modellen5-705x152.jpg 705w, https:\/\/www.veltec.eu\/wp-content\/uploads\/2021\/10\/Kirby-modellen5-600x129.jpg 600w\" sizes=\"(max-width: 1400px) 100vw, 1400px\" \/><\/p>\n<\/div><\/section>\n\n<style type=\"text\/css\" data-created_by=\"avia_inline_auto\" id=\"style-css-av-6u01i-294e84c5e5ccbb05371eb2d59b098352\">\n#top .hr.hr-invisible.av-6u01i-294e84c5e5ccbb05371eb2d59b098352{\nheight:50px;\n}\n<\/style>\n<div  class='hr av-6u01i-294e84c5e5ccbb05371eb2d59b098352 hr-invisible  avia-builder-el-1  el_after_av_textblock  el_before_av_textblock '><span class='hr-inner '><span class=\"hr-inner-style\"><\/span><\/span><\/div>\n<section  class='av_textblock_section av-mlqjgijv-23b6673a7c69151b062def148a89c154 '   itemscope=\"itemscope\" itemtype=\"https:\/\/schema.org\/CreativeWork\" ><div class='avia_textblock'  itemprop=\"text\" ><h2 data-start=\"87\" data-end=\"110\">Quale modello di Kirby possiedo?<\/h2>\n<p data-start=\"112\" data-end=\"442\">Siete curiosi di sapere quale modello di aspirapolvere possedete esattamente? Con questa pratica guida potrete scoprire in modo semplice e veloce quale modello Kirby avete, in modo da poter ordinare sempre i ricambi e gli accessori giusti. Questa panoramica vi aiuter\u00e0 a orientarvi nell&#8217;ampia gamma di modelli Kirby ed eviter\u00e0 errori nell&#8217;acquisto dei ricambi.<\/p>\n<p>\n<style type=\"text\/css\" data-created_by=\"avia_inline_auto\" id=\"style-css-av-1mf4i51-2143fca09532cd7f3da825eb1030ab5d\">\n#top .hr.hr-invisible.av-1mf4i51-2143fca09532cd7f3da825eb1030ab5d{\nheight:10px;\n}\n<\/style>\n<div  class='hr av-1mf4i51-2143fca09532cd7f3da825eb1030ab5d hr-invisible  avia-builder-el-3  el_before_av_button  avia-builder-el-first '><span class='hr-inner '><span class=\"hr-inner-style\"><\/span><\/span><\/div><br \/>\n<div  class='avia-button-wrap av-txpmyd-74a3f08aa32fb8f3673f3d1245683eaf-wrap avia-button-center  avia-builder-el-4  el_after_av_hr  el_before_av_hr '>\n<style type=\"text\/css\" data-created_by=\"avia_inline_auto\" id=\"style-css-av-txpmyd-74a3f08aa32fb8f3673f3d1245683eaf\">\n#top #wrap_all .avia-button.av-txpmyd-74a3f08aa32fb8f3673f3d1245683eaf{\nfont-size:15px;\nbackground-color:#2d5c88;\nborder-color:#2d5c88;\ncolor:#ffffff;\nborder-radius:10px 10px 10px 10px;\ntransition:all 0.4s ease-in-out;\n}\n#top #wrap_all.avia-button.av-txpmyd-74a3f08aa32fb8f3673f3d1245683eaf:hover .avia_button_background{\nborder-radius:10px 10px 10px 10px;\n}\n#top #wrap_all .avia-button.av-txpmyd-74a3f08aa32fb8f3673f3d1245683eaf .avia-svg-icon svg:first-child{\nfill:#ffffff;\nstroke:#ffffff;\n}\n<\/style>\n<a href='https:\/\/www.veltec.eu\/it\/modello-kirby\/'  class='avia-button av-txpmyd-74a3f08aa32fb8f3673f3d1245683eaf av-link-btn avia-icon_select-yes-left-icon avia-size-medium avia-position-center'  target=\"_blank\"  rel=\"noopener noreferrer\"  aria-label=\"Come si differenziano i Modello Kirby?\"><span class='avia_button_icon avia_button_icon_left avia-svg-icon avia-font-svg_entypo-fontello' data-av_svg_icon='info-circled' data-av_iconset='svg_entypo-fontello'><svg version=\"1.1\" xmlns=\"http:\/\/www.w3.org\/2000\/svg\" width=\"29\" height=\"32\" viewBox=\"0 0 29 32\" preserveAspectRatio=\"xMidYMid meet\" aria-labelledby='av-svg-title-1' aria-describedby='av-svg-desc-1' role=\"graphics-symbol\">\n<title id='av-svg-title-1'>Info-circled<\/title>\n<desc id='av-svg-desc-1'>Info-circled<\/desc>\n<path d=\"M14.528 1.28q6.080-0.064 10.432 4.16t4.48 10.304q0.064 6.080-4.192 10.464t-10.336 4.512q-6.080 0.064-10.464-4.192t-4.448-10.336q-0.128-6.080 4.16-10.464t10.368-4.448zM16.192 6.144q-1.344 0-2.080 0.768t-0.736 1.6q-0.064 0.896 0.48 1.408t1.568 0.512q1.216 0 1.952-0.704t0.736-1.728q0-1.856-1.92-1.856zM12.352 25.152q0.96 0 2.688-0.832t3.392-2.496l-0.576-0.768q-1.536 1.152-2.304 1.152-0.448 0-0.128-1.216l1.344-5.12q0.832-3.072-0.704-3.072-0.96 0-2.848 0.928t-3.68 2.4l0.512 0.832q1.664-1.088 2.368-1.088 0.384 0 0 1.088l-1.152 4.864q-0.832 3.328 1.088 3.328z\"><\/path>\n<\/svg><\/span><span class='avia_iconbox_title' >Come si differenziano i Modello Kirby?<\/span><\/a><\/div><\/p>\n<p data-start=\"444\" data-end=\"503\">\n<style type=\"text\/css\" data-created_by=\"avia_inline_auto\" id=\"style-css-av-rswpx1-0c84fd40e4c90b7ddbaf5a5235c7739f\">\n#top .hr.hr-invisible.av-rswpx1-0c84fd40e4c90b7ddbaf5a5235c7739f{\nheight:10px;\n}\n<\/style>\n<div  class='hr av-rswpx1-0c84fd40e4c90b7ddbaf5a5235c7739f hr-invisible  avia-builder-el-5  el_after_av_button  avia-builder-el-last '><span class='hr-inner '><span class=\"hr-inner-style\"><\/span><\/span><\/div><\/p>\n<h2 data-start=\"444\" data-end=\"503\">Perch\u00e9 \u00e8 importante saperlo:<\/h2>\n<p data-start=\"505\" data-end=\"1073\">Nei suoi 100 anni di storia, Kirby ha lanciato ben 28 modelli diversi. Per questo, a volte pu\u00f2 essere difficile capire esattamente che tipo di aspirapolvere hai. Soprattutto da quando \u00e8 uscita la serie Generation nel 1990, molti modelli sono universali, il che vuol dire che la maggior parte dei pezzi \u00e8 compatibile con pi\u00f9 modelli. Tuttavia, esistono alcune eccezioni. \u00c8 quindi fondamentale sapere esattamente quale modello si possiede. Solo cos\u00ec \u00e8 possibile evitare di ordinare componenti che non sono compatibili o che ne limitano la funzionalit\u00e0.<\/p>\n<h2 data-start=\"1075\" data-end=\"1122\">Come riconoscere il proprio modello: Quale modello di Kirby possiedo?<\/h2>\n<p data-start=\"1124\" data-end=\"1672\">Innanzitutto, \u00e8 utile controllare il numero di serie del vostro Kirby. Questo numero si trova solitamente sul fondo e sul lato della macchina. Inoltre, alcune caratteristiche esterne, come il design dell&#8217;involucro, il colore e la posizione dei pulsanti, possono aiutare nell&#8217;identificazione. Inoltre, accessori specifici e spazzole fornite di serie spesso forniscono indicazioni sul modello. Grazie a queste informazioni, potrete vedere immediatamente quale aspirapolvere Kirby possedete, in modo da poter ordinare l&#8217;articolo giusto per il vostro tipo di Kirby.<\/p>\n<h3 data-start=\"1674\" data-end=\"1718\">Consigli per l&#8217;ordinazione dei ricambi<\/h3>\n<p data-start=\"1720\" data-end=\"2103\">Una volta individuato il modello in vostro possesso, potrete cercare in modo mirato i ricambi adeguati. Prestate particolare attenzione ai ricambi universali adatti a pi\u00f9 generazioni, ma verificate sempre se vi sono eccezioni. L&#8217;utilizzo di ricambi originali o compatibili garantisce prestazioni ottimali del vostro aspirapolvere Kirby e ne prolunga notevolmente la durata.<\/p>\n<div class=\"trustpilot-widget\" data-locale=\"nl-NL\" data-template-id=\"5613c9cde69ddc09340c6beb\" data-businessunit-id=\"4e1b158d00006400051028e4\" data-style-height=\"100%\" data-style-width=\"100%\" data-theme=\"light\"><a href=\"https:\/\/nl.trustpilot.com\/review\/www.veltec.eu\" target=\"_blank\" rel=\"noopener\"><img decoding=\"async\" class=\"aligncenter wp-image-55206 size-full\" src=\"https:\/\/www.veltec.eu\/wp-content\/uploads\/2023\/12\/NL.jpg\" alt=\"\" width=\"774\" height=\"75\" srcset=\"https:\/\/www.veltec.eu\/wp-content\/uploads\/2023\/12\/NL.jpg 774w, https:\/\/www.veltec.eu\/wp-content\/uploads\/2023\/12\/NL-300x29.jpg 300w, https:\/\/www.veltec.eu\/wp-content\/uploads\/2023\/12\/NL-768x74.jpg 768w, https:\/\/www.veltec.eu\/wp-content\/uploads\/2023\/12\/NL-705x68.jpg 705w, https:\/\/www.veltec.eu\/wp-content\/uploads\/2023\/12\/NL-450x44.jpg 450w, https:\/\/www.veltec.eu\/wp-content\/uploads\/2023\/12\/NL-600x58.jpg 600w, https:\/\/www.veltec.eu\/wp-content\/uploads\/2023\/12\/NL-190x18.jpg 190w, https:\/\/www.veltec.eu\/wp-content\/uploads\/2023\/12\/NL-750x73.jpg 750w\" sizes=\"(max-width: 774px) 100vw, 774px\" \/><\/a><\/div>\n<p><!-- End TrustBox widget --><\/p>\n<\/div><\/section>\n","protected":false},"excerpt":{"rendered":"","protected":false},"author":1,"featured_media":0,"parent":0,"menu_order":0,"comment_status":"closed","ping_status":"closed","template":"","meta":{"footnotes":""},"class_list":["post-88500","page","type-page","status-publish","hentry"],"yoast_head":"<!-- This site is optimized with the Yoast SEO Premium plugin v27.1 (Yoast SEO v27.2) - https:\/\/yoast.com\/product\/yoast-seo-premium-wordpress\/ -->\n<title>Quale modello di Kirby possiedo? - Veltec Kirby specialista<\/title>\n<meta name=\"description\" content=\"Scopri qui quale modello di aspirapolvere Kirby possiedi. Veltec \u00e8 fornitore di aspirapolvere Kirby da oltre 25 anni.\" \/>\n<meta name=\"robots\" content=\"index, follow, max-snippet:-1, max-image-preview:large, max-video-preview:-1\" \/>\n<link rel=\"canonical\" href=\"https:\/\/www.veltec.eu\/nl\/welke-kirby-heb-ik\/\" \/>\n<meta property=\"og:locale\" content=\"it_IT\" \/>\n<meta property=\"og:type\" content=\"article\" \/>\n<meta property=\"og:title\" content=\"Quale modello di Kirby possiedo?\" \/>\n<meta property=\"og:url\" content=\"https:\/\/www.veltec.eu\/nl\/welke-kirby-heb-ik\/\" \/>\n<meta property=\"og:site_name\" content=\"Veltec Kirby specialist\" \/>\n<meta property=\"article:publisher\" content=\"https:\/\/www.facebook.com\/Veltec-Kirby-Specialist-236746293374877\/\" \/>\n<meta property=\"article:modified_time\" content=\"2026-02-18T10:54:59+00:00\" \/>\n<meta property=\"og:image\" content=\"https:\/\/www.veltec.eu\/wp-content\/uploads\/2021\/10\/Kirby-modellen5.jpg\" \/>\n<meta name=\"twitter:card\" content=\"summary_large_image\" \/>\n<meta name=\"twitter:label1\" content=\"Tempo di lettura stimato\" \/>\n\t<meta name=\"twitter:data1\" content=\"2 minuti\" \/>\n<script type=\"application\/ld+json\" class=\"yoast-schema-graph\">{\"@context\":\"https:\/\/schema.org\",\"@graph\":[{\"@type\":\"WebPage\",\"@id\":\"https:\/\/www.veltec.eu\/nl\/welke-kirby-heb-ik\/\",\"url\":\"https:\/\/www.veltec.eu\/nl\/welke-kirby-heb-ik\/\",\"name\":\"Quale modello di Kirby possiedo? - Veltec Kirby specialista\",\"isPartOf\":{\"@id\":\"https:\/\/www.veltec.eu\/en\/#website\"},\"primaryImageOfPage\":{\"@id\":\"https:\/\/www.veltec.eu\/nl\/welke-kirby-heb-ik\/#primaryimage\"},\"image\":{\"@id\":\"https:\/\/www.veltec.eu\/nl\/welke-kirby-heb-ik\/#primaryimage\"},\"thumbnailUrl\":\"https:\/\/www.veltec.eu\/wp-content\/uploads\/2021\/10\/Kirby-modellen5.jpg\",\"datePublished\":\"2026-02-18T10:45:53+00:00\",\"dateModified\":\"2026-02-18T10:54:59+00:00\",\"description\":\"Scopri qui quale modello di aspirapolvere Kirby possiedi. Veltec \u00e8 fornitore di aspirapolvere Kirby da oltre 25 anni.\",\"breadcrumb\":{\"@id\":\"https:\/\/www.veltec.eu\/nl\/welke-kirby-heb-ik\/#breadcrumb\"},\"inLanguage\":\"it-IT\",\"potentialAction\":[{\"@type\":\"ReadAction\",\"target\":[\"https:\/\/www.veltec.eu\/nl\/welke-kirby-heb-ik\/\"]}]},{\"@type\":\"ImageObject\",\"inLanguage\":\"it-IT\",\"@id\":\"https:\/\/www.veltec.eu\/nl\/welke-kirby-heb-ik\/#primaryimage\",\"url\":\"https:\/\/www.veltec.eu\/wp-content\/uploads\/2021\/10\/Kirby-modellen5.jpg\",\"contentUrl\":\"https:\/\/www.veltec.eu\/wp-content\/uploads\/2021\/10\/Kirby-modellen5.jpg\"},{\"@type\":\"BreadcrumbList\",\"@id\":\"https:\/\/www.veltec.eu\/nl\/welke-kirby-heb-ik\/#breadcrumb\",\"itemListElement\":[{\"@type\":\"ListItem\",\"position\":1,\"name\":\"Home\",\"item\":\"https:\/\/www.veltec.eu\/it\/\"},{\"@type\":\"ListItem\",\"position\":2,\"name\":\"Quale modello di Kirby possiedo?\"}]},{\"@type\":\"WebSite\",\"@id\":\"https:\/\/www.veltec.eu\/en\/#website\",\"url\":\"https:\/\/www.veltec.eu\/en\/\",\"name\":\"Veltec Kirby specialist\",\"description\":\"Kirby stofzuiger producten\",\"publisher\":{\"@id\":\"https:\/\/www.veltec.eu\/en\/#organization\"},\"potentialAction\":[{\"@type\":\"SearchAction\",\"target\":{\"@type\":\"EntryPoint\",\"urlTemplate\":\"https:\/\/www.veltec.eu\/en\/?s={search_term_string}\"},\"query-input\":{\"@type\":\"PropertyValueSpecification\",\"valueRequired\":true,\"valueName\":\"search_term_string\"}}],\"inLanguage\":\"it-IT\"},{\"@type\":\"Organization\",\"@id\":\"https:\/\/www.veltec.eu\/en\/#organization\",\"name\":\"Veltec Kirby Specialist\",\"url\":\"https:\/\/www.veltec.eu\/en\/\",\"logo\":{\"@type\":\"ImageObject\",\"inLanguage\":\"it-IT\",\"@id\":\"https:\/\/www.veltec.eu\/en\/#\/schema\/logo\/image\/\",\"url\":\"https:\/\/www.veltec.eu\/wp-content\/uploads\/2021\/12\/Veltec-log-groot-e1537260889125.png\",\"contentUrl\":\"https:\/\/www.veltec.eu\/wp-content\/uploads\/2021\/12\/Veltec-log-groot-e1537260889125.png\",\"width\":200,\"height\":60,\"caption\":\"Veltec Kirby Specialist\"},\"image\":{\"@id\":\"https:\/\/www.veltec.eu\/en\/#\/schema\/logo\/image\/\"},\"sameAs\":[\"https:\/\/www.facebook.com\/Veltec-Kirby-Specialist-236746293374877\/\",\"https:\/\/www.youtube.com\/user\/VeltecService\"]}]}<\/script>\n<!-- \/ Yoast SEO Premium plugin. -->","yoast_head_json":{"title":"Quale modello di Kirby possiedo? - Veltec Kirby specialista","description":"Scopri qui quale modello di aspirapolvere Kirby possiedi. Veltec \u00e8 fornitore di aspirapolvere Kirby da oltre 25 anni.","robots":{"index":"index","follow":"follow","max-snippet":"max-snippet:-1","max-image-preview":"max-image-preview:large","max-video-preview":"max-video-preview:-1"},"canonical":"https:\/\/www.veltec.eu\/nl\/welke-kirby-heb-ik\/","og_locale":"it_IT","og_type":"article","og_title":"Quale modello di Kirby possiedo?","og_url":"https:\/\/www.veltec.eu\/nl\/welke-kirby-heb-ik\/","og_site_name":"Veltec Kirby specialist","article_publisher":"https:\/\/www.facebook.com\/Veltec-Kirby-Specialist-236746293374877\/","article_modified_time":"2026-02-18T10:54:59+00:00","og_image":[{"url":"https:\/\/www.veltec.eu\/wp-content\/uploads\/2021\/10\/Kirby-modellen5.jpg","type":"","width":"","height":""}],"twitter_card":"summary_large_image","twitter_misc":{"Tempo di lettura stimato":"2 minuti"},"schema":{"@context":"https:\/\/schema.org","@graph":[{"@type":"WebPage","@id":"https:\/\/www.veltec.eu\/nl\/welke-kirby-heb-ik\/","url":"https:\/\/www.veltec.eu\/nl\/welke-kirby-heb-ik\/","name":"Quale modello di Kirby possiedo? - Veltec Kirby specialista","isPartOf":{"@id":"https:\/\/www.veltec.eu\/en\/#website"},"primaryImageOfPage":{"@id":"https:\/\/www.veltec.eu\/nl\/welke-kirby-heb-ik\/#primaryimage"},"image":{"@id":"https:\/\/www.veltec.eu\/nl\/welke-kirby-heb-ik\/#primaryimage"},"thumbnailUrl":"https:\/\/www.veltec.eu\/wp-content\/uploads\/2021\/10\/Kirby-modellen5.jpg","datePublished":"2026-02-18T10:45:53+00:00","dateModified":"2026-02-18T10:54:59+00:00","description":"Scopri qui quale modello di aspirapolvere Kirby possiedi. Veltec \u00e8 fornitore di aspirapolvere Kirby da oltre 25 anni.","breadcrumb":{"@id":"https:\/\/www.veltec.eu\/nl\/welke-kirby-heb-ik\/#breadcrumb"},"inLanguage":"it-IT","potentialAction":[{"@type":"ReadAction","target":["https:\/\/www.veltec.eu\/nl\/welke-kirby-heb-ik\/"]}]},{"@type":"ImageObject","inLanguage":"it-IT","@id":"https:\/\/www.veltec.eu\/nl\/welke-kirby-heb-ik\/#primaryimage","url":"https:\/\/www.veltec.eu\/wp-content\/uploads\/2021\/10\/Kirby-modellen5.jpg","contentUrl":"https:\/\/www.veltec.eu\/wp-content\/uploads\/2021\/10\/Kirby-modellen5.jpg"},{"@type":"BreadcrumbList","@id":"https:\/\/www.veltec.eu\/nl\/welke-kirby-heb-ik\/#breadcrumb","itemListElement":[{"@type":"ListItem","position":1,"name":"Home","item":"https:\/\/www.veltec.eu\/it\/"},{"@type":"ListItem","position":2,"name":"Quale modello di Kirby possiedo?"}]},{"@type":"WebSite","@id":"https:\/\/www.veltec.eu\/en\/#website","url":"https:\/\/www.veltec.eu\/en\/","name":"Veltec Kirby specialist","description":"Kirby stofzuiger producten","publisher":{"@id":"https:\/\/www.veltec.eu\/en\/#organization"},"potentialAction":[{"@type":"SearchAction","target":{"@type":"EntryPoint","urlTemplate":"https:\/\/www.veltec.eu\/en\/?s={search_term_string}"},"query-input":{"@type":"PropertyValueSpecification","valueRequired":true,"valueName":"search_term_string"}}],"inLanguage":"it-IT"},{"@type":"Organization","@id":"https:\/\/www.veltec.eu\/en\/#organization","name":"Veltec Kirby Specialist","url":"https:\/\/www.veltec.eu\/en\/","logo":{"@type":"ImageObject","inLanguage":"it-IT","@id":"https:\/\/www.veltec.eu\/en\/#\/schema\/logo\/image\/","url":"https:\/\/www.veltec.eu\/wp-content\/uploads\/2021\/12\/Veltec-log-groot-e1537260889125.png","contentUrl":"https:\/\/www.veltec.eu\/wp-content\/uploads\/2021\/12\/Veltec-log-groot-e1537260889125.png","width":200,"height":60,"caption":"Veltec Kirby Specialist"},"image":{"@id":"https:\/\/www.veltec.eu\/en\/#\/schema\/logo\/image\/"},"sameAs":["https:\/\/www.facebook.com\/Veltec-Kirby-Specialist-236746293374877\/","https:\/\/www.youtube.com\/user\/VeltecService"]}]}},"_links":{"self":[{"href":"https:\/\/www.veltec.eu\/it\/wp-json\/wp\/v2\/pages\/88500","targetHints":{"allow":["GET"]}}],"collection":[{"href":"https:\/\/www.veltec.eu\/it\/wp-json\/wp\/v2\/pages"}],"about":[{"href":"https:\/\/www.veltec.eu\/it\/wp-json\/wp\/v2\/types\/page"}],"author":[{"embeddable":true,"href":"https:\/\/www.veltec.eu\/it\/wp-json\/wp\/v2\/users\/1"}],"replies":[{"embeddable":true,"href":"https:\/\/www.veltec.eu\/it\/wp-json\/wp\/v2\/comments?post=88500"}],"version-history":[{"count":3,"href":"https:\/\/www.veltec.eu\/it\/wp-json\/wp\/v2\/pages\/88500\/revisions"}],"predecessor-version":[{"id":88503,"href":"https:\/\/www.veltec.eu\/it\/wp-json\/wp\/v2\/pages\/88500\/revisions\/88503"}],"wp:attachment":[{"href":"https:\/\/www.veltec.eu\/it\/wp-json\/wp\/v2\/media?parent=88500"}],"curies":[{"name":"wp","href":"https:\/\/api.w.org\/{rel}","templated":true}]}}