{"id":64958,"date":"2024-08-13T08:22:35","date_gmt":"2024-08-13T06:22:35","guid":{"rendered":"https:\/\/www.veltec.eu\/sacchetti-kirby\/"},"modified":"2025-06-10T15:53:01","modified_gmt":"2025-06-10T13:53:01","slug":"sacchetti-kirby","status":"publish","type":"page","link":"https:\/\/www.veltec.eu\/it\/sacchetti-kirby\/","title":{"rendered":"Sacchetti Kirby"},"content":{"rendered":"<h1>Quali sono i Sacchetti Kirby adatti al mio KIRBY?<\/h1>\n<h3>E come faccio a sapere quale stile (F o S) di sacchetto per la polvere KIRBY sto utilizzando?<\/h3>\n<p>Dal 2014 sono Sacchetti Kirby per la polvere KIRBY universali.<\/p>\n<p>Questi sono prodotti da KIRBY per adattarsi a tutte le macchine di recente generazione, dalla G4 alla Sentria II. Consigliamo vivamente di acquistare e utilizzare i sacchetti originali Kirby per l&#8217;aspirapolvere. Perch\u00e9 sono stati progettati per sostituire i vecchi sacchetti Kirby stile F e S. In una nuova e pratica confezione di sacchetti Kirby universali.<\/p>\n<div id=\"attachment_4335\" style=\"width: 510px\" class=\"wp-caption alignnone\"><a href=\"https:\/\/www.veltec.eu\/it\/sacchetti-per-aspirapolvere-kirby\/\"><img decoding=\"async\" aria-describedby=\"caption-attachment-4335\" class=\"wp-image-4335 size-full\" src=\"https:\/\/www.veltec.eu\/wp-content\/uploads\/2018\/10\/2-en3-Scrolpagina-Kirby-stofzuigerzakken.jpg\" alt=\"Sacchetti Kirby\" width=\"500\" height=\"303\" srcset=\"https:\/\/www.veltec.eu\/wp-content\/uploads\/2018\/10\/2-en3-Scrolpagina-Kirby-stofzuigerzakken.jpg 500w, https:\/\/www.veltec.eu\/wp-content\/uploads\/2018\/10\/2-en3-Scrolpagina-Kirby-stofzuigerzakken-300x182.jpg 300w\" sizes=\"(max-width: 500px) 100vw, 500px\" \/><\/a><p id=\"caption-attachment-4335\" class=\"wp-caption-text\">Sacchetti Kirby<\/p><\/div>\n<p>Il sistema Kirby Home Care \u00e8 stato progettato per fornire eccellenti prestazioni di aspirazione. Il sacchetto del filtro Kirby \u00e8 una parte importante del sistema di filtraggio KIRBY. e i sacchetti HEPA originali KIRBY sono progettati. Per mantenere le particelle nocive come gli acari della polvere all&#8217;interno del sacco KIRBY. E non vengono rilasciate nell&#8217;aria.<\/p>\n<h3>I pi\u00f9 recenti sacchetti per la polvere KIRBY HEPA Kirby sono disponibili in due stili.<\/h3>\n<p>Stile &#8220;F&#8221; &#8211; il pi\u00f9 recente KIRBY Sentria. E aggiornato allo stile F di G3, G4, G5, G6, G7, G8 e Ultimate G. I sistemi Diamond KIRBY possono utilizzarli.<br \/>\nUn vecchio stile &#8220;S&#8221; &#8211; il precedente KIRBY Sentria e Heritage II, Legend II, G3, G4, G5, G6, G7, G8, Ultimate G. I sistemi Diamond KIRBY possono utilizzarle.<br \/>\nI sacchetti di tipo F presentano alcuni vantaggi distinti rispetto ai sacchetti di tipo S. Quindi, se volete ottenere un preventivo. Per aggiornare la vostra macchina KIRBY con sacchetti di tipo F. Contattateci.<\/p>\n<h3>Filtrazione HEPA per il sistema Kirby con i sacchi per la polvere Kirby<\/h3>\n<p>La nostra migliore filtrazione per il sistema Kirby perch\u00e9 \u00e8 il filtro Kirby Micro Allergen Plus HEPA. perch\u00e9 fornisce la massima filtrazione per il vostro aspirapolvere Kirby.<br \/>\nfiltrazione massima per il vostro aspirapolvere Kirby. Il nostro filtro Kirby HEPA cattura la comune polvere di casa, ma anche polline e altre particelle. perch\u00e9 si pu\u00f2 pulire facilmente senza sporcare. Con il nostro filtro HEPA, perch\u00e9 potete mantenere la vostra casa fresca e pulita. Il nostro materiale caricato cattura le particelle di micron. E trattiene tutto lo sporco, la polvere, i peli di animali domestici. E altro ancora all&#8217;interno del sacchetto del filtro Kirby HEPA.<\/p>\n<h3>I proprietari di animali domestici amano i nostri sacchetti per la polvere Kirby con filtro HEPA!<\/h3>\n<p>I proprietari di animali domestici sanno quanto possa essere difficile mantenere la casa libera da peli e odori.<br \/>\nFortunatamente, il filtro Kirby HEPA garantisce il massimo filtraggio per il vostro aspirapolvere Kirby. Il flusso d&#8217;aria superiore del sistema Kirby rimuove facilmente i peli. E gli odori di animali domestici dalla casa. E li cattura nei nostri filtri monouso per una facile pulizia!<br \/>\nUtilizzate il Micron Magic HEPA Filter Plus con il rullo spazzola per animali domestici. Per la massima efficienza di pulizia!<\/p>\n<p>Importante: per mantenere le massime prestazioni di pulizia. Sostituire il sacchetto del filtro prima che lo sporco raggiunga la linea FULL.<\/p>\n<h3>Sacchetti Kirby<\/h3>\n<p>Avete bisogno di sostituire i sacchetti per la polvere Kirby? Nessun problema!<br \/>\nIl sacchetto del filtro Kirby per la riduzione degli allergeni \u00e8 il pi\u00f9 popolare di tutti i sacchetti per aspirapolvere Kirby. Ciascuno dei nostri sacchetti per aspirapolvere Kirby riduce la comune polvere domestica, il polline e altre particelle.<br \/>\nIl materiale caricato elettrostaticamente intrappola le particelle di polvere dopo che sono state raccolte dal pavimento. In questo modo lo sporco e la polvere rimangono all&#8217;interno del sacco per aspirapolvere Kirby. Perch\u00e9 l&#8217;acquisto dei sacchetti per aspirapolvere Kirby \u00e8 conveniente.<\/p>\n<h3>Importante: per mantenere le massime prestazioni di pulizia, perch\u00e9. Sostituire il sacco filtro prima che lo sporco raggiunga la linea FULL.<\/h3>\n<p>Si adatta sia agli adattatori di tipo F che a quelli di tipo Twist.<br \/>\nFunziona con: G4, G5, Gsix, Ultimate G, Ultimate G Diamond, Sentria, Sentria II e modelli Avalir.<br \/>\nPer un filtraggio ottimale, acquistare i sacchetti Kirby HEPA con tecnologia Micro Allergen Plus!<br \/>\nI proprietari di cani e gatti che temono che la loro casa inizi a puzzare come i loro animali domestici. Dovrebbero acquistare i sacchetti filtranti Kirby Odor Fighter, prodotti con uno strato di carbone attivo. Per aiutare a neutralizzare gli odori sgradevoli!<\/p>\n<h3>Sacchetto filtrante Kirby monouso, sacchetti per la polvere Kirby<\/h3>\n<p>Per ottenere le migliori prestazioni, utilizzare solo sacchetti per la polvere originali Kirby, ma sostituirli quando lo sporco raggiunge la linea FULL.<br \/>\nUn sacchetto Kirby per l&#8217;aspirapolvere deve essere installato prima di passare l&#8217;aspirapolvere.<\/p>\n<h3>Rimuovere un sacchetto filtro monouso usato:<\/h3>\n<p>Spegnere l&#8217;apparecchio.<br \/>\nQuindi staccare la spina.<br \/>\nAprire la cerniera del sacchetto esterno permanente.<br \/>\nSollevare la linguetta di cartone che fissa il sacchetto filtrante monouso ed estrarre il sacchetto.<br \/>\nNon utilizzare l&#8217;aspirapolvere senza il sacchetto filtrante.<br \/>\nPrima di sostituire il sacchetto del filtro monouso. Ma \u00e8 necessario scollegare la spina dalla presa di corrente. Controllare quindi che il motore e la ventola siano fermi.<\/p>\n<h3>Prima di inserire i sacchetti per la polvere New Kirby:<\/h3>\n<p>Con il sacco esterno permanente Kirby perch\u00e9 aperto. E l&#8217;adattatore superiore estratto.Appoggiare il pannello frontale di cartone del sacchetto Kirby contro la parte inferiore dell&#8217;adattatore superiore.<\/p>\n<p>Spingere il pannello frontale di cartone verso l&#8217;alto. Contro la superficie piatta dell&#8217;adattatore superiore.<br \/>\nPiegare e premere la linguetta nella parte superiore del pannello frontale di cartone sull&#8217;adattatore superiore per fissarlo.<br \/>\nControllare che la cinghia di supporto della borsa sia collegata attraverso il piccolo foro dell&#8217;adattatore superiore. E che sia fissata sopra la camma.<br \/>\nInserire il sacchetto dell&#8217;aspirapolvere Kirby nel sacchetto esterno permanente e chiudere la cerniera.<\/p>\n<h3>Rimozione del sacco permanente esterno Kirby e del raccoglitore Kirby mini-Emptor<\/h3>\n<p>Il raccoglitore Kirby mini-Emptor contiene particelle grandi e pesanti che non raggiungono il sacco di aspirazione Kirby.<br \/>\nAfferrare la base del raccoglitore Mini Em-Tor\u00ae . Girarlo lontano dall&#8217;apparecchio e sollevarlo.<br \/>\nRimuovere la parte superiore del sacco esterno permanente Kirby dall&#8217;apparecchio. Premendo il pulsante di rilascio del sacco.<br \/>\nPosizionare l&#8217;apertura del raccoglitore Kirby mini-Emptor su un giornale. Scuotere il raccoglitore per rimuovere le particelle.<br \/>\nUna volta terminato, riattaccare il raccoglitore Kirby mini-Emptor.<br \/>\nBloccare saldamente il raccoglitore Kirby mini-Emptor. In caso contrario, l&#8217;unit\u00e0 non funzioner\u00e0. (Non si accende).<\/p>\n<p>ATTENZIONE: rischio di danni ai propri manichini. Non aspirare intenzionalmente oggetti pesanti come le monete. La mancata osservanza di queste avvertenze pu\u00f2 causare danni alla lama del rotore Kirby. Acquista i sacchetti per aspirapolvere Kirby da Veltec.<\/p>\n","protected":false},"excerpt":{"rendered":"<p>Quali sono i Sacchetti Kirby adatti al mio KIRBY? E come faccio a sapere quale stile (F o S) di sacchetto per la polvere KIRBY sto utilizzando? Dal 2014 sono Sacchetti Kirby per la polvere KIRBY universali. Questi sono prodotti da KIRBY per adattarsi a tutte le macchine di recente generazione, dalla G4 alla Sentria [&hellip;]<\/p>\n","protected":false},"author":1,"featured_media":0,"parent":0,"menu_order":0,"comment_status":"closed","ping_status":"closed","template":"","meta":{"footnotes":""},"class_list":["post-64958","page","type-page","status-publish","hentry"],"yoast_head":"<!-- This site is optimized with the Yoast SEO Premium plugin v27.1 (Yoast SEO v27.2) - https:\/\/yoast.com\/product\/yoast-seo-premium-wordpress\/ -->\n<title>Sacchetti Kirby - Specialista Veltec Kirby<\/title>\n<meta name=\"description\" content=\"Sacchetti Kirby. Quali sacchetti sono adatti al mio KIRBY? Come faccio a sapere di quale sacchetto per aspirapolvere ho bisogno?\" \/>\n<meta name=\"robots\" content=\"index, follow, max-snippet:-1, max-image-preview:large, max-video-preview:-1\" \/>\n<link rel=\"canonical\" href=\"https:\/\/www.veltec.eu\/nl\/content-paginas\/kirby-stofzakken\/\" \/>\n<meta property=\"og:locale\" content=\"it_IT\" \/>\n<meta property=\"og:type\" content=\"article\" \/>\n<meta property=\"og:title\" content=\"Sacchetti Kirby\" \/>\n<meta property=\"og:description\" content=\"Quali sono i Sacchetti Kirby adatti al mio KIRBY? E come faccio a sapere quale stile (F o S) di sacchetto per la polvere KIRBY sto utilizzando? Dal 2014\" \/>\n<meta property=\"og:url\" content=\"https:\/\/www.veltec.eu\/nl\/content-paginas\/kirby-stofzakken\/\" \/>\n<meta property=\"og:site_name\" content=\"Veltec Kirby specialist\" \/>\n<meta property=\"article:publisher\" content=\"https:\/\/www.facebook.com\/Veltec-Kirby-Specialist-236746293374877\/\" \/>\n<meta property=\"article:modified_time\" content=\"2025-06-10T13:53:01+00:00\" \/>\n<meta property=\"og:image\" content=\"https:\/\/www.veltec.eu\/wp-content\/uploads\/2018\/10\/2-en3-Scrolpagina-Kirby-stofzuigerzakken.jpg\" \/>\n\t<meta property=\"og:image:width\" content=\"500\" \/>\n\t<meta property=\"og:image:height\" content=\"303\" \/>\n\t<meta property=\"og:image:type\" content=\"image\/jpeg\" \/>\n<meta name=\"twitter:card\" content=\"summary_large_image\" \/>\n<meta name=\"twitter:label1\" content=\"Tempo di lettura stimato\" \/>\n\t<meta name=\"twitter:data1\" content=\"6 minuti\" \/>\n<script type=\"application\/ld+json\" class=\"yoast-schema-graph\">{\"@context\":\"https:\/\/schema.org\",\"@graph\":[{\"@type\":\"WebPage\",\"@id\":\"https:\/\/www.veltec.eu\/nl\/content-paginas\/kirby-stofzakken\/\",\"url\":\"https:\/\/www.veltec.eu\/nl\/content-paginas\/kirby-stofzakken\/\",\"name\":\"Sacchetti Kirby - Specialista Veltec Kirby\",\"isPartOf\":{\"@id\":\"https:\/\/www.veltec.eu\/en\/#website\"},\"primaryImageOfPage\":{\"@id\":\"https:\/\/www.veltec.eu\/nl\/content-paginas\/kirby-stofzakken\/#primaryimage\"},\"image\":{\"@id\":\"https:\/\/www.veltec.eu\/nl\/content-paginas\/kirby-stofzakken\/#primaryimage\"},\"thumbnailUrl\":\"https:\/\/www.veltec.eu\/wp-content\/uploads\/2018\/10\/2-en3-Scrolpagina-Kirby-stofzuigerzakken.jpg\",\"datePublished\":\"2024-08-13T06:22:35+00:00\",\"dateModified\":\"2025-06-10T13:53:01+00:00\",\"description\":\"Sacchetti Kirby. Quali sacchetti sono adatti al mio KIRBY? Come faccio a sapere di quale sacchetto per aspirapolvere ho bisogno?\",\"breadcrumb\":{\"@id\":\"https:\/\/www.veltec.eu\/nl\/content-paginas\/kirby-stofzakken\/#breadcrumb\"},\"inLanguage\":\"it-IT\",\"potentialAction\":[{\"@type\":\"ReadAction\",\"target\":[\"https:\/\/www.veltec.eu\/nl\/content-paginas\/kirby-stofzakken\/\"]}]},{\"@type\":\"ImageObject\",\"inLanguage\":\"it-IT\",\"@id\":\"https:\/\/www.veltec.eu\/nl\/content-paginas\/kirby-stofzakken\/#primaryimage\",\"url\":\"https:\/\/www.veltec.eu\/wp-content\/uploads\/2018\/10\/2-en3-Scrolpagina-Kirby-stofzuigerzakken.jpg\",\"contentUrl\":\"https:\/\/www.veltec.eu\/wp-content\/uploads\/2018\/10\/2-en3-Scrolpagina-Kirby-stofzuigerzakken.jpg\"},{\"@type\":\"BreadcrumbList\",\"@id\":\"https:\/\/www.veltec.eu\/nl\/content-paginas\/kirby-stofzakken\/#breadcrumb\",\"itemListElement\":[{\"@type\":\"ListItem\",\"position\":1,\"name\":\"Home\",\"item\":\"https:\/\/www.veltec.eu\/it\/\"},{\"@type\":\"ListItem\",\"position\":2,\"name\":\"Sacchetti Kirby\"}]},{\"@type\":\"WebSite\",\"@id\":\"https:\/\/www.veltec.eu\/en\/#website\",\"url\":\"https:\/\/www.veltec.eu\/en\/\",\"name\":\"Veltec Kirby specialist\",\"description\":\"Kirby stofzuiger producten\",\"publisher\":{\"@id\":\"https:\/\/www.veltec.eu\/en\/#organization\"},\"potentialAction\":[{\"@type\":\"SearchAction\",\"target\":{\"@type\":\"EntryPoint\",\"urlTemplate\":\"https:\/\/www.veltec.eu\/en\/?s={search_term_string}\"},\"query-input\":{\"@type\":\"PropertyValueSpecification\",\"valueRequired\":true,\"valueName\":\"search_term_string\"}}],\"inLanguage\":\"it-IT\"},{\"@type\":\"Organization\",\"@id\":\"https:\/\/www.veltec.eu\/en\/#organization\",\"name\":\"Veltec Kirby Specialist\",\"url\":\"https:\/\/www.veltec.eu\/en\/\",\"logo\":{\"@type\":\"ImageObject\",\"inLanguage\":\"it-IT\",\"@id\":\"https:\/\/www.veltec.eu\/en\/#\/schema\/logo\/image\/\",\"url\":\"https:\/\/www.veltec.eu\/wp-content\/uploads\/2021\/12\/Veltec-log-groot-e1537260889125.png\",\"contentUrl\":\"https:\/\/www.veltec.eu\/wp-content\/uploads\/2021\/12\/Veltec-log-groot-e1537260889125.png\",\"width\":200,\"height\":60,\"caption\":\"Veltec Kirby Specialist\"},\"image\":{\"@id\":\"https:\/\/www.veltec.eu\/en\/#\/schema\/logo\/image\/\"},\"sameAs\":[\"https:\/\/www.facebook.com\/Veltec-Kirby-Specialist-236746293374877\/\",\"https:\/\/www.youtube.com\/user\/VeltecService\"]}]}<\/script>\n<!-- \/ Yoast SEO Premium plugin. -->","yoast_head_json":{"title":"Sacchetti Kirby - Specialista Veltec Kirby","description":"Sacchetti Kirby. Quali sacchetti sono adatti al mio KIRBY? Come faccio a sapere di quale sacchetto per aspirapolvere ho bisogno?","robots":{"index":"index","follow":"follow","max-snippet":"max-snippet:-1","max-image-preview":"max-image-preview:large","max-video-preview":"max-video-preview:-1"},"canonical":"https:\/\/www.veltec.eu\/nl\/content-paginas\/kirby-stofzakken\/","og_locale":"it_IT","og_type":"article","og_title":"Sacchetti Kirby","og_description":"Quali sono i Sacchetti Kirby adatti al mio KIRBY? E come faccio a sapere quale stile (F o S) di sacchetto per la polvere KIRBY sto utilizzando? Dal 2014","og_url":"https:\/\/www.veltec.eu\/nl\/content-paginas\/kirby-stofzakken\/","og_site_name":"Veltec Kirby specialist","article_publisher":"https:\/\/www.facebook.com\/Veltec-Kirby-Specialist-236746293374877\/","article_modified_time":"2025-06-10T13:53:01+00:00","og_image":[{"width":500,"height":303,"url":"https:\/\/www.veltec.eu\/wp-content\/uploads\/2018\/10\/2-en3-Scrolpagina-Kirby-stofzuigerzakken.jpg","type":"image\/jpeg"}],"twitter_card":"summary_large_image","twitter_misc":{"Tempo di lettura stimato":"6 minuti"},"schema":{"@context":"https:\/\/schema.org","@graph":[{"@type":"WebPage","@id":"https:\/\/www.veltec.eu\/nl\/content-paginas\/kirby-stofzakken\/","url":"https:\/\/www.veltec.eu\/nl\/content-paginas\/kirby-stofzakken\/","name":"Sacchetti Kirby - Specialista Veltec Kirby","isPartOf":{"@id":"https:\/\/www.veltec.eu\/en\/#website"},"primaryImageOfPage":{"@id":"https:\/\/www.veltec.eu\/nl\/content-paginas\/kirby-stofzakken\/#primaryimage"},"image":{"@id":"https:\/\/www.veltec.eu\/nl\/content-paginas\/kirby-stofzakken\/#primaryimage"},"thumbnailUrl":"https:\/\/www.veltec.eu\/wp-content\/uploads\/2018\/10\/2-en3-Scrolpagina-Kirby-stofzuigerzakken.jpg","datePublished":"2024-08-13T06:22:35+00:00","dateModified":"2025-06-10T13:53:01+00:00","description":"Sacchetti Kirby. Quali sacchetti sono adatti al mio KIRBY? Come faccio a sapere di quale sacchetto per aspirapolvere ho bisogno?","breadcrumb":{"@id":"https:\/\/www.veltec.eu\/nl\/content-paginas\/kirby-stofzakken\/#breadcrumb"},"inLanguage":"it-IT","potentialAction":[{"@type":"ReadAction","target":["https:\/\/www.veltec.eu\/nl\/content-paginas\/kirby-stofzakken\/"]}]},{"@type":"ImageObject","inLanguage":"it-IT","@id":"https:\/\/www.veltec.eu\/nl\/content-paginas\/kirby-stofzakken\/#primaryimage","url":"https:\/\/www.veltec.eu\/wp-content\/uploads\/2018\/10\/2-en3-Scrolpagina-Kirby-stofzuigerzakken.jpg","contentUrl":"https:\/\/www.veltec.eu\/wp-content\/uploads\/2018\/10\/2-en3-Scrolpagina-Kirby-stofzuigerzakken.jpg"},{"@type":"BreadcrumbList","@id":"https:\/\/www.veltec.eu\/nl\/content-paginas\/kirby-stofzakken\/#breadcrumb","itemListElement":[{"@type":"ListItem","position":1,"name":"Home","item":"https:\/\/www.veltec.eu\/it\/"},{"@type":"ListItem","position":2,"name":"Sacchetti Kirby"}]},{"@type":"WebSite","@id":"https:\/\/www.veltec.eu\/en\/#website","url":"https:\/\/www.veltec.eu\/en\/","name":"Veltec Kirby specialist","description":"Kirby stofzuiger producten","publisher":{"@id":"https:\/\/www.veltec.eu\/en\/#organization"},"potentialAction":[{"@type":"SearchAction","target":{"@type":"EntryPoint","urlTemplate":"https:\/\/www.veltec.eu\/en\/?s={search_term_string}"},"query-input":{"@type":"PropertyValueSpecification","valueRequired":true,"valueName":"search_term_string"}}],"inLanguage":"it-IT"},{"@type":"Organization","@id":"https:\/\/www.veltec.eu\/en\/#organization","name":"Veltec Kirby Specialist","url":"https:\/\/www.veltec.eu\/en\/","logo":{"@type":"ImageObject","inLanguage":"it-IT","@id":"https:\/\/www.veltec.eu\/en\/#\/schema\/logo\/image\/","url":"https:\/\/www.veltec.eu\/wp-content\/uploads\/2021\/12\/Veltec-log-groot-e1537260889125.png","contentUrl":"https:\/\/www.veltec.eu\/wp-content\/uploads\/2021\/12\/Veltec-log-groot-e1537260889125.png","width":200,"height":60,"caption":"Veltec Kirby Specialist"},"image":{"@id":"https:\/\/www.veltec.eu\/en\/#\/schema\/logo\/image\/"},"sameAs":["https:\/\/www.facebook.com\/Veltec-Kirby-Specialist-236746293374877\/","https:\/\/www.youtube.com\/user\/VeltecService"]}]}},"_links":{"self":[{"href":"https:\/\/www.veltec.eu\/it\/wp-json\/wp\/v2\/pages\/64958","targetHints":{"allow":["GET"]}}],"collection":[{"href":"https:\/\/www.veltec.eu\/it\/wp-json\/wp\/v2\/pages"}],"about":[{"href":"https:\/\/www.veltec.eu\/it\/wp-json\/wp\/v2\/types\/page"}],"author":[{"embeddable":true,"href":"https:\/\/www.veltec.eu\/it\/wp-json\/wp\/v2\/users\/1"}],"replies":[{"embeddable":true,"href":"https:\/\/www.veltec.eu\/it\/wp-json\/wp\/v2\/comments?post=64958"}],"version-history":[{"count":2,"href":"https:\/\/www.veltec.eu\/it\/wp-json\/wp\/v2\/pages\/64958\/revisions"}],"predecessor-version":[{"id":80124,"href":"https:\/\/www.veltec.eu\/it\/wp-json\/wp\/v2\/pages\/64958\/revisions\/80124"}],"wp:attachment":[{"href":"https:\/\/www.veltec.eu\/it\/wp-json\/wp\/v2\/media?parent=64958"}],"curies":[{"name":"wp","href":"https:\/\/api.w.org\/{rel}","templated":true}]}}