{"id":63137,"date":"2024-08-02T10:31:15","date_gmt":"2024-08-02T08:31:15","guid":{"rendered":"https:\/\/www.veltec.eu\/ricambi-kirby-usati\/"},"modified":"2025-06-10T15:40:16","modified_gmt":"2025-06-10T13:40:16","slug":"ricambi-kirby-usati","status":"publish","type":"page","link":"https:\/\/www.veltec.eu\/it\/ricambi-kirby-usati\/","title":{"rendered":"Ricambi Kirby usati"},"content":{"rendered":"<h1>Ricambi Kirby usati<\/h1>\n<p>Il vostro sistema Kirby dovrebbe durare tutta la vita. Con i giusti accessori e la giusta cura, il vostro sistema funzioner\u00e0 come nuovo, anche dopo anni di utilizzo. Quando una parte si rompe o smette di funzionare correttamente, offriamo tutti i ricambi Kirby usati di cui avete bisogno. Ecco alcune parti di ricambio essenziali per l&#8217;aspirapolvere usate e le parti di ricambio di cui avete bisogno. Il vostro sistema Kirby dovrebbe durare tutta la vita. Con una corretta manutenzione e cura, il vostro sistema funzioner\u00e0 come nuovo, anche dopo anni di utilizzo. Quando una parte Kirby si rompe o smette di funzionare correttamente, offriamo tutte le parti di ricambio per aspirapolvere Kirby di cui avete bisogno, comprese le sostituzioni dei sacchetti per aspirapolvere Kirby e i rulli spazzola.<\/p>\n<p>Per proteggere la durata del sistema Kirby e garantire buoni risultati di pulizia, utilizzare solo ricambi originali Kirby.<\/p>\n<h4><img decoding=\"async\" class=\"alignnone wp-image-41644 size-medium\" src=\"https:\/\/www.veltec.eu\/wp-content\/uploads\/2021\/07\/Kirby-voor-transport-300x266.jpg\" alt=\"Ricambi Kirby usati\" width=\"300\" height=\"266\" srcset=\"https:\/\/www.veltec.eu\/wp-content\/uploads\/2021\/07\/Kirby-voor-transport-300x266.jpg 300w, https:\/\/www.veltec.eu\/wp-content\/uploads\/2021\/07\/Kirby-voor-transport.jpg 459w\" sizes=\"(max-width: 300px) 100vw, 300px\" \/><\/h4>\n<h3>Come si usano i Ricambi Kirby usati<\/h3>\n<p>Kirby ha una solida reputazione come uno degli aspirapolvere pi\u00f9 affidabili sul mercato. Anche se gran parte del suo fascino deriva dai risultati di pulizia profonda. L&#8217;aspirapolvere \u00e8 amato anche per la sua pletora di accessori e parti che rendono pi\u00f9 facile la pulizia di una variet\u00e0 di aree difficili da raggiungere.<\/p>\n<p>Se non si ha familiarit\u00e0 con i ricambi Kirby, possono sembrare complicati da usare. Con un po&#8217; di guida e di pratica, si pu\u00f2 facilmente imparare a usare questi pratici accessori. E utilizzarli nelle vostre pulizie quotidiane. Continuate a leggere per sapere come usare i ricambi Kirby:<\/p>\n<h3>Scollegare la macchina<\/h3>\n<p>Prima di utilizzare gli accessori di un aspirapolvere Kirby, assicuratevi che la spina sia staccata dalla presa. E che il pulsante di accensione\/spegnimento sia spento. La sicurezza \u00e8 fondamentale e se non si adottano semplici misure di sicurezza, si pu\u00f2 essere in pericolo.<\/p>\n<h3>Collegare il tubo flessibile dell&#8217;aspirapolvere Kirby<\/h3>\n<p>La maggior parte dei ricambi Kirby utilizza il tubo flessibile, che consente di raggiungere ogni angolo e fessura. Questo pu\u00f2 fare la differenza tra una pulizia mediocre e una stanza immacolata.<\/p>\n<p>Per collegare il tubo flessibile alla parte anteriore dell&#8217;apparecchio Kirby, rimuovere la bocchetta di aspirazione a battuta larga Kirby. Sollevare il coperchio della testata e rimuovere l&#8217;ugello a battuta larga ruotando la leva della cinghia in senso antiorario.<\/p>\n<p>Lo stesso procedimento utilizzato per fissare l&#8217;ugello della testa all&#8217;apparecchio pu\u00f2 essere utilizzato per fissare il tubo flessibile. Posizionare i ganci del tubo sulla barra nella parte anteriore dell&#8217;apparecchio, quindi bloccarlo in posizione.<\/p>\n<h3>Sfruttare le diverse parti Kirby utilizzate<\/h3>\n<p>Per gli aspirapolvere Kirby sono disponibili diversi accessori per il tubo flessibile, ognuno dei quali ha un utilizzo particolare in casa. Tutti possono essere collegati al tubo con una semplice spinta e una leggera rotazione.<\/p>\n<p>Una variet\u00e0 di accessori per aspirapolvere Kirby pu\u00f2 essere utile in diverse situazioni, ma la maggior parte degli utenti concorda sul fatto che i seguenti sono i pi\u00f9 utili:<\/p>\n<h3>Parti Ricambi Kirby usati<\/h3>\n<p><strong>Tubo di prolunga Kirby<\/strong><\/p>\n<p><a href=\"https:\/\/www.veltec.eu\/nl\/product\/kirby-verlengbuis-nl3131\/\"><img decoding=\"async\" class=\"alignnone wp-image-47923 size-full\" src=\"https:\/\/www.veltec.eu\/wp-content\/uploads\/2022\/03\/verleng_1x_kopie.jpg\" alt=\"Tubo di prolunga Kirby\" width=\"300\" height=\"300\" srcset=\"https:\/\/www.veltec.eu\/wp-content\/uploads\/2022\/03\/verleng_1x_kopie.jpg 300w, https:\/\/www.veltec.eu\/wp-content\/uploads\/2022\/03\/verleng_1x_kopie-80x80.jpg 80w, https:\/\/www.veltec.eu\/wp-content\/uploads\/2022\/03\/verleng_1x_kopie-36x36.jpg 36w, https:\/\/www.veltec.eu\/wp-content\/uploads\/2022\/03\/verleng_1x_kopie-180x180.jpg 180w, https:\/\/www.veltec.eu\/wp-content\/uploads\/2022\/03\/verleng_1x_kopie-100x100.jpg 100w\" sizes=\"(max-width: 300px) 100vw, 300px\" \/><\/a><\/p>\n<p>Conoscendo la difficolt\u00e0 di raggiungere i punti pi\u00f9 alti e difficili da raggiungere, abbiamo creato la possibilit\u00e0 di collegare fino a due tubi di prolunga. Questo \u00e8 perfetto per pulire tende alte, angoli polverosi del soffitto e sotto lunghi tavoli da salotto o tavolini.<\/p>\n<p><strong>Spazzola Kirby Dusting<\/strong><\/p>\n<p><a href=\"https:\/\/www.veltec.eu\/nl\/product\/kirby-afstofborstel-nl3021\/\"><img decoding=\"async\" class=\"alignnone wp-image-47904 size-medium\" src=\"https:\/\/www.veltec.eu\/wp-content\/uploads\/2022\/03\/9200000113169269-1-300x300.jpg\" alt=\"Spazzola Kirby Dusting\" width=\"300\" height=\"300\" srcset=\"https:\/\/www.veltec.eu\/wp-content\/uploads\/2022\/03\/9200000113169269-1-300x300.jpg 300w, https:\/\/www.veltec.eu\/wp-content\/uploads\/2022\/03\/9200000113169269-1-80x80.jpg 80w, https:\/\/www.veltec.eu\/wp-content\/uploads\/2022\/03\/9200000113169269-1-36x36.jpg 36w, https:\/\/www.veltec.eu\/wp-content\/uploads\/2022\/03\/9200000113169269-1-180x180.jpg 180w, https:\/\/www.veltec.eu\/wp-content\/uploads\/2022\/03\/9200000113169269-1-100x100.jpg 100w, https:\/\/www.veltec.eu\/wp-content\/uploads\/2022\/03\/9200000113169269-1.jpg 531w\" sizes=\"(max-width: 300px) 100vw, 300px\" \/><\/a><\/p>\n<p>Mobili in legno duro, scaffali di libri o altri oggetti polverosi in casa possono essere puliti con la spazzola per spolverare Kirby. Semplice ed efficace, \u00e8 da tempo uno degli accessori Kirby pi\u00f9 affidabili.<\/p>\n<p><strong>Bocchetta per mobili Kirby<\/strong><\/p>\n<p>Questo accessorio \u00e8 perfetto per l&#8217;interno dell&#8217;auto, dove gli automobilisti lo utilizzano per pulire la tappezzeria difficile da pulire. La bocchetta per mobili Kirby \u00e8 anche un&#8217;ottima opzione per divani, gradini delle scale e mobili imbottiti.<\/p>\n<p><strong>Spazzola per battiscopa Kirby<\/strong><\/p>\n<p>Aspirate tutto ci\u00f2 che si trova tra i cuscini del divano o raggiungete i punti pi\u00f9 difficili con la spazzola per zoccoli Kirby. L&#8217;esclusiva natura flessibile di questo accessorio rende facile pulire ogni centimetro che altrimenti verrebbe trascurato.<\/p>\n<h3>Utilizzate il Kirby come soffiatore o pompa<\/h3>\n<p>Non solo un aspirapolvere Kirby pu\u00f2 aspirare molti tipi di sporco, ma pu\u00f2 anche essere utilizzato per pulire le superfici soffiando aria. Con il beccuccio del soffiatore Kirby, questo pu\u00f2 essere un metodo sorprendentemente efficace per soffiare cose come letti ad aria e persino pulire le tastiere del computer.<\/p>\n<p>Trasformare il Kirby in un soffiatore \u00e8 semplice. Si inizia rimuovendo l&#8217;ugello del soffiatore e sostituendolo con il cappuccio di protezione del soffiatore Kirby. Fissare il cappuccio all&#8217;unit\u00e0 come per il montaggio dell&#8217;ugello del soffiatore.<\/p>\n<p>Il passo successivo? Rimuovere il sacco esterno. In fin dei conti non \u00e8 necessario, perch\u00e9 non viene aspirato nulla nel sacco. Infine, collegare il tubo di attacco alla porta di uscita dell&#8217;aria. \u00c8 sufficiente allineare le frecce e girare il tubo in posizione in Kirby Nederland.<\/p>\n<h3>Utilizzare lo spruzzatore portatile e la pistola per shampoo Kirby parts<\/h3>\n<p>Una volta impostato come soffiatore, il Kirby pu\u00f2 utilizzare la potenza di due pratici accessori: la pistola per shampoo Kirby e l&#8217;ugello per soffiare. Entrambi gli accessori possono essere collegati al tubo flessibile dell&#8217;accessorio nello stesso modo in cui vengono utilizzati i normali ricambi Kirby.<\/p>\n<h3>Rimozione delle Ricambi Kirby usati<\/h3>\n<p>Una volta terminato il lavoro di pulizia, \u00e8 possibile rimuovere ogni accessorio con un semplice movimento di rotazione e trazione. Assicurarsi di riporre tutti gli accessori Kirby nello stesso posto, in modo da non perderli la volta successiva.<\/p>\n<p>Padroneggiare l&#8217;arte di usare i ricambi Kirby usati<\/p>\n<p>Potrebbero essere necessari alcuni tentativi ed errori, ma presto si scoprir\u00e0 che i ricambi Kirby usati sono facili da usare. Possono fare la differenza durante le pulizie, quindi non esitate a farne pieno uso.<\/p>\n","protected":false},"excerpt":{"rendered":"<p>Ricambi Kirby usati Il vostro sistema Kirby dovrebbe durare tutta la vita. Con i giusti accessori e la giusta cura, il vostro sistema funzioner\u00e0 come nuovo, anche dopo anni di utilizzo. Quando una parte si rompe o smette di funzionare correttamente, offriamo tutti i ricambi Kirby usati di cui avete bisogno. Ecco alcune parti di [&hellip;]<\/p>\n","protected":false},"author":1,"featured_media":0,"parent":0,"menu_order":0,"comment_status":"closed","ping_status":"closed","template":"","meta":{"_acf_changed":false,"footnotes":""},"class_list":["post-63137","page","type-page","status-publish","hentry"],"acf":[],"yoast_head":"<!-- This site is optimized with the Yoast SEO Premium plugin v27.1 (Yoast SEO v27.4) - https:\/\/yoast.com\/product\/yoast-seo-premium-wordpress\/ -->\n<title>Ricambi Kirby usati - Specialista Veltec Kirby<\/title>\n<meta name=\"description\" content=\"Ricambi Kirby usati. Veltec \u00e8 fornitore di ricambi Kirby usati da oltre 25 anni. Ed \u00e8 il vostro specialista di fiducia per l&#039;assistenza Kirby.\" \/>\n<meta name=\"robots\" content=\"index, follow, max-snippet:-1, max-image-preview:large, max-video-preview:-1\" \/>\n<link rel=\"canonical\" href=\"https:\/\/www.veltec.eu\/nl\/content-paginas\/kirby-onderdelen-gebruikt\/\" \/>\n<meta property=\"og:locale\" content=\"it_IT\" \/>\n<meta property=\"og:type\" content=\"article\" \/>\n<meta property=\"og:title\" content=\"Ricambi Kirby usati\" \/>\n<meta property=\"og:description\" content=\"Ricambi Kirby usati Il vostro sistema Kirby dovrebbe durare tutta la vita. Con i giusti accessori e la giusta cura, il vostro sistema funzioner\u00e0 come\" \/>\n<meta property=\"og:url\" content=\"https:\/\/www.veltec.eu\/nl\/content-paginas\/kirby-onderdelen-gebruikt\/\" \/>\n<meta property=\"og:site_name\" content=\"Veltec Kirby specialist\" \/>\n<meta property=\"article:publisher\" content=\"https:\/\/www.facebook.com\/Veltec-Kirby-Specialist-236746293374877\/\" \/>\n<meta property=\"article:modified_time\" content=\"2025-06-10T13:40:16+00:00\" \/>\n<meta property=\"og:image\" content=\"https:\/\/www.veltec.eu\/wp-content\/uploads\/2021\/07\/Kirby-voor-transport.jpg\" \/>\n\t<meta property=\"og:image:width\" content=\"459\" \/>\n\t<meta property=\"og:image:height\" content=\"407\" \/>\n\t<meta property=\"og:image:type\" content=\"image\/jpeg\" \/>\n<meta name=\"twitter:card\" content=\"summary_large_image\" \/>\n<meta name=\"twitter:label1\" content=\"Tempo di lettura stimato\" \/>\n\t<meta name=\"twitter:data1\" content=\"6 minuti\" \/>\n<script type=\"application\/ld+json\" class=\"yoast-schema-graph\">{\"@context\":\"https:\\\/\\\/schema.org\",\"@graph\":[{\"@type\":\"WebPage\",\"@id\":\"https:\\\/\\\/www.veltec.eu\\\/nl\\\/content-paginas\\\/kirby-onderdelen-gebruikt\\\/\",\"url\":\"https:\\\/\\\/www.veltec.eu\\\/nl\\\/content-paginas\\\/kirby-onderdelen-gebruikt\\\/\",\"name\":\"Ricambi Kirby usati - Specialista Veltec Kirby\",\"isPartOf\":{\"@id\":\"https:\\\/\\\/www.veltec.eu\\\/en\\\/#website\"},\"primaryImageOfPage\":{\"@id\":\"https:\\\/\\\/www.veltec.eu\\\/nl\\\/content-paginas\\\/kirby-onderdelen-gebruikt\\\/#primaryimage\"},\"image\":{\"@id\":\"https:\\\/\\\/www.veltec.eu\\\/nl\\\/content-paginas\\\/kirby-onderdelen-gebruikt\\\/#primaryimage\"},\"thumbnailUrl\":\"https:\\\/\\\/www.veltec.eu\\\/wp-content\\\/uploads\\\/2021\\\/07\\\/Kirby-voor-transport-300x266.jpg\",\"datePublished\":\"2024-08-02T08:31:15+00:00\",\"dateModified\":\"2025-06-10T13:40:16+00:00\",\"description\":\"Ricambi Kirby usati. Veltec \u00e8 fornitore di ricambi Kirby usati da oltre 25 anni. Ed \u00e8 il vostro specialista di fiducia per l'assistenza Kirby.\",\"breadcrumb\":{\"@id\":\"https:\\\/\\\/www.veltec.eu\\\/nl\\\/content-paginas\\\/kirby-onderdelen-gebruikt\\\/#breadcrumb\"},\"inLanguage\":\"it-IT\",\"potentialAction\":[{\"@type\":\"ReadAction\",\"target\":[\"https:\\\/\\\/www.veltec.eu\\\/nl\\\/content-paginas\\\/kirby-onderdelen-gebruikt\\\/\"]}]},{\"@type\":\"ImageObject\",\"inLanguage\":\"it-IT\",\"@id\":\"https:\\\/\\\/www.veltec.eu\\\/nl\\\/content-paginas\\\/kirby-onderdelen-gebruikt\\\/#primaryimage\",\"url\":\"https:\\\/\\\/www.veltec.eu\\\/wp-content\\\/uploads\\\/2021\\\/07\\\/Kirby-voor-transport-300x266.jpg\",\"contentUrl\":\"https:\\\/\\\/www.veltec.eu\\\/wp-content\\\/uploads\\\/2021\\\/07\\\/Kirby-voor-transport-300x266.jpg\"},{\"@type\":\"BreadcrumbList\",\"@id\":\"https:\\\/\\\/www.veltec.eu\\\/nl\\\/content-paginas\\\/kirby-onderdelen-gebruikt\\\/#breadcrumb\",\"itemListElement\":[{\"@type\":\"ListItem\",\"position\":1,\"name\":\"Home\",\"item\":\"https:\\\/\\\/www.veltec.eu\\\/it\\\/\"},{\"@type\":\"ListItem\",\"position\":2,\"name\":\"Ricambi Kirby usati\"}]},{\"@type\":\"WebSite\",\"@id\":\"https:\\\/\\\/www.veltec.eu\\\/en\\\/#website\",\"url\":\"https:\\\/\\\/www.veltec.eu\\\/en\\\/\",\"name\":\"Veltec Kirby specialist\",\"description\":\"Kirby stofzuiger producten\",\"publisher\":{\"@id\":\"https:\\\/\\\/www.veltec.eu\\\/en\\\/#organization\"},\"potentialAction\":[{\"@type\":\"SearchAction\",\"target\":{\"@type\":\"EntryPoint\",\"urlTemplate\":\"https:\\\/\\\/www.veltec.eu\\\/en\\\/?s={search_term_string}\"},\"query-input\":{\"@type\":\"PropertyValueSpecification\",\"valueRequired\":true,\"valueName\":\"search_term_string\"}}],\"inLanguage\":\"it-IT\"},{\"@type\":\"Organization\",\"@id\":\"https:\\\/\\\/www.veltec.eu\\\/en\\\/#organization\",\"name\":\"Veltec Kirby Specialist\",\"url\":\"https:\\\/\\\/www.veltec.eu\\\/en\\\/\",\"logo\":{\"@type\":\"ImageObject\",\"inLanguage\":\"it-IT\",\"@id\":\"https:\\\/\\\/www.veltec.eu\\\/en\\\/#\\\/schema\\\/logo\\\/image\\\/\",\"url\":\"https:\\\/\\\/www.veltec.eu\\\/wp-content\\\/uploads\\\/2021\\\/12\\\/Veltec-log-groot-e1537260889125.png\",\"contentUrl\":\"https:\\\/\\\/www.veltec.eu\\\/wp-content\\\/uploads\\\/2021\\\/12\\\/Veltec-log-groot-e1537260889125.png\",\"width\":200,\"height\":60,\"caption\":\"Veltec Kirby Specialist\"},\"image\":{\"@id\":\"https:\\\/\\\/www.veltec.eu\\\/en\\\/#\\\/schema\\\/logo\\\/image\\\/\"},\"sameAs\":[\"https:\\\/\\\/www.facebook.com\\\/Veltec-Kirby-Specialist-236746293374877\\\/\",\"https:\\\/\\\/www.youtube.com\\\/user\\\/VeltecService\"]}]}<\/script>\n<!-- \/ Yoast SEO Premium plugin. -->","yoast_head_json":{"title":"Ricambi Kirby usati - Specialista Veltec Kirby","description":"Ricambi Kirby usati. Veltec \u00e8 fornitore di ricambi Kirby usati da oltre 25 anni. Ed \u00e8 il vostro specialista di fiducia per l'assistenza Kirby.","robots":{"index":"index","follow":"follow","max-snippet":"max-snippet:-1","max-image-preview":"max-image-preview:large","max-video-preview":"max-video-preview:-1"},"canonical":"https:\/\/www.veltec.eu\/nl\/content-paginas\/kirby-onderdelen-gebruikt\/","og_locale":"it_IT","og_type":"article","og_title":"Ricambi Kirby usati","og_description":"Ricambi Kirby usati Il vostro sistema Kirby dovrebbe durare tutta la vita. Con i giusti accessori e la giusta cura, il vostro sistema funzioner\u00e0 come","og_url":"https:\/\/www.veltec.eu\/nl\/content-paginas\/kirby-onderdelen-gebruikt\/","og_site_name":"Veltec Kirby specialist","article_publisher":"https:\/\/www.facebook.com\/Veltec-Kirby-Specialist-236746293374877\/","article_modified_time":"2025-06-10T13:40:16+00:00","og_image":[{"width":459,"height":407,"url":"https:\/\/www.veltec.eu\/wp-content\/uploads\/2021\/07\/Kirby-voor-transport.jpg","type":"image\/jpeg"}],"twitter_card":"summary_large_image","twitter_misc":{"Tempo di lettura stimato":"6 minuti"},"schema":{"@context":"https:\/\/schema.org","@graph":[{"@type":"WebPage","@id":"https:\/\/www.veltec.eu\/nl\/content-paginas\/kirby-onderdelen-gebruikt\/","url":"https:\/\/www.veltec.eu\/nl\/content-paginas\/kirby-onderdelen-gebruikt\/","name":"Ricambi Kirby usati - Specialista Veltec Kirby","isPartOf":{"@id":"https:\/\/www.veltec.eu\/en\/#website"},"primaryImageOfPage":{"@id":"https:\/\/www.veltec.eu\/nl\/content-paginas\/kirby-onderdelen-gebruikt\/#primaryimage"},"image":{"@id":"https:\/\/www.veltec.eu\/nl\/content-paginas\/kirby-onderdelen-gebruikt\/#primaryimage"},"thumbnailUrl":"https:\/\/www.veltec.eu\/wp-content\/uploads\/2021\/07\/Kirby-voor-transport-300x266.jpg","datePublished":"2024-08-02T08:31:15+00:00","dateModified":"2025-06-10T13:40:16+00:00","description":"Ricambi Kirby usati. Veltec \u00e8 fornitore di ricambi Kirby usati da oltre 25 anni. Ed \u00e8 il vostro specialista di fiducia per l'assistenza Kirby.","breadcrumb":{"@id":"https:\/\/www.veltec.eu\/nl\/content-paginas\/kirby-onderdelen-gebruikt\/#breadcrumb"},"inLanguage":"it-IT","potentialAction":[{"@type":"ReadAction","target":["https:\/\/www.veltec.eu\/nl\/content-paginas\/kirby-onderdelen-gebruikt\/"]}]},{"@type":"ImageObject","inLanguage":"it-IT","@id":"https:\/\/www.veltec.eu\/nl\/content-paginas\/kirby-onderdelen-gebruikt\/#primaryimage","url":"https:\/\/www.veltec.eu\/wp-content\/uploads\/2021\/07\/Kirby-voor-transport-300x266.jpg","contentUrl":"https:\/\/www.veltec.eu\/wp-content\/uploads\/2021\/07\/Kirby-voor-transport-300x266.jpg"},{"@type":"BreadcrumbList","@id":"https:\/\/www.veltec.eu\/nl\/content-paginas\/kirby-onderdelen-gebruikt\/#breadcrumb","itemListElement":[{"@type":"ListItem","position":1,"name":"Home","item":"https:\/\/www.veltec.eu\/it\/"},{"@type":"ListItem","position":2,"name":"Ricambi Kirby usati"}]},{"@type":"WebSite","@id":"https:\/\/www.veltec.eu\/en\/#website","url":"https:\/\/www.veltec.eu\/en\/","name":"Veltec Kirby specialist","description":"Kirby stofzuiger producten","publisher":{"@id":"https:\/\/www.veltec.eu\/en\/#organization"},"potentialAction":[{"@type":"SearchAction","target":{"@type":"EntryPoint","urlTemplate":"https:\/\/www.veltec.eu\/en\/?s={search_term_string}"},"query-input":{"@type":"PropertyValueSpecification","valueRequired":true,"valueName":"search_term_string"}}],"inLanguage":"it-IT"},{"@type":"Organization","@id":"https:\/\/www.veltec.eu\/en\/#organization","name":"Veltec Kirby Specialist","url":"https:\/\/www.veltec.eu\/en\/","logo":{"@type":"ImageObject","inLanguage":"it-IT","@id":"https:\/\/www.veltec.eu\/en\/#\/schema\/logo\/image\/","url":"https:\/\/www.veltec.eu\/wp-content\/uploads\/2021\/12\/Veltec-log-groot-e1537260889125.png","contentUrl":"https:\/\/www.veltec.eu\/wp-content\/uploads\/2021\/12\/Veltec-log-groot-e1537260889125.png","width":200,"height":60,"caption":"Veltec Kirby Specialist"},"image":{"@id":"https:\/\/www.veltec.eu\/en\/#\/schema\/logo\/image\/"},"sameAs":["https:\/\/www.facebook.com\/Veltec-Kirby-Specialist-236746293374877\/","https:\/\/www.youtube.com\/user\/VeltecService"]}]}},"_links":{"self":[{"href":"https:\/\/www.veltec.eu\/it\/wp-json\/wp\/v2\/pages\/63137","targetHints":{"allow":["GET"]}}],"collection":[{"href":"https:\/\/www.veltec.eu\/it\/wp-json\/wp\/v2\/pages"}],"about":[{"href":"https:\/\/www.veltec.eu\/it\/wp-json\/wp\/v2\/types\/page"}],"author":[{"embeddable":true,"href":"https:\/\/www.veltec.eu\/it\/wp-json\/wp\/v2\/users\/1"}],"replies":[{"embeddable":true,"href":"https:\/\/www.veltec.eu\/it\/wp-json\/wp\/v2\/comments?post=63137"}],"version-history":[{"count":2,"href":"https:\/\/www.veltec.eu\/it\/wp-json\/wp\/v2\/pages\/63137\/revisions"}],"predecessor-version":[{"id":80116,"href":"https:\/\/www.veltec.eu\/it\/wp-json\/wp\/v2\/pages\/63137\/revisions\/80116"}],"wp:attachment":[{"href":"https:\/\/www.veltec.eu\/it\/wp-json\/wp\/v2\/media?parent=63137"}],"curies":[{"name":"wp","href":"https:\/\/api.w.org\/{rel}","templated":true}]}}