{"id":63106,"date":"2024-08-02T08:56:09","date_gmt":"2024-08-02T06:56:09","guid":{"rendered":"https:\/\/www.veltec.eu\/riparazione-kirby\/"},"modified":"2026-04-22T12:57:12","modified_gmt":"2026-04-22T10:57:12","slug":"riparazione-kirby","status":"publish","type":"page","link":"https:\/\/www.veltec.eu\/it\/riparazione-kirby\/","title":{"rendered":"Riparazione Kirby"},"content":{"rendered":"<div  class='flex_column av-mp8lgp-ea68d6f6cc68112500fcc17af4b129b3 av_one_half  avia-builder-el-0  el_before_av_one_half  avia-builder-el-first  first flex_column_div  '     ><section  class='av_textblock_section av-lzbic917-88707bc5f570acc6459e6f9cd5aa4943 '   itemscope=\"itemscope\" itemtype=\"https:\/\/schema.org\/CreativeWork\" ><div class='avia_textblock'  itemprop=\"text\" ><h1>Riparazione Kirby<\/h1>\n<p>Stai cercando una soluzione affidabile per la tua <strong>riparazione Kirby<\/strong>? Allora sei nel posto giusto, perch\u00e9 i nostri specialisti ti assistono in modo rapido e professionale. Inoltre, ci assicuriamo che il tuo aspirapolvere Kirby torni a offrire le prestazioni abituali, cos\u00ec potrai continuare a pulire senza preoccupazioni.<\/p>\n<p>\n<style type=\"text\/css\" data-created_by=\"avia_inline_auto\" id=\"style-css-av-1jc9oyx-bed5ff55890df0397b54db18dbfb88cf\">\n#top .hr.hr-invisible.av-1jc9oyx-bed5ff55890df0397b54db18dbfb88cf{\nheight:10px;\n}\n<\/style>\n<div  class='hr av-1jc9oyx-bed5ff55890df0397b54db18dbfb88cf hr-invisible  avia-builder-el-2  el_before_av_button_big  avia-builder-el-no-sibling '><span class='hr-inner '><span class=\"hr-inner-style\"><\/span><\/span><\/div><br \/>\n<div  class='avia-button-wrap avia-button-center  avia-builder-el-3  el_after_av_hr  el_before_av_hr '>\n<style type=\"text\/css\" data-created_by=\"avia_inline_auto\" id=\"style-css-av-av_button_big-fbc45a25bbe19ea62d841b5eb2893cc5\">\n#top #wrap_all .avia-button.av-av_button_big-fbc45a25bbe19ea62d841b5eb2893cc5{\nbackground-color:#2d5c88;\nborder-color:#2d5c88;\nborder-radius:10px 10px 10px 10px;\ntransition:all 0.4s ease-in-out;\nfont-size:15px;\n}\n#top #wrap_all .avia-button.av-av_button_big-fbc45a25bbe19ea62d841b5eb2893cc5:hover{\ncolor:white;\ntransition:all 0.4s ease-in-out;\n}\n#top #wrap_all .avia-button.av-av_button_big-fbc45a25bbe19ea62d841b5eb2893cc5:hover .avia_button_background{\nborder-radius:10px 10px 10px 10px;\n}\n#top #wrap_all .avia-button.av-av_button_big-fbc45a25bbe19ea62d841b5eb2893cc5:hover .avia-svg-icon svg:first-child{\nfill:white;\nstroke:white;\n}\n<\/style>\n<a href='https:\/\/www.veltec.eu\/it\/servizio-kirby-italia\/' class='avia-font-color-theme-color avia-button avia-button-fullwidth av-av_button_big-fbc45a25bbe19ea62d841b5eb2893cc5 avia-icon_select-yes-left-icon avia-color-custom'   aria-label=\"Servizio Kirby Italia\"><span class='avia_button_icon avia_button_icon_left avia-svg-icon avia-font-svg_entypo-fontello' data-av_svg_icon='info-circled' data-av_iconset='svg_entypo-fontello'><svg version=\"1.1\" xmlns=\"http:\/\/www.w3.org\/2000\/svg\" width=\"29\" height=\"32\" viewBox=\"0 0 29 32\" preserveAspectRatio=\"xMidYMid meet\" aria-labelledby='av-svg-title-1' aria-describedby='av-svg-desc-1' role=\"graphics-symbol\">\n<title id='av-svg-title-1'>Info-circled<\/title>\n<desc id='av-svg-desc-1'>Info-circled<\/desc>\n<path d=\"M14.528 1.28q6.080-0.064 10.432 4.16t4.48 10.304q0.064 6.080-4.192 10.464t-10.336 4.512q-6.080 0.064-10.464-4.192t-4.448-10.336q-0.128-6.080 4.16-10.464t10.368-4.448zM16.192 6.144q-1.344 0-2.080 0.768t-0.736 1.6q-0.064 0.896 0.48 1.408t1.568 0.512q1.216 0 1.952-0.704t0.736-1.728q0-1.856-1.92-1.856zM12.352 25.152q0.96 0 2.688-0.832t3.392-2.496l-0.576-0.768q-1.536 1.152-2.304 1.152-0.448 0-0.128-1.216l1.344-5.12q0.832-3.072-0.704-3.072-0.96 0-2.848 0.928t-3.68 2.4l0.512 0.832q1.664-1.088 2.368-1.088 0.384 0 0 1.088l-1.152 4.864q-0.832 3.328 1.088 3.328z\"><\/path>\n<\/svg><\/span><span class='avia_iconbox_title' >Servizio Kirby Italia<\/span><span class='avia_button_background avia-button avia-button-fullwidth avia-color-theme-color-highlight'><\/span><\/a><\/div><br \/>\n\n<style type=\"text\/css\" data-created_by=\"avia_inline_auto\" id=\"style-css-av-qi45ft-97777a84526baf0b4383c7483ba49f51\">\n#top .hr.hr-invisible.av-qi45ft-97777a84526baf0b4383c7483ba49f51{\nheight:10px;\n}\n<\/style>\n<div  class='hr av-qi45ft-97777a84526baf0b4383c7483ba49f51 hr-invisible  avia-builder-el-4  el_after_av_button_big  avia-builder-el-no-sibling '><span class='hr-inner '><span class=\"hr-inner-style\"><\/span><\/span><\/div><\/p>\n<hr \/>\n<h2>Servizio di riparazione Kirby nei Italia<\/h2>\n<p>Quando scegli una <strong>riparazione Kirby<\/strong>, scegli anche un centro di assistenza autorizzato nei Italia con tecnici esperti. In questo modo puoi contare su un approccio professionale e su un servizio rapido. Inoltre, disponiamo di un ampio magazzino di ricambi Kirby, cos\u00ec le riparazioni vengono solitamente completate entro 3 giorni.<\/p>\n<p>I nostri vantaggi:<\/p>\n<ul>\n<li>Ordinate un pacchetto di spedizione comprensivo di etichetta per il reso a soli \u20ac10,00<\/li>\n<li>Servizio nei Italia<\/li>\n<li>Tempi rapidi (in media 3 giorni)<\/li>\n<li>Ricambi originali disponibili immediatamente<\/li>\n<\/ul>\n<p>Inoltre, i nostri tecnici controllano attentamente ogni apparecchio, cos\u00ec anche i difetti nascosti vengono individuati e risolti subito. In breve: il tuo Kirby \u00e8 in mani sicure da noi.<\/p>\n<\/div><\/section><\/div><div  class='flex_column av-3xdbjd-21c1d70979cef646b936b95cd57572b8 av_one_half  avia-builder-el-5  el_after_av_one_half  el_before_av_one_full  flex_column_div  '     ><p>\n<style type=\"text\/css\" data-created_by=\"avia_inline_auto\" id=\"style-css-av-mo9t8e53-a5e02c39eceae07bb48fe31bda41f835\">\n#top .hr.hr-invisible.av-mo9t8e53-a5e02c39eceae07bb48fe31bda41f835{\nheight:40px;\n}\n<\/style>\n<div  class='hr av-mo9t8e53-a5e02c39eceae07bb48fe31bda41f835 hr-invisible  avia-builder-el-6  el_before_av_image  avia-builder-el-first '><span class='hr-inner '><span class=\"hr-inner-style\"><\/span><\/span><\/div><br \/>\n\n<style type=\"text\/css\" data-created_by=\"avia_inline_auto\" id=\"style-css-av-lzbibq7k-2235a50fd48acdea14c0ad099aabfcc5\">\n.avia-image-container.av-lzbibq7k-2235a50fd48acdea14c0ad099aabfcc5 img.avia_image{\nbox-shadow:none;\n}\n.avia-image-container.av-lzbibq7k-2235a50fd48acdea14c0ad099aabfcc5 .av-image-caption-overlay-center{\ncolor:#ffffff;\n}\n<\/style>\n<div  class='avia-image-container av-lzbibq7k-2235a50fd48acdea14c0ad099aabfcc5 av-styling- avia-align-center  avia-builder-el-7  el_after_av_hr  avia-builder-el-last '   itemprop=\"image\" itemscope=\"itemscope\" itemtype=\"https:\/\/schema.org\/ImageObject\" ><div class=\"avia-image-container-inner\"><div class=\"avia-image-overlay-wrap\"><img decoding=\"async\" fetchpriority=\"high\" class='wp-image-91094 avia-img-lazy-loading-not-91094 avia_image ' src=\"https:\/\/www.veltec.eu\/wp-content\/uploads\/2026\/04\/IMG_8583.png\" alt='Riparazione Kirby' title='Riparazione Kirby'  height=\"436\" width=\"600\"  itemprop=\"thumbnailUrl\" srcset=\"https:\/\/www.veltec.eu\/wp-content\/uploads\/2026\/04\/IMG_8583.png 600w, https:\/\/www.veltec.eu\/wp-content\/uploads\/2026\/04\/IMG_8583-300x218.png 300w, https:\/\/www.veltec.eu\/wp-content\/uploads\/2026\/04\/IMG_8583-450x327.png 450w\" sizes=\"(max-width: 600px) 100vw, 600px\" \/><\/div><\/div><\/div><\/p><\/div><div  class='flex_column av-1xt0mh-44388fc0c2ec2f251e959857aeea2f69 av_one_full  avia-builder-el-8  el_after_av_one_half  el_before_av_one_half  first flex_column_div  column-top-margin'     ><section  class='av_textblock_section av-mo9r3nqn-039ff552c84110875efcf1c7adc35062 '   itemscope=\"itemscope\" itemtype=\"https:\/\/schema.org\/CreativeWork\" ><div class='avia_textblock'  itemprop=\"text\" ><h2>Problemi comuni degli aspirapolvere Kirby<\/h2>\n<p>Sebbene Kirby sia noto per la sua durata, dopo anni di utilizzo possono comunque verificarsi dei guasti. Per questo motivo, una diagnosi rapida \u00e8 essenziale per evitare ulteriori danni.<\/p>\n<h3>Bassa potenza di aspirazione e ostruzioni<\/h3>\n<p><a href=\"https:\/\/www.servizio-aspirapolvere-kirby.it\/il-mio-kirby-non-aspira-piu\/\">Quando il tuo aspirapolvere ha una minore potenza di aspirazione<\/a>, ci\u00f2 pu\u00f2 avere diverse cause. Ad esempio, il sacchetto della polvere potrebbe essere pieno oppure l\u2019ingresso potrebbe essere ostruito. Inoltre, un sacchetto inserito in modo errato pu\u00f2 influire direttamente sulle prestazioni.<\/p>\n<h3>Problemi al motore e alla cinghia<\/h3>\n<p><a href=\"https:\/\/www.servizio-aspirapolvere-kirby.it\/il-mio-kirby-fa-un-rumore-enorme\/\">Se il motore \u00e8 rumoroso,<\/a> \u00e8 consigliabile controllare immediatamente se la spazzola a rullo pu\u00f2 ruotare liberamente. Inoltre, una cinghia di trasmissione usurata pu\u00f2 essere la causa di un funzionamento ridotto. Per questo motivo \u00e8 necessaria una manutenzione tempestiva per evitare danni maggiori.<\/p>\n<hr \/>\n<h2>Manutenzione e diagnosi rapida per la riparazione Kirby<\/h2>\n<p><a href=\"https:\/\/www.veltec.eu\/it\/servizio-kirby-europa-spedisci-da-solo\/\">Una manutenzione regolare previene costose riparazioni<\/a> e prolunga la durata del tuo apparecchio. Per questo motivo consigliamo di far controllare periodicamente il tuo Kirby.<\/p>\n<p>Innanzitutto \u00e8 importante regolare correttamente l\u2019altezza in base al tipo di pavimento. Successivamente \u00e8 necessario verificare che il sacchetto non sia troppo pieno, poich\u00e9 ci\u00f2 influisce direttamente sul flusso d\u2019aria. Inoltre, \u00e8 consigliabile pulire regolarmente la spazzola e l\u2019ingresso.<\/p>\n<p>\u00c8 inoltre fondamentale che i nostri tecnici ispezionino ogni componente. In questo modo i difetti iniziali vengono individuati tempestivamente, garantendo il corretto funzionamento dell\u2019apparecchio.<\/p>\n<hr \/>\n<h2>Servizio di riparazione Servizio di spedizione Kirby<\/h2>\n<p>Con il nostro servizio di Servizio di spedizione Kirby, non \u00e8 necessario trasportare l\u2019apparecchio da soli. In questo modo risparmi tempo e fatica, beneficiando comunque di un\u2019assistenza professionale.<\/p>\n<p>Il nostro servizio include:<\/p>\n<ul>\n<li>Appuntamento a domicilio o sul posto di lavoro<\/li>\n<li>Tecnico completamente formato e assicurato<\/li>\n<li>Diagnosi con sistemi digitali di manutenzione<\/li>\n<li>Visione immediata di ricambi e costi<\/li>\n<\/ul>\n<p>Inoltre, il tecnico dedica tutto il tempo necessario per spiegare chiaramente il problema. In questo modo mantieni il pieno controllo sulla decisione di riparazione.<\/p>\n<\/div><\/section><\/div><div  class='flex_column av-4fcm09-099ab9dbe12eb682152d856d9ba48483 av_one_half  avia-builder-el-10  el_after_av_one_full  el_before_av_one_half  first flex_column_div  column-top-margin'     ><section  class='av_textblock_section av-mo9rt4jc-94505100d68848cfe4dbbe9a53087d52 '   itemscope=\"itemscope\" itemtype=\"https:\/\/schema.org\/CreativeWork\" ><div class='avia_textblock'  itemprop=\"text\" >\n<style type=\"text\/css\" data-created_by=\"avia_inline_auto\" id=\"style-css-av-m22u15-810bdde2dd675a2dd9bd09612238485a\">\n#top .hr.hr-invisible.av-m22u15-810bdde2dd675a2dd9bd09612238485a{\nheight:10px;\n}\n<\/style>\n<div  class='hr av-m22u15-810bdde2dd675a2dd9bd09612238485a hr-invisible  avia-builder-el-12  el_before_av_hr  avia-builder-el-first '><span class='hr-inner '><span class=\"hr-inner-style\"><\/span><\/span><\/div>\n<div data-src=\"https:\/\/cdn.trustindex.io\/loader.js?3c868c3431e2039d33762dc5ba4\"><\/div>\n\n<style type=\"text\/css\" data-created_by=\"avia_inline_auto\" id=\"style-css-av-m22u15-1-757454439128508da5ccee14f4f53d70\">\n#top .hr.hr-invisible.av-m22u15-1-757454439128508da5ccee14f4f53d70{\nheight:25px;\n}\n<\/style>\n<div  class='hr av-m22u15-1-757454439128508da5ccee14f4f53d70 hr-invisible  avia-builder-el-13  el_after_av_hr  avia-builder-el-last '><span class='hr-inner '><span class=\"hr-inner-style\"><\/span><\/span><\/div>\n<\/div><\/section><\/div><div  class='flex_column av-m58fjd-28db83ed535f09913ce0041610711ff3 av_one_half  avia-builder-el-14  el_after_av_one_half  avia-builder-el-last  flex_column_div  column-top-margin'     ><section  class='av_textblock_section av-mo9rtw29-6ef7d8ca6db87ba963a4f475b0930f56 '   itemscope=\"itemscope\" itemtype=\"https:\/\/schema.org\/CreativeWork\" ><div class='avia_textblock'  itemprop=\"text\" ><h2>Riparazione Kirby autorizzata e ricambi originali<\/h2>\n<p>Quando scegli una riparazione Kirby autorizzata, hai la garanzia di ricevere <a href=\"https:\/\/www.veltec.eu\/it\/kirby-parti-ricambio\/\">ricambi Kirby originali<\/a> e riparazioni corrette. Per questo motivo \u00e8 importante utilizzare sempre un centro di assistenza autorizzato.<\/p>\n<p>Inoltre, le officine autorizzate dispongono di documentazione tecnica e informazioni di fabbrica. In questo modo anche i <a href=\"https:\/\/www.veltec.eu\/it\/modello-kirby\/\">modelli<\/a> pi\u00f9 vecchi Kirby possono essere riparati in modo professionale. Inoltre, ci\u00f2 evita la perdita della garanzia a causa di riparazioni non certificate.<\/p>\n<hr \/>\n<h2><a href=\"https:\/\/www.veltec.eu\/it\/contatta\/\">Contatti<\/a> e specialista Veltec Kirby<\/h2>\n<p>Se hai bisogno di assistenza immediata per la tua <strong>riparazione Kirby<\/strong>, puoi contattare lo specialista Veltec Kirby. Inoltre, puoi richiedere un preventivo telefonicamente o via e-mail.<\/p>\n<p>\ud83d\udcde 036-5402040<br \/>\n\u2709\ufe0f <a href=\"mailto:info@veltec.eu\">info@veltec.eu<\/a><br \/>\n\ud83c\udf10 <a href=\"https:\/\/www.veltec.eu\/it\/\">www.veltec.eu<\/a><\/p>\n<p>Infine, ci assicuriamo che il tuo <a href=\"https:\/\/www.veltec.eu\/nl\/kirby-stofzuigers\/\">aspirapolvere Kirby<\/a> torni a funzionare in modo ottimale, cos\u00ec da garantirti nuovamente una pulizia potente e affidabile.<\/p>\n<\/div><\/section><\/div><\/p>\n","protected":false},"excerpt":{"rendered":"","protected":false},"author":1,"featured_media":0,"parent":0,"menu_order":0,"comment_status":"closed","ping_status":"closed","template":"","meta":{"footnotes":""},"class_list":["post-63106","page","type-page","status-publish","hentry"],"yoast_head":"<!-- This site is optimized with the Yoast SEO Premium plugin v27.1 (Yoast SEO v27.4) - https:\/\/yoast.com\/product\/yoast-seo-premium-wordpress\/ -->\n<title>Riparazione Kirby - Specialista Veltec Kirby<\/title>\n<meta name=\"description\" content=\"Riparazione Kirby - Affidate la riparazione del vostro aspirapolvere Kirby a Veltec Kirby Specialist: un servizio rapido e professionale.\" \/>\n<meta name=\"robots\" content=\"index, follow, max-snippet:-1, max-image-preview:large, max-video-preview:-1\" \/>\n<link rel=\"canonical\" href=\"https:\/\/www.veltec.eu\/it\/riparazione-kirby\/\" \/>\n<meta property=\"og:locale\" content=\"it_IT\" \/>\n<meta property=\"og:type\" content=\"article\" \/>\n<meta property=\"og:title\" content=\"Riparazione Kirby\" \/>\n<meta property=\"og:url\" content=\"https:\/\/www.veltec.eu\/it\/riparazione-kirby\/\" \/>\n<meta property=\"og:site_name\" content=\"Veltec Kirby specialist\" \/>\n<meta property=\"article:publisher\" content=\"https:\/\/www.facebook.com\/Veltec-Kirby-Specialist-236746293374877\/\" \/>\n<meta property=\"article:modified_time\" content=\"2026-04-22T10:57:12+00:00\" \/>\n<meta name=\"twitter:card\" content=\"summary_large_image\" \/>\n<meta name=\"twitter:label1\" content=\"Tempo di lettura stimato\" \/>\n\t<meta name=\"twitter:data1\" content=\"4 minuti\" \/>\n<script type=\"application\/ld+json\" class=\"yoast-schema-graph\">{\"@context\":\"https:\\\/\\\/schema.org\",\"@graph\":[{\"@type\":\"WebPage\",\"@id\":\"https:\\\/\\\/www.veltec.eu\\\/it\\\/riparazione-kirby\\\/\",\"url\":\"https:\\\/\\\/www.veltec.eu\\\/it\\\/riparazione-kirby\\\/\",\"name\":\"Riparazione Kirby - Specialista Veltec Kirby\",\"isPartOf\":{\"@id\":\"https:\\\/\\\/www.veltec.eu\\\/en\\\/#website\"},\"datePublished\":\"2024-08-02T06:56:09+00:00\",\"dateModified\":\"2026-04-22T10:57:12+00:00\",\"description\":\"Riparazione Kirby - Affidate la riparazione del vostro aspirapolvere Kirby a Veltec Kirby Specialist: un servizio rapido e professionale.\",\"breadcrumb\":{\"@id\":\"https:\\\/\\\/www.veltec.eu\\\/it\\\/riparazione-kirby\\\/#breadcrumb\"},\"inLanguage\":\"it-IT\",\"potentialAction\":[{\"@type\":\"ReadAction\",\"target\":[\"https:\\\/\\\/www.veltec.eu\\\/it\\\/riparazione-kirby\\\/\"]}]},{\"@type\":\"BreadcrumbList\",\"@id\":\"https:\\\/\\\/www.veltec.eu\\\/it\\\/riparazione-kirby\\\/#breadcrumb\",\"itemListElement\":[{\"@type\":\"ListItem\",\"position\":1,\"name\":\"Home\",\"item\":\"https:\\\/\\\/www.veltec.eu\\\/it\\\/\"},{\"@type\":\"ListItem\",\"position\":2,\"name\":\"Riparazione Kirby\"}]},{\"@type\":\"WebSite\",\"@id\":\"https:\\\/\\\/www.veltec.eu\\\/en\\\/#website\",\"url\":\"https:\\\/\\\/www.veltec.eu\\\/en\\\/\",\"name\":\"Veltec Kirby specialist\",\"description\":\"Kirby stofzuiger producten\",\"publisher\":{\"@id\":\"https:\\\/\\\/www.veltec.eu\\\/en\\\/#organization\"},\"potentialAction\":[{\"@type\":\"SearchAction\",\"target\":{\"@type\":\"EntryPoint\",\"urlTemplate\":\"https:\\\/\\\/www.veltec.eu\\\/en\\\/?s={search_term_string}\"},\"query-input\":{\"@type\":\"PropertyValueSpecification\",\"valueRequired\":true,\"valueName\":\"search_term_string\"}}],\"inLanguage\":\"it-IT\"},{\"@type\":\"Organization\",\"@id\":\"https:\\\/\\\/www.veltec.eu\\\/en\\\/#organization\",\"name\":\"Veltec Kirby Specialist\",\"url\":\"https:\\\/\\\/www.veltec.eu\\\/en\\\/\",\"logo\":{\"@type\":\"ImageObject\",\"inLanguage\":\"it-IT\",\"@id\":\"https:\\\/\\\/www.veltec.eu\\\/en\\\/#\\\/schema\\\/logo\\\/image\\\/\",\"url\":\"https:\\\/\\\/www.veltec.eu\\\/wp-content\\\/uploads\\\/2021\\\/12\\\/Veltec-log-groot-e1537260889125.png\",\"contentUrl\":\"https:\\\/\\\/www.veltec.eu\\\/wp-content\\\/uploads\\\/2021\\\/12\\\/Veltec-log-groot-e1537260889125.png\",\"width\":200,\"height\":60,\"caption\":\"Veltec Kirby Specialist\"},\"image\":{\"@id\":\"https:\\\/\\\/www.veltec.eu\\\/en\\\/#\\\/schema\\\/logo\\\/image\\\/\"},\"sameAs\":[\"https:\\\/\\\/www.facebook.com\\\/Veltec-Kirby-Specialist-236746293374877\\\/\",\"https:\\\/\\\/www.youtube.com\\\/user\\\/VeltecService\"]}]}<\/script>\n<!-- \/ Yoast SEO Premium plugin. -->","yoast_head_json":{"title":"Riparazione Kirby - Specialista Veltec Kirby","description":"Riparazione Kirby - Affidate la riparazione del vostro aspirapolvere Kirby a Veltec Kirby Specialist: un servizio rapido e professionale.","robots":{"index":"index","follow":"follow","max-snippet":"max-snippet:-1","max-image-preview":"max-image-preview:large","max-video-preview":"max-video-preview:-1"},"canonical":"https:\/\/www.veltec.eu\/it\/riparazione-kirby\/","og_locale":"it_IT","og_type":"article","og_title":"Riparazione Kirby","og_url":"https:\/\/www.veltec.eu\/it\/riparazione-kirby\/","og_site_name":"Veltec Kirby specialist","article_publisher":"https:\/\/www.facebook.com\/Veltec-Kirby-Specialist-236746293374877\/","article_modified_time":"2026-04-22T10:57:12+00:00","twitter_card":"summary_large_image","twitter_misc":{"Tempo di lettura stimato":"4 minuti"},"schema":{"@context":"https:\/\/schema.org","@graph":[{"@type":"WebPage","@id":"https:\/\/www.veltec.eu\/it\/riparazione-kirby\/","url":"https:\/\/www.veltec.eu\/it\/riparazione-kirby\/","name":"Riparazione Kirby - Specialista Veltec Kirby","isPartOf":{"@id":"https:\/\/www.veltec.eu\/en\/#website"},"datePublished":"2024-08-02T06:56:09+00:00","dateModified":"2026-04-22T10:57:12+00:00","description":"Riparazione Kirby - Affidate la riparazione del vostro aspirapolvere Kirby a Veltec Kirby Specialist: un servizio rapido e professionale.","breadcrumb":{"@id":"https:\/\/www.veltec.eu\/it\/riparazione-kirby\/#breadcrumb"},"inLanguage":"it-IT","potentialAction":[{"@type":"ReadAction","target":["https:\/\/www.veltec.eu\/it\/riparazione-kirby\/"]}]},{"@type":"BreadcrumbList","@id":"https:\/\/www.veltec.eu\/it\/riparazione-kirby\/#breadcrumb","itemListElement":[{"@type":"ListItem","position":1,"name":"Home","item":"https:\/\/www.veltec.eu\/it\/"},{"@type":"ListItem","position":2,"name":"Riparazione Kirby"}]},{"@type":"WebSite","@id":"https:\/\/www.veltec.eu\/en\/#website","url":"https:\/\/www.veltec.eu\/en\/","name":"Veltec Kirby specialist","description":"Kirby stofzuiger producten","publisher":{"@id":"https:\/\/www.veltec.eu\/en\/#organization"},"potentialAction":[{"@type":"SearchAction","target":{"@type":"EntryPoint","urlTemplate":"https:\/\/www.veltec.eu\/en\/?s={search_term_string}"},"query-input":{"@type":"PropertyValueSpecification","valueRequired":true,"valueName":"search_term_string"}}],"inLanguage":"it-IT"},{"@type":"Organization","@id":"https:\/\/www.veltec.eu\/en\/#organization","name":"Veltec Kirby Specialist","url":"https:\/\/www.veltec.eu\/en\/","logo":{"@type":"ImageObject","inLanguage":"it-IT","@id":"https:\/\/www.veltec.eu\/en\/#\/schema\/logo\/image\/","url":"https:\/\/www.veltec.eu\/wp-content\/uploads\/2021\/12\/Veltec-log-groot-e1537260889125.png","contentUrl":"https:\/\/www.veltec.eu\/wp-content\/uploads\/2021\/12\/Veltec-log-groot-e1537260889125.png","width":200,"height":60,"caption":"Veltec Kirby Specialist"},"image":{"@id":"https:\/\/www.veltec.eu\/en\/#\/schema\/logo\/image\/"},"sameAs":["https:\/\/www.facebook.com\/Veltec-Kirby-Specialist-236746293374877\/","https:\/\/www.youtube.com\/user\/VeltecService"]}]}},"_links":{"self":[{"href":"https:\/\/www.veltec.eu\/it\/wp-json\/wp\/v2\/pages\/63106","targetHints":{"allow":["GET"]}}],"collection":[{"href":"https:\/\/www.veltec.eu\/it\/wp-json\/wp\/v2\/pages"}],"about":[{"href":"https:\/\/www.veltec.eu\/it\/wp-json\/wp\/v2\/types\/page"}],"author":[{"embeddable":true,"href":"https:\/\/www.veltec.eu\/it\/wp-json\/wp\/v2\/users\/1"}],"replies":[{"embeddable":true,"href":"https:\/\/www.veltec.eu\/it\/wp-json\/wp\/v2\/comments?post=63106"}],"version-history":[{"count":9,"href":"https:\/\/www.veltec.eu\/it\/wp-json\/wp\/v2\/pages\/63106\/revisions"}],"predecessor-version":[{"id":91180,"href":"https:\/\/www.veltec.eu\/it\/wp-json\/wp\/v2\/pages\/63106\/revisions\/91180"}],"wp:attachment":[{"href":"https:\/\/www.veltec.eu\/it\/wp-json\/wp\/v2\/media?parent=63106"}],"curies":[{"name":"wp","href":"https:\/\/api.w.org\/{rel}","templated":true}]}}