{"id":60590,"date":"2024-07-01T11:51:35","date_gmt":"2024-07-01T09:51:35","guid":{"rendered":"https:\/\/www.veltec.eu\/i-ricambi-kirby\/"},"modified":"2025-06-10T14:34:24","modified_gmt":"2025-06-10T12:34:24","slug":"i-ricambi-kirby","status":"publish","type":"page","link":"https:\/\/www.veltec.eu\/it\/i-ricambi-kirby\/","title":{"rendered":"I ricambi Kirby"},"content":{"rendered":"<h1>I ricambi Kirby<\/h1>\n<p>Il vostro sistema Kirby dovrebbe durare tutta la vita. Con i giusti accessori e la giusta cura, il vostro sistema funzioner\u00e0 come nuovo, anche dopo anni di utilizzo. Quando una parte si rompe o smette di funzionare correttamente, offriamo tutti i ricambi Kirby di cui avete bisogno. Ecco alcuni pezzi di ricambio essenziali per l&#8217;aspirapolvere.<\/p>\n<h3>Il vostro sistema Kirby dovrebbe durare tutta la vita.<\/h3>\n<p>Con una corretta manutenzione e cura, il vostro sistema funzioner\u00e0 come nuovo, anche dopo anni di utilizzo. Quando una parte Kirby si rompe o smette di funzionare correttamente, offriamo tutte le parti di ricambio per <a href=\"https:\/\/www.veltec.eu\/it\/kirby-aspirapolvere\/\">aspirapolvere Kirby<\/a> di cui avete bisogno, compresi i sacchetti di ricambio per aspirapolvere Kirby e i rulli spazzola.<\/p>\n<p>Per proteggere la durata del sistema Kirby e garantire buoni risultati di pulizia, utilizzare solo ricambi originali Kirby e sacchetti per aspirapolvere originali Kirby.<\/p>\n<p><a href=\"https:\/\/www.veltec.eu\/it\/kirby-accessori\/\"><img decoding=\"async\" class=\"alignnone wp-image-60593 size-full\" src=\"https:\/\/www.veltec.eu\/wp-content\/uploads\/2024\/07\/IT-hulp.jpg\" alt=\"I ricambi Kirby\" width=\"500\" height=\"350\" srcset=\"https:\/\/www.veltec.eu\/wp-content\/uploads\/2024\/07\/IT-hulp.jpg 500w, https:\/\/www.veltec.eu\/wp-content\/uploads\/2024\/07\/IT-hulp-300x210.jpg 300w, https:\/\/www.veltec.eu\/wp-content\/uploads\/2024\/07\/IT-hulp-450x315.jpg 450w, https:\/\/www.veltec.eu\/wp-content\/uploads\/2024\/07\/IT-hulp-86x60.jpg 86w, https:\/\/www.veltec.eu\/wp-content\/uploads\/2024\/07\/IT-hulp-129x90.jpg 129w\" sizes=\"(max-width: 500px) 100vw, 500px\" \/><\/a><\/p>\n<h2>Come si usano i <a href=\"https:\/\/www.veltec.eu\/it\/kirby-parti-ricambio\/\">ricambi Kirby<\/a> che si trovano nel nostro negozio Kirby?<\/h2>\n<p>Kirby ha una solida reputazione come uno degli aspirapolvere pi\u00f9 affidabili sul mercato. Anche se gran parte del suo fascino deriva dai risultati di pulizia profonda. L&#8217;aspirapolvere \u00e8 anche amato per la sua pletora di accessori e parti che rendono pi\u00f9 facile la pulizia di una variet\u00e0 di aree difficili da raggiungere.<\/p>\n<p>Se non si ha familiarit\u00e0 con i ricambi Kirby, possono sembrare complicati da usare. Con un po&#8217; di guida e di pratica, si pu\u00f2 facilmente imparare a usare questi pratici accessori. E usarli nelle vostre pulizie quotidiane.<\/p>\n<h2>Continuate a leggere per sapere come usare i ricambi Kirby:<\/h2>\n<h3>Scollegare gli accessori<\/h3>\n<p>Prima di utilizzare gli accessori di un aspirapolvere Kirby, assicuratevi che la spina sia staccata dalla presa. E che il pulsante di accensione sia spento. La sicurezza \u00e8 di fondamentale importanza e se non si adottano semplici misure di sicurezza si pu\u00f2 correre il rischio di essere scoperti.<\/p>\n<h3>Collegare il tubo flessibile dell&#8217;<a href=\"https:\/\/www.veltec.eu\/it\/kirby-revisionato-in-officina\/\">aspirapolvere Kirby<\/a><\/h3>\n<p>La maggior parte dei ricambi Kirby utilizza il tubo flessibile, che consente di raggiungere ogni angolo e fessura. Questo pu\u00f2 fare la differenza tra una pulizia mediocre e una stanza pulita.<\/p>\n<p>Per collegare il tubo flessibile alla parte anteriore dell&#8217;apparecchio Kirby, rimuovere prima il tergivetro a battitura larga Kirby. Sollevare il cofano del faro e rimuovere l&#8217;ugello a battuta larga ruotando la cinghia in senso antiorario.<\/p>\n<p>La stessa procedura utilizzata per fissare la testa dell&#8217;ugello all&#8217;apparecchio pu\u00f2 essere utilizzata per fissare il tubo flessibile. Posizionare i ganci del tubo sulla barra nella parte anteriore dell&#8217;apparecchio, quindi bloccarlo in posizione.<\/p>\n<h3>Sfruttare le diverse parti di Kirby<\/h3>\n<p>Per gli aspirapolvere Kirby sono disponibili diversi accessori per il tubo flessibile, ognuno dei quali ha un utilizzo particolare in casa. Tutti possono essere collegati al tubo con una semplice spinta e una leggera rotazione.<\/p>\n<p>Una variet\u00e0 di accessori per aspirapolvere Kirby pu\u00f2 essere utile in diverse situazioni, ma la maggior parte degli utenti concorda sul fatto che i seguenti sono i pi\u00f9 utili:<br \/>\n<span style=\"font-size: 28px; font-weight: 600;\">I ricambi Kirby<\/span><\/p>\n<h3>Tubo di prolunga Kirby<\/h3>\n<p>Poich\u00e9 sappiamo che \u00e8 difficile raggiungere i punti pi\u00f9 alti e difficili da raggiungere, abbiamo creato la possibilit\u00e0 di collegare fino a due tubi di prolunga. Questo \u00e8 perfetto per pulire tende alte, angoli polverosi del soffitto e sotto lunghi tavoli da salotto o tavolini.<\/p>\n<h3>Spazzola Kirby Dusting<\/h3>\n<p>I mobili in legno duro, gli scaffali dei libri o altri oggetti polverosi in casa possono essere puliti con la spazzola Kirby. Semplice ed efficace, \u00e8 da tempo uno dei prodotti Kirby pi\u00f9 affidabili.<\/p>\n<h3>Bocchetta per mobili Kirby<\/h3>\n<p>Questo accessorio \u00e8 perfetto per l&#8217;interno dell&#8217;auto, dove gli automobilisti lo utilizzano per pulire la tappezzeria difficile da pulire. La bocchetta per mobili Kirby \u00e8 anche un&#8217;ottima opzione per divani, gradini delle scale e mobili imbottiti.<\/p>\n<h3>Spazzola per zoccoli Kirby<\/h3>\n<p>Aspirate tutto ci\u00f2 che si trova tra i cuscini del divano o raggiungete i punti pi\u00f9 scomodi con la spazzola per zoccoli Kirby. L&#8217;esclusiva natura flessibile di questo accessorio rende facile pulire ogni centimetro che altrimenti verrebbe trascurato.<\/p>\n<h3>Usare il Kirby come soffiatore o pompa<\/h3>\n<p>L&#8217;aspirapolvere Kirby non solo pu\u00f2 aspirare molti tipi di sporco, ma pu\u00f2 anche essere utilizzato per pulire le superfici soffiando aria. Con l&#8217;ugello del soffiatore Kirby, questo pu\u00f2 essere un metodo sorprendentemente efficace per gonfiare materassi ad aria e persino per pulire le tastiere del computer.<\/p>\n<p>Trasformare il Kirby in un soffiatore \u00e8 semplice. Si inizia rimuovendo la bocca del soffiatore e sostituendola con il cappuccio protettivo del soffiatore Kirby. Fissare il cappuccio all&#8217;unit\u00e0 come per il montaggio della bocca del soffiatore.<\/p>\n<p>Il passo successivo? Rimuovere il sacco esterno. In fin dei conti non \u00e8 necessario, dato che non viene aspirato nulla nel sacco. Infine, collegare il tubo di attacco alla porta di uscita dell&#8217;aria. \u00c8 sufficiente allineare le frecce e girare il tubo in posizione.<\/p>\n<h3>Utilizzare gli accessori Kirby per lo spruzzatore portatile e la pistola per shampoo<\/h3>\n<p>Una volta impostato come soffiatore, il Kirby pu\u00f2 utilizzare la potenza di due pratici accessori: la pistola shampoo Kirby e l&#8217;ugello per soffiare. Entrambi gli accessori possono essere collegati al tubo flessibile dell&#8217;accessorio come le normali parti del Kirby.<\/p>\n<h3>Rimozione delle <a href=\"https:\/\/www.veltec.eu\/it\/negozio-kirby\/\">parti Kirby<\/a><\/h3>\n<p>Una volta terminato il lavoro di pulizia, \u00e8 possibile rimuovere ogni accessorio con un semplice movimento di rotazione e trazione. Assicuratevi di riporre tutti gli accessori Kirby nello stesso posto in modo da non perderli la volta successiva.<\/p>\n<h3>Imparare l&#8217;arte di usare i ricambi Kirby in Kirby Paesi Bassi<\/h3>\n<p>Potrebbero essere necessari alcuni tentativi ed errori, ma presto scoprirete che i ricambi Kirby sono facili da usare. Possono fare la differenza durante le pulizie, quindi non esitate a farne pieno uso.<\/p>\n","protected":false},"excerpt":{"rendered":"<p>I ricambi Kirby Il vostro sistema Kirby dovrebbe durare tutta la vita. Con i giusti accessori e la giusta cura, il vostro sistema funzioner\u00e0 come nuovo, anche dopo anni di utilizzo. Quando una parte si rompe o smette di funzionare correttamente, offriamo tutti i ricambi Kirby di cui avete bisogno. Ecco alcuni pezzi di ricambio [&hellip;]<\/p>\n","protected":false},"author":1,"featured_media":0,"parent":0,"menu_order":0,"comment_status":"closed","ping_status":"closed","template":"","meta":{"_acf_changed":false,"footnotes":""},"class_list":["post-60590","page","type-page","status-publish","hentry"],"acf":[],"yoast_head":"<!-- This site is optimized with the Yoast SEO Premium plugin v27.1 (Yoast SEO v27.4) - https:\/\/yoast.com\/product\/yoast-seo-premium-wordpress\/ -->\n<title>I ricambi Kirby - Specialista Veltec Kirby<\/title>\n<meta name=\"description\" content=\"I Ricambi Kirby. Veltec \u00e8 fornitore di ricambi Kirby da oltre 25 anni ed \u00e8 il vostro specialista di fiducia per l&#039;assistenza Kirby.\" \/>\n<meta name=\"robots\" content=\"index, follow, max-snippet:-1, max-image-preview:large, max-video-preview:-1\" \/>\n<link rel=\"canonical\" href=\"https:\/\/www.veltec.eu\/nl\/content-paginas\/de-kirby-onderdelen\/\" \/>\n<meta property=\"og:locale\" content=\"it_IT\" \/>\n<meta property=\"og:type\" content=\"article\" \/>\n<meta property=\"og:title\" content=\"I ricambi Kirby\" \/>\n<meta property=\"og:description\" content=\"I ricambi Kirby Il vostro sistema Kirby dovrebbe durare tutta la vita. Con i giusti accessori e la giusta cura, il vostro sistema funzioner\u00e0 come nuovo,\" \/>\n<meta property=\"og:url\" content=\"https:\/\/www.veltec.eu\/nl\/content-paginas\/de-kirby-onderdelen\/\" \/>\n<meta property=\"og:site_name\" content=\"Veltec Kirby specialist\" \/>\n<meta property=\"article:publisher\" content=\"https:\/\/www.facebook.com\/Veltec-Kirby-Specialist-236746293374877\/\" \/>\n<meta property=\"article:modified_time\" content=\"2025-06-10T12:34:24+00:00\" \/>\n<meta property=\"og:image\" content=\"https:\/\/www.veltec.eu\/wp-content\/uploads\/2024\/07\/IT-hulp.jpg\" \/>\n\t<meta property=\"og:image:width\" content=\"500\" \/>\n\t<meta property=\"og:image:height\" content=\"350\" \/>\n\t<meta property=\"og:image:type\" content=\"image\/jpeg\" \/>\n<meta name=\"twitter:card\" content=\"summary_large_image\" \/>\n<meta name=\"twitter:label1\" content=\"Tempo di lettura stimato\" \/>\n\t<meta name=\"twitter:data1\" content=\"5 minuti\" \/>\n<script type=\"application\/ld+json\" class=\"yoast-schema-graph\">{\"@context\":\"https:\\\/\\\/schema.org\",\"@graph\":[{\"@type\":\"WebPage\",\"@id\":\"https:\\\/\\\/www.veltec.eu\\\/nl\\\/content-paginas\\\/de-kirby-onderdelen\\\/\",\"url\":\"https:\\\/\\\/www.veltec.eu\\\/nl\\\/content-paginas\\\/de-kirby-onderdelen\\\/\",\"name\":\"I ricambi Kirby - Specialista Veltec Kirby\",\"isPartOf\":{\"@id\":\"https:\\\/\\\/www.veltec.eu\\\/en\\\/#website\"},\"primaryImageOfPage\":{\"@id\":\"https:\\\/\\\/www.veltec.eu\\\/nl\\\/content-paginas\\\/de-kirby-onderdelen\\\/#primaryimage\"},\"image\":{\"@id\":\"https:\\\/\\\/www.veltec.eu\\\/nl\\\/content-paginas\\\/de-kirby-onderdelen\\\/#primaryimage\"},\"thumbnailUrl\":\"https:\\\/\\\/www.veltec.eu\\\/wp-content\\\/uploads\\\/2024\\\/07\\\/IT-hulp.jpg\",\"datePublished\":\"2024-07-01T09:51:35+00:00\",\"dateModified\":\"2025-06-10T12:34:24+00:00\",\"description\":\"I Ricambi Kirby. Veltec \u00e8 fornitore di ricambi Kirby da oltre 25 anni ed \u00e8 il vostro specialista di fiducia per l'assistenza Kirby.\",\"breadcrumb\":{\"@id\":\"https:\\\/\\\/www.veltec.eu\\\/nl\\\/content-paginas\\\/de-kirby-onderdelen\\\/#breadcrumb\"},\"inLanguage\":\"it-IT\",\"potentialAction\":[{\"@type\":\"ReadAction\",\"target\":[\"https:\\\/\\\/www.veltec.eu\\\/nl\\\/content-paginas\\\/de-kirby-onderdelen\\\/\"]}]},{\"@type\":\"ImageObject\",\"inLanguage\":\"it-IT\",\"@id\":\"https:\\\/\\\/www.veltec.eu\\\/nl\\\/content-paginas\\\/de-kirby-onderdelen\\\/#primaryimage\",\"url\":\"https:\\\/\\\/www.veltec.eu\\\/wp-content\\\/uploads\\\/2024\\\/07\\\/IT-hulp.jpg\",\"contentUrl\":\"https:\\\/\\\/www.veltec.eu\\\/wp-content\\\/uploads\\\/2024\\\/07\\\/IT-hulp.jpg\"},{\"@type\":\"BreadcrumbList\",\"@id\":\"https:\\\/\\\/www.veltec.eu\\\/nl\\\/content-paginas\\\/de-kirby-onderdelen\\\/#breadcrumb\",\"itemListElement\":[{\"@type\":\"ListItem\",\"position\":1,\"name\":\"Home\",\"item\":\"https:\\\/\\\/www.veltec.eu\\\/it\\\/\"},{\"@type\":\"ListItem\",\"position\":2,\"name\":\"I ricambi Kirby\"}]},{\"@type\":\"WebSite\",\"@id\":\"https:\\\/\\\/www.veltec.eu\\\/en\\\/#website\",\"url\":\"https:\\\/\\\/www.veltec.eu\\\/en\\\/\",\"name\":\"Veltec Kirby specialist\",\"description\":\"Kirby stofzuiger producten\",\"publisher\":{\"@id\":\"https:\\\/\\\/www.veltec.eu\\\/en\\\/#organization\"},\"potentialAction\":[{\"@type\":\"SearchAction\",\"target\":{\"@type\":\"EntryPoint\",\"urlTemplate\":\"https:\\\/\\\/www.veltec.eu\\\/en\\\/?s={search_term_string}\"},\"query-input\":{\"@type\":\"PropertyValueSpecification\",\"valueRequired\":true,\"valueName\":\"search_term_string\"}}],\"inLanguage\":\"it-IT\"},{\"@type\":\"Organization\",\"@id\":\"https:\\\/\\\/www.veltec.eu\\\/en\\\/#organization\",\"name\":\"Veltec Kirby Specialist\",\"url\":\"https:\\\/\\\/www.veltec.eu\\\/en\\\/\",\"logo\":{\"@type\":\"ImageObject\",\"inLanguage\":\"it-IT\",\"@id\":\"https:\\\/\\\/www.veltec.eu\\\/en\\\/#\\\/schema\\\/logo\\\/image\\\/\",\"url\":\"https:\\\/\\\/www.veltec.eu\\\/wp-content\\\/uploads\\\/2021\\\/12\\\/Veltec-log-groot-e1537260889125.png\",\"contentUrl\":\"https:\\\/\\\/www.veltec.eu\\\/wp-content\\\/uploads\\\/2021\\\/12\\\/Veltec-log-groot-e1537260889125.png\",\"width\":200,\"height\":60,\"caption\":\"Veltec Kirby Specialist\"},\"image\":{\"@id\":\"https:\\\/\\\/www.veltec.eu\\\/en\\\/#\\\/schema\\\/logo\\\/image\\\/\"},\"sameAs\":[\"https:\\\/\\\/www.facebook.com\\\/Veltec-Kirby-Specialist-236746293374877\\\/\",\"https:\\\/\\\/www.youtube.com\\\/user\\\/VeltecService\"]}]}<\/script>\n<!-- \/ Yoast SEO Premium plugin. -->","yoast_head_json":{"title":"I ricambi Kirby - Specialista Veltec Kirby","description":"I Ricambi Kirby. Veltec \u00e8 fornitore di ricambi Kirby da oltre 25 anni ed \u00e8 il vostro specialista di fiducia per l'assistenza Kirby.","robots":{"index":"index","follow":"follow","max-snippet":"max-snippet:-1","max-image-preview":"max-image-preview:large","max-video-preview":"max-video-preview:-1"},"canonical":"https:\/\/www.veltec.eu\/nl\/content-paginas\/de-kirby-onderdelen\/","og_locale":"it_IT","og_type":"article","og_title":"I ricambi Kirby","og_description":"I ricambi Kirby Il vostro sistema Kirby dovrebbe durare tutta la vita. Con i giusti accessori e la giusta cura, il vostro sistema funzioner\u00e0 come nuovo,","og_url":"https:\/\/www.veltec.eu\/nl\/content-paginas\/de-kirby-onderdelen\/","og_site_name":"Veltec Kirby specialist","article_publisher":"https:\/\/www.facebook.com\/Veltec-Kirby-Specialist-236746293374877\/","article_modified_time":"2025-06-10T12:34:24+00:00","og_image":[{"width":500,"height":350,"url":"https:\/\/www.veltec.eu\/wp-content\/uploads\/2024\/07\/IT-hulp.jpg","type":"image\/jpeg"}],"twitter_card":"summary_large_image","twitter_misc":{"Tempo di lettura stimato":"5 minuti"},"schema":{"@context":"https:\/\/schema.org","@graph":[{"@type":"WebPage","@id":"https:\/\/www.veltec.eu\/nl\/content-paginas\/de-kirby-onderdelen\/","url":"https:\/\/www.veltec.eu\/nl\/content-paginas\/de-kirby-onderdelen\/","name":"I ricambi Kirby - Specialista Veltec Kirby","isPartOf":{"@id":"https:\/\/www.veltec.eu\/en\/#website"},"primaryImageOfPage":{"@id":"https:\/\/www.veltec.eu\/nl\/content-paginas\/de-kirby-onderdelen\/#primaryimage"},"image":{"@id":"https:\/\/www.veltec.eu\/nl\/content-paginas\/de-kirby-onderdelen\/#primaryimage"},"thumbnailUrl":"https:\/\/www.veltec.eu\/wp-content\/uploads\/2024\/07\/IT-hulp.jpg","datePublished":"2024-07-01T09:51:35+00:00","dateModified":"2025-06-10T12:34:24+00:00","description":"I Ricambi Kirby. Veltec \u00e8 fornitore di ricambi Kirby da oltre 25 anni ed \u00e8 il vostro specialista di fiducia per l'assistenza Kirby.","breadcrumb":{"@id":"https:\/\/www.veltec.eu\/nl\/content-paginas\/de-kirby-onderdelen\/#breadcrumb"},"inLanguage":"it-IT","potentialAction":[{"@type":"ReadAction","target":["https:\/\/www.veltec.eu\/nl\/content-paginas\/de-kirby-onderdelen\/"]}]},{"@type":"ImageObject","inLanguage":"it-IT","@id":"https:\/\/www.veltec.eu\/nl\/content-paginas\/de-kirby-onderdelen\/#primaryimage","url":"https:\/\/www.veltec.eu\/wp-content\/uploads\/2024\/07\/IT-hulp.jpg","contentUrl":"https:\/\/www.veltec.eu\/wp-content\/uploads\/2024\/07\/IT-hulp.jpg"},{"@type":"BreadcrumbList","@id":"https:\/\/www.veltec.eu\/nl\/content-paginas\/de-kirby-onderdelen\/#breadcrumb","itemListElement":[{"@type":"ListItem","position":1,"name":"Home","item":"https:\/\/www.veltec.eu\/it\/"},{"@type":"ListItem","position":2,"name":"I ricambi Kirby"}]},{"@type":"WebSite","@id":"https:\/\/www.veltec.eu\/en\/#website","url":"https:\/\/www.veltec.eu\/en\/","name":"Veltec Kirby specialist","description":"Kirby stofzuiger producten","publisher":{"@id":"https:\/\/www.veltec.eu\/en\/#organization"},"potentialAction":[{"@type":"SearchAction","target":{"@type":"EntryPoint","urlTemplate":"https:\/\/www.veltec.eu\/en\/?s={search_term_string}"},"query-input":{"@type":"PropertyValueSpecification","valueRequired":true,"valueName":"search_term_string"}}],"inLanguage":"it-IT"},{"@type":"Organization","@id":"https:\/\/www.veltec.eu\/en\/#organization","name":"Veltec Kirby Specialist","url":"https:\/\/www.veltec.eu\/en\/","logo":{"@type":"ImageObject","inLanguage":"it-IT","@id":"https:\/\/www.veltec.eu\/en\/#\/schema\/logo\/image\/","url":"https:\/\/www.veltec.eu\/wp-content\/uploads\/2021\/12\/Veltec-log-groot-e1537260889125.png","contentUrl":"https:\/\/www.veltec.eu\/wp-content\/uploads\/2021\/12\/Veltec-log-groot-e1537260889125.png","width":200,"height":60,"caption":"Veltec Kirby Specialist"},"image":{"@id":"https:\/\/www.veltec.eu\/en\/#\/schema\/logo\/image\/"},"sameAs":["https:\/\/www.facebook.com\/Veltec-Kirby-Specialist-236746293374877\/","https:\/\/www.youtube.com\/user\/VeltecService"]}]}},"_links":{"self":[{"href":"https:\/\/www.veltec.eu\/it\/wp-json\/wp\/v2\/pages\/60590","targetHints":{"allow":["GET"]}}],"collection":[{"href":"https:\/\/www.veltec.eu\/it\/wp-json\/wp\/v2\/pages"}],"about":[{"href":"https:\/\/www.veltec.eu\/it\/wp-json\/wp\/v2\/types\/page"}],"author":[{"embeddable":true,"href":"https:\/\/www.veltec.eu\/it\/wp-json\/wp\/v2\/users\/1"}],"replies":[{"embeddable":true,"href":"https:\/\/www.veltec.eu\/it\/wp-json\/wp\/v2\/comments?post=60590"}],"version-history":[{"count":2,"href":"https:\/\/www.veltec.eu\/it\/wp-json\/wp\/v2\/pages\/60590\/revisions"}],"predecessor-version":[{"id":80046,"href":"https:\/\/www.veltec.eu\/it\/wp-json\/wp\/v2\/pages\/60590\/revisions\/80046"}],"wp:attachment":[{"href":"https:\/\/www.veltec.eu\/it\/wp-json\/wp\/v2\/media?parent=60590"}],"curies":[{"name":"wp","href":"https:\/\/api.w.org\/{rel}","templated":true}]}}