{"id":58399,"date":"2024-05-10T09:11:32","date_gmt":"2024-05-10T07:11:32","guid":{"rendered":"https:\/\/www.veltec.eu\/modelli-di-aspirapolvere-kirby\/"},"modified":"2026-03-26T10:15:59","modified_gmt":"2026-03-26T08:15:59","slug":"modello-kirby","status":"publish","type":"page","link":"https:\/\/www.veltec.eu\/it\/modello-kirby\/","title":{"rendered":"Modello Kirby"},"content":{"rendered":"<section  class='av_textblock_section av-ky1hzl7y-5870a8a2dc4b9b0934f4b9b7be81a1f7 '   itemscope=\"itemscope\" itemtype=\"https:\/\/schema.org\/CreativeWork\" ><div class='avia_textblock'  itemprop=\"text\" ><h1>Come si differenziano i Modello Kirby?<\/h1>\n<p>Analizzeremo i Modelli di Modello Kirbypresenti sul mercato dal 1990. In quell&#8217;anno, Kirby lanci\u00f2 il modello \u201cGeneration 3\u201d, molto diverso da tutti gli aspirapolvere prodotti da Kirby fino a quel momento.<br \/>\nL&#8217;aspirapolvere Kirby G3 era molto avanzato e probabilmente anni avanti rispetto a qualsiasi aspirapolvere presente sul mercato in quel momento. Sebbene Kirby sia noto per le sue tattiche di vendita porta a porta scortesi e aggressive, quasi tutti coloro che hanno visto <a href=\"https:\/\/www.veltec.eu\/it\/kirby-aspirapolvere\/\">l&#8217;aspirapolvere Kirby<\/a> devono ammettere che si tratta di un buon apparecchio.<\/p>\n<p><img decoding=\"async\" class=\"alignnone wp-image-59854 size-full\" src=\"https:\/\/www.veltec.eu\/wp-content\/uploads\/2024\/06\/Kirby-Stofzuiger-modellen.jpg\" alt=\"Modello Kirby\" width=\"900\" height=\"792\" srcset=\"https:\/\/www.veltec.eu\/wp-content\/uploads\/2024\/06\/Kirby-Stofzuiger-modellen.jpg 900w, https:\/\/www.veltec.eu\/wp-content\/uploads\/2024\/06\/Kirby-Stofzuiger-modellen-300x264.jpg 300w, https:\/\/www.veltec.eu\/wp-content\/uploads\/2024\/06\/Kirby-Stofzuiger-modellen-768x676.jpg 768w, https:\/\/www.veltec.eu\/wp-content\/uploads\/2024\/06\/Kirby-Stofzuiger-modellen-705x620.jpg 705w, https:\/\/www.veltec.eu\/wp-content\/uploads\/2024\/06\/Kirby-Stofzuiger-modellen-450x396.jpg 450w, https:\/\/www.veltec.eu\/wp-content\/uploads\/2024\/06\/Kirby-Stofzuiger-modellen-600x528.jpg 600w, https:\/\/www.veltec.eu\/wp-content\/uploads\/2024\/06\/Kirby-Stofzuiger-modellen-68x60.jpg 68w, https:\/\/www.veltec.eu\/wp-content\/uploads\/2024\/06\/Kirby-Stofzuiger-modellen-102x90.jpg 102w\" sizes=\"(max-width: 900px) 100vw, 900px\" \/><\/p>\n<h4><\/h4>\n<h4>Miglioramenti ai Modello Kirby<\/h4>\n<p>Ci sono ancora alcuni aspetti che potrebbero essere migliorati (a partire dal montaggio e dallo smontaggio dell&#8217;ugello largo o dall&#8217;interruttore di sicurezza per il sacco esterno), problemi che non sono stati affrontati dall&#8217;azienda da oltre 20 anni.<br \/>\nCi\u00f2 \u00e8 probabilmente dovuto all&#8217;elevato esborso finanziario necessario per apportare modifiche al progetto originale.<\/p>\n<p>Kirby sembra anche tagliare gli angoli incorporando sempre pi\u00f9 parti in plastica nel sistema. Tuttavia, bisogna riconoscere a Kirby che il prezzo dell&#8217;aspirapolvere Kirby non \u00e8 aumentato in modo significativo, sebbene il costo dei materiali e della produzione stia aumentando sempre pi\u00f9 rapidamente (soprattutto negli ultimi anni).<\/p>\n<h4>Fabicage<\/h4>\n<p>Tuttavia, con la produzione di un numero sempre maggiore di pezzi in plastica, c&#8217;\u00e8 il rischio di perdere i clienti con l&#8217;atteggiamento \u201cil metallo \u00e8 meglio\u201d. Se siete clienti di questo tipo, ricordate che in alcuni casi la plastica non \u00e8 peggiore del metallo. Anzi, potrebbe addirittura essere migliore. Ricordate che la plastica consente all&#8217;azienda di mantenere bassi i costi di sistema per il rivenditore, che pu\u00f2 cos\u00ec vendere a un prezzo inferiore.<\/p>\n<p>Se non siete molto bravi a contrattare il prezzo con un venditore e avete comunque pagato un sacco di soldi per l&#8217;aspirapolvere Kirby, \u00e8 colpa vostra (o meno, questo lo lasciamo decidere a voi). Perch\u00e9 dovreste acquistare un modello pi\u00f9 recente? &#8211; Proprio come si cambia un&#8217;auto con pi\u00f9 chilometri per una nuova, o magari si preferisce un colore diverso.<\/p>\n<h4>Kirby G3<\/h4>\n<p><strong>Questo modello Kirby \u00e8 stato prodotto dal 1990 al 1993.<\/strong><\/p>\n<p>Kirby presenta un nuovo design di aspirapolvere Kirby. Riprogettato da zero. La pi\u00f9 grande innovazione: Tech-Drive. Un mini ingranaggio che utilizza lo slancio del motore per far girare le ruote posteriori e spostare l&#8217;aspirapolvere sulla superficie, senza dover fare sforzi. Tutto ci\u00f2 che l&#8217;utente deve fare \u00e8 stringere delicatamente la maniglia. Un perno e una leva a cuneo innestano uno dei due meccanismi di frizione del cambio (uno per la marcia avanti e uno per la retromarcia).<\/p>\n<p>Le ruote iniziano a girare e il vuoto va. Anche il motore \u00e8 nuovo di zecca. L&#8217;interruttore a due velocit\u00e0 \u00e8 anche un interruttore di sicurezza che non consente all&#8217;aspirapolvere di funzionare se il sacchetto non \u00e8 posizionato sulla presa. Come in alcuni modelli precedenti, l&#8217;interruttore \u00e8 dotato di una funzione di sicurezza che impedisce l&#8217;avvio dell&#8217;aspirapolvere se la bocchetta o il tubo flessibile non sono fissati alla parte anteriore dell&#8217;apparecchio, in modo che nessuno possa impigliarsi con le dita nella lama rotante del rotore. Nota bene: i vecchi sacchi esterni con la parte superiore rinforzata e l&#8217;etichetta \u201cGeneration 3\u201d non vengono pi\u00f9 prodotti. I sacchi esterni originali di Kirby non hanno un rinforzo sulla parte superiore e non sono pi\u00f9 etichettati con il nome del modello.<\/p>\n<h4><a href=\"https:\/\/www.veltec.eu\/it\/acquista-kirby-g4\/\">Kirby G4<\/a><\/h4>\n<p><strong>Questo modello Kirby \u00e8 stato prodotto dal 1993 al 1997.<\/strong><\/p>\n<p>Il colore grigio scuro cambia in grigio chiaro. I pannelli di plastica, i coprimozzi, la scatola portaoggetti e l&#8217;alzacinture cambiano colore. Tutte le chiusure rimangono invariate, ma hanno un nuovo colore grigio chiaro. Un miglioramento: il perno a molla che solleva la maniglia quando viene rilasciata \u00e8 stato ridisegnato. Questo sembra essere un cambiamento positivo, in quanto il nuovo design ha una tenuta migliore. Una modifica che consente di risparmiare sui costi: la superficie esterna della borsa non \u00e8 pi\u00f9 rinforzata.<\/p>\n<p>Per anni, la parte superiore del sacchetto \u00e8 stata coperta da un filo o da una graffa che aiutava il tessuto a mantenere la sua forma. Dal modello G4, la parte superiore del sacchetto \u00e8 stata ricoperta da uno strato di vinile profondo circa 2 cm, ma poich\u00e9 la fettuccia si allunga con il tempo e il sacchetto \u00e8 costantemente sovraccarico di sporco, il sacchetto si affloscia e la parte superiore del sacchetto si stacca dal vinile e non ha un bell&#8217;aspetto. Quest&#8217;anno Kirby ha introdotto un nuovo tipo di sacco monouso, il Micron Magic, che rappresenta un miglioramento e garantisce una migliore filtrazione.<\/p>\n<h4><a href=\"https:\/\/www.veltec.eu\/it\/acquista-kirby-g5\/\">Kirby G5<\/a><\/h4>\n<p><strong>Queste modello Kirby \u00e8 stato prodotto dal 1997 al 1999.<\/strong><\/p>\n<p>Il nuovo colore \u00e8 rosso bordeaux. Per qualche motivo, la spia della spazzola si trova ora sull&#8217;altro lato dell&#8217;ugello della spazzola larga. Non sono sicuro del motivo, ma ora i negozi di ricambi e i negozi di aspirapolvere devono avere in magazzino un tipo diverso di rullo spazzola (forse era questo il motivo). Il cofano e la lente del faro sono un po&#8217; pi\u00f9 piegati. La piastra inferiore della bocchetta per il pavimento \u00e8 diventata di plastica (i modelli G3 e G4 avevano una piastra inferiore in metallo cromato). Anche il design del serbatoio dello shampoo \u00e8 stato leggermente modificato.<\/p>\n<p>Un piccolo filtro attaccato al contenitore dello shampoo non \u00e8 pi\u00f9 attaccato come un coperchio, ma come un tappo. Questo dovrebbe evitare che rimanga incastrato nel tubo corto dello shampoo quando viene rimosso dal contenitore dello shampoo, ma il problema rimane. Questo tappo\/filtro semplicemente non rimane nel collo. La leva\/pulsante per sollevare la cinghia sull&#8217;ugello \u00e8 ora dotata di una leva con cui \u00e8 possibile ruotare il pulsante.<\/p>\n<h4><a href=\"https:\/\/www.veltec.eu\/it\/acquista-kirby-g6\/\">Kirby G6<\/a><\/h4>\n<p><strong>Queste modello Kirby<\/strong> <strong>\u00e8 stato prodotto dal 1999 al 2002.<\/strong><\/p>\n<p>Il nuovo colore cambia da bordeaux a nero, ma per il resto il modello \u00e8 lo stesso del G5. Non \u00e8 cambiato nulla. Questo potrebbe essere il modello in cui l&#8217;azienda Kirby ha sperimentato un diverso rapporto di trasmissione sugli ingranaggi primari utilizzati per trasferire la potenza dal motore alla trasmissione. Questo probabilmente per risolvere il problema del salto del vuoto. Poich\u00e9 l&#8217;ampia bocchetta del Kirby si avvicina molto al tappeto, a volte vibra quando colpisce le fibre, il che non \u00e8 piacevole.<\/p>\n<p>Ma si tratta comunque di un problema, che potrebbe essere impossibile da risolvere perch\u00e9 esistono molti tappeti diversi con lunghezze e densit\u00e0 di fibre diverse, e ci\u00f2 che funziona su un tappeto potrebbe non funzionare necessariamente su un altro. Un&#8217;altra piccola modifica riguarda il Miniemptor, la base in plastica del sacchetto esterno che si aggancia all&#8217;aspirapolvere. Il vecchio design si rompeva spesso, quello nuovo \u00e8 un po&#8217; pi\u00f9 stabile. Se si acquista un nuovo Miniemptor per un aspirapolvere Kirby G3, G4 o G5, anche questo sar\u00e0 prodotto con un nuovo stampo. Il tubo di riempimento (il tubo che collega il Miniemptor al connettore del sacchetto dove \u00e8 attaccato il sacchetto della polvere) \u00e8 solo un tubo di plastica, mentre il vecchio tubo era rinforzato con una spirale di metallo. Nel 2000 e nel 2001, alcuni aspirapolvere Kirby sono stati venduti con etichette sulla parte anteriore del manico che recitavano \u201c2000 Limited Edition\u201d e \u201c2001 Limited Edition\u201d. Doveva trattarsi di una trovata di marketing, perch\u00e9 a parte gli adesivi, non c&#8217;erano differenze.<\/p>\n<h4><a href=\"https:\/\/www.veltec.eu\/it\/acquista-kirby-ultimate\/\">Kirby Ultimate<\/a><\/h4>\n<p><strong>Queste modello Kirby<\/strong> <strong>\u00e8 stato prodotto dal 2002 al 2003.<br \/>\n<\/strong><br \/>\nSimbolo di prestazioni e innovazione, il Kirby G7, noto anche come Ultimate, \u00e8 stato lanciato nel 2002. Questo modello introdusse una serie di miglioramenti rivoluzionari, tra cui un avanzato sistema di filtraggio HEPA che catturava efficacemente gli allergeni e le polveri sottili. Inoltre, il G7 offriva un rullo spazzola migliorato e accessori di pulizia avanzati per raggiungere ogni angolo della casa. Il colore \u00e8 stato cambiato e l&#8217;ugello dello shampoo \u00e8 ora in plastica.<\/p>\n<h4><a href=\"https:\/\/www.veltec.eu\/it\/acquista-kirby-diamond\/\">Kirby Ultimate Diamond<\/a><\/h4>\n<p><strong>Queste modello Kirby<\/strong> <strong>\u00e8 stato prodotto dal 2003 al 2006.<\/strong><\/p>\n<p>Gli elementi di design a macchie sono stati sostituiti da rombi, ma la combinazione di colori Ultimate G \u00e8 stata mantenuta. Una differenza importante \u00e8 l&#8217;aggiunta di due interruttori di velocit\u00e0. Si tratta semplicemente di una piccola scheda elettronica montata sul lato inferiore del motore e di un interruttore montato sul lato dell&#8217;alloggiamento in alluminio dell&#8217;apparecchio. Ora \u00e8 tecnicamente possibile far funzionare il Kirby a quattro velocit\u00e0. Per anni (anche prima del modello Kirby G3), il produttore ha sviluppato un aspirapolvere che funzionava a due velocit\u00e0 diverse. Alta &#8211; a pieno regime quando il tubo \u00e8 installato e si utilizza l&#8217;aspirapolvere come aspirapolvere a sbalzo.<\/p>\n<p>Se \u00e8 installato l&#8217;ugello a strappo largo, il motore passa a una modalit\u00e0 inferiore azionando un&#8217;altra leva. Con il comando aggiuntivo, la velocit\u00e0 del motore viene approssimativamente dimezzata, indipendentemente dalla velocit\u00e0 a cui \u00e8 impostato il motore installando il tubo o l&#8217;ugello. Quindi \u00e8 possibile: velocit\u00e0 normale con l&#8217;ugello installato, stessa velocit\u00e0 dimezzata con l&#8217;interruttore; alta velocit\u00e0 con il tubo, stessa velocit\u00e0 del tubo ma impostata con l&#8217;interruttore.<\/p>\n<h4><a href=\"https:\/\/www.veltec.eu\/it\/acquista-kirby-sentria\/\">Kirby Sentria<\/a><\/h4>\n<p><strong>Queste modello Kirby<\/strong> <strong>\u00e8 stato prodotto dal 2006 al 2012.<\/strong><\/p>\n<p>Ulteriori modifiche estetiche: il manico del montante e l&#8217;intera impugnatura sono stati ridisegnati. Queste modifiche non influiscono in alcun modo sulle prestazioni. Lo scarico della trazione del cavo elettrico \u00e8 ora fissato direttamente all&#8217;alloggiamento in alluminio con due viti. In questo modo si evita che il cavo si attorcigli agli angoli vivi, prolungandone la durata. Nel 2009 sono stati introdotti i nuovi sacchi \u201cStyle F\u201d. Tutti i materiali filtranti utilizzati per la produzione delle sacche sono gli stessi, ma il fissaggio \u00e8 diverso.<\/p>\n<p>Non migliori, n\u00e9 peggiori: solo diversi, e i sacchetti non sono intercambiabili con quelli vecchi. Nel 2009, Kirby inizia a produrre aspirapolvere in cui il meccanismo di scorrimento del manico e gli ingranaggi della trasmissione non sono pi\u00f9 lubrificati. Inoltre, viene omesso un piccolo cuneo di plastica che tiene insieme il meccanismo di scorrimento. Migliaia di aspirapolvere vengono prodotti in questo modo, ma nel marzo 2011 si torner\u00e0 al vecchio modo di aspirare.<\/p>\n<h4>Kirby Sentria II<\/h4>\n<p><strong>Queste modello Kirby<\/strong> <strong>\u00e8 stato prodotto dal 2012 al 2014.<\/strong><\/p>\n<p>Questo modello \u00e8 atteso da tempo. Di solito l&#8217;azienda Kirby rilascia un nuovo modello ogni 2-3 anni, ma questa volta ci sono voluti sei anni.<\/p>\n<p>Cosa c&#8217;\u00e8 di nuovo? &#8211; NULLA. I tanto attesi miglioramenti e cambiamenti radicali sono stati ancora una volta rimandati di qualche anno. Tra qualche anno Kirby compir\u00e0 100 anni, quindi oggi sembra inconcepibile che non si tratti di un progetto completamente nuovo. Questa volta si tratta solo del solito nuovo motivo sulla borsa in tessuto esterno e di una nuova combinazione di colori, niente di pi\u00f9.<\/p>\n<p>Il Kirby \u00e8 ancora uno dei sistemi pi\u00f9 potenti e durevoli, ma la sua mancanza di versatilit\u00e0 \u00e8 in parte responsabile del fatto che \u00e8 uno degli aspirapolvere pi\u00f9 complicati da usare. Pertanto, riteniamo che ci sia sicuramente un margine di miglioramento.<\/p>\n<h4>Kirby 100\u00b0 compleanno <a href=\"https:\/\/www.veltec.eu\/it\/product\/kirby-avalir-2-base\/\">Kirby Avalir<\/a><\/h4>\n<p><strong>Queste modello Kirby<\/strong> <strong>\u00e8 stato prodotto dal 2014 al 2018<\/strong><\/p>\n<p>Questo \u00e8 l&#8217;aspirapolvere Kirby del 100\u00b0 anniversario, il nuovissimo Kirby Avalir. Questo aspirapolvere presenta una serie di nuove modifiche, anche se il motore e il sistema principale sembrano essere rimasti invariati. Il cambiamento pi\u00f9 importante \u00e8 il sistema shampoo, che ora pu\u00f2 essere utilizzato su moquette e pavimenti duri, rendendolo un apparecchio pi\u00f9 versatile per la pulizia di tutta la casa.<\/p>\n<p>Ci sono nuovi rulli spazzola per il Kirby Avalir, a quanto pare 4 nuovi rulli spazzola per pavimenti, tappeti, piastrelle, ecc.<\/p>\n<p>Il design della maniglia \u00e8 leggermente cambiato, ha un nuovo design e porta il logo del 100\u00b0 anniversario e il logo Kirby Avalir.<\/p>\n<p>Il Kirby \u00e8 ancora uno dei sistemi pi\u00f9 potenti e durevoli, ma la sua mancanza di versatilit\u00e0 \u00e8 in parte responsabile del fatto che \u00e8 uno degli aspirapolvere pi\u00f9 complicati da usare. Pertanto, riteniamo che ci sia sicuramente spazio per un miglioramento.<\/p>\n<h4><strong>Kirby Avalir 2 (Avalir II)<\/strong><\/h4>\n<p>Ultimo modello di punta di Kirby, l&#8217;Avalir II, lanciato nel 2019, offre un&#8217;esperienza di pulizia impareggiabile, adatta alle esigenze delle famiglie moderne. Con le sue tecnologie di pulizia avanzate e le sue prestazioni migliorate, Avalir II offre un&#8217;esperienza di pulizia impareggiabile. Questo modello offre caratteristiche quali un motore pi\u00f9 potente, una tecnologia avanzata delle spazzole e un sistema di filtraggio migliorato grazie a un nuovo sacco esterno brevettato con silenziatore che cattura anche le particelle pi\u00f9 piccole.<\/p>\n<ul>\n<li><strong>Accessori aspirapolvere<\/strong>: Avalir II \u00e8 dotato di un&#8217;ampia gamma di accessori per soddisfare tutte le esigenze di pulizia, tra cui un detergente per materassi, un deodorante per ambienti e una spazzola per mobili.<\/li>\n<li><strong>Prestazioni di pulizia:<\/strong> Avalir II offre prestazioni di pulizia eccezionali grazie al potente motore e all&#8217;avanzata tecnologia delle spazzole, che consentono di svolgere con facilit\u00e0 anche le operazioni di pulizia pi\u00f9 difficili.<\/li>\n<li><strong>Durata e affidabilit\u00e0:<\/strong> grazie alla sua struttura robusta e al suo funzionamento affidabile, Avalir II \u00e8 progettato per un utilizzo a lungo termine, con requisiti minimi di manutenzione e massima affidabilit\u00e0.<\/li>\n<li><strong>Facilit\u00e0 d&#8217;uso:<\/strong> grazie al suo design ergonomico e ai comandi intuitivi, Avalir II \u00e8 facile da usare e da manovrare, rendendo semplice e veloce anche la pulizia dei lavori pi\u00f9 impegnativi.<\/li>\n<\/ul>\n<\/div><\/section>\n","protected":false},"excerpt":{"rendered":"","protected":false},"author":1,"featured_media":0,"parent":0,"menu_order":0,"comment_status":"closed","ping_status":"closed","template":"","meta":{"footnotes":""},"class_list":["post-58399","page","type-page","status-publish","hentry"],"yoast_head":"<!-- This site is optimized with the Yoast SEO Premium plugin v27.1 (Yoast SEO v27.3) - https:\/\/yoast.com\/product\/yoast-seo-premium-wordpress\/ -->\n<title>Modello Kirby - Specialista Veltec Kirby<\/title>\n<meta name=\"description\" content=\"Modello Kirby. Veltec \u00e8 fornitore di aspirapolvere Kirby da oltre 25 anni. Il vostro specialista di fiducia per l&#039;assistenza Kirby.\" \/>\n<meta name=\"robots\" content=\"index, follow, max-snippet:-1, max-image-preview:large, max-video-preview:-1\" \/>\n<link rel=\"canonical\" href=\"https:\/\/www.veltec.eu\/it\/modello-kirby\/\" \/>\n<meta property=\"og:locale\" content=\"it_IT\" \/>\n<meta property=\"og:type\" content=\"article\" \/>\n<meta property=\"og:title\" content=\"Modello Kirby\" \/>\n<meta property=\"og:url\" content=\"https:\/\/www.veltec.eu\/it\/modello-kirby\/\" \/>\n<meta property=\"og:site_name\" content=\"Veltec Kirby specialist\" \/>\n<meta property=\"article:publisher\" content=\"https:\/\/www.facebook.com\/Veltec-Kirby-Specialist-236746293374877\/\" \/>\n<meta property=\"article:modified_time\" content=\"2026-03-26T08:15:59+00:00\" \/>\n<meta property=\"og:image\" content=\"https:\/\/www.veltec.eu\/wp-content\/uploads\/2024\/06\/Kirby-Stofzuiger-modellen.jpg\" \/>\n\t<meta property=\"og:image:width\" content=\"900\" \/>\n\t<meta property=\"og:image:height\" content=\"792\" \/>\n\t<meta property=\"og:image:type\" content=\"image\/jpeg\" \/>\n<meta name=\"twitter:card\" content=\"summary_large_image\" \/>\n<meta name=\"twitter:label1\" content=\"Tempo di lettura stimato\" \/>\n\t<meta name=\"twitter:data1\" content=\"11 minuti\" \/>\n<script type=\"application\/ld+json\" class=\"yoast-schema-graph\">{\"@context\":\"https:\\\/\\\/schema.org\",\"@graph\":[{\"@type\":\"WebPage\",\"@id\":\"https:\\\/\\\/www.veltec.eu\\\/it\\\/modello-kirby\\\/\",\"url\":\"https:\\\/\\\/www.veltec.eu\\\/it\\\/modello-kirby\\\/\",\"name\":\"Modello Kirby - Specialista Veltec Kirby\",\"isPartOf\":{\"@id\":\"https:\\\/\\\/www.veltec.eu\\\/en\\\/#website\"},\"primaryImageOfPage\":{\"@id\":\"https:\\\/\\\/www.veltec.eu\\\/it\\\/modello-kirby\\\/#primaryimage\"},\"image\":{\"@id\":\"https:\\\/\\\/www.veltec.eu\\\/it\\\/modello-kirby\\\/#primaryimage\"},\"thumbnailUrl\":\"https:\\\/\\\/www.veltec.eu\\\/wp-content\\\/uploads\\\/2024\\\/06\\\/Kirby-Stofzuiger-modellen.jpg\",\"datePublished\":\"2024-05-10T07:11:32+00:00\",\"dateModified\":\"2026-03-26T08:15:59+00:00\",\"description\":\"Modello Kirby. Veltec \u00e8 fornitore di aspirapolvere Kirby da oltre 25 anni. Il vostro specialista di fiducia per l'assistenza Kirby.\",\"breadcrumb\":{\"@id\":\"https:\\\/\\\/www.veltec.eu\\\/it\\\/modello-kirby\\\/#breadcrumb\"},\"inLanguage\":\"it-IT\",\"potentialAction\":[{\"@type\":\"ReadAction\",\"target\":[\"https:\\\/\\\/www.veltec.eu\\\/it\\\/modello-kirby\\\/\"]}]},{\"@type\":\"ImageObject\",\"inLanguage\":\"it-IT\",\"@id\":\"https:\\\/\\\/www.veltec.eu\\\/it\\\/modello-kirby\\\/#primaryimage\",\"url\":\"https:\\\/\\\/www.veltec.eu\\\/wp-content\\\/uploads\\\/2024\\\/06\\\/Kirby-Stofzuiger-modellen.jpg\",\"contentUrl\":\"https:\\\/\\\/www.veltec.eu\\\/wp-content\\\/uploads\\\/2024\\\/06\\\/Kirby-Stofzuiger-modellen.jpg\"},{\"@type\":\"BreadcrumbList\",\"@id\":\"https:\\\/\\\/www.veltec.eu\\\/it\\\/modello-kirby\\\/#breadcrumb\",\"itemListElement\":[{\"@type\":\"ListItem\",\"position\":1,\"name\":\"Home\",\"item\":\"https:\\\/\\\/www.veltec.eu\\\/it\\\/\"},{\"@type\":\"ListItem\",\"position\":2,\"name\":\"Modello Kirby\"}]},{\"@type\":\"WebSite\",\"@id\":\"https:\\\/\\\/www.veltec.eu\\\/en\\\/#website\",\"url\":\"https:\\\/\\\/www.veltec.eu\\\/en\\\/\",\"name\":\"Veltec Kirby specialist\",\"description\":\"Kirby stofzuiger producten\",\"publisher\":{\"@id\":\"https:\\\/\\\/www.veltec.eu\\\/en\\\/#organization\"},\"potentialAction\":[{\"@type\":\"SearchAction\",\"target\":{\"@type\":\"EntryPoint\",\"urlTemplate\":\"https:\\\/\\\/www.veltec.eu\\\/en\\\/?s={search_term_string}\"},\"query-input\":{\"@type\":\"PropertyValueSpecification\",\"valueRequired\":true,\"valueName\":\"search_term_string\"}}],\"inLanguage\":\"it-IT\"},{\"@type\":\"Organization\",\"@id\":\"https:\\\/\\\/www.veltec.eu\\\/en\\\/#organization\",\"name\":\"Veltec Kirby Specialist\",\"url\":\"https:\\\/\\\/www.veltec.eu\\\/en\\\/\",\"logo\":{\"@type\":\"ImageObject\",\"inLanguage\":\"it-IT\",\"@id\":\"https:\\\/\\\/www.veltec.eu\\\/en\\\/#\\\/schema\\\/logo\\\/image\\\/\",\"url\":\"https:\\\/\\\/www.veltec.eu\\\/wp-content\\\/uploads\\\/2021\\\/12\\\/Veltec-log-groot-e1537260889125.png\",\"contentUrl\":\"https:\\\/\\\/www.veltec.eu\\\/wp-content\\\/uploads\\\/2021\\\/12\\\/Veltec-log-groot-e1537260889125.png\",\"width\":200,\"height\":60,\"caption\":\"Veltec Kirby Specialist\"},\"image\":{\"@id\":\"https:\\\/\\\/www.veltec.eu\\\/en\\\/#\\\/schema\\\/logo\\\/image\\\/\"},\"sameAs\":[\"https:\\\/\\\/www.facebook.com\\\/Veltec-Kirby-Specialist-236746293374877\\\/\",\"https:\\\/\\\/www.youtube.com\\\/user\\\/VeltecService\"]}]}<\/script>\n<!-- \/ Yoast SEO Premium plugin. -->","yoast_head_json":{"title":"Modello Kirby - Specialista Veltec Kirby","description":"Modello Kirby. Veltec \u00e8 fornitore di aspirapolvere Kirby da oltre 25 anni. Il vostro specialista di fiducia per l'assistenza Kirby.","robots":{"index":"index","follow":"follow","max-snippet":"max-snippet:-1","max-image-preview":"max-image-preview:large","max-video-preview":"max-video-preview:-1"},"canonical":"https:\/\/www.veltec.eu\/it\/modello-kirby\/","og_locale":"it_IT","og_type":"article","og_title":"Modello Kirby","og_url":"https:\/\/www.veltec.eu\/it\/modello-kirby\/","og_site_name":"Veltec Kirby specialist","article_publisher":"https:\/\/www.facebook.com\/Veltec-Kirby-Specialist-236746293374877\/","article_modified_time":"2026-03-26T08:15:59+00:00","og_image":[{"width":900,"height":792,"url":"https:\/\/www.veltec.eu\/wp-content\/uploads\/2024\/06\/Kirby-Stofzuiger-modellen.jpg","type":"image\/jpeg"}],"twitter_card":"summary_large_image","twitter_misc":{"Tempo di lettura stimato":"11 minuti"},"schema":{"@context":"https:\/\/schema.org","@graph":[{"@type":"WebPage","@id":"https:\/\/www.veltec.eu\/it\/modello-kirby\/","url":"https:\/\/www.veltec.eu\/it\/modello-kirby\/","name":"Modello Kirby - Specialista Veltec Kirby","isPartOf":{"@id":"https:\/\/www.veltec.eu\/en\/#website"},"primaryImageOfPage":{"@id":"https:\/\/www.veltec.eu\/it\/modello-kirby\/#primaryimage"},"image":{"@id":"https:\/\/www.veltec.eu\/it\/modello-kirby\/#primaryimage"},"thumbnailUrl":"https:\/\/www.veltec.eu\/wp-content\/uploads\/2024\/06\/Kirby-Stofzuiger-modellen.jpg","datePublished":"2024-05-10T07:11:32+00:00","dateModified":"2026-03-26T08:15:59+00:00","description":"Modello Kirby. Veltec \u00e8 fornitore di aspirapolvere Kirby da oltre 25 anni. Il vostro specialista di fiducia per l'assistenza Kirby.","breadcrumb":{"@id":"https:\/\/www.veltec.eu\/it\/modello-kirby\/#breadcrumb"},"inLanguage":"it-IT","potentialAction":[{"@type":"ReadAction","target":["https:\/\/www.veltec.eu\/it\/modello-kirby\/"]}]},{"@type":"ImageObject","inLanguage":"it-IT","@id":"https:\/\/www.veltec.eu\/it\/modello-kirby\/#primaryimage","url":"https:\/\/www.veltec.eu\/wp-content\/uploads\/2024\/06\/Kirby-Stofzuiger-modellen.jpg","contentUrl":"https:\/\/www.veltec.eu\/wp-content\/uploads\/2024\/06\/Kirby-Stofzuiger-modellen.jpg"},{"@type":"BreadcrumbList","@id":"https:\/\/www.veltec.eu\/it\/modello-kirby\/#breadcrumb","itemListElement":[{"@type":"ListItem","position":1,"name":"Home","item":"https:\/\/www.veltec.eu\/it\/"},{"@type":"ListItem","position":2,"name":"Modello Kirby"}]},{"@type":"WebSite","@id":"https:\/\/www.veltec.eu\/en\/#website","url":"https:\/\/www.veltec.eu\/en\/","name":"Veltec Kirby specialist","description":"Kirby stofzuiger producten","publisher":{"@id":"https:\/\/www.veltec.eu\/en\/#organization"},"potentialAction":[{"@type":"SearchAction","target":{"@type":"EntryPoint","urlTemplate":"https:\/\/www.veltec.eu\/en\/?s={search_term_string}"},"query-input":{"@type":"PropertyValueSpecification","valueRequired":true,"valueName":"search_term_string"}}],"inLanguage":"it-IT"},{"@type":"Organization","@id":"https:\/\/www.veltec.eu\/en\/#organization","name":"Veltec Kirby Specialist","url":"https:\/\/www.veltec.eu\/en\/","logo":{"@type":"ImageObject","inLanguage":"it-IT","@id":"https:\/\/www.veltec.eu\/en\/#\/schema\/logo\/image\/","url":"https:\/\/www.veltec.eu\/wp-content\/uploads\/2021\/12\/Veltec-log-groot-e1537260889125.png","contentUrl":"https:\/\/www.veltec.eu\/wp-content\/uploads\/2021\/12\/Veltec-log-groot-e1537260889125.png","width":200,"height":60,"caption":"Veltec Kirby Specialist"},"image":{"@id":"https:\/\/www.veltec.eu\/en\/#\/schema\/logo\/image\/"},"sameAs":["https:\/\/www.facebook.com\/Veltec-Kirby-Specialist-236746293374877\/","https:\/\/www.youtube.com\/user\/VeltecService"]}]}},"_links":{"self":[{"href":"https:\/\/www.veltec.eu\/it\/wp-json\/wp\/v2\/pages\/58399","targetHints":{"allow":["GET"]}}],"collection":[{"href":"https:\/\/www.veltec.eu\/it\/wp-json\/wp\/v2\/pages"}],"about":[{"href":"https:\/\/www.veltec.eu\/it\/wp-json\/wp\/v2\/types\/page"}],"author":[{"embeddable":true,"href":"https:\/\/www.veltec.eu\/it\/wp-json\/wp\/v2\/users\/1"}],"replies":[{"embeddable":true,"href":"https:\/\/www.veltec.eu\/it\/wp-json\/wp\/v2\/comments?post=58399"}],"version-history":[{"count":3,"href":"https:\/\/www.veltec.eu\/it\/wp-json\/wp\/v2\/pages\/58399\/revisions"}],"predecessor-version":[{"id":89763,"href":"https:\/\/www.veltec.eu\/it\/wp-json\/wp\/v2\/pages\/58399\/revisions\/89763"}],"wp:attachment":[{"href":"https:\/\/www.veltec.eu\/it\/wp-json\/wp\/v2\/media?parent=58399"}],"curies":[{"name":"wp","href":"https:\/\/api.w.org\/{rel}","templated":true}]}}