{"id":47505,"date":"2022-02-15T16:32:40","date_gmt":"2022-02-15T14:32:40","guid":{"rendered":"https:\/\/www.veltec.eu\/?page_id=47505"},"modified":"2025-06-10T16:01:32","modified_gmt":"2025-06-10T14:01:32","slug":"video-di-veltec","status":"publish","type":"page","link":"https:\/\/www.veltec.eu\/it\/video-di-veltec\/","title":{"rendered":"Video di Veltec"},"content":{"rendered":"<section  class='av_textblock_section av-kzo85om5-fe35819f63e95b1fb80230490912aa1c '   itemscope=\"itemscope\" itemtype=\"https:\/\/schema.org\/CreativeWork\" ><div class='avia_textblock'  itemprop=\"text\" ><p>Video di Veltec. Guarda i nostri video con informazioni visive sui nostri servizi.<\/p>\n<\/div><\/section>\n<div  class='flex_column av-av_one_fourth-a93934ecd89fbb8a9566d39e89cd3725 av_one_fourth  avia-builder-el-1  el_after_av_textblock  el_before_av_one_fourth  first flex_column_div  column-top-margin'     ><div  class='avia-video av-kzo87y24-3dcfba910903bdadd067f22651f9b427 avia-video-16-9 av-no-preview-image avia-video-load-always av-lazyload-immediate av-lazyload-video-embed'  itemprop=\"video\" itemtype=\"https:\/\/schema.org\/VideoObject\"  data-original_url='https:\/\/www.youtube.com\/watch?v=26A0nOVNrUw'><script type='text\/html' class='av-video-tmpl'><div class='avia-iframe-wrap'><iframe loading=\"lazy\" title=\"Veltec Kirby - Sostituire un rullo battitappeto Kirby\" width=\"1500\" height=\"844\" src=\"https:\/\/www.youtube.com\/embed\/26A0nOVNrUw?feature=oembed&autoplay=0&loop=0&controls=1&mute=0\" frameborder=\"0\" allow=\"accelerometer; autoplay; clipboard-write; encrypted-media; gyroscope; picture-in-picture; web-share\" referrerpolicy=\"strict-origin-when-cross-origin\" allowfullscreen><\/iframe><\/div><\/script><div class='av-click-to-play-overlay'><div class=\"avia_playpause_icon\"><\/div><\/div><\/div><\/div>\n<div  class='flex_column av-av_one_fourth-d06667205e6186ec8414c6eb7605d406 av_one_fourth  avia-builder-el-3  el_after_av_one_fourth  el_before_av_one_fourth  flex_column_div  column-top-margin'     ><div  class='avia-video av-kzo88eyx-64b928cca7aff8339dd8550950cdc576 avia-video-16-9 av-no-preview-image avia-video-load-always av-lazyload-immediate av-lazyload-video-embed'  itemprop=\"video\" itemtype=\"https:\/\/schema.org\/VideoObject\"  data-original_url='https:\/\/www.youtube.com\/watch?v=7jtxtBqoSE4'><script type='text\/html' class='av-video-tmpl'><div class='avia-iframe-wrap'><iframe loading=\"lazy\" title=\"Veltec Kirby - Sostituire l&#039;attacco del tubo flessibile Kirby\" width=\"1500\" height=\"844\" src=\"https:\/\/www.youtube.com\/embed\/7jtxtBqoSE4?feature=oembed&autoplay=0&loop=0&controls=1&mute=0\" frameborder=\"0\" allow=\"accelerometer; autoplay; clipboard-write; encrypted-media; gyroscope; picture-in-picture; web-share\" referrerpolicy=\"strict-origin-when-cross-origin\" allowfullscreen><\/iframe><\/div><\/script><div class='av-click-to-play-overlay'><div class=\"avia_playpause_icon\"><\/div><\/div><\/div><\/div>\n<div  class='flex_column av-av_one_fourth-d06667205e6186ec8414c6eb7605d406 av_one_fourth  avia-builder-el-5  el_after_av_one_fourth  el_before_av_one_fourth  flex_column_div  column-top-margin'     ><div  class='avia-video av-kzo88jkg-1591cec84d4c9fbb7a88477caad857c5 avia-video-16-9 av-no-preview-image avia-video-load-always av-lazyload-immediate av-lazyload-video-embed'  itemprop=\"video\" itemtype=\"https:\/\/schema.org\/VideoObject\"  data-original_url='https:\/\/www.youtube.com\/watch?v=1C_G0yF0ybI'><script type='text\/html' class='av-video-tmpl'><div class='avia-iframe-wrap'><iframe loading=\"lazy\" title=\"Veltec Kirby - Sostituire un sacchetto Kirby\" width=\"1500\" height=\"844\" src=\"https:\/\/www.youtube.com\/embed\/1C_G0yF0ybI?feature=oembed&autoplay=0&loop=0&controls=1&mute=0\" frameborder=\"0\" allow=\"accelerometer; autoplay; clipboard-write; encrypted-media; gyroscope; picture-in-picture; web-share\" referrerpolicy=\"strict-origin-when-cross-origin\" allowfullscreen><\/iframe><\/div><\/script><div class='av-click-to-play-overlay'><div class=\"avia_playpause_icon\"><\/div><\/div><\/div><\/div>\n<div  class='flex_column av-av_one_fourth-d06667205e6186ec8414c6eb7605d406 av_one_fourth  avia-builder-el-7  el_after_av_one_fourth  el_before_av_hr  flex_column_div  column-top-margin'     ><div  class='avia-video av-kzo88trm-5099d5bfd140545643346ec576d6965d avia-video-16-9 av-no-preview-image avia-video-load-always av-lazyload-immediate av-lazyload-video-embed'  itemprop=\"video\" itemtype=\"https:\/\/schema.org\/VideoObject\"  data-original_url='https:\/\/www.youtube.com\/watch?v=bID8GtTq5Qs'><script type='text\/html' class='av-video-tmpl'><div class='avia-iframe-wrap'><iframe loading=\"lazy\" title=\"Veltec Kirby - Sostituire una cinghia del rullo Kirby\" width=\"1500\" height=\"844\" src=\"https:\/\/www.youtube.com\/embed\/bID8GtTq5Qs?feature=oembed&autoplay=0&loop=0&controls=1&mute=0\" frameborder=\"0\" allow=\"accelerometer; autoplay; clipboard-write; encrypted-media; gyroscope; picture-in-picture; web-share\" referrerpolicy=\"strict-origin-when-cross-origin\" allowfullscreen><\/iframe><\/div><\/script><div class='av-click-to-play-overlay'><div class=\"avia_playpause_icon\"><\/div><\/div><\/div><\/div>\n\n<style type=\"text\/css\" data-created_by=\"avia_inline_auto\" id=\"style-css-av-kzo89jbf-d49011a64eaf77607c40816a8ed70c5b\">\n#top .hr.hr-invisible.av-kzo89jbf-d49011a64eaf77607c40816a8ed70c5b{\nheight:50px;\n}\n<\/style>\n<div  class='hr av-kzo89jbf-d49011a64eaf77607c40816a8ed70c5b hr-invisible  avia-builder-el-9  el_after_av_one_fourth  el_before_av_textblock '><span class='hr-inner '><span class=\"hr-inner-style\"><\/span><\/span><\/div>\n<section  class='av_textblock_section av-kzo8dpg6-eefe27374b7ecaa59144f388ff401e7e '   itemscope=\"itemscope\" itemtype=\"https:\/\/schema.org\/CreativeWork\" ><div class='avia_textblock'  itemprop=\"text\" ><p><!-- TrustBox widget - Starter --><\/p>\n<div class=\"trustpilot-widget\" data-locale=\"it-IT\" data-template-id=\"5613c9cde69ddc09340c6beb\" data-businessunit-id=\"4e1b158d00006400051028e4\" data-style-height=\"100%\" data-style-width=\"100%\" data-theme=\"light\"><a href=\"https:\/\/it.trustpilot.com\/review\/www.veltec.eu\" target=\"_blank\" rel=\"noopener noreferrer\">Trustpilot<\/a><\/div>\n<p><!-- End TrustBox widget --><\/p>\n<\/div><\/section>\n\n<style type=\"text\/css\" data-created_by=\"avia_inline_auto\" id=\"style-css-av-kzo8dyjp-fac8c61cf2af192029bf5503d739ee37\">\n#top .hr.hr-invisible.av-kzo8dyjp-fac8c61cf2af192029bf5503d739ee37{\nheight:50px;\n}\n<\/style>\n<div  class='hr av-kzo8dyjp-fac8c61cf2af192029bf5503d739ee37 hr-invisible  avia-builder-el-11  el_after_av_textblock  el_before_av_image '><span class='hr-inner '><span class=\"hr-inner-style\"><\/span><\/span><\/div>\n\n<style type=\"text\/css\" data-created_by=\"avia_inline_auto\" id=\"style-css-av-kzo8el1n-f0d180a4956f369dc120c5f5d1118ec1\">\n.avia-image-container.av-kzo8el1n-f0d180a4956f369dc120c5f5d1118ec1 img.avia_image{\nbox-shadow:none;\n}\n.avia-image-container.av-kzo8el1n-f0d180a4956f369dc120c5f5d1118ec1 .av-image-caption-overlay-center{\ncolor:#ffffff;\n}\n<\/style>\n<div  class='avia-image-container av-kzo8el1n-f0d180a4956f369dc120c5f5d1118ec1 av-styling- avia-align-center  avia-builder-el-12  el_after_av_hr  el_before_av_hr '   itemprop=\"image\" itemscope=\"itemscope\" itemtype=\"https:\/\/schema.org\/ImageObject\" ><div class=\"avia-image-container-inner\"><div class=\"avia-image-overlay-wrap\"><img decoding=\"async\" fetchpriority=\"high\" class='wp-image-47429 avia-img-lazy-loading-not-47429 avia_image ' src=\"https:\/\/www.veltec.eu\/wp-content\/uploads\/2022\/02\/Veltec-log-groot-e1537260889125.webp\" alt='' title='https:\/\/www.veltec.eu\/it\/'  height=\"60\" width=\"200\"  itemprop=\"thumbnailUrl\"  \/><\/div><\/div><\/div>\n\n<style type=\"text\/css\" data-created_by=\"avia_inline_auto\" id=\"style-css-av-kzo8ex8c-b19cbaa2d0dce138efd50aa0715e7fb1\">\n#top .hr.hr-invisible.av-kzo8ex8c-b19cbaa2d0dce138efd50aa0715e7fb1{\nheight:50px;\n}\n<\/style>\n<div  class='hr av-kzo8ex8c-b19cbaa2d0dce138efd50aa0715e7fb1 hr-invisible  avia-builder-el-13  el_after_av_image  el_before_av_textblock '><span class='hr-inner '><span class=\"hr-inner-style\"><\/span><\/span><\/div>\n<section  class='av_textblock_section av-kzo8fief-7060c91821bdf4977a349de5edfa8e80 '   itemscope=\"itemscope\" itemtype=\"https:\/\/schema.org\/CreativeWork\" ><div class='avia_textblock'  itemprop=\"text\" ><div class=\"flex_column av-2vhm-3883028715af4632344e8ee3ae8432c2 av_one_full avia-builder-el-31 el_after_av_productslider el_before_av_one_full first flex_column_div av-zero-column-padding \">\n<section class=\"av_textblock_section av-jmaorxn6-43437ee9ef25a06e7aed745abfe02ac4\">\n<div class=\"avia_textblock\">\n<h2>Aspirapolvere Kirby Webshop: Veltec<\/h2>\n<h3>Tutti i ricambi e gli accessori per i vostri aspirapolveri Kirby!<\/h3>\n<p>Veltec \u00e8 uno dei pi\u00f9 grandi fornitori di aspirapolveri e accessori Kirby di fascia alta. Forniamo\u00a0<a href=\"https:\/\/www.veltec.eu\/it\/kirby-aspirapolvere\/\">aspirapolveri Kirby<\/a>\u00a0a privati e aziende da oltre 13 anni. Sul nostro webshop per aspirapolveri trovate tutti i ricambi e accessori originali e ricondizionati per aspirapolveri Kirby. Il nostro webshop di aspirapolveri Kirby propone oltre 180 prodotti originali per aspirapolveri. Potrete ad es. acquistare i sacchetti Kirby, gli aspirapolveri professionali Kirby e i ricambi originali Kirby in pochi clic. Come servizio aggiuntivo potrete anche visionare i video dimostrativi pi\u00f9 utili Veltec e Kirby. Acquistare i prodotti sul nostro webshop Kirby \u00e8 facile. Ordinando il vostro prodotto Kirby oggi vi verr\u00e0 consegnato entro 3 giorni lavorativi.<\/p>\n<h2>Sistemi di pulitura Kirby<\/h2>\n<h3>I migliori sistemi di pulitura Kirby a prezzi abbordabili!<\/h3>\n<p>Oltre agli aspirapolveri Kirby, forniamo anche un\u2019ampia gamma di elettrodomestici, come i sistemi di pulitura Montiss e Kirby. La nostra linea di prodotti Kirby e Montiss propone una vasta gamma di apparecchi per la pulizia innovativi ed intelligenti. Gli apparecchi per la pulizia top di gamma includono una ricca linea di pulitori a vapore Montiss e\u00a0<a href=\"https:\/\/www.veltec.eu\/it\/?page_id=15278\">aspirapolveri Kirby<\/a>. Tutti i prodotti Kirby e Montiss sono stati precedentemente testati per assicurare che rispettino i pi\u00f9 alti standard Veltec. Grazie a questi test di qualit\u00e0 siamo in grado di proporvi una selezione dei migliori sistemi di pulitura Kirby e Montiss, aspirapolveri Kirby e accessori Kirby. Tutti i prodotti presenti sul webshop sono di alta qualit\u00e0 e offrono un ottimo rapporto qualit\u00e0\/prezzo.<\/p>\n<\/div>\n<\/section>\n<\/div>\n<div class=\"flex_column av-2ons-e5cf78e9ae507c31570e5e67adf0d1d1 av_one_full avia-builder-el-33 el_after_av_one_full avia-builder-el-last first flex_column_div av-zero-column-padding column-top-margin\">\n<section class=\"av_textblock_section av-jm6cnrsx-3df8749aaffe00a075ce5f0299af19ad\">\n<div class=\"avia_textblock\">\n<h2>Ricambi e accessori per aspirapolveri Veltec Kirby<\/h2>\n<h3><a href=\"https:\/\/www.veltec.eu\/it\/categorie\/kirby-sacchi-per-aspirapolvere\/\">Ricambi per aspirapolveri Kirby<\/a><\/h3>\n<p>Kirby \u00e8 stata fondata nel 1914. Gli aspirapolveri Kirby sono da sempre considerati molto affidabili e offrono un ottimo rapporto qualit\u00e0\/prezzo. Il tempo ha dimostrato che una corretta manutenzione del vostro aspirapolvere Kirby lo manterr\u00e0 in ottimo stato a lungo. Purtroppo l\u2019usura e il deterioramento dovuti all\u2019uso frequente possono danneggiare il prodotto, ma questo \u00e8 pressoch\u00e9 inevitabile. Non preoccupatevi per\u00f2: abbiamo tutti i ricambi per gli aspirapolveri Kirby, cos\u00ec i vostri aspirapolveri Kirby continueranno a funzionare alla perfezione. Il nostro stock \u00e8 fornitissimo: motori completi Kirby, lame del rotore, pedaliere, cavi elettrici e perfino le viti Kirby pi\u00f9 piccole: Sul webshop degli aspirapolveri Kirby potrete acquistare tutti gli\u00a0<a href=\"https:\/\/www.veltec.eu\/it\/categorie\/kirby-revisionato\/\">aspirapolveri Kirby<\/a>\u00a0originali e revisionati, i sacchetti e gli accessori con un semplice clic.<\/p>\n<h3>Sacchetti per aspirapolveri<\/h3>\n<p>Oltre ai\u00a0<a href=\"https:\/\/www.veltec.eu\/it\/categorie\/kirby-sacchi-per-aspirapolvere\/\">ricambi per aspirapolveri Kirby<\/a>, come lame dei rotori e i motori completi Kirby, Veltec propone tanti altri prodotti. Trovate i sacchetti per aspirapolveri Kirby di alta qualit\u00e0 a partire dai nuovissimi sacchetti ai sacchetti Kirby ricondizionati professionalmente. Di tanto in tanto anche gli aspirapolveri vanno puliti. Un nuovo sacchetto per aspirapolveri Kirby pu\u00f2 migliorare significativamente le prestazioni del vostro aspirapolvere. Un sacchetto Kirby nuovo o ricondizionato professionalmente vi permetter\u00e0 di aspirare tutta la polvere senza rischiare che il sacchetto si rompa.<\/p>\n<h3><a href=\"https:\/\/www.veltec.eu\/it\/categorie\/kirby-accessori\/\">Accessori Kirby<\/a><\/h3>\n<p>Per una prestazione ottimale del vostro aspirapolvere Kirby \u00e8 fondamentale usare il kit di accessori pi\u00f9 adatto. Con le spazzole professionali, ad esempio, il vostro aspirapolvere Kirby riuscir\u00e0 a raggiungere anche gli angoli pi\u00f9 difficili. Questa manutenzione prolungher\u00e0 di molto la durata del vostro aspirapolvere. Veltec propone anche le rotelle e i frontalini Kirby, cos\u00ec il vostro aspirapolvere Kirby rester\u00e0 in condizioni ottimali a lungo. Per lo sporco particolarmente ostinato, il nostro sistema Kirby con shampoo potrebbe fare al caso vostro. Con il sistema Kirby con shampoo i tappeti e tappetini sporchi sembreranno come nuovi dopo una sola applicazione. Se non sapete che tipo di accessori usare per pulire a fondo una superficie, Veltec pu\u00f2 aiutarvi mettendovi a disposizione i consigli professionali di Kirby. In questo modo polvere e sporco avranno i minuti contati.<\/p>\n<\/div>\n<\/section>\n<\/div>\n<\/div><\/section>\n","protected":false},"excerpt":{"rendered":"","protected":false},"author":1,"featured_media":0,"parent":0,"menu_order":0,"comment_status":"closed","ping_status":"closed","template":"","meta":{"_acf_changed":false,"footnotes":""},"class_list":["post-47505","page","type-page","status-publish","hentry"],"acf":[],"yoast_head":"<!-- This site is optimized with the Yoast SEO Premium plugin v27.1 (Yoast SEO v27.4) - https:\/\/yoast.com\/product\/yoast-seo-premium-wordpress\/ -->\n<title>Video di Veltec - Specialista Veltec Kirby<\/title>\n<meta name=\"description\" content=\"Video di Veltec. Guarda i nostri video con informazioni visive sui nostri servizi. Veltec \u00e8 il fornitore di aspirapolvere Kirby.\" \/>\n<meta name=\"robots\" content=\"index, follow, max-snippet:-1, max-image-preview:large, max-video-preview:-1\" \/>\n<link rel=\"canonical\" href=\"https:\/\/www.veltec.eu\/nl\/content-paginas\/de-veltec-videos\/\" \/>\n<meta property=\"og:locale\" content=\"it_IT\" \/>\n<meta property=\"og:type\" content=\"article\" \/>\n<meta property=\"og:title\" content=\"Video di Veltec\" \/>\n<meta property=\"og:url\" content=\"https:\/\/www.veltec.eu\/nl\/content-paginas\/de-veltec-videos\/\" \/>\n<meta property=\"og:site_name\" content=\"Veltec Kirby specialist\" \/>\n<meta property=\"article:publisher\" content=\"https:\/\/www.facebook.com\/Veltec-Kirby-Specialist-236746293374877\/\" \/>\n<meta property=\"article:modified_time\" content=\"2025-06-10T14:01:32+00:00\" \/>\n<meta name=\"twitter:card\" content=\"summary_large_image\" \/>\n<meta name=\"twitter:label1\" content=\"Tempo di lettura stimato\" \/>\n\t<meta name=\"twitter:data1\" content=\"4 minuti\" \/>\n<script type=\"application\/ld+json\" class=\"yoast-schema-graph\">{\"@context\":\"https:\\\/\\\/schema.org\",\"@graph\":[{\"@type\":\"WebPage\",\"@id\":\"https:\\\/\\\/www.veltec.eu\\\/nl\\\/content-paginas\\\/de-veltec-videos\\\/\",\"url\":\"https:\\\/\\\/www.veltec.eu\\\/nl\\\/content-paginas\\\/de-veltec-videos\\\/\",\"name\":\"Video di Veltec - Specialista Veltec Kirby\",\"isPartOf\":{\"@id\":\"https:\\\/\\\/www.veltec.eu\\\/en\\\/#website\"},\"datePublished\":\"2022-02-15T14:32:40+00:00\",\"dateModified\":\"2025-06-10T14:01:32+00:00\",\"description\":\"Video di Veltec. Guarda i nostri video con informazioni visive sui nostri servizi. Veltec \u00e8 il fornitore di aspirapolvere Kirby.\",\"breadcrumb\":{\"@id\":\"https:\\\/\\\/www.veltec.eu\\\/nl\\\/content-paginas\\\/de-veltec-videos\\\/#breadcrumb\"},\"inLanguage\":\"it-IT\",\"potentialAction\":[{\"@type\":\"ReadAction\",\"target\":[\"https:\\\/\\\/www.veltec.eu\\\/nl\\\/content-paginas\\\/de-veltec-videos\\\/\"]}]},{\"@type\":\"BreadcrumbList\",\"@id\":\"https:\\\/\\\/www.veltec.eu\\\/nl\\\/content-paginas\\\/de-veltec-videos\\\/#breadcrumb\",\"itemListElement\":[{\"@type\":\"ListItem\",\"position\":1,\"name\":\"Home\",\"item\":\"https:\\\/\\\/www.veltec.eu\\\/it\\\/\"},{\"@type\":\"ListItem\",\"position\":2,\"name\":\"Video di Veltec\"}]},{\"@type\":\"WebSite\",\"@id\":\"https:\\\/\\\/www.veltec.eu\\\/en\\\/#website\",\"url\":\"https:\\\/\\\/www.veltec.eu\\\/en\\\/\",\"name\":\"Veltec Kirby specialist\",\"description\":\"Kirby stofzuiger producten\",\"publisher\":{\"@id\":\"https:\\\/\\\/www.veltec.eu\\\/en\\\/#organization\"},\"potentialAction\":[{\"@type\":\"SearchAction\",\"target\":{\"@type\":\"EntryPoint\",\"urlTemplate\":\"https:\\\/\\\/www.veltec.eu\\\/en\\\/?s={search_term_string}\"},\"query-input\":{\"@type\":\"PropertyValueSpecification\",\"valueRequired\":true,\"valueName\":\"search_term_string\"}}],\"inLanguage\":\"it-IT\"},{\"@type\":\"Organization\",\"@id\":\"https:\\\/\\\/www.veltec.eu\\\/en\\\/#organization\",\"name\":\"Veltec Kirby Specialist\",\"url\":\"https:\\\/\\\/www.veltec.eu\\\/en\\\/\",\"logo\":{\"@type\":\"ImageObject\",\"inLanguage\":\"it-IT\",\"@id\":\"https:\\\/\\\/www.veltec.eu\\\/en\\\/#\\\/schema\\\/logo\\\/image\\\/\",\"url\":\"https:\\\/\\\/www.veltec.eu\\\/wp-content\\\/uploads\\\/2021\\\/12\\\/Veltec-log-groot-e1537260889125.png\",\"contentUrl\":\"https:\\\/\\\/www.veltec.eu\\\/wp-content\\\/uploads\\\/2021\\\/12\\\/Veltec-log-groot-e1537260889125.png\",\"width\":200,\"height\":60,\"caption\":\"Veltec Kirby Specialist\"},\"image\":{\"@id\":\"https:\\\/\\\/www.veltec.eu\\\/en\\\/#\\\/schema\\\/logo\\\/image\\\/\"},\"sameAs\":[\"https:\\\/\\\/www.facebook.com\\\/Veltec-Kirby-Specialist-236746293374877\\\/\",\"https:\\\/\\\/www.youtube.com\\\/user\\\/VeltecService\"]}]}<\/script>\n<!-- \/ Yoast SEO Premium plugin. -->","yoast_head_json":{"title":"Video di Veltec - Specialista Veltec Kirby","description":"Video di Veltec. Guarda i nostri video con informazioni visive sui nostri servizi. Veltec \u00e8 il fornitore di aspirapolvere Kirby.","robots":{"index":"index","follow":"follow","max-snippet":"max-snippet:-1","max-image-preview":"max-image-preview:large","max-video-preview":"max-video-preview:-1"},"canonical":"https:\/\/www.veltec.eu\/nl\/content-paginas\/de-veltec-videos\/","og_locale":"it_IT","og_type":"article","og_title":"Video di Veltec","og_url":"https:\/\/www.veltec.eu\/nl\/content-paginas\/de-veltec-videos\/","og_site_name":"Veltec Kirby specialist","article_publisher":"https:\/\/www.facebook.com\/Veltec-Kirby-Specialist-236746293374877\/","article_modified_time":"2025-06-10T14:01:32+00:00","twitter_card":"summary_large_image","twitter_misc":{"Tempo di lettura stimato":"4 minuti"},"schema":{"@context":"https:\/\/schema.org","@graph":[{"@type":"WebPage","@id":"https:\/\/www.veltec.eu\/nl\/content-paginas\/de-veltec-videos\/","url":"https:\/\/www.veltec.eu\/nl\/content-paginas\/de-veltec-videos\/","name":"Video di Veltec - Specialista Veltec Kirby","isPartOf":{"@id":"https:\/\/www.veltec.eu\/en\/#website"},"datePublished":"2022-02-15T14:32:40+00:00","dateModified":"2025-06-10T14:01:32+00:00","description":"Video di Veltec. Guarda i nostri video con informazioni visive sui nostri servizi. Veltec \u00e8 il fornitore di aspirapolvere Kirby.","breadcrumb":{"@id":"https:\/\/www.veltec.eu\/nl\/content-paginas\/de-veltec-videos\/#breadcrumb"},"inLanguage":"it-IT","potentialAction":[{"@type":"ReadAction","target":["https:\/\/www.veltec.eu\/nl\/content-paginas\/de-veltec-videos\/"]}]},{"@type":"BreadcrumbList","@id":"https:\/\/www.veltec.eu\/nl\/content-paginas\/de-veltec-videos\/#breadcrumb","itemListElement":[{"@type":"ListItem","position":1,"name":"Home","item":"https:\/\/www.veltec.eu\/it\/"},{"@type":"ListItem","position":2,"name":"Video di Veltec"}]},{"@type":"WebSite","@id":"https:\/\/www.veltec.eu\/en\/#website","url":"https:\/\/www.veltec.eu\/en\/","name":"Veltec Kirby specialist","description":"Kirby stofzuiger producten","publisher":{"@id":"https:\/\/www.veltec.eu\/en\/#organization"},"potentialAction":[{"@type":"SearchAction","target":{"@type":"EntryPoint","urlTemplate":"https:\/\/www.veltec.eu\/en\/?s={search_term_string}"},"query-input":{"@type":"PropertyValueSpecification","valueRequired":true,"valueName":"search_term_string"}}],"inLanguage":"it-IT"},{"@type":"Organization","@id":"https:\/\/www.veltec.eu\/en\/#organization","name":"Veltec Kirby Specialist","url":"https:\/\/www.veltec.eu\/en\/","logo":{"@type":"ImageObject","inLanguage":"it-IT","@id":"https:\/\/www.veltec.eu\/en\/#\/schema\/logo\/image\/","url":"https:\/\/www.veltec.eu\/wp-content\/uploads\/2021\/12\/Veltec-log-groot-e1537260889125.png","contentUrl":"https:\/\/www.veltec.eu\/wp-content\/uploads\/2021\/12\/Veltec-log-groot-e1537260889125.png","width":200,"height":60,"caption":"Veltec Kirby Specialist"},"image":{"@id":"https:\/\/www.veltec.eu\/en\/#\/schema\/logo\/image\/"},"sameAs":["https:\/\/www.facebook.com\/Veltec-Kirby-Specialist-236746293374877\/","https:\/\/www.youtube.com\/user\/VeltecService"]}]}},"_links":{"self":[{"href":"https:\/\/www.veltec.eu\/it\/wp-json\/wp\/v2\/pages\/47505","targetHints":{"allow":["GET"]}}],"collection":[{"href":"https:\/\/www.veltec.eu\/it\/wp-json\/wp\/v2\/pages"}],"about":[{"href":"https:\/\/www.veltec.eu\/it\/wp-json\/wp\/v2\/types\/page"}],"author":[{"embeddable":true,"href":"https:\/\/www.veltec.eu\/it\/wp-json\/wp\/v2\/users\/1"}],"replies":[{"embeddable":true,"href":"https:\/\/www.veltec.eu\/it\/wp-json\/wp\/v2\/comments?post=47505"}],"version-history":[{"count":2,"href":"https:\/\/www.veltec.eu\/it\/wp-json\/wp\/v2\/pages\/47505\/revisions"}],"predecessor-version":[{"id":90234,"href":"https:\/\/www.veltec.eu\/it\/wp-json\/wp\/v2\/pages\/47505\/revisions\/90234"}],"wp:attachment":[{"href":"https:\/\/www.veltec.eu\/it\/wp-json\/wp\/v2\/media?parent=47505"}],"curies":[{"name":"wp","href":"https:\/\/api.w.org\/{rel}","templated":true}]}}