{"id":3738,"date":"2018-10-05T14:28:37","date_gmt":"2018-10-05T12:28:37","guid":{"rendered":"https:\/\/www.veltec.eu\/privacy-policy\/"},"modified":"2025-06-10T14:57:46","modified_gmt":"2025-06-10T12:57:46","slug":"informativa-sulla-privacy","status":"publish","type":"page","link":"https:\/\/www.veltec.eu\/it\/informativa-sulla-privacy\/","title":{"rendered":"Informativa sulla privacy"},"content":{"rendered":"\n<style type=\"text\/css\" data-created_by=\"avia_inline_auto\" id=\"style-css-av-22umy1-b536422a63e59c89c7bae0734c90a66c\">\n.flex_column.av-22umy1-b536422a63e59c89c7bae0734c90a66c{\nborder-radius:0px 0px 0px 0px;\npadding:0px 0px 0px 0px;\n}\n<\/style>\n<div  class='flex_column av-22umy1-b536422a63e59c89c7bae0734c90a66c av_one_full  avia-builder-el-0  avia-builder-el-no-sibling  first flex_column_div av-zero-column-padding  '     ><section  class='av_textblock_section av-jmbwzuva-efb4f30f546806dd489dd87b5dd2211a '   itemscope=\"itemscope\" itemtype=\"https:\/\/schema.org\/CreativeWork\" ><div class='avia_textblock'  itemprop=\"text\" ><div class=\"page-title\"><\/div>\n<div class=\"std\">\n<h1>Informativa sulla privacy &#8211; Veltec &#8211; Specialista Aspirapolvere Kirby<\/h1>\n<p>Dati personali che vengono trattati<\/p>\n<p>Veltec Specialista Aspirapolvere, d&#8217;ora in poi chiamato Veltec, pu\u00f2 trattare i dati personali che vi riguardano, perch\u00e9 utilizzate i servizi di Veltec, e\/o perch\u00e9 fornite a Veltec un modulo di contatto sul sito web. Veltec pu\u00f2 trattare i seguenti dati personali:<\/p>\n<p>&#8211; Nome e cognome<\/p>\n<p>&#8211; Indirizzo<\/p>\n<p>&#8211; Numero di telefono<\/p>\n<p>&#8211; Indirizzo e-mail<\/p>\n<p>&#8211; Indirizzo IP<\/p>\n<p>&#8211; Numero di conto corrente bancario<\/p>\n<p><strong>Perch\u00e9 Veltec ha bisogno di dati<\/strong><\/p>\n<p>Veltec utilizza i vostri dati personali nel contesto dell&#8217;esecuzione di un contratto d&#8217;ordine con voi, solitamente consistente nella vendita online dei nostri prodotti.<\/p>\n<p>Inoltre, Veltec pu\u00f2 trattare i vostri dati per potervi contattare telefonicamente se lo richiedete, e\/o per potervi contattare per iscritto (via e-mail e\/o per posta) se non siete raggiungibili telefonicamente.<\/p>\n<p><strong>Per quanto tempo Veltec conserva i dati<\/strong><\/p>\n<p>Veltec non conserva i vostri dati personali pi\u00f9 a lungo di quanto sia strettamente necessario per raggiungere gli obiettivi per i quali i vostri dati sono stati raccolti.<\/p>\n<p>&#8211; La nostra amministrazione deve conservare i dati delle fatture, dei pagamenti e degli ordini per 7 anni presso le autorit\u00e0 fiscali. Dopodich\u00e9, utilizziamo i dati anonimi solo per i rapporti interni.<br \/>\n&#8211; Se vi siete iscritti alla newsletter o avete dato il permesso di ricevere messaggi personalizzati, conserveremo tale permesso fino a quando non vi cancellerete. Anche se in un determinato momento decidete di non voler pi\u00f9 ricevere la newsletter o i messaggi personalizzati, conserveremo la revoca della vostra richiesta. Dopo tale periodo, utilizzeremo i vostri dati solo in forma anonima, per i rapporti interni.<\/p>\n<p><strong>Dati di Google Analytics<\/strong><\/p>\n<p>Il periodo standard per i dati raccolti tramite cookie o pubblicit\u00e0 \u00e8 di 26 mesi. Volete che i vostri dati vengano cancellati subito dopo aver visitato veltec.eu? Contattateci tramite info@veltec.eu. Dopo l&#8217;elaborazione dei dati, sono necessarie 24 ore prima che i vostri dati vengano effettivamente cancellati.<\/p>\n<p><strong>Condividere con altri<\/strong><\/p>\n<p>Veltec fornisce i vostri dati personali a terzi solo se ci\u00f2 \u00e8 necessario per l&#8217;esecuzione di un contratto con voi, per la mappatura delle visite al sito web o per adempiere a un obbligo di legge.<\/p>\n<p><strong>Mappatura delle visite al sito web<\/strong><\/p>\n<p>Il sito web di Veltec tiene traccia dei dati generali dei visitatori, tra cui l&#8217;indirizzo IP del vostro computer, l&#8217;ora del recupero e i dati inviati dal vostro browser. Questi dati vengono utilizzati per analizzare il comportamento dei visitatori e dei clic sul sito web. Veltec utilizza queste informazioni per migliorare il funzionamento del sito web. Questi dati vengono anonimizzati il pi\u00f9 possibile e, se necessario, forniti a terzi.<\/p>\n<p>Inoltre, noi e le nostre reti pubblicitarie e agenzie media possiamo mostrare i vostri annunci. Ci\u00f2 avviene sulla base delle vostre precedenti visite ai nostri siti web e ai siti web di terzi. Noi e le nostre reti pubblicitarie e agenzie di comunicazione raccogliamo il vostro comportamento di navigazione, ricerca e acquisto sulla base di tecniche di cookie, del vostro indirizzo IP e del numero pubblicitario collegato al dispositivo con cui state navigando.<\/p>\n<p>Infine, esiste la possibilit\u00e0 che Veltec fornisca i vostri dati personali qualora sia obbligata a farlo a seguito di un ordine del tribunale o di un altro obbligo legale, di una citazione in giudizio o di un&#8217;azione legale o qualora ci\u00f2 sia altrimenti richiesto dalla legge, o qualora riteniamo che sia necessario per difendere i nostri diritti, ad esempio per prevenire o combattere attivit\u00e0 illegali o violazioni delle nostre politiche.<\/p>\n<p><strong>Cookiepolicy<\/strong><\/p>\n<p>Lo scopo della registrazione dei dati personali da parte di Veltec \u00e8 quello di mappare le attivit\u00e0 e le esigenze dei nostri clienti. Possiamo utilizzare queste informazioni per migliorare i nostri prodotti e servizi. Forniamo i dati a terzi, come le agenzie di comunicazione, in modo da poter fornire consigli personali o mostrare pubblicit\u00e0 mirate, ad esempio in base all&#8217;interesse per determinati prodotti.<\/p>\n<p><strong>Che cos&#8217;\u00e8 un cookie?<\/strong><\/p>\n<p>Un cookie \u00e8 un piccolo file di testo che viene memorizzato nel browser del vostro computer, tablet o smartphone quando visitate per la prima volta questo sito web. Se l&#8217;utente accetta, il file verr\u00e0 aggiunto e il cookie aiuter\u00e0 ad analizzare il traffico internet o a sapere quando si visita un determinato sito web. In generale, i cookie ci aiutano a fornirvi un sito web migliore, consentendoci di monitorare quali pagine trovate utili e quali no.<\/p>\n<p>Un cookie non ci consente in alcun modo di accedere al vostro computer o a qualsiasi informazione su di voi, ad eccezione dei dati che decidete di condividere con noi.<\/p>\n<p><strong>Quali cookie utilizziamo?<\/strong><\/p>\n<p>Cookie funzionali o necessari<br \/>\nQuesti tipi di cookie garantiscono il corretto funzionamento del nostro negozio web. Si pensi a funzionalit\u00e0 come il carrello della spesa o il processo di check-out.<\/p>\n<p>Cookie pubblicitari<br \/>\nI cookie pubblicitari ci consentono di mostrarvi offerte pertinenti di prodotti che ritenete interessanti o che avete gi\u00e0 visualizzato. Inoltre, utilizziamo questi cookie per tenere traccia delle pubblicit\u00e0 che avete gi\u00e0 visto.<\/p>\n<p>Cookie analitici<br \/>\nCon questi cookie misuriamo le statistiche del nostro negozio online. I dati che emergono da queste analisi sono completamente anonimi. Ad esempio, possiamo vedere quanti visitatori ha avuto il nostro sito web in un giorno, ma non quali persone lo hanno visitato.<\/p>\n<p><strong>Non volete che utilizziamo i vostri cookie?<\/strong><\/p>\n<p>La maggior parte dei browser web accetta automaticamente i cookie, ma di solito \u00e8 possibile modificare le impostazioni del browser per rifiutarli, se si preferisce. Ci\u00f2 potrebbe impedirvi di sfruttare appieno il sito web.<\/p>\n<p>Vedere qui per browser come modificare le impostazioni dei cookie:<\/p>\n<p>&#8211;\u00a0<a href=\"https:\/\/support.google.com\/chrome\/answer\/95647?hl=nl\">Chrome<\/a><br \/>\n&#8211;\u00a0<a href=\"https:\/\/support.mozilla.org\/nl\/kb\/cookies-verwijderen-gegevens-wissen-websites-opgeslagen\">Firefox<\/a><br \/>\n&#8211;\u00a0<a href=\"https:\/\/www.apple.com\/legal\/privacy\/nl\/cookies\/\">Safari<\/a><br \/>\n&#8211;\u00a0<a href=\"https:\/\/support.microsoft.com\/nl-nl\/help\/17442\/windows-internet-explorer-delete-manage-cookies\">Internet Explorer<\/a><\/p>\n<p>Google Analytics<\/p>\n<p>Veltec utilizza Google Analytics per tenere traccia dell&#8217;utilizzo del sito web da parte degli utenti e dell&#8217;efficacia degli annunci Adwords di Veltec sulle pagine dei risultati di ricerca di Google. Le informazioni cos\u00ec ottenute, compreso l&#8217;indirizzo del vostro computer (indirizzo IP), vengono trasmesse e memorizzate da Google su server negli Stati Uniti. Per ulteriori informazioni, leggere l&#8217;informativa sulla privacy di Google. Qui trovate anche l&#8217;informativa sulla privacy di Google Analytics. Google utilizza queste informazioni per tenere traccia dell&#8217;utilizzo del nostro sito web, per fornire rapporti sul sito web a Veltec e per fornire ai suoi inserzionisti informazioni sull&#8217;efficacia delle loro campagne. Google pu\u00f2 fornire queste informazioni a terzi se \u00e8 obbligato per legge a farlo o nella misura in cui questi terzi elaborano le informazioni per conto di Google. Veltec non ha alcuna influenza su questo. Veltec non ha concesso a Google il permesso di utilizzare le informazioni di Analytics ottenute tramite Veltec per altri servizi di Google.<\/p>\n<p><strong>Visualizzazione, modifica o cancellazione dei dati<\/strong><\/p>\n<p>Avete il diritto di visualizzare, correggere o cancellare i vostri dati personali. Potete inviare una richiesta di accesso, correzione o cancellazione a info@veltec.eu. Veltec risponder\u00e0 alla vostra richiesta il prima possibile, e comunque entro quattro settimane.<\/p>\n<p><strong>Sicurezza<\/strong><\/p>\n<p>Veltec prende sul serio la protezione dei vostri dati e adotta misure adeguate per prevenire l&#8217;uso improprio, la perdita, l&#8217;accesso non autorizzato, la divulgazione indesiderata e la modifica non autorizzata. Il sito web di Veltec utilizza un certificato SSL affidabile per garantire che i vostri dati personali non finiscano nelle mani sbagliate.<\/p>\n<p>Se avete l&#8217;impressione che i vostri dati non siano sicuri o se ci sono indicazioni di un uso improprio, o se desiderate maggiori informazioni sulla sicurezza dei dati personali raccolti da Veltec, contattate Veltec tramite info@veltec.eu.<\/p>\n<p>Veltec pu\u00f2 essere contattata come segue:<\/p>\n<p>Indirizzo: Wanraaij 29 M, 6673 DM, ANDELST<br \/>\nNumero della Camera di Commercio (KVK): 39086156<br \/>\nTelefono: +31 (0) 36 260 0061<br \/>\nE-mail: info@veltec.eu<\/p>\n<\/div>\n<\/div><\/section><\/div>\n","protected":false},"excerpt":{"rendered":"","protected":false},"author":1,"featured_media":0,"parent":0,"menu_order":0,"comment_status":"closed","ping_status":"closed","template":"","meta":{"_acf_changed":false,"footnotes":""},"class_list":["post-3738","page","type-page","status-publish","hentry"],"acf":[],"yoast_head":"<!-- This site is optimized with the Yoast SEO Premium plugin v27.1 (Yoast SEO v27.5) - https:\/\/yoast.com\/product\/yoast-seo-premium-wordpress\/ -->\n<title>Informativa sulla privacy - Specialista Veltec Kirby<\/title>\n<meta name=\"description\" content=\"Informativa sulla privacy - Tutti i termini di privacy sul sito web dello specialista Veltec Kirby. Affidabile da 25 anni.\" \/>\n<meta name=\"robots\" content=\"index, follow, max-snippet:-1, max-image-preview:large, max-video-preview:-1\" \/>\n<link rel=\"canonical\" href=\"https:\/\/www.veltec.eu\/nl\/privacybeleid\/\" \/>\n<meta property=\"og:locale\" content=\"it_IT\" \/>\n<meta property=\"og:type\" content=\"article\" \/>\n<meta property=\"og:title\" content=\"Informativa sulla privacy\" \/>\n<meta property=\"og:url\" content=\"https:\/\/www.veltec.eu\/nl\/privacybeleid\/\" \/>\n<meta property=\"og:site_name\" content=\"Veltec Kirby specialist\" \/>\n<meta property=\"article:publisher\" content=\"https:\/\/www.facebook.com\/Veltec-Kirby-Specialist-236746293374877\/\" \/>\n<meta property=\"article:modified_time\" content=\"2025-06-10T12:57:46+00:00\" \/>\n<meta name=\"twitter:card\" content=\"summary_large_image\" \/>\n<meta name=\"twitter:label1\" content=\"Tempo di lettura stimato\" \/>\n\t<meta name=\"twitter:data1\" content=\"7 minuti\" \/>\n<script type=\"application\/ld+json\" class=\"yoast-schema-graph\">{\"@context\":\"https:\\\/\\\/schema.org\",\"@graph\":[{\"@type\":\"WebPage\",\"@id\":\"https:\\\/\\\/www.veltec.eu\\\/nl\\\/privacybeleid\\\/\",\"url\":\"https:\\\/\\\/www.veltec.eu\\\/nl\\\/privacybeleid\\\/\",\"name\":\"Informativa sulla privacy - Specialista Veltec Kirby\",\"isPartOf\":{\"@id\":\"https:\\\/\\\/www.veltec.eu\\\/en\\\/#website\"},\"datePublished\":\"2018-10-05T12:28:37+00:00\",\"dateModified\":\"2025-06-10T12:57:46+00:00\",\"description\":\"Informativa sulla privacy - Tutti i termini di privacy sul sito web dello specialista Veltec Kirby. Affidabile da 25 anni.\",\"breadcrumb\":{\"@id\":\"https:\\\/\\\/www.veltec.eu\\\/nl\\\/privacybeleid\\\/#breadcrumb\"},\"inLanguage\":\"it-IT\",\"potentialAction\":[{\"@type\":\"ReadAction\",\"target\":[\"https:\\\/\\\/www.veltec.eu\\\/nl\\\/privacybeleid\\\/\"]}]},{\"@type\":\"BreadcrumbList\",\"@id\":\"https:\\\/\\\/www.veltec.eu\\\/nl\\\/privacybeleid\\\/#breadcrumb\",\"itemListElement\":[{\"@type\":\"ListItem\",\"position\":1,\"name\":\"Home\",\"item\":\"https:\\\/\\\/www.veltec.eu\\\/it\\\/la-homepage\\\/\"},{\"@type\":\"ListItem\",\"position\":2,\"name\":\"Informativa sulla privacy\"}]},{\"@type\":\"WebSite\",\"@id\":\"https:\\\/\\\/www.veltec.eu\\\/en\\\/#website\",\"url\":\"https:\\\/\\\/www.veltec.eu\\\/en\\\/\",\"name\":\"Veltec Kirby specialist\",\"description\":\"Kirby stofzuiger producten\",\"publisher\":{\"@id\":\"https:\\\/\\\/www.veltec.eu\\\/en\\\/#organization\"},\"potentialAction\":[{\"@type\":\"SearchAction\",\"target\":{\"@type\":\"EntryPoint\",\"urlTemplate\":\"https:\\\/\\\/www.veltec.eu\\\/en\\\/?s={search_term_string}\"},\"query-input\":{\"@type\":\"PropertyValueSpecification\",\"valueRequired\":true,\"valueName\":\"search_term_string\"}}],\"inLanguage\":\"it-IT\"},{\"@type\":\"Organization\",\"@id\":\"https:\\\/\\\/www.veltec.eu\\\/en\\\/#organization\",\"name\":\"Veltec Kirby Specialist\",\"url\":\"https:\\\/\\\/www.veltec.eu\\\/en\\\/\",\"logo\":{\"@type\":\"ImageObject\",\"inLanguage\":\"it-IT\",\"@id\":\"https:\\\/\\\/www.veltec.eu\\\/en\\\/#\\\/schema\\\/logo\\\/image\\\/\",\"url\":\"https:\\\/\\\/www.veltec.eu\\\/wp-content\\\/uploads\\\/2021\\\/12\\\/Veltec-log-groot-e1537260889125.png\",\"contentUrl\":\"https:\\\/\\\/www.veltec.eu\\\/wp-content\\\/uploads\\\/2021\\\/12\\\/Veltec-log-groot-e1537260889125.png\",\"width\":200,\"height\":60,\"caption\":\"Veltec Kirby Specialist\"},\"image\":{\"@id\":\"https:\\\/\\\/www.veltec.eu\\\/en\\\/#\\\/schema\\\/logo\\\/image\\\/\"},\"sameAs\":[\"https:\\\/\\\/www.facebook.com\\\/Veltec-Kirby-Specialist-236746293374877\\\/\",\"https:\\\/\\\/www.youtube.com\\\/user\\\/VeltecService\"]}]}<\/script>\n<!-- \/ Yoast SEO Premium plugin. -->","yoast_head_json":{"title":"Informativa sulla privacy - Specialista Veltec Kirby","description":"Informativa sulla privacy - Tutti i termini di privacy sul sito web dello specialista Veltec Kirby. Affidabile da 25 anni.","robots":{"index":"index","follow":"follow","max-snippet":"max-snippet:-1","max-image-preview":"max-image-preview:large","max-video-preview":"max-video-preview:-1"},"canonical":"https:\/\/www.veltec.eu\/nl\/privacybeleid\/","og_locale":"it_IT","og_type":"article","og_title":"Informativa sulla privacy","og_url":"https:\/\/www.veltec.eu\/nl\/privacybeleid\/","og_site_name":"Veltec Kirby specialist","article_publisher":"https:\/\/www.facebook.com\/Veltec-Kirby-Specialist-236746293374877\/","article_modified_time":"2025-06-10T12:57:46+00:00","twitter_card":"summary_large_image","twitter_misc":{"Tempo di lettura stimato":"7 minuti"},"schema":{"@context":"https:\/\/schema.org","@graph":[{"@type":"WebPage","@id":"https:\/\/www.veltec.eu\/nl\/privacybeleid\/","url":"https:\/\/www.veltec.eu\/nl\/privacybeleid\/","name":"Informativa sulla privacy - Specialista Veltec Kirby","isPartOf":{"@id":"https:\/\/www.veltec.eu\/en\/#website"},"datePublished":"2018-10-05T12:28:37+00:00","dateModified":"2025-06-10T12:57:46+00:00","description":"Informativa sulla privacy - Tutti i termini di privacy sul sito web dello specialista Veltec Kirby. Affidabile da 25 anni.","breadcrumb":{"@id":"https:\/\/www.veltec.eu\/nl\/privacybeleid\/#breadcrumb"},"inLanguage":"it-IT","potentialAction":[{"@type":"ReadAction","target":["https:\/\/www.veltec.eu\/nl\/privacybeleid\/"]}]},{"@type":"BreadcrumbList","@id":"https:\/\/www.veltec.eu\/nl\/privacybeleid\/#breadcrumb","itemListElement":[{"@type":"ListItem","position":1,"name":"Home","item":"https:\/\/www.veltec.eu\/it\/la-homepage\/"},{"@type":"ListItem","position":2,"name":"Informativa sulla privacy"}]},{"@type":"WebSite","@id":"https:\/\/www.veltec.eu\/en\/#website","url":"https:\/\/www.veltec.eu\/en\/","name":"Veltec Kirby specialist","description":"Kirby stofzuiger producten","publisher":{"@id":"https:\/\/www.veltec.eu\/en\/#organization"},"potentialAction":[{"@type":"SearchAction","target":{"@type":"EntryPoint","urlTemplate":"https:\/\/www.veltec.eu\/en\/?s={search_term_string}"},"query-input":{"@type":"PropertyValueSpecification","valueRequired":true,"valueName":"search_term_string"}}],"inLanguage":"it-IT"},{"@type":"Organization","@id":"https:\/\/www.veltec.eu\/en\/#organization","name":"Veltec Kirby Specialist","url":"https:\/\/www.veltec.eu\/en\/","logo":{"@type":"ImageObject","inLanguage":"it-IT","@id":"https:\/\/www.veltec.eu\/en\/#\/schema\/logo\/image\/","url":"https:\/\/www.veltec.eu\/wp-content\/uploads\/2021\/12\/Veltec-log-groot-e1537260889125.png","contentUrl":"https:\/\/www.veltec.eu\/wp-content\/uploads\/2021\/12\/Veltec-log-groot-e1537260889125.png","width":200,"height":60,"caption":"Veltec Kirby Specialist"},"image":{"@id":"https:\/\/www.veltec.eu\/en\/#\/schema\/logo\/image\/"},"sameAs":["https:\/\/www.facebook.com\/Veltec-Kirby-Specialist-236746293374877\/","https:\/\/www.youtube.com\/user\/VeltecService"]}]}},"_links":{"self":[{"href":"https:\/\/www.veltec.eu\/it\/wp-json\/wp\/v2\/pages\/3738","targetHints":{"allow":["GET"]}}],"collection":[{"href":"https:\/\/www.veltec.eu\/it\/wp-json\/wp\/v2\/pages"}],"about":[{"href":"https:\/\/www.veltec.eu\/it\/wp-json\/wp\/v2\/types\/page"}],"author":[{"embeddable":true,"href":"https:\/\/www.veltec.eu\/it\/wp-json\/wp\/v2\/users\/1"}],"replies":[{"embeddable":true,"href":"https:\/\/www.veltec.eu\/it\/wp-json\/wp\/v2\/comments?post=3738"}],"version-history":[{"count":2,"href":"https:\/\/www.veltec.eu\/it\/wp-json\/wp\/v2\/pages\/3738\/revisions"}],"predecessor-version":[{"id":80056,"href":"https:\/\/www.veltec.eu\/it\/wp-json\/wp\/v2\/pages\/3738\/revisions\/80056"}],"wp:attachment":[{"href":"https:\/\/www.veltec.eu\/it\/wp-json\/wp\/v2\/media?parent=3738"}],"curies":[{"name":"wp","href":"https:\/\/api.w.org\/{rel}","templated":true}]}}