{"id":3723,"date":"2018-10-05T14:22:26","date_gmt":"2018-10-05T12:22:26","guid":{"rendered":"https:\/\/www.veltec.eu\/politica-di-reso\/"},"modified":"2025-06-10T15:36:54","modified_gmt":"2025-06-10T13:36:54","slug":"politica-di-reso","status":"publish","type":"page","link":"https:\/\/www.veltec.eu\/it\/politica-di-reso\/","title":{"rendered":"Politica di reso"},"content":{"rendered":"\n<style type=\"text\/css\" data-created_by=\"avia_inline_auto\" id=\"style-css-av-9uxpx-24a82d43df3c26c45fb35d4e7e9a68c3\">\n.flex_column.av-9uxpx-24a82d43df3c26c45fb35d4e7e9a68c3{\nborder-radius:0px 0px 0px 0px;\npadding:0px 0px 0px 0px;\n}\n<\/style>\n<div  class='flex_column av-9uxpx-24a82d43df3c26c45fb35d4e7e9a68c3 av_one_fifth  avia-builder-el-0  el_before_av_four_fifth  avia-builder-el-first  first flex_column_div av-zero-column-padding  '     ><style type=\"text\/css\" data-created_by=\"avia_inline_auto\" id=\"style-css-av-jn39tm1r-0436aa48d75fc04529b763440e6edc3d\">\n.av_font_icon.av-jn39tm1r-0436aa48d75fc04529b763440e6edc3d{\ncolor:#6786a1;\nborder-color:#6786a1;\n}\n.avia-svg-icon.av-jn39tm1r-0436aa48d75fc04529b763440e6edc3d svg:first-child{\nstroke:#6786a1;\nfill:#6786a1;\n}\n.av_font_icon.av-jn39tm1r-0436aa48d75fc04529b763440e6edc3d .av-icon-char{\nfont-size:40px;\nline-height:40px;\nwidth:40px;\n}\n<\/style>\n<span  class='av_font_icon av-jn39tm1r-0436aa48d75fc04529b763440e6edc3d avia_animate_when_visible av-icon-style-border avia-icon-pos-left avia-iconfont avia-font-entypo-fontello avia-icon-animate'><span class='av-icon-char' data-av_icon='\ue891' data-av_iconfont='entypo-fontello' aria-hidden=\"true\" ><\/span><\/span><\/div>\n\n<style type=\"text\/css\" data-created_by=\"avia_inline_auto\" id=\"style-css-av-z0qt-53f6ea13528e2c4661c269cb63317c92\">\n.flex_column.av-z0qt-53f6ea13528e2c4661c269cb63317c92{\nborder-radius:0px 0px 0px 0px;\npadding:0px 0px 0px 0px;\n}\n<\/style>\n<div  class='flex_column av-z0qt-53f6ea13528e2c4661c269cb63317c92 av_four_fifth  avia-builder-el-2  el_after_av_one_fifth  el_before_av_one_full  flex_column_div av-zero-column-padding  '     ><section  class='av_textblock_section av-jmbr413g-1eb5c1b5de5c67641f7cf4dba23e26ef '   itemscope=\"itemscope\" itemtype=\"https:\/\/schema.org\/CreativeWork\" ><div class='avia_textblock'  itemprop=\"text\" ><h4 class=\"p1\"><strong>Politica di reso<\/strong><\/h4>\n<p class=\"p1\">Nell\u2019ambito della legge sugli \u201cAcquisti a distanza\u201d dopo aver effettuato un acquisto da Veltec ha diritto ad un periodo di ripensamento. In altre parole, acquistando i prodotti il cliente ha la possibilit\u00e0 di rescindere il contratto senza indicarne le ragioni entro un periodo di almeno quattordici (14) giorni lavorativi. Il periodo di recesso decorre dal giorno della ricezione del prodotto da o per conto del cliente.<\/p>\n<p class=\"p1\">Durante questo periodo il cliente conserver\u00e0 con cura il prodotto e l\u2019imballaggio. Non disimballer\u00e0 il prodotto, n\u00e9 lo utilizzer\u00e0 per poter valutare se desidera tenerlo. Se decider\u00e0 di avvalersi del diritto di recesso rispedir\u00e0 a <a href=\"https:\/\/www.veltec.eu\/it\/\">Veltec<\/a> il prodotto con tutti gli accessori, nello stato e nell\u2019imballaggio originali, come specificato nelle chiare istruzioni fornite da Veltec.<\/p>\n<p class=\"p1\">Il cliente ha il diritto di rispedire a Veltec i prodotti consegnatigli entro quattordici (14) giorni dal loro ricevimento senza motivarne le ragioni a patto che:<\/p>\n<h4>Restituzione<\/h4>\n<p class=\"p1\">La restituzione dei prodotti sia a carico del cliente. Veltec non ritirer\u00e0 i pacchi con affrancatura insufficiente<\/p>\n<p class=\"p1\">b. Il cliente sia personalmente responsabile della modalit\u00e0 di spedizione e del rischio di trasporto del pacco \u2013 e si assuma suddetta responsabilit\u00e0 e rischio fino al momento in cui Veltec non avr\u00e0 preso in consegna il pacco.<\/p>\n<p class=\"p1\">c. ATTENZIONE !!! Gli aspirapolvere Kirby ricondizionati non possono essere ritirati!!!).<br \/>\nQuesto perch\u00e9 vengono ricondizionati su ordine dell&#8217;acquirente. Per questo vengono impiegate ore di manodopera e vengono acquistate nuove parti del motore appositamente per questo scopo, che vengono poi montate nell&#8217;aspirapolvere Kirby ordinato. Una volta assemblati, questi prodotti non possono essere smontati. Si tratta di un servizio completamente eseguito, per il quale vale il fatto che prima di effettuare l&#8217;ordine avete esplicitamente accettato di iniziare il servizio, nonch\u00e9 il fatto che non pu\u00f2 essere annullato dopo la completa esecuzione dell&#8217;accordo.<\/p>\n<p class=\"p1\">d. I prodotti consegnati siano restituiti nel loro imballaggio originale e integro. (gli imballaggi originali che sono stati aperti non saranno ritirati!)<\/p>\n<p class=\"p1\">Il diritto di recesso vale come condizione risolutoria grazie alla quale il Cliente ha il diritto al rimborso dell\u2019importo che ha gi\u00e0 pagato<\/p>\n<p><strong>Indirizzo del mittente<\/strong><\/p>\n<p>Wanraaij 29M, 6673 DM, Andelst (Netherlands)<\/p>\n<\/div><\/section><\/div>\n<div  class='flex_column av-av_one_full-a93934ecd89fbb8a9566d39e89cd3725 av_one_full  avia-builder-el-4  el_after_av_four_fifth  avia-builder-el-last  first flex_column_div  '     ><section  class='av_textblock_section av-ky1bvbzz-0a33b693e4d635a581eeb4dac541052f '   itemscope=\"itemscope\" itemtype=\"https:\/\/schema.org\/CreativeWork\" ><div class='avia_textblock'  itemprop=\"text\" >\n<style type=\"text\/css\" data-created_by=\"avia_inline_auto\" id=\"style-css-av-6u01i-294e84c5e5ccbb05371eb2d59b098352\">\n#top .hr.hr-invisible.av-6u01i-294e84c5e5ccbb05371eb2d59b098352{\nheight:50px;\n}\n<\/style>\n<div  class='hr av-6u01i-294e84c5e5ccbb05371eb2d59b098352 hr-invisible  avia-builder-el-6  avia-builder-el-no-sibling '><span class='hr-inner '><span class=\"hr-inner-style\"><\/span><\/span><\/div>\n<p><img decoding=\"async\" class=\"aligncenter wp-image-44337 size-full\" src=\"https:\/\/www.veltec.eu\/wp-content\/uploads\/2021\/12\/Veltec-log-groot-e1537260889125.png\" alt=\"Politica di reso\" width=\"200\" height=\"60\" \/><\/p>\n<p><!-- TrustBox widget - Starter --><\/p>\n<div class=\"trustpilot-widget\" data-locale=\"it-IT\" data-template-id=\"5613c9cde69ddc09340c6beb\" data-businessunit-id=\"4e1b158d00006400051028e4\" data-style-height=\"100%\" data-style-width=\"100%\" data-theme=\"light\"><a href=\"https:\/\/it.trustpilot.com\/review\/www.veltec.eu\" target=\"_blank\" rel=\"noopener\"><img decoding=\"async\" class=\"aligncenter wp-image-55247 size-full\" src=\"https:\/\/www.veltec.eu\/wp-content\/uploads\/2023\/12\/IT.jpg\" alt=\"\" width=\"700\" height=\"59\" srcset=\"https:\/\/www.veltec.eu\/wp-content\/uploads\/2023\/12\/IT.jpg 700w, https:\/\/www.veltec.eu\/wp-content\/uploads\/2023\/12\/IT-300x25.jpg 300w, https:\/\/www.veltec.eu\/wp-content\/uploads\/2023\/12\/IT-450x38.jpg 450w, https:\/\/www.veltec.eu\/wp-content\/uploads\/2023\/12\/IT-600x51.jpg 600w, https:\/\/www.veltec.eu\/wp-content\/uploads\/2023\/12\/IT-190x16.jpg 190w\" sizes=\"(max-width: 700px) 100vw, 700px\" \/><\/a><\/div>\n<div style=\"text-align: center;\" data-locale=\"it-IT\" data-template-id=\"5613c9cde69ddc09340c6beb\" data-businessunit-id=\"4e1b158d00006400051028e4\" data-style-height=\"100%\" data-style-width=\"100%\" data-theme=\"light\">Veltec \u00e8 uno dei pi\u00f9 grandi fornitori di aspirapolveri e accessori Kirby di fascia alta.<br \/>\nForniamo\u00a0<a href=\"https:\/\/www.veltec.eu\/it\/kirby-aspirapolvere\/\">aspirapolveri Kirby<\/a>\u00a0a privati e aziende da oltre 13 anni.<\/div>\n<p><!-- End TrustBox widget --><\/p>\n<\/div><\/section><\/div>\n","protected":false},"excerpt":{"rendered":"","protected":false},"author":1,"featured_media":0,"parent":0,"menu_order":0,"comment_status":"closed","ping_status":"closed","template":"","meta":{"footnotes":""},"class_list":["post-3723","page","type-page","status-publish","hentry"],"yoast_head":"<!-- This site is optimized with the Yoast SEO Premium plugin v27.1 (Yoast SEO v27.3) - https:\/\/yoast.com\/product\/yoast-seo-premium-wordpress\/ -->\n<title>Politica di reso - Specialista Veltec Kirby<\/title>\n<meta name=\"description\" content=\"Politica di reso. Veltec \u00e8 uno dei pi\u00f9 grandi fornitori di aspirapolveri e accessori Kirby di fascia alta. Forniamo aspirapolveri Kirby ...\" \/>\n<meta name=\"robots\" content=\"index, follow, max-snippet:-1, max-image-preview:large, max-video-preview:-1\" \/>\n<link rel=\"canonical\" href=\"https:\/\/www.veltec.eu\/nl\/retourbeleid\/\" \/>\n<meta property=\"og:locale\" content=\"it_IT\" \/>\n<meta property=\"og:type\" content=\"article\" \/>\n<meta property=\"og:title\" content=\"Politica di reso\" \/>\n<meta property=\"og:url\" content=\"https:\/\/www.veltec.eu\/nl\/retourbeleid\/\" \/>\n<meta property=\"og:site_name\" content=\"Veltec Kirby specialist\" \/>\n<meta property=\"article:publisher\" content=\"https:\/\/www.facebook.com\/Veltec-Kirby-Specialist-236746293374877\/\" \/>\n<meta property=\"article:modified_time\" content=\"2025-06-10T13:36:54+00:00\" \/>\n<meta property=\"og:image\" content=\"https:\/\/www.veltec.eu\/wp-content\/uploads\/2021\/12\/Veltec-log-groot-e1537260889125.png\" \/>\n<meta name=\"twitter:card\" content=\"summary_large_image\" \/>\n<meta name=\"twitter:label1\" content=\"Tempo di lettura stimato\" \/>\n\t<meta name=\"twitter:data1\" content=\"3 minuti\" \/>\n<script type=\"application\/ld+json\" class=\"yoast-schema-graph\">{\"@context\":\"https:\\\/\\\/schema.org\",\"@graph\":[{\"@type\":\"WebPage\",\"@id\":\"https:\\\/\\\/www.veltec.eu\\\/nl\\\/retourbeleid\\\/\",\"url\":\"https:\\\/\\\/www.veltec.eu\\\/nl\\\/retourbeleid\\\/\",\"name\":\"Politica di reso - Specialista Veltec Kirby\",\"isPartOf\":{\"@id\":\"https:\\\/\\\/www.veltec.eu\\\/en\\\/#website\"},\"primaryImageOfPage\":{\"@id\":\"https:\\\/\\\/www.veltec.eu\\\/nl\\\/retourbeleid\\\/#primaryimage\"},\"image\":{\"@id\":\"https:\\\/\\\/www.veltec.eu\\\/nl\\\/retourbeleid\\\/#primaryimage\"},\"thumbnailUrl\":\"https:\\\/\\\/www.veltec.eu\\\/wp-content\\\/uploads\\\/2021\\\/12\\\/Veltec-log-groot-e1537260889125.png\",\"datePublished\":\"2018-10-05T12:22:26+00:00\",\"dateModified\":\"2025-06-10T13:36:54+00:00\",\"description\":\"Politica di reso. Veltec \u00e8 uno dei pi\u00f9 grandi fornitori di aspirapolveri e accessori Kirby di fascia alta. Forniamo aspirapolveri Kirby ...\",\"breadcrumb\":{\"@id\":\"https:\\\/\\\/www.veltec.eu\\\/nl\\\/retourbeleid\\\/#breadcrumb\"},\"inLanguage\":\"it-IT\",\"potentialAction\":[{\"@type\":\"ReadAction\",\"target\":[\"https:\\\/\\\/www.veltec.eu\\\/nl\\\/retourbeleid\\\/\"]}]},{\"@type\":\"ImageObject\",\"inLanguage\":\"it-IT\",\"@id\":\"https:\\\/\\\/www.veltec.eu\\\/nl\\\/retourbeleid\\\/#primaryimage\",\"url\":\"https:\\\/\\\/www.veltec.eu\\\/wp-content\\\/uploads\\\/2021\\\/12\\\/Veltec-log-groot-e1537260889125.png\",\"contentUrl\":\"https:\\\/\\\/www.veltec.eu\\\/wp-content\\\/uploads\\\/2021\\\/12\\\/Veltec-log-groot-e1537260889125.png\"},{\"@type\":\"BreadcrumbList\",\"@id\":\"https:\\\/\\\/www.veltec.eu\\\/nl\\\/retourbeleid\\\/#breadcrumb\",\"itemListElement\":[{\"@type\":\"ListItem\",\"position\":1,\"name\":\"Home\",\"item\":\"https:\\\/\\\/www.veltec.eu\\\/it\\\/\"},{\"@type\":\"ListItem\",\"position\":2,\"name\":\"Politica di reso\"}]},{\"@type\":\"WebSite\",\"@id\":\"https:\\\/\\\/www.veltec.eu\\\/en\\\/#website\",\"url\":\"https:\\\/\\\/www.veltec.eu\\\/en\\\/\",\"name\":\"Veltec Kirby specialist\",\"description\":\"Kirby stofzuiger producten\",\"publisher\":{\"@id\":\"https:\\\/\\\/www.veltec.eu\\\/en\\\/#organization\"},\"potentialAction\":[{\"@type\":\"SearchAction\",\"target\":{\"@type\":\"EntryPoint\",\"urlTemplate\":\"https:\\\/\\\/www.veltec.eu\\\/en\\\/?s={search_term_string}\"},\"query-input\":{\"@type\":\"PropertyValueSpecification\",\"valueRequired\":true,\"valueName\":\"search_term_string\"}}],\"inLanguage\":\"it-IT\"},{\"@type\":\"Organization\",\"@id\":\"https:\\\/\\\/www.veltec.eu\\\/en\\\/#organization\",\"name\":\"Veltec Kirby Specialist\",\"url\":\"https:\\\/\\\/www.veltec.eu\\\/en\\\/\",\"logo\":{\"@type\":\"ImageObject\",\"inLanguage\":\"it-IT\",\"@id\":\"https:\\\/\\\/www.veltec.eu\\\/en\\\/#\\\/schema\\\/logo\\\/image\\\/\",\"url\":\"https:\\\/\\\/www.veltec.eu\\\/wp-content\\\/uploads\\\/2021\\\/12\\\/Veltec-log-groot-e1537260889125.png\",\"contentUrl\":\"https:\\\/\\\/www.veltec.eu\\\/wp-content\\\/uploads\\\/2021\\\/12\\\/Veltec-log-groot-e1537260889125.png\",\"width\":200,\"height\":60,\"caption\":\"Veltec Kirby Specialist\"},\"image\":{\"@id\":\"https:\\\/\\\/www.veltec.eu\\\/en\\\/#\\\/schema\\\/logo\\\/image\\\/\"},\"sameAs\":[\"https:\\\/\\\/www.facebook.com\\\/Veltec-Kirby-Specialist-236746293374877\\\/\",\"https:\\\/\\\/www.youtube.com\\\/user\\\/VeltecService\"]}]}<\/script>\n<!-- \/ Yoast SEO Premium plugin. -->","yoast_head_json":{"title":"Politica di reso - Specialista Veltec Kirby","description":"Politica di reso. Veltec \u00e8 uno dei pi\u00f9 grandi fornitori di aspirapolveri e accessori Kirby di fascia alta. Forniamo aspirapolveri Kirby ...","robots":{"index":"index","follow":"follow","max-snippet":"max-snippet:-1","max-image-preview":"max-image-preview:large","max-video-preview":"max-video-preview:-1"},"canonical":"https:\/\/www.veltec.eu\/nl\/retourbeleid\/","og_locale":"it_IT","og_type":"article","og_title":"Politica di reso","og_url":"https:\/\/www.veltec.eu\/nl\/retourbeleid\/","og_site_name":"Veltec Kirby specialist","article_publisher":"https:\/\/www.facebook.com\/Veltec-Kirby-Specialist-236746293374877\/","article_modified_time":"2025-06-10T13:36:54+00:00","og_image":[{"url":"https:\/\/www.veltec.eu\/wp-content\/uploads\/2021\/12\/Veltec-log-groot-e1537260889125.png","type":"","width":"","height":""}],"twitter_card":"summary_large_image","twitter_misc":{"Tempo di lettura stimato":"3 minuti"},"schema":{"@context":"https:\/\/schema.org","@graph":[{"@type":"WebPage","@id":"https:\/\/www.veltec.eu\/nl\/retourbeleid\/","url":"https:\/\/www.veltec.eu\/nl\/retourbeleid\/","name":"Politica di reso - Specialista Veltec Kirby","isPartOf":{"@id":"https:\/\/www.veltec.eu\/en\/#website"},"primaryImageOfPage":{"@id":"https:\/\/www.veltec.eu\/nl\/retourbeleid\/#primaryimage"},"image":{"@id":"https:\/\/www.veltec.eu\/nl\/retourbeleid\/#primaryimage"},"thumbnailUrl":"https:\/\/www.veltec.eu\/wp-content\/uploads\/2021\/12\/Veltec-log-groot-e1537260889125.png","datePublished":"2018-10-05T12:22:26+00:00","dateModified":"2025-06-10T13:36:54+00:00","description":"Politica di reso. Veltec \u00e8 uno dei pi\u00f9 grandi fornitori di aspirapolveri e accessori Kirby di fascia alta. Forniamo aspirapolveri Kirby ...","breadcrumb":{"@id":"https:\/\/www.veltec.eu\/nl\/retourbeleid\/#breadcrumb"},"inLanguage":"it-IT","potentialAction":[{"@type":"ReadAction","target":["https:\/\/www.veltec.eu\/nl\/retourbeleid\/"]}]},{"@type":"ImageObject","inLanguage":"it-IT","@id":"https:\/\/www.veltec.eu\/nl\/retourbeleid\/#primaryimage","url":"https:\/\/www.veltec.eu\/wp-content\/uploads\/2021\/12\/Veltec-log-groot-e1537260889125.png","contentUrl":"https:\/\/www.veltec.eu\/wp-content\/uploads\/2021\/12\/Veltec-log-groot-e1537260889125.png"},{"@type":"BreadcrumbList","@id":"https:\/\/www.veltec.eu\/nl\/retourbeleid\/#breadcrumb","itemListElement":[{"@type":"ListItem","position":1,"name":"Home","item":"https:\/\/www.veltec.eu\/it\/"},{"@type":"ListItem","position":2,"name":"Politica di reso"}]},{"@type":"WebSite","@id":"https:\/\/www.veltec.eu\/en\/#website","url":"https:\/\/www.veltec.eu\/en\/","name":"Veltec Kirby specialist","description":"Kirby stofzuiger producten","publisher":{"@id":"https:\/\/www.veltec.eu\/en\/#organization"},"potentialAction":[{"@type":"SearchAction","target":{"@type":"EntryPoint","urlTemplate":"https:\/\/www.veltec.eu\/en\/?s={search_term_string}"},"query-input":{"@type":"PropertyValueSpecification","valueRequired":true,"valueName":"search_term_string"}}],"inLanguage":"it-IT"},{"@type":"Organization","@id":"https:\/\/www.veltec.eu\/en\/#organization","name":"Veltec Kirby Specialist","url":"https:\/\/www.veltec.eu\/en\/","logo":{"@type":"ImageObject","inLanguage":"it-IT","@id":"https:\/\/www.veltec.eu\/en\/#\/schema\/logo\/image\/","url":"https:\/\/www.veltec.eu\/wp-content\/uploads\/2021\/12\/Veltec-log-groot-e1537260889125.png","contentUrl":"https:\/\/www.veltec.eu\/wp-content\/uploads\/2021\/12\/Veltec-log-groot-e1537260889125.png","width":200,"height":60,"caption":"Veltec Kirby Specialist"},"image":{"@id":"https:\/\/www.veltec.eu\/en\/#\/schema\/logo\/image\/"},"sameAs":["https:\/\/www.facebook.com\/Veltec-Kirby-Specialist-236746293374877\/","https:\/\/www.youtube.com\/user\/VeltecService"]}]}},"_links":{"self":[{"href":"https:\/\/www.veltec.eu\/it\/wp-json\/wp\/v2\/pages\/3723","targetHints":{"allow":["GET"]}}],"collection":[{"href":"https:\/\/www.veltec.eu\/it\/wp-json\/wp\/v2\/pages"}],"about":[{"href":"https:\/\/www.veltec.eu\/it\/wp-json\/wp\/v2\/types\/page"}],"author":[{"embeddable":true,"href":"https:\/\/www.veltec.eu\/it\/wp-json\/wp\/v2\/users\/1"}],"replies":[{"embeddable":true,"href":"https:\/\/www.veltec.eu\/it\/wp-json\/wp\/v2\/comments?post=3723"}],"version-history":[{"count":2,"href":"https:\/\/www.veltec.eu\/it\/wp-json\/wp\/v2\/pages\/3723\/revisions"}],"predecessor-version":[{"id":80110,"href":"https:\/\/www.veltec.eu\/it\/wp-json\/wp\/v2\/pages\/3723\/revisions\/80110"}],"wp:attachment":[{"href":"https:\/\/www.veltec.eu\/it\/wp-json\/wp\/v2\/media?parent=3723"}],"curies":[{"name":"wp","href":"https:\/\/api.w.org\/{rel}","templated":true}]}}