{"id":3717,"date":"2018-10-05T14:17:23","date_gmt":"2018-10-05T12:17:23","guid":{"rendered":"https:\/\/www.veltec.eu\/servizio-clienti\/"},"modified":"2026-05-06T11:06:07","modified_gmt":"2026-05-06T09:06:07","slug":"servizio-clienti","status":"publish","type":"page","link":"https:\/\/www.veltec.eu\/it\/servizio-clienti\/","title":{"rendered":"Servizio Clienti"},"content":{"rendered":"\n<style type=\"text\/css\" data-created_by=\"avia_inline_auto\" id=\"style-css-av-7zxoi-9237fb34409ded3af3f5e8272d6b2973\">\n.flex_column.av-7zxoi-9237fb34409ded3af3f5e8272d6b2973{\nborder-radius:0px 0px 0px 0px;\npadding:0px 0px 0px 0px;\n}\n<\/style>\n<div  class='flex_column av-7zxoi-9237fb34409ded3af3f5e8272d6b2973 av_one_full  avia-builder-el-0  el_before_av_one_full  avia-builder-el-first  first flex_column_div av-zero-column-padding  '     ><style type=\"text\/css\" data-created_by=\"avia_inline_auto\" id=\"style-css-av-jn2rdjta-bc26aeb7ab6f07cee0c4d1162d993832\">\n.avia-image-container.av-jn2rdjta-bc26aeb7ab6f07cee0c4d1162d993832 img.avia_image{\nbox-shadow:none;\n}\n.avia-image-container.av-jn2rdjta-bc26aeb7ab6f07cee0c4d1162d993832 .av-caption-image-overlay-bg{\nopacity:0.4;\nbackground-color:#6786a1;\n}\n.avia-image-container.av-jn2rdjta-bc26aeb7ab6f07cee0c4d1162d993832 .av-image-caption-overlay-center{\ncolor:#ffffff;\n}\n<\/style>\n<div  class='avia-image-container av-jn2rdjta-bc26aeb7ab6f07cee0c4d1162d993832 av-styling- avia-align-center  avia-builder-el-1  avia-builder-el-no-sibling  noHover av-overlay-hover-deactivate'   itemprop=\"image\" itemscope=\"itemscope\" itemtype=\"https:\/\/schema.org\/ImageObject\" ><div class=\"avia-image-container-inner\"><div class=\"avia-image-overlay-wrap\"><div class=\"av-image-caption-overlay\"><div class=\"av-caption-image-overlay-bg\"><\/div><div class=\"av-image-caption-overlay-position\"><div class=\"av-image-caption-overlay-center\"><\/div><\/div><\/div><img decoding=\"async\" fetchpriority=\"high\" class='wp-image- avia-img-lazy-loading-not- avia_image ' src=\"https:\/\/www.veltec.eu\/wp-content\/uploads\/2018\/09\/hero_customer_services_3.jpg\" alt='' title=''   itemprop=\"thumbnailUrl\"  \/><\/div><\/div><\/div><\/div>\n\n<style type=\"text\/css\" data-created_by=\"avia_inline_auto\" id=\"style-css-av-9dtz6-1a9e29acae5b2e09e007b82897f3e1c4\">\n.flex_column.av-9dtz6-1a9e29acae5b2e09e007b82897f3e1c4{\nborder-radius:0px 0px 0px 0px;\npadding:0px 0px 0px 0px;\n}\n<\/style>\n<div  class='flex_column av-9dtz6-1a9e29acae5b2e09e007b82897f3e1c4 av_one_full  avia-builder-el-2  el_after_av_one_full  el_before_av_one_fifth  first flex_column_div av-zero-column-padding  column-top-margin'     ><section  class='av_textblock_section av-jmbr3ff1-cd503ac78afdf23ce686f866562eada3 '   itemscope=\"itemscope\" itemtype=\"https:\/\/schema.org\/CreativeWork\" ><div class='avia_textblock'  itemprop=\"text\" ><h2>Veltec specialista Kirby<\/h2>\n<p>Servizio Clienti. Esperto e competente.<\/p>\n<p>Veltec Specialista Kirby ha il proprio servizio clienti. Noi abbiamo un entusiasto e qualificato team a sua disposizione per rispondere a tutte le sue domande. Ogni nostro dipendente ha anche una propria area di specializzazione, in questo modo potra` ottenere sempre informazioni dettagliate.<\/p>\n<p>I nostri collaboratori sono regolarmente addestrati per poterla informare e consigliare al meglio.Le specializzazioni sono divise in diversi gruppi.(Servizio generale clienti), (Servizi tecnici), ed il (Servizio guasti).<\/p>\n<h4>Servizio clienti<\/h4>\n<p>Noi sentiamo con piacere cosa va bene, ma naturalmente anche cosa dovremmo migliorare cosicche` noi la possiamo servire nel miglior modo possibile.<\/p>\n<p>Noi siamo a sua disposizione durante i giorni lavorativi dalle ore 09:00 fino le ore 17:00 al sottostante numero di telefono. Naturalmente puo` raggiungerci anche via e-mail.<\/p>\n<p>Parliamo solo inglese !!<\/p>\n<p>Indirizzo postale: <span class=\"\">Wanraaij 29 M\u00a0 <\/span><span class=\"\">6673 DM ANDELST\u00a0 <\/span><span class=\"\">Netherlands<\/span><\/p>\n<p>Servizio clienti:\u00a0+31 (0) 36 260 00 61<\/p>\n<\/div><\/section><\/div>\n\n<style type=\"text\/css\" data-created_by=\"avia_inline_auto\" id=\"style-css-av-gqa1e-223fcada78285c204eba15a49b23dd00\">\n.flex_column.av-gqa1e-223fcada78285c204eba15a49b23dd00{\nborder-radius:0px 0px 0px 0px;\npadding:0px 0px 0px 0px;\n}\n<\/style>\n<div  class='flex_column av-gqa1e-223fcada78285c204eba15a49b23dd00 av_one_fifth  avia-builder-el-4  el_after_av_one_full  el_before_av_four_fifth  first flex_column_div av-zero-column-padding  column-top-margin'     ><style type=\"text\/css\" data-created_by=\"avia_inline_auto\" id=\"style-css-av-jn3anh3w-623bce81d3d498d010134b0678b9fe01\">\n.av_font_icon.av-jn3anh3w-623bce81d3d498d010134b0678b9fe01{\ncolor:#6786a1;\nborder-color:#6786a1;\n}\n.avia-svg-icon.av-jn3anh3w-623bce81d3d498d010134b0678b9fe01 svg:first-child{\nstroke:#6786a1;\nfill:#6786a1;\n}\n.av_font_icon.av-jn3anh3w-623bce81d3d498d010134b0678b9fe01 .av-icon-char{\nfont-size:40px;\nline-height:40px;\nwidth:40px;\n}\n<\/style>\n<span  class='av_font_icon av-jn3anh3w-623bce81d3d498d010134b0678b9fe01 avia_animate_when_visible av-icon-style-border avia-icon-pos-right avia-iconfont avia-font-entypo-fontello'><span class='av-icon-char' data-av_icon='\ue854' data-av_iconfont='entypo-fontello' aria-hidden=\"true\" ><\/span><\/span><\/div>\n\n<style type=\"text\/css\" data-created_by=\"avia_inline_auto\" id=\"style-css-av-9ybmq-735723168ec1b63139f20fa9e3e5d66d\">\n.flex_column.av-9ybmq-735723168ec1b63139f20fa9e3e5d66d{\nborder-radius:0px 0px 0px 0px;\npadding:0px 0px 0px 0px;\n}\n<\/style>\n<div  class='flex_column av-9ybmq-735723168ec1b63139f20fa9e3e5d66d av_four_fifth  avia-builder-el-6  el_after_av_one_fifth  el_before_av_one_full  flex_column_div av-zero-column-padding  column-top-margin'     ><section  class='av_textblock_section av-jn3amtzv-53739c77c534023f4c3153a9fd5104a3 '   itemscope=\"itemscope\" itemtype=\"https:\/\/schema.org\/CreativeWork\" ><div class='avia_textblock'  itemprop=\"text\" ><p>Servizio clienti: \u00a0 <strong>\u00a0\u00a0\u00a0\u00a0 +31 (0)36 260 00 61\u00a0<\/strong><br \/>\nServizio tecnico:<strong>\u00a0\u00a0\u00a0\u00a0\u00a0 +31 (0)36 540 20 40<\/strong><\/p>\n<p>E-mail:\u00a0\u00a0\u00a0\u00a0\u00a0\u00a0\u00a0\u00a0\u00a0\u00a0\u00a0\u00a0\u00a0\u00a0\u00a0\u00a0\u00a0\u00a0\u00a0\u00a0\u00a0 <strong><a href=\"mailto:info@veltec.eu\">info@veltec.eu<\/a><\/strong><\/p>\n<\/div><\/section><\/div>\n\n<style type=\"text\/css\" data-created_by=\"avia_inline_auto\" id=\"style-css-av-8ps8i-a4b47fbe51ea1572303b44b9b389825e\">\n.flex_column.av-8ps8i-a4b47fbe51ea1572303b44b9b389825e{\nborder-radius:0px 0px 0px 0px;\npadding:0px 0px 0px 0px;\n}\n<\/style>\n<div  class='flex_column av-8ps8i-a4b47fbe51ea1572303b44b9b389825e av_one_full  avia-builder-el-8  el_after_av_four_fifth  el_before_av_one_fifth  first flex_column_div av-zero-column-padding  '     ><\/div>\n\n<style type=\"text\/css\" data-created_by=\"avia_inline_auto\" id=\"style-css-av-gqa1e-223fcada78285c204eba15a49b23dd00\">\n.flex_column.av-gqa1e-223fcada78285c204eba15a49b23dd00{\nborder-radius:0px 0px 0px 0px;\npadding:0px 0px 0px 0px;\n}\n<\/style>\n<div  class='flex_column av-gqa1e-223fcada78285c204eba15a49b23dd00 av_one_fifth  avia-builder-el-9  el_after_av_one_full  el_before_av_four_fifth  first flex_column_div av-zero-column-padding  column-top-margin'     ><style type=\"text\/css\" data-created_by=\"avia_inline_auto\" id=\"style-css-av-jn3anh3w-fd83ccacdd58b37c45d6939fab3ea051\">\n.av_font_icon.av-jn3anh3w-fd83ccacdd58b37c45d6939fab3ea051{\ncolor:#6786a1;\nborder-color:#6786a1;\n}\n.avia-svg-icon.av-jn3anh3w-fd83ccacdd58b37c45d6939fab3ea051 svg:first-child{\nstroke:#6786a1;\nfill:#6786a1;\n}\n.av_font_icon.av-jn3anh3w-fd83ccacdd58b37c45d6939fab3ea051 .av-icon-char{\nfont-size:40px;\nline-height:40px;\nwidth:40px;\n}\n<\/style>\n<span  class='av_font_icon av-jn3anh3w-fd83ccacdd58b37c45d6939fab3ea051 avia_animate_when_visible av-icon-style-border avia-icon-pos-right avia-iconfont avia-font-entypo-fontello'><span class='av-icon-char' data-av_icon='\ue821' data-av_iconfont='entypo-fontello' aria-hidden=\"true\" ><\/span><\/span><\/div>\n\n<style type=\"text\/css\" data-created_by=\"avia_inline_auto\" id=\"style-css-av-9ybmq-735723168ec1b63139f20fa9e3e5d66d\">\n.flex_column.av-9ybmq-735723168ec1b63139f20fa9e3e5d66d{\nborder-radius:0px 0px 0px 0px;\npadding:0px 0px 0px 0px;\n}\n<\/style>\n<div  class='flex_column av-9ybmq-735723168ec1b63139f20fa9e3e5d66d av_four_fifth  avia-builder-el-11  el_after_av_one_fifth  el_before_av_hr  flex_column_div av-zero-column-padding  column-top-margin'     ><section  class='av_textblock_section av-jn3amtzv-8d8ef57d1acdd943f918a97d6d4dc495 '   itemscope=\"itemscope\" itemtype=\"https:\/\/schema.org\/CreativeWork\" ><div class='avia_textblock'  itemprop=\"text\" ><div class=\"\"><span class=\"\">Veltec Kirby specialist<\/span><\/div>\n<div class=\"\"><span class=\"\">Wanraaij 29 M<\/span><\/div>\n<div class=\"\"><span class=\"\">6673 DM ANDELST<\/span><\/div>\n<div class=\"\"><span class=\"\">Netherlands<\/span><\/div>\n<\/div><\/section><\/div>\n\n<style type=\"text\/css\" data-created_by=\"avia_inline_auto\" id=\"style-css-av-ky0825zl-a2b3bbecd94101dc9826e319753fa9d9\">\n#top .hr.hr-invisible.av-ky0825zl-a2b3bbecd94101dc9826e319753fa9d9{\nheight:50px;\n}\n<\/style>\n<div  class='hr av-ky0825zl-a2b3bbecd94101dc9826e319753fa9d9 hr-invisible  avia-builder-el-13  el_after_av_four_fifth  el_before_av_textblock '><span class='hr-inner '><span class=\"hr-inner-style\"><\/span><\/span><\/div>\n<section  class='av_textblock_section av-ky0845ye-e5a0e6ea64cf17522e22627a9092f2da '   itemscope=\"itemscope\" itemtype=\"https:\/\/schema.org\/CreativeWork\" ><div class='avia_textblock'  itemprop=\"text\" ><h4>Servizio Clienti<\/h4>\n<p>Veltec \u00e8 uno dei pi\u00f9 grandi fornitori di aspirapolveri e accessori Kirby di fascia alta. Forniamo\u00a0<a href=\"https:\/\/www.veltec.eu\/it\/kirby-aspirapolvere\/\">aspirapolveri Kirby<\/a> a privati e aziende da oltre 25 anni. Sul nostro webshop per aspirapolveri trovate tutti i ricambi e accessori originali e ricondizionati per aspirapolveri Kirby. Il nostro <a href=\"https:\/\/www.veltec.eu\/it\/negozio-kirby\/\">webshop di aspirapolveri Kirby<\/a> propone oltre 180 prodotti originali per aspirapolveri. Potrete ad es. acquistare i sacchetti Kirby, gli aspirapolveri professionali Kirby e i ricambi originali Kirby in pochi clic. Come servizio aggiuntivo potrete anche visionare i video dimostrativi pi\u00f9 utili Veltec e Kirby. Acquistare i prodotti sul nostro webshop Kirby \u00e8 facile. Ordinando il vostro prodotto Kirby oggi vi verr\u00e0 consegnato entro 3 giorni lavorativi.<\/p>\n\n<style type=\"text\/css\" data-created_by=\"avia_inline_auto\" id=\"style-css-av-6u01i-294e84c5e5ccbb05371eb2d59b098352\">\n#top .hr.hr-invisible.av-6u01i-294e84c5e5ccbb05371eb2d59b098352{\nheight:50px;\n}\n<\/style>\n<div  class='hr av-6u01i-294e84c5e5ccbb05371eb2d59b098352 hr-invisible  avia-builder-el-15  avia-builder-el-no-sibling '><span class='hr-inner '><span class=\"hr-inner-style\"><\/span><\/span><\/div>\n<p><img decoding=\"async\" class=\"aligncenter wp-image-44337 size-full\" src=\"https:\/\/www.veltec.eu\/wp-content\/uploads\/2021\/12\/Veltec-log-groot-e1537260889125.png\" alt=\"Servizio Clienti\" width=\"200\" height=\"60\" \/><\/p>\n<p><!-- TrustBox widget - Starter --><\/p>\n<div class=\"trustpilot-widget\" data-locale=\"it-IT\" data-template-id=\"5613c9cde69ddc09340c6beb\" data-businessunit-id=\"4e1b158d00006400051028e4\" data-style-height=\"100%\" data-style-width=\"100%\" data-theme=\"light\"><a href=\"https:\/\/it.trustpilot.com\/review\/www.veltec.eu\" target=\"_blank\" rel=\"noopener noreferrer\">Trustpilot<\/a><\/div>\n<p><!-- End TrustBox widget --><\/p>\n<\/div><\/section>\n","protected":false},"excerpt":{"rendered":"","protected":false},"author":1,"featured_media":0,"parent":0,"menu_order":0,"comment_status":"closed","ping_status":"closed","template":"","meta":{"_acf_changed":false,"footnotes":""},"class_list":["post-3717","page","type-page","status-publish","hentry"],"acf":[],"yoast_head":"<!-- This site is optimized with the Yoast SEO Premium plugin v27.1 (Yoast SEO v27.4) - https:\/\/yoast.com\/product\/yoast-seo-premium-wordpress\/ -->\n<title>Servizio Clienti - Specialista Veltec Kirby<\/title>\n<meta name=\"description\" content=\"Ha una domanda? Qualcosa non soddisfa le tue aspettative? O hai bisogno di aiuto, usa il nostro servizio clienti.\" \/>\n<meta name=\"robots\" content=\"index, follow, max-snippet:-1, max-image-preview:large, max-video-preview:-1\" \/>\n<link rel=\"canonical\" href=\"https:\/\/www.veltec.eu\/it\/servizio-clienti\/\" \/>\n<meta property=\"og:locale\" content=\"it_IT\" \/>\n<meta property=\"og:type\" content=\"article\" \/>\n<meta property=\"og:title\" content=\"Servizio Clienti\" \/>\n<meta property=\"og:url\" content=\"https:\/\/www.veltec.eu\/it\/servizio-clienti\/\" \/>\n<meta property=\"og:site_name\" content=\"Veltec Kirby specialist\" \/>\n<meta property=\"article:publisher\" content=\"https:\/\/www.facebook.com\/Veltec-Kirby-Specialist-236746293374877\/\" \/>\n<meta property=\"article:modified_time\" content=\"2026-05-06T09:06:07+00:00\" \/>\n<meta property=\"og:image\" content=\"https:\/\/www.veltec.eu\/wp-content\/uploads\/2021\/12\/Veltec-log-groot-e1537260889125.png\" \/>\n<meta name=\"twitter:card\" content=\"summary_large_image\" \/>\n<meta name=\"twitter:label1\" content=\"Tempo di lettura stimato\" \/>\n\t<meta name=\"twitter:data1\" content=\"2 minuti\" \/>\n<script type=\"application\/ld+json\" class=\"yoast-schema-graph\">{\"@context\":\"https:\\\/\\\/schema.org\",\"@graph\":[{\"@type\":\"WebPage\",\"@id\":\"https:\\\/\\\/www.veltec.eu\\\/it\\\/servizio-clienti\\\/\",\"url\":\"https:\\\/\\\/www.veltec.eu\\\/it\\\/servizio-clienti\\\/\",\"name\":\"Servizio Clienti - Specialista Veltec Kirby\",\"isPartOf\":{\"@id\":\"https:\\\/\\\/www.veltec.eu\\\/en\\\/#website\"},\"primaryImageOfPage\":{\"@id\":\"https:\\\/\\\/www.veltec.eu\\\/it\\\/servizio-clienti\\\/#primaryimage\"},\"image\":{\"@id\":\"https:\\\/\\\/www.veltec.eu\\\/it\\\/servizio-clienti\\\/#primaryimage\"},\"thumbnailUrl\":\"https:\\\/\\\/www.veltec.eu\\\/wp-content\\\/uploads\\\/2021\\\/12\\\/Veltec-log-groot-e1537260889125.png\",\"datePublished\":\"2018-10-05T12:17:23+00:00\",\"dateModified\":\"2026-05-06T09:06:07+00:00\",\"description\":\"Ha una domanda? Qualcosa non soddisfa le tue aspettative? O hai bisogno di aiuto, usa il nostro servizio clienti.\",\"breadcrumb\":{\"@id\":\"https:\\\/\\\/www.veltec.eu\\\/it\\\/servizio-clienti\\\/#breadcrumb\"},\"inLanguage\":\"it-IT\",\"potentialAction\":[{\"@type\":\"ReadAction\",\"target\":[\"https:\\\/\\\/www.veltec.eu\\\/it\\\/servizio-clienti\\\/\"]}]},{\"@type\":\"ImageObject\",\"inLanguage\":\"it-IT\",\"@id\":\"https:\\\/\\\/www.veltec.eu\\\/it\\\/servizio-clienti\\\/#primaryimage\",\"url\":\"https:\\\/\\\/www.veltec.eu\\\/wp-content\\\/uploads\\\/2021\\\/12\\\/Veltec-log-groot-e1537260889125.png\",\"contentUrl\":\"https:\\\/\\\/www.veltec.eu\\\/wp-content\\\/uploads\\\/2021\\\/12\\\/Veltec-log-groot-e1537260889125.png\"},{\"@type\":\"BreadcrumbList\",\"@id\":\"https:\\\/\\\/www.veltec.eu\\\/it\\\/servizio-clienti\\\/#breadcrumb\",\"itemListElement\":[{\"@type\":\"ListItem\",\"position\":1,\"name\":\"Home\",\"item\":\"https:\\\/\\\/www.veltec.eu\\\/it\\\/la-homepage\\\/\"},{\"@type\":\"ListItem\",\"position\":2,\"name\":\"Servizio Clienti\"}]},{\"@type\":\"WebSite\",\"@id\":\"https:\\\/\\\/www.veltec.eu\\\/en\\\/#website\",\"url\":\"https:\\\/\\\/www.veltec.eu\\\/en\\\/\",\"name\":\"Veltec Kirby specialist\",\"description\":\"Kirby stofzuiger producten\",\"publisher\":{\"@id\":\"https:\\\/\\\/www.veltec.eu\\\/en\\\/#organization\"},\"potentialAction\":[{\"@type\":\"SearchAction\",\"target\":{\"@type\":\"EntryPoint\",\"urlTemplate\":\"https:\\\/\\\/www.veltec.eu\\\/en\\\/?s={search_term_string}\"},\"query-input\":{\"@type\":\"PropertyValueSpecification\",\"valueRequired\":true,\"valueName\":\"search_term_string\"}}],\"inLanguage\":\"it-IT\"},{\"@type\":\"Organization\",\"@id\":\"https:\\\/\\\/www.veltec.eu\\\/en\\\/#organization\",\"name\":\"Veltec Kirby Specialist\",\"url\":\"https:\\\/\\\/www.veltec.eu\\\/en\\\/\",\"logo\":{\"@type\":\"ImageObject\",\"inLanguage\":\"it-IT\",\"@id\":\"https:\\\/\\\/www.veltec.eu\\\/en\\\/#\\\/schema\\\/logo\\\/image\\\/\",\"url\":\"https:\\\/\\\/www.veltec.eu\\\/wp-content\\\/uploads\\\/2021\\\/12\\\/Veltec-log-groot-e1537260889125.png\",\"contentUrl\":\"https:\\\/\\\/www.veltec.eu\\\/wp-content\\\/uploads\\\/2021\\\/12\\\/Veltec-log-groot-e1537260889125.png\",\"width\":200,\"height\":60,\"caption\":\"Veltec Kirby Specialist\"},\"image\":{\"@id\":\"https:\\\/\\\/www.veltec.eu\\\/en\\\/#\\\/schema\\\/logo\\\/image\\\/\"},\"sameAs\":[\"https:\\\/\\\/www.facebook.com\\\/Veltec-Kirby-Specialist-236746293374877\\\/\",\"https:\\\/\\\/www.youtube.com\\\/user\\\/VeltecService\"]}]}<\/script>\n<!-- \/ Yoast SEO Premium plugin. -->","yoast_head_json":{"title":"Servizio Clienti - Specialista Veltec Kirby","description":"Ha una domanda? Qualcosa non soddisfa le tue aspettative? O hai bisogno di aiuto, usa il nostro servizio clienti.","robots":{"index":"index","follow":"follow","max-snippet":"max-snippet:-1","max-image-preview":"max-image-preview:large","max-video-preview":"max-video-preview:-1"},"canonical":"https:\/\/www.veltec.eu\/it\/servizio-clienti\/","og_locale":"it_IT","og_type":"article","og_title":"Servizio Clienti","og_url":"https:\/\/www.veltec.eu\/it\/servizio-clienti\/","og_site_name":"Veltec Kirby specialist","article_publisher":"https:\/\/www.facebook.com\/Veltec-Kirby-Specialist-236746293374877\/","article_modified_time":"2026-05-06T09:06:07+00:00","og_image":[{"url":"https:\/\/www.veltec.eu\/wp-content\/uploads\/2021\/12\/Veltec-log-groot-e1537260889125.png","type":"","width":"","height":""}],"twitter_card":"summary_large_image","twitter_misc":{"Tempo di lettura stimato":"2 minuti"},"schema":{"@context":"https:\/\/schema.org","@graph":[{"@type":"WebPage","@id":"https:\/\/www.veltec.eu\/it\/servizio-clienti\/","url":"https:\/\/www.veltec.eu\/it\/servizio-clienti\/","name":"Servizio Clienti - Specialista Veltec Kirby","isPartOf":{"@id":"https:\/\/www.veltec.eu\/en\/#website"},"primaryImageOfPage":{"@id":"https:\/\/www.veltec.eu\/it\/servizio-clienti\/#primaryimage"},"image":{"@id":"https:\/\/www.veltec.eu\/it\/servizio-clienti\/#primaryimage"},"thumbnailUrl":"https:\/\/www.veltec.eu\/wp-content\/uploads\/2021\/12\/Veltec-log-groot-e1537260889125.png","datePublished":"2018-10-05T12:17:23+00:00","dateModified":"2026-05-06T09:06:07+00:00","description":"Ha una domanda? Qualcosa non soddisfa le tue aspettative? O hai bisogno di aiuto, usa il nostro servizio clienti.","breadcrumb":{"@id":"https:\/\/www.veltec.eu\/it\/servizio-clienti\/#breadcrumb"},"inLanguage":"it-IT","potentialAction":[{"@type":"ReadAction","target":["https:\/\/www.veltec.eu\/it\/servizio-clienti\/"]}]},{"@type":"ImageObject","inLanguage":"it-IT","@id":"https:\/\/www.veltec.eu\/it\/servizio-clienti\/#primaryimage","url":"https:\/\/www.veltec.eu\/wp-content\/uploads\/2021\/12\/Veltec-log-groot-e1537260889125.png","contentUrl":"https:\/\/www.veltec.eu\/wp-content\/uploads\/2021\/12\/Veltec-log-groot-e1537260889125.png"},{"@type":"BreadcrumbList","@id":"https:\/\/www.veltec.eu\/it\/servizio-clienti\/#breadcrumb","itemListElement":[{"@type":"ListItem","position":1,"name":"Home","item":"https:\/\/www.veltec.eu\/it\/la-homepage\/"},{"@type":"ListItem","position":2,"name":"Servizio Clienti"}]},{"@type":"WebSite","@id":"https:\/\/www.veltec.eu\/en\/#website","url":"https:\/\/www.veltec.eu\/en\/","name":"Veltec Kirby specialist","description":"Kirby stofzuiger producten","publisher":{"@id":"https:\/\/www.veltec.eu\/en\/#organization"},"potentialAction":[{"@type":"SearchAction","target":{"@type":"EntryPoint","urlTemplate":"https:\/\/www.veltec.eu\/en\/?s={search_term_string}"},"query-input":{"@type":"PropertyValueSpecification","valueRequired":true,"valueName":"search_term_string"}}],"inLanguage":"it-IT"},{"@type":"Organization","@id":"https:\/\/www.veltec.eu\/en\/#organization","name":"Veltec Kirby Specialist","url":"https:\/\/www.veltec.eu\/en\/","logo":{"@type":"ImageObject","inLanguage":"it-IT","@id":"https:\/\/www.veltec.eu\/en\/#\/schema\/logo\/image\/","url":"https:\/\/www.veltec.eu\/wp-content\/uploads\/2021\/12\/Veltec-log-groot-e1537260889125.png","contentUrl":"https:\/\/www.veltec.eu\/wp-content\/uploads\/2021\/12\/Veltec-log-groot-e1537260889125.png","width":200,"height":60,"caption":"Veltec Kirby Specialist"},"image":{"@id":"https:\/\/www.veltec.eu\/en\/#\/schema\/logo\/image\/"},"sameAs":["https:\/\/www.facebook.com\/Veltec-Kirby-Specialist-236746293374877\/","https:\/\/www.youtube.com\/user\/VeltecService"]}]}},"_links":{"self":[{"href":"https:\/\/www.veltec.eu\/it\/wp-json\/wp\/v2\/pages\/3717","targetHints":{"allow":["GET"]}}],"collection":[{"href":"https:\/\/www.veltec.eu\/it\/wp-json\/wp\/v2\/pages"}],"about":[{"href":"https:\/\/www.veltec.eu\/it\/wp-json\/wp\/v2\/types\/page"}],"author":[{"embeddable":true,"href":"https:\/\/www.veltec.eu\/it\/wp-json\/wp\/v2\/users\/1"}],"replies":[{"embeddable":true,"href":"https:\/\/www.veltec.eu\/it\/wp-json\/wp\/v2\/comments?post=3717"}],"version-history":[{"count":5,"href":"https:\/\/www.veltec.eu\/it\/wp-json\/wp\/v2\/pages\/3717\/revisions"}],"predecessor-version":[{"id":92564,"href":"https:\/\/www.veltec.eu\/it\/wp-json\/wp\/v2\/pages\/3717\/revisions\/92564"}],"wp:attachment":[{"href":"https:\/\/www.veltec.eu\/it\/wp-json\/wp\/v2\/media?parent=3717"}],"curies":[{"name":"wp","href":"https:\/\/api.w.org\/{rel}","templated":true}]}}