{"id":3445,"date":"2018-10-04T16:30:38","date_gmt":"2018-10-04T14:30:38","guid":{"rendered":"https:\/\/www.veltec.eu\/contact-2\/"},"modified":"2025-06-10T14:32:20","modified_gmt":"2025-06-10T12:32:20","slug":"contatta","status":"publish","type":"page","link":"https:\/\/www.veltec.eu\/it\/contatta\/","title":{"rendered":"Contatta"},"content":{"rendered":"<div  class='flex_column av-av_one_full-a93934ecd89fbb8a9566d39e89cd3725 av_one_full  avia-builder-el-0  el_before_av_one_half  avia-builder-el-first  first flex_column_div  '     ><section  class='av_textblock_section av-kwp6xk6w-fc78869970d15c67b22a6cca1d4a5264 '   itemscope=\"itemscope\" itemtype=\"https:\/\/schema.org\/CreativeWork\" ><div class='avia_textblock'  itemprop=\"text\" ><h1>Contatta<\/h1>\n<\/div><\/section><\/div>\n\n<style type=\"text\/css\" data-created_by=\"avia_inline_auto\" id=\"style-css-av-9ek6c-667c87b7660ff9dbede0a0dd0aa31b7d\">\n.flex_column.av-9ek6c-667c87b7660ff9dbede0a0dd0aa31b7d{\nborder-radius:0px 0px 0px 0px;\npadding:0px 0px 0px 0px;\n}\n<\/style>\n<div  class='flex_column av-9ek6c-667c87b7660ff9dbede0a0dd0aa31b7d av_one_half  avia-builder-el-2  el_after_av_one_full  el_before_av_two_fifth  first flex_column_div av-zero-column-padding  column-top-margin'     ><style type=\"text\/css\" data-created_by=\"avia_inline_auto\" id=\"style-css-av-jmbn35ry-b689968f6b0216baf6f2e6ae04517240\">\n.avia-image-container.av-jmbn35ry-b689968f6b0216baf6f2e6ae04517240 img.avia_image{\nbox-shadow:none;\n}\n.avia-image-container.av-jmbn35ry-b689968f6b0216baf6f2e6ae04517240 .av-image-caption-overlay-center{\ncolor:#ffffff;\n}\n<\/style>\n<div  class='avia-image-container av-jmbn35ry-b689968f6b0216baf6f2e6ae04517240 av-styling- avia-align-center  avia-builder-el-3  avia-builder-el-no-sibling '   itemprop=\"image\" itemscope=\"itemscope\" itemtype=\"https:\/\/schema.org\/ImageObject\" ><div class=\"avia-image-container-inner\"><div class=\"avia-image-overlay-wrap\"><img decoding=\"async\" fetchpriority=\"high\" class='wp-image-77972 avia-img-lazy-loading-not-77972 avia_image ' src=\"https:\/\/www.veltec.eu\/wp-content\/uploads\/2025\/03\/contact.veltec.png\" alt='Contatta' title='Contatta'  height=\"1000\" width=\"934\"  itemprop=\"thumbnailUrl\" srcset=\"https:\/\/www.veltec.eu\/wp-content\/uploads\/2025\/03\/contact.veltec.png 934w, https:\/\/www.veltec.eu\/wp-content\/uploads\/2025\/03\/contact.veltec-280x300.png 280w, https:\/\/www.veltec.eu\/wp-content\/uploads\/2025\/03\/contact.veltec-768x822.png 768w, https:\/\/www.veltec.eu\/wp-content\/uploads\/2025\/03\/contact.veltec-658x705.png 658w, https:\/\/www.veltec.eu\/wp-content\/uploads\/2025\/03\/contact.veltec-450x482.png 450w, https:\/\/www.veltec.eu\/wp-content\/uploads\/2025\/03\/contact.veltec-600x642.png 600w, https:\/\/www.veltec.eu\/wp-content\/uploads\/2025\/03\/contact.veltec-56x60.png 56w, https:\/\/www.veltec.eu\/wp-content\/uploads\/2025\/03\/contact.veltec-84x90.png 84w\" sizes=\"(max-width: 934px) 100vw, 934px\" \/><\/div><\/div><\/div><\/div>\n<style type=\"text\/css\" data-created_by=\"avia_inline_auto\" id=\"style-css-av-xbst0-628fbdb1838cdcf6a2d7153db0104ea7\">\n.flex_column.av-xbst0-628fbdb1838cdcf6a2d7153db0104ea7{\nborder-radius:0px 0px 0px 0px;\npadding:0px 0px 0px 0px;\n}\n<\/style>\n<div  class='flex_column av-xbst0-628fbdb1838cdcf6a2d7153db0104ea7 av_two_fifth  avia-builder-el-4  el_after_av_one_half  el_before_av_hr  flex_column_div av-zero-column-padding  column-top-margin'     ><p>\n<style type=\"text\/css\" data-created_by=\"avia_inline_auto\" id=\"style-css-av-m8rf8dw7-53820e54343fb0f7a7a5ab88381dd995\">\n#top .hr.hr-invisible.av-m8rf8dw7-53820e54343fb0f7a7a5ab88381dd995{\nheight:20px;\n}\n<\/style>\n<div  class='hr av-m8rf8dw7-53820e54343fb0f7a7a5ab88381dd995 hr-invisible  avia-builder-el-5  el_before_av_contact  avia-builder-el-first '><span class='hr-inner '><span class=\"hr-inner-style\"><\/span><\/span><\/div><br \/>\n<form action=\"https:\/\/www.veltec.eu\/it\/contatta\/\" method=\"post\" data-fields-with-error=\"Sono stati riscontrati errori nei seguenti campi:\" class=\"avia_ajax_form av-form-labels-visible   avia-builder-el-6  el_after_av_hr  avia-builder-el-last   \" data-avia-form-id=\"1\" data-avia-redirect='' ><fieldset><p class='  first_form  form_element form_fullwidth' id='element_avia_1_1'><label for=\"avia_1_1\">Nome <abbr class=\"required\" title=\"richiesto\">*<\/abbr><\/label> <input name=\"avia_1_1\" class=\"text_input is_empty\" type=\"text\" id=\"avia_1_1\" value=\"\" \/><\/p><p class='  first_form  form_element form_fullwidth' id='element_avia_2_1'><label for=\"avia_2_1\">E-Mail <abbr class=\"required\" title=\"richiesto\">*<\/abbr><\/label> <input name=\"avia_2_1\" class=\"text_input is_email\" type=\"text\" id=\"avia_2_1\" value=\"\" \/><\/p><p class='  first_form  form_element form_fullwidth' id='element_avia_3_1'><label for=\"avia_3_1\">Telefono <abbr class=\"required\" title=\"richiesto\">*<\/abbr><\/label> <input name=\"avia_3_1\" class=\"text_input is_phone\" type=\"text\" id=\"avia_3_1\" value=\"\" \/><\/p><p class='  first_form  form_element form_fullwidth av-last-visible-form-element' id='element_avia_4_1'><label for=\"avia_4_1\" class=\"textare_label hidden textare_label_avia_4_1\">Messaggio <abbr class=\"required\" title=\"richiesto\">*<\/abbr><\/label><textarea  name=\"avia_4_1\" class=\"text_area is_empty\" cols=\"40\" rows=\"7\" id=\"avia_4_1\" ><\/textarea><\/p><p class=\"hidden\"><input type=\"text\" name=\"avia_5_1\" class=\"hidden \" id=\"avia_5_1\" value=\"\" \/><\/p><p class=\"form_element \"><input type=\"hidden\" value=\"1\" name=\"avia_generated_form1\" \/><input type=\"submit\" value=\"Invia\" class=\"button\"  data-sending-label=\"Invio\"\/><\/p><\/fieldset><\/form><div id=\"ajaxresponse_1\" class=\"ajaxresponse ajaxresponse_1 hidden\"><\/div><\/p><\/div><div  class='hr av-m8q2xvl8-3b3722b69928805413e98edc005bbfa1 hr-full  avia-builder-el-7  el_after_av_two_fifth  el_before_av_one_third  hr-no-shadow'><span class='hr-inner '><span class=\"hr-inner-style\"><\/span><\/span><\/div><\/p>\n<div  class='flex_column av-av_one_third-4236371e50272b4ec399280bbf76d6bf av_one_third  avia-builder-el-8  el_after_av_hr  el_before_av_one_third  first flex_column_div  '     ><section  class='av_textblock_section av-m8q2wd3k-7a76f2b38a44285fa3040cbbd73a546f '   itemscope=\"itemscope\" itemtype=\"https:\/\/schema.org\/CreativeWork\" ><div class='avia_textblock'  itemprop=\"text\" ><h3>Ufficio \/ Magazzino<\/h3>\n<p>Specialista Veltec Kirby<br \/>\nWanraaij 29 M ANDELST<br \/>\nPAESI BASSI<\/p>\n<p>*Visite solo su appuntamento<\/p>\n<\/div><\/section><\/div>\n<div  class='flex_column av-av_one_third-d9d4235c4dc5477e29570d3b99e2b500 av_one_third  avia-builder-el-10  el_after_av_one_third  el_before_av_one_third  flex_column_div  '     ><section  class='av_textblock_section av-m8q2scty-d5b3b9d47e1d1ce26d11dc9e7107f301 '   itemscope=\"itemscope\" itemtype=\"https:\/\/schema.org\/CreativeWork\" ><div class='avia_textblock'  itemprop=\"text\" ><h3>e-mail<\/h3>\n<p><a href=\"mailto:info@veltec.eu\">info@veltec.eu<\/a><br \/>\nRisposta entro 24 ore, di solito pi\u00f9 veloce!<\/p>\n<h3>Telefono<\/h3>\n<p><a href=\"tel:0031365402040\">0031-(0)36 540 20 40<\/a><br \/>\nDisponibile dal luned\u00ec al venerd\u00ec dalle 09:00 alle 17:00<\/p>\n<\/div><\/section><\/div>\n<div  class='flex_column av-av_one_third-d9d4235c4dc5477e29570d3b99e2b500 av_one_third  avia-builder-el-12  el_after_av_one_third  el_before_av_hr  flex_column_div  '     ><section  class='av_textblock_section av-m8q2uhev-ff990a95ce0646dd18ec0baa0de869f1 '   itemscope=\"itemscope\" itemtype=\"https:\/\/schema.org\/CreativeWork\" ><div class='avia_textblock'  itemprop=\"text\" ><p><a href=\"https:\/\/wa.me\/message\/7BKTYRQ2TILPB1\"><img decoding=\"async\" class=\"alignnone wp-image-77758 size-medium\" src=\"https:\/\/www.veltec.eu\/wp-content\/uploads\/2025\/03\/IT-300x93.png\" alt=\"\" width=\"300\" height=\"93\" srcset=\"https:\/\/www.veltec.eu\/wp-content\/uploads\/2025\/03\/IT-300x93.png 300w, https:\/\/www.veltec.eu\/wp-content\/uploads\/2025\/03\/IT-1030x319.png 1030w, https:\/\/www.veltec.eu\/wp-content\/uploads\/2025\/03\/IT-768x238.png 768w, https:\/\/www.veltec.eu\/wp-content\/uploads\/2025\/03\/IT-705x219.png 705w, https:\/\/www.veltec.eu\/wp-content\/uploads\/2025\/03\/IT-450x140.png 450w, https:\/\/www.veltec.eu\/wp-content\/uploads\/2025\/03\/IT-600x186.png 600w, https:\/\/www.veltec.eu\/wp-content\/uploads\/2025\/03\/IT-190x60.png 190w, https:\/\/www.veltec.eu\/wp-content\/uploads\/2025\/03\/IT-290x90.png 290w, https:\/\/www.veltec.eu\/wp-content\/uploads\/2025\/03\/IT.png 1280w\" sizes=\"(max-width: 300px) 100vw, 300px\" \/><\/a><\/p>\n<\/div><\/section><\/div>\n<div  class='hr av-av_hr-b76cd83c0a61b74433d59c064fbc79cd hr-full  avia-builder-el-14  el_after_av_one_third  el_before_av_one_half  hr-no-shadow'><span class='hr-inner '><span class=\"hr-inner-style\"><\/span><\/span><\/div>\n<div  class='flex_column av-av_one_half-4236371e50272b4ec399280bbf76d6bf av_one_half  avia-builder-el-15  el_after_av_hr  el_before_av_one_half  first flex_column_div  '     ><p><section  class='av_textblock_section av-kx6ema1s-8abd27b3ee52986471e705d2d1439f1c '   itemscope=\"itemscope\" itemtype=\"https:\/\/schema.org\/CreativeWork\" ><div class='avia_textblock'  itemprop=\"text\" ><p>Veltec \u00e8 uno dei pi\u00f9 grandi fornitori di aspirapolveri e accessori Kirby di fascia alta. Forniamo\u00a0<a href=\"https:\/\/www.veltec.eu\/it\/kirby-aspirapolvere\/\">aspirapolveri Kirby<\/a>\u00a0a privati e aziende da oltre 13 anni. Sul nostro webshop per aspirapolveri trovate tutti i ricambi e accessori originali e ricondizionati per aspirapolveri Kirby. Il nostro webshop di aspirapolveri Kirby propone oltre 180 prodotti originali per aspirapolveri. Potrete ad es. acquistare i sacchetti Kirby, gli aspirapolveri professionali Kirby e i ricambi originali Kirby in pochi clic. Come servizio aggiuntivo potrete anche visionare i video dimostrativi pi\u00f9 utili Veltec e Kirby. Acquistare i prodotti sul nostro webshop Kirby \u00e8 facile. Ordinando il vostro prodotto Kirby oggi vi verr\u00e0 consegnato entro 3 giorni lavorativi.<\/p>\n<\/div><\/section><br \/>\n<section  class='av_textblock_section av-kx6emkv4-d7895f05a37c8ace992ab1fe7d487798 '   itemscope=\"itemscope\" itemtype=\"https:\/\/schema.org\/CreativeWork\" ><div class='avia_textblock'  itemprop=\"text\" ><p>Oltre agli aspirapolvere Kirby, forniamo anche un&#8217;ampia gamma di elettrodomestici, come gli aspirapolvere robotici e il Detergente per materassi. La nostra linea di prodotti Kirby e Veltec offre un&#8217;ampia gamma di attrezzature per la pulizia innovative e intelligenti. Le attrezzature per la pulizia di alta gamma comprendono una vasta gamma di prodotti Veltec e aspirapolvere Kirby. Tutti i prodotti Kirby e Veltec sono pre-testati per garantire la conformit\u00e0 ai pi\u00f9 elevati standard Veltec. Grazie a questi test di qualit\u00e0, possiamo offrirvi una selezione di aspirapolvere Veltec, aspirapolvere Kirby e accessori Kirby. Tutti i prodotti presenti nel webshop sono di alta qualit\u00e0 e offrono un ottimo rapporto qualit\u00e0-prezzo.<\/p>\n<\/div><\/section><\/p><\/div>\n<div  class='flex_column av-av_one_half-d9d4235c4dc5477e29570d3b99e2b500 av_one_half  avia-builder-el-18  el_after_av_one_half  el_before_av_one_full  flex_column_div  '     ><\/div>\n<div  class='flex_column av-av_one_full-4236371e50272b4ec399280bbf76d6bf av_one_full  avia-builder-el-20  el_after_av_one_half  el_before_av_textblock  first flex_column_div  column-top-margin'     ><section  class='av_textblock_section av-kx6emxoh-ee12a80a75e5f428a7d10ae304108fc8 '   itemscope=\"itemscope\" itemtype=\"https:\/\/schema.org\/CreativeWork\" ><div class='avia_textblock'  itemprop=\"text\" ><h4>Kirby<\/h4>\n<\/div><\/section><br \/>\n<section  class='av_textblock_section av-kx6en7gj-7667f582b8d27b822d85e8044c651256 '   itemscope=\"itemscope\" itemtype=\"https:\/\/schema.org\/CreativeWork\" ><div class='avia_textblock'  itemprop=\"text\" ><p>Kirby \u00e8 stata fondata nel 1914. Gli aspirapolveri Kirby sono da sempre considerati molto affidabili e offrono un ottimo rapporto qualit\u00e0\/prezzo. Il tempo ha dimostrato che una corretta manutenzione del vostro aspirapolvere Kirby lo manterr\u00e0 in ottimo stato a lungo. Purtroppo l\u2019usura e il deterioramento dovuti all\u2019uso frequente possono danneggiare il prodotto, ma questo \u00e8 pressoch\u00e9 inevitabile. Non preoccupatevi per\u00f2: abbiamo tutti i ricambi per gli aspirapolveri Kirby, cos\u00ec i vostri aspirapolveri Kirby continueranno a funzionare alla perfezione. Il nostro stock \u00e8 fornitissimo: motori completi Kirby, lame del rotore, pedaliere, cavi elettrici e perfino le viti Kirby pi\u00f9 piccole: Sul webshop degli aspirapolveri Kirby potrete acquistare tutti gli\u00a0aspirapolveri Kirby\u00a0originali e revisionati, i sacchetti e gli accessori con un semplice clic.<\/p>\n<p><a href=\"https:\/\/www.veltec.eu\/it\/contatta\/\">Contatta<\/a>.<\/p>\n<\/div><\/section><\/p><\/div>\n<section  class='av_textblock_section av-kxhql7c0-7f4a8c8895d7ed433bc93f633ccbc29f '   itemscope=\"itemscope\" itemtype=\"https:\/\/schema.org\/CreativeWork\" ><div class='avia_textblock'  itemprop=\"text\" >\n<style type=\"text\/css\" data-created_by=\"avia_inline_auto\" id=\"style-css-av-6u01i-294e84c5e5ccbb05371eb2d59b098352\">\n#top .hr.hr-invisible.av-6u01i-294e84c5e5ccbb05371eb2d59b098352{\nheight:50px;\n}\n<\/style>\n<div  class='hr av-6u01i-294e84c5e5ccbb05371eb2d59b098352 hr-invisible  avia-builder-el-24  avia-builder-el-no-sibling '><span class='hr-inner '><span class=\"hr-inner-style\"><\/span><\/span><\/div>\n<div class=\"trustpilot-widget\" data-locale=\"it-IT\" data-template-id=\"5613c9cde69ddc09340c6beb\" data-businessunit-id=\"4e1b158d00006400051028e4\" data-style-height=\"100%\" data-style-width=\"100%\" data-theme=\"light\"><a href=\"https:\/\/it.trustpilot.com\/review\/www.veltec.eu\" target=\"_blank\" rel=\"noopener\"><img decoding=\"async\" class=\"aligncenter wp-image-55247 size-full\" src=\"https:\/\/www.veltec.eu\/wp-content\/uploads\/2023\/12\/IT.jpg\" alt=\"\" width=\"700\" height=\"59\" srcset=\"https:\/\/www.veltec.eu\/wp-content\/uploads\/2023\/12\/IT.jpg 700w, https:\/\/www.veltec.eu\/wp-content\/uploads\/2023\/12\/IT-300x25.jpg 300w, https:\/\/www.veltec.eu\/wp-content\/uploads\/2023\/12\/IT-450x38.jpg 450w, https:\/\/www.veltec.eu\/wp-content\/uploads\/2023\/12\/IT-600x51.jpg 600w, https:\/\/www.veltec.eu\/wp-content\/uploads\/2023\/12\/IT-190x16.jpg 190w\" sizes=\"(max-width: 700px) 100vw, 700px\" \/><\/a><\/div>\n<p><!-- End TrustBox widget --><\/p>\n<\/div><\/section>\n","protected":false},"excerpt":{"rendered":"","protected":false},"author":1,"featured_media":0,"parent":0,"menu_order":0,"comment_status":"closed","ping_status":"closed","template":"","meta":{"footnotes":""},"class_list":["post-3445","page","type-page","status-publish","hentry"],"yoast_head":"<!-- This site is optimized with the Yoast SEO Premium plugin v27.1 (Yoast SEO v27.3) - https:\/\/yoast.com\/product\/yoast-seo-premium-wordpress\/ -->\n<title>Contatta - Specialista Veltec Kirby<\/title>\n<meta name=\"description\" content=\"Contatta. Veltec e` per piu` di 25 anni fornitore di aspirapolveri Kirby ed e` il suo fidato specialista del servizio Kirby.\" \/>\n<meta name=\"robots\" content=\"index, follow, max-snippet:-1, max-image-preview:large, max-video-preview:-1\" \/>\n<link rel=\"canonical\" href=\"https:\/\/www.veltec.eu\/nl\/neem-contact-met-ons-op\/\" \/>\n<meta property=\"og:locale\" content=\"it_IT\" \/>\n<meta property=\"og:type\" content=\"article\" \/>\n<meta property=\"og:title\" content=\"Contatta\" \/>\n<meta property=\"og:url\" content=\"https:\/\/www.veltec.eu\/nl\/neem-contact-met-ons-op\/\" \/>\n<meta property=\"og:site_name\" content=\"Veltec Kirby specialist\" \/>\n<meta property=\"article:publisher\" content=\"https:\/\/www.facebook.com\/Veltec-Kirby-Specialist-236746293374877\/\" \/>\n<meta property=\"article:modified_time\" content=\"2025-06-10T12:32:20+00:00\" \/>\n<meta property=\"og:image\" content=\"https:\/\/www.veltec.eu\/wp-content\/uploads\/2025\/03\/IT-300x93.png\" \/>\n<meta name=\"twitter:card\" content=\"summary_large_image\" \/>\n<meta name=\"twitter:label1\" content=\"Tempo di lettura stimato\" \/>\n\t<meta name=\"twitter:data1\" content=\"3 minuti\" \/>\n<script type=\"application\/ld+json\" class=\"yoast-schema-graph\">{\"@context\":\"https:\\\/\\\/schema.org\",\"@graph\":[{\"@type\":\"WebPage\",\"@id\":\"https:\\\/\\\/www.veltec.eu\\\/nl\\\/neem-contact-met-ons-op\\\/\",\"url\":\"https:\\\/\\\/www.veltec.eu\\\/nl\\\/neem-contact-met-ons-op\\\/\",\"name\":\"Contatta - Specialista Veltec Kirby\",\"isPartOf\":{\"@id\":\"https:\\\/\\\/www.veltec.eu\\\/en\\\/#website\"},\"primaryImageOfPage\":{\"@id\":\"https:\\\/\\\/www.veltec.eu\\\/nl\\\/neem-contact-met-ons-op\\\/#primaryimage\"},\"image\":{\"@id\":\"https:\\\/\\\/www.veltec.eu\\\/nl\\\/neem-contact-met-ons-op\\\/#primaryimage\"},\"thumbnailUrl\":\"https:\\\/\\\/www.veltec.eu\\\/wp-content\\\/uploads\\\/2025\\\/03\\\/IT-300x93.png\",\"datePublished\":\"2018-10-04T14:30:38+00:00\",\"dateModified\":\"2025-06-10T12:32:20+00:00\",\"description\":\"Contatta. Veltec e` per piu` di 25 anni fornitore di aspirapolveri Kirby ed e` il suo fidato specialista del servizio Kirby.\",\"breadcrumb\":{\"@id\":\"https:\\\/\\\/www.veltec.eu\\\/nl\\\/neem-contact-met-ons-op\\\/#breadcrumb\"},\"inLanguage\":\"it-IT\",\"potentialAction\":[{\"@type\":\"ReadAction\",\"target\":[\"https:\\\/\\\/www.veltec.eu\\\/nl\\\/neem-contact-met-ons-op\\\/\"]}]},{\"@type\":\"ImageObject\",\"inLanguage\":\"it-IT\",\"@id\":\"https:\\\/\\\/www.veltec.eu\\\/nl\\\/neem-contact-met-ons-op\\\/#primaryimage\",\"url\":\"https:\\\/\\\/www.veltec.eu\\\/wp-content\\\/uploads\\\/2025\\\/03\\\/IT-300x93.png\",\"contentUrl\":\"https:\\\/\\\/www.veltec.eu\\\/wp-content\\\/uploads\\\/2025\\\/03\\\/IT-300x93.png\"},{\"@type\":\"BreadcrumbList\",\"@id\":\"https:\\\/\\\/www.veltec.eu\\\/nl\\\/neem-contact-met-ons-op\\\/#breadcrumb\",\"itemListElement\":[{\"@type\":\"ListItem\",\"position\":1,\"name\":\"Home\",\"item\":\"https:\\\/\\\/www.veltec.eu\\\/it\\\/\"},{\"@type\":\"ListItem\",\"position\":2,\"name\":\"Contatta\"}]},{\"@type\":\"WebSite\",\"@id\":\"https:\\\/\\\/www.veltec.eu\\\/en\\\/#website\",\"url\":\"https:\\\/\\\/www.veltec.eu\\\/en\\\/\",\"name\":\"Veltec Kirby specialist\",\"description\":\"Kirby stofzuiger producten\",\"publisher\":{\"@id\":\"https:\\\/\\\/www.veltec.eu\\\/en\\\/#organization\"},\"potentialAction\":[{\"@type\":\"SearchAction\",\"target\":{\"@type\":\"EntryPoint\",\"urlTemplate\":\"https:\\\/\\\/www.veltec.eu\\\/en\\\/?s={search_term_string}\"},\"query-input\":{\"@type\":\"PropertyValueSpecification\",\"valueRequired\":true,\"valueName\":\"search_term_string\"}}],\"inLanguage\":\"it-IT\"},{\"@type\":\"Organization\",\"@id\":\"https:\\\/\\\/www.veltec.eu\\\/en\\\/#organization\",\"name\":\"Veltec Kirby Specialist\",\"url\":\"https:\\\/\\\/www.veltec.eu\\\/en\\\/\",\"logo\":{\"@type\":\"ImageObject\",\"inLanguage\":\"it-IT\",\"@id\":\"https:\\\/\\\/www.veltec.eu\\\/en\\\/#\\\/schema\\\/logo\\\/image\\\/\",\"url\":\"https:\\\/\\\/www.veltec.eu\\\/wp-content\\\/uploads\\\/2021\\\/12\\\/Veltec-log-groot-e1537260889125.png\",\"contentUrl\":\"https:\\\/\\\/www.veltec.eu\\\/wp-content\\\/uploads\\\/2021\\\/12\\\/Veltec-log-groot-e1537260889125.png\",\"width\":200,\"height\":60,\"caption\":\"Veltec Kirby Specialist\"},\"image\":{\"@id\":\"https:\\\/\\\/www.veltec.eu\\\/en\\\/#\\\/schema\\\/logo\\\/image\\\/\"},\"sameAs\":[\"https:\\\/\\\/www.facebook.com\\\/Veltec-Kirby-Specialist-236746293374877\\\/\",\"https:\\\/\\\/www.youtube.com\\\/user\\\/VeltecService\"]}]}<\/script>\n<!-- \/ Yoast SEO Premium plugin. -->","yoast_head_json":{"title":"Contatta - Specialista Veltec Kirby","description":"Contatta. Veltec e` per piu` di 25 anni fornitore di aspirapolveri Kirby ed e` il suo fidato specialista del servizio Kirby.","robots":{"index":"index","follow":"follow","max-snippet":"max-snippet:-1","max-image-preview":"max-image-preview:large","max-video-preview":"max-video-preview:-1"},"canonical":"https:\/\/www.veltec.eu\/nl\/neem-contact-met-ons-op\/","og_locale":"it_IT","og_type":"article","og_title":"Contatta","og_url":"https:\/\/www.veltec.eu\/nl\/neem-contact-met-ons-op\/","og_site_name":"Veltec Kirby specialist","article_publisher":"https:\/\/www.facebook.com\/Veltec-Kirby-Specialist-236746293374877\/","article_modified_time":"2025-06-10T12:32:20+00:00","og_image":[{"url":"https:\/\/www.veltec.eu\/wp-content\/uploads\/2025\/03\/IT-300x93.png","type":"","width":"","height":""}],"twitter_card":"summary_large_image","twitter_misc":{"Tempo di lettura stimato":"3 minuti"},"schema":{"@context":"https:\/\/schema.org","@graph":[{"@type":"WebPage","@id":"https:\/\/www.veltec.eu\/nl\/neem-contact-met-ons-op\/","url":"https:\/\/www.veltec.eu\/nl\/neem-contact-met-ons-op\/","name":"Contatta - Specialista Veltec Kirby","isPartOf":{"@id":"https:\/\/www.veltec.eu\/en\/#website"},"primaryImageOfPage":{"@id":"https:\/\/www.veltec.eu\/nl\/neem-contact-met-ons-op\/#primaryimage"},"image":{"@id":"https:\/\/www.veltec.eu\/nl\/neem-contact-met-ons-op\/#primaryimage"},"thumbnailUrl":"https:\/\/www.veltec.eu\/wp-content\/uploads\/2025\/03\/IT-300x93.png","datePublished":"2018-10-04T14:30:38+00:00","dateModified":"2025-06-10T12:32:20+00:00","description":"Contatta. Veltec e` per piu` di 25 anni fornitore di aspirapolveri Kirby ed e` il suo fidato specialista del servizio Kirby.","breadcrumb":{"@id":"https:\/\/www.veltec.eu\/nl\/neem-contact-met-ons-op\/#breadcrumb"},"inLanguage":"it-IT","potentialAction":[{"@type":"ReadAction","target":["https:\/\/www.veltec.eu\/nl\/neem-contact-met-ons-op\/"]}]},{"@type":"ImageObject","inLanguage":"it-IT","@id":"https:\/\/www.veltec.eu\/nl\/neem-contact-met-ons-op\/#primaryimage","url":"https:\/\/www.veltec.eu\/wp-content\/uploads\/2025\/03\/IT-300x93.png","contentUrl":"https:\/\/www.veltec.eu\/wp-content\/uploads\/2025\/03\/IT-300x93.png"},{"@type":"BreadcrumbList","@id":"https:\/\/www.veltec.eu\/nl\/neem-contact-met-ons-op\/#breadcrumb","itemListElement":[{"@type":"ListItem","position":1,"name":"Home","item":"https:\/\/www.veltec.eu\/it\/"},{"@type":"ListItem","position":2,"name":"Contatta"}]},{"@type":"WebSite","@id":"https:\/\/www.veltec.eu\/en\/#website","url":"https:\/\/www.veltec.eu\/en\/","name":"Veltec Kirby specialist","description":"Kirby stofzuiger producten","publisher":{"@id":"https:\/\/www.veltec.eu\/en\/#organization"},"potentialAction":[{"@type":"SearchAction","target":{"@type":"EntryPoint","urlTemplate":"https:\/\/www.veltec.eu\/en\/?s={search_term_string}"},"query-input":{"@type":"PropertyValueSpecification","valueRequired":true,"valueName":"search_term_string"}}],"inLanguage":"it-IT"},{"@type":"Organization","@id":"https:\/\/www.veltec.eu\/en\/#organization","name":"Veltec Kirby Specialist","url":"https:\/\/www.veltec.eu\/en\/","logo":{"@type":"ImageObject","inLanguage":"it-IT","@id":"https:\/\/www.veltec.eu\/en\/#\/schema\/logo\/image\/","url":"https:\/\/www.veltec.eu\/wp-content\/uploads\/2021\/12\/Veltec-log-groot-e1537260889125.png","contentUrl":"https:\/\/www.veltec.eu\/wp-content\/uploads\/2021\/12\/Veltec-log-groot-e1537260889125.png","width":200,"height":60,"caption":"Veltec Kirby Specialist"},"image":{"@id":"https:\/\/www.veltec.eu\/en\/#\/schema\/logo\/image\/"},"sameAs":["https:\/\/www.facebook.com\/Veltec-Kirby-Specialist-236746293374877\/","https:\/\/www.youtube.com\/user\/VeltecService"]}]}},"_links":{"self":[{"href":"https:\/\/www.veltec.eu\/it\/wp-json\/wp\/v2\/pages\/3445","targetHints":{"allow":["GET"]}}],"collection":[{"href":"https:\/\/www.veltec.eu\/it\/wp-json\/wp\/v2\/pages"}],"about":[{"href":"https:\/\/www.veltec.eu\/it\/wp-json\/wp\/v2\/types\/page"}],"author":[{"embeddable":true,"href":"https:\/\/www.veltec.eu\/it\/wp-json\/wp\/v2\/users\/1"}],"replies":[{"embeddable":true,"href":"https:\/\/www.veltec.eu\/it\/wp-json\/wp\/v2\/comments?post=3445"}],"version-history":[{"count":7,"href":"https:\/\/www.veltec.eu\/it\/wp-json\/wp\/v2\/pages\/3445\/revisions"}],"predecessor-version":[{"id":80043,"href":"https:\/\/www.veltec.eu\/it\/wp-json\/wp\/v2\/pages\/3445\/revisions\/80043"}],"wp:attachment":[{"href":"https:\/\/www.veltec.eu\/it\/wp-json\/wp\/v2\/media?parent=3445"}],"curies":[{"name":"wp","href":"https:\/\/api.w.org\/{rel}","templated":true}]}}