{"id":3367,"date":"2018-10-04T14:43:50","date_gmt":"2018-10-04T12:43:50","guid":{"rendered":"https:\/\/www.veltec.eu\/riguardo-veltec-2\/"},"modified":"2025-11-25T12:19:47","modified_gmt":"2025-11-25T10:19:47","slug":"riguardo-veltec","status":"publish","type":"page","link":"https:\/\/www.veltec.eu\/it\/riguardo-veltec\/","title":{"rendered":"Riguardo Veltec"},"content":{"rendered":"\n<style type=\"text\/css\" data-created_by=\"avia_inline_auto\" id=\"style-css-av-7w5iu-d155c6401ae56910cd861036c61b1ec0\">\n.flex_column.av-7w5iu-d155c6401ae56910cd861036c61b1ec0{\nborder-radius:0px 0px 0px 0px;\npadding:0px 0px 0px 0px;\n}\n<\/style>\n<div  class='flex_column av-7w5iu-d155c6401ae56910cd861036c61b1ec0 av_one_half  avia-builder-el-0  el_before_av_one_half  avia-builder-el-first  first flex_column_div av-zero-column-padding  '     ><style type=\"text\/css\" data-created_by=\"avia_inline_auto\" id=\"style-css-av-jmbpxor4-c769fddce4a96b89558d27c781c38792\">\n.avia-image-container.av-jmbpxor4-c769fddce4a96b89558d27c781c38792 img.avia_image{\nbox-shadow:none;\n}\n.avia-image-container.av-jmbpxor4-c769fddce4a96b89558d27c781c38792 .av-image-caption-overlay-center{\ncolor:#ffffff;\n}\n<\/style>\n<div  class='avia-image-container av-jmbpxor4-c769fddce4a96b89558d27c781c38792 av-styling- avia-align-left  avia-builder-el-1  avia-builder-el-no-sibling '   itemprop=\"image\" itemscope=\"itemscope\" itemtype=\"https:\/\/schema.org\/ImageObject\" ><div class=\"avia-image-container-inner\"><div class=\"avia-image-overlay-wrap\"><img decoding=\"async\" fetchpriority=\"high\" class='wp-image-1700 avia-img-lazy-loading-not-1700 avia_image ' src=\"https:\/\/www.veltec.eu\/wp-content\/uploads\/2018\/09\/Veltec-Kirby-specialist.png\" alt='' title='Veltec Kirby specialist'  height=\"400\" width=\"600\"  itemprop=\"thumbnailUrl\" srcset=\"https:\/\/www.veltec.eu\/wp-content\/uploads\/2018\/09\/Veltec-Kirby-specialist.png 600w, https:\/\/www.veltec.eu\/wp-content\/uploads\/2018\/09\/Veltec-Kirby-specialist-300x200.png 300w\" sizes=\"(max-width: 600px) 100vw, 600px\" \/><\/div><\/div><\/div><\/div>\n\n<style type=\"text\/css\" data-created_by=\"avia_inline_auto\" id=\"style-css-av-egs1i-02729923fc63d507d062c49c009d0838\">\n.flex_column.av-egs1i-02729923fc63d507d062c49c009d0838{\nborder-radius:0px 0px 0px 0px;\npadding:0px 0px 0px 0px;\n}\n<\/style>\n<div  class='flex_column av-egs1i-02729923fc63d507d062c49c009d0838 av_one_half  avia-builder-el-2  el_after_av_one_half  el_before_av_one_full  flex_column_div av-zero-column-padding  '     ><section  class='av_textblock_section av-jm7jrhis-a4a33d7b7eb451aef479c8932c7a6e15 '   itemscope=\"itemscope\" itemtype=\"https:\/\/schema.org\/CreativeWork\" ><div class='avia_textblock'  itemprop=\"text\" ><h1>Riguardo Veltec<\/h1>\n<p>Riguardo <a href=\"https:\/\/www.veltec.eu\/it\/\">Veltec specialista Kirby<\/a> e` uno dei piu` importanti specialisti nel nostro paese nel settore dei prodotti e servizi Kirby per la cura della casa.<\/p>\n<p>L`azienda e` stata fondata nel 1997 ed ha esperienza in quasi tutti gli sviluppi del mercato.<\/p>\n<p data-start=\"93\" data-end=\"425\">Veltec Kirby Specialist \u00e8 un fornitore di servizi indipendente e altamente qualificato, specializzato nella manutenzione, riparazione e assistenza dei prodotti Kirby. Grazie alla nostra competenza, siamo in grado di offrire un servizio di alta qualit\u00e0 e garanzie complete, adattate alle esigenze e agli interessi dei nostri clienti.<\/p>\n<p data-start=\"427\" data-end=\"891\">Sebbene lavoriamo con prodotti Kirby, operiamo in totale autonomia. Non abbiamo alcun obbligo o collaborazione con la Kirby Company per quanto riguarda l\u2019acquisto, la vendita o l\u2019assistenza. Veltec Kirby Specialist non \u00e8 in alcun modo affiliata, collegata o autorizzata dalla Kirby Company, n\u00e9 in Italia n\u00e9 in qualsiasi altra parte del mondo. Questa indipendenza ci permette di offrire ai nostri clienti soluzioni oneste, imparziali e orientate alle loro esigenze.<\/p>\n<\/div><\/section><\/div>\n<style type=\"text\/css\" data-created_by=\"avia_inline_auto\" id=\"style-css-av-94l26-55f30d40958deb6669b3a1da7f99c0ad\">\n.flex_column.av-94l26-55f30d40958deb6669b3a1da7f99c0ad{\nborder-radius:0px 0px 0px 0px;\npadding:0px 0px 0px 0px;\n}\n<\/style>\n<div  class='flex_column av-94l26-55f30d40958deb6669b3a1da7f99c0ad av_one_full  avia-builder-el-4  el_after_av_one_half  el_before_av_one_fourth  first flex_column_div av-zero-column-padding  column-top-margin'     ><section  class='av_textblock_section av-jmbq3rs3-8ac10c6b485dbaa7934d38669dbf2535 '   itemscope=\"itemscope\" itemtype=\"https:\/\/schema.org\/CreativeWork\" ><div class='avia_textblock'  itemprop=\"text\" ><h3>Il nostro sito Web<\/h3>\n<p>Veltec.eu e` un negozio online di Kirby, il quale e` un componente di Veltec specialista Kirby.<br \/>\nI clienti trovano su\u00a0<a href=\"https:\/\/www.veltec.eu\/it\/negozio-kirby\/\">www.veltec.eu<\/a>\u00a0non solo i piu` nuovi prodotti Kirby per la cura della casa, ma anche i meno conosciuti. L`azienda offre ai consumatori ed alle aziende piu`di 180 originali prodotti Kirby per la cura della casa che noi distribuiamo in Olanda, Belgio, Germania, Lussemburgo, Francia, Austria, Italia, Irlanda, Inghiterra e Svizzera.\u00a0Oltre che per la velocita` e facilita` dell`acquisto via internet Veltec specialista Kirby si caratterizza anche per il suo contatto personale con il cliente.<\/p>\n<p>Con il suo unico sistema automatizzato Veltec specialista Kirby fornisce la consegna entro 3 giorni a prezzi competitivi.\u00a0Infine\u2026Le\u00a0 auguriamo tanto successo e piacere negli acquisti sul nostro sito e le diamo con piacere il benvenuto come cliente.<\/p>\n<\/div><\/section><\/div><\/p>\n\n<style type=\"text\/css\" data-created_by=\"avia_inline_auto\" id=\"style-css-av-av_one_fourth-1df1b63c6c045939f2dc1aefbdd8e7ad\">\n.flex_column.av-av_one_fourth-1df1b63c6c045939f2dc1aefbdd8e7ad{\nborder-radius:0px 0px 0px 0px;\npadding:0px 0px 0px 0px;\n}\n<\/style>\n<div  class='flex_column av-av_one_fourth-1df1b63c6c045939f2dc1aefbdd8e7ad av_one_fourth  avia-builder-el-6  el_after_av_one_full  el_before_av_two_fifth  first flex_column_div av-zero-column-padding  column-top-margin'     ><style type=\"text\/css\" data-created_by=\"avia_inline_auto\" id=\"style-css-av-kxenqtrn-88d4143266963ff1d4c8331f9a3e0efd\">\n.avia-image-container.av-kxenqtrn-88d4143266963ff1d4c8331f9a3e0efd img.avia_image{\nbox-shadow:none;\n}\n.avia-image-container.av-kxenqtrn-88d4143266963ff1d4c8331f9a3e0efd .av-image-caption-overlay-center{\ncolor:#ffffff;\n}\n<\/style>\n<div  class='avia-image-container av-kxenqtrn-88d4143266963ff1d4c8331f9a3e0efd av-styling- avia-align-center  avia-builder-el-7  avia-builder-el-no-sibling '   itemprop=\"image\" itemscope=\"itemscope\" itemtype=\"https:\/\/schema.org\/ImageObject\" ><div class=\"avia-image-container-inner\"><div class=\"avia-image-overlay-wrap\"><img decoding=\"async\" fetchpriority=\"high\" class='wp-image-43989 avia-img-lazy-loading-not-43989 avia_image ' src=\"https:\/\/www.veltec.eu\/wp-content\/uploads\/2021\/12\/25-jaar-veltec1.png\" alt='' title='25-jaar-veltec1'  height=\"342\" width=\"500\"  itemprop=\"thumbnailUrl\" srcset=\"https:\/\/www.veltec.eu\/wp-content\/uploads\/2021\/12\/25-jaar-veltec1.png 500w, https:\/\/www.veltec.eu\/wp-content\/uploads\/2021\/12\/25-jaar-veltec1-300x205.png 300w\" sizes=\"(max-width: 500px) 100vw, 500px\" \/><\/div><\/div><\/div><\/div>\n\n<style type=\"text\/css\" data-created_by=\"avia_inline_auto\" id=\"style-css-av-99ph2-f8545c615ac6781a1a61a0167b7182e0\">\n.flex_column.av-99ph2-f8545c615ac6781a1a61a0167b7182e0{\nborder-radius:0px 0px 0px 0px;\npadding:0px 0px 0px 0px;\n}\n<\/style>\n<div  class='flex_column av-99ph2-f8545c615ac6781a1a61a0167b7182e0 av_two_fifth  avia-builder-el-8  el_after_av_one_fourth  el_before_av_one_third  flex_column_div av-zero-column-padding  column-top-margin'     ><section  class='av_textblock_section av-jmbs14a1-c26570599c5866b77f1ed565038d72bc '   itemscope=\"itemscope\" itemtype=\"https:\/\/schema.org\/CreativeWork\" ><div class='avia_textblock'  itemprop=\"text\" ><p>Veltec Kirby Specialist<br \/>\nWanraaij 29 M<br \/>\n6673 DM\u00a0 ANDELST<br \/>\nNETHERLANDS<br \/>\nEmail: info@veltec.eu<\/p>\n<p>Veltec e` registrato presso la Camera di Commercio sotto il numero 39086156.<br \/>\nIl nostro numero di partita IVA e` NL001933886B03<\/p>\n<\/div><\/section><\/div>\n\n<style type=\"text\/css\" data-created_by=\"avia_inline_auto\" id=\"style-css-av-ba4q6-c57e926ba472343f4c2303f504a9ab4b\">\n.flex_column.av-ba4q6-c57e926ba472343f4c2303f504a9ab4b{\nborder-radius:0px 0px 0px 0px;\npadding:0px 0px 0px 0px;\n}\n<\/style>\n<div  class='flex_column av-ba4q6-c57e926ba472343f4c2303f504a9ab4b av_one_third  avia-builder-el-10  el_after_av_two_fifth  el_before_av_hr  flex_column_div av-zero-column-padding  column-top-margin'     ><style type=\"text\/css\" data-created_by=\"avia_inline_auto\" id=\"style-css-av-jm7kenw9-302831658f7f38cb1c6fce45de7c0608\">\n.avia-image-container.av-jm7kenw9-302831658f7f38cb1c6fce45de7c0608 img.avia_image{\nbox-shadow:none;\n}\n.avia-image-container.av-jm7kenw9-302831658f7f38cb1c6fce45de7c0608 .av-image-caption-overlay-center{\ncolor:#ffffff;\n}\n<\/style>\n<div  class='avia-image-container av-jm7kenw9-302831658f7f38cb1c6fce45de7c0608 av-styling- av-img-linked avia-align-right  avia-builder-el-11  avia-builder-el-no-sibling '   itemprop=\"image\" itemscope=\"itemscope\" itemtype=\"https:\/\/schema.org\/ImageObject\" ><div class=\"avia-image-container-inner\"><div class=\"avia-image-overlay-wrap\"><a href=\"https:\/\/it.trustpilot.com\/review\/www.veltec.eu\" class='avia_image '  aria-label='Veltec Kirby specialist'><img decoding=\"async\" fetchpriority=\"high\" class='wp-image-1584 avia-img-lazy-loading-not-1584 avia_image ' src=\"https:\/\/www.veltec.eu\/wp-content\/uploads\/2018\/09\/tp_badge-260.png\" alt='' title='Veltec Kirby specialist'  height=\"159\" width=\"260\"  itemprop=\"thumbnailUrl\"  \/><\/a><\/div><\/div><\/div><\/div>\n\n<style type=\"text\/css\" data-created_by=\"avia_inline_auto\" id=\"style-css-av-ky0ac7ti-07d3a45d97c9a68ffa0d4073ec142eb5\">\n#top .hr.hr-invisible.av-ky0ac7ti-07d3a45d97c9a68ffa0d4073ec142eb5{\nheight:50px;\n}\n<\/style>\n<div  class='hr av-ky0ac7ti-07d3a45d97c9a68ffa0d4073ec142eb5 hr-invisible  avia-builder-el-12  el_after_av_one_third  el_before_av_textblock '><span class='hr-inner '><span class=\"hr-inner-style\"><\/span><\/span><\/div>\n<section  class='av_textblock_section av-ky0acmw0-3e30e8f498cf190686c6264f69f51cc7 '   itemscope=\"itemscope\" itemtype=\"https:\/\/schema.org\/CreativeWork\" ><div class='avia_textblock'  itemprop=\"text\" >\n<style type=\"text\/css\" data-created_by=\"avia_inline_auto\" id=\"style-css-av-6u01i-294e84c5e5ccbb05371eb2d59b098352\">\n#top .hr.hr-invisible.av-6u01i-294e84c5e5ccbb05371eb2d59b098352{\nheight:50px;\n}\n<\/style>\n<div  class='hr av-6u01i-294e84c5e5ccbb05371eb2d59b098352 hr-invisible  avia-builder-el-14  avia-builder-el-no-sibling '><span class='hr-inner '><span class=\"hr-inner-style\"><\/span><\/span><\/div>\n<p><img decoding=\"async\" class=\"aligncenter wp-image-44337 size-full\" src=\"https:\/\/www.veltec.eu\/wp-content\/uploads\/2021\/12\/Veltec-log-groot-e1537260889125.png\" alt=\"Riguardo Veltec\" width=\"200\" height=\"60\" \/><\/p>\n<\/div><\/section>\n","protected":false},"excerpt":{"rendered":"","protected":false},"author":1,"featured_media":0,"parent":0,"menu_order":0,"comment_status":"closed","ping_status":"closed","template":"","meta":{"footnotes":""},"class_list":["post-3367","page","type-page","status-publish","hentry"],"yoast_head":"<!-- This site is optimized with the Yoast SEO Premium plugin v27.1 (Yoast SEO v27.3) - https:\/\/yoast.com\/product\/yoast-seo-premium-wordpress\/ -->\n<title>Riguardo Veltec - Specialista Veltec Kirby<\/title>\n<meta name=\"description\" content=\"Riguardo Veltec. Veltec \u00e8 uno dei pi\u00f9 grandi fornitori di aspirapolveri e accessori Kirby di fascia alta. Riguardo Veltec.\" \/>\n<meta name=\"robots\" content=\"index, follow, max-snippet:-1, max-image-preview:large, max-video-preview:-1\" \/>\n<link rel=\"canonical\" href=\"https:\/\/www.veltec.eu\/nl\/over-ons\/\" \/>\n<meta property=\"og:locale\" content=\"it_IT\" \/>\n<meta property=\"og:type\" content=\"article\" \/>\n<meta property=\"og:title\" content=\"Riguardo Veltec\" \/>\n<meta property=\"og:url\" content=\"https:\/\/www.veltec.eu\/nl\/over-ons\/\" \/>\n<meta property=\"og:site_name\" content=\"Veltec Kirby specialist\" \/>\n<meta property=\"article:publisher\" content=\"https:\/\/www.facebook.com\/Veltec-Kirby-Specialist-236746293374877\/\" \/>\n<meta property=\"article:modified_time\" content=\"2025-11-25T10:19:47+00:00\" \/>\n<meta property=\"og:image\" content=\"https:\/\/www.veltec.eu\/wp-content\/uploads\/2021\/12\/Veltec-log-groot-e1537260889125.png\" \/>\n<meta name=\"twitter:card\" content=\"summary_large_image\" \/>\n<meta name=\"twitter:label1\" content=\"Tempo di lettura stimato\" \/>\n\t<meta name=\"twitter:data1\" content=\"3 minuti\" \/>\n<script type=\"application\/ld+json\" class=\"yoast-schema-graph\">{\"@context\":\"https:\\\/\\\/schema.org\",\"@graph\":[{\"@type\":\"WebPage\",\"@id\":\"https:\\\/\\\/www.veltec.eu\\\/nl\\\/over-ons\\\/\",\"url\":\"https:\\\/\\\/www.veltec.eu\\\/nl\\\/over-ons\\\/\",\"name\":\"Riguardo Veltec - Specialista Veltec Kirby\",\"isPartOf\":{\"@id\":\"https:\\\/\\\/www.veltec.eu\\\/en\\\/#website\"},\"primaryImageOfPage\":{\"@id\":\"https:\\\/\\\/www.veltec.eu\\\/nl\\\/over-ons\\\/#primaryimage\"},\"image\":{\"@id\":\"https:\\\/\\\/www.veltec.eu\\\/nl\\\/over-ons\\\/#primaryimage\"},\"thumbnailUrl\":\"https:\\\/\\\/www.veltec.eu\\\/wp-content\\\/uploads\\\/2021\\\/12\\\/Veltec-log-groot-e1537260889125.png\",\"datePublished\":\"2018-10-04T12:43:50+00:00\",\"dateModified\":\"2025-11-25T10:19:47+00:00\",\"description\":\"Riguardo Veltec. Veltec \u00e8 uno dei pi\u00f9 grandi fornitori di aspirapolveri e accessori Kirby di fascia alta. Riguardo Veltec.\",\"breadcrumb\":{\"@id\":\"https:\\\/\\\/www.veltec.eu\\\/nl\\\/over-ons\\\/#breadcrumb\"},\"inLanguage\":\"it-IT\",\"potentialAction\":[{\"@type\":\"ReadAction\",\"target\":[\"https:\\\/\\\/www.veltec.eu\\\/nl\\\/over-ons\\\/\"]}]},{\"@type\":\"ImageObject\",\"inLanguage\":\"it-IT\",\"@id\":\"https:\\\/\\\/www.veltec.eu\\\/nl\\\/over-ons\\\/#primaryimage\",\"url\":\"https:\\\/\\\/www.veltec.eu\\\/wp-content\\\/uploads\\\/2021\\\/12\\\/Veltec-log-groot-e1537260889125.png\",\"contentUrl\":\"https:\\\/\\\/www.veltec.eu\\\/wp-content\\\/uploads\\\/2021\\\/12\\\/Veltec-log-groot-e1537260889125.png\"},{\"@type\":\"BreadcrumbList\",\"@id\":\"https:\\\/\\\/www.veltec.eu\\\/nl\\\/over-ons\\\/#breadcrumb\",\"itemListElement\":[{\"@type\":\"ListItem\",\"position\":1,\"name\":\"Home\",\"item\":\"https:\\\/\\\/www.veltec.eu\\\/it\\\/\"},{\"@type\":\"ListItem\",\"position\":2,\"name\":\"Riguardo Veltec\"}]},{\"@type\":\"WebSite\",\"@id\":\"https:\\\/\\\/www.veltec.eu\\\/en\\\/#website\",\"url\":\"https:\\\/\\\/www.veltec.eu\\\/en\\\/\",\"name\":\"Veltec Kirby specialist\",\"description\":\"Kirby stofzuiger producten\",\"publisher\":{\"@id\":\"https:\\\/\\\/www.veltec.eu\\\/en\\\/#organization\"},\"potentialAction\":[{\"@type\":\"SearchAction\",\"target\":{\"@type\":\"EntryPoint\",\"urlTemplate\":\"https:\\\/\\\/www.veltec.eu\\\/en\\\/?s={search_term_string}\"},\"query-input\":{\"@type\":\"PropertyValueSpecification\",\"valueRequired\":true,\"valueName\":\"search_term_string\"}}],\"inLanguage\":\"it-IT\"},{\"@type\":\"Organization\",\"@id\":\"https:\\\/\\\/www.veltec.eu\\\/en\\\/#organization\",\"name\":\"Veltec Kirby Specialist\",\"url\":\"https:\\\/\\\/www.veltec.eu\\\/en\\\/\",\"logo\":{\"@type\":\"ImageObject\",\"inLanguage\":\"it-IT\",\"@id\":\"https:\\\/\\\/www.veltec.eu\\\/en\\\/#\\\/schema\\\/logo\\\/image\\\/\",\"url\":\"https:\\\/\\\/www.veltec.eu\\\/wp-content\\\/uploads\\\/2021\\\/12\\\/Veltec-log-groot-e1537260889125.png\",\"contentUrl\":\"https:\\\/\\\/www.veltec.eu\\\/wp-content\\\/uploads\\\/2021\\\/12\\\/Veltec-log-groot-e1537260889125.png\",\"width\":200,\"height\":60,\"caption\":\"Veltec Kirby Specialist\"},\"image\":{\"@id\":\"https:\\\/\\\/www.veltec.eu\\\/en\\\/#\\\/schema\\\/logo\\\/image\\\/\"},\"sameAs\":[\"https:\\\/\\\/www.facebook.com\\\/Veltec-Kirby-Specialist-236746293374877\\\/\",\"https:\\\/\\\/www.youtube.com\\\/user\\\/VeltecService\"]}]}<\/script>\n<!-- \/ Yoast SEO Premium plugin. -->","yoast_head_json":{"title":"Riguardo Veltec - Specialista Veltec Kirby","description":"Riguardo Veltec. Veltec \u00e8 uno dei pi\u00f9 grandi fornitori di aspirapolveri e accessori Kirby di fascia alta. Riguardo Veltec.","robots":{"index":"index","follow":"follow","max-snippet":"max-snippet:-1","max-image-preview":"max-image-preview:large","max-video-preview":"max-video-preview:-1"},"canonical":"https:\/\/www.veltec.eu\/nl\/over-ons\/","og_locale":"it_IT","og_type":"article","og_title":"Riguardo Veltec","og_url":"https:\/\/www.veltec.eu\/nl\/over-ons\/","og_site_name":"Veltec Kirby specialist","article_publisher":"https:\/\/www.facebook.com\/Veltec-Kirby-Specialist-236746293374877\/","article_modified_time":"2025-11-25T10:19:47+00:00","og_image":[{"url":"https:\/\/www.veltec.eu\/wp-content\/uploads\/2021\/12\/Veltec-log-groot-e1537260889125.png","type":"","width":"","height":""}],"twitter_card":"summary_large_image","twitter_misc":{"Tempo di lettura stimato":"3 minuti"},"schema":{"@context":"https:\/\/schema.org","@graph":[{"@type":"WebPage","@id":"https:\/\/www.veltec.eu\/nl\/over-ons\/","url":"https:\/\/www.veltec.eu\/nl\/over-ons\/","name":"Riguardo Veltec - Specialista Veltec Kirby","isPartOf":{"@id":"https:\/\/www.veltec.eu\/en\/#website"},"primaryImageOfPage":{"@id":"https:\/\/www.veltec.eu\/nl\/over-ons\/#primaryimage"},"image":{"@id":"https:\/\/www.veltec.eu\/nl\/over-ons\/#primaryimage"},"thumbnailUrl":"https:\/\/www.veltec.eu\/wp-content\/uploads\/2021\/12\/Veltec-log-groot-e1537260889125.png","datePublished":"2018-10-04T12:43:50+00:00","dateModified":"2025-11-25T10:19:47+00:00","description":"Riguardo Veltec. Veltec \u00e8 uno dei pi\u00f9 grandi fornitori di aspirapolveri e accessori Kirby di fascia alta. Riguardo Veltec.","breadcrumb":{"@id":"https:\/\/www.veltec.eu\/nl\/over-ons\/#breadcrumb"},"inLanguage":"it-IT","potentialAction":[{"@type":"ReadAction","target":["https:\/\/www.veltec.eu\/nl\/over-ons\/"]}]},{"@type":"ImageObject","inLanguage":"it-IT","@id":"https:\/\/www.veltec.eu\/nl\/over-ons\/#primaryimage","url":"https:\/\/www.veltec.eu\/wp-content\/uploads\/2021\/12\/Veltec-log-groot-e1537260889125.png","contentUrl":"https:\/\/www.veltec.eu\/wp-content\/uploads\/2021\/12\/Veltec-log-groot-e1537260889125.png"},{"@type":"BreadcrumbList","@id":"https:\/\/www.veltec.eu\/nl\/over-ons\/#breadcrumb","itemListElement":[{"@type":"ListItem","position":1,"name":"Home","item":"https:\/\/www.veltec.eu\/it\/"},{"@type":"ListItem","position":2,"name":"Riguardo Veltec"}]},{"@type":"WebSite","@id":"https:\/\/www.veltec.eu\/en\/#website","url":"https:\/\/www.veltec.eu\/en\/","name":"Veltec Kirby specialist","description":"Kirby stofzuiger producten","publisher":{"@id":"https:\/\/www.veltec.eu\/en\/#organization"},"potentialAction":[{"@type":"SearchAction","target":{"@type":"EntryPoint","urlTemplate":"https:\/\/www.veltec.eu\/en\/?s={search_term_string}"},"query-input":{"@type":"PropertyValueSpecification","valueRequired":true,"valueName":"search_term_string"}}],"inLanguage":"it-IT"},{"@type":"Organization","@id":"https:\/\/www.veltec.eu\/en\/#organization","name":"Veltec Kirby Specialist","url":"https:\/\/www.veltec.eu\/en\/","logo":{"@type":"ImageObject","inLanguage":"it-IT","@id":"https:\/\/www.veltec.eu\/en\/#\/schema\/logo\/image\/","url":"https:\/\/www.veltec.eu\/wp-content\/uploads\/2021\/12\/Veltec-log-groot-e1537260889125.png","contentUrl":"https:\/\/www.veltec.eu\/wp-content\/uploads\/2021\/12\/Veltec-log-groot-e1537260889125.png","width":200,"height":60,"caption":"Veltec Kirby Specialist"},"image":{"@id":"https:\/\/www.veltec.eu\/en\/#\/schema\/logo\/image\/"},"sameAs":["https:\/\/www.facebook.com\/Veltec-Kirby-Specialist-236746293374877\/","https:\/\/www.youtube.com\/user\/VeltecService"]}]}},"_links":{"self":[{"href":"https:\/\/www.veltec.eu\/it\/wp-json\/wp\/v2\/pages\/3367","targetHints":{"allow":["GET"]}}],"collection":[{"href":"https:\/\/www.veltec.eu\/it\/wp-json\/wp\/v2\/pages"}],"about":[{"href":"https:\/\/www.veltec.eu\/it\/wp-json\/wp\/v2\/types\/page"}],"author":[{"embeddable":true,"href":"https:\/\/www.veltec.eu\/it\/wp-json\/wp\/v2\/users\/1"}],"replies":[{"embeddable":true,"href":"https:\/\/www.veltec.eu\/it\/wp-json\/wp\/v2\/comments?post=3367"}],"version-history":[{"count":4,"href":"https:\/\/www.veltec.eu\/it\/wp-json\/wp\/v2\/pages\/3367\/revisions"}],"predecessor-version":[{"id":86540,"href":"https:\/\/www.veltec.eu\/it\/wp-json\/wp\/v2\/pages\/3367\/revisions\/86540"}],"wp:attachment":[{"href":"https:\/\/www.veltec.eu\/it\/wp-json\/wp\/v2\/media?parent=3367"}],"curies":[{"name":"wp","href":"https:\/\/api.w.org\/{rel}","templated":true}]}}