{"id":91538,"date":"2026-04-28T10:33:40","date_gmt":"2026-04-28T08:33:40","guid":{"rendered":"https:\/\/www.veltec.eu\/product\/systeme-de-nettoyage-kirby-a-rouleau-brosse\/"},"modified":"2026-04-28T11:48:33","modified_gmt":"2026-04-28T09:48:33","slug":"systeme-de-nettoyage-kirby-a-rouleau-brosse","status":"publish","type":"product","link":"https:\/\/www.veltec.eu\/fr\/product\/systeme-de-nettoyage-kirby-a-rouleau-brosse\/","title":{"rendered":"Syst\u00e8me de nettoyage Kirby \u00e0 rouleau-brosse"},"content":{"rendered":"<h1>Syst\u00e8me de nettoyage Kirby \u00e0 rouleau-brosse<\/h1>\n<p>Le <strong>syst\u00e8me de nettoyage Kirby \u00e0 rouleau-brosse<\/strong> est un rouleau-brosse shampooing original sp\u00e9cialement con\u00e7u pour le nettoyage intensif des sols et des tapis en combinaison avec le syst\u00e8me Kirby Multi Floor Cleaning System. Ainsi, vous b\u00e9n\u00e9ficiez d\u2019un nettoyage puissant et uniforme, tout en assurant un entretien optimal de votre rev\u00eatement de sol.<\/p>\n<h2>Rouleau-brosse Kirby d\u2019origine<\/h2>\n<p>Ce <strong>rouleau-brosse<\/strong> est \u00e9galement connu sous le nom de rouleau Kirby Rug Renovator et de rouleau pour syst\u00e8me de shampooing tapis Kirby. De plus, il est important d\u2019utiliser uniquement un produit d\u2019origine, car cela garantit les performances et la durabilit\u00e9 de votre appareil. En outre, sa conception assure une absorption et une r\u00e9partition efficaces du shampooing pendant le nettoyage.<\/p>\n<p><a href=\"https:\/\/www.veltec.eu\/nl\/kirby-borstels-en-toebehoren\/\">Retrouvez ici toutes les brosses Kirby d\u2019origine<\/a><\/p>\n<h3>Compatibilit\u00e9 du syst\u00e8me de nettoyage \u00e0 rouleau-brosse<\/h3>\n<p>Le <strong>rouleau-brosse<\/strong> est exclusivement compatible avec les syst\u00e8mes Kirby Multi Floor Cleaning. Cependant, ce rouleau-brosse n\u2019est pas adapt\u00e9 aux anciens syst\u00e8mes de shampooing, car les embouts sont de forme ronde. Ainsi, un ajustement parfait est garanti pour les mod\u00e8les compatibles, tandis que toute incompatibilit\u00e9 avec les anciens syst\u00e8mes est exclue. Compatible notamment avec : Avalir Platinum, Avalir 2, Avalir 1, Sentria 2 (G10D), Sentria 1 (G10), Ultimate G Diamond Edition (G7D ou DE), Ultimate G (G7 ou UG), Generation 6 (G6), Generation 5 (G5), Generation 4 (G4) et Generation 3 (G3).<\/p>\n<h2><img decoding=\"async\" class=\"alignnone wp-image-91473 size-full\" src=\"https:\/\/www.veltec.eu\/wp-content\/uploads\/2026\/04\/Kirby-borstelrolgoed-1-1.jpg\" alt=\"Syst\u00e8me de nettoyage Kirby \u00e0 rouleau-brosse\" width=\"748\" height=\"228\" srcset=\"https:\/\/www.veltec.eu\/wp-content\/uploads\/2026\/04\/Kirby-borstelrolgoed-1-1.jpg 748w, https:\/\/www.veltec.eu\/wp-content\/uploads\/2026\/04\/Kirby-borstelrolgoed-1-1-300x91.jpg 300w, https:\/\/www.veltec.eu\/wp-content\/uploads\/2026\/04\/Kirby-borstelrolgoed-1-1-705x215.jpg 705w, https:\/\/www.veltec.eu\/wp-content\/uploads\/2026\/04\/Kirby-borstelrolgoed-1-1-450x137.jpg 450w, https:\/\/www.veltec.eu\/wp-content\/uploads\/2026\/04\/Kirby-borstelrolgoed-1-1-600x183.jpg 600w\" sizes=\"(max-width: 748px) 100vw, 748px\" \/><br \/>\nApplication et entretien du syst\u00e8me de nettoyage Kirby \u00e0 rouleau-brosse<\/h2>\n<p>Lors de l\u2019utilisation, le <strong>rouleau-brosse<\/strong> offre un effet de nettoyage en profondeur, permettant de d\u00e9tacher efficacement la salet\u00e9 et les r\u00e9sidus des fibres de tapis. De plus, un entretien correct est essentiel afin de prolonger sa dur\u00e9e de vie et de maintenir ses performances.<\/p>\n<h3>Conseils d\u2019entretien du rouleau-brosse Kirby<\/h3>\n<p>Apr\u00e8s le lavage du rouleau-brosse, il convient de le remonter correctement. Ensuite, faites fonctionner le Kirby pendant environ 10 \u00e0 30 secondes avec le plateau relev\u00e9, afin que la brosse s\u00e8che correctement et que, par ailleurs, la corrosion des roulements soit r\u00e9duite. Toutefois, ne laissez jamais le rouleau-brosse tremper dans l\u2019eau, car cela pourrait provoquer des dommages et affecter son fonctionnement.<\/p>\n","protected":false},"excerpt":{"rendered":"<p>Syst\u00e8me de nettoyage Kirby \u00e0 rouleau-brosse \u2013 Rouleau-brosse shampooing original pour le syst\u00e8me de nettoyage multi sols Kirby.<\/p>\n","protected":false},"featured_media":91460,"comment_status":"open","ping_status":"closed","template":"","meta":[],"product_brand":[],"product_cat":[341,310],"product_tag":[],"class_list":{"0":"post-91538","1":"product","2":"type-product","3":"status-publish","4":"has-post-thumbnail","6":"product_cat-kirby-brosses-et-accessoires","7":"product_cat-kirby-systeme-de-shampooinage","9":"first","10":"instock","11":"taxable","12":"shipping-taxable","13":"purchasable","14":"product-type-simple"},"yoast_head":"<!-- This site is optimized with the Yoast SEO Premium plugin v27.1 (Yoast SEO v27.4) - https:\/\/yoast.com\/product\/yoast-seo-premium-wordpress\/ -->\n<title>Syst\u00e8me de nettoyage Kirby \u00e0 rouleau-brosse - Veltec Kirby specialist<\/title>\n<meta name=\"description\" content=\"Syst\u00e8me de nettoyage Kirby \u00e0 rouleau-brosse \u2013 Rouleau-brosse shampooing original pour le syst\u00e8me de nettoyage multi sols Kirby.\" \/>\n<meta name=\"robots\" content=\"index, follow, max-snippet:-1, max-image-preview:large, max-video-preview:-1\" \/>\n<link rel=\"canonical\" href=\"https:\/\/www.veltec.eu\/nl\/product\/kirby-borstelrol-vloerreinigingssysteem\/\" \/>\n<meta property=\"og:locale\" content=\"fr_FR\" \/>\n<meta property=\"og:type\" content=\"article\" \/>\n<meta property=\"og:title\" content=\"Syst\u00e8me de nettoyage Kirby \u00e0 rouleau-brosse\" \/>\n<meta property=\"og:description\" content=\"Syst\u00e8me de nettoyage Kirby \u00e0 rouleau-brosse \u2013 Rouleau-brosse shampooing original pour le syst\u00e8me de nettoyage multi sols Kirby.\" \/>\n<meta property=\"og:url\" content=\"https:\/\/www.veltec.eu\/nl\/product\/kirby-borstelrol-vloerreinigingssysteem\/\" \/>\n<meta property=\"og:site_name\" content=\"Veltec Kirby specialist\" \/>\n<meta property=\"article:publisher\" content=\"https:\/\/www.facebook.com\/Veltec-Kirby-Specialist-236746293374877\/\" \/>\n<meta property=\"article:modified_time\" content=\"2026-04-28T09:48:33+00:00\" \/>\n<meta property=\"og:image\" content=\"https:\/\/www.veltec.eu\/wp-content\/uploads\/2026\/04\/Kirby-shampoo-borstel.Avalir.jpg\" \/>\n\t<meta property=\"og:image:width\" content=\"600\" \/>\n\t<meta property=\"og:image:height\" content=\"600\" \/>\n\t<meta property=\"og:image:type\" content=\"image\/jpeg\" \/>\n<meta name=\"twitter:card\" content=\"summary_large_image\" \/>\n<meta name=\"twitter:label1\" content=\"Dur\u00e9e de lecture estim\u00e9e\" \/>\n\t<meta name=\"twitter:data1\" content=\"2 minutes\" \/>\n<script type=\"application\/ld+json\" class=\"yoast-schema-graph\">{\"@context\":\"https:\\\/\\\/schema.org\",\"@graph\":[{\"@type\":\"WebPage\",\"@id\":\"https:\\\/\\\/www.veltec.eu\\\/nl\\\/product\\\/kirby-borstelrol-vloerreinigingssysteem\\\/\",\"url\":\"https:\\\/\\\/www.veltec.eu\\\/nl\\\/product\\\/kirby-borstelrol-vloerreinigingssysteem\\\/\",\"name\":\"Syst\u00e8me de nettoyage Kirby \u00e0 rouleau-brosse - Veltec Kirby specialist\",\"isPartOf\":{\"@id\":\"https:\\\/\\\/www.veltec.eu\\\/en\\\/#website\"},\"primaryImageOfPage\":{\"@id\":\"https:\\\/\\\/www.veltec.eu\\\/nl\\\/product\\\/kirby-borstelrol-vloerreinigingssysteem\\\/#primaryimage\"},\"image\":{\"@id\":\"https:\\\/\\\/www.veltec.eu\\\/nl\\\/product\\\/kirby-borstelrol-vloerreinigingssysteem\\\/#primaryimage\"},\"thumbnailUrl\":\"https:\\\/\\\/www.veltec.eu\\\/wp-content\\\/uploads\\\/2026\\\/04\\\/Kirby-shampoo-borstel.Avalir.jpg\",\"datePublished\":\"2026-04-28T08:33:40+00:00\",\"dateModified\":\"2026-04-28T09:48:33+00:00\",\"description\":\"Syst\u00e8me de nettoyage Kirby \u00e0 rouleau-brosse \u2013 Rouleau-brosse shampooing original pour le syst\u00e8me de nettoyage multi sols Kirby.\",\"breadcrumb\":{\"@id\":\"https:\\\/\\\/www.veltec.eu\\\/nl\\\/product\\\/kirby-borstelrol-vloerreinigingssysteem\\\/#breadcrumb\"},\"inLanguage\":\"fr-FR\",\"potentialAction\":[{\"@type\":\"ReadAction\",\"target\":[\"https:\\\/\\\/www.veltec.eu\\\/nl\\\/product\\\/kirby-borstelrol-vloerreinigingssysteem\\\/\"]}]},{\"@type\":\"ImageObject\",\"inLanguage\":\"fr-FR\",\"@id\":\"https:\\\/\\\/www.veltec.eu\\\/nl\\\/product\\\/kirby-borstelrol-vloerreinigingssysteem\\\/#primaryimage\",\"url\":\"https:\\\/\\\/www.veltec.eu\\\/wp-content\\\/uploads\\\/2026\\\/04\\\/Kirby-shampoo-borstel.Avalir.jpg\",\"contentUrl\":\"https:\\\/\\\/www.veltec.eu\\\/wp-content\\\/uploads\\\/2026\\\/04\\\/Kirby-shampoo-borstel.Avalir.jpg\",\"width\":600,\"height\":600},{\"@type\":\"BreadcrumbList\",\"@id\":\"https:\\\/\\\/www.veltec.eu\\\/nl\\\/product\\\/kirby-borstelrol-vloerreinigingssysteem\\\/#breadcrumb\",\"itemListElement\":[{\"@type\":\"ListItem\",\"position\":1,\"name\":\"Home\",\"item\":\"https:\\\/\\\/www.veltec.eu\\\/fr\\\/\"},{\"@type\":\"ListItem\",\"position\":2,\"name\":\"Produits\",\"item\":\"https:\\\/\\\/www.veltec.eu\\\/fr\\\/shop\\\/\"},{\"@type\":\"ListItem\",\"position\":3,\"name\":\"Syst\u00e8me de nettoyage Kirby \u00e0 rouleau-brosse\"}]},{\"@type\":\"WebSite\",\"@id\":\"https:\\\/\\\/www.veltec.eu\\\/en\\\/#website\",\"url\":\"https:\\\/\\\/www.veltec.eu\\\/en\\\/\",\"name\":\"Veltec Kirby specialist\",\"description\":\"Kirby stofzuiger producten\",\"publisher\":{\"@id\":\"https:\\\/\\\/www.veltec.eu\\\/en\\\/#organization\"},\"potentialAction\":[{\"@type\":\"SearchAction\",\"target\":{\"@type\":\"EntryPoint\",\"urlTemplate\":\"https:\\\/\\\/www.veltec.eu\\\/en\\\/?s={search_term_string}\"},\"query-input\":{\"@type\":\"PropertyValueSpecification\",\"valueRequired\":true,\"valueName\":\"search_term_string\"}}],\"inLanguage\":\"fr-FR\"},{\"@type\":\"Organization\",\"@id\":\"https:\\\/\\\/www.veltec.eu\\\/en\\\/#organization\",\"name\":\"Veltec Kirby Specialist\",\"url\":\"https:\\\/\\\/www.veltec.eu\\\/en\\\/\",\"logo\":{\"@type\":\"ImageObject\",\"inLanguage\":\"fr-FR\",\"@id\":\"https:\\\/\\\/www.veltec.eu\\\/en\\\/#\\\/schema\\\/logo\\\/image\\\/\",\"url\":\"https:\\\/\\\/www.veltec.eu\\\/wp-content\\\/uploads\\\/2021\\\/12\\\/Veltec-log-groot-e1537260889125.png\",\"contentUrl\":\"https:\\\/\\\/www.veltec.eu\\\/wp-content\\\/uploads\\\/2021\\\/12\\\/Veltec-log-groot-e1537260889125.png\",\"width\":200,\"height\":60,\"caption\":\"Veltec Kirby Specialist\"},\"image\":{\"@id\":\"https:\\\/\\\/www.veltec.eu\\\/en\\\/#\\\/schema\\\/logo\\\/image\\\/\"},\"sameAs\":[\"https:\\\/\\\/www.facebook.com\\\/Veltec-Kirby-Specialist-236746293374877\\\/\",\"https:\\\/\\\/www.youtube.com\\\/user\\\/VeltecService\"]}]}<\/script>\n<!-- \/ Yoast SEO Premium plugin. -->","yoast_head_json":{"title":"Syst\u00e8me de nettoyage Kirby \u00e0 rouleau-brosse - Veltec Kirby specialist","description":"Syst\u00e8me de nettoyage Kirby \u00e0 rouleau-brosse \u2013 Rouleau-brosse shampooing original pour le syst\u00e8me de nettoyage multi sols Kirby.","robots":{"index":"index","follow":"follow","max-snippet":"max-snippet:-1","max-image-preview":"max-image-preview:large","max-video-preview":"max-video-preview:-1"},"canonical":"https:\/\/www.veltec.eu\/nl\/product\/kirby-borstelrol-vloerreinigingssysteem\/","og_locale":"fr_FR","og_type":"article","og_title":"Syst\u00e8me de nettoyage Kirby \u00e0 rouleau-brosse","og_description":"Syst\u00e8me de nettoyage Kirby \u00e0 rouleau-brosse \u2013 Rouleau-brosse shampooing original pour le syst\u00e8me de nettoyage multi sols Kirby.","og_url":"https:\/\/www.veltec.eu\/nl\/product\/kirby-borstelrol-vloerreinigingssysteem\/","og_site_name":"Veltec Kirby specialist","article_publisher":"https:\/\/www.facebook.com\/Veltec-Kirby-Specialist-236746293374877\/","article_modified_time":"2026-04-28T09:48:33+00:00","og_image":[{"width":600,"height":600,"url":"https:\/\/www.veltec.eu\/wp-content\/uploads\/2026\/04\/Kirby-shampoo-borstel.Avalir.jpg","type":"image\/jpeg"}],"twitter_card":"summary_large_image","twitter_misc":{"Dur\u00e9e de lecture estim\u00e9e":"2 minutes"},"schema":{"@context":"https:\/\/schema.org","@graph":[{"@type":"WebPage","@id":"https:\/\/www.veltec.eu\/nl\/product\/kirby-borstelrol-vloerreinigingssysteem\/","url":"https:\/\/www.veltec.eu\/nl\/product\/kirby-borstelrol-vloerreinigingssysteem\/","name":"Syst\u00e8me de nettoyage Kirby \u00e0 rouleau-brosse - Veltec Kirby specialist","isPartOf":{"@id":"https:\/\/www.veltec.eu\/en\/#website"},"primaryImageOfPage":{"@id":"https:\/\/www.veltec.eu\/nl\/product\/kirby-borstelrol-vloerreinigingssysteem\/#primaryimage"},"image":{"@id":"https:\/\/www.veltec.eu\/nl\/product\/kirby-borstelrol-vloerreinigingssysteem\/#primaryimage"},"thumbnailUrl":"https:\/\/www.veltec.eu\/wp-content\/uploads\/2026\/04\/Kirby-shampoo-borstel.Avalir.jpg","datePublished":"2026-04-28T08:33:40+00:00","dateModified":"2026-04-28T09:48:33+00:00","description":"Syst\u00e8me de nettoyage Kirby \u00e0 rouleau-brosse \u2013 Rouleau-brosse shampooing original pour le syst\u00e8me de nettoyage multi sols Kirby.","breadcrumb":{"@id":"https:\/\/www.veltec.eu\/nl\/product\/kirby-borstelrol-vloerreinigingssysteem\/#breadcrumb"},"inLanguage":"fr-FR","potentialAction":[{"@type":"ReadAction","target":["https:\/\/www.veltec.eu\/nl\/product\/kirby-borstelrol-vloerreinigingssysteem\/"]}]},{"@type":"ImageObject","inLanguage":"fr-FR","@id":"https:\/\/www.veltec.eu\/nl\/product\/kirby-borstelrol-vloerreinigingssysteem\/#primaryimage","url":"https:\/\/www.veltec.eu\/wp-content\/uploads\/2026\/04\/Kirby-shampoo-borstel.Avalir.jpg","contentUrl":"https:\/\/www.veltec.eu\/wp-content\/uploads\/2026\/04\/Kirby-shampoo-borstel.Avalir.jpg","width":600,"height":600},{"@type":"BreadcrumbList","@id":"https:\/\/www.veltec.eu\/nl\/product\/kirby-borstelrol-vloerreinigingssysteem\/#breadcrumb","itemListElement":[{"@type":"ListItem","position":1,"name":"Home","item":"https:\/\/www.veltec.eu\/fr\/"},{"@type":"ListItem","position":2,"name":"Produits","item":"https:\/\/www.veltec.eu\/fr\/shop\/"},{"@type":"ListItem","position":3,"name":"Syst\u00e8me de nettoyage Kirby \u00e0 rouleau-brosse"}]},{"@type":"WebSite","@id":"https:\/\/www.veltec.eu\/en\/#website","url":"https:\/\/www.veltec.eu\/en\/","name":"Veltec Kirby specialist","description":"Kirby stofzuiger producten","publisher":{"@id":"https:\/\/www.veltec.eu\/en\/#organization"},"potentialAction":[{"@type":"SearchAction","target":{"@type":"EntryPoint","urlTemplate":"https:\/\/www.veltec.eu\/en\/?s={search_term_string}"},"query-input":{"@type":"PropertyValueSpecification","valueRequired":true,"valueName":"search_term_string"}}],"inLanguage":"fr-FR"},{"@type":"Organization","@id":"https:\/\/www.veltec.eu\/en\/#organization","name":"Veltec Kirby Specialist","url":"https:\/\/www.veltec.eu\/en\/","logo":{"@type":"ImageObject","inLanguage":"fr-FR","@id":"https:\/\/www.veltec.eu\/en\/#\/schema\/logo\/image\/","url":"https:\/\/www.veltec.eu\/wp-content\/uploads\/2021\/12\/Veltec-log-groot-e1537260889125.png","contentUrl":"https:\/\/www.veltec.eu\/wp-content\/uploads\/2021\/12\/Veltec-log-groot-e1537260889125.png","width":200,"height":60,"caption":"Veltec Kirby Specialist"},"image":{"@id":"https:\/\/www.veltec.eu\/en\/#\/schema\/logo\/image\/"},"sameAs":["https:\/\/www.facebook.com\/Veltec-Kirby-Specialist-236746293374877\/","https:\/\/www.youtube.com\/user\/VeltecService"]}]}},"_links":{"self":[{"href":"https:\/\/www.veltec.eu\/fr\/wp-json\/wp\/v2\/product\/91538","targetHints":{"allow":["GET"]}}],"collection":[{"href":"https:\/\/www.veltec.eu\/fr\/wp-json\/wp\/v2\/product"}],"about":[{"href":"https:\/\/www.veltec.eu\/fr\/wp-json\/wp\/v2\/types\/product"}],"replies":[{"embeddable":true,"href":"https:\/\/www.veltec.eu\/fr\/wp-json\/wp\/v2\/comments?post=91538"}],"wp:featuredmedia":[{"embeddable":true,"href":"https:\/\/www.veltec.eu\/fr\/wp-json\/wp\/v2\/media\/91460"}],"wp:attachment":[{"href":"https:\/\/www.veltec.eu\/fr\/wp-json\/wp\/v2\/media?parent=91538"}],"wp:term":[{"taxonomy":"product_brand","embeddable":true,"href":"https:\/\/www.veltec.eu\/fr\/wp-json\/wp\/v2\/product_brand?post=91538"},{"taxonomy":"product_cat","embeddable":true,"href":"https:\/\/www.veltec.eu\/fr\/wp-json\/wp\/v2\/product_cat?post=91538"},{"taxonomy":"product_tag","embeddable":true,"href":"https:\/\/www.veltec.eu\/fr\/wp-json\/wp\/v2\/product_tag?post=91538"}],"curies":[{"name":"wp","href":"https:\/\/api.w.org\/{rel}","templated":true}]}}