{"id":87002,"date":"2025-12-08T15:44:26","date_gmt":"2025-12-08T13:44:26","guid":{"rendered":"https:\/\/www.veltec.eu\/product\/systeme-de-nettoyage-multi-sol-kirby-reconditionne\/"},"modified":"2025-12-29T12:19:27","modified_gmt":"2025-12-29T10:19:27","slug":"systeme-de-nettoyage-multi-sol-kirby-reconditionne","status":"publish","type":"product","link":"https:\/\/www.veltec.eu\/fr\/product\/systeme-de-nettoyage-multi-sol-kirby-reconditionne\/","title":{"rendered":"Syst\u00e8me de Nettoyage Multi-Sol Kirby \u2013 Reconditionn\u00e9"},"content":{"rendered":"<h1 data-start=\"50\" data-end=\"543\">Syst\u00e8me de Nettoyage Multi-Sol Kirby \u2013 Reconditionn\u00e9<\/h1>\n<p data-start=\"50\" data-end=\"543\">Le Syst\u00e8me de Nettoyage Multi-Sol Kirby \u2013 Reconditionn\u00e9 offre une solution polyvalente, puissante et fiable pour nettoyer \u00e0 la fois les tapis et les sols durs. Ce syst\u00e8me universel est compatible avec presque tous les mod\u00e8les Kirby, ce qui en fait un choix id\u00e9al pour les foyers recherchant efficacit\u00e9 et qualit\u00e9. D\u00e9couvrez comment ce syst\u00e8me reconditionn\u00e9 peut rendre votre routine de nettoyage plus simple, rapide et efficace.<\/p>\n<h4 data-start=\"545\" data-end=\"595\">Compatible avec les mod\u00e8les Kirby suivants :<\/h4>\n<ul>\n<li>Kirby Avalir Platinum<\/li>\n<li>Kirby Avalir 2<\/li>\n<li>Kirby Avalir 1<\/li>\n<li>Kirby Sentria 2 (G10D)<\/li>\n<li>Kirby Sentria 1 (G10)<\/li>\n<\/ul>\n<h2 data-start=\"714\" data-end=\"1140\">Pourquoi choisir le Syst\u00e8me de Nettoyage Multi-Sol Kirby ?<\/h2>\n<p data-start=\"714\" data-end=\"1140\">L\u2019entretien des sols n\u00e9cessite souvent plusieurs appareils et beaucoup d\u2019efforts. C\u2019est l\u00e0 qu\u2019intervient le Syst\u00e8me de Nettoyage Multi-Sol Kirby \u2013 Reconditionn\u00e9. Gr\u00e2ce \u00e0 sa fonction deux-en-un, il n\u2019est plus n\u00e9cessaire d\u2019utiliser des appareils s\u00e9par\u00e9s pour les tapis et les sols durs. Moins de d\u00e9sordre, moins de perte de temps et un r\u00e9sultat plus propre.<\/p>\n<h4 data-start=\"1142\" data-end=\"1170\">Principaux avantages :<\/h4>\n<ul>\n<li>Polyvalence : adapt\u00e9 aux tapis et \u00e0 tous les types de sols durs tels que le stratifi\u00e9, le carrelage, le vinyle et le parquet.<\/li>\n<li>Nettoyage puissant : la salet\u00e9 incrust\u00e9e et les allerg\u00e8nes sont efficacement \u00e9limin\u00e9s gr\u00e2ce au syst\u00e8me de perles de shampoing.<\/li>\n<li>Facilit\u00e9 d\u2019utilisation : simple \u00e0 manipuler sans r\u00e9glages compliqu\u00e9s.<\/li>\n<li>Durabilit\u00e9 : des mat\u00e9riaux de haute qualit\u00e9 garantissent une longue dur\u00e9e de vie.<\/li>\n<li>Efficacit\u00e9 : permet de gagner du temps et de l\u2019\u00e9nergie lors du nettoyage.<\/li>\n<\/ul>\n<p><a href=\"https:\/\/www.service-aspirateur-kirby.fr\/utilisation-du-systeme-de-nettoyage-multi-sols-kirby\/\" target=\"_blank\" rel=\"noopener\">Utilisation du syst\u00e8me de nettoyage multi-sols Kirby \u2013 Le guide ultime pour des sols propres<\/a><\/p>\n<h2 data-start=\"1696\" data-end=\"1793\">Utilisation du Syst\u00e8me de Nettoyage Multi-Sol Kirby \u2013 Le Guide Ultime pour des Sols Propres<\/h2>\n<h3 data-start=\"1795\" data-end=\"2215\">Nettoyer les tapis avec le Syst\u00e8me de Nettoyage Multi-Sol Kirby \u2013 Reconditionn\u00e9<\/h3>\n<p data-start=\"1795\" data-end=\"2215\">Les tapis peuvent rapidement devenir sales et ternes. Le Syst\u00e8me de Nettoyage Multi-Sol Kirby est \u00e9quip\u00e9 d\u2019un syst\u00e8me avanc\u00e9 de perles de shampoing qui permet un nettoyage profond et efficace des tapis. Cette m\u00e9thode \u00e9limine la salet\u00e9 incrust\u00e9e, la poussi\u00e8re et les allerg\u00e8nes, et maintient vos tapis propres et doux plus longtemps.<\/p>\n<h3 data-start=\"2217\" data-end=\"2247\">Conseils d\u2019utilisation :<\/h3>\n<ul>\n<li>Remplissez le syst\u00e8me de perles de shampoing avec le shampooing sp\u00e9cial pour tapis Kirby.<\/li>\n<li>D\u00e9placez l\u2019appareil lentement sur le tapis pour un nettoyage en profondeur.<\/li>\n<li>Laissez s\u00e9cher le tapis et profitez d\u2019un aspect frais et propre.<\/li>\n<\/ul>\n<h3 data-start=\"2492\" data-end=\"2825\">Nettoyer et laver les sols durs<\/h3>\n<p data-start=\"2492\" data-end=\"2825\">En plus des tapis, ce syst\u00e8me est id\u00e9al pour les sols durs. Le Syst\u00e8me de Nettoyage Multi-Sol Kirby dispose d\u2019une fonction int\u00e9gr\u00e9e de lavage qui \u00e9limine la salet\u00e9, la poussi\u00e8re et les taches sans laisser de traces. Id\u00e9al pour les familles, les animaux domestiques et les zones \u00e0 fort passage.<\/p>\n<h3 data-start=\"2827\" data-end=\"2873\">Comment utiliser la fonction de lavage :<\/h3>\n<ul>\n<li>Remplissez le r\u00e9servoir avec de l\u2019eau propre et le nettoyant pour sols durs Kirby.<\/li>\n<li>Allumez le syst\u00e8me et d\u00e9placez-le uniform\u00e9ment sur le sol.<\/li>\n<li>Profitez en quelques minutes d\u2019un sol \u00e9tincelant de propret\u00e9.<\/li>\n<\/ul>\n<h2 style=\"text-align: left;\" data-start=\"3096\" data-end=\"3282\">Pourquoi choisir un syst\u00e8me reconditionn\u00e9 ?<\/h2>\n<p><img decoding=\"async\" class=\"alignright wp-image-85966 size-square\" src=\"https:\/\/www.veltec.eu\/wp-content\/uploads\/2018\/09\/Kirby-refurbished-180x180.png\" alt=\"Syst\u00e8me de Nettoyage Multi-Sol Kirby \u2013 Reconditionn\u00e9\" width=\"180\" height=\"180\" srcset=\"https:\/\/www.veltec.eu\/wp-content\/uploads\/2018\/09\/Kirby-refurbished-180x180.png 180w, https:\/\/www.veltec.eu\/wp-content\/uploads\/2018\/09\/Kirby-refurbished-300x300.png 300w, https:\/\/www.veltec.eu\/wp-content\/uploads\/2018\/09\/Kirby-refurbished-80x80.png 80w, https:\/\/www.veltec.eu\/wp-content\/uploads\/2018\/09\/Kirby-refurbished-36x36.png 36w, https:\/\/www.veltec.eu\/wp-content\/uploads\/2018\/09\/Kirby-refurbished-120x120.png 120w, https:\/\/www.veltec.eu\/wp-content\/uploads\/2018\/09\/Kirby-refurbished-450x450.png 450w, https:\/\/www.veltec.eu\/wp-content\/uploads\/2018\/09\/Kirby-refurbished-600x600.png 600w, https:\/\/www.veltec.eu\/wp-content\/uploads\/2018\/09\/Kirby-refurbished-100x100.png 100w, https:\/\/www.veltec.eu\/wp-content\/uploads\/2018\/09\/Kirby-refurbished.png 626w\" sizes=\"(max-width: 180px) 100vw, 180px\" \/><\/p>\n<p data-start=\"3096\" data-end=\"3282\">Beaucoup de gens se demandent si un Syst\u00e8me de Nettoyage Multi-Sol Kirby reconditionn\u00e9 est un bon choix. La r\u00e9ponse est simple : oui !<\/p>\n<ul>\n<li>R\u00e9vis\u00e9 et test\u00e9 : chaque syst\u00e8me reconditionn\u00e9 est soigneusement contr\u00f4l\u00e9 et test\u00e9 pour garantir des performances optimales.<\/li>\n<li>Durable et \u00e9cologique : opter pour un syst\u00e8me reconditionn\u00e9 r\u00e9duit votre empreinte \u00e9cologique et contribue \u00e0 un monde plus durable.<\/li>\n<li>Abordable : profitez de la m\u00eame qualit\u00e9 et fonctionnalit\u00e9 qu\u2019un syst\u00e8me neuf, mais \u00e0 un prix nettement inf\u00e9rieur.<\/li>\n<\/ul>\n<p data-start=\"3680\" data-end=\"3912\">Avec ces avantages suppl\u00e9mentaires, le Syst\u00e8me de Nettoyage Multi-Sol Kirby \u2013 Reconditionn\u00e9 devient non seulement un choix pratique pour votre foyer, mais aussi un investissement judicieux pour l\u2019environnement et votre budget.<\/p>\n<p data-start=\"3914\" data-end=\"3990\"><a href=\"https:\/\/www.veltec.eu\/fr\/product\/systeme-de-nettoyage-multi-sol-kirby\/\" target=\"_blank\" rel=\"noopener\">Vous pr\u00e9f\u00e9rez un Syst\u00e8me de Nettoyage Multi-Sol Kirby neuf ? Cliquez ici<\/a><\/p>\n<h3 data-start=\"3997\" data-end=\"4705\">Un nettoyage efficace qui fait gagner du temps et de l\u2019\u00e9nergie<\/h3>\n<p data-start=\"3997\" data-end=\"4705\">Le principal avantage du Syst\u00e8me de Nettoyage Multi-Sol Kirby est le gain de temps. Il n\u2019est plus n\u00e9cessaire de combiner plusieurs appareils ou de frotter les sols manuellement. La poign\u00e9e ergonomique et les commandes intuitives rendent le syst\u00e8me agr\u00e9able \u00e0 utiliser pour tous. Le Syst\u00e8me de Nettoyage Multi-Sol Kirby offre commodit\u00e9, efficacit\u00e9 et nettoyage complet en un seul appareil. Que vous shampouiniez vos tapis ou laviez vos sols durs, ce syst\u00e8me reconditionn\u00e9 rend le nettoyage plus rapide et plus facile que jamais. Optez pour des sols hygi\u00e9niques sans effort suppl\u00e9mentaire et d\u00e9couvrez par vous-m\u00eame les avantages de Kirby.<\/p>\n","protected":false},"excerpt":{"rendered":"<p>Kirby Multi-Sol Cleaning System \u2013 Reconditionn\u00e9 pour tapis et sols durs.<br \/>\n[trustindex data-widget-id=e3bb80b24fa128098b960fc2439]<\/p>\n<h3><strong><br \/>\n<\/strong><span style=\"color: #008000;\">En stock<\/span><\/h3>\n[av_font_icon icon='ue812' font='entypo-fontello' style='' caption='' size='25px' position='left' color='#43ad66' link='' linktarget='' title_attr='' sonar_effect_effect='' sonar_effect_color='' sonar_effect_duration='1' sonar_effect_scale='' sonar_effect_opac='0.5' animation='' id='' custom_class='' template_class='' av_uid='' sc_version='1.0' admin_preview_bg=''][\/av_font_icon]\n<p><span style=\"color: #008000;\">Command\u00e9 23:59, exp\u00e9di\u00e9 demain<\/span><\/p>\n<p>&nbsp;<\/p>\n","protected":false},"featured_media":86948,"comment_status":"open","ping_status":"closed","template":"","meta":[],"product_brand":[],"product_cat":[310],"product_tag":[],"class_list":{"0":"post-87002","1":"product","2":"type-product","3":"status-publish","4":"has-post-thumbnail","6":"product_cat-kirby-systeme-de-shampooinage","8":"first","9":"instock","10":"sale","11":"taxable","12":"shipping-taxable","13":"purchasable","14":"product-type-simple"},"yoast_head":"<!-- This site is optimized with the Yoast SEO Premium plugin v27.1 (Yoast SEO v27.4) - https:\/\/yoast.com\/product\/yoast-seo-premium-wordpress\/ -->\n<title>Syst\u00e8me de Nettoyage Multi-Sol Kirby \u2013 Reconditionn\u00e9 - Veltec Kirby specialist<\/title>\n<meta name=\"description\" content=\"Syst\u00e8me de Nettoyage Multi-Sol Kirby \u2013 Reconditionn\u00e9 - Votre sol \u00e0 nouveau propre - un investissement judicieux pour l&#039;environnement et votre portefeuille.\" \/>\n<meta name=\"robots\" content=\"index, follow, max-snippet:-1, max-image-preview:large, max-video-preview:-1\" \/>\n<link rel=\"canonical\" href=\"https:\/\/www.veltec.eu\/nl\/product\/kirby-multi-vloerreinigingssysteem-gereconditioneerd\/\" \/>\n<meta property=\"og:locale\" content=\"fr_FR\" \/>\n<meta property=\"og:type\" content=\"article\" \/>\n<meta property=\"og:title\" content=\"Syst\u00e8me de Nettoyage Multi-Sol Kirby \u2013 Reconditionn\u00e9\" \/>\n<meta property=\"og:description\" content=\"Kirby Multi-Sol Cleaning System \u2013 Reconditionn\u00e9 pour tapis et sols durs.   En stock   Command\u00e9 23:59, exp\u00e9di\u00e9 demain  &nbsp;\" \/>\n<meta property=\"og:url\" content=\"https:\/\/www.veltec.eu\/nl\/product\/kirby-multi-vloerreinigingssysteem-gereconditioneerd\/\" \/>\n<meta property=\"og:site_name\" content=\"Veltec Kirby specialist\" \/>\n<meta property=\"article:publisher\" content=\"https:\/\/www.facebook.com\/Veltec-Kirby-Specialist-236746293374877\/\" \/>\n<meta property=\"article:modified_time\" content=\"2025-12-29T10:19:27+00:00\" \/>\n<meta property=\"og:image\" content=\"https:\/\/www.veltec.eu\/wp-content\/uploads\/2025\/12\/Kirby-multicleaner-refubished.jpg\" \/>\n\t<meta property=\"og:image:width\" content=\"500\" \/>\n\t<meta property=\"og:image:height\" content=\"500\" \/>\n\t<meta property=\"og:image:type\" content=\"image\/jpeg\" \/>\n<meta name=\"twitter:card\" content=\"summary_large_image\" \/>\n<meta name=\"twitter:label1\" content=\"Dur\u00e9e de lecture estim\u00e9e\" \/>\n\t<meta name=\"twitter:data1\" content=\"4 minutes\" \/>\n<script type=\"application\/ld+json\" class=\"yoast-schema-graph\">{\"@context\":\"https:\\\/\\\/schema.org\",\"@graph\":[{\"@type\":\"WebPage\",\"@id\":\"https:\\\/\\\/www.veltec.eu\\\/nl\\\/product\\\/kirby-multi-vloerreinigingssysteem-gereconditioneerd\\\/\",\"url\":\"https:\\\/\\\/www.veltec.eu\\\/nl\\\/product\\\/kirby-multi-vloerreinigingssysteem-gereconditioneerd\\\/\",\"name\":\"Syst\u00e8me de Nettoyage Multi-Sol Kirby \u2013 Reconditionn\u00e9 - Veltec Kirby specialist\",\"isPartOf\":{\"@id\":\"https:\\\/\\\/www.veltec.eu\\\/en\\\/#website\"},\"primaryImageOfPage\":{\"@id\":\"https:\\\/\\\/www.veltec.eu\\\/nl\\\/product\\\/kirby-multi-vloerreinigingssysteem-gereconditioneerd\\\/#primaryimage\"},\"image\":{\"@id\":\"https:\\\/\\\/www.veltec.eu\\\/nl\\\/product\\\/kirby-multi-vloerreinigingssysteem-gereconditioneerd\\\/#primaryimage\"},\"thumbnailUrl\":\"https:\\\/\\\/www.veltec.eu\\\/wp-content\\\/uploads\\\/2025\\\/12\\\/Kirby-multicleaner-refubished.jpg\",\"datePublished\":\"2025-12-08T13:44:26+00:00\",\"dateModified\":\"2025-12-29T10:19:27+00:00\",\"description\":\"Syst\u00e8me de Nettoyage Multi-Sol Kirby \u2013 Reconditionn\u00e9 - Votre sol \u00e0 nouveau propre - un investissement judicieux pour l'environnement et votre portefeuille.\",\"breadcrumb\":{\"@id\":\"https:\\\/\\\/www.veltec.eu\\\/nl\\\/product\\\/kirby-multi-vloerreinigingssysteem-gereconditioneerd\\\/#breadcrumb\"},\"inLanguage\":\"fr-FR\",\"potentialAction\":[{\"@type\":\"ReadAction\",\"target\":[\"https:\\\/\\\/www.veltec.eu\\\/nl\\\/product\\\/kirby-multi-vloerreinigingssysteem-gereconditioneerd\\\/\"]}]},{\"@type\":\"ImageObject\",\"inLanguage\":\"fr-FR\",\"@id\":\"https:\\\/\\\/www.veltec.eu\\\/nl\\\/product\\\/kirby-multi-vloerreinigingssysteem-gereconditioneerd\\\/#primaryimage\",\"url\":\"https:\\\/\\\/www.veltec.eu\\\/wp-content\\\/uploads\\\/2025\\\/12\\\/Kirby-multicleaner-refubished.jpg\",\"contentUrl\":\"https:\\\/\\\/www.veltec.eu\\\/wp-content\\\/uploads\\\/2025\\\/12\\\/Kirby-multicleaner-refubished.jpg\",\"width\":500,\"height\":500},{\"@type\":\"BreadcrumbList\",\"@id\":\"https:\\\/\\\/www.veltec.eu\\\/nl\\\/product\\\/kirby-multi-vloerreinigingssysteem-gereconditioneerd\\\/#breadcrumb\",\"itemListElement\":[{\"@type\":\"ListItem\",\"position\":1,\"name\":\"Home\",\"item\":\"https:\\\/\\\/www.veltec.eu\\\/fr\\\/\"},{\"@type\":\"ListItem\",\"position\":2,\"name\":\"Produits\",\"item\":\"https:\\\/\\\/www.veltec.eu\\\/fr\\\/shop\\\/\"},{\"@type\":\"ListItem\",\"position\":3,\"name\":\"Syst\u00e8me de Nettoyage Multi-Sol Kirby \u2013 Reconditionn\u00e9\"}]},{\"@type\":\"WebSite\",\"@id\":\"https:\\\/\\\/www.veltec.eu\\\/en\\\/#website\",\"url\":\"https:\\\/\\\/www.veltec.eu\\\/en\\\/\",\"name\":\"Veltec Kirby specialist\",\"description\":\"Kirby stofzuiger producten\",\"publisher\":{\"@id\":\"https:\\\/\\\/www.veltec.eu\\\/en\\\/#organization\"},\"potentialAction\":[{\"@type\":\"SearchAction\",\"target\":{\"@type\":\"EntryPoint\",\"urlTemplate\":\"https:\\\/\\\/www.veltec.eu\\\/en\\\/?s={search_term_string}\"},\"query-input\":{\"@type\":\"PropertyValueSpecification\",\"valueRequired\":true,\"valueName\":\"search_term_string\"}}],\"inLanguage\":\"fr-FR\"},{\"@type\":\"Organization\",\"@id\":\"https:\\\/\\\/www.veltec.eu\\\/en\\\/#organization\",\"name\":\"Veltec Kirby Specialist\",\"url\":\"https:\\\/\\\/www.veltec.eu\\\/en\\\/\",\"logo\":{\"@type\":\"ImageObject\",\"inLanguage\":\"fr-FR\",\"@id\":\"https:\\\/\\\/www.veltec.eu\\\/en\\\/#\\\/schema\\\/logo\\\/image\\\/\",\"url\":\"https:\\\/\\\/www.veltec.eu\\\/wp-content\\\/uploads\\\/2021\\\/12\\\/Veltec-log-groot-e1537260889125.png\",\"contentUrl\":\"https:\\\/\\\/www.veltec.eu\\\/wp-content\\\/uploads\\\/2021\\\/12\\\/Veltec-log-groot-e1537260889125.png\",\"width\":200,\"height\":60,\"caption\":\"Veltec Kirby Specialist\"},\"image\":{\"@id\":\"https:\\\/\\\/www.veltec.eu\\\/en\\\/#\\\/schema\\\/logo\\\/image\\\/\"},\"sameAs\":[\"https:\\\/\\\/www.facebook.com\\\/Veltec-Kirby-Specialist-236746293374877\\\/\",\"https:\\\/\\\/www.youtube.com\\\/user\\\/VeltecService\"]}]}<\/script>\n<!-- \/ Yoast SEO Premium plugin. -->","yoast_head_json":{"title":"Syst\u00e8me de Nettoyage Multi-Sol Kirby \u2013 Reconditionn\u00e9 - Veltec Kirby specialist","description":"Syst\u00e8me de Nettoyage Multi-Sol Kirby \u2013 Reconditionn\u00e9 - Votre sol \u00e0 nouveau propre - un investissement judicieux pour l'environnement et votre portefeuille.","robots":{"index":"index","follow":"follow","max-snippet":"max-snippet:-1","max-image-preview":"max-image-preview:large","max-video-preview":"max-video-preview:-1"},"canonical":"https:\/\/www.veltec.eu\/nl\/product\/kirby-multi-vloerreinigingssysteem-gereconditioneerd\/","og_locale":"fr_FR","og_type":"article","og_title":"Syst\u00e8me de Nettoyage Multi-Sol Kirby \u2013 Reconditionn\u00e9","og_description":"Kirby Multi-Sol Cleaning System \u2013 Reconditionn\u00e9 pour tapis et sols durs.   En stock   Command\u00e9 23:59, exp\u00e9di\u00e9 demain  &nbsp;","og_url":"https:\/\/www.veltec.eu\/nl\/product\/kirby-multi-vloerreinigingssysteem-gereconditioneerd\/","og_site_name":"Veltec Kirby specialist","article_publisher":"https:\/\/www.facebook.com\/Veltec-Kirby-Specialist-236746293374877\/","article_modified_time":"2025-12-29T10:19:27+00:00","og_image":[{"width":500,"height":500,"url":"https:\/\/www.veltec.eu\/wp-content\/uploads\/2025\/12\/Kirby-multicleaner-refubished.jpg","type":"image\/jpeg"}],"twitter_card":"summary_large_image","twitter_misc":{"Dur\u00e9e de lecture estim\u00e9e":"4 minutes"},"schema":{"@context":"https:\/\/schema.org","@graph":[{"@type":"WebPage","@id":"https:\/\/www.veltec.eu\/nl\/product\/kirby-multi-vloerreinigingssysteem-gereconditioneerd\/","url":"https:\/\/www.veltec.eu\/nl\/product\/kirby-multi-vloerreinigingssysteem-gereconditioneerd\/","name":"Syst\u00e8me de Nettoyage Multi-Sol Kirby \u2013 Reconditionn\u00e9 - Veltec Kirby specialist","isPartOf":{"@id":"https:\/\/www.veltec.eu\/en\/#website"},"primaryImageOfPage":{"@id":"https:\/\/www.veltec.eu\/nl\/product\/kirby-multi-vloerreinigingssysteem-gereconditioneerd\/#primaryimage"},"image":{"@id":"https:\/\/www.veltec.eu\/nl\/product\/kirby-multi-vloerreinigingssysteem-gereconditioneerd\/#primaryimage"},"thumbnailUrl":"https:\/\/www.veltec.eu\/wp-content\/uploads\/2025\/12\/Kirby-multicleaner-refubished.jpg","datePublished":"2025-12-08T13:44:26+00:00","dateModified":"2025-12-29T10:19:27+00:00","description":"Syst\u00e8me de Nettoyage Multi-Sol Kirby \u2013 Reconditionn\u00e9 - Votre sol \u00e0 nouveau propre - un investissement judicieux pour l'environnement et votre portefeuille.","breadcrumb":{"@id":"https:\/\/www.veltec.eu\/nl\/product\/kirby-multi-vloerreinigingssysteem-gereconditioneerd\/#breadcrumb"},"inLanguage":"fr-FR","potentialAction":[{"@type":"ReadAction","target":["https:\/\/www.veltec.eu\/nl\/product\/kirby-multi-vloerreinigingssysteem-gereconditioneerd\/"]}]},{"@type":"ImageObject","inLanguage":"fr-FR","@id":"https:\/\/www.veltec.eu\/nl\/product\/kirby-multi-vloerreinigingssysteem-gereconditioneerd\/#primaryimage","url":"https:\/\/www.veltec.eu\/wp-content\/uploads\/2025\/12\/Kirby-multicleaner-refubished.jpg","contentUrl":"https:\/\/www.veltec.eu\/wp-content\/uploads\/2025\/12\/Kirby-multicleaner-refubished.jpg","width":500,"height":500},{"@type":"BreadcrumbList","@id":"https:\/\/www.veltec.eu\/nl\/product\/kirby-multi-vloerreinigingssysteem-gereconditioneerd\/#breadcrumb","itemListElement":[{"@type":"ListItem","position":1,"name":"Home","item":"https:\/\/www.veltec.eu\/fr\/"},{"@type":"ListItem","position":2,"name":"Produits","item":"https:\/\/www.veltec.eu\/fr\/shop\/"},{"@type":"ListItem","position":3,"name":"Syst\u00e8me de Nettoyage Multi-Sol Kirby \u2013 Reconditionn\u00e9"}]},{"@type":"WebSite","@id":"https:\/\/www.veltec.eu\/en\/#website","url":"https:\/\/www.veltec.eu\/en\/","name":"Veltec Kirby specialist","description":"Kirby stofzuiger producten","publisher":{"@id":"https:\/\/www.veltec.eu\/en\/#organization"},"potentialAction":[{"@type":"SearchAction","target":{"@type":"EntryPoint","urlTemplate":"https:\/\/www.veltec.eu\/en\/?s={search_term_string}"},"query-input":{"@type":"PropertyValueSpecification","valueRequired":true,"valueName":"search_term_string"}}],"inLanguage":"fr-FR"},{"@type":"Organization","@id":"https:\/\/www.veltec.eu\/en\/#organization","name":"Veltec Kirby Specialist","url":"https:\/\/www.veltec.eu\/en\/","logo":{"@type":"ImageObject","inLanguage":"fr-FR","@id":"https:\/\/www.veltec.eu\/en\/#\/schema\/logo\/image\/","url":"https:\/\/www.veltec.eu\/wp-content\/uploads\/2021\/12\/Veltec-log-groot-e1537260889125.png","contentUrl":"https:\/\/www.veltec.eu\/wp-content\/uploads\/2021\/12\/Veltec-log-groot-e1537260889125.png","width":200,"height":60,"caption":"Veltec Kirby Specialist"},"image":{"@id":"https:\/\/www.veltec.eu\/en\/#\/schema\/logo\/image\/"},"sameAs":["https:\/\/www.facebook.com\/Veltec-Kirby-Specialist-236746293374877\/","https:\/\/www.youtube.com\/user\/VeltecService"]}]}},"_links":{"self":[{"href":"https:\/\/www.veltec.eu\/fr\/wp-json\/wp\/v2\/product\/87002","targetHints":{"allow":["GET"]}}],"collection":[{"href":"https:\/\/www.veltec.eu\/fr\/wp-json\/wp\/v2\/product"}],"about":[{"href":"https:\/\/www.veltec.eu\/fr\/wp-json\/wp\/v2\/types\/product"}],"replies":[{"embeddable":true,"href":"https:\/\/www.veltec.eu\/fr\/wp-json\/wp\/v2\/comments?post=87002"}],"wp:featuredmedia":[{"embeddable":true,"href":"https:\/\/www.veltec.eu\/fr\/wp-json\/wp\/v2\/media\/86948"}],"wp:attachment":[{"href":"https:\/\/www.veltec.eu\/fr\/wp-json\/wp\/v2\/media?parent=87002"}],"wp:term":[{"taxonomy":"product_brand","embeddable":true,"href":"https:\/\/www.veltec.eu\/fr\/wp-json\/wp\/v2\/product_brand?post=87002"},{"taxonomy":"product_cat","embeddable":true,"href":"https:\/\/www.veltec.eu\/fr\/wp-json\/wp\/v2\/product_cat?post=87002"},{"taxonomy":"product_tag","embeddable":true,"href":"https:\/\/www.veltec.eu\/fr\/wp-json\/wp\/v2\/product_tag?post=87002"}],"curies":[{"name":"wp","href":"https:\/\/api.w.org\/{rel}","templated":true}]}}