{"id":79825,"date":"2025-06-04T16:01:33","date_gmt":"2025-06-04T14:01:33","guid":{"rendered":"https:\/\/www.veltec.eu\/product\/kirby-nettoyeur-de-matelas-sentria\/"},"modified":"2025-11-20T11:36:14","modified_gmt":"2025-11-20T09:36:14","slug":"nettoyeur-de-matelas-kirby-sentria","status":"publish","type":"product","link":"https:\/\/www.veltec.eu\/fr\/product\/nettoyeur-de-matelas-kirby-sentria\/","title":{"rendered":"Nettoyeur de matelas Kirby Sentria"},"content":{"rendered":"<h1>Nettoyeur de matelas Kirby Sentria avec hublot de d\u00e9monstration &#8211; R\u00e9sultats de nettoyage professionnels avec preuve visible<\/h1>\n<h3>D\u00e9couvrez la puissance de Kirby pour le nettoyage en profondeur des matelas.<\/h3>\n<p>Vous souhaitez nettoyer les matelas en profondeur et le d\u00e9montrer visuellement ? Le nettoyeur de matelas Kirby Sentria, avec son hublot de d\u00e9monstration, est la solution id\u00e9ale. Ce kit de nettoyage avanc\u00e9 est con\u00e7u pour un usage professionnel et domestique et montre litt\u00e9ralement la quantit\u00e9 de salet\u00e9 accumul\u00e9e dans les matelas et les tapis.<\/p>\n<p>Gr\u00e2ce \u00e0 la combinaison d&#8217;un puissant aspirateur Kirby et d&#8217;un hublot de d\u00e9monstration unique, vous disposez d&#8217;un outil convaincant qui donne des r\u00e9sultats imm\u00e9diats. Ce set est donc parfait pour les entreprises de nettoyage de matelas, les professionnels du nettoyage et les vendeurs Kirby qui souhaitent fournir \u00e0 leurs clients une preuve puissante et tangible d&#8217;un v\u00e9ritable nettoyage.<\/p>\n<p><a href=\"https:\/\/www.veltec.eu\/fr\/acheter-kirby-sentria\/\">Pour en savoir plus sur le Kirby Sentria, cliquez ici<\/a><\/p>\n<hr data-start=\"1316\" data-end=\"1319\" \/>\n<h2>Convient \u00e0 l&#8217;usage professionnel et au confort priv\u00e9<\/h2>\n<p>Que vous souhaitiez v\u00e9rifier vous-m\u00eame la quantit\u00e9 de salet\u00e9 qui s&#8217;\u00e9chappe de votre matelas ou convaincre vos clients de la qualit\u00e9 de votre service de nettoyage, cet ensemble fait toute la diff\u00e9rence. Le nettoyeur de matelas Kirby est sp\u00e9cialement con\u00e7u pour le nettoyage des matelas. Il est \u00e9quip\u00e9 d&#8217;une poign\u00e9e ergonomique et d&#8217;une large buse de battage pour une port\u00e9e optimale.<\/p>\n<p>Gr\u00e2ce \u00e0 la vitre de d\u00e9monstration Kirby, vous pouvez imm\u00e9diatement voir le r\u00e9sultat de votre nettoyage. La chambre transparente montre la salet\u00e9, les poils et les particules de poussi\u00e8re aspir\u00e9s, ce qui donne une confiance imm\u00e9diate dans la puissance de Kirby.<\/p>\n<hr data-start=\"1920\" data-end=\"1923\" \/>\n<h2>Note : Le nettoyeur de matelas Kirby Sentria est reconditionn\u00e9, mais enti\u00e8rement v\u00e9rifi\u00e9.<\/h2>\n<p><img decoding=\"async\" class=\"wp-image-85973 size-square alignright\" src=\"https:\/\/www.veltec.eu\/wp-content\/uploads\/2018\/09\/Kirby-refurbished-1-180x180.png\" alt=\"\" width=\"180\" height=\"180\" srcset=\"https:\/\/www.veltec.eu\/wp-content\/uploads\/2018\/09\/Kirby-refurbished-1-180x180.png 180w, https:\/\/www.veltec.eu\/wp-content\/uploads\/2018\/09\/Kirby-refurbished-1-300x300.png 300w, https:\/\/www.veltec.eu\/wp-content\/uploads\/2018\/09\/Kirby-refurbished-1-80x80.png 80w, https:\/\/www.veltec.eu\/wp-content\/uploads\/2018\/09\/Kirby-refurbished-1-36x36.png 36w, https:\/\/www.veltec.eu\/wp-content\/uploads\/2018\/09\/Kirby-refurbished-1-120x120.png 120w, https:\/\/www.veltec.eu\/wp-content\/uploads\/2018\/09\/Kirby-refurbished-1-450x450.png 450w, https:\/\/www.veltec.eu\/wp-content\/uploads\/2018\/09\/Kirby-refurbished-1-600x600.png 600w, https:\/\/www.veltec.eu\/wp-content\/uploads\/2018\/09\/Kirby-refurbished-1-100x100.png 100w, https:\/\/www.veltec.eu\/wp-content\/uploads\/2018\/09\/Kirby-refurbished-1.png 626w\" sizes=\"(max-width: 180px) 100vw, 180px\" \/><\/p>\n<p>Cet aspirateur Kirby est un mod\u00e8le reconditionn\u00e9. Cela signifie que l&#8217;appareil a \u00e9t\u00e9 enti\u00e8rement contr\u00f4l\u00e9, nettoy\u00e9 \u00e0 l&#8217;int\u00e9rieur et \u00e9quip\u00e9 de nouvelles pi\u00e8ces si n\u00e9cessaire. Pensez aux composants du moteur, \u00e0 un r\u00e9glage technique pr\u00e9cis et \u00e0 une finition polie. Vous b\u00e9n\u00e9ficiez ainsi des performances d&#8217;un aspirateur neuf, mais \u00e0 un prix attractif.<\/p>\n<p>Un investissement intelligent, donc, pour ceux qui recherchent la fiabilit\u00e9 sans le co\u00fbt d&#8217;un nouvel appareil.<\/p>\n<hr data-start=\"2463\" data-end=\"2466\" \/>\n<h2>Qu&#8217;est-ce que le voyant de d\u00e9monstration Kirby ?<\/h2>\n<p><img decoding=\"async\" class=\"alignright wp-image-79820 size-medium\" src=\"https:\/\/www.veltec.eu\/wp-content\/uploads\/2025\/06\/Kirbyservicetool-300x234.png\" alt=\"Nettoyeur de matelas Kirby Sentria\" width=\"300\" height=\"234\" srcset=\"https:\/\/www.veltec.eu\/wp-content\/uploads\/2025\/06\/Kirbyservicetool-300x234.png 300w, https:\/\/www.veltec.eu\/wp-content\/uploads\/2025\/06\/Kirbyservicetool-1030x804.png 1030w, https:\/\/www.veltec.eu\/wp-content\/uploads\/2025\/06\/Kirbyservicetool-768x600.png 768w, https:\/\/www.veltec.eu\/wp-content\/uploads\/2025\/06\/Kirbyservicetool-1536x1199.png 1536w, https:\/\/www.veltec.eu\/wp-content\/uploads\/2025\/06\/Kirbyservicetool-1500x1171.png 1500w, https:\/\/www.veltec.eu\/wp-content\/uploads\/2025\/06\/Kirbyservicetool-705x550.png 705w, https:\/\/www.veltec.eu\/wp-content\/uploads\/2025\/06\/Kirbyservicetool-450x351.png 450w, https:\/\/www.veltec.eu\/wp-content\/uploads\/2025\/06\/Kirbyservicetool-600x468.png 600w, https:\/\/www.veltec.eu\/wp-content\/uploads\/2025\/06\/Kirbyservicetool-77x60.png 77w, https:\/\/www.veltec.eu\/wp-content\/uploads\/2025\/06\/Kirbyservicetool-115x90.png 115w, https:\/\/www.veltec.eu\/wp-content\/uploads\/2025\/06\/Kirbyservicetool.png 1600w\" sizes=\"(max-width: 300px) 100vw, 300px\" \/><\/p>\n<h3>Preuve visuelle d&#8217;une contamination cach\u00e9e<\/h3>\n<p>Le hublot de d\u00e9monstration Kirby est un outil innovant qui remplace temporairement le sac ext\u00e9rieur standard. Ce hublot est utilis\u00e9 en combinaison avec des filtres de collecte noirs sp\u00e9ciaux. Ces filtres, disponibles exclusivement chez nous, rendent visible ce qui reste normalement invisible : la poussi\u00e8re, les squames, les poils et autres particules de salet\u00e9 qui se cachent au plus profond de votre matelas ou de votre tapis.<\/p>\n<p>Gr\u00e2ce \u00e0 ce syst\u00e8me, vous pouvez voir de vos propres yeux ce qui est aspir\u00e9 &#8211; une exp\u00e9rience convaincante pour vous et pour vos clients.<\/p>\n<hr data-start=\"3080\" data-end=\"3083\" \/>\n<h2>Comment fonctionne le nettoyeur de matelas Kirby Sentria avec voyant de d\u00e9monstration ?<\/h2>\n<h3>Facile \u00e0 installer, utilisation imm\u00e9diate<\/h3>\n<p>L&#8217;installation du voyant de d\u00e9monstration est simple. Vous retirez le sac ext\u00e9rieur d&#8217;origine de Kirby et vous ins\u00e9rez \u00e0 la place le hublot avec un filtre de collecte noir. Vous mettez ensuite l&#8217;aspirateur en marche et commencez \u00e0 nettoyer la surface. Pendant l&#8217;aspiration, la salet\u00e9 s&#8217;\u00e9coule par le hublot et est collect\u00e9e dans le filtre, ce qui rend la salet\u00e9 clairement visible.<\/p>\n<p>Veuillez noter que ce voyant est destin\u00e9 \u00e0 des fins de d\u00e9monstration. Pour passer l&#8217;aspirateur r\u00e9guli\u00e8rement, remplacez-le par le sac ext\u00e9rieur d&#8217;origine.<\/p>\n<hr data-start=\"3755\" data-end=\"3758\" \/>\n<h2>Utilisez toujours les filtres de collecte noirs d&#8217;origine avec le nettoyeur de matelas Kirby Sentria<\/h2>\n<h3>Pour des performances optimales et une utilisation \u00e0 long terme<\/h3>\n<p>Pour un fonctionnement fiable, il est essentiel d&#8217;utiliser les filtres de collecte Kirby d&#8217;origine. Ceux-ci sont sp\u00e9cialement con\u00e7us pour emp\u00eacher l&#8217;obstruction du flux d&#8217;air. Les alternatives moins ch\u00e8res, telles que le papier de cuisine ou les filtres universels, peuvent provoquer des blocages et affecter n\u00e9gativement les performances de votre Kirby.<\/p>\n<p>Lors de l&#8217;achat, vous recevrez <strong>200 filtres de collecte noirs<\/strong> en standard. Vous en voulez plus ? Vous pouvez facilement commander un rouleau de <strong>1250 filtres pour seulement 120,00 \u20ac.<\/strong> Veuillez noter que le d\u00e9lai de livraison de ces filtres suppl\u00e9mentaires peut \u00eatre l\u00e9g\u00e8rement plus long.<\/p>\n<hr data-start=\"4447\" data-end=\"4450\" \/>\n<h2>Pourquoi choisir ce kit de d\u00e9monstration Kirby ?<\/h2>\n<p><img decoding=\"async\" class=\"wp-image-79966 size-medium alignright\" src=\"https:\/\/www.veltec.eu\/wp-content\/uploads\/2025\/06\/Kirby-matrasreiging-300x300.jpg\" alt=\"Nettoyeur de matelas Kirby Sentria\" width=\"300\" height=\"300\" srcset=\"https:\/\/www.veltec.eu\/wp-content\/uploads\/2025\/06\/Kirby-matrasreiging-300x300.jpg 300w, https:\/\/www.veltec.eu\/wp-content\/uploads\/2025\/06\/Kirby-matrasreiging-80x80.jpg 80w, https:\/\/www.veltec.eu\/wp-content\/uploads\/2025\/06\/Kirby-matrasreiging-768x768.jpg 768w, https:\/\/www.veltec.eu\/wp-content\/uploads\/2025\/06\/Kirby-matrasreiging-36x36.jpg 36w, https:\/\/www.veltec.eu\/wp-content\/uploads\/2025\/06\/Kirby-matrasreiging-180x180.jpg 180w, https:\/\/www.veltec.eu\/wp-content\/uploads\/2025\/06\/Kirby-matrasreiging-705x705.jpg 705w, https:\/\/www.veltec.eu\/wp-content\/uploads\/2025\/06\/Kirby-matrasreiging-120x120.jpg 120w, https:\/\/www.veltec.eu\/wp-content\/uploads\/2025\/06\/Kirby-matrasreiging-450x450.jpg 450w, https:\/\/www.veltec.eu\/wp-content\/uploads\/2025\/06\/Kirby-matrasreiging-600x600.jpg 600w, https:\/\/www.veltec.eu\/wp-content\/uploads\/2025\/06\/Kirby-matrasreiging-100x100.jpg 100w, https:\/\/www.veltec.eu\/wp-content\/uploads\/2025\/06\/Kirby-matrasreiging-60x60.jpg 60w, https:\/\/www.veltec.eu\/wp-content\/uploads\/2025\/06\/Kirby-matrasreiging-90x90.jpg 90w, https:\/\/www.veltec.eu\/wp-content\/uploads\/2025\/06\/Kirby-matrasreiging.jpg 1024w\" sizes=\"(max-width: 300px) 100vw, 300px\" \/><\/p>\n<h3>D\u00e9montrer ce que les autres ne font que promettre<\/h3>\n<p>La puissance de ce kit ne r\u00e9side pas seulement dans la capacit\u00e9 de nettoyage, mais surtout dans le r\u00e9sultat visible. Le nettoyeur de matelas Kirby Sentria, y compris le hublot de d\u00e9monstration, offre une preuve tangible de la puissance de nettoyage de Kirby. Il vous permet de montrer :<\/p>\n<ul>\n<li>La quantit\u00e9 de salet\u00e9 qui se trouve r\u00e9ellement dans les matelas<\/li>\n<li>Ce qui se cache dans les tapis<\/li>\n<li>L&#8217;efficacit\u00e9 r\u00e9elle de l&#8217;aspirateur Kirby.<\/li>\n<\/ul>\n<p>Pour les vendeurs, c&#8217;est le moyen de convaincre instantan\u00e9ment les clients. Pour les particuliers, c&#8217;est la garantie que leur matelas est vraiment propre. La salet\u00e9 visible est convaincante : il ne faut pas le dire, il faut le montrer.<\/p>\n<hr data-start=\"5141\" data-end=\"5144\" \/>\n<h2>Contr\u00f4lez de mani\u00e8re fiable l&#8217;hygi\u00e8ne de votre maison<\/h2>\n<h3>Pratique et efficace dans tous les foyers<\/h3>\n<p>Avec ce set, vous pouvez \u00eatre s\u00fbr que votre matelas ou votre tapis a \u00e9t\u00e9 nettoy\u00e9 en profondeur. La fonction de d\u00e9monstration vous permet d&#8217;\u00e9valuer instantan\u00e9ment les r\u00e9sultats du nettoyage. Ce set est donc un compl\u00e9ment pr\u00e9cieux \u00e0 toute routine de nettoyage, tant pour les utilisateurs quotidiens que pour les professionnels qui accordent de l&#8217;importance \u00e0 la transparence et \u00e0 la conviction.<\/p>\n<p>L&#8217;hygi\u00e8ne est plus importante que jamais, et avec ce set Kirby, vous gardez le contr\u00f4le.<\/p>\n<hr data-start=\"5686\" data-end=\"5689\" \/>\n<h2>Que contient cet ensemble unique de nettoyeurs de matelas Kirby Sentria ?<\/h2>\n<h3>Complet et pr\u00eat \u00e0 l&#8217;emploi<\/h3>\n<p>Lors de votre commande, vous recevrez un ensemble enti\u00e8rement \u00e9quip\u00e9 qui contient tout ce dont vous avez besoin pour commencer imm\u00e9diatement :<\/p>\n<ul>\n<li>1 aspirateur Kirby reconditionn\u00e9 Sentria1 (Reconditioned)<\/li>\n<li>1 poign\u00e9e ergonomique Kirby Sentria1<\/li>\n<li>1 suceur large Sentria1<\/li>\n<li>1 sac ext\u00e9rieur Kirby d&#8217;origine Sentria1<\/li>\n<li>1 vitre de d\u00e9monstration Kirby<\/li>\n<li>200 filtres de collecte noirs pour la d\u00e9monstration<\/li>\n<\/ul>\n<p>Pour ceux qui font r\u00e9guli\u00e8rement des d\u00e9monstrations ou qui ont besoin de grandes quantit\u00e9s de filtres, il est possible de commander un rouleau de 1250 filtres au prix de 120,00 \u20ac.<\/p>\n<hr data-start=\"6304\" data-end=\"6307\" \/>\n<h2>Commandez d\u00e8s aujourd&#8217;hui votre nettoyeur de matelas Kirby Sentria, y compris le hublot de d\u00e9monstration<\/h2>\n<h3>Le nettoyeur de matelas Kirby Sentria est un investissement dans la propret\u00e9 visible et la conviction.<\/h3>\n<p>\u00cates-vous pr\u00eat \u00e0 d\u00e9couvrir ce que votre matelas cache r\u00e9ellement ? Vous voulez nettoyer de mani\u00e8re professionnelle et le d\u00e9montrer par des preuves visuelles convaincantes ? Dans ce cas, n&#8217;attendez plus et commandez imm\u00e9diatement le nettoyeur de matelas Kirby Sentria, y compris le hublot de d\u00e9monstration.<\/p>\n<p>Cette combinaison unique de nettoyage et de d\u00e9monstration vous offre non seulement une s\u00e9curit\u00e9 hygi\u00e9nique, mais aussi une exp\u00e9rience utilisateur impressionnante. Que vous nettoyiez pour vous-m\u00eame ou pour vos clients, avec Kirby vous choisissez la qualit\u00e9, la fiabilit\u00e9 et des r\u00e9sultats visibles.<\/p>\n<hr data-start=\"6959\" data-end=\"6962\" \/>\n<p>Lisez ici comment convertir le Kirby en nettoyeur de matelas : <a href=\"https:\/\/www.service-aspirateur-kirby.fr\/reconstruire-laspirateur-kirby-partie-1\/\">Reconstruire l\u2019aspirateur Kirby Partie 1<\/a><\/p>\n<p>D\u00e9couvrez par vous-m\u00eame la puissance de nettoyage in\u00e9gal\u00e9e de Kirby &#8211; d\u00e9sormais visible, tangible et convaincante.<\/p>\n<p data-start=\"7072\" data-end=\"7149\" data-is-last-node=\"\" data-is-only-node=\"\">\n","protected":false},"excerpt":{"rendered":"<p>&nbsp;<\/p>\n[trustindex data-widget-id=e3bb80b24fa128098b960fc2439]\n<h3><strong><br \/>\n<\/strong><span style=\"color: #008000;\">En stock<\/span><\/h3>\n[av_font_icon icon='ue812' font='entypo-fontello' style='' caption='' size='25px' position='left' color='#43ad66' link='' linktarget='' title_attr='' sonar_effect_effect='' sonar_effect_color='' sonar_effect_duration='1' sonar_effect_scale='' sonar_effect_opac='0.5' animation='' id='' custom_class='' template_class='' av_uid='' sc_version='1.0' admin_preview_bg=''][\/av_font_icon]\n<p><span style=\"color: #008000;\">Le d\u00e9lai de livraison est de 5 \u00e0 10 jours ouvrables.<\/span><\/p>\n<p>&nbsp;<\/p>\n","protected":false},"featured_media":79727,"comment_status":"open","ping_status":"closed","template":"","meta":[],"product_brand":[],"product_cat":[1407],"product_tag":[],"class_list":{"0":"post-79825","1":"product","2":"type-product","3":"status-publish","4":"has-post-thumbnail","6":"product_cat-nettoyeur-de-matelas-kirby","8":"first","9":"instock","10":"sale","11":"taxable","12":"shipping-taxable","13":"purchasable","14":"product-type-simple"},"yoast_head":"<!-- This site is optimized with the Yoast SEO Premium plugin v27.1 (Yoast SEO v27.4) - https:\/\/yoast.com\/product\/yoast-seo-premium-wordpress\/ -->\n<title>Nettoyeur de matelas Kirby Sentria - Veltec Kirby specialist<\/title>\n<meta name=\"description\" content=\"Nettoyeur de matelas Kirby Sentria - Vous souhaitez utiliser l&#039;aspirateur Kirby \u00e0 des fins professionnelles, par exemple pour nettoyer des matelas.\" \/>\n<meta name=\"robots\" content=\"index, follow, max-snippet:-1, max-image-preview:large, max-video-preview:-1\" \/>\n<link rel=\"canonical\" href=\"https:\/\/www.veltec.eu\/fr\/product\/nettoyeur-de-matelas-kirby-sentria\/\" \/>\n<meta property=\"og:locale\" content=\"fr_FR\" \/>\n<meta property=\"og:type\" content=\"article\" \/>\n<meta property=\"og:title\" content=\"Nettoyeur de matelas Kirby Sentria\" \/>\n<meta property=\"og:description\" content=\"&nbsp;    En stock   Le d\u00e9lai de livraison est de 5 \u00e0 10 jours ouvrables.  &nbsp;\" \/>\n<meta property=\"og:url\" content=\"https:\/\/www.veltec.eu\/fr\/product\/nettoyeur-de-matelas-kirby-sentria\/\" \/>\n<meta property=\"og:site_name\" content=\"Veltec Kirby specialist\" \/>\n<meta property=\"article:publisher\" content=\"https:\/\/www.facebook.com\/Veltec-Kirby-Specialist-236746293374877\/\" \/>\n<meta property=\"article:modified_time\" content=\"2025-11-20T09:36:14+00:00\" \/>\n<meta property=\"og:image\" content=\"https:\/\/www.veltec.eu\/wp-content\/uploads\/2025\/06\/Kirby-Handstofzuiger-Sentria.jpg\" \/>\n\t<meta property=\"og:image:width\" content=\"1030\" \/>\n\t<meta property=\"og:image:height\" content=\"1030\" \/>\n\t<meta property=\"og:image:type\" content=\"image\/jpeg\" \/>\n<meta name=\"twitter:card\" content=\"summary_large_image\" \/>\n<meta name=\"twitter:label1\" content=\"Dur\u00e9e de lecture estim\u00e9e\" \/>\n\t<meta name=\"twitter:data1\" content=\"7 minutes\" \/>\n<script type=\"application\/ld+json\" class=\"yoast-schema-graph\">{\"@context\":\"https:\\\/\\\/schema.org\",\"@graph\":[{\"@type\":\"WebPage\",\"@id\":\"https:\\\/\\\/www.veltec.eu\\\/fr\\\/product\\\/nettoyeur-de-matelas-kirby-sentria\\\/\",\"url\":\"https:\\\/\\\/www.veltec.eu\\\/fr\\\/product\\\/nettoyeur-de-matelas-kirby-sentria\\\/\",\"name\":\"Nettoyeur de matelas Kirby Sentria - Veltec Kirby specialist\",\"isPartOf\":{\"@id\":\"https:\\\/\\\/www.veltec.eu\\\/en\\\/#website\"},\"primaryImageOfPage\":{\"@id\":\"https:\\\/\\\/www.veltec.eu\\\/fr\\\/product\\\/nettoyeur-de-matelas-kirby-sentria\\\/#primaryimage\"},\"image\":{\"@id\":\"https:\\\/\\\/www.veltec.eu\\\/fr\\\/product\\\/nettoyeur-de-matelas-kirby-sentria\\\/#primaryimage\"},\"thumbnailUrl\":\"https:\\\/\\\/www.veltec.eu\\\/wp-content\\\/uploads\\\/2025\\\/06\\\/Kirby-Handstofzuiger-Sentria.jpg\",\"datePublished\":\"2025-06-04T14:01:33+00:00\",\"dateModified\":\"2025-11-20T09:36:14+00:00\",\"description\":\"Nettoyeur de matelas Kirby Sentria - Vous souhaitez utiliser l'aspirateur Kirby \u00e0 des fins professionnelles, par exemple pour nettoyer des matelas.\",\"breadcrumb\":{\"@id\":\"https:\\\/\\\/www.veltec.eu\\\/fr\\\/product\\\/nettoyeur-de-matelas-kirby-sentria\\\/#breadcrumb\"},\"inLanguage\":\"fr-FR\",\"potentialAction\":[{\"@type\":\"ReadAction\",\"target\":[\"https:\\\/\\\/www.veltec.eu\\\/fr\\\/product\\\/nettoyeur-de-matelas-kirby-sentria\\\/\"]}]},{\"@type\":\"ImageObject\",\"inLanguage\":\"fr-FR\",\"@id\":\"https:\\\/\\\/www.veltec.eu\\\/fr\\\/product\\\/nettoyeur-de-matelas-kirby-sentria\\\/#primaryimage\",\"url\":\"https:\\\/\\\/www.veltec.eu\\\/wp-content\\\/uploads\\\/2025\\\/06\\\/Kirby-Handstofzuiger-Sentria.jpg\",\"contentUrl\":\"https:\\\/\\\/www.veltec.eu\\\/wp-content\\\/uploads\\\/2025\\\/06\\\/Kirby-Handstofzuiger-Sentria.jpg\",\"width\":1030,\"height\":1030,\"caption\":\"Kirby nettoyeur de matelas Sentria\"},{\"@type\":\"BreadcrumbList\",\"@id\":\"https:\\\/\\\/www.veltec.eu\\\/fr\\\/product\\\/nettoyeur-de-matelas-kirby-sentria\\\/#breadcrumb\",\"itemListElement\":[{\"@type\":\"ListItem\",\"position\":1,\"name\":\"Home\",\"item\":\"https:\\\/\\\/www.veltec.eu\\\/fr\\\/\"},{\"@type\":\"ListItem\",\"position\":2,\"name\":\"Produits\",\"item\":\"https:\\\/\\\/www.veltec.eu\\\/fr\\\/shop\\\/\"},{\"@type\":\"ListItem\",\"position\":3,\"name\":\"Nettoyeur de matelas Kirby Sentria\"}]},{\"@type\":\"WebSite\",\"@id\":\"https:\\\/\\\/www.veltec.eu\\\/en\\\/#website\",\"url\":\"https:\\\/\\\/www.veltec.eu\\\/en\\\/\",\"name\":\"Veltec Kirby specialist\",\"description\":\"Kirby stofzuiger producten\",\"publisher\":{\"@id\":\"https:\\\/\\\/www.veltec.eu\\\/en\\\/#organization\"},\"potentialAction\":[{\"@type\":\"SearchAction\",\"target\":{\"@type\":\"EntryPoint\",\"urlTemplate\":\"https:\\\/\\\/www.veltec.eu\\\/en\\\/?s={search_term_string}\"},\"query-input\":{\"@type\":\"PropertyValueSpecification\",\"valueRequired\":true,\"valueName\":\"search_term_string\"}}],\"inLanguage\":\"fr-FR\"},{\"@type\":\"Organization\",\"@id\":\"https:\\\/\\\/www.veltec.eu\\\/en\\\/#organization\",\"name\":\"Veltec Kirby Specialist\",\"url\":\"https:\\\/\\\/www.veltec.eu\\\/en\\\/\",\"logo\":{\"@type\":\"ImageObject\",\"inLanguage\":\"fr-FR\",\"@id\":\"https:\\\/\\\/www.veltec.eu\\\/en\\\/#\\\/schema\\\/logo\\\/image\\\/\",\"url\":\"https:\\\/\\\/www.veltec.eu\\\/wp-content\\\/uploads\\\/2021\\\/12\\\/Veltec-log-groot-e1537260889125.png\",\"contentUrl\":\"https:\\\/\\\/www.veltec.eu\\\/wp-content\\\/uploads\\\/2021\\\/12\\\/Veltec-log-groot-e1537260889125.png\",\"width\":200,\"height\":60,\"caption\":\"Veltec Kirby Specialist\"},\"image\":{\"@id\":\"https:\\\/\\\/www.veltec.eu\\\/en\\\/#\\\/schema\\\/logo\\\/image\\\/\"},\"sameAs\":[\"https:\\\/\\\/www.facebook.com\\\/Veltec-Kirby-Specialist-236746293374877\\\/\",\"https:\\\/\\\/www.youtube.com\\\/user\\\/VeltecService\"]}]}<\/script>\n<!-- \/ Yoast SEO Premium plugin. -->","yoast_head_json":{"title":"Nettoyeur de matelas Kirby Sentria - Veltec Kirby specialist","description":"Nettoyeur de matelas Kirby Sentria - Vous souhaitez utiliser l'aspirateur Kirby \u00e0 des fins professionnelles, par exemple pour nettoyer des matelas.","robots":{"index":"index","follow":"follow","max-snippet":"max-snippet:-1","max-image-preview":"max-image-preview:large","max-video-preview":"max-video-preview:-1"},"canonical":"https:\/\/www.veltec.eu\/fr\/product\/nettoyeur-de-matelas-kirby-sentria\/","og_locale":"fr_FR","og_type":"article","og_title":"Nettoyeur de matelas Kirby Sentria","og_description":"&nbsp;    En stock   Le d\u00e9lai de livraison est de 5 \u00e0 10 jours ouvrables.  &nbsp;","og_url":"https:\/\/www.veltec.eu\/fr\/product\/nettoyeur-de-matelas-kirby-sentria\/","og_site_name":"Veltec Kirby specialist","article_publisher":"https:\/\/www.facebook.com\/Veltec-Kirby-Specialist-236746293374877\/","article_modified_time":"2025-11-20T09:36:14+00:00","og_image":[{"width":1030,"height":1030,"url":"https:\/\/www.veltec.eu\/wp-content\/uploads\/2025\/06\/Kirby-Handstofzuiger-Sentria.jpg","type":"image\/jpeg"}],"twitter_card":"summary_large_image","twitter_misc":{"Dur\u00e9e de lecture estim\u00e9e":"7 minutes"},"schema":{"@context":"https:\/\/schema.org","@graph":[{"@type":"WebPage","@id":"https:\/\/www.veltec.eu\/fr\/product\/nettoyeur-de-matelas-kirby-sentria\/","url":"https:\/\/www.veltec.eu\/fr\/product\/nettoyeur-de-matelas-kirby-sentria\/","name":"Nettoyeur de matelas Kirby Sentria - Veltec Kirby specialist","isPartOf":{"@id":"https:\/\/www.veltec.eu\/en\/#website"},"primaryImageOfPage":{"@id":"https:\/\/www.veltec.eu\/fr\/product\/nettoyeur-de-matelas-kirby-sentria\/#primaryimage"},"image":{"@id":"https:\/\/www.veltec.eu\/fr\/product\/nettoyeur-de-matelas-kirby-sentria\/#primaryimage"},"thumbnailUrl":"https:\/\/www.veltec.eu\/wp-content\/uploads\/2025\/06\/Kirby-Handstofzuiger-Sentria.jpg","datePublished":"2025-06-04T14:01:33+00:00","dateModified":"2025-11-20T09:36:14+00:00","description":"Nettoyeur de matelas Kirby Sentria - Vous souhaitez utiliser l'aspirateur Kirby \u00e0 des fins professionnelles, par exemple pour nettoyer des matelas.","breadcrumb":{"@id":"https:\/\/www.veltec.eu\/fr\/product\/nettoyeur-de-matelas-kirby-sentria\/#breadcrumb"},"inLanguage":"fr-FR","potentialAction":[{"@type":"ReadAction","target":["https:\/\/www.veltec.eu\/fr\/product\/nettoyeur-de-matelas-kirby-sentria\/"]}]},{"@type":"ImageObject","inLanguage":"fr-FR","@id":"https:\/\/www.veltec.eu\/fr\/product\/nettoyeur-de-matelas-kirby-sentria\/#primaryimage","url":"https:\/\/www.veltec.eu\/wp-content\/uploads\/2025\/06\/Kirby-Handstofzuiger-Sentria.jpg","contentUrl":"https:\/\/www.veltec.eu\/wp-content\/uploads\/2025\/06\/Kirby-Handstofzuiger-Sentria.jpg","width":1030,"height":1030,"caption":"Kirby nettoyeur de matelas Sentria"},{"@type":"BreadcrumbList","@id":"https:\/\/www.veltec.eu\/fr\/product\/nettoyeur-de-matelas-kirby-sentria\/#breadcrumb","itemListElement":[{"@type":"ListItem","position":1,"name":"Home","item":"https:\/\/www.veltec.eu\/fr\/"},{"@type":"ListItem","position":2,"name":"Produits","item":"https:\/\/www.veltec.eu\/fr\/shop\/"},{"@type":"ListItem","position":3,"name":"Nettoyeur de matelas Kirby Sentria"}]},{"@type":"WebSite","@id":"https:\/\/www.veltec.eu\/en\/#website","url":"https:\/\/www.veltec.eu\/en\/","name":"Veltec Kirby specialist","description":"Kirby stofzuiger producten","publisher":{"@id":"https:\/\/www.veltec.eu\/en\/#organization"},"potentialAction":[{"@type":"SearchAction","target":{"@type":"EntryPoint","urlTemplate":"https:\/\/www.veltec.eu\/en\/?s={search_term_string}"},"query-input":{"@type":"PropertyValueSpecification","valueRequired":true,"valueName":"search_term_string"}}],"inLanguage":"fr-FR"},{"@type":"Organization","@id":"https:\/\/www.veltec.eu\/en\/#organization","name":"Veltec Kirby Specialist","url":"https:\/\/www.veltec.eu\/en\/","logo":{"@type":"ImageObject","inLanguage":"fr-FR","@id":"https:\/\/www.veltec.eu\/en\/#\/schema\/logo\/image\/","url":"https:\/\/www.veltec.eu\/wp-content\/uploads\/2021\/12\/Veltec-log-groot-e1537260889125.png","contentUrl":"https:\/\/www.veltec.eu\/wp-content\/uploads\/2021\/12\/Veltec-log-groot-e1537260889125.png","width":200,"height":60,"caption":"Veltec Kirby Specialist"},"image":{"@id":"https:\/\/www.veltec.eu\/en\/#\/schema\/logo\/image\/"},"sameAs":["https:\/\/www.facebook.com\/Veltec-Kirby-Specialist-236746293374877\/","https:\/\/www.youtube.com\/user\/VeltecService"]}]}},"_links":{"self":[{"href":"https:\/\/www.veltec.eu\/fr\/wp-json\/wp\/v2\/product\/79825","targetHints":{"allow":["GET"]}}],"collection":[{"href":"https:\/\/www.veltec.eu\/fr\/wp-json\/wp\/v2\/product"}],"about":[{"href":"https:\/\/www.veltec.eu\/fr\/wp-json\/wp\/v2\/types\/product"}],"replies":[{"embeddable":true,"href":"https:\/\/www.veltec.eu\/fr\/wp-json\/wp\/v2\/comments?post=79825"}],"wp:featuredmedia":[{"embeddable":true,"href":"https:\/\/www.veltec.eu\/fr\/wp-json\/wp\/v2\/media\/79727"}],"wp:attachment":[{"href":"https:\/\/www.veltec.eu\/fr\/wp-json\/wp\/v2\/media?parent=79825"}],"wp:term":[{"taxonomy":"product_brand","embeddable":true,"href":"https:\/\/www.veltec.eu\/fr\/wp-json\/wp\/v2\/product_brand?post=79825"},{"taxonomy":"product_cat","embeddable":true,"href":"https:\/\/www.veltec.eu\/fr\/wp-json\/wp\/v2\/product_cat?post=79825"},{"taxonomy":"product_tag","embeddable":true,"href":"https:\/\/www.veltec.eu\/fr\/wp-json\/wp\/v2\/product_tag?post=79825"}],"curies":[{"name":"wp","href":"https:\/\/api.w.org\/{rel}","templated":true}]}}