{"id":79558,"date":"2025-05-26T15:52:42","date_gmt":"2025-05-26T13:52:42","guid":{"rendered":"https:\/\/www.veltec.eu\/product\/1250-filtres-de-demonstration-kirby\/"},"modified":"2025-05-26T16:22:11","modified_gmt":"2025-05-26T14:22:11","slug":"1250-filtres-de-demonstration-kirby","status":"publish","type":"product","link":"https:\/\/www.veltec.eu\/fr\/product\/1250-filtres-de-demonstration-kirby\/","title":{"rendered":"1250 Filtres de d\u00e9monstration Kirby"},"content":{"rendered":"<h1>1250 Filtres de d\u00e9monstration Kirby &#8211; Pour les d\u00e9monstrations Kirby croustillantes<\/h1>\n<p>Vous organisez r\u00e9guli\u00e8rement des d\u00e9monstrations Kirby ou vous effectuez des nettoyages professionnels de matelas ? Vous savez alors \u00e0 quel point il est important de rendre la salet\u00e9 bien visible. Avec nos <strong>1250 Filtres de d\u00e9monstration Kirby<\/strong>, vous disposez d&#8217;un large stock de filtres originaux qui vous permettront de r\u00e9aliser des d\u00e9monstrations professionnelles pendant longtemps, sans compromis sur la qualit\u00e9 ou le d\u00e9bit d&#8217;air.<\/p>\n<p>Ces filtres sont sp\u00e9cialement con\u00e7us pour \u00eatre utilis\u00e9s en combinaison avec le hublot de d\u00e9monstration Kirby et permettent de voir clairement ce que votre aspirateur Kirby extrait des matelas, des sols ou des tissus d&#8217;ameublement. Que vous soyez vendeur ou professionnel du nettoyage, ces filtres vous permettront de convaincre chaque client de la puissance de Kirby.<\/p>\n<hr data-start=\"1058\" data-end=\"1061\" \/>\n<h2>Que sont les filtres de d\u00e9monstration 1250 Kirby ?<\/h2>\n<h3>Des filtres originaux pour des pr\u00e9sentations convaincantes<\/h3>\n<p>Les filtres de d\u00e9monstration 1250 Kirby sont des filtres de collecte ronds et noirs qui sont utilis\u00e9s en combinaison avec le voyant de d\u00e9monstration Kirby. Ces filtres sont fournis exclusivement par nous et sont destin\u00e9s \u00e0 rendre imm\u00e9diatement visibles les salet\u00e9s aspir\u00e9es, telles que la poussi\u00e8re, les poils et les squames.<\/p>\n<p>Gr\u00e2ce \u00e0 leur structure unique, les filtres restent perm\u00e9ables \u00e0 l&#8217;air, ne se bouchent pas lors d&#8217;une utilisation normale et maintiennent la puissance d&#8217;aspiration de votre aspirateur Kirby.<\/p>\n<p>Ces filtres sont essentiels pour les d\u00e9monstrations o\u00f9 vous souhaitez montrer ce qui est r\u00e9ellement cach\u00e9 dans les matelas et les tapis. Le r\u00e9sultat est une preuve visuelle qui inspire imm\u00e9diatement confiance aux clients et aux utilisateurs.<\/p>\n<p>Remarque : n&#8217;utilisez que les filtres d&#8217;origine. Les alternatives telles que les lingettes en papier ou les produits d&#8217;imitation perturbent le flux d&#8217;air et entravent le fonctionnement de votre Kirby.<\/p>\n<hr data-start=\"2018\" data-end=\"2021\" \/>\n<h2>Pourquoi choisir 1250 Filtres de d\u00e9monstration Kirby ?<\/h2>\n<h3>Pr\u00e9par\u00e9s de mani\u00e8re professionnelle, toujours suffisamment en stock<\/h3>\n<p>Lorsque vous utilisez r\u00e9guli\u00e8rement le voyant de d\u00e9monstration Kirby &#8211; par exemple pour le nettoyage commercial ou lors de d\u00e9monstrations &#8211; il est indispensable de disposer d&#8217;un stock important de filtres. C&#8217;est pourquoi nous vous proposons d&#8217;acheter un rouleau \u00e9conomique de 1250 filtres de d\u00e9monstration Kirby.<\/p>\n<ul>\n<li>Les avantages de ce grand paquet sont les suivants<\/li>\n<li>Toujours suffisamment de filtres en stock pour une utilisation quotidienne<\/li>\n<li>R\u00e9duction des co\u00fbts par rapport \u00e0 un emballage plus petit<\/li>\n<li>Emballage en rouleau pratique pour une utilisation efficace<\/li>\n<li>Adapt\u00e9 \u00e0 une utilisation professionnelle intensive<\/li>\n<\/ul>\n<p>En outre, ces filtres sont soigneusement enroul\u00e9s, ce qui permet de les changer rapidement et de mani\u00e8re hygi\u00e9nique pendant les d\u00e9monstrations ou les s\u00e9ances de nettoyage.<\/p>\n<hr data-start=\"2842\" data-end=\"2845\" \/>\n<h2>Utilisation et installation des filtres de d\u00e9monstration<\/h2>\n<h3>Remplacement rapide, d\u00e9monstration facile<\/h3>\n<p>L&#8217;utilisation des filtres de d\u00e9monstration Kirby 1250 est tr\u00e8s simple :<\/p>\n<ol>\n<li>Retirez le sac standard de l&#8217;aspirateur Kirby.<\/li>\n<li>Ouvrez le hublot de d\u00e9monstration.<\/li>\n<li>Placez un nouveau filtre noir dans le hublot.<\/li>\n<li>Fixez le hublot sur votre Kirby.<\/li>\n<li>Commencez \u00e0 aspirer et voyez la salet\u00e9 s&#8217;accumuler dans le filtre.<\/li>\n<\/ol>\n<p>Gr\u00e2ce au bo\u00eetier transparent du hublot Kirby, vous pouvez voir exactement comment la salet\u00e9 s&#8217;accumule. L&#8217;effet du Kirby est ainsi imm\u00e9diatement visible &#8211; un outil de vente ou de contr\u00f4le particuli\u00e8rement puissant.<\/p>\n<p>Ensuite, vous retirez le filtre usag\u00e9 et le remplacez par un nouveau. Les filtres usag\u00e9s sont faciles \u00e0 jeter. Vous pouvez alors recommencer avec un filtre propre.<\/p>\n<hr data-start=\"3640\" data-end=\"3643\" \/>\n<h2>Importance des filtres Kirby d&#8217;origine<\/h2>\n<h3>Choisissez la qualit\u00e9 et la fiabilit\u00e9 des performances<\/h3>\n<p>Les filtres de d\u00e9monstration Kirby d&#8217;origine sont sp\u00e9cialement con\u00e7us pour des performances optimales. Ils garantissent<\/p>\n<ul>\n<li>Un flux d&#8217;air constant et puissant<\/li>\n<li>Une bonne visibilit\u00e9 de la salet\u00e9<\/li>\n<li>La pr\u00e9vention du colmatage ou du rebond<\/li>\n<li>Une plus longue dur\u00e9e de vie de votre aspirateur Kirby<\/li>\n<\/ul>\n<p>L&#8217;utilisation de filtres d&#8217;origine \u00e9vite d&#8217;endommager votre aspirateur et garantit une pr\u00e9sentation optimale. Les filtres alternatifs ou faits maison &#8211; tels que les serviettes en papier &#8211; peuvent entra\u00eener un colmatage et une r\u00e9duction de la puissance d&#8217;aspiration. Vous perdez ainsi la conviction de votre d\u00e9monstration et risquez d&#8217;endommager le moteur.<\/p>\n<p>Investissez donc dans la qualit\u00e9 et la s\u00e9curit\u00e9 avec nos filtres d&#8217;origine.<\/p>\n<hr data-start=\"4432\" data-end=\"4435\" \/>\n<h2>Quel est le co\u00fbt d&#8217;un rouleau de 1250 Filtres de d\u00e9monstration Kirby ?<\/h2>\n<h3>Grand emballage pour un usage professionnel<\/h3>\n<p>Le prix d&#8217;un rouleau complet de 1250 filtres de d\u00e9monstration Kirby est de 120,00 \u20ac. Il s&#8217;agit d&#8217;un prix comp\u00e9titif pour une grande quantit\u00e9 de filtres originaux de haute qualit\u00e9. Vous disposez ainsi d&#8217;un mat\u00e9riel de d\u00e9monstration professionnel pour une p\u00e9riode plus longue.<\/p>\n<p>Remarque : en raison de la taille et de l&#8217;exclusivit\u00e9 de ces filtres, le d\u00e9lai de livraison peut \u00eatre l\u00e9g\u00e8rement plus long que d&#8217;habitude. Commandez donc \u00e0 temps, surtout si vous utilisez fr\u00e9quemment ces filtres dans le cadre de vos activit\u00e9s.<\/p>\n<hr data-start=\"5010\" data-end=\"5013\" \/>\n<h2>Commandez imm\u00e9diatement vos 1250 Filtres de d\u00e9monstration Kirby<\/h2>\n<h2>Le choix intelligent pour les professionnels et les d\u00e9monstrateurs<\/h2>\n<p>Vous ne voulez plus jamais manquer une d\u00e9monstration ou un nettoyage ? Optez pour cet emballage en vrac de 1250 filtres de d\u00e9monstration Kirby. Gr\u00e2ce \u00e0 la qualit\u00e9 d&#8217;origine, \u00e0 l&#8217;application facile et au prix attractif, vous \u00eates toujours assur\u00e9 d&#8217;une pr\u00e9sentation convaincante et d&#8217;un r\u00e9sultat optimal avec votre aspirateur Kirby.<\/p>\n<p>Passez votre commande d\u00e8s aujourd&#8217;hui et d\u00e9couvrez le confort de travailler avec un grand stock de filtres originaux. Vos clients verront la diff\u00e9rence &#8211; et vous aussi.<\/p>\n","protected":false},"excerpt":{"rendered":"<p>&nbsp;<\/p>\n[trustindex data-widget-id=e3bb80b24fa128098b960fc2439]\n<h3><span style=\"color: #008000;\"><br \/>\nEn stock<\/span><\/h3>\n[av_font_icon icon='ue812' font='entypo-fontello' style='' caption='' size='25px' position='left' color='#43ad66' link='' linktarget='' title_attr='' sonar_effect_effect='' sonar_effect_color='' sonar_effect_duration='1' sonar_effect_scale='' sonar_effect_opac='0.5' animation='' id='' custom_class='' template_class='' av_uid='' sc_version='1.0' admin_preview_bg=''][\/av_font_icon]\n<p><span style=\"color: #008000;\">Le d\u00e9lai de livraison est de 5 \u00e0 10 jours ouvrables.<\/span><\/p>\n<p>&nbsp;<\/p>\n<p>&nbsp;<\/p>\n","protected":false},"featured_media":79663,"comment_status":"open","ping_status":"closed","template":"","meta":[],"product_brand":[],"product_cat":[1407],"product_tag":[],"class_list":{"0":"post-79558","1":"product","2":"type-product","3":"status-publish","4":"has-post-thumbnail","6":"product_cat-nettoyeur-de-matelas-kirby","8":"first","9":"instock","10":"sale","11":"taxable","12":"shipping-taxable","13":"purchasable","14":"product-type-simple"},"yoast_head":"<!-- This site is optimized with the Yoast SEO Premium plugin v27.1 (Yoast SEO v27.4) - https:\/\/yoast.com\/product\/yoast-seo-premium-wordpress\/ -->\n<title>1250 Filtres de d\u00e9monstration Kirby - Veltec Kirby specialist<\/title>\n<meta name=\"description\" content=\"1250 Filtres de d\u00e9monstration Kirby - Veltec est un fournisseur d&#039;aspirateurs Kirby depuis plus de 25 ans. Et est votre sp\u00e9cialiste Kirby de confiance.\" \/>\n<meta name=\"robots\" content=\"index, follow, max-snippet:-1, max-image-preview:large, max-video-preview:-1\" \/>\n<link rel=\"canonical\" href=\"https:\/\/www.veltec.eu\/fr\/product\/1250-filtres-de-demonstration-kirby\/\" \/>\n<meta property=\"og:locale\" content=\"fr_FR\" \/>\n<meta property=\"og:type\" content=\"article\" \/>\n<meta property=\"og:title\" content=\"1250 Filtres de d\u00e9monstration Kirby\" \/>\n<meta property=\"og:description\" content=\"&nbsp;    En stock   Le d\u00e9lai de livraison est de 5 \u00e0 10 jours ouvrables.  &nbsp;  &nbsp;\" \/>\n<meta property=\"og:url\" content=\"https:\/\/www.veltec.eu\/fr\/product\/1250-filtres-de-demonstration-kirby\/\" \/>\n<meta property=\"og:site_name\" content=\"Veltec Kirby specialist\" \/>\n<meta property=\"article:publisher\" content=\"https:\/\/www.facebook.com\/Veltec-Kirby-Specialist-236746293374877\/\" \/>\n<meta property=\"article:modified_time\" content=\"2025-05-26T14:22:11+00:00\" \/>\n<meta property=\"og:image\" content=\"https:\/\/www.veltec.eu\/wp-content\/uploads\/2025\/05\/demonstratiefiltersKirby.jpg\" \/>\n\t<meta property=\"og:image:width\" content=\"600\" \/>\n\t<meta property=\"og:image:height\" content=\"600\" \/>\n\t<meta property=\"og:image:type\" content=\"image\/jpeg\" \/>\n<meta name=\"twitter:card\" content=\"summary_large_image\" \/>\n<meta name=\"twitter:label1\" content=\"Dur\u00e9e de lecture estim\u00e9e\" \/>\n\t<meta name=\"twitter:data1\" content=\"5 minutes\" \/>\n<script type=\"application\/ld+json\" class=\"yoast-schema-graph\">{\"@context\":\"https:\\\/\\\/schema.org\",\"@graph\":[{\"@type\":\"WebPage\",\"@id\":\"https:\\\/\\\/www.veltec.eu\\\/fr\\\/product\\\/1250-filtres-de-demonstration-kirby\\\/\",\"url\":\"https:\\\/\\\/www.veltec.eu\\\/fr\\\/product\\\/1250-filtres-de-demonstration-kirby\\\/\",\"name\":\"1250 Filtres de d\u00e9monstration Kirby - Veltec Kirby specialist\",\"isPartOf\":{\"@id\":\"https:\\\/\\\/www.veltec.eu\\\/en\\\/#website\"},\"primaryImageOfPage\":{\"@id\":\"https:\\\/\\\/www.veltec.eu\\\/fr\\\/product\\\/1250-filtres-de-demonstration-kirby\\\/#primaryimage\"},\"image\":{\"@id\":\"https:\\\/\\\/www.veltec.eu\\\/fr\\\/product\\\/1250-filtres-de-demonstration-kirby\\\/#primaryimage\"},\"thumbnailUrl\":\"https:\\\/\\\/www.veltec.eu\\\/wp-content\\\/uploads\\\/2025\\\/05\\\/demonstratiefiltersKirby.jpg\",\"datePublished\":\"2025-05-26T13:52:42+00:00\",\"dateModified\":\"2025-05-26T14:22:11+00:00\",\"description\":\"1250 Filtres de d\u00e9monstration Kirby - Veltec est un fournisseur d'aspirateurs Kirby depuis plus de 25 ans. Et est votre sp\u00e9cialiste Kirby de confiance.\",\"breadcrumb\":{\"@id\":\"https:\\\/\\\/www.veltec.eu\\\/fr\\\/product\\\/1250-filtres-de-demonstration-kirby\\\/#breadcrumb\"},\"inLanguage\":\"fr-FR\",\"potentialAction\":[{\"@type\":\"ReadAction\",\"target\":[\"https:\\\/\\\/www.veltec.eu\\\/fr\\\/product\\\/1250-filtres-de-demonstration-kirby\\\/\"]}]},{\"@type\":\"ImageObject\",\"inLanguage\":\"fr-FR\",\"@id\":\"https:\\\/\\\/www.veltec.eu\\\/fr\\\/product\\\/1250-filtres-de-demonstration-kirby\\\/#primaryimage\",\"url\":\"https:\\\/\\\/www.veltec.eu\\\/wp-content\\\/uploads\\\/2025\\\/05\\\/demonstratiefiltersKirby.jpg\",\"contentUrl\":\"https:\\\/\\\/www.veltec.eu\\\/wp-content\\\/uploads\\\/2025\\\/05\\\/demonstratiefiltersKirby.jpg\",\"width\":600,\"height\":600},{\"@type\":\"BreadcrumbList\",\"@id\":\"https:\\\/\\\/www.veltec.eu\\\/fr\\\/product\\\/1250-filtres-de-demonstration-kirby\\\/#breadcrumb\",\"itemListElement\":[{\"@type\":\"ListItem\",\"position\":1,\"name\":\"Home\",\"item\":\"https:\\\/\\\/www.veltec.eu\\\/fr\\\/\"},{\"@type\":\"ListItem\",\"position\":2,\"name\":\"Produits\",\"item\":\"https:\\\/\\\/www.veltec.eu\\\/fr\\\/shop\\\/\"},{\"@type\":\"ListItem\",\"position\":3,\"name\":\"1250 Filtres de d\u00e9monstration Kirby\"}]},{\"@type\":\"WebSite\",\"@id\":\"https:\\\/\\\/www.veltec.eu\\\/en\\\/#website\",\"url\":\"https:\\\/\\\/www.veltec.eu\\\/en\\\/\",\"name\":\"Veltec Kirby specialist\",\"description\":\"Kirby stofzuiger producten\",\"publisher\":{\"@id\":\"https:\\\/\\\/www.veltec.eu\\\/en\\\/#organization\"},\"potentialAction\":[{\"@type\":\"SearchAction\",\"target\":{\"@type\":\"EntryPoint\",\"urlTemplate\":\"https:\\\/\\\/www.veltec.eu\\\/en\\\/?s={search_term_string}\"},\"query-input\":{\"@type\":\"PropertyValueSpecification\",\"valueRequired\":true,\"valueName\":\"search_term_string\"}}],\"inLanguage\":\"fr-FR\"},{\"@type\":\"Organization\",\"@id\":\"https:\\\/\\\/www.veltec.eu\\\/en\\\/#organization\",\"name\":\"Veltec Kirby Specialist\",\"url\":\"https:\\\/\\\/www.veltec.eu\\\/en\\\/\",\"logo\":{\"@type\":\"ImageObject\",\"inLanguage\":\"fr-FR\",\"@id\":\"https:\\\/\\\/www.veltec.eu\\\/en\\\/#\\\/schema\\\/logo\\\/image\\\/\",\"url\":\"https:\\\/\\\/www.veltec.eu\\\/wp-content\\\/uploads\\\/2021\\\/12\\\/Veltec-log-groot-e1537260889125.png\",\"contentUrl\":\"https:\\\/\\\/www.veltec.eu\\\/wp-content\\\/uploads\\\/2021\\\/12\\\/Veltec-log-groot-e1537260889125.png\",\"width\":200,\"height\":60,\"caption\":\"Veltec Kirby Specialist\"},\"image\":{\"@id\":\"https:\\\/\\\/www.veltec.eu\\\/en\\\/#\\\/schema\\\/logo\\\/image\\\/\"},\"sameAs\":[\"https:\\\/\\\/www.facebook.com\\\/Veltec-Kirby-Specialist-236746293374877\\\/\",\"https:\\\/\\\/www.youtube.com\\\/user\\\/VeltecService\"]}]}<\/script>\n<!-- \/ Yoast SEO Premium plugin. -->","yoast_head_json":{"title":"1250 Filtres de d\u00e9monstration Kirby - Veltec Kirby specialist","description":"1250 Filtres de d\u00e9monstration Kirby - Veltec est un fournisseur d'aspirateurs Kirby depuis plus de 25 ans. Et est votre sp\u00e9cialiste Kirby de confiance.","robots":{"index":"index","follow":"follow","max-snippet":"max-snippet:-1","max-image-preview":"max-image-preview:large","max-video-preview":"max-video-preview:-1"},"canonical":"https:\/\/www.veltec.eu\/fr\/product\/1250-filtres-de-demonstration-kirby\/","og_locale":"fr_FR","og_type":"article","og_title":"1250 Filtres de d\u00e9monstration Kirby","og_description":"&nbsp;    En stock   Le d\u00e9lai de livraison est de 5 \u00e0 10 jours ouvrables.  &nbsp;  &nbsp;","og_url":"https:\/\/www.veltec.eu\/fr\/product\/1250-filtres-de-demonstration-kirby\/","og_site_name":"Veltec Kirby specialist","article_publisher":"https:\/\/www.facebook.com\/Veltec-Kirby-Specialist-236746293374877\/","article_modified_time":"2025-05-26T14:22:11+00:00","og_image":[{"width":600,"height":600,"url":"https:\/\/www.veltec.eu\/wp-content\/uploads\/2025\/05\/demonstratiefiltersKirby.jpg","type":"image\/jpeg"}],"twitter_card":"summary_large_image","twitter_misc":{"Dur\u00e9e de lecture estim\u00e9e":"5 minutes"},"schema":{"@context":"https:\/\/schema.org","@graph":[{"@type":"WebPage","@id":"https:\/\/www.veltec.eu\/fr\/product\/1250-filtres-de-demonstration-kirby\/","url":"https:\/\/www.veltec.eu\/fr\/product\/1250-filtres-de-demonstration-kirby\/","name":"1250 Filtres de d\u00e9monstration Kirby - Veltec Kirby specialist","isPartOf":{"@id":"https:\/\/www.veltec.eu\/en\/#website"},"primaryImageOfPage":{"@id":"https:\/\/www.veltec.eu\/fr\/product\/1250-filtres-de-demonstration-kirby\/#primaryimage"},"image":{"@id":"https:\/\/www.veltec.eu\/fr\/product\/1250-filtres-de-demonstration-kirby\/#primaryimage"},"thumbnailUrl":"https:\/\/www.veltec.eu\/wp-content\/uploads\/2025\/05\/demonstratiefiltersKirby.jpg","datePublished":"2025-05-26T13:52:42+00:00","dateModified":"2025-05-26T14:22:11+00:00","description":"1250 Filtres de d\u00e9monstration Kirby - Veltec est un fournisseur d'aspirateurs Kirby depuis plus de 25 ans. Et est votre sp\u00e9cialiste Kirby de confiance.","breadcrumb":{"@id":"https:\/\/www.veltec.eu\/fr\/product\/1250-filtres-de-demonstration-kirby\/#breadcrumb"},"inLanguage":"fr-FR","potentialAction":[{"@type":"ReadAction","target":["https:\/\/www.veltec.eu\/fr\/product\/1250-filtres-de-demonstration-kirby\/"]}]},{"@type":"ImageObject","inLanguage":"fr-FR","@id":"https:\/\/www.veltec.eu\/fr\/product\/1250-filtres-de-demonstration-kirby\/#primaryimage","url":"https:\/\/www.veltec.eu\/wp-content\/uploads\/2025\/05\/demonstratiefiltersKirby.jpg","contentUrl":"https:\/\/www.veltec.eu\/wp-content\/uploads\/2025\/05\/demonstratiefiltersKirby.jpg","width":600,"height":600},{"@type":"BreadcrumbList","@id":"https:\/\/www.veltec.eu\/fr\/product\/1250-filtres-de-demonstration-kirby\/#breadcrumb","itemListElement":[{"@type":"ListItem","position":1,"name":"Home","item":"https:\/\/www.veltec.eu\/fr\/"},{"@type":"ListItem","position":2,"name":"Produits","item":"https:\/\/www.veltec.eu\/fr\/shop\/"},{"@type":"ListItem","position":3,"name":"1250 Filtres de d\u00e9monstration Kirby"}]},{"@type":"WebSite","@id":"https:\/\/www.veltec.eu\/en\/#website","url":"https:\/\/www.veltec.eu\/en\/","name":"Veltec Kirby specialist","description":"Kirby stofzuiger producten","publisher":{"@id":"https:\/\/www.veltec.eu\/en\/#organization"},"potentialAction":[{"@type":"SearchAction","target":{"@type":"EntryPoint","urlTemplate":"https:\/\/www.veltec.eu\/en\/?s={search_term_string}"},"query-input":{"@type":"PropertyValueSpecification","valueRequired":true,"valueName":"search_term_string"}}],"inLanguage":"fr-FR"},{"@type":"Organization","@id":"https:\/\/www.veltec.eu\/en\/#organization","name":"Veltec Kirby Specialist","url":"https:\/\/www.veltec.eu\/en\/","logo":{"@type":"ImageObject","inLanguage":"fr-FR","@id":"https:\/\/www.veltec.eu\/en\/#\/schema\/logo\/image\/","url":"https:\/\/www.veltec.eu\/wp-content\/uploads\/2021\/12\/Veltec-log-groot-e1537260889125.png","contentUrl":"https:\/\/www.veltec.eu\/wp-content\/uploads\/2021\/12\/Veltec-log-groot-e1537260889125.png","width":200,"height":60,"caption":"Veltec Kirby Specialist"},"image":{"@id":"https:\/\/www.veltec.eu\/en\/#\/schema\/logo\/image\/"},"sameAs":["https:\/\/www.facebook.com\/Veltec-Kirby-Specialist-236746293374877\/","https:\/\/www.youtube.com\/user\/VeltecService"]}]}},"_links":{"self":[{"href":"https:\/\/www.veltec.eu\/fr\/wp-json\/wp\/v2\/product\/79558","targetHints":{"allow":["GET"]}}],"collection":[{"href":"https:\/\/www.veltec.eu\/fr\/wp-json\/wp\/v2\/product"}],"about":[{"href":"https:\/\/www.veltec.eu\/fr\/wp-json\/wp\/v2\/types\/product"}],"replies":[{"embeddable":true,"href":"https:\/\/www.veltec.eu\/fr\/wp-json\/wp\/v2\/comments?post=79558"}],"wp:featuredmedia":[{"embeddable":true,"href":"https:\/\/www.veltec.eu\/fr\/wp-json\/wp\/v2\/media\/79663"}],"wp:attachment":[{"href":"https:\/\/www.veltec.eu\/fr\/wp-json\/wp\/v2\/media?parent=79558"}],"wp:term":[{"taxonomy":"product_brand","embeddable":true,"href":"https:\/\/www.veltec.eu\/fr\/wp-json\/wp\/v2\/product_brand?post=79558"},{"taxonomy":"product_cat","embeddable":true,"href":"https:\/\/www.veltec.eu\/fr\/wp-json\/wp\/v2\/product_cat?post=79558"},{"taxonomy":"product_tag","embeddable":true,"href":"https:\/\/www.veltec.eu\/fr\/wp-json\/wp\/v2\/product_tag?post=79558"}],"curies":[{"name":"wp","href":"https:\/\/api.w.org\/{rel}","templated":true}]}}