{"id":79398,"date":"2025-05-23T12:37:34","date_gmt":"2025-05-23T10:37:34","guid":{"rendered":"https:\/\/www.veltec.eu\/product\/nettoyeur-de-matelas-kirby-avec-voyant-de-demonstration\/"},"modified":"2025-11-20T11:41:46","modified_gmt":"2025-11-20T09:41:46","slug":"nettoyeur-de-matelas-kirby-avalir","status":"publish","type":"product","link":"https:\/\/www.veltec.eu\/fr\/product\/nettoyeur-de-matelas-kirby-avalir\/","title":{"rendered":"Nettoyeur de matelas Kirby Avalir"},"content":{"rendered":"<h1>D\u00e9couvrez la puissance du Nettoyeur de matelas Kirby Avalir avec voyant de d\u00e9monstration<\/h1>\n<h3>Vous souhaitez utiliser l&#8217;aspirateur Kirby \u00e0 des fins professionnelles telles que le nettoyage de matelas ?<\/h3>\n<p>Dans ce cas, le Kirby est le choix id\u00e9al ! Gr\u00e2ce \u00e0 sa puissance d&#8217;aspiration et \u00e0 ses accessoires professionnels, tels que le hublot de d\u00e9monstration, vous pouvez montrer de mani\u00e8re convaincante la quantit\u00e9 de salet\u00e9 qui s&#8217;\u00e9chappe des matelas. Id\u00e9al pour les nettoyeurs de matelas, les services de nettoyage ou les vendeurs Kirby qui souhaitent montrer \u00e0 leurs clients ce qu&#8217;est un vrai nettoyage. Choisissez l&#8217;impact professionnel et les r\u00e9sultats visibles avec Kirby. Ou voulez-vous d\u00e9couvrir par vous-m\u00eame la quantit\u00e9 de salet\u00e9 qui s&#8217;\u00e9chappe r\u00e9ellement de votre matelas ? Dans ce cas, le <strong>Nettoyeur de matelas Kirby Avalir avec voyant de d\u00e9monstration<\/strong>, est exactement ce qu&#8217;il vous faut.<\/p>\n<p>Ce set innovant se compose d&#8217;un puissant aspirateur Kirby, \u00e9quip\u00e9 d&#8217;un suceur \u00e0 large t\u00eate et d&#8217;une poign\u00e9e confortable. Ce qui rend cet ensemble unique, c&#8217;est le hublot de d\u00e9monstration Kirby inclus, sp\u00e9cialement con\u00e7u pour rendre visible ce que vous ne voyez normalement jamais : la salet\u00e9 cach\u00e9e au plus profond de votre matelas.<\/p>\n<hr data-start=\"778\" data-end=\"781\" \/>\n<h2>Attention : il s&#8217;agit d&#8217;un aspirateur Kirby reconditionn\u00e9<\/h2>\n<p><img decoding=\"async\" class=\"wp-image-85973 size-square alignright\" src=\"https:\/\/www.veltec.eu\/wp-content\/uploads\/2018\/09\/Kirby-refurbished-1-180x180.png\" alt=\"\" width=\"180\" height=\"180\" srcset=\"https:\/\/www.veltec.eu\/wp-content\/uploads\/2018\/09\/Kirby-refurbished-1-180x180.png 180w, https:\/\/www.veltec.eu\/wp-content\/uploads\/2018\/09\/Kirby-refurbished-1-300x300.png 300w, https:\/\/www.veltec.eu\/wp-content\/uploads\/2018\/09\/Kirby-refurbished-1-80x80.png 80w, https:\/\/www.veltec.eu\/wp-content\/uploads\/2018\/09\/Kirby-refurbished-1-36x36.png 36w, https:\/\/www.veltec.eu\/wp-content\/uploads\/2018\/09\/Kirby-refurbished-1-120x120.png 120w, https:\/\/www.veltec.eu\/wp-content\/uploads\/2018\/09\/Kirby-refurbished-1-450x450.png 450w, https:\/\/www.veltec.eu\/wp-content\/uploads\/2018\/09\/Kirby-refurbished-1-600x600.png 600w, https:\/\/www.veltec.eu\/wp-content\/uploads\/2018\/09\/Kirby-refurbished-1-100x100.png 100w, https:\/\/www.veltec.eu\/wp-content\/uploads\/2018\/09\/Kirby-refurbished-1.png 626w\" sizes=\"(max-width: 180px) 100vw, 180px\" \/><\/p>\n<p>Cet aspirateur Kirby n&#8217;est pas neuf, mais enti\u00e8rement reconditionn\u00e9. Cela signifie que l&#8217;appareil a \u00e9t\u00e9 soigneusement contr\u00f4l\u00e9 par nos sp\u00e9cialistes, nettoy\u00e9 de mani\u00e8re professionnelle et, le cas \u00e9ch\u00e9ant, \u00e9quip\u00e9 de nouvelles pi\u00e8ces. Pensez \u00e0 des pi\u00e8ces de moteur neuves et \u00e0 un r\u00e9glage techniquement parfait. Le Kirby est \u00e9galement enti\u00e8rement poli. Le r\u00e9sultat ? Un aspirateur Kirby en parfait \u00e9tat et qui fonctionne de mani\u00e8re optimale &#8211; avec la fiabilit\u00e9 de Kirby, mais \u00e0 un prix inf\u00e9rieur \u00e0 celui d&#8217;un appareil neuf.<\/p>\n<p><a href=\"https:\/\/www.veltec.eu\/fr\/acheter-kirby-avalir\/\">Acheter Kirby Avalir &#8211; Sp\u00e9cialiste Kirby Veltec<\/a><\/p>\n<hr data-start=\"778\" data-end=\"781\" \/>\n<h2 data-start=\"783\" data-end=\"829\">Qu&#8217;est-ce que le Nettoyeur de matelas Kirby Avalir avec voyant de d\u00e9monstration ?<\/h2>\n<p><img decoding=\"async\" class=\"alignright wp-image-79820 size-medium\" src=\"https:\/\/www.veltec.eu\/wp-content\/uploads\/2025\/06\/Kirbyservicetool-300x234.png\" alt=\"Nettoyeur de matelas Kirby Avalir\" width=\"300\" height=\"234\" srcset=\"https:\/\/www.veltec.eu\/wp-content\/uploads\/2025\/06\/Kirbyservicetool-300x234.png 300w, https:\/\/www.veltec.eu\/wp-content\/uploads\/2025\/06\/Kirbyservicetool-1030x804.png 1030w, https:\/\/www.veltec.eu\/wp-content\/uploads\/2025\/06\/Kirbyservicetool-768x600.png 768w, https:\/\/www.veltec.eu\/wp-content\/uploads\/2025\/06\/Kirbyservicetool-1536x1199.png 1536w, https:\/\/www.veltec.eu\/wp-content\/uploads\/2025\/06\/Kirbyservicetool-1500x1171.png 1500w, https:\/\/www.veltec.eu\/wp-content\/uploads\/2025\/06\/Kirbyservicetool-705x550.png 705w, https:\/\/www.veltec.eu\/wp-content\/uploads\/2025\/06\/Kirbyservicetool-450x351.png 450w, https:\/\/www.veltec.eu\/wp-content\/uploads\/2025\/06\/Kirbyservicetool-600x468.png 600w, https:\/\/www.veltec.eu\/wp-content\/uploads\/2025\/06\/Kirbyservicetool-77x60.png 77w, https:\/\/www.veltec.eu\/wp-content\/uploads\/2025\/06\/Kirbyservicetool-115x90.png 115w, https:\/\/www.veltec.eu\/wp-content\/uploads\/2025\/06\/Kirbyservicetool.png 1600w\" sizes=\"(max-width: 300px) 100vw, 300px\" \/><\/p>\n<p>&nbsp;<\/p>\n<h3>Un outil unique pour une preuve visuelle<\/h3>\n<p>Le voyant de d\u00e9monstration Kirby est un outil indispensable tant pour les vendeurs professionnels de Kirby que pour les nettoyeurs de matelas. Gr\u00e2ce \u00e0 ce dispositif, vous pouvez voir de vos propres yeux ce qui est aspir\u00e9 de votre matelas ou de votre tapis. Le voyant remplace temporairement le sac ext\u00e9rieur Kirby et utilise des filtres de collecte ronds noirs sp\u00e9ciaux. Ces filtres sont disponibles exclusivement chez nous et sont con\u00e7us pour rendre la salet\u00e9 aspir\u00e9e clairement visible.<\/p>\n<p>Le verre transparent vous permet de voir exactement la quantit\u00e9 de poussi\u00e8re, de cheveux, de squames et d&#8217;autres salet\u00e9s que contient <strong>votre matelas<\/strong>. C&#8217;est non seulement impressionnant \u00e0 voir, mais aussi extr\u00eamement convaincant pour une d\u00e9monstration \u00e0 vos clients ou \u00e0 vous-m\u00eame. Ainsi, vous pouvez \u00eatre s\u00fbr que le Kirby fait r\u00e9ellement ce qu&#8217;il promet : un nettoyage en profondeur.<\/p>\n<hr data-start=\"1640\" data-end=\"1643\" \/>\n<h2>Comment fonctionne le Nettoyeur de matelas Kirby Avalir avec voyant de d\u00e9monstration ?<\/h2>\n<h3>Installation simple et r\u00e9sultats imm\u00e9diats<\/h3>\n<p>L&#8217;utilisation de cet ensemble Kirby est simple. Vous retirez le sac ext\u00e9rieur standard de votre aspirateur Kirby et vous placez le hublot de d\u00e9monstration avec un filtre de collecte noir \u00e0 sa place. Vous mettez ensuite le Kirby en marche et commencez \u00e0 nettoyer votre matelas ou votre sol. Au fur et \u00e0 mesure que vous aspirez, la salet\u00e9 est aspir\u00e9e par le hublot et collect\u00e9e dans le filtre noir. Vous pouvez litt\u00e9ralement voir la salet\u00e9 s&#8217;\u00e9couler et s&#8217;accumuler.<\/p>\n<p>Veuillez noter que cet outil n&#8217;est utilis\u00e9 qu&#8217;\u00e0 des fins de d\u00e9monstration. Pour passer l&#8217;aspirateur r\u00e9guli\u00e8rement, remplacez le verre de visualisation par le sac ext\u00e9rieur Kirby d&#8217;origine.<\/p>\n<hr data-start=\"1640\" data-end=\"1643\" \/>\n<h2>Utilisez toujours des filtres de collecte Kirby d&#8217;origine<\/h2>\n<h3>Emp\u00eachez le colmatage et maintenez un d\u00e9bit d&#8217;air optimal.<\/h3>\n<p>Il est important d&#8217;utiliser les filtres de collecte Kirby d&#8217;origine. D&#8217;autres solutions, comme les serviettes en papier ou les filtres bon march\u00e9, peuvent se boucher. Le d\u00e9bit d&#8217;air de Kirby s&#8217;en trouve r\u00e9duit, ce qui nuit aux performances de l&#8217;aspirateur. L&#8217;utilisation exclusive de nos filtres d&#8217;origine garantit une aspiration puissante et une d\u00e9monstration fiable.<\/p>\n<p>Lorsque vous achetez le hublot de d\u00e9monstration Kirby, vous recevez en standard un jeu de 200 filtres de collecte noirs. Vous en voulez plus ? Dans ce cas, vous pouvez facilement commander un rouleau de 1250 filtres pour 120,00 \u20ac. Veuillez noter que le d\u00e9lai de livraison de ces rouleaux peut \u00eatre l\u00e9g\u00e8rement plus long.<\/p>\n<hr data-start=\"3173\" data-end=\"3176\" \/>\n<h2>Qu&#8217;est-ce qui rend ce set Kirby Avalir indispensable ?<\/h2>\n<p><img decoding=\"async\" class=\"wp-image-79966 size-medium alignright\" src=\"https:\/\/www.veltec.eu\/wp-content\/uploads\/2025\/06\/Kirby-matrasreiging-300x300.jpg\" alt=\"Nettoyeur de matelas Kirby Avalir\" width=\"300\" height=\"300\" srcset=\"https:\/\/www.veltec.eu\/wp-content\/uploads\/2025\/06\/Kirby-matrasreiging-300x300.jpg 300w, https:\/\/www.veltec.eu\/wp-content\/uploads\/2025\/06\/Kirby-matrasreiging-80x80.jpg 80w, https:\/\/www.veltec.eu\/wp-content\/uploads\/2025\/06\/Kirby-matrasreiging-768x768.jpg 768w, https:\/\/www.veltec.eu\/wp-content\/uploads\/2025\/06\/Kirby-matrasreiging-36x36.jpg 36w, https:\/\/www.veltec.eu\/wp-content\/uploads\/2025\/06\/Kirby-matrasreiging-180x180.jpg 180w, https:\/\/www.veltec.eu\/wp-content\/uploads\/2025\/06\/Kirby-matrasreiging-705x705.jpg 705w, https:\/\/www.veltec.eu\/wp-content\/uploads\/2025\/06\/Kirby-matrasreiging-120x120.jpg 120w, https:\/\/www.veltec.eu\/wp-content\/uploads\/2025\/06\/Kirby-matrasreiging-450x450.jpg 450w, https:\/\/www.veltec.eu\/wp-content\/uploads\/2025\/06\/Kirby-matrasreiging-600x600.jpg 600w, https:\/\/www.veltec.eu\/wp-content\/uploads\/2025\/06\/Kirby-matrasreiging-100x100.jpg 100w, https:\/\/www.veltec.eu\/wp-content\/uploads\/2025\/06\/Kirby-matrasreiging-60x60.jpg 60w, https:\/\/www.veltec.eu\/wp-content\/uploads\/2025\/06\/Kirby-matrasreiging-90x90.jpg 90w, https:\/\/www.veltec.eu\/wp-content\/uploads\/2025\/06\/Kirby-matrasreiging.jpg 1024w\" sizes=\"(max-width: 300px) 100vw, 300px\" \/><\/p>\n<h3>D\u00e9montrer ce que les autres ne font que promettre<\/h3>\n<p>Avec le nettoyeur de matelas Kirby, y compris le hublot de d\u00e9monstration, vous avez la preuve visuelle et fonctionnelle de la puissance de nettoyage de Kirby. Vous voyez imm\u00e9diatement :<\/p>\n<ul>\n<li>La quantit\u00e9 de salet\u00e9 r\u00e9ellement pr\u00e9sente dans votre matelas.<\/li>\n<li>Ce qui reste cach\u00e9 dans votre tapis.<\/li>\n<li>L&#8217;efficacit\u00e9 de l&#8217;aspirateur Kirby.<\/li>\n<\/ul>\n<p>Vous pouvez \u00e9galement utiliser cet ensemble pour convaincre vos clients de la qualit\u00e9 de votre service de nettoyage. L&#8217;impact de la salet\u00e9 visible dans la vitre d&#8217;inspection suffit souvent \u00e0 les inciter \u00e0 acheter ou \u00e0 utiliser le produit imm\u00e9diatement.<\/p>\n<hr data-start=\"1640\" data-end=\"1643\" \/>\n<h2>V\u00e9rifiez si vos matelas sont vraiment propres<\/h2>\n<h3>Pratique et fiable<\/h3>\n<p>Vous \u00eates-vous d\u00e9j\u00e0 demand\u00e9 si votre matelas \u00e9tait vraiment propre apr\u00e8s avoir pass\u00e9 l&#8217;aspirateur ? Gr\u00e2ce \u00e0 ce syst\u00e8me, vous pouvez en \u00eatre s\u00fbr. La vitre vous permet de v\u00e9rifier imm\u00e9diatement le r\u00e9sultat de votre nettoyage. Il s&#8217;agit donc d&#8217;un compl\u00e9ment pr\u00e9cieux \u00e0 votre routine de nettoyage.<\/p>\n<p>Que ce soit pour un usage domestique ou pour des d\u00e9monstrations professionnelles, ce syst\u00e8me est le choix id\u00e9al. Il rend visible ce qui reste normalement cach\u00e9 et vous donne un contr\u00f4le total sur l&#8217;hygi\u00e8ne.<\/p>\n<hr data-start=\"4342\" data-end=\"4345\" \/>\n<h2>Que contient l&#8217;emballage ?<\/h2>\n<p>Lorsque vous achetez le nettoyeur de matelas Kirby Avalir, y compris le hublot de d\u00e9monstration, vous recevrez les \u00e9l\u00e9ments suivants :<\/p>\n<ul>\n<li>1 aspirateur Kirby Avalir 1 (reconditionn\u00e9)<\/li>\n<li>1 poign\u00e9e Kirby Avalir 1<\/li>\n<li>1 embout large Kirby Avalir 1<\/li>\n<li>1 sac ext\u00e9rieur Kirby Avalir 1<\/li>\n<li>1 hublot de d\u00e9monstration Kirby<\/li>\n<li>200 filtres de collecte noirs<\/li>\n<\/ul>\n<p>Des filtres suppl\u00e9mentaires sont disponibles par rouleau de 1250 au prix de 120,00 \u20ac. Ces filtres sont sp\u00e9cialement con\u00e7us pour des r\u00e9sultats et une fiabilit\u00e9 optimaux.<\/p>\n<hr data-start=\"4744\" data-end=\"4747\" \/>\n<h2>Commandez d\u00e8s aujourd&#8217;hui Nettoyeur de matelas Kirby Avalir avec voyant de d\u00e9monstration<\/h2>\n<h3>Certitude, propret\u00e9 et conviction en un seul appareil<\/h3>\n<p>Voulez-vous vivre l&#8217;exp\u00e9rience de nettoyage ultime et prouver la puissance de votre Kirby Avalir? Commandez d\u00e8s maintenant le nettoyeur de matelas Kirby, y compris le hublot de d\u00e9monstration. Que vous soyez un professionnel ou un particulier, ce set vous offre la garantie d&#8217;un r\u00e9sultat visiblement propre.<\/p>\n<p>Faites le bon choix et d\u00e9couvrez par vous-m\u00eame ce que le Kirby peut faire pour vous et votre maison. Commandez facilement en ligne et d\u00e9couvrez la puissance in\u00e9gal\u00e9e de ce set de d\u00e9monstration.<\/p>\n<p>Lisez ici comment convertir le Kirby en nettoyeur de matelas : <a href=\"https:\/\/www.service-aspirateur-kirby.fr\/reconstruire-laspirateur-kirby-partie-1\/\">Reconstruire l\u2019aspirateur Kirby Partie 1<\/a><\/p>\n","protected":false},"excerpt":{"rendered":"<p>&nbsp;<\/p>\n[trustindex data-widget-id=e3bb80b24fa128098b960fc2439]\n<h3><span style=\"color: #008000;\"><br \/>\nEn stock<\/span><\/h3>\n[av_font_icon icon='ue812' font='entypo-fontello' style='' caption='' size='25px' position='left' color='#43ad66' link='' linktarget='' title_attr='' sonar_effect_effect='' sonar_effect_color='' sonar_effect_duration='1' sonar_effect_scale='' sonar_effect_opac='0.5' animation='' id='' custom_class='' template_class='' av_uid='' sc_version='1.0' admin_preview_bg=''][\/av_font_icon]\n<p><span style=\"color: #008000;\">Le d\u00e9lai de livraison est de 5 \u00e0 10 jours ouvrables.<\/span><\/p>\n<p>&nbsp;<\/p>\n","protected":false},"featured_media":79367,"comment_status":"open","ping_status":"closed","template":"","meta":{"_acf_changed":false},"product_brand":[],"product_cat":[1407],"product_tag":[],"class_list":{"0":"post-79398","1":"product","2":"type-product","3":"status-publish","4":"has-post-thumbnail","6":"product_cat-nettoyeur-de-matelas-kirby","8":"first","9":"instock","10":"sale","11":"taxable","12":"shipping-taxable","13":"purchasable","14":"product-type-simple"},"acf":[],"yoast_head":"<!-- This site is optimized with the Yoast SEO Premium plugin v27.1 (Yoast SEO v27.5) - https:\/\/yoast.com\/product\/yoast-seo-premium-wordpress\/ -->\n<title>Nettoyeur de matelas Kirby Avalir - Veltec Kirby specialist<\/title>\n<meta name=\"description\" content=\"Nettoyeur de matelas Kirby Avalir - Vous souhaitez utiliser l&#039;aspirateur Kirby \u00e0 des fins professionnelles. Nettoyeur de matelas.\" \/>\n<meta name=\"robots\" content=\"index, follow, max-snippet:-1, max-image-preview:large, max-video-preview:-1\" \/>\n<link rel=\"canonical\" href=\"https:\/\/www.veltec.eu\/fr\/product\/nettoyeur-de-matelas-kirby-avalir\/\" \/>\n<meta property=\"og:locale\" content=\"fr_FR\" \/>\n<meta property=\"og:type\" content=\"article\" \/>\n<meta property=\"og:title\" content=\"Nettoyeur de matelas Kirby Avalir\" \/>\n<meta property=\"og:description\" content=\"&nbsp;    En stock   Le d\u00e9lai de livraison est de 5 \u00e0 10 jours ouvrables.  &nbsp;\" \/>\n<meta property=\"og:url\" content=\"https:\/\/www.veltec.eu\/fr\/product\/nettoyeur-de-matelas-kirby-avalir\/\" \/>\n<meta property=\"og:site_name\" content=\"Veltec Kirby specialist\" \/>\n<meta property=\"article:publisher\" content=\"https:\/\/www.facebook.com\/Veltec-Kirby-Specialist-236746293374877\/\" \/>\n<meta property=\"article:modified_time\" content=\"2025-11-20T09:41:46+00:00\" \/>\n<meta property=\"og:image\" content=\"https:\/\/www.veltec.eu\/wp-content\/uploads\/2025\/05\/Kirby-HandstofzuigerAvalir1oke-scaled.png\" \/>\n\t<meta property=\"og:image:width\" content=\"1920\" \/>\n\t<meta property=\"og:image:height\" content=\"1920\" \/>\n\t<meta property=\"og:image:type\" content=\"image\/png\" \/>\n<meta name=\"twitter:card\" content=\"summary_large_image\" \/>\n<meta name=\"twitter:label1\" content=\"Dur\u00e9e de lecture estim\u00e9e\" \/>\n\t<meta name=\"twitter:data1\" content=\"6 minutes\" \/>\n<script type=\"application\/ld+json\" class=\"yoast-schema-graph\">{\"@context\":\"https:\\\/\\\/schema.org\",\"@graph\":[{\"@type\":\"WebPage\",\"@id\":\"https:\\\/\\\/www.veltec.eu\\\/fr\\\/product\\\/nettoyeur-de-matelas-kirby-avalir\\\/\",\"url\":\"https:\\\/\\\/www.veltec.eu\\\/fr\\\/product\\\/nettoyeur-de-matelas-kirby-avalir\\\/\",\"name\":\"Nettoyeur de matelas Kirby Avalir - Veltec Kirby specialist\",\"isPartOf\":{\"@id\":\"https:\\\/\\\/www.veltec.eu\\\/en\\\/#website\"},\"primaryImageOfPage\":{\"@id\":\"https:\\\/\\\/www.veltec.eu\\\/fr\\\/product\\\/nettoyeur-de-matelas-kirby-avalir\\\/#primaryimage\"},\"image\":{\"@id\":\"https:\\\/\\\/www.veltec.eu\\\/fr\\\/product\\\/nettoyeur-de-matelas-kirby-avalir\\\/#primaryimage\"},\"thumbnailUrl\":\"https:\\\/\\\/www.veltec.eu\\\/wp-content\\\/uploads\\\/2025\\\/05\\\/Kirby-HandstofzuigerAvalir1oke-scaled.png\",\"datePublished\":\"2025-05-23T10:37:34+00:00\",\"dateModified\":\"2025-11-20T09:41:46+00:00\",\"description\":\"Nettoyeur de matelas Kirby Avalir - Vous souhaitez utiliser l'aspirateur Kirby \u00e0 des fins professionnelles. Nettoyeur de matelas.\",\"breadcrumb\":{\"@id\":\"https:\\\/\\\/www.veltec.eu\\\/fr\\\/product\\\/nettoyeur-de-matelas-kirby-avalir\\\/#breadcrumb\"},\"inLanguage\":\"fr-FR\",\"potentialAction\":[{\"@type\":\"ReadAction\",\"target\":[\"https:\\\/\\\/www.veltec.eu\\\/fr\\\/product\\\/nettoyeur-de-matelas-kirby-avalir\\\/\"]}]},{\"@type\":\"ImageObject\",\"inLanguage\":\"fr-FR\",\"@id\":\"https:\\\/\\\/www.veltec.eu\\\/fr\\\/product\\\/nettoyeur-de-matelas-kirby-avalir\\\/#primaryimage\",\"url\":\"https:\\\/\\\/www.veltec.eu\\\/wp-content\\\/uploads\\\/2025\\\/05\\\/Kirby-HandstofzuigerAvalir1oke-scaled.png\",\"contentUrl\":\"https:\\\/\\\/www.veltec.eu\\\/wp-content\\\/uploads\\\/2025\\\/05\\\/Kirby-HandstofzuigerAvalir1oke-scaled.png\",\"width\":1920,\"height\":1920},{\"@type\":\"BreadcrumbList\",\"@id\":\"https:\\\/\\\/www.veltec.eu\\\/fr\\\/product\\\/nettoyeur-de-matelas-kirby-avalir\\\/#breadcrumb\",\"itemListElement\":[{\"@type\":\"ListItem\",\"position\":1,\"name\":\"Home\",\"item\":\"https:\\\/\\\/www.veltec.eu\\\/fr\\\/accueil\\\/\"},{\"@type\":\"ListItem\",\"position\":2,\"name\":\"Boutique Kirby\",\"item\":\"https:\\\/\\\/www.veltec.eu\\\/fr\\\/boutique-kirby\\\/\"},{\"@type\":\"ListItem\",\"position\":3,\"name\":\"Nettoyeur de matelas Kirby Avalir\"}]},{\"@type\":\"WebSite\",\"@id\":\"https:\\\/\\\/www.veltec.eu\\\/en\\\/#website\",\"url\":\"https:\\\/\\\/www.veltec.eu\\\/en\\\/\",\"name\":\"Veltec Kirby specialist\",\"description\":\"Kirby stofzuiger producten\",\"publisher\":{\"@id\":\"https:\\\/\\\/www.veltec.eu\\\/en\\\/#organization\"},\"potentialAction\":[{\"@type\":\"SearchAction\",\"target\":{\"@type\":\"EntryPoint\",\"urlTemplate\":\"https:\\\/\\\/www.veltec.eu\\\/en\\\/?s={search_term_string}\"},\"query-input\":{\"@type\":\"PropertyValueSpecification\",\"valueRequired\":true,\"valueName\":\"search_term_string\"}}],\"inLanguage\":\"fr-FR\"},{\"@type\":\"Organization\",\"@id\":\"https:\\\/\\\/www.veltec.eu\\\/en\\\/#organization\",\"name\":\"Veltec Kirby Specialist\",\"url\":\"https:\\\/\\\/www.veltec.eu\\\/en\\\/\",\"logo\":{\"@type\":\"ImageObject\",\"inLanguage\":\"fr-FR\",\"@id\":\"https:\\\/\\\/www.veltec.eu\\\/en\\\/#\\\/schema\\\/logo\\\/image\\\/\",\"url\":\"https:\\\/\\\/www.veltec.eu\\\/wp-content\\\/uploads\\\/2021\\\/12\\\/Veltec-log-groot-e1537260889125.png\",\"contentUrl\":\"https:\\\/\\\/www.veltec.eu\\\/wp-content\\\/uploads\\\/2021\\\/12\\\/Veltec-log-groot-e1537260889125.png\",\"width\":200,\"height\":60,\"caption\":\"Veltec Kirby Specialist\"},\"image\":{\"@id\":\"https:\\\/\\\/www.veltec.eu\\\/en\\\/#\\\/schema\\\/logo\\\/image\\\/\"},\"sameAs\":[\"https:\\\/\\\/www.facebook.com\\\/Veltec-Kirby-Specialist-236746293374877\\\/\",\"https:\\\/\\\/www.youtube.com\\\/user\\\/VeltecService\"]}]}<\/script>\n<!-- \/ Yoast SEO Premium plugin. -->","yoast_head_json":{"title":"Nettoyeur de matelas Kirby Avalir - Veltec Kirby specialist","description":"Nettoyeur de matelas Kirby Avalir - Vous souhaitez utiliser l'aspirateur Kirby \u00e0 des fins professionnelles. Nettoyeur de matelas.","robots":{"index":"index","follow":"follow","max-snippet":"max-snippet:-1","max-image-preview":"max-image-preview:large","max-video-preview":"max-video-preview:-1"},"canonical":"https:\/\/www.veltec.eu\/fr\/product\/nettoyeur-de-matelas-kirby-avalir\/","og_locale":"fr_FR","og_type":"article","og_title":"Nettoyeur de matelas Kirby Avalir","og_description":"&nbsp;    En stock   Le d\u00e9lai de livraison est de 5 \u00e0 10 jours ouvrables.  &nbsp;","og_url":"https:\/\/www.veltec.eu\/fr\/product\/nettoyeur-de-matelas-kirby-avalir\/","og_site_name":"Veltec Kirby specialist","article_publisher":"https:\/\/www.facebook.com\/Veltec-Kirby-Specialist-236746293374877\/","article_modified_time":"2025-11-20T09:41:46+00:00","og_image":[{"width":1920,"height":1920,"url":"https:\/\/www.veltec.eu\/wp-content\/uploads\/2025\/05\/Kirby-HandstofzuigerAvalir1oke-scaled.png","type":"image\/png"}],"twitter_card":"summary_large_image","twitter_misc":{"Dur\u00e9e de lecture estim\u00e9e":"6 minutes"},"schema":{"@context":"https:\/\/schema.org","@graph":[{"@type":"WebPage","@id":"https:\/\/www.veltec.eu\/fr\/product\/nettoyeur-de-matelas-kirby-avalir\/","url":"https:\/\/www.veltec.eu\/fr\/product\/nettoyeur-de-matelas-kirby-avalir\/","name":"Nettoyeur de matelas Kirby Avalir - Veltec Kirby specialist","isPartOf":{"@id":"https:\/\/www.veltec.eu\/en\/#website"},"primaryImageOfPage":{"@id":"https:\/\/www.veltec.eu\/fr\/product\/nettoyeur-de-matelas-kirby-avalir\/#primaryimage"},"image":{"@id":"https:\/\/www.veltec.eu\/fr\/product\/nettoyeur-de-matelas-kirby-avalir\/#primaryimage"},"thumbnailUrl":"https:\/\/www.veltec.eu\/wp-content\/uploads\/2025\/05\/Kirby-HandstofzuigerAvalir1oke-scaled.png","datePublished":"2025-05-23T10:37:34+00:00","dateModified":"2025-11-20T09:41:46+00:00","description":"Nettoyeur de matelas Kirby Avalir - Vous souhaitez utiliser l'aspirateur Kirby \u00e0 des fins professionnelles. Nettoyeur de matelas.","breadcrumb":{"@id":"https:\/\/www.veltec.eu\/fr\/product\/nettoyeur-de-matelas-kirby-avalir\/#breadcrumb"},"inLanguage":"fr-FR","potentialAction":[{"@type":"ReadAction","target":["https:\/\/www.veltec.eu\/fr\/product\/nettoyeur-de-matelas-kirby-avalir\/"]}]},{"@type":"ImageObject","inLanguage":"fr-FR","@id":"https:\/\/www.veltec.eu\/fr\/product\/nettoyeur-de-matelas-kirby-avalir\/#primaryimage","url":"https:\/\/www.veltec.eu\/wp-content\/uploads\/2025\/05\/Kirby-HandstofzuigerAvalir1oke-scaled.png","contentUrl":"https:\/\/www.veltec.eu\/wp-content\/uploads\/2025\/05\/Kirby-HandstofzuigerAvalir1oke-scaled.png","width":1920,"height":1920},{"@type":"BreadcrumbList","@id":"https:\/\/www.veltec.eu\/fr\/product\/nettoyeur-de-matelas-kirby-avalir\/#breadcrumb","itemListElement":[{"@type":"ListItem","position":1,"name":"Home","item":"https:\/\/www.veltec.eu\/fr\/accueil\/"},{"@type":"ListItem","position":2,"name":"Boutique Kirby","item":"https:\/\/www.veltec.eu\/fr\/boutique-kirby\/"},{"@type":"ListItem","position":3,"name":"Nettoyeur de matelas Kirby Avalir"}]},{"@type":"WebSite","@id":"https:\/\/www.veltec.eu\/en\/#website","url":"https:\/\/www.veltec.eu\/en\/","name":"Veltec Kirby specialist","description":"Kirby stofzuiger producten","publisher":{"@id":"https:\/\/www.veltec.eu\/en\/#organization"},"potentialAction":[{"@type":"SearchAction","target":{"@type":"EntryPoint","urlTemplate":"https:\/\/www.veltec.eu\/en\/?s={search_term_string}"},"query-input":{"@type":"PropertyValueSpecification","valueRequired":true,"valueName":"search_term_string"}}],"inLanguage":"fr-FR"},{"@type":"Organization","@id":"https:\/\/www.veltec.eu\/en\/#organization","name":"Veltec Kirby Specialist","url":"https:\/\/www.veltec.eu\/en\/","logo":{"@type":"ImageObject","inLanguage":"fr-FR","@id":"https:\/\/www.veltec.eu\/en\/#\/schema\/logo\/image\/","url":"https:\/\/www.veltec.eu\/wp-content\/uploads\/2021\/12\/Veltec-log-groot-e1537260889125.png","contentUrl":"https:\/\/www.veltec.eu\/wp-content\/uploads\/2021\/12\/Veltec-log-groot-e1537260889125.png","width":200,"height":60,"caption":"Veltec Kirby Specialist"},"image":{"@id":"https:\/\/www.veltec.eu\/en\/#\/schema\/logo\/image\/"},"sameAs":["https:\/\/www.facebook.com\/Veltec-Kirby-Specialist-236746293374877\/","https:\/\/www.youtube.com\/user\/VeltecService"]}]}},"_links":{"self":[{"href":"https:\/\/www.veltec.eu\/fr\/wp-json\/wp\/v2\/product\/79398","targetHints":{"allow":["GET"]}}],"collection":[{"href":"https:\/\/www.veltec.eu\/fr\/wp-json\/wp\/v2\/product"}],"about":[{"href":"https:\/\/www.veltec.eu\/fr\/wp-json\/wp\/v2\/types\/product"}],"replies":[{"embeddable":true,"href":"https:\/\/www.veltec.eu\/fr\/wp-json\/wp\/v2\/comments?post=79398"}],"wp:featuredmedia":[{"embeddable":true,"href":"https:\/\/www.veltec.eu\/fr\/wp-json\/wp\/v2\/media\/79367"}],"wp:attachment":[{"href":"https:\/\/www.veltec.eu\/fr\/wp-json\/wp\/v2\/media?parent=79398"}],"wp:term":[{"taxonomy":"product_brand","embeddable":true,"href":"https:\/\/www.veltec.eu\/fr\/wp-json\/wp\/v2\/product_brand?post=79398"},{"taxonomy":"product_cat","embeddable":true,"href":"https:\/\/www.veltec.eu\/fr\/wp-json\/wp\/v2\/product_cat?post=79398"},{"taxonomy":"product_tag","embeddable":true,"href":"https:\/\/www.veltec.eu\/fr\/wp-json\/wp\/v2\/product_tag?post=79398"}],"curies":[{"name":"wp","href":"https:\/\/api.w.org\/{rel}","templated":true}]}}