{"id":76089,"date":"2025-03-04T16:06:40","date_gmt":"2025-03-04T14:06:40","guid":{"rendered":"https:\/\/www.veltec.eu\/product\/kirby-avalir-2-systeme-de-nettoyage-multi-sols\/"},"modified":"2026-04-25T09:50:28","modified_gmt":"2026-04-25T07:50:28","slug":"kirby-avalir-2-systeme-de-nettoyage-multi-sols","status":"publish","type":"product","link":"https:\/\/www.veltec.eu\/fr\/product\/kirby-avalir-2-systeme-de-nettoyage-multi-sols\/","title":{"rendered":"Kirby Avalir 2 + Syst\u00e8me de nettoyage multi-sols"},"content":{"rendered":"<h1 data-start=\"309\" data-end=\"587\">Kirby Avalir 2 + Syst\u00e8me de nettoyage multi-sols R\u00e9vis\u00e9 en atelier<\/h1>\n<p data-start=\"309\" data-end=\"587\">Nous pouvons vous offrir ce Kirby Avalir 2 + Syst\u00e8me de nettoyage multi-sols \u00e0 60% en dessous du nouveau prix. Le nouveau prix de ce Kirby est de \u20ac3.000,00.<br data-start=\"538\" data-end=\"541\" \/>Kirby Avalir 2 fabriqu\u00e9 de 2018 \u00e0 aujourd\u2019hui.<\/p>\n<p data-start=\"589\" data-end=\"684\">Nous fournissons ce Kirby Avalir 2 r\u00e9vis\u00e9 en atelier avec 24 mois de garantie compl\u00e8te.<\/p>\n<p data-start=\"686\" data-end=\"901\">Toutes les r\u00e9visions et remises \u00e0 neuf sont effectu\u00e9es dans notre propre atelier Veltec \u2013 Sp\u00e9cialiste Kirby, o\u00f9 chaque appareil est enti\u00e8rement contr\u00f4l\u00e9, nettoy\u00e9, poli et remis en parfait \u00e9tat de fonctionnement.<\/p>\n<h4><strong>Ce Kirby Avalir 2 est livr\u00e9 avec :<\/strong><\/h4>\n<ul>\n<li>Tuyau d&#8217;aspiration (2 mtr.)<\/li>\n<li>2 tubes de rallonge<\/li>\n<li>Buse de battage avec brosse de battage<\/li>\n<li>Sac ext\u00e9rieur brevet\u00e9 Kirby avec longue poign\u00e9e<\/li>\n<li>Sac de rangement pour les pi\u00e8ces d\u00e9tach\u00e9es<\/li>\n<li>Pistolet \u00e0 shampoing<\/li>\n<li>Capuchon moussant pour shampooing<\/li>\n<li>Gobelet de massage<\/li>\n<li>Brosse \u00e0 \u00e9pousseter<\/li>\n<li>Aspirateur de plinthes<\/li>\n<li>R\u00e9gulateur d&#8217;air<\/li>\n<li>Protection de l&#8217;entr\u00e9e d&#8217;air<\/li>\n<li>Poign\u00e9e de levage<\/li>\n<li>2x sacs d&#8217;aspirateur Kirby Micron Magic Plus<\/li>\n<\/ul>\n<h3>Suppl\u00e9mentaires<\/h3>\n<ul>\n<li>Syst\u00e8me de nettoyage multi-sols Kirby<\/li>\n<\/ul>\n<div id=\"attachment_75915\" style=\"width: 310px\" class=\"wp-caption alignnone\"><img decoding=\"async\" aria-describedby=\"caption-attachment-75915\" class=\"wp-image-75915 size-medium\" src=\"https:\/\/www.veltec.eu\/wp-content\/uploads\/2025\/03\/Kirby-caddy-300x300.jpg\" alt=\"Kirby Avalir 2 + Syst\u00e8me de nettoyage multi-sols\" width=\"300\" height=\"300\" srcset=\"https:\/\/www.veltec.eu\/wp-content\/uploads\/2025\/03\/Kirby-caddy-300x300.jpg 300w, https:\/\/www.veltec.eu\/wp-content\/uploads\/2025\/03\/Kirby-caddy-80x80.jpg 80w, https:\/\/www.veltec.eu\/wp-content\/uploads\/2025\/03\/Kirby-caddy-36x36.jpg 36w, https:\/\/www.veltec.eu\/wp-content\/uploads\/2025\/03\/Kirby-caddy-180x180.jpg 180w, https:\/\/www.veltec.eu\/wp-content\/uploads\/2025\/03\/Kirby-caddy-120x120.jpg 120w, https:\/\/www.veltec.eu\/wp-content\/uploads\/2025\/03\/Kirby-caddy-450x450.jpg 450w, https:\/\/www.veltec.eu\/wp-content\/uploads\/2025\/03\/Kirby-caddy-100x100.jpg 100w, https:\/\/www.veltec.eu\/wp-content\/uploads\/2025\/03\/Kirby-caddy-60x60.jpg 60w, https:\/\/www.veltec.eu\/wp-content\/uploads\/2025\/03\/Kirby-caddy-90x90.jpg 90w, https:\/\/www.veltec.eu\/wp-content\/uploads\/2025\/03\/Kirby-caddy.jpg 500w\" sizes=\"(max-width: 300px) 100vw, 300px\" \/><p id=\"caption-attachment-75915\" class=\"wp-caption-text\">Kirby Avalir 2 + Syst\u00e8me de nettoyage multi-sols<\/p><\/div>\n<div id=\"attachment_76074\" style=\"width: 310px\" class=\"wp-caption alignnone\"><img decoding=\"async\" aria-describedby=\"caption-attachment-76074\" class=\"wp-image-76074 size-medium\" src=\"https:\/\/www.veltec.eu\/wp-content\/uploads\/2025\/03\/GRE-image-0_9c90e9f0-7cdb-427c-8895-013ded6e3a30-1-300x173.jpeg\" alt=\"Kirby Avalir 2 + Syst\u00e8me de nettoyage multi-sols\" width=\"300\" height=\"173\" srcset=\"https:\/\/www.veltec.eu\/wp-content\/uploads\/2025\/03\/GRE-image-0_9c90e9f0-7cdb-427c-8895-013ded6e3a30-1-300x173.jpeg 300w, https:\/\/www.veltec.eu\/wp-content\/uploads\/2025\/03\/GRE-image-0_9c90e9f0-7cdb-427c-8895-013ded6e3a30-1-450x259.jpeg 450w, https:\/\/www.veltec.eu\/wp-content\/uploads\/2025\/03\/GRE-image-0_9c90e9f0-7cdb-427c-8895-013ded6e3a30-1-600x345.jpeg 600w, https:\/\/www.veltec.eu\/wp-content\/uploads\/2025\/03\/GRE-image-0_9c90e9f0-7cdb-427c-8895-013ded6e3a30-1-104x60.jpeg 104w, https:\/\/www.veltec.eu\/wp-content\/uploads\/2025\/03\/GRE-image-0_9c90e9f0-7cdb-427c-8895-013ded6e3a30-1-157x90.jpeg 157w, https:\/\/www.veltec.eu\/wp-content\/uploads\/2025\/03\/GRE-image-0_9c90e9f0-7cdb-427c-8895-013ded6e3a30-1.jpeg 640w\" sizes=\"(max-width: 300px) 100vw, 300px\" \/><p id=\"caption-attachment-76074\" class=\"wp-caption-text\">Kirby Avalir 2 + Syst\u00e8me de nettoyage multi-sols<\/p><\/div>\n<p>Vous pouvez \u00e9tendre le Kirby avec des options suppl\u00e9mentaires telles que le <a href=\"https:\/\/www.veltec.eu\/fr\/product\/systeme-de-cirage-kirby-nl3155\/\" target=\"_blank\" rel=\"noopener\">syst\u00e8me de polissage Kirby<\/a>, le<a href=\"https:\/\/www.veltec.eu\/fr\/product\/flexible-d-aspirateur-kirby-4m-nl3168\/\" target=\"_blank\" rel=\"noopener\"> tuyau d&#8217;aspiration Kirby de 4 m\u00e8tres<\/a> ou le <a href=\"https:\/\/www.veltec.eu\/fr\/product\/systeme-de-turbo-accessoires-kirby-nl3126\/\" target=\"_blank\" rel=\"noopener\">syst\u00e8me d&#8217;accessoires Kirby Turbo.<\/a><\/p>\n<p data-start=\"1883\" data-end=\"1962\">Les appareils Kirby sont livr\u00e9s \u00e0 domicile avec une garantie compl\u00e8te de 2 ans.<\/p>\n<p data-start=\"1964\" data-end=\"2042\"><a href=\"https:\/\/www.veltec.eu\/fr\/?page_id=15319\" target=\"_blank\" rel=\"noopener\">Vous trouverez ici tous les aspirateurs Kirby neufs et r\u00e9vis\u00e9s en atelier.<\/a><\/p>\n<p data-start=\"2044\" data-end=\"2091\"><strong>Cet aspirateur Kirby est r\u00e9vis\u00e9 en atelier.<\/strong><\/p>\n<p data-start=\"2044\" data-end=\"2091\"><img decoding=\"async\" class=\"alignright wp-image-85973 size-medium\" src=\"https:\/\/www.veltec.eu\/wp-content\/uploads\/2018\/09\/Kirby-refurbished-1-300x300.png\" alt=\"Kirby Avalir 2 + Syst\u00e8me de nettoyage multi-sols R\u00e9vis\u00e9 en atelier\" width=\"300\" height=\"300\" srcset=\"https:\/\/www.veltec.eu\/wp-content\/uploads\/2018\/09\/Kirby-refurbished-1-300x300.png 300w, https:\/\/www.veltec.eu\/wp-content\/uploads\/2018\/09\/Kirby-refurbished-1-80x80.png 80w, https:\/\/www.veltec.eu\/wp-content\/uploads\/2018\/09\/Kirby-refurbished-1-36x36.png 36w, https:\/\/www.veltec.eu\/wp-content\/uploads\/2018\/09\/Kirby-refurbished-1-180x180.png 180w, https:\/\/www.veltec.eu\/wp-content\/uploads\/2018\/09\/Kirby-refurbished-1-120x120.png 120w, https:\/\/www.veltec.eu\/wp-content\/uploads\/2018\/09\/Kirby-refurbished-1-450x450.png 450w, https:\/\/www.veltec.eu\/wp-content\/uploads\/2018\/09\/Kirby-refurbished-1-600x600.png 600w, https:\/\/www.veltec.eu\/wp-content\/uploads\/2018\/09\/Kirby-refurbished-1-100x100.png 100w, https:\/\/www.veltec.eu\/wp-content\/uploads\/2018\/09\/Kirby-refurbished-1.png 626w\" sizes=\"(max-width: 300px) 100vw, 300px\" \/><\/p>\n<h2 data-start=\"2098\" data-end=\"2137\">Que signifie \u00ab R\u00e9vis\u00e9 en atelier \u00bb ?<\/h2>\n<p data-start=\"2139\" data-end=\"2311\">Un aspirateur Kirby r\u00e9vis\u00e9 en atelier est un appareil d\u2019occasion enti\u00e8rement remis \u00e0 neuf dans notre atelier Veltec \u2013 Sp\u00e9cialiste Kirby.<br data-start=\"2283\" data-end=\"2286\" \/>Ce processus comprend :<\/p>\n<ul data-start=\"2312\" data-end=\"2540\">\n<li data-start=\"2312\" data-end=\"2357\">un nettoyage professionnel en profondeur,<\/li>\n<li data-start=\"2358\" data-end=\"2383\">un polissage complet,<\/li>\n<li data-start=\"2384\" data-end=\"2422\">un entretien m\u00e9canique p\u00e9riodique,<\/li>\n<li data-start=\"2423\" data-end=\"2470\">le remplacement de toutes les pi\u00e8ces us\u00e9es,<\/li>\n<li data-start=\"2471\" data-end=\"2540\">et une s\u00e9rie de tests stricts r\u00e9pondant aux normes d\u2019origine Kirby.<\/li>\n<\/ul>\n<h4 data-start=\"2542\" data-end=\"2750\">Votre avantage ?<\/h4>\n<p data-start=\"2542\" data-end=\"2750\">Seul un mod\u00e8le r\u00e9vis\u00e9 en atelier Veltec b\u00e9n\u00e9ficie d\u2019une garantie compl\u00e8te de deux ans. Vous \u00eates donc assur\u00e9 d\u2019un aspirateur fiable, performant et remis dans un \u00e9tat proche du neuf.<\/p>\n<h2>D\u00e9couvrez la puissance du Kirby Avalir 2 + Syst\u00e8me de nettoyage multi-sols<\/h2>\n<p>L\u2019Avalir 2 n\u2019est pas un simple aspirateur : c\u2019est un syst\u00e8me de nettoyage complet qui rend votre maison impeccablement propre. Gr\u00e2ce \u00e0 sa technologie avanc\u00e9e et sa polyvalence exceptionnelle, le Kirby Avalir 2 s\u2019impose comme la solution id\u00e9ale pour l\u2019entretien de votre foyer.<\/p>\n<h3>Pourquoi choisir le Kirby Avalir 2 + Syst\u00e8me de nettoyage multi-sols ?<\/h3>\n<p>L\u2019Avalir 2 a \u00e9t\u00e9 con\u00e7u pour offrir durabilit\u00e9, puissance et performance. Il combine la force d\u2019un aspirateur traditionnel avec celle d\u2019un nettoyeur en profondeur, cr\u00e9ant ainsi une solution de nettoyage incomparable.<br data-start=\"3409\" data-end=\"3412\" \/>Sa construction robuste et ses mat\u00e9riaux de haute qualit\u00e9 garantissent une longue dur\u00e9e de vie \u2014 un investissement qui vaut r\u00e9ellement la peine.<\/p>\n<p>Vous trouverez ici <a href=\"https:\/\/www.service-aspirateur-kirby.fr\/le-kirby-avalir\/\" target=\"_blank\" rel=\"noopener\">Tout ce que vous devez savoir sur le Kirby Avalir<\/a><\/p>\n<h3>Aspiration puissante et efficacit\u00e9<\/h3>\n<p>L\u2019Avalir 2 est \u00e9quip\u00e9 d\u2019un moteur puissant permettant un nettoyage en profondeur de vos tapis et sols. Sa technologie de filtration avanc\u00e9e capture les particules fines pour un environnement plus sain. De plus, sa puissance r\u00e9glable vous permet de traiter efficacement une grande vari\u00e9t\u00e9 de surfaces, des rideaux d\u00e9licats aux sols durs.<\/p>\n<h3>Syst\u00e8me de nettoyage multi-sols Kirby<\/h3>\n<p>Avec le syst\u00e8me de nettoyage multi-sols, vous disposez d\u2019un v\u00e9ritable nettoyeur de tapis professionnel et d\u2019une machine \u00e0 lustrer polyvalente pour toutes les surfaces.<\/p>\n<h3>Polyvalence du nettoyage<\/h3>\n<p data-start=\"4194\" data-end=\"4268\">L\u2019Avalir 2 se distingue par sa capacit\u00e9 \u00e0 se transformer facilement en:<\/p>\n<ul data-start=\"4269\" data-end=\"4347\">\n<li data-start=\"4269\" data-end=\"4284\">polisseuse,<\/li>\n<li data-start=\"4285\" data-end=\"4324\">nettoyeur de matelas professionnel,<\/li>\n<li data-start=\"4325\" data-end=\"4347\">compresseur d\u2019air.<\/li>\n<\/ul>\n<p data-start=\"4349\" data-end=\"4507\">Un seul appareil suffit pour r\u00e9aliser toutes ces t\u00e2ches, ce qui \u00e9conomise de l\u2019espace tout en rendant votre routine de nettoyage plus rapide et plus efficace.<\/p>\n<h3>Accessoires<\/h3>\n<p data-start=\"4530\" data-end=\"4645\">L\u2019Avalir 2 est livr\u00e9 avec une gamme compl\u00e8te d\u2019accessoires sp\u00e9cialement con\u00e7us pour divers besoins de nettoyage:<\/p>\n<ul data-start=\"4646\" data-end=\"4763\">\n<li data-start=\"4646\" data-end=\"4679\">brosses pour poils d\u2019animaux,<\/li>\n<li data-start=\"4680\" data-end=\"4722\">embouts pour zones difficiles d\u2019acc\u00e8s,<\/li>\n<li data-start=\"4723\" data-end=\"4763\">outils pour surfaces d\u00e9licates, etc.<\/li>\n<\/ul>\n<p data-start=\"4765\" data-end=\"4849\">Ces accessoires permettent un nettoyage approfondi et efficace dans toute la maison.<\/p>\n","protected":false},"excerpt":{"rendered":"<p>Nous vous proposons le Kirby Avalir 2 Basique \u00e0 un prix jusqu\u2019\u00e0 60% plus bas que le prix normal.<br \/>\nLe prix de vente normal se situe maintenant autour de 3.000 euros.<\/p>\n[trustindex data-widget-id=e3bb80b24fa128098b960fc2439]\n<h3><span style=\"color: #008000;\"><br \/>\nEn stock<\/span><\/h3>\n[av_font_icon icon='ue812' font='entypo-fontello' style='' caption='' size='25px' position='left' color='#43ad66' link='' linktarget='' title_attr='' sonar_effect_effect='' sonar_effect_color='' sonar_effect_duration='1' sonar_effect_scale='' sonar_effect_opac='0.5' animation='' id='' custom_class='' template_class='' av_uid='' sc_version='1.0' admin_preview_bg=''][\/av_font_icon]\n<p><span style=\"color: #008000;\">Le d\u00e9lai de livraison est de 5 \u00e0 10 jours ouvrables<\/span><\/p>\n<p>&nbsp;<\/p>\n","protected":false},"featured_media":86068,"comment_status":"open","ping_status":"closed","template":"","meta":{"_acf_changed":false},"product_brand":[],"product_cat":[1252,409,311],"product_tag":[],"class_list":{"0":"post-76089","1":"product","2":"type-product","3":"status-publish","4":"has-post-thumbnail","6":"product_cat-le-nouveau-kirby","7":"product_cat-kirby-aspirateurs-reconditionnes","8":"product_cat-offre","10":"first","11":"instock","12":"sale","13":"taxable","14":"shipping-taxable","15":"purchasable","16":"product-type-simple"},"acf":[],"yoast_head":"<!-- This site is optimized with the Yoast SEO Premium plugin v27.1 (Yoast SEO v27.4) - https:\/\/yoast.com\/product\/yoast-seo-premium-wordpress\/ -->\n<title>Kirby Avalir 2 + Syst\u00e8me de nettoyage multi-sols - Veltec Kirby specialist<\/title>\n<meta name=\"description\" content=\"Kirby Avalir 2 + Syst\u00e8me de nettoyage multi-sols - Veltec est un fournisseur d&#039;aspirateurs Kirby depuis plus de 25 ans. Et c&#039;est votre sp\u00e9cialiste Kirby\" \/>\n<meta name=\"robots\" content=\"index, follow, max-snippet:-1, max-image-preview:large, max-video-preview:-1\" \/>\n<link rel=\"canonical\" href=\"https:\/\/www.veltec.eu\/fr\/product\/kirby-avalir-2-systeme-de-nettoyage-multi-sols\/\" \/>\n<meta property=\"og:locale\" content=\"fr_FR\" \/>\n<meta property=\"og:type\" content=\"article\" \/>\n<meta property=\"og:title\" content=\"Kirby Avalir 2 + Syst\u00e8me de nettoyage multi-sols\" \/>\n<meta property=\"og:description\" content=\"Nous vous proposons le Kirby Avalir 2 Basique \u00e0 un prix jusqu\u2019\u00e0 60% plus bas que le prix normal. Le prix de vente normal se situe maintenant autour de 3.000 euros.    En stock   Le d\u00e9lai de livraison est de 5 \u00e0 10 jours ouvrables  &nbsp;\" \/>\n<meta property=\"og:url\" content=\"https:\/\/www.veltec.eu\/fr\/product\/kirby-avalir-2-systeme-de-nettoyage-multi-sols\/\" \/>\n<meta property=\"og:site_name\" content=\"Veltec Kirby specialist\" \/>\n<meta property=\"article:publisher\" content=\"https:\/\/www.facebook.com\/Veltec-Kirby-Specialist-236746293374877\/\" \/>\n<meta property=\"article:modified_time\" content=\"2026-04-25T07:50:28+00:00\" \/>\n<meta property=\"og:image\" content=\"https:\/\/www.veltec.eu\/wp-content\/uploads\/2025\/03\/Avalir21shampoo.png\" \/>\n\t<meta property=\"og:image:width\" content=\"620\" \/>\n\t<meta property=\"og:image:height\" content=\"620\" \/>\n\t<meta property=\"og:image:type\" content=\"image\/png\" \/>\n<meta name=\"twitter:card\" content=\"summary_large_image\" \/>\n<meta name=\"twitter:label1\" content=\"Dur\u00e9e de lecture estim\u00e9e\" \/>\n\t<meta name=\"twitter:data1\" content=\"4 minutes\" \/>\n<script type=\"application\/ld+json\" class=\"yoast-schema-graph\">{\"@context\":\"https:\\\/\\\/schema.org\",\"@graph\":[{\"@type\":\"WebPage\",\"@id\":\"https:\\\/\\\/www.veltec.eu\\\/fr\\\/product\\\/kirby-avalir-2-systeme-de-nettoyage-multi-sols\\\/\",\"url\":\"https:\\\/\\\/www.veltec.eu\\\/fr\\\/product\\\/kirby-avalir-2-systeme-de-nettoyage-multi-sols\\\/\",\"name\":\"Kirby Avalir 2 + Syst\u00e8me de nettoyage multi-sols - Veltec Kirby specialist\",\"isPartOf\":{\"@id\":\"https:\\\/\\\/www.veltec.eu\\\/en\\\/#website\"},\"primaryImageOfPage\":{\"@id\":\"https:\\\/\\\/www.veltec.eu\\\/fr\\\/product\\\/kirby-avalir-2-systeme-de-nettoyage-multi-sols\\\/#primaryimage\"},\"image\":{\"@id\":\"https:\\\/\\\/www.veltec.eu\\\/fr\\\/product\\\/kirby-avalir-2-systeme-de-nettoyage-multi-sols\\\/#primaryimage\"},\"thumbnailUrl\":\"https:\\\/\\\/www.veltec.eu\\\/wp-content\\\/uploads\\\/2025\\\/03\\\/Avalir21shampoo.png\",\"datePublished\":\"2025-03-04T14:06:40+00:00\",\"dateModified\":\"2026-04-25T07:50:28+00:00\",\"description\":\"Kirby Avalir 2 + Syst\u00e8me de nettoyage multi-sols - Veltec est un fournisseur d'aspirateurs Kirby depuis plus de 25 ans. Et c'est votre sp\u00e9cialiste Kirby\",\"breadcrumb\":{\"@id\":\"https:\\\/\\\/www.veltec.eu\\\/fr\\\/product\\\/kirby-avalir-2-systeme-de-nettoyage-multi-sols\\\/#breadcrumb\"},\"inLanguage\":\"fr-FR\",\"potentialAction\":[{\"@type\":\"ReadAction\",\"target\":[\"https:\\\/\\\/www.veltec.eu\\\/fr\\\/product\\\/kirby-avalir-2-systeme-de-nettoyage-multi-sols\\\/\"]}]},{\"@type\":\"ImageObject\",\"inLanguage\":\"fr-FR\",\"@id\":\"https:\\\/\\\/www.veltec.eu\\\/fr\\\/product\\\/kirby-avalir-2-systeme-de-nettoyage-multi-sols\\\/#primaryimage\",\"url\":\"https:\\\/\\\/www.veltec.eu\\\/wp-content\\\/uploads\\\/2025\\\/03\\\/Avalir21shampoo.png\",\"contentUrl\":\"https:\\\/\\\/www.veltec.eu\\\/wp-content\\\/uploads\\\/2025\\\/03\\\/Avalir21shampoo.png\",\"width\":620,\"height\":620},{\"@type\":\"BreadcrumbList\",\"@id\":\"https:\\\/\\\/www.veltec.eu\\\/fr\\\/product\\\/kirby-avalir-2-systeme-de-nettoyage-multi-sols\\\/#breadcrumb\",\"itemListElement\":[{\"@type\":\"ListItem\",\"position\":1,\"name\":\"Home\",\"item\":\"https:\\\/\\\/www.veltec.eu\\\/fr\\\/\"},{\"@type\":\"ListItem\",\"position\":2,\"name\":\"Kirby Shop\",\"item\":\"https:\\\/\\\/www.veltec.eu\\\/nl\\\/shop-page\\\/\"},{\"@type\":\"ListItem\",\"position\":3,\"name\":\"Kirby Avalir 2 + Syst\u00e8me de nettoyage multi-sols\"}]},{\"@type\":\"WebSite\",\"@id\":\"https:\\\/\\\/www.veltec.eu\\\/en\\\/#website\",\"url\":\"https:\\\/\\\/www.veltec.eu\\\/en\\\/\",\"name\":\"Veltec Kirby specialist\",\"description\":\"Kirby stofzuiger producten\",\"publisher\":{\"@id\":\"https:\\\/\\\/www.veltec.eu\\\/en\\\/#organization\"},\"potentialAction\":[{\"@type\":\"SearchAction\",\"target\":{\"@type\":\"EntryPoint\",\"urlTemplate\":\"https:\\\/\\\/www.veltec.eu\\\/en\\\/?s={search_term_string}\"},\"query-input\":{\"@type\":\"PropertyValueSpecification\",\"valueRequired\":true,\"valueName\":\"search_term_string\"}}],\"inLanguage\":\"fr-FR\"},{\"@type\":\"Organization\",\"@id\":\"https:\\\/\\\/www.veltec.eu\\\/en\\\/#organization\",\"name\":\"Veltec Kirby Specialist\",\"url\":\"https:\\\/\\\/www.veltec.eu\\\/en\\\/\",\"logo\":{\"@type\":\"ImageObject\",\"inLanguage\":\"fr-FR\",\"@id\":\"https:\\\/\\\/www.veltec.eu\\\/en\\\/#\\\/schema\\\/logo\\\/image\\\/\",\"url\":\"https:\\\/\\\/www.veltec.eu\\\/wp-content\\\/uploads\\\/2021\\\/12\\\/Veltec-log-groot-e1537260889125.png\",\"contentUrl\":\"https:\\\/\\\/www.veltec.eu\\\/wp-content\\\/uploads\\\/2021\\\/12\\\/Veltec-log-groot-e1537260889125.png\",\"width\":200,\"height\":60,\"caption\":\"Veltec Kirby Specialist\"},\"image\":{\"@id\":\"https:\\\/\\\/www.veltec.eu\\\/en\\\/#\\\/schema\\\/logo\\\/image\\\/\"},\"sameAs\":[\"https:\\\/\\\/www.facebook.com\\\/Veltec-Kirby-Specialist-236746293374877\\\/\",\"https:\\\/\\\/www.youtube.com\\\/user\\\/VeltecService\"]}]}<\/script>\n<!-- \/ Yoast SEO Premium plugin. -->","yoast_head_json":{"title":"Kirby Avalir 2 + Syst\u00e8me de nettoyage multi-sols - Veltec Kirby specialist","description":"Kirby Avalir 2 + Syst\u00e8me de nettoyage multi-sols - Veltec est un fournisseur d'aspirateurs Kirby depuis plus de 25 ans. Et c'est votre sp\u00e9cialiste Kirby","robots":{"index":"index","follow":"follow","max-snippet":"max-snippet:-1","max-image-preview":"max-image-preview:large","max-video-preview":"max-video-preview:-1"},"canonical":"https:\/\/www.veltec.eu\/fr\/product\/kirby-avalir-2-systeme-de-nettoyage-multi-sols\/","og_locale":"fr_FR","og_type":"article","og_title":"Kirby Avalir 2 + Syst\u00e8me de nettoyage multi-sols","og_description":"Nous vous proposons le Kirby Avalir 2 Basique \u00e0 un prix jusqu\u2019\u00e0 60% plus bas que le prix normal. Le prix de vente normal se situe maintenant autour de 3.000 euros.    En stock   Le d\u00e9lai de livraison est de 5 \u00e0 10 jours ouvrables  &nbsp;","og_url":"https:\/\/www.veltec.eu\/fr\/product\/kirby-avalir-2-systeme-de-nettoyage-multi-sols\/","og_site_name":"Veltec Kirby specialist","article_publisher":"https:\/\/www.facebook.com\/Veltec-Kirby-Specialist-236746293374877\/","article_modified_time":"2026-04-25T07:50:28+00:00","og_image":[{"width":620,"height":620,"url":"https:\/\/www.veltec.eu\/wp-content\/uploads\/2025\/03\/Avalir21shampoo.png","type":"image\/png"}],"twitter_card":"summary_large_image","twitter_misc":{"Dur\u00e9e de lecture estim\u00e9e":"4 minutes"},"schema":{"@context":"https:\/\/schema.org","@graph":[{"@type":"WebPage","@id":"https:\/\/www.veltec.eu\/fr\/product\/kirby-avalir-2-systeme-de-nettoyage-multi-sols\/","url":"https:\/\/www.veltec.eu\/fr\/product\/kirby-avalir-2-systeme-de-nettoyage-multi-sols\/","name":"Kirby Avalir 2 + Syst\u00e8me de nettoyage multi-sols - Veltec Kirby specialist","isPartOf":{"@id":"https:\/\/www.veltec.eu\/en\/#website"},"primaryImageOfPage":{"@id":"https:\/\/www.veltec.eu\/fr\/product\/kirby-avalir-2-systeme-de-nettoyage-multi-sols\/#primaryimage"},"image":{"@id":"https:\/\/www.veltec.eu\/fr\/product\/kirby-avalir-2-systeme-de-nettoyage-multi-sols\/#primaryimage"},"thumbnailUrl":"https:\/\/www.veltec.eu\/wp-content\/uploads\/2025\/03\/Avalir21shampoo.png","datePublished":"2025-03-04T14:06:40+00:00","dateModified":"2026-04-25T07:50:28+00:00","description":"Kirby Avalir 2 + Syst\u00e8me de nettoyage multi-sols - Veltec est un fournisseur d'aspirateurs Kirby depuis plus de 25 ans. Et c'est votre sp\u00e9cialiste Kirby","breadcrumb":{"@id":"https:\/\/www.veltec.eu\/fr\/product\/kirby-avalir-2-systeme-de-nettoyage-multi-sols\/#breadcrumb"},"inLanguage":"fr-FR","potentialAction":[{"@type":"ReadAction","target":["https:\/\/www.veltec.eu\/fr\/product\/kirby-avalir-2-systeme-de-nettoyage-multi-sols\/"]}]},{"@type":"ImageObject","inLanguage":"fr-FR","@id":"https:\/\/www.veltec.eu\/fr\/product\/kirby-avalir-2-systeme-de-nettoyage-multi-sols\/#primaryimage","url":"https:\/\/www.veltec.eu\/wp-content\/uploads\/2025\/03\/Avalir21shampoo.png","contentUrl":"https:\/\/www.veltec.eu\/wp-content\/uploads\/2025\/03\/Avalir21shampoo.png","width":620,"height":620},{"@type":"BreadcrumbList","@id":"https:\/\/www.veltec.eu\/fr\/product\/kirby-avalir-2-systeme-de-nettoyage-multi-sols\/#breadcrumb","itemListElement":[{"@type":"ListItem","position":1,"name":"Home","item":"https:\/\/www.veltec.eu\/fr\/"},{"@type":"ListItem","position":2,"name":"Kirby Shop","item":"https:\/\/www.veltec.eu\/nl\/shop-page\/"},{"@type":"ListItem","position":3,"name":"Kirby Avalir 2 + Syst\u00e8me de nettoyage multi-sols"}]},{"@type":"WebSite","@id":"https:\/\/www.veltec.eu\/en\/#website","url":"https:\/\/www.veltec.eu\/en\/","name":"Veltec Kirby specialist","description":"Kirby stofzuiger producten","publisher":{"@id":"https:\/\/www.veltec.eu\/en\/#organization"},"potentialAction":[{"@type":"SearchAction","target":{"@type":"EntryPoint","urlTemplate":"https:\/\/www.veltec.eu\/en\/?s={search_term_string}"},"query-input":{"@type":"PropertyValueSpecification","valueRequired":true,"valueName":"search_term_string"}}],"inLanguage":"fr-FR"},{"@type":"Organization","@id":"https:\/\/www.veltec.eu\/en\/#organization","name":"Veltec Kirby Specialist","url":"https:\/\/www.veltec.eu\/en\/","logo":{"@type":"ImageObject","inLanguage":"fr-FR","@id":"https:\/\/www.veltec.eu\/en\/#\/schema\/logo\/image\/","url":"https:\/\/www.veltec.eu\/wp-content\/uploads\/2021\/12\/Veltec-log-groot-e1537260889125.png","contentUrl":"https:\/\/www.veltec.eu\/wp-content\/uploads\/2021\/12\/Veltec-log-groot-e1537260889125.png","width":200,"height":60,"caption":"Veltec Kirby Specialist"},"image":{"@id":"https:\/\/www.veltec.eu\/en\/#\/schema\/logo\/image\/"},"sameAs":["https:\/\/www.facebook.com\/Veltec-Kirby-Specialist-236746293374877\/","https:\/\/www.youtube.com\/user\/VeltecService"]}]}},"_links":{"self":[{"href":"https:\/\/www.veltec.eu\/fr\/wp-json\/wp\/v2\/product\/76089","targetHints":{"allow":["GET"]}}],"collection":[{"href":"https:\/\/www.veltec.eu\/fr\/wp-json\/wp\/v2\/product"}],"about":[{"href":"https:\/\/www.veltec.eu\/fr\/wp-json\/wp\/v2\/types\/product"}],"replies":[{"embeddable":true,"href":"https:\/\/www.veltec.eu\/fr\/wp-json\/wp\/v2\/comments?post=76089"}],"wp:featuredmedia":[{"embeddable":true,"href":"https:\/\/www.veltec.eu\/fr\/wp-json\/wp\/v2\/media\/86068"}],"wp:attachment":[{"href":"https:\/\/www.veltec.eu\/fr\/wp-json\/wp\/v2\/media?parent=76089"}],"wp:term":[{"taxonomy":"product_brand","embeddable":true,"href":"https:\/\/www.veltec.eu\/fr\/wp-json\/wp\/v2\/product_brand?post=76089"},{"taxonomy":"product_cat","embeddable":true,"href":"https:\/\/www.veltec.eu\/fr\/wp-json\/wp\/v2\/product_cat?post=76089"},{"taxonomy":"product_tag","embeddable":true,"href":"https:\/\/www.veltec.eu\/fr\/wp-json\/wp\/v2\/product_tag?post=76089"}],"curies":[{"name":"wp","href":"https:\/\/api.w.org\/{rel}","templated":true}]}}