{"id":76052,"date":"2025-03-04T14:07:29","date_gmt":"2025-03-04T12:07:29","guid":{"rendered":"https:\/\/www.veltec.eu\/product\/kirby-avalir-2-turbo-brosse\/"},"modified":"2026-04-30T11:45:16","modified_gmt":"2026-04-30T09:45:16","slug":"kirby-avalir-2-turbo-brosse","status":"publish","type":"product","link":"https:\/\/www.veltec.eu\/fr\/product\/kirby-avalir-2-turbo-brosse\/","title":{"rendered":"Kirby Avalir 2 + Turbo brosse"},"content":{"rendered":"<h1 data-start=\"322\" data-end=\"405\">Kirby Avalir 2 + Turbo Brosse \u2013 R\u00e9vis\u00e9 en atelier par Veltec Kirby Specialist<\/h1>\n<p data-start=\"407\" data-end=\"697\">Nous proposons le Kirby Avalir 2 + Turbo Brosse \u00e0 un prix jusqu\u2019\u00e0 60 % inf\u00e9rieur au prix de vente initial. Le prix de vente recommand\u00e9 pour un Kirby neuf est de 3 000,00 \u20ac, tandis que chez Veltec, vous b\u00e9n\u00e9ficiez d\u2019un prix nettement inf\u00e9rieur avec garantie compl\u00e8te incluse.<\/p>\n<p>Kirby Avalir 2 &#8211; Fabriqu\u00e9 de 2018 \u00e0 aujourd&#8217;hui<\/p>\n<p>Chaque Kirby Avalir 2 r\u00e9vis\u00e9 en atelier est livr\u00e9 avec une garantie compl\u00e8te de 24 mois.<\/p>\n<h4>Ce Kirby Avalir 2 est livr\u00e9 en standard avec :<\/h4>\n<ul>\n<li>Tuyau d&#8217;aspiration (2 m\u00e8tres)<\/li>\n<li>Deux tubes d&#8217;extension<\/li>\n<li>Suceur fouet avec brosse<\/li>\n<li>Sac ext\u00e9rieur Kirby brevet\u00e9 avec longue poign\u00e9e<\/li>\n<li>Sac de rangement pour accessoires<\/li>\n<li>Pistolet \u00e0 shampoing<\/li>\n<li>Capuchon de mousse de shampoing<\/li>\n<li>Gobelet de massage<\/li>\n<li>Brosse \u00e0 poussi\u00e8re<\/li>\n<li>Aspirateur pour plinthes<\/li>\n<li>R\u00e9gulateur d&#8217;air<\/li>\n<li>Capuchon de protection de l&#8217;entr\u00e9e<\/li>\n<li>Poign\u00e9e de levage<\/li>\n<li>Deux sacs d&#8217;aspirateur Kirby (Micron Magic Plus)<\/li>\n<\/ul>\n<h4>Suppl\u00e9ment inclus :<\/h4>\n<ul>\n<li>Brosse Kirby Turbo<\/li>\n<\/ul>\n<div id=\"attachment_82971\" style=\"width: 310px\" class=\"wp-caption alignnone\"><img decoding=\"async\" aria-describedby=\"caption-attachment-82971\" class=\"wp-image-82971 size-medium\" src=\"https:\/\/www.veltec.eu\/wp-content\/uploads\/2020\/07\/Kirby-caddy-300x300.webp\" alt=\"Kirby Avalir 2 + Turbo brosse\" width=\"300\" height=\"300\" srcset=\"https:\/\/www.veltec.eu\/wp-content\/uploads\/2020\/07\/Kirby-caddy-300x300.webp 300w, https:\/\/www.veltec.eu\/wp-content\/uploads\/2020\/07\/Kirby-caddy-80x80.webp 80w, https:\/\/www.veltec.eu\/wp-content\/uploads\/2020\/07\/Kirby-caddy-36x36.webp 36w, https:\/\/www.veltec.eu\/wp-content\/uploads\/2020\/07\/Kirby-caddy-180x180.webp 180w, https:\/\/www.veltec.eu\/wp-content\/uploads\/2020\/07\/Kirby-caddy-120x120.webp 120w, https:\/\/www.veltec.eu\/wp-content\/uploads\/2020\/07\/Kirby-caddy-450x450.webp 450w, https:\/\/www.veltec.eu\/wp-content\/uploads\/2020\/07\/Kirby-caddy-100x100.webp 100w, https:\/\/www.veltec.eu\/wp-content\/uploads\/2020\/07\/Kirby-caddy.webp 500w\" sizes=\"(max-width: 300px) 100vw, 300px\" \/><p id=\"caption-attachment-82971\" class=\"wp-caption-text\">Kirby Avalir 2 + Turbo brosse<\/p><\/div>\n<div id=\"attachment_83197\" style=\"width: 310px\" class=\"wp-caption alignnone\"><img decoding=\"async\" aria-describedby=\"caption-attachment-83197\" class=\"wp-image-83197 size-medium\" src=\"https:\/\/www.veltec.eu\/wp-content\/uploads\/2025\/03\/Kirby-Zipp-brush-300x300.jpeg\" alt=\"Kirby Avalir 2 + Turbo brosse\" width=\"300\" height=\"300\" srcset=\"https:\/\/www.veltec.eu\/wp-content\/uploads\/2025\/03\/Kirby-Zipp-brush-300x300.jpeg 300w, https:\/\/www.veltec.eu\/wp-content\/uploads\/2025\/03\/Kirby-Zipp-brush-80x80.jpeg 80w, https:\/\/www.veltec.eu\/wp-content\/uploads\/2025\/03\/Kirby-Zipp-brush-36x36.jpeg 36w, https:\/\/www.veltec.eu\/wp-content\/uploads\/2025\/03\/Kirby-Zipp-brush-180x180.jpeg 180w, https:\/\/www.veltec.eu\/wp-content\/uploads\/2025\/03\/Kirby-Zipp-brush-120x120.jpeg 120w, https:\/\/www.veltec.eu\/wp-content\/uploads\/2025\/03\/Kirby-Zipp-brush-450x450.jpeg 450w, https:\/\/www.veltec.eu\/wp-content\/uploads\/2025\/03\/Kirby-Zipp-brush-100x100.jpeg 100w, https:\/\/www.veltec.eu\/wp-content\/uploads\/2025\/03\/Kirby-Zipp-brush-60x60.jpeg 60w, https:\/\/www.veltec.eu\/wp-content\/uploads\/2025\/03\/Kirby-Zipp-brush-90x90.jpeg 90w, https:\/\/www.veltec.eu\/wp-content\/uploads\/2025\/03\/Kirby-Zipp-brush.jpeg 600w\" sizes=\"(max-width: 300px) 100vw, 300px\" \/><p id=\"caption-attachment-83197\" class=\"wp-caption-text\">Kirby Avalir 2 + Turbo brosse<\/p><\/div>\n<h3>Extensions optionnelles :<\/h3>\n<p>Vous souhaitez rendre votre Kirby encore plus polyvalent ? Compl\u00e9tez votre syst\u00e8me avec des accessoires suppl\u00e9mentaires, tels que le <a href=\"https:\/\/www.veltec.eu\/fr\/product\/systeme-de-cirage-kirby-nl3155\/\" target=\"_blank\" rel=\"noopener\">syst\u00e8me de polissage Kirby,<\/a> le <a href=\"https:\/\/www.veltec.eu\/fr\/product\/systeme-de-nettoyage-multi-sol-kirby\/\" target=\"_blank\" rel=\"noopener\">Kirby multi syst\u00e8me de nettoyage de sol<\/a>, un <a href=\"https:\/\/www.veltec.eu\/fr\/product\/flexible-d-aspirateur-kirby-4m-nl3168\/\" target=\"_blank\" rel=\"noopener\">tuyau d&#8217;aspiration plus long (4 m\u00e8tres)<\/a> ou le <a href=\"https:\/\/www.veltec.eu\/fr\/product\/systeme-de-turbo-accessoires-kirby-nl3126\/\" target=\"_blank\" rel=\"noopener\">syst\u00e8me d&#8217;accessoires Kirby Turbo.<\/a><\/p>\n<p data-start=\"2150\" data-end=\"2248\">Tous nos appareils Kirby sont livr\u00e9s \u00e0 domicile et b\u00e9n\u00e9ficient d\u2019une garantie de deux ans.<\/p>\n<p data-start=\"2250\" data-end=\"2315\">Vous trouverez ici tous les <a href=\"https:\/\/www.veltec.eu\/fr\/?page_id=15319\" target=\"_blank\" rel=\"noopener\">Kirby neufs et R\u00e9vis\u00e9 en atelier.<\/a><\/p>\n<p data-start=\"2250\" data-end=\"2315\"><img decoding=\"async\" class=\"alignright wp-image-85973 size-medium\" src=\"https:\/\/www.veltec.eu\/wp-content\/uploads\/2018\/09\/Kirby-refurbished-1-300x300.png\" alt=\"Kirby Avalir 2 + Turbo Brosse \u2013 R\u00e9vis\u00e9 en atelier\" width=\"300\" height=\"300\" srcset=\"https:\/\/www.veltec.eu\/wp-content\/uploads\/2018\/09\/Kirby-refurbished-1-300x300.png 300w, https:\/\/www.veltec.eu\/wp-content\/uploads\/2018\/09\/Kirby-refurbished-1-80x80.png 80w, https:\/\/www.veltec.eu\/wp-content\/uploads\/2018\/09\/Kirby-refurbished-1-36x36.png 36w, https:\/\/www.veltec.eu\/wp-content\/uploads\/2018\/09\/Kirby-refurbished-1-180x180.png 180w, https:\/\/www.veltec.eu\/wp-content\/uploads\/2018\/09\/Kirby-refurbished-1-120x120.png 120w, https:\/\/www.veltec.eu\/wp-content\/uploads\/2018\/09\/Kirby-refurbished-1-450x450.png 450w, https:\/\/www.veltec.eu\/wp-content\/uploads\/2018\/09\/Kirby-refurbished-1-600x600.png 600w, https:\/\/www.veltec.eu\/wp-content\/uploads\/2018\/09\/Kirby-refurbished-1-100x100.png 100w, https:\/\/www.veltec.eu\/wp-content\/uploads\/2018\/09\/Kirby-refurbished-1.png 626w\" sizes=\"(max-width: 300px) 100vw, 300px\" \/><\/p>\n<h2 data-start=\"2322\" data-end=\"2364\">Que signifie \u00ab R\u00e9vis\u00e9 en atelier \u00bb ?<\/h2>\n<p data-start=\"2366\" data-end=\"2700\">Un Kirby r\u00e9vis\u00e9 en atelier est un appareil d\u2019occasion enti\u00e8rement contr\u00f4l\u00e9 et remis \u00e0 neuf dans notre propre atelier Veltec Kirby Specialist.<br data-start=\"2515\" data-end=\"2518\" \/>Contrairement \u00e0 une r\u00e9vision en usine, cette op\u00e9ration est r\u00e9alis\u00e9e directement par nos techniciens Kirby sp\u00e9cialis\u00e9s, qui utilisent exclusivement des pi\u00e8ces d\u2019origine Kirby.<\/p>\n<h3 data-start=\"2702\" data-end=\"2756\">Pendant le processus de r\u00e9vision, l\u2019appareil :<\/h3>\n<ul data-start=\"2757\" data-end=\"2926\">\n<li data-start=\"2757\" data-end=\"2784\">est enti\u00e8rement d\u00e9mont\u00e9<\/li>\n<li data-start=\"2785\" data-end=\"2822\">est soigneusement nettoy\u00e9 et poli<\/li>\n<li data-start=\"2823\" data-end=\"2867\">re\u00e7oit de nouvelles pi\u00e8ces si n\u00e9cessaire<\/li>\n<li data-start=\"2868\" data-end=\"2926\">est test\u00e9 selon les normes de qualit\u00e9 Kirby originales<\/li>\n<\/ul>\n<h3 data-start=\"2928\" data-end=\"2946\">R\u00e9sultat :<\/h3>\n<p data-start=\"2947\" data-end=\"3050\">Un Kirby qui fonctionne, performe et a l\u2019apparence d\u2019un appareil neuf, mais \u00e0 une fraction du prix.<\/p>\n<h3 data-start=\"3052\" data-end=\"3076\">Votre avantage :<\/h3>\n<p data-start=\"3077\" data-end=\"3259\">Vous b\u00e9n\u00e9ficiez d\u2019une garantie compl\u00e8te de deux ans sur tout Kirby r\u00e9vis\u00e9 en atelier, garantissant fiabilit\u00e9, puissance et performances exceptionnelles pour de nombreuses ann\u00e9es.<\/p>\n<h2>La puissance du Kirby Avalir 2 + Turbo Brosse<\/h2>\n<p>L\u2019Avalir 2 est bien plus qu\u2019un simple aspirateur \u2013 c\u2019est un syst\u00e8me de nettoyage complet capable de nettoyer tous les types de surfaces dans votre maison avec facilit\u00e9. Gr\u00e2ce \u00e0 ses technologies avanc\u00e9es et \u00e0 sa large gamme de fonctionnalit\u00e9s, l\u2019Avalir 2 offre une exp\u00e9rience de nettoyage exceptionnelle.<\/p>\n<h3>Pourquoi choisir le Kirby Avalir 2 + Turbo-brosse ?<\/h3>\n<p>Cet appareil est con\u00e7u pour la durabilit\u00e9 et la performance maximale. Il combine la puissance d\u2019un aspirateur traditionnel avec des fonctions de nettoyage en profondeur, pour que vos sols et tapis paraissent toujours comme neufs. Sa construction robuste et ses mat\u00e9riaux de haute qualit\u00e9 garantissent une longue dur\u00e9e de vie \u2013 un investissement qui se rentabilise sur le long terme.<\/p>\n<p>Vous trouverez ici\u00a0<a href=\"https:\/\/www.service-aspirateur-kirby.fr\/le-kirby-avalir\/\" target=\"_blank\" rel=\"noopener\">Tout ce que vous devez savoir sur le Kirby Avalir<\/a><\/p>\n<h2>Aspiration puissante et efficacit\u00e9<\/h2>\n<p>Le moteur performant de l\u2019Avalir 2 assure un nettoyage en profondeur des tapis et des sols durs. La technologie avanc\u00e9e de filtration capture m\u00eame les plus fines particules de poussi\u00e8re, offrant un environnement de vie plus propre et plus sain. Gr\u00e2ce \u00e0 l\u2019aspiration r\u00e9glable, vous pouvez nettoyer avec pr\u00e9cision diff\u00e9rents types de surfaces, des rideaux aux parquets.<\/p>\n<h2 data-start=\"4530\" data-end=\"4582\">La brosse Kirby Turbo : un compl\u00e9ment pr\u00e9cieux<\/h2>\n<p data-start=\"4584\" data-end=\"4826\">La t\u00eate de brosse rotative facilite et am\u00e9liore le nettoyage des meubles et tissus d\u2019ameublement. Elle \u00e9limine rapidement la salet\u00e9, la poussi\u00e8re et les poils d\u2019animaux sur les surfaces rembourr\u00e9es et dans les int\u00e9rieurs de voiture.<\/p>\n<h2 data-start=\"4833\" data-end=\"4863\">Polyvalence du nettoyage<\/h2>\n<p data-start=\"4865\" data-end=\"4953\">L\u2019Avalir 2 se distingue par sa multifonctionnalit\u00e9.<br data-start=\"4920\" data-end=\"4923\" \/>Il peut \u00eatre transform\u00e9 en :<\/p>\n<ul data-start=\"4954\" data-end=\"5052\">\n<li data-start=\"4954\" data-end=\"4968\">Polisseuse<\/li>\n<li data-start=\"4969\" data-end=\"4993\">Nettoyeur de matelas<\/li>\n<li data-start=\"4994\" data-end=\"5015\">Compresseur d\u2019air<\/li>\n<li data-start=\"5016\" data-end=\"5052\">Nettoyeur de tapis en profondeur<\/li>\n<\/ul>\n<p data-start=\"5054\" data-end=\"5181\">Avec un seul appareil, vous pouvez r\u00e9aliser une large gamme de t\u00e2ches de nettoyage, efficacement et en gagnant de l\u2019espace.<\/p>\n<h2 data-start=\"5188\" data-end=\"5224\">Ensemble complet d\u2019accessoires<\/h2>\n<p data-start=\"5226\" data-end=\"5547\">L\u2019Avalir 2 est livr\u00e9 avec un ensemble d\u2019accessoires con\u00e7us pour faciliter et acc\u00e9l\u00e9rer le nettoyage. Des brosses sp\u00e9cialis\u00e9es pour les poils d\u2019animaux aux accessoires pour les zones difficiles d\u2019acc\u00e8s, le Kirby Avalir 2 fournit tout ce dont vous avez besoin pour un nettoyage profond et complet de votre maison.<\/p>\n","protected":false},"excerpt":{"rendered":"<p>Nous vous proposons le Kirby Avalir 2 Basique \u00e0 un prix jusqu\u2019\u00e0 60% plus bas que le prix normal.<br \/>\nLe prix de vente normal se situe maintenant autour de 3.000 euros.<\/p>\n[trustindex data-widget-id=e3bb80b24fa128098b960fc2439]\n<h3><span style=\"color: #008000;\"><br \/>\nEn stock<\/span><\/h3>\n[av_font_icon icon='ue812' font='entypo-fontello' style='' caption='' size='25px' position='left' color='#43ad66' link='' linktarget='' title_attr='' sonar_effect_effect='' sonar_effect_color='' sonar_effect_duration='1' sonar_effect_scale='' sonar_effect_opac='0.5' animation='' id='' custom_class='' template_class='' av_uid='' sc_version='1.0' admin_preview_bg=''][\/av_font_icon]\n<p><span style=\"color: #008000;\">Le d\u00e9lai de livraison est de 5 \u00e0 10 jours ouvrables<\/span><\/p>\n<p>&nbsp;<\/p>\n","protected":false},"featured_media":86056,"comment_status":"open","ping_status":"closed","template":"","meta":{"_acf_changed":false},"product_brand":[],"product_cat":[409,1252,311],"product_tag":[],"class_list":{"0":"post-76052","1":"product","2":"type-product","3":"status-publish","4":"has-post-thumbnail","6":"product_cat-kirby-aspirateurs-reconditionnes","7":"product_cat-le-nouveau-kirby","8":"product_cat-offre","10":"first","11":"instock","12":"sale","13":"taxable","14":"shipping-taxable","15":"purchasable","16":"product-type-simple"},"acf":[],"yoast_head":"<!-- This site is optimized with the Yoast SEO Premium plugin v27.1 (Yoast SEO v27.4) - https:\/\/yoast.com\/product\/yoast-seo-premium-wordpress\/ -->\n<title>Kirby Avalir 2 + Turbo brosse - Veltec Kirby specialist<\/title>\n<meta name=\"description\" content=\"Kirby Avalir 2 + Turbo brosse - Veltec est fournisseur d&#039;aspirateurs Kirby depuis plus de 25 ans. Et est votre sp\u00e9cialiste Kirby.\" \/>\n<meta name=\"robots\" content=\"index, follow, max-snippet:-1, max-image-preview:large, max-video-preview:-1\" \/>\n<link rel=\"canonical\" href=\"https:\/\/www.veltec.eu\/fr\/product\/kirby-avalir-2-turbo-brosse\/\" \/>\n<meta property=\"og:locale\" content=\"fr_FR\" \/>\n<meta property=\"og:type\" content=\"article\" \/>\n<meta property=\"og:title\" content=\"Kirby Avalir 2 + Turbo brosse\" \/>\n<meta property=\"og:description\" content=\"Nous vous proposons le Kirby Avalir 2 Basique \u00e0 un prix jusqu\u2019\u00e0 60% plus bas que le prix normal. Le prix de vente normal se situe maintenant autour de 3.000 euros.    En stock   Le d\u00e9lai de livraison est de 5 \u00e0 10 jours ouvrables  &nbsp;\" \/>\n<meta property=\"og:url\" content=\"https:\/\/www.veltec.eu\/fr\/product\/kirby-avalir-2-turbo-brosse\/\" \/>\n<meta property=\"og:site_name\" content=\"Veltec Kirby specialist\" \/>\n<meta property=\"article:publisher\" content=\"https:\/\/www.facebook.com\/Veltec-Kirby-Specialist-236746293374877\/\" \/>\n<meta property=\"article:modified_time\" content=\"2026-04-30T09:45:16+00:00\" \/>\n<meta property=\"og:image\" content=\"https:\/\/www.veltec.eu\/wp-content\/uploads\/2025\/03\/Avalir2Turbo-1.png\" \/>\n\t<meta property=\"og:image:width\" content=\"620\" \/>\n\t<meta property=\"og:image:height\" content=\"620\" \/>\n\t<meta property=\"og:image:type\" content=\"image\/png\" \/>\n<meta name=\"twitter:card\" content=\"summary_large_image\" \/>\n<meta name=\"twitter:label1\" content=\"Dur\u00e9e de lecture estim\u00e9e\" \/>\n\t<meta name=\"twitter:data1\" content=\"5 minutes\" \/>\n<script type=\"application\/ld+json\" class=\"yoast-schema-graph\">{\"@context\":\"https:\\\/\\\/schema.org\",\"@graph\":[{\"@type\":\"WebPage\",\"@id\":\"https:\\\/\\\/www.veltec.eu\\\/fr\\\/product\\\/kirby-avalir-2-turbo-brosse\\\/\",\"url\":\"https:\\\/\\\/www.veltec.eu\\\/fr\\\/product\\\/kirby-avalir-2-turbo-brosse\\\/\",\"name\":\"Kirby Avalir 2 + Turbo brosse - Veltec Kirby specialist\",\"isPartOf\":{\"@id\":\"https:\\\/\\\/www.veltec.eu\\\/en\\\/#website\"},\"primaryImageOfPage\":{\"@id\":\"https:\\\/\\\/www.veltec.eu\\\/fr\\\/product\\\/kirby-avalir-2-turbo-brosse\\\/#primaryimage\"},\"image\":{\"@id\":\"https:\\\/\\\/www.veltec.eu\\\/fr\\\/product\\\/kirby-avalir-2-turbo-brosse\\\/#primaryimage\"},\"thumbnailUrl\":\"https:\\\/\\\/www.veltec.eu\\\/wp-content\\\/uploads\\\/2025\\\/03\\\/Avalir2Turbo-1.png\",\"datePublished\":\"2025-03-04T12:07:29+00:00\",\"dateModified\":\"2026-04-30T09:45:16+00:00\",\"description\":\"Kirby Avalir 2 + Turbo brosse - Veltec est fournisseur d'aspirateurs Kirby depuis plus de 25 ans. Et est votre sp\u00e9cialiste Kirby.\",\"breadcrumb\":{\"@id\":\"https:\\\/\\\/www.veltec.eu\\\/fr\\\/product\\\/kirby-avalir-2-turbo-brosse\\\/#breadcrumb\"},\"inLanguage\":\"fr-FR\",\"potentialAction\":[{\"@type\":\"ReadAction\",\"target\":[\"https:\\\/\\\/www.veltec.eu\\\/fr\\\/product\\\/kirby-avalir-2-turbo-brosse\\\/\"]}]},{\"@type\":\"ImageObject\",\"inLanguage\":\"fr-FR\",\"@id\":\"https:\\\/\\\/www.veltec.eu\\\/fr\\\/product\\\/kirby-avalir-2-turbo-brosse\\\/#primaryimage\",\"url\":\"https:\\\/\\\/www.veltec.eu\\\/wp-content\\\/uploads\\\/2025\\\/03\\\/Avalir2Turbo-1.png\",\"contentUrl\":\"https:\\\/\\\/www.veltec.eu\\\/wp-content\\\/uploads\\\/2025\\\/03\\\/Avalir2Turbo-1.png\",\"width\":620,\"height\":620},{\"@type\":\"BreadcrumbList\",\"@id\":\"https:\\\/\\\/www.veltec.eu\\\/fr\\\/product\\\/kirby-avalir-2-turbo-brosse\\\/#breadcrumb\",\"itemListElement\":[{\"@type\":\"ListItem\",\"position\":1,\"name\":\"Home\",\"item\":\"https:\\\/\\\/www.veltec.eu\\\/fr\\\/\"},{\"@type\":\"ListItem\",\"position\":2,\"name\":\"Kirby Shop\",\"item\":\"https:\\\/\\\/www.veltec.eu\\\/nl\\\/shop-page\\\/\"},{\"@type\":\"ListItem\",\"position\":3,\"name\":\"Kirby Avalir 2 + Turbo brosse\"}]},{\"@type\":\"WebSite\",\"@id\":\"https:\\\/\\\/www.veltec.eu\\\/en\\\/#website\",\"url\":\"https:\\\/\\\/www.veltec.eu\\\/en\\\/\",\"name\":\"Veltec Kirby specialist\",\"description\":\"Kirby stofzuiger producten\",\"publisher\":{\"@id\":\"https:\\\/\\\/www.veltec.eu\\\/en\\\/#organization\"},\"potentialAction\":[{\"@type\":\"SearchAction\",\"target\":{\"@type\":\"EntryPoint\",\"urlTemplate\":\"https:\\\/\\\/www.veltec.eu\\\/en\\\/?s={search_term_string}\"},\"query-input\":{\"@type\":\"PropertyValueSpecification\",\"valueRequired\":true,\"valueName\":\"search_term_string\"}}],\"inLanguage\":\"fr-FR\"},{\"@type\":\"Organization\",\"@id\":\"https:\\\/\\\/www.veltec.eu\\\/en\\\/#organization\",\"name\":\"Veltec Kirby Specialist\",\"url\":\"https:\\\/\\\/www.veltec.eu\\\/en\\\/\",\"logo\":{\"@type\":\"ImageObject\",\"inLanguage\":\"fr-FR\",\"@id\":\"https:\\\/\\\/www.veltec.eu\\\/en\\\/#\\\/schema\\\/logo\\\/image\\\/\",\"url\":\"https:\\\/\\\/www.veltec.eu\\\/wp-content\\\/uploads\\\/2021\\\/12\\\/Veltec-log-groot-e1537260889125.png\",\"contentUrl\":\"https:\\\/\\\/www.veltec.eu\\\/wp-content\\\/uploads\\\/2021\\\/12\\\/Veltec-log-groot-e1537260889125.png\",\"width\":200,\"height\":60,\"caption\":\"Veltec Kirby Specialist\"},\"image\":{\"@id\":\"https:\\\/\\\/www.veltec.eu\\\/en\\\/#\\\/schema\\\/logo\\\/image\\\/\"},\"sameAs\":[\"https:\\\/\\\/www.facebook.com\\\/Veltec-Kirby-Specialist-236746293374877\\\/\",\"https:\\\/\\\/www.youtube.com\\\/user\\\/VeltecService\"]}]}<\/script>\n<!-- \/ Yoast SEO Premium plugin. -->","yoast_head_json":{"title":"Kirby Avalir 2 + Turbo brosse - Veltec Kirby specialist","description":"Kirby Avalir 2 + Turbo brosse - Veltec est fournisseur d'aspirateurs Kirby depuis plus de 25 ans. Et est votre sp\u00e9cialiste Kirby.","robots":{"index":"index","follow":"follow","max-snippet":"max-snippet:-1","max-image-preview":"max-image-preview:large","max-video-preview":"max-video-preview:-1"},"canonical":"https:\/\/www.veltec.eu\/fr\/product\/kirby-avalir-2-turbo-brosse\/","og_locale":"fr_FR","og_type":"article","og_title":"Kirby Avalir 2 + Turbo brosse","og_description":"Nous vous proposons le Kirby Avalir 2 Basique \u00e0 un prix jusqu\u2019\u00e0 60% plus bas que le prix normal. Le prix de vente normal se situe maintenant autour de 3.000 euros.    En stock   Le d\u00e9lai de livraison est de 5 \u00e0 10 jours ouvrables  &nbsp;","og_url":"https:\/\/www.veltec.eu\/fr\/product\/kirby-avalir-2-turbo-brosse\/","og_site_name":"Veltec Kirby specialist","article_publisher":"https:\/\/www.facebook.com\/Veltec-Kirby-Specialist-236746293374877\/","article_modified_time":"2026-04-30T09:45:16+00:00","og_image":[{"width":620,"height":620,"url":"https:\/\/www.veltec.eu\/wp-content\/uploads\/2025\/03\/Avalir2Turbo-1.png","type":"image\/png"}],"twitter_card":"summary_large_image","twitter_misc":{"Dur\u00e9e de lecture estim\u00e9e":"5 minutes"},"schema":{"@context":"https:\/\/schema.org","@graph":[{"@type":"WebPage","@id":"https:\/\/www.veltec.eu\/fr\/product\/kirby-avalir-2-turbo-brosse\/","url":"https:\/\/www.veltec.eu\/fr\/product\/kirby-avalir-2-turbo-brosse\/","name":"Kirby Avalir 2 + Turbo brosse - Veltec Kirby specialist","isPartOf":{"@id":"https:\/\/www.veltec.eu\/en\/#website"},"primaryImageOfPage":{"@id":"https:\/\/www.veltec.eu\/fr\/product\/kirby-avalir-2-turbo-brosse\/#primaryimage"},"image":{"@id":"https:\/\/www.veltec.eu\/fr\/product\/kirby-avalir-2-turbo-brosse\/#primaryimage"},"thumbnailUrl":"https:\/\/www.veltec.eu\/wp-content\/uploads\/2025\/03\/Avalir2Turbo-1.png","datePublished":"2025-03-04T12:07:29+00:00","dateModified":"2026-04-30T09:45:16+00:00","description":"Kirby Avalir 2 + Turbo brosse - Veltec est fournisseur d'aspirateurs Kirby depuis plus de 25 ans. Et est votre sp\u00e9cialiste Kirby.","breadcrumb":{"@id":"https:\/\/www.veltec.eu\/fr\/product\/kirby-avalir-2-turbo-brosse\/#breadcrumb"},"inLanguage":"fr-FR","potentialAction":[{"@type":"ReadAction","target":["https:\/\/www.veltec.eu\/fr\/product\/kirby-avalir-2-turbo-brosse\/"]}]},{"@type":"ImageObject","inLanguage":"fr-FR","@id":"https:\/\/www.veltec.eu\/fr\/product\/kirby-avalir-2-turbo-brosse\/#primaryimage","url":"https:\/\/www.veltec.eu\/wp-content\/uploads\/2025\/03\/Avalir2Turbo-1.png","contentUrl":"https:\/\/www.veltec.eu\/wp-content\/uploads\/2025\/03\/Avalir2Turbo-1.png","width":620,"height":620},{"@type":"BreadcrumbList","@id":"https:\/\/www.veltec.eu\/fr\/product\/kirby-avalir-2-turbo-brosse\/#breadcrumb","itemListElement":[{"@type":"ListItem","position":1,"name":"Home","item":"https:\/\/www.veltec.eu\/fr\/"},{"@type":"ListItem","position":2,"name":"Kirby Shop","item":"https:\/\/www.veltec.eu\/nl\/shop-page\/"},{"@type":"ListItem","position":3,"name":"Kirby Avalir 2 + Turbo brosse"}]},{"@type":"WebSite","@id":"https:\/\/www.veltec.eu\/en\/#website","url":"https:\/\/www.veltec.eu\/en\/","name":"Veltec Kirby specialist","description":"Kirby stofzuiger producten","publisher":{"@id":"https:\/\/www.veltec.eu\/en\/#organization"},"potentialAction":[{"@type":"SearchAction","target":{"@type":"EntryPoint","urlTemplate":"https:\/\/www.veltec.eu\/en\/?s={search_term_string}"},"query-input":{"@type":"PropertyValueSpecification","valueRequired":true,"valueName":"search_term_string"}}],"inLanguage":"fr-FR"},{"@type":"Organization","@id":"https:\/\/www.veltec.eu\/en\/#organization","name":"Veltec Kirby Specialist","url":"https:\/\/www.veltec.eu\/en\/","logo":{"@type":"ImageObject","inLanguage":"fr-FR","@id":"https:\/\/www.veltec.eu\/en\/#\/schema\/logo\/image\/","url":"https:\/\/www.veltec.eu\/wp-content\/uploads\/2021\/12\/Veltec-log-groot-e1537260889125.png","contentUrl":"https:\/\/www.veltec.eu\/wp-content\/uploads\/2021\/12\/Veltec-log-groot-e1537260889125.png","width":200,"height":60,"caption":"Veltec Kirby Specialist"},"image":{"@id":"https:\/\/www.veltec.eu\/en\/#\/schema\/logo\/image\/"},"sameAs":["https:\/\/www.facebook.com\/Veltec-Kirby-Specialist-236746293374877\/","https:\/\/www.youtube.com\/user\/VeltecService"]}]}},"_links":{"self":[{"href":"https:\/\/www.veltec.eu\/fr\/wp-json\/wp\/v2\/product\/76052","targetHints":{"allow":["GET"]}}],"collection":[{"href":"https:\/\/www.veltec.eu\/fr\/wp-json\/wp\/v2\/product"}],"about":[{"href":"https:\/\/www.veltec.eu\/fr\/wp-json\/wp\/v2\/types\/product"}],"replies":[{"embeddable":true,"href":"https:\/\/www.veltec.eu\/fr\/wp-json\/wp\/v2\/comments?post=76052"}],"wp:featuredmedia":[{"embeddable":true,"href":"https:\/\/www.veltec.eu\/fr\/wp-json\/wp\/v2\/media\/86056"}],"wp:attachment":[{"href":"https:\/\/www.veltec.eu\/fr\/wp-json\/wp\/v2\/media?parent=76052"}],"wp:term":[{"taxonomy":"product_brand","embeddable":true,"href":"https:\/\/www.veltec.eu\/fr\/wp-json\/wp\/v2\/product_brand?post=76052"},{"taxonomy":"product_cat","embeddable":true,"href":"https:\/\/www.veltec.eu\/fr\/wp-json\/wp\/v2\/product_cat?post=76052"},{"taxonomy":"product_tag","embeddable":true,"href":"https:\/\/www.veltec.eu\/fr\/wp-json\/wp\/v2\/product_tag?post=76052"}],"curies":[{"name":"wp","href":"https:\/\/api.w.org\/{rel}","templated":true}]}}