{"id":74439,"date":"2025-02-18T12:00:42","date_gmt":"2025-02-18T10:00:42","guid":{"rendered":"https:\/\/www.veltec.eu\/product\/conga-9590-ultra-power-home\/"},"modified":"2025-06-11T14:02:21","modified_gmt":"2025-06-11T12:02:21","slug":"robot-aspirateur-9590-ultra-power","status":"publish","type":"product","link":"https:\/\/www.veltec.eu\/fr\/product\/robot-aspirateur-9590-ultra-power\/","title":{"rendered":"Robot aspirateur 9590 Ultra power"},"content":{"rendered":"<h1>Robot aspirateur 9590 Ultra power<\/h1>\n<p>Robot aspirateur 9590 Ultra power avec navigation laser.<\/p>\n<p>Passez de la puissance \u00e0 l&#8217;ultra-puissance avec 10 000 Pa, une aspiration extr\u00eame qui balaie sans effort la salet\u00e9, m\u00eame celle que vous ne pouvez pas voir.<\/p>\n<h2>Robot aspirateur 9590 Ultra power &#8211; Le robot aspirateur ultime avec navigation laser<\/h2>\n<p>C&#8217;est l&#8217;aspirateur robot pour ceux qui recherchent une solution de nettoyage efficace, puissante et intelligente. Gr\u00e2ce \u00e0 la navigation laser avanc\u00e9e et \u00e0 la reconnaissance intelligente des objets, ce robot nettoie sans effort n&#8217;importe quelle pi\u00e8ce sans rencontrer d&#8217;obstacles. Avec sa fonctionnalit\u00e9 4 en 1 &#8211; balayer, aspirer, laver et frotter &#8211; le Robot aspirateur 9590 assure un nettoyage en profondeur de votre maison tout en vous faisant gagner du temps.<\/p>\n<p><a href=\"\/nl?product_cat=aspirateurs-robotises\">D\u00e9couvrez tous les aspirateurs robots ici<\/a><\/p>\n<h3>Navigation laser intelligente et d\u00e9tection des objets<\/h3>\n<p>Cet aspirateur robot est \u00e9quip\u00e9 d&#8217;un syst\u00e8me de navigation laser qui lui permet de cartographier votre maison avec efficacit\u00e9 et pr\u00e9cision. Il planifie ainsi l&#8217;itin\u00e9raire de nettoyage le plus efficace et \u00e9vite les collisions avec les meubles et autres obstacles. Gr\u00e2ce \u00e0 des capteurs avanc\u00e9s, le robot reconna\u00eet les petits objets et ajuste son parcours pour \u00e9viter tout dommage. Cet aspirateur est donc id\u00e9al pour les m\u00e9nages tr\u00e8s occup\u00e9s et les maisons avec des animaux de compagnie.<\/p>\n<h3>Une puissante aspiration de 10 000 Pa pour un nettoyage maximal<\/h3>\n<p>Avec une puissance d&#8217;aspiration impressionnante de 10 000 Pa, le Robot aspirateur 9590 \u00e9limine sans effort la poussi\u00e8re, la salet\u00e9 et les poils d&#8217;animaux sur tous les types de sols. La brosse en silicone, sp\u00e9cialement con\u00e7ue pour les poils d&#8217;animaux, \u00e9vite les enchev\u00eatrements et assure un nettoyage en profondeur. Gr\u00e2ce \u00e0 la brosse lat\u00e9rale, il atteint sans effort les coins et les bords, sans laisser de traces.<\/p>\n<h3>Syst\u00e8me de nettoyage 4 en 1 : balayer, aspirer, laver et r\u00e9curer<\/h3>\n<p>Cet aspirateur robot n&#8217;est pas un simple aspirateur : il offre une exp\u00e9rience de nettoyage compl\u00e8te. Gr\u00e2ce au nettoyage professionnel avec des balais rotatifs, il nettoie efficacement les salet\u00e9s et les taches tenaces. De plus, le Robot aspirateur 9590 dispose de quatre niveaux de puissance d&#8217;aspiration et de r\u00e9curage, ce qui vous permet d&#8217;ajuster les r\u00e9glages en fonction des besoins sp\u00e9cifiques de votre sol.<\/p>\n<h3>Jusqu&#8217;\u00e0 240 minutes d&#8217;autonomie pour les longues s\u00e9ances de nettoyage<\/h3>\n<p>Gr\u00e2ce \u00e0 sa puissante batterie, le Robot aspirateur 9590 offre jusqu&#8217;\u00e0 240 minutes d&#8217;autonomie. Il est donc parfait pour les grandes maisons. Lorsque la batterie est d\u00e9charg\u00e9e, l&#8217;appareil retourne automatiquement \u00e0 la station de charge et reprend le nettoyage l\u00e0 o\u00f9 il l&#8217;avait laiss\u00e9.<\/p>\n<h3>Robot aspirateur 9590 Ultra power avec une utilisation facile via l&#8217;APP Cecotec et les assistants virtuels<\/h3>\n<p>L&#8217;utilisation du Robot aspirateur 9590 Ultra power est simple et intuitive gr\u00e2ce \u00e0 l&#8217;application Cecotec APP. Gr\u00e2ce \u00e0 l&#8217;application, vous pouvez d\u00e9finir des itin\u00e9raires de nettoyage, ajuster les modes de nettoyage et suivre les progr\u00e8s r\u00e9alis\u00e9s. De plus, ce robot est compatible avec les assistants virtuels tels que Google Assistant et Amazon Alexa, ce qui vous permet de le contr\u00f4ler \u00e0 l&#8217;aide de commandes vocales.<\/p>\n<h3>Pourquoi choisir le Robot aspirateur 9590 Ultra power ?<\/h3>\n<ul>\n<li>Navigation laser intelligente pour un nettoyage efficace<\/li>\n<li>Puissance d&#8217;aspiration de 10 000 Pa pour un nettoyage en profondeur<\/li>\n<li>Fonctionnalit\u00e9 4 en 1 : balayer, aspirer, passer la serpilli\u00e8re et frotter<\/li>\n<li>Brossage professionnel avec des balais rotatifs pour les salet\u00e9s tenaces<\/li>\n<li>Brosse en silicone, id\u00e9ale pour les poils d&#8217;animaux<\/li>\n<li>Jusqu&#8217;\u00e0 240 minutes d&#8217;autonomie pour les longues s\u00e9ances de nettoyage<\/li>\n<li>Utilisation facile gr\u00e2ce \u00e0 l&#8217;application Cecotec et \u00e0 la commande vocale<\/li>\n<\/ul>\n<p>Le Robot aspirateur 9590 Ultra power est le choix id\u00e9al pour tous ceux qui recherchent une solution de nettoyage puissante, efficace et intelligente. Commandez-le d\u00e8s aujourd&#8217;hui et d\u00e9couvrez la commodit\u00e9 d&#8217;un nettoyage enti\u00e8rement automatis\u00e9 !<\/p>\n","protected":false},"excerpt":{"rendered":"<p>Robot aspirateur avec navigation laser.<\/p>\n<h3><span style=\"color: #008000;\">En stock<\/span><\/h3>\n[av_font_icon icon='ue812' font='entypo-fontello' style='' caption='' size='25px' position='left' color='#43ad66' link='' linktarget='' title_attr='' sonar_effect_effect='' sonar_effect_color='' sonar_effect_duration='1' sonar_effect_scale='' sonar_effect_opac='0.5' animation='' id='' custom_class='' template_class='' av_uid='' sc_version='1.0' admin_preview_bg=''][\/av_font_icon]\n<p><span style=\"color: #008000;\">Le d\u00e9lai de livraison est de 5 \u00e0 10 jours ouvrables<\/span><\/p>\n[av_font_icon icon='ue812' font='entypo-fontello' style='' caption='' size='25px' position='left' color='#43ad66' link='' linktarget='' title_attr='' sonar_effect_effect='' sonar_effect_color='' sonar_effect_duration='1' sonar_effect_scale='' sonar_effect_opac='0.5' animation='' id='' custom_class='' template_class='' av_uid='' sc_version='1.0' admin_preview_bg=''][\/av_font_icon]\n<p><span style=\"color: #008000;\">Garantie de 2 ans<\/span><\/p>\n<p>&nbsp;<\/p>\n","protected":false},"featured_media":74337,"comment_status":"open","ping_status":"closed","template":"","meta":{"_acf_changed":false},"product_brand":[],"product_cat":[26],"product_tag":[],"class_list":{"0":"post-74439","1":"product","2":"type-product","3":"status-publish","4":"has-post-thumbnail","6":"product_cat-overige-producten","8":"first","9":"outofstock","10":"sale","11":"taxable","12":"shipping-taxable","13":"purchasable","14":"product-type-simple"},"acf":[],"yoast_head":"<!-- This site is optimized with the Yoast SEO Premium plugin v27.1 (Yoast SEO v27.4) - https:\/\/yoast.com\/product\/yoast-seo-premium-wordpress\/ -->\n<title>Robot aspirateur 9590 Ultra power - Veltec Kirby specialist<\/title>\n<meta name=\"description\" content=\"Robot aspirateur 9590 Ultra power - Veltec fournit des aspirateurs Kirby depuis plus de 25 ans. C&#039;est votre sp\u00e9cialiste du service Kirby.\" \/>\n<meta name=\"robots\" content=\"index, follow, max-snippet:-1, max-image-preview:large, max-video-preview:-1\" \/>\n<link rel=\"canonical\" href=\"https:\/\/www.veltec.eu\/fr\/product\/robot-aspirateur-9590-ultra-power\/\" \/>\n<meta property=\"og:locale\" content=\"fr_FR\" \/>\n<meta property=\"og:type\" content=\"article\" \/>\n<meta property=\"og:title\" content=\"Robot aspirateur 9590 Ultra power\" \/>\n<meta property=\"og:description\" content=\"Robot aspirateur avec navigation laser. En stock   Le d\u00e9lai de livraison est de 5 \u00e0 10 jours ouvrables    Garantie de 2 ans  &nbsp;\" \/>\n<meta property=\"og:url\" content=\"https:\/\/www.veltec.eu\/fr\/product\/robot-aspirateur-9590-ultra-power\/\" \/>\n<meta property=\"og:site_name\" content=\"Veltec Kirby specialist\" \/>\n<meta property=\"article:publisher\" content=\"https:\/\/www.facebook.com\/Veltec-Kirby-Specialist-236746293374877\/\" \/>\n<meta property=\"article:modified_time\" content=\"2025-06-11T12:02:21+00:00\" \/>\n<meta property=\"og:image\" content=\"https:\/\/www.veltec.eu\/wp-content\/uploads\/2025\/02\/conga-9590-spin-revolution-ultra-power-home_v5ogex_1.png\" \/>\n\t<meta property=\"og:image:width\" content=\"640\" \/>\n\t<meta property=\"og:image:height\" content=\"640\" \/>\n\t<meta property=\"og:image:type\" content=\"image\/png\" \/>\n<meta name=\"twitter:card\" content=\"summary_large_image\" \/>\n<meta name=\"twitter:label1\" content=\"Dur\u00e9e de lecture estim\u00e9e\" \/>\n\t<meta name=\"twitter:data1\" content=\"4 minutes\" \/>\n<script type=\"application\/ld+json\" class=\"yoast-schema-graph\">{\"@context\":\"https:\\\/\\\/schema.org\",\"@graph\":[{\"@type\":\"WebPage\",\"@id\":\"https:\\\/\\\/www.veltec.eu\\\/fr\\\/product\\\/robot-aspirateur-9590-ultra-power\\\/\",\"url\":\"https:\\\/\\\/www.veltec.eu\\\/fr\\\/product\\\/robot-aspirateur-9590-ultra-power\\\/\",\"name\":\"Robot aspirateur 9590 Ultra power - Veltec Kirby specialist\",\"isPartOf\":{\"@id\":\"https:\\\/\\\/www.veltec.eu\\\/en\\\/#website\"},\"primaryImageOfPage\":{\"@id\":\"https:\\\/\\\/www.veltec.eu\\\/fr\\\/product\\\/robot-aspirateur-9590-ultra-power\\\/#primaryimage\"},\"image\":{\"@id\":\"https:\\\/\\\/www.veltec.eu\\\/fr\\\/product\\\/robot-aspirateur-9590-ultra-power\\\/#primaryimage\"},\"thumbnailUrl\":\"https:\\\/\\\/www.veltec.eu\\\/wp-content\\\/uploads\\\/2025\\\/02\\\/conga-9590-spin-revolution-ultra-power-home_v5ogex_1.png\",\"datePublished\":\"2025-02-18T10:00:42+00:00\",\"dateModified\":\"2025-06-11T12:02:21+00:00\",\"description\":\"Robot aspirateur 9590 Ultra power - Veltec fournit des aspirateurs Kirby depuis plus de 25 ans. C'est votre sp\u00e9cialiste du service Kirby.\",\"breadcrumb\":{\"@id\":\"https:\\\/\\\/www.veltec.eu\\\/fr\\\/product\\\/robot-aspirateur-9590-ultra-power\\\/#breadcrumb\"},\"inLanguage\":\"fr-FR\",\"potentialAction\":[{\"@type\":\"ReadAction\",\"target\":[\"https:\\\/\\\/www.veltec.eu\\\/fr\\\/product\\\/robot-aspirateur-9590-ultra-power\\\/\"]}]},{\"@type\":\"ImageObject\",\"inLanguage\":\"fr-FR\",\"@id\":\"https:\\\/\\\/www.veltec.eu\\\/fr\\\/product\\\/robot-aspirateur-9590-ultra-power\\\/#primaryimage\",\"url\":\"https:\\\/\\\/www.veltec.eu\\\/wp-content\\\/uploads\\\/2025\\\/02\\\/conga-9590-spin-revolution-ultra-power-home_v5ogex_1.png\",\"contentUrl\":\"https:\\\/\\\/www.veltec.eu\\\/wp-content\\\/uploads\\\/2025\\\/02\\\/conga-9590-spin-revolution-ultra-power-home_v5ogex_1.png\",\"width\":640,\"height\":640},{\"@type\":\"BreadcrumbList\",\"@id\":\"https:\\\/\\\/www.veltec.eu\\\/fr\\\/product\\\/robot-aspirateur-9590-ultra-power\\\/#breadcrumb\",\"itemListElement\":[{\"@type\":\"ListItem\",\"position\":1,\"name\":\"Home\",\"item\":\"https:\\\/\\\/www.veltec.eu\\\/fr\\\/\"},{\"@type\":\"ListItem\",\"position\":2,\"name\":\"Kirby Shop\",\"item\":\"https:\\\/\\\/www.veltec.eu\\\/nl\\\/shop-page\\\/\"},{\"@type\":\"ListItem\",\"position\":3,\"name\":\"Robot aspirateur 9590 Ultra power\"}]},{\"@type\":\"WebSite\",\"@id\":\"https:\\\/\\\/www.veltec.eu\\\/en\\\/#website\",\"url\":\"https:\\\/\\\/www.veltec.eu\\\/en\\\/\",\"name\":\"Veltec Kirby specialist\",\"description\":\"Kirby stofzuiger producten\",\"publisher\":{\"@id\":\"https:\\\/\\\/www.veltec.eu\\\/en\\\/#organization\"},\"potentialAction\":[{\"@type\":\"SearchAction\",\"target\":{\"@type\":\"EntryPoint\",\"urlTemplate\":\"https:\\\/\\\/www.veltec.eu\\\/en\\\/?s={search_term_string}\"},\"query-input\":{\"@type\":\"PropertyValueSpecification\",\"valueRequired\":true,\"valueName\":\"search_term_string\"}}],\"inLanguage\":\"fr-FR\"},{\"@type\":\"Organization\",\"@id\":\"https:\\\/\\\/www.veltec.eu\\\/en\\\/#organization\",\"name\":\"Veltec Kirby Specialist\",\"url\":\"https:\\\/\\\/www.veltec.eu\\\/en\\\/\",\"logo\":{\"@type\":\"ImageObject\",\"inLanguage\":\"fr-FR\",\"@id\":\"https:\\\/\\\/www.veltec.eu\\\/en\\\/#\\\/schema\\\/logo\\\/image\\\/\",\"url\":\"https:\\\/\\\/www.veltec.eu\\\/wp-content\\\/uploads\\\/2021\\\/12\\\/Veltec-log-groot-e1537260889125.png\",\"contentUrl\":\"https:\\\/\\\/www.veltec.eu\\\/wp-content\\\/uploads\\\/2021\\\/12\\\/Veltec-log-groot-e1537260889125.png\",\"width\":200,\"height\":60,\"caption\":\"Veltec Kirby Specialist\"},\"image\":{\"@id\":\"https:\\\/\\\/www.veltec.eu\\\/en\\\/#\\\/schema\\\/logo\\\/image\\\/\"},\"sameAs\":[\"https:\\\/\\\/www.facebook.com\\\/Veltec-Kirby-Specialist-236746293374877\\\/\",\"https:\\\/\\\/www.youtube.com\\\/user\\\/VeltecService\"]}]}<\/script>\n<!-- \/ Yoast SEO Premium plugin. -->","yoast_head_json":{"title":"Robot aspirateur 9590 Ultra power - Veltec Kirby specialist","description":"Robot aspirateur 9590 Ultra power - Veltec fournit des aspirateurs Kirby depuis plus de 25 ans. C'est votre sp\u00e9cialiste du service Kirby.","robots":{"index":"index","follow":"follow","max-snippet":"max-snippet:-1","max-image-preview":"max-image-preview:large","max-video-preview":"max-video-preview:-1"},"canonical":"https:\/\/www.veltec.eu\/fr\/product\/robot-aspirateur-9590-ultra-power\/","og_locale":"fr_FR","og_type":"article","og_title":"Robot aspirateur 9590 Ultra power","og_description":"Robot aspirateur avec navigation laser. En stock   Le d\u00e9lai de livraison est de 5 \u00e0 10 jours ouvrables    Garantie de 2 ans  &nbsp;","og_url":"https:\/\/www.veltec.eu\/fr\/product\/robot-aspirateur-9590-ultra-power\/","og_site_name":"Veltec Kirby specialist","article_publisher":"https:\/\/www.facebook.com\/Veltec-Kirby-Specialist-236746293374877\/","article_modified_time":"2025-06-11T12:02:21+00:00","og_image":[{"width":640,"height":640,"url":"https:\/\/www.veltec.eu\/wp-content\/uploads\/2025\/02\/conga-9590-spin-revolution-ultra-power-home_v5ogex_1.png","type":"image\/png"}],"twitter_card":"summary_large_image","twitter_misc":{"Dur\u00e9e de lecture estim\u00e9e":"4 minutes"},"schema":{"@context":"https:\/\/schema.org","@graph":[{"@type":"WebPage","@id":"https:\/\/www.veltec.eu\/fr\/product\/robot-aspirateur-9590-ultra-power\/","url":"https:\/\/www.veltec.eu\/fr\/product\/robot-aspirateur-9590-ultra-power\/","name":"Robot aspirateur 9590 Ultra power - Veltec Kirby specialist","isPartOf":{"@id":"https:\/\/www.veltec.eu\/en\/#website"},"primaryImageOfPage":{"@id":"https:\/\/www.veltec.eu\/fr\/product\/robot-aspirateur-9590-ultra-power\/#primaryimage"},"image":{"@id":"https:\/\/www.veltec.eu\/fr\/product\/robot-aspirateur-9590-ultra-power\/#primaryimage"},"thumbnailUrl":"https:\/\/www.veltec.eu\/wp-content\/uploads\/2025\/02\/conga-9590-spin-revolution-ultra-power-home_v5ogex_1.png","datePublished":"2025-02-18T10:00:42+00:00","dateModified":"2025-06-11T12:02:21+00:00","description":"Robot aspirateur 9590 Ultra power - Veltec fournit des aspirateurs Kirby depuis plus de 25 ans. C'est votre sp\u00e9cialiste du service Kirby.","breadcrumb":{"@id":"https:\/\/www.veltec.eu\/fr\/product\/robot-aspirateur-9590-ultra-power\/#breadcrumb"},"inLanguage":"fr-FR","potentialAction":[{"@type":"ReadAction","target":["https:\/\/www.veltec.eu\/fr\/product\/robot-aspirateur-9590-ultra-power\/"]}]},{"@type":"ImageObject","inLanguage":"fr-FR","@id":"https:\/\/www.veltec.eu\/fr\/product\/robot-aspirateur-9590-ultra-power\/#primaryimage","url":"https:\/\/www.veltec.eu\/wp-content\/uploads\/2025\/02\/conga-9590-spin-revolution-ultra-power-home_v5ogex_1.png","contentUrl":"https:\/\/www.veltec.eu\/wp-content\/uploads\/2025\/02\/conga-9590-spin-revolution-ultra-power-home_v5ogex_1.png","width":640,"height":640},{"@type":"BreadcrumbList","@id":"https:\/\/www.veltec.eu\/fr\/product\/robot-aspirateur-9590-ultra-power\/#breadcrumb","itemListElement":[{"@type":"ListItem","position":1,"name":"Home","item":"https:\/\/www.veltec.eu\/fr\/"},{"@type":"ListItem","position":2,"name":"Kirby Shop","item":"https:\/\/www.veltec.eu\/nl\/shop-page\/"},{"@type":"ListItem","position":3,"name":"Robot aspirateur 9590 Ultra power"}]},{"@type":"WebSite","@id":"https:\/\/www.veltec.eu\/en\/#website","url":"https:\/\/www.veltec.eu\/en\/","name":"Veltec Kirby specialist","description":"Kirby stofzuiger producten","publisher":{"@id":"https:\/\/www.veltec.eu\/en\/#organization"},"potentialAction":[{"@type":"SearchAction","target":{"@type":"EntryPoint","urlTemplate":"https:\/\/www.veltec.eu\/en\/?s={search_term_string}"},"query-input":{"@type":"PropertyValueSpecification","valueRequired":true,"valueName":"search_term_string"}}],"inLanguage":"fr-FR"},{"@type":"Organization","@id":"https:\/\/www.veltec.eu\/en\/#organization","name":"Veltec Kirby Specialist","url":"https:\/\/www.veltec.eu\/en\/","logo":{"@type":"ImageObject","inLanguage":"fr-FR","@id":"https:\/\/www.veltec.eu\/en\/#\/schema\/logo\/image\/","url":"https:\/\/www.veltec.eu\/wp-content\/uploads\/2021\/12\/Veltec-log-groot-e1537260889125.png","contentUrl":"https:\/\/www.veltec.eu\/wp-content\/uploads\/2021\/12\/Veltec-log-groot-e1537260889125.png","width":200,"height":60,"caption":"Veltec Kirby Specialist"},"image":{"@id":"https:\/\/www.veltec.eu\/en\/#\/schema\/logo\/image\/"},"sameAs":["https:\/\/www.facebook.com\/Veltec-Kirby-Specialist-236746293374877\/","https:\/\/www.youtube.com\/user\/VeltecService"]}]}},"_links":{"self":[{"href":"https:\/\/www.veltec.eu\/fr\/wp-json\/wp\/v2\/product\/74439","targetHints":{"allow":["GET"]}}],"collection":[{"href":"https:\/\/www.veltec.eu\/fr\/wp-json\/wp\/v2\/product"}],"about":[{"href":"https:\/\/www.veltec.eu\/fr\/wp-json\/wp\/v2\/types\/product"}],"replies":[{"embeddable":true,"href":"https:\/\/www.veltec.eu\/fr\/wp-json\/wp\/v2\/comments?post=74439"}],"wp:featuredmedia":[{"embeddable":true,"href":"https:\/\/www.veltec.eu\/fr\/wp-json\/wp\/v2\/media\/74337"}],"wp:attachment":[{"href":"https:\/\/www.veltec.eu\/fr\/wp-json\/wp\/v2\/media?parent=74439"}],"wp:term":[{"taxonomy":"product_brand","embeddable":true,"href":"https:\/\/www.veltec.eu\/fr\/wp-json\/wp\/v2\/product_brand?post=74439"},{"taxonomy":"product_cat","embeddable":true,"href":"https:\/\/www.veltec.eu\/fr\/wp-json\/wp\/v2\/product_cat?post=74439"},{"taxonomy":"product_tag","embeddable":true,"href":"https:\/\/www.veltec.eu\/fr\/wp-json\/wp\/v2\/product_tag?post=74439"}],"curies":[{"name":"wp","href":"https:\/\/api.w.org\/{rel}","templated":true}]}}