{"id":73906,"date":"2025-02-05T13:20:38","date_gmt":"2025-02-05T11:20:38","guid":{"rendered":"https:\/\/www.veltec.eu\/product\/conga-7690-immortal-max\/"},"modified":"2025-06-11T13:47:28","modified_gmt":"2025-06-11T11:47:28","slug":"robot-aspirateur-7690-max","status":"publish","type":"product","link":"https:\/\/www.veltec.eu\/fr\/product\/robot-aspirateur-7690-max\/","title":{"rendered":"Robot aspirateur 7690 Max"},"content":{"rendered":"<h1>Robot aspirateur 7690 Max<\/h1>\n<p>Aspirateur robot 7690 Max avec technologie de navigation laser. Nettoyage 4 en 1 : balaye, aspire, passe la serpilli\u00e8re et essuie. Puissance d&#8217;aspiration de 5000 Pa. Jusqu&#8217;\u00e0 220 minutes d&#8217;autonomie. Brosse centrale en silicone, optimale pour les poils d&#8217;animaux. Brosse \u00e0 vadrouille et 1 brosse lat\u00e9rale. Contr\u00f4le par APP et assistants virtuels. Connexion Bluetooth et WiFi pour les r\u00e9seaux 2,4 GHz et 5 GHz.<\/p>\n<p>Retrouvez tous les aspirateurs robots ici<\/p>\n<h2>Robot aspirateur 7690 Max &#8211; L&#8217;aspirateur robot ultime pour une maison brillamment propre<\/h2>\n<h3>Technologie de nettoyage avanc\u00e9e 4 en 1<\/h3>\n<p>Le Robot aspirateur 7690 Max est l&#8217;aspirateur robot qui fait passer votre routine de nettoyage au niveau sup\u00e9rieur. Gr\u00e2ce \u00e0 sa fonctionnalit\u00e9 4 en 1, il balaie, aspire, passe la serpilli\u00e8re et s\u00e8che en un seul mouvement, laissant vos sols impeccables en un rien de temps. Gr\u00e2ce \u00e0 sa technologie de navigation laser, le robot \u00e9tablit une carte de votre maison pour un parcours de nettoyage efficace et intelligent, quelles que soient les conditions de luminosit\u00e9.<\/p>\n<h3>Une puissance d&#8217;aspiration impressionnante de 5 000 Pa<\/h3>\n<p>Avec une aspiration ultra-puissante de 5000 Pa, l&#8217;aspirateur robot 7690 \u00e9limine sans effort la poussi\u00e8re, les cheveux et autres d\u00e9bris des sols durs et des tapis. Cette \u00e9norme puissance d&#8217;aspiration garantit que m\u00eame les salet\u00e9s les plus tenaces n&#8217;ont aucune chance, pour que vos sols soient toujours parfaits.<\/p>\n<h3>Parfait pour les m\u00e9nages ayant des animaux de compagnie<\/h3>\n<p>Vous avez des animaux de compagnie ? Ne vous inqui\u00e9tez pas ! La brosse anti-clivage en silicone est sp\u00e9cialement con\u00e7ue pour aspirer efficacement les poils d&#8217;animaux sans se coincer. Le Robot aspirateur 7690 Max est donc id\u00e9al pour les foyers o\u00f9 vivent des amis \u00e0 quatre pattes. Profitez d&#8217;une maison sans poils d&#8217;animaux volants ni nids de poussi\u00e8re.<\/p>\n<h3>Autonomie maximale : jusqu&#8217;\u00e0 220 minutes de nettoyage ininterrompu<\/h3>\n<p>Ce robot aspirateur est \u00e9quip\u00e9 d&#8217;une puissante batterie de 3200 mAh, qui fonctionne en continu pendant 220 minutes. Cela signifie qu&#8217;il peut nettoyer des surfaces allant jusqu&#8217;\u00e0 220 m\u00b2 sans recharge interm\u00e9diaire. La batterie est tout de m\u00eame \u00e9puis\u00e9e ? Pas de probl\u00e8me ! Gr\u00e2ce \u00e0 Total Surface 3.0, le robot retourne automatiquement \u00e0 la station de charge et reprend le nettoyage exactement l\u00e0 o\u00f9 il l&#8217;avait laiss\u00e9.<\/p>\n<h3>Contr\u00f4le intelligent via l&#8217;APP et les assistants vocaux<\/h3>\n<p>Le robot aspirateur 7690 Max peut \u00eatre enti\u00e8rement personnalis\u00e9 pour r\u00e9pondre \u00e0 vos besoins. Utilisez l&#8217;application Conga APP 3.0 pour programmer des routines de nettoyage, d\u00e9finir des pi\u00e8ces sp\u00e9cifiques ou exclure certaines zones. En outre, le robot est compatible avec Google Assistant et Amazon Alexa, ce qui vous permet de le contr\u00f4ler par de simples commandes vocales.<\/p>\n<h3>Carte interactive et navigation intelligente avec le robot aspirateur 7690 Max<\/h3>\n<p>Gr\u00e2ce \u00e0 la technologie de navigation laser, le robot cr\u00e9e une carte interactive de votre maison. Il ajuste ainsi son itin\u00e9raire pour un nettoyage efficace et cibl\u00e9. Quelles que soient les conditions d&#8217;\u00e9clairage, il navigue sans effort dans toutes les pi\u00e8ces, en \u00e9vitant les obstacles tels que les meubles et les escaliers.<\/p>\n<h3>Contr\u00f4le adaptable de l&#8217;eau pour la vadrouille<\/h3>\n<p>Vous voulez aussi pouvoir passer la serpilli\u00e8re ? Le robot aspirateur 7690 offre un syst\u00e8me de nettoyage intelligent avec trois niveaux d&#8217;eau diff\u00e9rents. Vous pouvez ainsi d\u00e9cider de la quantit\u00e9 d&#8217;eau \u00e0 utiliser en fonction du type de sol. Cela garantit un nettoyage parfaitement adapt\u00e9, sans traces ni d\u00e9g\u00e2ts d&#8217;eau.<\/p>\n<h3>Connexion facile via Bluetooth et WiFi<\/h3>\n<p>Le robot aspirateur 7690 Max prend en charge les r\u00e9seaux WiFi 2,4 GHz et 5 GHz et dispose d&#8217;une connectivit\u00e9 Bluetooth. Cela vous permet de coupler facilement l&#8217;appareil avec votre smartphone ou votre syst\u00e8me de maison intelligente pour une exp\u00e9rience utilisateur transparente.<\/p>\n<h3>Pourquoi choisir l&#8217;aspirateur Robot 7690 Max ?<\/h3>\n<ul>\n<li>Nettoyage 4 en 1 : balaie, aspire, passe la serpilli\u00e8re et s\u00e8che en une seule fois.<\/li>\n<li>Puissance d&#8217;aspiration de 5000 Pa : extr\u00eamement puissante pour un nettoyage en profondeur.<\/li>\n<li>Adapt\u00e9 aux animaux : brosse sp\u00e9ciale en silicone anti-clivage pour les poils d&#8217;animaux.<\/li>\n<li>Jusqu&#8217;\u00e0 220 minutes d&#8217;autonomie : couvre jusqu&#8217;\u00e0 220 m\u00b2 sans interruption.<\/li>\n<li>Contr\u00f4le intelligent : Contr\u00f4le via l&#8217;APP, Google Assistant et Alexa.<\/li>\n<li>Carte interactive et navigation laser : Itin\u00e9raire de nettoyage pr\u00e9cis et efficace.<\/li>\n<li>Fonction de balayage r\u00e9glable : Ajustez le niveau d&#8217;eau \u00e0 votre type de sol.<\/li>\n<li>Connexion facile : prend en charge le WiFi 2,4 GHz et 5 GHz et le Bluetooth.<\/li>\n<\/ul>\n<p>Avec le Robot aspirateur 7690 Max, votre routine de nettoyage devient efficace et sans effort. Commandez d\u00e8s aujourd&#8217;hui et d\u00e9couvrez la puissance d&#8217;un nettoyage intelligent et avanc\u00e9 !<\/p>\n<h4>Composition<\/h4>\n<ul>\n<li>Aspirateur robot<\/li>\n<li>Brosse lat\u00e9rale<\/li>\n<li>Brosse en silicone<\/li>\n<li>R\u00e9servoir mixte<\/li>\n<li>Filtre haute efficacit\u00e9<\/li>\n<li>Manuel d&#8217;utilisation<\/li>\n<li>Balai \u00e0 franges<\/li>\n<\/ul>\n<p>&nbsp;<\/p>\n","protected":false},"excerpt":{"rendered":"<p>D\u00e9couvrez le Robot aspirateur 7690 Max, l&#8217;aspirateur robot perfectionn\u00e9 qui r\u00e9volutionne le nettoyage. Avec une navigation laser pr\u00e9cise, une puissance d&#8217;aspiration de 5000 Pa et une autonomie de 220 minutes, votre maison restera propre sans effort.<\/p>\n<h3><span style=\"color: #008000;\">En stock<\/span><\/h3>\n[av_font_icon icon='ue812' font='entypo-fontello' style='' caption='' size='25px' position='left' color='#43ad66' link='' linktarget='' title_attr='' sonar_effect_effect='' sonar_effect_color='' sonar_effect_duration='1' sonar_effect_scale='' sonar_effect_opac='0.5' animation='' id='' custom_class='' template_class='' av_uid='' sc_version='1.0' admin_preview_bg=''][\/av_font_icon]\n<p><span style=\"color: #008000;\">Le d\u00e9lai de livraison est de 5 \u00e0 10 jours ouvrables<\/span><\/p>\n[av_font_icon icon='ue812' font='entypo-fontello' style='' caption='' size='25px' position='left' color='#43ad66' link='' linktarget='' title_attr='' sonar_effect_effect='' sonar_effect_color='' sonar_effect_duration='1' sonar_effect_scale='' sonar_effect_opac='0.5' animation='' id='' custom_class='' template_class='' av_uid='' sc_version='1.0' admin_preview_bg=''][\/av_font_icon]\n<p><span style=\"color: #008000;\">Garantie de 2 ans<\/span><\/p>\n<p>&nbsp;<\/p>\n","protected":false},"featured_media":73839,"comment_status":"open","ping_status":"closed","template":"","meta":[],"product_brand":[],"product_cat":[443],"product_tag":[],"class_list":{"0":"post-73906","1":"product","2":"type-product","3":"status-publish","4":"has-post-thumbnail","6":"product_cat-pas-de-categorie","8":"first","9":"outofstock","10":"sale","11":"taxable","12":"shipping-taxable","13":"purchasable","14":"product-type-simple"},"yoast_head":"<!-- This site is optimized with the Yoast SEO Premium plugin v27.1 (Yoast SEO v27.3) - https:\/\/yoast.com\/product\/yoast-seo-premium-wordpress\/ -->\n<title>Robot aspirateur 7690 Max - Veltec Kirby specialist<\/title>\n<meta name=\"description\" content=\"Robot aspirateur 7690 Max - Veltec fournit des aspirateurs Kirby depuis plus de 25 ans. C&#039;est votre sp\u00e9cialiste du service Kirby.\" \/>\n<meta name=\"robots\" content=\"index, follow, max-snippet:-1, max-image-preview:large, max-video-preview:-1\" \/>\n<link rel=\"canonical\" href=\"https:\/\/www.veltec.eu\/fr\/product\/robot-aspirateur-7690-max\/\" \/>\n<meta property=\"og:locale\" content=\"fr_FR\" \/>\n<meta property=\"og:type\" content=\"article\" \/>\n<meta property=\"og:title\" content=\"Robot aspirateur 7690 Max\" \/>\n<meta property=\"og:description\" content=\"D\u00e9couvrez le Robot aspirateur 7690 Max, l&#039;aspirateur robot perfectionn\u00e9 qui r\u00e9volutionne le nettoyage. Avec une navigation laser pr\u00e9cise, une puissance d&#039;aspiration de 5000 Pa et une autonomie de 220 minutes, votre maison restera propre sans effort. En stock   Le d\u00e9lai de livraison est de 5 \u00e0 10 jours ouvrables    Garantie de 2 ans  &nbsp;\" \/>\n<meta property=\"og:url\" content=\"https:\/\/www.veltec.eu\/fr\/product\/robot-aspirateur-7690-max\/\" \/>\n<meta property=\"og:site_name\" content=\"Veltec Kirby specialist\" \/>\n<meta property=\"article:publisher\" content=\"https:\/\/www.facebook.com\/Veltec-Kirby-Specialist-236746293374877\/\" \/>\n<meta property=\"article:modified_time\" content=\"2025-06-11T11:47:28+00:00\" \/>\n<meta property=\"og:image\" content=\"https:\/\/www.veltec.eu\/wp-content\/uploads\/2025\/02\/conga-7690-immortal-max_f88q4t_1.png\" \/>\n\t<meta property=\"og:image:width\" content=\"640\" \/>\n\t<meta property=\"og:image:height\" content=\"640\" \/>\n\t<meta property=\"og:image:type\" content=\"image\/png\" \/>\n<meta name=\"twitter:card\" content=\"summary_large_image\" \/>\n<meta name=\"twitter:label1\" content=\"Dur\u00e9e de lecture estim\u00e9e\" \/>\n\t<meta name=\"twitter:data1\" content=\"4 minutes\" \/>\n<script type=\"application\/ld+json\" class=\"yoast-schema-graph\">{\"@context\":\"https:\\\/\\\/schema.org\",\"@graph\":[{\"@type\":\"WebPage\",\"@id\":\"https:\\\/\\\/www.veltec.eu\\\/fr\\\/product\\\/robot-aspirateur-7690-max\\\/\",\"url\":\"https:\\\/\\\/www.veltec.eu\\\/fr\\\/product\\\/robot-aspirateur-7690-max\\\/\",\"name\":\"Robot aspirateur 7690 Max - Veltec Kirby specialist\",\"isPartOf\":{\"@id\":\"https:\\\/\\\/www.veltec.eu\\\/en\\\/#website\"},\"primaryImageOfPage\":{\"@id\":\"https:\\\/\\\/www.veltec.eu\\\/fr\\\/product\\\/robot-aspirateur-7690-max\\\/#primaryimage\"},\"image\":{\"@id\":\"https:\\\/\\\/www.veltec.eu\\\/fr\\\/product\\\/robot-aspirateur-7690-max\\\/#primaryimage\"},\"thumbnailUrl\":\"https:\\\/\\\/www.veltec.eu\\\/wp-content\\\/uploads\\\/2025\\\/02\\\/conga-7690-immortal-max_f88q4t_1.png\",\"datePublished\":\"2025-02-05T11:20:38+00:00\",\"dateModified\":\"2025-06-11T11:47:28+00:00\",\"description\":\"Robot aspirateur 7690 Max - Veltec fournit des aspirateurs Kirby depuis plus de 25 ans. C'est votre sp\u00e9cialiste du service Kirby.\",\"breadcrumb\":{\"@id\":\"https:\\\/\\\/www.veltec.eu\\\/fr\\\/product\\\/robot-aspirateur-7690-max\\\/#breadcrumb\"},\"inLanguage\":\"fr-FR\",\"potentialAction\":[{\"@type\":\"ReadAction\",\"target\":[\"https:\\\/\\\/www.veltec.eu\\\/fr\\\/product\\\/robot-aspirateur-7690-max\\\/\"]}]},{\"@type\":\"ImageObject\",\"inLanguage\":\"fr-FR\",\"@id\":\"https:\\\/\\\/www.veltec.eu\\\/fr\\\/product\\\/robot-aspirateur-7690-max\\\/#primaryimage\",\"url\":\"https:\\\/\\\/www.veltec.eu\\\/wp-content\\\/uploads\\\/2025\\\/02\\\/conga-7690-immortal-max_f88q4t_1.png\",\"contentUrl\":\"https:\\\/\\\/www.veltec.eu\\\/wp-content\\\/uploads\\\/2025\\\/02\\\/conga-7690-immortal-max_f88q4t_1.png\",\"width\":640,\"height\":640},{\"@type\":\"BreadcrumbList\",\"@id\":\"https:\\\/\\\/www.veltec.eu\\\/fr\\\/product\\\/robot-aspirateur-7690-max\\\/#breadcrumb\",\"itemListElement\":[{\"@type\":\"ListItem\",\"position\":1,\"name\":\"Home\",\"item\":\"https:\\\/\\\/www.veltec.eu\\\/fr\\\/\"},{\"@type\":\"ListItem\",\"position\":2,\"name\":\"Produits\",\"item\":\"https:\\\/\\\/www.veltec.eu\\\/fr\\\/shop\\\/\"},{\"@type\":\"ListItem\",\"position\":3,\"name\":\"Robot aspirateur 7690 Max\"}]},{\"@type\":\"WebSite\",\"@id\":\"https:\\\/\\\/www.veltec.eu\\\/en\\\/#website\",\"url\":\"https:\\\/\\\/www.veltec.eu\\\/en\\\/\",\"name\":\"Veltec Kirby specialist\",\"description\":\"Kirby stofzuiger producten\",\"publisher\":{\"@id\":\"https:\\\/\\\/www.veltec.eu\\\/en\\\/#organization\"},\"potentialAction\":[{\"@type\":\"SearchAction\",\"target\":{\"@type\":\"EntryPoint\",\"urlTemplate\":\"https:\\\/\\\/www.veltec.eu\\\/en\\\/?s={search_term_string}\"},\"query-input\":{\"@type\":\"PropertyValueSpecification\",\"valueRequired\":true,\"valueName\":\"search_term_string\"}}],\"inLanguage\":\"fr-FR\"},{\"@type\":\"Organization\",\"@id\":\"https:\\\/\\\/www.veltec.eu\\\/en\\\/#organization\",\"name\":\"Veltec Kirby Specialist\",\"url\":\"https:\\\/\\\/www.veltec.eu\\\/en\\\/\",\"logo\":{\"@type\":\"ImageObject\",\"inLanguage\":\"fr-FR\",\"@id\":\"https:\\\/\\\/www.veltec.eu\\\/en\\\/#\\\/schema\\\/logo\\\/image\\\/\",\"url\":\"https:\\\/\\\/www.veltec.eu\\\/wp-content\\\/uploads\\\/2021\\\/12\\\/Veltec-log-groot-e1537260889125.png\",\"contentUrl\":\"https:\\\/\\\/www.veltec.eu\\\/wp-content\\\/uploads\\\/2021\\\/12\\\/Veltec-log-groot-e1537260889125.png\",\"width\":200,\"height\":60,\"caption\":\"Veltec Kirby Specialist\"},\"image\":{\"@id\":\"https:\\\/\\\/www.veltec.eu\\\/en\\\/#\\\/schema\\\/logo\\\/image\\\/\"},\"sameAs\":[\"https:\\\/\\\/www.facebook.com\\\/Veltec-Kirby-Specialist-236746293374877\\\/\",\"https:\\\/\\\/www.youtube.com\\\/user\\\/VeltecService\"]}]}<\/script>\n<!-- \/ Yoast SEO Premium plugin. -->","yoast_head_json":{"title":"Robot aspirateur 7690 Max - Veltec Kirby specialist","description":"Robot aspirateur 7690 Max - Veltec fournit des aspirateurs Kirby depuis plus de 25 ans. C'est votre sp\u00e9cialiste du service Kirby.","robots":{"index":"index","follow":"follow","max-snippet":"max-snippet:-1","max-image-preview":"max-image-preview:large","max-video-preview":"max-video-preview:-1"},"canonical":"https:\/\/www.veltec.eu\/fr\/product\/robot-aspirateur-7690-max\/","og_locale":"fr_FR","og_type":"article","og_title":"Robot aspirateur 7690 Max","og_description":"D\u00e9couvrez le Robot aspirateur 7690 Max, l'aspirateur robot perfectionn\u00e9 qui r\u00e9volutionne le nettoyage. Avec une navigation laser pr\u00e9cise, une puissance d'aspiration de 5000 Pa et une autonomie de 220 minutes, votre maison restera propre sans effort. En stock   Le d\u00e9lai de livraison est de 5 \u00e0 10 jours ouvrables    Garantie de 2 ans  &nbsp;","og_url":"https:\/\/www.veltec.eu\/fr\/product\/robot-aspirateur-7690-max\/","og_site_name":"Veltec Kirby specialist","article_publisher":"https:\/\/www.facebook.com\/Veltec-Kirby-Specialist-236746293374877\/","article_modified_time":"2025-06-11T11:47:28+00:00","og_image":[{"width":640,"height":640,"url":"https:\/\/www.veltec.eu\/wp-content\/uploads\/2025\/02\/conga-7690-immortal-max_f88q4t_1.png","type":"image\/png"}],"twitter_card":"summary_large_image","twitter_misc":{"Dur\u00e9e de lecture estim\u00e9e":"4 minutes"},"schema":{"@context":"https:\/\/schema.org","@graph":[{"@type":"WebPage","@id":"https:\/\/www.veltec.eu\/fr\/product\/robot-aspirateur-7690-max\/","url":"https:\/\/www.veltec.eu\/fr\/product\/robot-aspirateur-7690-max\/","name":"Robot aspirateur 7690 Max - Veltec Kirby specialist","isPartOf":{"@id":"https:\/\/www.veltec.eu\/en\/#website"},"primaryImageOfPage":{"@id":"https:\/\/www.veltec.eu\/fr\/product\/robot-aspirateur-7690-max\/#primaryimage"},"image":{"@id":"https:\/\/www.veltec.eu\/fr\/product\/robot-aspirateur-7690-max\/#primaryimage"},"thumbnailUrl":"https:\/\/www.veltec.eu\/wp-content\/uploads\/2025\/02\/conga-7690-immortal-max_f88q4t_1.png","datePublished":"2025-02-05T11:20:38+00:00","dateModified":"2025-06-11T11:47:28+00:00","description":"Robot aspirateur 7690 Max - Veltec fournit des aspirateurs Kirby depuis plus de 25 ans. C'est votre sp\u00e9cialiste du service Kirby.","breadcrumb":{"@id":"https:\/\/www.veltec.eu\/fr\/product\/robot-aspirateur-7690-max\/#breadcrumb"},"inLanguage":"fr-FR","potentialAction":[{"@type":"ReadAction","target":["https:\/\/www.veltec.eu\/fr\/product\/robot-aspirateur-7690-max\/"]}]},{"@type":"ImageObject","inLanguage":"fr-FR","@id":"https:\/\/www.veltec.eu\/fr\/product\/robot-aspirateur-7690-max\/#primaryimage","url":"https:\/\/www.veltec.eu\/wp-content\/uploads\/2025\/02\/conga-7690-immortal-max_f88q4t_1.png","contentUrl":"https:\/\/www.veltec.eu\/wp-content\/uploads\/2025\/02\/conga-7690-immortal-max_f88q4t_1.png","width":640,"height":640},{"@type":"BreadcrumbList","@id":"https:\/\/www.veltec.eu\/fr\/product\/robot-aspirateur-7690-max\/#breadcrumb","itemListElement":[{"@type":"ListItem","position":1,"name":"Home","item":"https:\/\/www.veltec.eu\/fr\/"},{"@type":"ListItem","position":2,"name":"Produits","item":"https:\/\/www.veltec.eu\/fr\/shop\/"},{"@type":"ListItem","position":3,"name":"Robot aspirateur 7690 Max"}]},{"@type":"WebSite","@id":"https:\/\/www.veltec.eu\/en\/#website","url":"https:\/\/www.veltec.eu\/en\/","name":"Veltec Kirby specialist","description":"Kirby stofzuiger producten","publisher":{"@id":"https:\/\/www.veltec.eu\/en\/#organization"},"potentialAction":[{"@type":"SearchAction","target":{"@type":"EntryPoint","urlTemplate":"https:\/\/www.veltec.eu\/en\/?s={search_term_string}"},"query-input":{"@type":"PropertyValueSpecification","valueRequired":true,"valueName":"search_term_string"}}],"inLanguage":"fr-FR"},{"@type":"Organization","@id":"https:\/\/www.veltec.eu\/en\/#organization","name":"Veltec Kirby Specialist","url":"https:\/\/www.veltec.eu\/en\/","logo":{"@type":"ImageObject","inLanguage":"fr-FR","@id":"https:\/\/www.veltec.eu\/en\/#\/schema\/logo\/image\/","url":"https:\/\/www.veltec.eu\/wp-content\/uploads\/2021\/12\/Veltec-log-groot-e1537260889125.png","contentUrl":"https:\/\/www.veltec.eu\/wp-content\/uploads\/2021\/12\/Veltec-log-groot-e1537260889125.png","width":200,"height":60,"caption":"Veltec Kirby Specialist"},"image":{"@id":"https:\/\/www.veltec.eu\/en\/#\/schema\/logo\/image\/"},"sameAs":["https:\/\/www.facebook.com\/Veltec-Kirby-Specialist-236746293374877\/","https:\/\/www.youtube.com\/user\/VeltecService"]}]}},"_links":{"self":[{"href":"https:\/\/www.veltec.eu\/fr\/wp-json\/wp\/v2\/product\/73906","targetHints":{"allow":["GET"]}}],"collection":[{"href":"https:\/\/www.veltec.eu\/fr\/wp-json\/wp\/v2\/product"}],"about":[{"href":"https:\/\/www.veltec.eu\/fr\/wp-json\/wp\/v2\/types\/product"}],"replies":[{"embeddable":true,"href":"https:\/\/www.veltec.eu\/fr\/wp-json\/wp\/v2\/comments?post=73906"}],"wp:featuredmedia":[{"embeddable":true,"href":"https:\/\/www.veltec.eu\/fr\/wp-json\/wp\/v2\/media\/73839"}],"wp:attachment":[{"href":"https:\/\/www.veltec.eu\/fr\/wp-json\/wp\/v2\/media?parent=73906"}],"wp:term":[{"taxonomy":"product_brand","embeddable":true,"href":"https:\/\/www.veltec.eu\/fr\/wp-json\/wp\/v2\/product_brand?post=73906"},{"taxonomy":"product_cat","embeddable":true,"href":"https:\/\/www.veltec.eu\/fr\/wp-json\/wp\/v2\/product_cat?post=73906"},{"taxonomy":"product_tag","embeddable":true,"href":"https:\/\/www.veltec.eu\/fr\/wp-json\/wp\/v2\/product_tag?post=73906"}],"curies":[{"name":"wp","href":"https:\/\/api.w.org\/{rel}","templated":true}]}}