{"id":73071,"date":"2025-01-10T11:19:26","date_gmt":"2025-01-10T09:19:26","guid":{"rendered":"https:\/\/www.veltec.eu\/product\/conga-999-map-genesis\/"},"modified":"2025-03-10T16:24:41","modified_gmt":"2025-03-10T14:24:41","slug":"aspirateurs-robotises-carte-999","status":"publish","type":"product","link":"https:\/\/www.veltec.eu\/fr\/product\/aspirateurs-robotises-carte-999\/","title":{"rendered":"Aspirateurs Robotis\u00e9s Carte 999"},"content":{"rendered":"<h1>Aspirateurs Robotis\u00e9s Carte 999<\/h1>\n<p>Aspirateurs robotis\u00e9s Carte 999 &#8211; Aspirateur robotis\u00e9 avec navigation gyroscopique pour un nettoyage complet de la maison. Moteur d&#8217;aspiration de 2000 Pa. Autonomie de 120 minutes. Contr\u00f4le avec CECOTEC APP et t\u00e9l\u00e9commande. Connectivit\u00e9 WiFi 2.4 GhZ et Bluetooth.<\/p>\n<p><a href=\"\/nl?product_cat=aspirateurs-robotises\">Retrouvez tous les aspirateurs robots ici<\/a><\/p>\n<h2>Aspirateurs Robotis\u00e9s Carte 999- La solution de nettoyage ultime<\/h2>\n<p>Vous recherchez un robot aspirateur puissant et intelligent qui garde votre maison propre sans effort ? L&#8217;Aspirateurs Robotis\u00e9s Carte 999 est la solution pour une maison impeccable sans aucun effort. Gr\u00e2ce \u00e0 sa technologie avanc\u00e9e iTech SmartGyro 4.0, ce robot assure un nettoyage efficace et organis\u00e9.<\/p>\n<h3>Navigation avanc\u00e9e pour un nettoyage optimal<\/h3>\n<p>Le robot aspirateur 999 Card utilise la navigation gyroscopique, ce qui signifie que l&#8217;appareil ne se contente pas de se d\u00e9placer au hasard, mais qu&#8217;il nettoie l&#8217;ensemble de votre maison de mani\u00e8re structur\u00e9e. La technologie iTech SmartGyro 4.0 optimise l&#8217;itin\u00e9raire et emp\u00eache le robot de sauter des endroits. Cela garantit un nettoyage rapide, minutieux et \u00e9conome en \u00e9nergie.<\/p>\n<h3>Une puissance d&#8217;aspiration impressionnante jusqu&#8217;\u00e0 2000 Pa<\/h3>\n<p>Gr\u00e2ce \u00e0 son puissant moteur d&#8217;aspiration de 2000 Pa, cet aspirateur robot \u00e9limine sans effort la poussi\u00e8re, les cheveux et autres salet\u00e9s de votre sol. Gr\u00e2ce \u00e0 la grande buse, la brosse ne s&#8217;emm\u00eale pas, ce qui est id\u00e9al pour les m\u00e9nages avec des animaux domestiques. Ainsi, votre maison restera toujours propre et fra\u00eeche sans que vous ayez \u00e0 faire quoi que ce soit vous-m\u00eame.<\/p>\n<h3>Aspirateurs Robotis\u00e9s Carte 999 avec syst\u00e8me de nettoyage 5 en 1<\/h3>\n<p>Pourquoi choisir un aspirateur ordinaire quand on peut aussi avoir une solution tout-en-un ? Le Robot Aspir\u00e9s Carte 999 n&#8217;est pas un robot aspirateur comme les autres : il aspire, passe la serpilli\u00e8re, balaie, frotte et s\u00e8che. Cela signifie que votre maison est non seulement d\u00e9poussi\u00e9r\u00e9e, mais aussi nettoy\u00e9e en profondeur. Qu&#8217;il s&#8217;agisse de miettes, de cheveux ou de salet\u00e9s tenaces, ce robot peut tout g\u00e9rer.<\/p>\n<h3>Contr\u00f4le intelligent gr\u00e2ce \u00e0 l&#8217;application et \u00e0 la t\u00e9l\u00e9commande<\/h3>\n<p>Vous souhaitez contr\u00f4ler enti\u00e8rement votre routine de nettoyage ? C&#8217;est possible gr\u00e2ce \u00e0 l&#8217;application CECOTEC APP, qui vous permet de contr\u00f4ler facilement le robot via votre smartphone. En outre, vous pouvez \u00e9galement utiliser la t\u00e9l\u00e9commande pour ajuster manuellement les param\u00e8tres. Gr\u00e2ce \u00e0 la connectivit\u00e9 WiFi 2,4 GHz et Bluetooth, vous pouvez contr\u00f4ler votre programme de nettoyage \u00e0 tout moment et en tout lieu.<\/p>\n<h3>Jusqu&#8217;\u00e0 120 minutes d&#8217;autonomie &#8211; Vous vous reposez, le robot travaille<\/h3>\n<p>Avec une autonomie de 120 minutes gr\u00e2ce \u00e0 la technologie Total Surface, ce robot nettoie toute votre maison sans interruption. Lorsque la batterie est \u00e9puis\u00e9e, l&#8217;aspirateur retourne automatiquement \u00e0 la station de charge. Vous n&#8217;avez donc pas \u00e0 vous soucier de la recharge et pouvez vous d\u00e9tendre pendant que l&#8217;aspirateur robot fait le travail \u00e0 votre place.<\/p>\n<h3>Nettoyage personnalisable avec 6 supports diff\u00e9rents<\/h3>\n<p>Chaque maison est diff\u00e9rente et n\u00e9cessite une approche de nettoyage sp\u00e9cifique. C&#8217;est pourquoi le robot aspirateur 999 Card propose 6 modes de nettoyage diff\u00e9rents. Que vous souhaitiez un nettoyage rapide ou un nettoyage en profondeur, ce robot s&#8217;adapte au niveau de salet\u00e9 de votre maison et garantit des r\u00e9sultats parfaits.<\/p>\n<h3>Tr\u00e8s grand rayon d&#8217;action et r\u00e9curage intelligent<\/h3>\n<p>Gr\u00e2ce \u00e0 ses deux brosses lat\u00e9rales, cet aspirateur robot augmente son rayon d&#8217;action, de sorte qu&#8217;aucune parcelle de sol n&#8217;est oubli\u00e9e. De plus, il est dot\u00e9 de la technologie iWater, qui vous permet de choisir entre trois niveaux d&#8217;eau pour un nettoyage optimal. C&#8217;est donc vous qui d\u00e9cidez si vous souhaitez un l\u00e9ger rafra\u00eechissement ou un nettoyage en profondeur.<\/p>\n<h3>Pourquoi choisir les Aspirateurs Robotis\u00e9s Carte 999 ?<\/h3>\n<ul>\n<li>Navigation intelligente avec iTech SmartGyro 4.0 pour un nettoyage efficace<\/li>\n<li>L&#8217;aspiration puissante de 2000 Pa \u00e9limine la poussi\u00e8re et la salet\u00e9 sans effort.<\/li>\n<li>Nettoyage 5 en 1 : aspire, passe la serpilli\u00e8re, essuie, frotte et s\u00e8che<\/li>\n<li>Jusqu&#8217;\u00e0 120 minutes d&#8217;autonomie sans interruption<\/li>\n<li>Contr\u00f4le via l&#8217;application CECOTEC APP et la t\u00e9l\u00e9commande<\/li>\n<li>6 modes de nettoyage pour une exp\u00e9rience de nettoyage personnalis\u00e9e<\/li>\n<li>Technologie iWater pour un nettoyage intelligent \u00e0 3 niveaux<\/li>\n<\/ul>\n<p>Facilitez-vous la vie et profitez d&#8217;une maison propre sans aucun effort gr\u00e2ce \u00e0 la carte 999 des aspirateurs robots ! Commandez d\u00e8s aujourd&#8217;hui et d\u00e9couvrez les avantages de la technologie de nettoyage intelligent.<\/p>\n<h4>Composition<\/h4>\n<ul>\n<li>2 brosses lat\u00e9rales<\/li>\n<li>Brosse autonettoyante<\/li>\n<li>R\u00e9servoir mixte<\/li>\n<li>Filtre \u00e0 haute efficacit\u00e9<\/li>\n<li>T\u00e9l\u00e9commande<\/li>\n<li>Manuel d&#8217;utilisation<\/li>\n<li>Balai \u00e0 franges<\/li>\n<li>Robot aspirateur<\/li>\n<\/ul>\n","protected":false},"excerpt":{"rendered":"<p style=\"text-align: left;\">Robot aspirateur avec navigation gyroscopique pour un nettoyage complet de la maison. Moteur d&#8217;aspiration de 2000 Pa. 2 brosses lat\u00e9rales. Balai \u00e0 franges. Autonomie de 120 minutes. Contr\u00f4le avec CECOTEC APP et t\u00e9l\u00e9commande. Connectivit\u00e9 WiFi 2.4 GhZ et Bluetooth.<\/p>\n<h3><span style=\"color: #008000;\">En stock<\/span><\/h3>\n[av_font_icon icon='ue812' font='entypo-fontello' style='' caption='' size='25px' position='left' color='#43ad66' link='' linktarget='' title_attr='' sonar_effect_effect='' sonar_effect_color='' sonar_effect_duration='1' sonar_effect_scale='' sonar_effect_opac='0.5' animation='' id='' custom_class='' template_class='' av_uid='' sc_version='1.0' admin_preview_bg=''][\/av_font_icon]\n<p><span style=\"color: #008000;\">Le d\u00e9lai de livraison est de 5 \u00e0 10 jours ouvrables<\/span><\/p>\n[av_font_icon icon='ue812' font='entypo-fontello' style='' caption='' size='25px' position='left' color='#43ad66' link='' linktarget='' title_attr='' sonar_effect_effect='' sonar_effect_color='' sonar_effect_duration='1' sonar_effect_scale='' sonar_effect_opac='0.5' animation='' id='' custom_class='' template_class='' av_uid='' sc_version='1.0' admin_preview_bg=''][\/av_font_icon]\n<p><span style=\"color: #008000;\">Garantie de 2 ans<\/span><\/p>\n<p>&nbsp;<\/p>\n","protected":false},"featured_media":73003,"comment_status":"open","ping_status":"closed","template":"","meta":[],"product_brand":[],"product_cat":[26],"product_tag":[],"class_list":{"0":"post-73071","1":"product","2":"type-product","3":"status-publish","4":"has-post-thumbnail","6":"product_cat-overige-producten","8":"first","9":"outofstock","10":"taxable","11":"shipping-taxable","12":"purchasable","13":"product-type-simple"},"yoast_head":"<!-- This site is optimized with the Yoast SEO Premium plugin v27.1 (Yoast SEO v27.3) - https:\/\/yoast.com\/product\/yoast-seo-premium-wordpress\/ -->\n<title>Aspirateurs Robotis\u00e9s Carte 999 - Veltec Kirby specialist<\/title>\n<meta name=\"description\" content=\"Aspirateurs Robotis\u00e9s Carte 999 - Veltec fournit des aspirateurs Kirby depuis plus de 25 ans. C&#039;est votre sp\u00e9cialiste du service Kirby.\" \/>\n<meta name=\"robots\" content=\"index, follow, max-snippet:-1, max-image-preview:large, max-video-preview:-1\" \/>\n<link rel=\"canonical\" href=\"https:\/\/www.veltec.eu\/fr\/product\/aspirateurs-robotises-carte-999\/\" \/>\n<meta property=\"og:locale\" content=\"fr_FR\" \/>\n<meta property=\"og:type\" content=\"article\" \/>\n<meta property=\"og:title\" content=\"Aspirateurs Robotis\u00e9s Carte 999\" \/>\n<meta property=\"og:description\" content=\"Robot aspirateur avec navigation gyroscopique pour un nettoyage complet de la maison. Moteur d&#039;aspiration de 2000 Pa. 2 brosses lat\u00e9rales. Balai \u00e0 franges. Autonomie de 120 minutes. Contr\u00f4le avec CECOTEC APP et t\u00e9l\u00e9commande. Connectivit\u00e9 WiFi 2.4 GhZ et Bluetooth.  En stock   Le d\u00e9lai de livraison est de 5 \u00e0 10 jours ouvrables    Garantie de 2 ans  &nbsp;\" \/>\n<meta property=\"og:url\" content=\"https:\/\/www.veltec.eu\/fr\/product\/aspirateurs-robotises-carte-999\/\" \/>\n<meta property=\"og:site_name\" content=\"Veltec Kirby specialist\" \/>\n<meta property=\"article:publisher\" content=\"https:\/\/www.facebook.com\/Veltec-Kirby-Specialist-236746293374877\/\" \/>\n<meta property=\"article:modified_time\" content=\"2025-03-10T14:24:41+00:00\" \/>\n<meta property=\"og:image\" content=\"https:\/\/www.veltec.eu\/wp-content\/uploads\/2025\/01\/conga-999-map-genesis_gjrvx1_1.png\" \/>\n\t<meta property=\"og:image:width\" content=\"640\" \/>\n\t<meta property=\"og:image:height\" content=\"640\" \/>\n\t<meta property=\"og:image:type\" content=\"image\/png\" \/>\n<meta name=\"twitter:card\" content=\"summary_large_image\" \/>\n<meta name=\"twitter:label1\" content=\"Dur\u00e9e de lecture estim\u00e9e\" \/>\n\t<meta name=\"twitter:data1\" content=\"4 minutes\" \/>\n<script type=\"application\/ld+json\" class=\"yoast-schema-graph\">{\"@context\":\"https:\\\/\\\/schema.org\",\"@graph\":[{\"@type\":\"WebPage\",\"@id\":\"https:\\\/\\\/www.veltec.eu\\\/fr\\\/product\\\/aspirateurs-robotises-carte-999\\\/\",\"url\":\"https:\\\/\\\/www.veltec.eu\\\/fr\\\/product\\\/aspirateurs-robotises-carte-999\\\/\",\"name\":\"Aspirateurs Robotis\u00e9s Carte 999 - Veltec Kirby specialist\",\"isPartOf\":{\"@id\":\"https:\\\/\\\/www.veltec.eu\\\/en\\\/#website\"},\"primaryImageOfPage\":{\"@id\":\"https:\\\/\\\/www.veltec.eu\\\/fr\\\/product\\\/aspirateurs-robotises-carte-999\\\/#primaryimage\"},\"image\":{\"@id\":\"https:\\\/\\\/www.veltec.eu\\\/fr\\\/product\\\/aspirateurs-robotises-carte-999\\\/#primaryimage\"},\"thumbnailUrl\":\"https:\\\/\\\/www.veltec.eu\\\/wp-content\\\/uploads\\\/2025\\\/01\\\/conga-999-map-genesis_gjrvx1_1.png\",\"datePublished\":\"2025-01-10T09:19:26+00:00\",\"dateModified\":\"2025-03-10T14:24:41+00:00\",\"description\":\"Aspirateurs Robotis\u00e9s Carte 999 - Veltec fournit des aspirateurs Kirby depuis plus de 25 ans. C'est votre sp\u00e9cialiste du service Kirby.\",\"breadcrumb\":{\"@id\":\"https:\\\/\\\/www.veltec.eu\\\/fr\\\/product\\\/aspirateurs-robotises-carte-999\\\/#breadcrumb\"},\"inLanguage\":\"fr-FR\",\"potentialAction\":[{\"@type\":\"ReadAction\",\"target\":[\"https:\\\/\\\/www.veltec.eu\\\/fr\\\/product\\\/aspirateurs-robotises-carte-999\\\/\"]}]},{\"@type\":\"ImageObject\",\"inLanguage\":\"fr-FR\",\"@id\":\"https:\\\/\\\/www.veltec.eu\\\/fr\\\/product\\\/aspirateurs-robotises-carte-999\\\/#primaryimage\",\"url\":\"https:\\\/\\\/www.veltec.eu\\\/wp-content\\\/uploads\\\/2025\\\/01\\\/conga-999-map-genesis_gjrvx1_1.png\",\"contentUrl\":\"https:\\\/\\\/www.veltec.eu\\\/wp-content\\\/uploads\\\/2025\\\/01\\\/conga-999-map-genesis_gjrvx1_1.png\",\"width\":640,\"height\":640},{\"@type\":\"BreadcrumbList\",\"@id\":\"https:\\\/\\\/www.veltec.eu\\\/fr\\\/product\\\/aspirateurs-robotises-carte-999\\\/#breadcrumb\",\"itemListElement\":[{\"@type\":\"ListItem\",\"position\":1,\"name\":\"Home\",\"item\":\"https:\\\/\\\/www.veltec.eu\\\/fr\\\/\"},{\"@type\":\"ListItem\",\"position\":2,\"name\":\"Produits\",\"item\":\"https:\\\/\\\/www.veltec.eu\\\/fr\\\/shop\\\/\"},{\"@type\":\"ListItem\",\"position\":3,\"name\":\"Aspirateurs Robotis\u00e9s Carte 999\"}]},{\"@type\":\"WebSite\",\"@id\":\"https:\\\/\\\/www.veltec.eu\\\/en\\\/#website\",\"url\":\"https:\\\/\\\/www.veltec.eu\\\/en\\\/\",\"name\":\"Veltec Kirby specialist\",\"description\":\"Kirby stofzuiger producten\",\"publisher\":{\"@id\":\"https:\\\/\\\/www.veltec.eu\\\/en\\\/#organization\"},\"potentialAction\":[{\"@type\":\"SearchAction\",\"target\":{\"@type\":\"EntryPoint\",\"urlTemplate\":\"https:\\\/\\\/www.veltec.eu\\\/en\\\/?s={search_term_string}\"},\"query-input\":{\"@type\":\"PropertyValueSpecification\",\"valueRequired\":true,\"valueName\":\"search_term_string\"}}],\"inLanguage\":\"fr-FR\"},{\"@type\":\"Organization\",\"@id\":\"https:\\\/\\\/www.veltec.eu\\\/en\\\/#organization\",\"name\":\"Veltec Kirby Specialist\",\"url\":\"https:\\\/\\\/www.veltec.eu\\\/en\\\/\",\"logo\":{\"@type\":\"ImageObject\",\"inLanguage\":\"fr-FR\",\"@id\":\"https:\\\/\\\/www.veltec.eu\\\/en\\\/#\\\/schema\\\/logo\\\/image\\\/\",\"url\":\"https:\\\/\\\/www.veltec.eu\\\/wp-content\\\/uploads\\\/2021\\\/12\\\/Veltec-log-groot-e1537260889125.png\",\"contentUrl\":\"https:\\\/\\\/www.veltec.eu\\\/wp-content\\\/uploads\\\/2021\\\/12\\\/Veltec-log-groot-e1537260889125.png\",\"width\":200,\"height\":60,\"caption\":\"Veltec Kirby Specialist\"},\"image\":{\"@id\":\"https:\\\/\\\/www.veltec.eu\\\/en\\\/#\\\/schema\\\/logo\\\/image\\\/\"},\"sameAs\":[\"https:\\\/\\\/www.facebook.com\\\/Veltec-Kirby-Specialist-236746293374877\\\/\",\"https:\\\/\\\/www.youtube.com\\\/user\\\/VeltecService\"]}]}<\/script>\n<!-- \/ Yoast SEO Premium plugin. -->","yoast_head_json":{"title":"Aspirateurs Robotis\u00e9s Carte 999 - Veltec Kirby specialist","description":"Aspirateurs Robotis\u00e9s Carte 999 - Veltec fournit des aspirateurs Kirby depuis plus de 25 ans. C'est votre sp\u00e9cialiste du service Kirby.","robots":{"index":"index","follow":"follow","max-snippet":"max-snippet:-1","max-image-preview":"max-image-preview:large","max-video-preview":"max-video-preview:-1"},"canonical":"https:\/\/www.veltec.eu\/fr\/product\/aspirateurs-robotises-carte-999\/","og_locale":"fr_FR","og_type":"article","og_title":"Aspirateurs Robotis\u00e9s Carte 999","og_description":"Robot aspirateur avec navigation gyroscopique pour un nettoyage complet de la maison. Moteur d'aspiration de 2000 Pa. 2 brosses lat\u00e9rales. Balai \u00e0 franges. Autonomie de 120 minutes. Contr\u00f4le avec CECOTEC APP et t\u00e9l\u00e9commande. Connectivit\u00e9 WiFi 2.4 GhZ et Bluetooth.  En stock   Le d\u00e9lai de livraison est de 5 \u00e0 10 jours ouvrables    Garantie de 2 ans  &nbsp;","og_url":"https:\/\/www.veltec.eu\/fr\/product\/aspirateurs-robotises-carte-999\/","og_site_name":"Veltec Kirby specialist","article_publisher":"https:\/\/www.facebook.com\/Veltec-Kirby-Specialist-236746293374877\/","article_modified_time":"2025-03-10T14:24:41+00:00","og_image":[{"width":640,"height":640,"url":"https:\/\/www.veltec.eu\/wp-content\/uploads\/2025\/01\/conga-999-map-genesis_gjrvx1_1.png","type":"image\/png"}],"twitter_card":"summary_large_image","twitter_misc":{"Dur\u00e9e de lecture estim\u00e9e":"4 minutes"},"schema":{"@context":"https:\/\/schema.org","@graph":[{"@type":"WebPage","@id":"https:\/\/www.veltec.eu\/fr\/product\/aspirateurs-robotises-carte-999\/","url":"https:\/\/www.veltec.eu\/fr\/product\/aspirateurs-robotises-carte-999\/","name":"Aspirateurs Robotis\u00e9s Carte 999 - Veltec Kirby specialist","isPartOf":{"@id":"https:\/\/www.veltec.eu\/en\/#website"},"primaryImageOfPage":{"@id":"https:\/\/www.veltec.eu\/fr\/product\/aspirateurs-robotises-carte-999\/#primaryimage"},"image":{"@id":"https:\/\/www.veltec.eu\/fr\/product\/aspirateurs-robotises-carte-999\/#primaryimage"},"thumbnailUrl":"https:\/\/www.veltec.eu\/wp-content\/uploads\/2025\/01\/conga-999-map-genesis_gjrvx1_1.png","datePublished":"2025-01-10T09:19:26+00:00","dateModified":"2025-03-10T14:24:41+00:00","description":"Aspirateurs Robotis\u00e9s Carte 999 - Veltec fournit des aspirateurs Kirby depuis plus de 25 ans. C'est votre sp\u00e9cialiste du service Kirby.","breadcrumb":{"@id":"https:\/\/www.veltec.eu\/fr\/product\/aspirateurs-robotises-carte-999\/#breadcrumb"},"inLanguage":"fr-FR","potentialAction":[{"@type":"ReadAction","target":["https:\/\/www.veltec.eu\/fr\/product\/aspirateurs-robotises-carte-999\/"]}]},{"@type":"ImageObject","inLanguage":"fr-FR","@id":"https:\/\/www.veltec.eu\/fr\/product\/aspirateurs-robotises-carte-999\/#primaryimage","url":"https:\/\/www.veltec.eu\/wp-content\/uploads\/2025\/01\/conga-999-map-genesis_gjrvx1_1.png","contentUrl":"https:\/\/www.veltec.eu\/wp-content\/uploads\/2025\/01\/conga-999-map-genesis_gjrvx1_1.png","width":640,"height":640},{"@type":"BreadcrumbList","@id":"https:\/\/www.veltec.eu\/fr\/product\/aspirateurs-robotises-carte-999\/#breadcrumb","itemListElement":[{"@type":"ListItem","position":1,"name":"Home","item":"https:\/\/www.veltec.eu\/fr\/"},{"@type":"ListItem","position":2,"name":"Produits","item":"https:\/\/www.veltec.eu\/fr\/shop\/"},{"@type":"ListItem","position":3,"name":"Aspirateurs Robotis\u00e9s Carte 999"}]},{"@type":"WebSite","@id":"https:\/\/www.veltec.eu\/en\/#website","url":"https:\/\/www.veltec.eu\/en\/","name":"Veltec Kirby specialist","description":"Kirby stofzuiger producten","publisher":{"@id":"https:\/\/www.veltec.eu\/en\/#organization"},"potentialAction":[{"@type":"SearchAction","target":{"@type":"EntryPoint","urlTemplate":"https:\/\/www.veltec.eu\/en\/?s={search_term_string}"},"query-input":{"@type":"PropertyValueSpecification","valueRequired":true,"valueName":"search_term_string"}}],"inLanguage":"fr-FR"},{"@type":"Organization","@id":"https:\/\/www.veltec.eu\/en\/#organization","name":"Veltec Kirby Specialist","url":"https:\/\/www.veltec.eu\/en\/","logo":{"@type":"ImageObject","inLanguage":"fr-FR","@id":"https:\/\/www.veltec.eu\/en\/#\/schema\/logo\/image\/","url":"https:\/\/www.veltec.eu\/wp-content\/uploads\/2021\/12\/Veltec-log-groot-e1537260889125.png","contentUrl":"https:\/\/www.veltec.eu\/wp-content\/uploads\/2021\/12\/Veltec-log-groot-e1537260889125.png","width":200,"height":60,"caption":"Veltec Kirby Specialist"},"image":{"@id":"https:\/\/www.veltec.eu\/en\/#\/schema\/logo\/image\/"},"sameAs":["https:\/\/www.facebook.com\/Veltec-Kirby-Specialist-236746293374877\/","https:\/\/www.youtube.com\/user\/VeltecService"]}]}},"_links":{"self":[{"href":"https:\/\/www.veltec.eu\/fr\/wp-json\/wp\/v2\/product\/73071","targetHints":{"allow":["GET"]}}],"collection":[{"href":"https:\/\/www.veltec.eu\/fr\/wp-json\/wp\/v2\/product"}],"about":[{"href":"https:\/\/www.veltec.eu\/fr\/wp-json\/wp\/v2\/types\/product"}],"replies":[{"embeddable":true,"href":"https:\/\/www.veltec.eu\/fr\/wp-json\/wp\/v2\/comments?post=73071"}],"wp:featuredmedia":[{"embeddable":true,"href":"https:\/\/www.veltec.eu\/fr\/wp-json\/wp\/v2\/media\/73003"}],"wp:attachment":[{"href":"https:\/\/www.veltec.eu\/fr\/wp-json\/wp\/v2\/media?parent=73071"}],"wp:term":[{"taxonomy":"product_brand","embeddable":true,"href":"https:\/\/www.veltec.eu\/fr\/wp-json\/wp\/v2\/product_brand?post=73071"},{"taxonomy":"product_cat","embeddable":true,"href":"https:\/\/www.veltec.eu\/fr\/wp-json\/wp\/v2\/product_cat?post=73071"},{"taxonomy":"product_tag","embeddable":true,"href":"https:\/\/www.veltec.eu\/fr\/wp-json\/wp\/v2\/product_tag?post=73071"}],"curies":[{"name":"wp","href":"https:\/\/api.w.org\/{rel}","templated":true}]}}