{"id":72898,"date":"2025-01-06T14:51:03","date_gmt":"2025-01-06T12:51:03","guid":{"rendered":"https:\/\/www.veltec.eu\/product\/conga-13090-spin-revolution-homewash\/"},"modified":"2025-01-22T16:12:18","modified_gmt":"2025-01-22T14:12:18","slug":"conga-13090-spin-revolution-homewash","status":"publish","type":"product","link":"https:\/\/www.veltec.eu\/fr\/product\/conga-13090-spin-revolution-homewash\/","title":{"rendered":"Conga 13090 Spin Revolution Home&#038;Wash"},"content":{"rendered":"<h1 class=\"css-1tq25n3\">Conga 13090 Spin Revolution Home&amp;Wash<\/h1>\n<h5>Conga 13090 Spin Revolution Home&amp;Wash &#8211; Robot aspirateur avec moteur d&#8217;aspiration 7000 Pa. Base 4 en 1, \u00e9quip\u00e9e de la technologie laser. Application et connexion Bluetooth et WiFi pour les r\u00e9seaux 2,4 GHz et 5 GHz.<\/h5>\n<ul>\n<li>Navigation au laser, nettoyage pr\u00e9cis. Le robot est \u00e9quip\u00e9 d&#8217;une technologie laser qui lui permet de g\u00e9n\u00e9rer une carte pour naviguer avec pr\u00e9cision et nettoyer efficacement chaque recoin.<\/li>\n<li>Des sols brillants. Gr\u00e2ce aux nouveaux balais rotatifs super absorbants, vos sols seront \u00e9tincelants de propret\u00e9, \u00e9liminant les liquides, les sauces et les taches s\u00e9ch\u00e9es.<\/li>\n<li>Performance maximale. Une puissance d&#8217;aspiration de 7000 Pa qui ramasse aussi bien les micro-salet\u00e9s que les gros d\u00e9bris.<\/li>\n<li>Nettoyer sans se presser. Jusqu&#8217;\u00e0 140 minutes d&#8217;aspiration autonome pour un nettoyage parfait. Et si la batterie du robot est \u00e9puis\u00e9e, il retourne automatiquement \u00e0 la station de base pour se recharger, puis continue \u00e0 nettoyer l\u00e0 o\u00f9 il s&#8217;est arr\u00eat\u00e9, avec des serpilli\u00e8res parfaitement propres.<\/li>\n<li>Brosse en silicone sans velcro. La brosse en silicone est id\u00e9ale pour les foyers avec des animaux domestiques, car elle emp\u00eache les poils de s&#8217;emm\u00ealer.<\/li>\n<li>La base est compl\u00e8tement autonome. La base se d\u00e9barrasse de la poussi\u00e8re, nettoie les serpilli\u00e8res, les s\u00e8che et r\u00e9cup\u00e8re l&#8217;eau sale apr\u00e8s le nettoyage.<\/li>\n<li>Nettoyage personnalis\u00e9. D\u00e9finissez, planifiez et programmez le nettoyage de votre maison gr\u00e2ce \u00e0 la carte qui est g\u00e9n\u00e9r\u00e9e, vous pouvez s\u00e9lectionner le nettoyage complet ou le nettoyage de pi\u00e8ces sp\u00e9cifiques.<\/li>\n<li>Appairage facile. Le mod\u00e8le est compatible Bluetooth et Wi-Fi pour les r\u00e9seaux 2,4 GHz et 5 GHz, ce qui vous permet de l&#8217;appairer facilement avec vos r\u00e9seaux et vos appareils.<\/li>\n<li>D\u00e9tection de tapis par ultrasons. Le robot d\u00e9tecte la pr\u00e9sence d&#8217;un tapis et augmente automatiquement sa puissance pour nettoyer avec une pr\u00e9cision maximale. Lorsque le robot est en mode vadrouille, il \u00e9vite le tapis pour ne pas mouiller la poussi\u00e8re du tapis avec ses vadrouilles.<\/li>\n<li>Ne touchez plus \u00e0 la poussi\u00e8re. Grande capacit\u00e9 du sac \u00e0 poussi\u00e8re de 2 litres, du r\u00e9servoir d&#8217;eau propre de 2,8 litres et du r\u00e9servoir d&#8217;eau sale de 2,4 litres.<\/li>\n<li>Syst\u00e8me de d\u00e9tection. La base de vidange est \u00e9quip\u00e9e d&#8217;un syst\u00e8me de d\u00e9tection automatique de s\u00e9curit\u00e9 pour les sacs hygi\u00e9niques, d&#8217;une bou\u00e9e de remplissage pour le r\u00e9servoir d&#8217;eau sale et d&#8217;une bou\u00e9e d&#8217;aspiration pour l&#8217;eau propre.<\/li>\n<li>Avertissement de bas niveau d&#8217;eau. Le r\u00e9servoir d&#8217;eau propre doit \u00eatre rempli avant la premi\u00e8re utilisation du produit. Dans le cas contraire, un voyant rouge s&#8217;allume et le nettoyage n&#8217;est pas possible.<\/li>\n<\/ul>\n<h4><strong>Composition<\/strong><\/h4>\n<ul>\n<li>Robot aspirateur<\/li>\n<li>Base auto-apprenante avec 2 r\u00e9servoirs (eau propre et eau sale)<\/li>\n<li>Sac \u00e0 poussi\u00e8re<\/li>\n<li>Brosse lat\u00e9rale<\/li>\n<li>2 balais rotatifs<\/li>\n<li>C\u00e2ble d&#8217;alimentation<\/li>\n<li>Brosse<\/li>\n<li>Manuel d&#8217;utilisation<\/li>\n<\/ul>\n","protected":false},"excerpt":{"rendered":"<p class=\"css-1tq25n3\" style=\"margin-left: 18pt;\">Conga 13090 Spin Revolution Home&amp;Wash &#8211; Robot aspirateur avec moteur d&#8217;aspiration 7000 Pa. Base 4 en 1, \u00e9quip\u00e9e de la technologie laser. Comprend 2 brosses centrales interchangeables : une mixte et une en silicone, optimale pour les poils d&#8217;animaux. Balais rotatifs. Brosse lat\u00e9rale. Application et connexion Bluetooth et WiFi pour les r\u00e9seaux 2,4 GHz et 5 GHz.<\/p>\n<p>&nbsp;<\/p>\n<h3><span style=\"color: #008000;\">En stock<\/span><\/h3>\n[av_font_icon icon='ue812' font='entypo-fontello' style='' caption='' size='25px' position='left' color='#43ad66' link='' linktarget='' title_attr='' sonar_effect_effect='' sonar_effect_color='' sonar_effect_duration='1' sonar_effect_scale='' sonar_effect_opac='0.5' animation='' id='' custom_class='' template_class='' av_uid='' sc_version='1.0' admin_preview_bg=''][\/av_font_icon]\n<p><span style=\"color: #008000;\">Le d\u00e9lai de livraison est de 5 \u00e0 10 jours ouvrables<\/span><\/p>\n[av_font_icon icon='ue812' font='entypo-fontello' style='' caption='' size='25px' position='left' color='#43ad66' link='' linktarget='' title_attr='' sonar_effect_effect='' sonar_effect_color='' sonar_effect_duration='1' sonar_effect_scale='' sonar_effect_opac='0.5' animation='' id='' custom_class='' template_class='' av_uid='' sc_version='1.0' admin_preview_bg=''][\/av_font_icon]\n<p><span style=\"color: #008000;\">Garantie de 2 ans<\/span><\/p>\n<p>&nbsp;<\/p>\n","protected":false},"featured_media":72796,"comment_status":"open","ping_status":"closed","template":"","meta":[],"product_brand":[],"product_cat":[26],"product_tag":[],"class_list":{"0":"post-72898","1":"product","2":"type-product","3":"status-publish","4":"has-post-thumbnail","6":"product_cat-overige-producten","8":"first","9":"outofstock","10":"taxable","11":"shipping-taxable","12":"purchasable","13":"product-type-simple"},"yoast_head":"<!-- This site is optimized with the Yoast SEO Premium plugin v27.1 (Yoast SEO v27.3) - https:\/\/yoast.com\/product\/yoast-seo-premium-wordpress\/ -->\n<title>Conga 13090 Spin Revolution Home&amp;Wash - Veltec Kirby specialist<\/title>\n<meta name=\"description\" content=\"Conga 13090 Spin Revolution Home&amp;Wash - Veltec fournit des aspirateurs Kirby depuis plus de 25 ans. C&#039;est votre sp\u00e9cialiste du service Kirby.\" \/>\n<meta name=\"robots\" content=\"index, follow, max-snippet:-1, max-image-preview:large, max-video-preview:-1\" \/>\n<link rel=\"canonical\" href=\"https:\/\/www.veltec.eu\/fr\/product\/conga-13090-spin-revolution-homewash\/\" \/>\n<meta property=\"og:locale\" content=\"fr_FR\" \/>\n<meta property=\"og:type\" content=\"article\" \/>\n<meta property=\"og:title\" content=\"Conga 13090 Spin Revolution Home&amp;Wash\" \/>\n<meta property=\"og:description\" content=\"Conga 13090 Spin Revolution Home&amp;Wash - Robot aspirateur avec moteur d&#039;aspiration 7000 Pa. Base 4 en 1, \u00e9quip\u00e9e de la technologie laser. Comprend 2 brosses centrales interchangeables : une mixte et une en silicone, optimale pour les poils d&#039;animaux. Balais rotatifs. Brosse lat\u00e9rale. Application et connexion Bluetooth et WiFi pour les r\u00e9seaux 2,4 GHz et 5 GHz. &nbsp; En stock   Le d\u00e9lai de livraison est de 5 \u00e0 10 jours ouvrables    Garantie de 2 ans  &nbsp;\" \/>\n<meta property=\"og:url\" content=\"https:\/\/www.veltec.eu\/fr\/product\/conga-13090-spin-revolution-homewash\/\" \/>\n<meta property=\"og:site_name\" content=\"Veltec Kirby specialist\" \/>\n<meta property=\"article:publisher\" content=\"https:\/\/www.facebook.com\/Veltec-Kirby-Specialist-236746293374877\/\" \/>\n<meta property=\"article:modified_time\" content=\"2025-01-22T14:12:18+00:00\" \/>\n<meta property=\"og:image\" content=\"https:\/\/www.veltec.eu\/wp-content\/uploads\/2025\/01\/conga-13090-spin-revolution-homewash_32p7yn_1.png\" \/>\n\t<meta property=\"og:image:width\" content=\"640\" \/>\n\t<meta property=\"og:image:height\" content=\"640\" \/>\n\t<meta property=\"og:image:type\" content=\"image\/png\" \/>\n<meta name=\"twitter:card\" content=\"summary_large_image\" \/>\n<meta name=\"twitter:label1\" content=\"Dur\u00e9e de lecture estim\u00e9e\" \/>\n\t<meta name=\"twitter:data1\" content=\"3 minutes\" \/>\n<script type=\"application\/ld+json\" class=\"yoast-schema-graph\">{\"@context\":\"https:\\\/\\\/schema.org\",\"@graph\":[{\"@type\":\"WebPage\",\"@id\":\"https:\\\/\\\/www.veltec.eu\\\/fr\\\/product\\\/conga-13090-spin-revolution-homewash\\\/\",\"url\":\"https:\\\/\\\/www.veltec.eu\\\/fr\\\/product\\\/conga-13090-spin-revolution-homewash\\\/\",\"name\":\"Conga 13090 Spin Revolution Home&Wash - Veltec Kirby specialist\",\"isPartOf\":{\"@id\":\"https:\\\/\\\/www.veltec.eu\\\/en\\\/#website\"},\"primaryImageOfPage\":{\"@id\":\"https:\\\/\\\/www.veltec.eu\\\/fr\\\/product\\\/conga-13090-spin-revolution-homewash\\\/#primaryimage\"},\"image\":{\"@id\":\"https:\\\/\\\/www.veltec.eu\\\/fr\\\/product\\\/conga-13090-spin-revolution-homewash\\\/#primaryimage\"},\"thumbnailUrl\":\"https:\\\/\\\/www.veltec.eu\\\/wp-content\\\/uploads\\\/2025\\\/01\\\/conga-13090-spin-revolution-homewash_32p7yn_1.png\",\"datePublished\":\"2025-01-06T12:51:03+00:00\",\"dateModified\":\"2025-01-22T14:12:18+00:00\",\"description\":\"Conga 13090 Spin Revolution Home&Wash - Veltec fournit des aspirateurs Kirby depuis plus de 25 ans. C'est votre sp\u00e9cialiste du service Kirby.\",\"breadcrumb\":{\"@id\":\"https:\\\/\\\/www.veltec.eu\\\/fr\\\/product\\\/conga-13090-spin-revolution-homewash\\\/#breadcrumb\"},\"inLanguage\":\"fr-FR\",\"potentialAction\":[{\"@type\":\"ReadAction\",\"target\":[\"https:\\\/\\\/www.veltec.eu\\\/fr\\\/product\\\/conga-13090-spin-revolution-homewash\\\/\"]}]},{\"@type\":\"ImageObject\",\"inLanguage\":\"fr-FR\",\"@id\":\"https:\\\/\\\/www.veltec.eu\\\/fr\\\/product\\\/conga-13090-spin-revolution-homewash\\\/#primaryimage\",\"url\":\"https:\\\/\\\/www.veltec.eu\\\/wp-content\\\/uploads\\\/2025\\\/01\\\/conga-13090-spin-revolution-homewash_32p7yn_1.png\",\"contentUrl\":\"https:\\\/\\\/www.veltec.eu\\\/wp-content\\\/uploads\\\/2025\\\/01\\\/conga-13090-spin-revolution-homewash_32p7yn_1.png\",\"width\":640,\"height\":640},{\"@type\":\"BreadcrumbList\",\"@id\":\"https:\\\/\\\/www.veltec.eu\\\/fr\\\/product\\\/conga-13090-spin-revolution-homewash\\\/#breadcrumb\",\"itemListElement\":[{\"@type\":\"ListItem\",\"position\":1,\"name\":\"Home\",\"item\":\"https:\\\/\\\/www.veltec.eu\\\/fr\\\/\"},{\"@type\":\"ListItem\",\"position\":2,\"name\":\"Produits\",\"item\":\"https:\\\/\\\/www.veltec.eu\\\/fr\\\/shop\\\/\"},{\"@type\":\"ListItem\",\"position\":3,\"name\":\"Conga 13090 Spin Revolution Home&#038;Wash\"}]},{\"@type\":\"WebSite\",\"@id\":\"https:\\\/\\\/www.veltec.eu\\\/en\\\/#website\",\"url\":\"https:\\\/\\\/www.veltec.eu\\\/en\\\/\",\"name\":\"Veltec Kirby specialist\",\"description\":\"Kirby stofzuiger producten\",\"publisher\":{\"@id\":\"https:\\\/\\\/www.veltec.eu\\\/en\\\/#organization\"},\"potentialAction\":[{\"@type\":\"SearchAction\",\"target\":{\"@type\":\"EntryPoint\",\"urlTemplate\":\"https:\\\/\\\/www.veltec.eu\\\/en\\\/?s={search_term_string}\"},\"query-input\":{\"@type\":\"PropertyValueSpecification\",\"valueRequired\":true,\"valueName\":\"search_term_string\"}}],\"inLanguage\":\"fr-FR\"},{\"@type\":\"Organization\",\"@id\":\"https:\\\/\\\/www.veltec.eu\\\/en\\\/#organization\",\"name\":\"Veltec Kirby Specialist\",\"url\":\"https:\\\/\\\/www.veltec.eu\\\/en\\\/\",\"logo\":{\"@type\":\"ImageObject\",\"inLanguage\":\"fr-FR\",\"@id\":\"https:\\\/\\\/www.veltec.eu\\\/en\\\/#\\\/schema\\\/logo\\\/image\\\/\",\"url\":\"https:\\\/\\\/www.veltec.eu\\\/wp-content\\\/uploads\\\/2021\\\/12\\\/Veltec-log-groot-e1537260889125.png\",\"contentUrl\":\"https:\\\/\\\/www.veltec.eu\\\/wp-content\\\/uploads\\\/2021\\\/12\\\/Veltec-log-groot-e1537260889125.png\",\"width\":200,\"height\":60,\"caption\":\"Veltec Kirby Specialist\"},\"image\":{\"@id\":\"https:\\\/\\\/www.veltec.eu\\\/en\\\/#\\\/schema\\\/logo\\\/image\\\/\"},\"sameAs\":[\"https:\\\/\\\/www.facebook.com\\\/Veltec-Kirby-Specialist-236746293374877\\\/\",\"https:\\\/\\\/www.youtube.com\\\/user\\\/VeltecService\"]}]}<\/script>\n<!-- \/ Yoast SEO Premium plugin. -->","yoast_head_json":{"title":"Conga 13090 Spin Revolution Home&Wash - Veltec Kirby specialist","description":"Conga 13090 Spin Revolution Home&Wash - Veltec fournit des aspirateurs Kirby depuis plus de 25 ans. C'est votre sp\u00e9cialiste du service Kirby.","robots":{"index":"index","follow":"follow","max-snippet":"max-snippet:-1","max-image-preview":"max-image-preview:large","max-video-preview":"max-video-preview:-1"},"canonical":"https:\/\/www.veltec.eu\/fr\/product\/conga-13090-spin-revolution-homewash\/","og_locale":"fr_FR","og_type":"article","og_title":"Conga 13090 Spin Revolution Home&Wash","og_description":"Conga 13090 Spin Revolution Home&amp;Wash - Robot aspirateur avec moteur d'aspiration 7000 Pa. Base 4 en 1, \u00e9quip\u00e9e de la technologie laser. Comprend 2 brosses centrales interchangeables : une mixte et une en silicone, optimale pour les poils d'animaux. Balais rotatifs. Brosse lat\u00e9rale. Application et connexion Bluetooth et WiFi pour les r\u00e9seaux 2,4 GHz et 5 GHz. &nbsp; En stock   Le d\u00e9lai de livraison est de 5 \u00e0 10 jours ouvrables    Garantie de 2 ans  &nbsp;","og_url":"https:\/\/www.veltec.eu\/fr\/product\/conga-13090-spin-revolution-homewash\/","og_site_name":"Veltec Kirby specialist","article_publisher":"https:\/\/www.facebook.com\/Veltec-Kirby-Specialist-236746293374877\/","article_modified_time":"2025-01-22T14:12:18+00:00","og_image":[{"width":640,"height":640,"url":"https:\/\/www.veltec.eu\/wp-content\/uploads\/2025\/01\/conga-13090-spin-revolution-homewash_32p7yn_1.png","type":"image\/png"}],"twitter_card":"summary_large_image","twitter_misc":{"Dur\u00e9e de lecture estim\u00e9e":"3 minutes"},"schema":{"@context":"https:\/\/schema.org","@graph":[{"@type":"WebPage","@id":"https:\/\/www.veltec.eu\/fr\/product\/conga-13090-spin-revolution-homewash\/","url":"https:\/\/www.veltec.eu\/fr\/product\/conga-13090-spin-revolution-homewash\/","name":"Conga 13090 Spin Revolution Home&Wash - Veltec Kirby specialist","isPartOf":{"@id":"https:\/\/www.veltec.eu\/en\/#website"},"primaryImageOfPage":{"@id":"https:\/\/www.veltec.eu\/fr\/product\/conga-13090-spin-revolution-homewash\/#primaryimage"},"image":{"@id":"https:\/\/www.veltec.eu\/fr\/product\/conga-13090-spin-revolution-homewash\/#primaryimage"},"thumbnailUrl":"https:\/\/www.veltec.eu\/wp-content\/uploads\/2025\/01\/conga-13090-spin-revolution-homewash_32p7yn_1.png","datePublished":"2025-01-06T12:51:03+00:00","dateModified":"2025-01-22T14:12:18+00:00","description":"Conga 13090 Spin Revolution Home&Wash - Veltec fournit des aspirateurs Kirby depuis plus de 25 ans. C'est votre sp\u00e9cialiste du service Kirby.","breadcrumb":{"@id":"https:\/\/www.veltec.eu\/fr\/product\/conga-13090-spin-revolution-homewash\/#breadcrumb"},"inLanguage":"fr-FR","potentialAction":[{"@type":"ReadAction","target":["https:\/\/www.veltec.eu\/fr\/product\/conga-13090-spin-revolution-homewash\/"]}]},{"@type":"ImageObject","inLanguage":"fr-FR","@id":"https:\/\/www.veltec.eu\/fr\/product\/conga-13090-spin-revolution-homewash\/#primaryimage","url":"https:\/\/www.veltec.eu\/wp-content\/uploads\/2025\/01\/conga-13090-spin-revolution-homewash_32p7yn_1.png","contentUrl":"https:\/\/www.veltec.eu\/wp-content\/uploads\/2025\/01\/conga-13090-spin-revolution-homewash_32p7yn_1.png","width":640,"height":640},{"@type":"BreadcrumbList","@id":"https:\/\/www.veltec.eu\/fr\/product\/conga-13090-spin-revolution-homewash\/#breadcrumb","itemListElement":[{"@type":"ListItem","position":1,"name":"Home","item":"https:\/\/www.veltec.eu\/fr\/"},{"@type":"ListItem","position":2,"name":"Produits","item":"https:\/\/www.veltec.eu\/fr\/shop\/"},{"@type":"ListItem","position":3,"name":"Conga 13090 Spin Revolution Home&#038;Wash"}]},{"@type":"WebSite","@id":"https:\/\/www.veltec.eu\/en\/#website","url":"https:\/\/www.veltec.eu\/en\/","name":"Veltec Kirby specialist","description":"Kirby stofzuiger producten","publisher":{"@id":"https:\/\/www.veltec.eu\/en\/#organization"},"potentialAction":[{"@type":"SearchAction","target":{"@type":"EntryPoint","urlTemplate":"https:\/\/www.veltec.eu\/en\/?s={search_term_string}"},"query-input":{"@type":"PropertyValueSpecification","valueRequired":true,"valueName":"search_term_string"}}],"inLanguage":"fr-FR"},{"@type":"Organization","@id":"https:\/\/www.veltec.eu\/en\/#organization","name":"Veltec Kirby Specialist","url":"https:\/\/www.veltec.eu\/en\/","logo":{"@type":"ImageObject","inLanguage":"fr-FR","@id":"https:\/\/www.veltec.eu\/en\/#\/schema\/logo\/image\/","url":"https:\/\/www.veltec.eu\/wp-content\/uploads\/2021\/12\/Veltec-log-groot-e1537260889125.png","contentUrl":"https:\/\/www.veltec.eu\/wp-content\/uploads\/2021\/12\/Veltec-log-groot-e1537260889125.png","width":200,"height":60,"caption":"Veltec Kirby Specialist"},"image":{"@id":"https:\/\/www.veltec.eu\/en\/#\/schema\/logo\/image\/"},"sameAs":["https:\/\/www.facebook.com\/Veltec-Kirby-Specialist-236746293374877\/","https:\/\/www.youtube.com\/user\/VeltecService"]}]}},"_links":{"self":[{"href":"https:\/\/www.veltec.eu\/fr\/wp-json\/wp\/v2\/product\/72898","targetHints":{"allow":["GET"]}}],"collection":[{"href":"https:\/\/www.veltec.eu\/fr\/wp-json\/wp\/v2\/product"}],"about":[{"href":"https:\/\/www.veltec.eu\/fr\/wp-json\/wp\/v2\/types\/product"}],"replies":[{"embeddable":true,"href":"https:\/\/www.veltec.eu\/fr\/wp-json\/wp\/v2\/comments?post=72898"}],"wp:featuredmedia":[{"embeddable":true,"href":"https:\/\/www.veltec.eu\/fr\/wp-json\/wp\/v2\/media\/72796"}],"wp:attachment":[{"href":"https:\/\/www.veltec.eu\/fr\/wp-json\/wp\/v2\/media?parent=72898"}],"wp:term":[{"taxonomy":"product_brand","embeddable":true,"href":"https:\/\/www.veltec.eu\/fr\/wp-json\/wp\/v2\/product_brand?post=72898"},{"taxonomy":"product_cat","embeddable":true,"href":"https:\/\/www.veltec.eu\/fr\/wp-json\/wp\/v2\/product_cat?post=72898"},{"taxonomy":"product_tag","embeddable":true,"href":"https:\/\/www.veltec.eu\/fr\/wp-json\/wp\/v2\/product_tag?post=72898"}],"curies":[{"name":"wp","href":"https:\/\/api.w.org\/{rel}","templated":true}]}}