{"id":72778,"date":"2025-01-06T11:50:44","date_gmt":"2025-01-06T09:50:44","guid":{"rendered":"https:\/\/www.veltec.eu\/product\/conga-8490-ultimate\/"},"modified":"2025-02-26T14:33:32","modified_gmt":"2025-02-26T12:33:32","slug":"robot-aspirateur-8490-ultimate","status":"publish","type":"product","link":"https:\/\/www.veltec.eu\/fr\/product\/robot-aspirateur-8490-ultimate\/","title":{"rendered":"Robot aspirateur 8490 Ultimate"},"content":{"rendered":"<h1>Robot aspirateur 8490 Ultimate<\/h1>\n<p>Aspirateur robot 8490 Ultimate &#8211; Aspirateur robot avec technologie de navigation laser. Base autovidante d&#8217;une capacit\u00e9 de 2,5 litres. Nettoyage 4 en 1 : frotte, aspire, passe la serpilli\u00e8re et balaie.<\/p>\n<p><a href=\"\/nl?product_cat=aspirateurs-robotises\">Retrouvez tous les aspirateurs robots ici<\/a><\/p>\n<h2>Pourquoi choisir le Robot aspirateur 8490 Ultimate ?<\/h2>\n<p>Dans un foyer occup\u00e9, le temps est pr\u00e9cieux. Le Robot aspirateur 8490 Ultimate offre la solution parfaite pour un nettoyage efficace et approfondi sans tracas. Gr\u00e2ce \u00e0 sa technologie de navigation laser et \u00e0 sa base autovidante de 2,5 litres, cet aspirateur robot vous garantit que vous n&#8217;aurez pas \u00e0 vous soucier du nettoyage de vos sols pendant des semaines. Que vous ayez une grande maison ou un appartement, cet aspirateur perfectionn\u00e9 s&#8217;adapte sans effort \u00e0 votre environnement.<\/p>\n<h2>Technologie de navigation laser avanc\u00e9e pour une plus grande pr\u00e9cision<\/h2>\n<h3>Aspirateur robot 8490 Ultimate avec carte interactive de votre maison<\/h3>\n<p>L&#8217;une des caract\u00e9ristiques les plus impressionnantes du Robot aspirateur 8490 Ultimate est sa navigation laser. Cette technologie permet d&#8217;obtenir une carte pr\u00e9cise et interactive de votre maison. Cela permet d&#8217;obtenir une exp\u00e9rience de nettoyage hautement personnalis\u00e9e, en nettoyant chaque pi\u00e8ce de la mani\u00e8re la plus efficace possible. M\u00eame dans les pi\u00e8ces sombres, le robot continue de travailler avec pr\u00e9cision gr\u00e2ce \u00e0 ses capteurs avanc\u00e9s.<\/p>\n<h3>Contr\u00f4le intelligent via l&#8217;application<\/h3>\n<p>Gr\u00e2ce \u00e0 l&#8217;application 3.0, vous contr\u00f4lez enti\u00e8rement l&#8217;aspirateur. Vous pouvez<\/p>\n<ul>\n<li>D\u00e9finir des itin\u00e9raires de nettoyage<\/li>\n<li>S\u00e9lectionner des pi\u00e8ces ou des zones sp\u00e9cifiques<\/li>\n<li>Mettre en place des barri\u00e8res virtuelles<\/li>\n<li>Cr\u00e9er un programme de nettoyage<\/li>\n<\/ul>\n<p>En quelques clics sur votre smartphone, vous d\u00e9cidez comment et quand votre maison est nettoy\u00e9e. Le robot aspirateur 8490 Ultimate est donc un choix id\u00e9al pour les personnes ayant un emploi du temps charg\u00e9.<\/p>\n<h2>Autonettoyage automatique : plus besoin de s&#8217;inqui\u00e9ter pendant des semaines<\/h2>\n<h3>Base autovidante de 2,5 litres<\/h3>\n<p>L&#8217;une des caract\u00e9ristiques les plus uniques de cet aspirateur robot est son syst\u00e8me d&#8217;\u00e9vacuation automatique de la poussi\u00e8re. La base a une capacit\u00e9 de 2,5 litres, ce qui signifie que vous n&#8217;aurez pas besoin de vider un bac \u00e0 poussi\u00e8re pendant des semaines. Cela permet de gagner du temps et de rendre le processus de nettoyage presque enti\u00e8rement autonome.<\/p>\n<h3>Hygi\u00e9nique et convivial<\/h3>\n<p>Gr\u00e2ce au syst\u00e8me d&#8217;autonettoyage, vous n&#8217;entrez pratiquement pas en contact avec la poussi\u00e8re. C&#8217;est un grand avantage pour les personnes souffrant d&#8217;allergies ou ayant des voies respiratoires sensibles. En outre, il vous facilite la vie : vous ne devez pas vider le bac \u00e0 poussi\u00e8re tous les jours.<\/p>\n<h2>Puissance d&#8217;aspiration maximale : 7 000 Pa pour un nettoyage en profondeur<\/h2>\n<h3>Convient \u00e0 tous les types de salet\u00e9<\/h3>\n<p>Gr\u00e2ce \u00e0 son moteur d&#8217;aspiration ultra-puissant de 7000 Pa, le Robot aspirateur 8490 Ultimate \u00e9limine sans effort la poussi\u00e8re, les cheveux et autres salet\u00e9s des sols durs et des tapis. Il est donc particuli\u00e8rement adapt\u00e9 aux foyers avec des animaux domestiques. Les poils des chiens et des chats sont aspir\u00e9s sans effort, sans encombrer les brosses.<\/p>\n<h3>Brosse en silicone sans velcro<\/h3>\n<p>L&#8217;aspirateur robot est \u00e9quip\u00e9 d&#8217;une brosse en silicone non encombrante, sp\u00e9cialement con\u00e7ue pour \u00e9liminer efficacement les poils et les salet\u00e9s coll\u00e9s. Cela r\u00e9duit la n\u00e9cessit\u00e9 de nettoyer la brosse r\u00e9guli\u00e8rement et augmente l&#8217;efficacit\u00e9 du nettoyage.<\/p>\n<h2>Nettoyage 4 en 1 : un nettoyage complet<\/h2>\n<h3>Aspirer, passer la serpilli\u00e8re, frotter et balayer<\/h3>\n<p>Le Robot aspirateur 8490 Ultimate n&#8217;est pas un aspirateur comme les autres : il aspire, passe la serpilli\u00e8re, frotte et balaie en m\u00eame temps. Cela signifie que vous pouvez obtenir un nettoyage complet de vos sols avec un seul appareil. Cela permet non seulement de gagner du temps, mais aussi d&#8217;obtenir un nettoyage en profondeur difficile \u00e0 r\u00e9aliser avec un aspirateur ordinaire.<\/p>\n<h3>Le robot aspirateur 8490 Ultimate est id\u00e9al pour diff\u00e9rents types de sols<\/h3>\n<p>Que vous ayez du carrelage, du stratifi\u00e9, du parquet ou de la moquette, cet aspirateur robot s&#8217;adapte automatiquement au type de sol. Gr\u00e2ce \u00e0 des capteurs intelligents, il d\u00e9tecte la surface et choisit le mode de nettoyage le plus adapt\u00e9.<\/p>\n<h2>Longue dur\u00e9e de vie de la batterie : id\u00e9al pour les grandes maisons<\/h2>\n<h3>Jusqu&#8217;\u00e0 170 m\u00b2 en un seul passage<\/h3>\n<p>Gr\u00e2ce \u00e0 sa batterie de 3200 mAh, le Robot aspirateur 8490 Ultimate peut nettoyer jusqu&#8217;\u00e0 170 minutes d&#8217;affil\u00e9e. Il est donc id\u00e9al pour les grandes habitations jusqu&#8217;\u00e0 170 m\u00b2. M\u00eame si la batterie est \u00e9puis\u00e9e, il retourne automatiquement \u00e0 la station de charge et reprend le nettoyage d\u00e8s qu&#8217;il est recharg\u00e9.<\/p>\n<h3>Total Surface 3.0 : aucun endroit ne reste sale<\/h3>\n<p>Gr\u00e2ce \u00e0 la technologie Total Surface 3.0, aucun endroit n&#8217;est oubli\u00e9. L&#8217;aspirateur d\u00e9tecte lorsque la batterie est faible, retourne \u00e0 la station de charge et poursuit le nettoyage d\u00e8s qu&#8217;il est suffisamment charg\u00e9. Ainsi, chaque nettoyage programm\u00e9 est enti\u00e8rement r\u00e9alis\u00e9.<\/p>\n<h2>Conclusion : le choix parfait pour un nettoyage sans effort<\/h2>\n<p>Le Robot aspirateur 8490 Ultimate est la solution id\u00e9ale pour ceux qui recherchent un aspirateur robot puissant, efficace et facile \u00e0 utiliser. Gr\u00e2ce \u00e0 sa navigation laser, sa puissance d&#8217;aspiration de 7000 Pa, son nettoyage 4 en 1 et sa base autonettoyante automatique, cet aspirateur vous permet d&#8217;\u00e9conomiser du temps et des efforts, tout en gardant votre maison parfaitement propre.<\/p>\n<h3>Les avantages en un coup d&#8217;\u0153il :<\/h3>\n<ul>\n<li>Navigation laser intelligente pour un nettoyage efficace<\/li>\n<li>R\u00e9glages personnalis\u00e9s via l&#8217;application<\/li>\n<li>D\u00e9poussi\u00e9rage automatique pour des semaines de confort<\/li>\n<li>Moteur d&#8217;aspiration puissant de 7000 Pa pour un nettoyage en profondeur<\/li>\n<li>Fonction de nettoyage 4 en 1 : aspirer, passer la serpilli\u00e8re, frotter et balayer<\/li>\n<li>Jusqu&#8217;\u00e0 170 minutes d&#8217;autonomie pour les grandes surfaces<\/li>\n<li>Brosse en silicone sans velcro, id\u00e9ale pour les animaux domestiques<\/li>\n<\/ul>\n<p>Avec le Robot aspirateur 8490 Ultimate, vous disposez d&#8217;un robot aspirateur innovant et de haute qualit\u00e9 qui r\u00e9volutionne votre routine de nettoyage. Facilitez-vous la vie et profitez d&#8217;une maison toujours propre, sans effort !<\/p>\n<h4>Composition<\/h4>\n<ul>\n<li>Base autovidante<\/li>\n<li>1 sac hygi\u00e9nique<\/li>\n<li>1 brosse lat\u00e9rale<\/li>\n<li>Brosse autonettoyante<\/li>\n<li>Brosse en silicone<\/li>\n<li>R\u00e9servoir mixte<\/li>\n<li>Filtre \u00e0 haute efficacit\u00e9<\/li>\n<li>Manuel d&#8217;utilisation<\/li>\n<li>Balai \u00e0 franges<\/li>\n<\/ul>\n<p>&nbsp;<\/p>\n","protected":false},"excerpt":{"rendered":"<p>Robot aspirateur 8490 Ultimate &#8211; Robot aspirateur avec technologie de navigation laser. Base autovidante d&#8217;une capacit\u00e9 de 2,5 litres. Nettoyage 4 en 1 : r\u00e9cure, aspire, passe la serpilli\u00e8re et balaie. Puissance d&#8217;aspiration de 7000 Pa. Jusqu&#8217;\u00e0 170 minutes d&#8217;autonomie de la batterie. Comprend 2 brosses centrales interchangeables : une mixte et une en silicone, optimale pour les poils d&#8217;animaux. Mop mop et 1 brosse lat\u00e9rale. 4 niveaux d&#8217;aspiration et de puissance de nettoyage s\u00e9lectionnables. Contr\u00f4le par APP et assistants virtuels.<\/p>\n<h3><span style=\"color: #008000;\">En stock<\/span><\/h3>\n[av_font_icon icon='ue812' font='entypo-fontello' style='' caption='' size='25px' position='left' color='#43ad66' link='' linktarget='' title_attr='' sonar_effect_effect='' sonar_effect_color='' sonar_effect_duration='1' sonar_effect_scale='' sonar_effect_opac='0.5' animation='' id='' custom_class='' template_class='' av_uid='' sc_version='1.0' admin_preview_bg=''][\/av_font_icon]\n<p><span style=\"color: #008000;\">Le d\u00e9lai de livraison est de 5 \u00e0 10 jours ouvrables<\/span><\/p>\n[av_font_icon icon='ue812' font='entypo-fontello' style='' caption='' size='25px' position='left' color='#43ad66' link='' linktarget='' title_attr='' sonar_effect_effect='' sonar_effect_color='' sonar_effect_duration='1' sonar_effect_scale='' sonar_effect_opac='0.5' animation='' id='' custom_class='' template_class='' av_uid='' sc_version='1.0' admin_preview_bg=''][\/av_font_icon]\n<p><span style=\"color: #008000;\">Garantie de 2 ans<\/span><\/p>\n<p>&nbsp;<\/p>\n","protected":false},"featured_media":72694,"comment_status":"open","ping_status":"closed","template":"","meta":[],"product_brand":[],"product_cat":[443],"product_tag":[],"class_list":{"0":"post-72778","1":"product","2":"type-product","3":"status-publish","4":"has-post-thumbnail","6":"product_cat-pas-de-categorie","8":"first","9":"outofstock","10":"taxable","11":"shipping-taxable","12":"purchasable","13":"product-type-simple"},"yoast_head":"<!-- This site is optimized with the Yoast SEO Premium plugin v27.1 (Yoast SEO v27.3) - https:\/\/yoast.com\/product\/yoast-seo-premium-wordpress\/ -->\n<title>Robot aspirateur 8490 Ultimate - Veltec Kirby specialist<\/title>\n<meta name=\"description\" content=\"Robot aspirateur 8490 Ultimate - Veltec fournit des aspirateurs Kirby depuis plus de 25 ans. C&#039;est votre sp\u00e9cialiste du service Kirby.\" \/>\n<meta name=\"robots\" content=\"index, follow, max-snippet:-1, max-image-preview:large, max-video-preview:-1\" \/>\n<link rel=\"canonical\" href=\"https:\/\/www.veltec.eu\/fr\/product\/robot-aspirateur-8490-ultimate\/\" \/>\n<meta property=\"og:locale\" content=\"fr_FR\" \/>\n<meta property=\"og:type\" content=\"article\" \/>\n<meta property=\"og:title\" content=\"Robot aspirateur 8490 Ultimate\" \/>\n<meta property=\"og:description\" content=\"Robot aspirateur 8490 Ultimate - Robot aspirateur avec technologie de navigation laser. Base autovidante d&#039;une capacit\u00e9 de 2,5 litres. Nettoyage 4 en 1 : r\u00e9cure, aspire, passe la serpilli\u00e8re et balaie. Puissance d&#039;aspiration de 7000 Pa. Jusqu&#039;\u00e0 170 minutes d&#039;autonomie de la batterie. Comprend 2 brosses centrales interchangeables : une mixte et une en silicone, optimale pour les poils d&#039;animaux. Mop mop et 1 brosse lat\u00e9rale. 4 niveaux d&#039;aspiration et de puissance de nettoyage s\u00e9lectionnables. Contr\u00f4le par APP et assistants virtuels. En stock   Le d\u00e9lai de livraison est de 5 \u00e0 10 jours ouvrables    Garantie de 2 ans  &nbsp;\" \/>\n<meta property=\"og:url\" content=\"https:\/\/www.veltec.eu\/fr\/product\/robot-aspirateur-8490-ultimate\/\" \/>\n<meta property=\"og:site_name\" content=\"Veltec Kirby specialist\" \/>\n<meta property=\"article:publisher\" content=\"https:\/\/www.facebook.com\/Veltec-Kirby-Specialist-236746293374877\/\" \/>\n<meta property=\"article:modified_time\" content=\"2025-02-26T12:33:32+00:00\" \/>\n<meta property=\"og:image\" content=\"https:\/\/www.veltec.eu\/wp-content\/uploads\/2025\/01\/conga-8490-ultimate-ultra-power-home_pe223l_1.png\" \/>\n\t<meta property=\"og:image:width\" content=\"640\" \/>\n\t<meta property=\"og:image:height\" content=\"640\" \/>\n\t<meta property=\"og:image:type\" content=\"image\/png\" \/>\n<meta name=\"twitter:card\" content=\"summary_large_image\" \/>\n<meta name=\"twitter:label1\" content=\"Dur\u00e9e de lecture estim\u00e9e\" \/>\n\t<meta name=\"twitter:data1\" content=\"5 minutes\" \/>\n<script type=\"application\/ld+json\" class=\"yoast-schema-graph\">{\"@context\":\"https:\\\/\\\/schema.org\",\"@graph\":[{\"@type\":\"WebPage\",\"@id\":\"https:\\\/\\\/www.veltec.eu\\\/fr\\\/product\\\/robot-aspirateur-8490-ultimate\\\/\",\"url\":\"https:\\\/\\\/www.veltec.eu\\\/fr\\\/product\\\/robot-aspirateur-8490-ultimate\\\/\",\"name\":\"Robot aspirateur 8490 Ultimate - Veltec Kirby specialist\",\"isPartOf\":{\"@id\":\"https:\\\/\\\/www.veltec.eu\\\/en\\\/#website\"},\"primaryImageOfPage\":{\"@id\":\"https:\\\/\\\/www.veltec.eu\\\/fr\\\/product\\\/robot-aspirateur-8490-ultimate\\\/#primaryimage\"},\"image\":{\"@id\":\"https:\\\/\\\/www.veltec.eu\\\/fr\\\/product\\\/robot-aspirateur-8490-ultimate\\\/#primaryimage\"},\"thumbnailUrl\":\"https:\\\/\\\/www.veltec.eu\\\/wp-content\\\/uploads\\\/2025\\\/01\\\/conga-8490-ultimate-ultra-power-home_pe223l_1.png\",\"datePublished\":\"2025-01-06T09:50:44+00:00\",\"dateModified\":\"2025-02-26T12:33:32+00:00\",\"description\":\"Robot aspirateur 8490 Ultimate - Veltec fournit des aspirateurs Kirby depuis plus de 25 ans. C'est votre sp\u00e9cialiste du service Kirby.\",\"breadcrumb\":{\"@id\":\"https:\\\/\\\/www.veltec.eu\\\/fr\\\/product\\\/robot-aspirateur-8490-ultimate\\\/#breadcrumb\"},\"inLanguage\":\"fr-FR\",\"potentialAction\":[{\"@type\":\"ReadAction\",\"target\":[\"https:\\\/\\\/www.veltec.eu\\\/fr\\\/product\\\/robot-aspirateur-8490-ultimate\\\/\"]}]},{\"@type\":\"ImageObject\",\"inLanguage\":\"fr-FR\",\"@id\":\"https:\\\/\\\/www.veltec.eu\\\/fr\\\/product\\\/robot-aspirateur-8490-ultimate\\\/#primaryimage\",\"url\":\"https:\\\/\\\/www.veltec.eu\\\/wp-content\\\/uploads\\\/2025\\\/01\\\/conga-8490-ultimate-ultra-power-home_pe223l_1.png\",\"contentUrl\":\"https:\\\/\\\/www.veltec.eu\\\/wp-content\\\/uploads\\\/2025\\\/01\\\/conga-8490-ultimate-ultra-power-home_pe223l_1.png\",\"width\":640,\"height\":640},{\"@type\":\"BreadcrumbList\",\"@id\":\"https:\\\/\\\/www.veltec.eu\\\/fr\\\/product\\\/robot-aspirateur-8490-ultimate\\\/#breadcrumb\",\"itemListElement\":[{\"@type\":\"ListItem\",\"position\":1,\"name\":\"Home\",\"item\":\"https:\\\/\\\/www.veltec.eu\\\/fr\\\/\"},{\"@type\":\"ListItem\",\"position\":2,\"name\":\"Produits\",\"item\":\"https:\\\/\\\/www.veltec.eu\\\/fr\\\/shop\\\/\"},{\"@type\":\"ListItem\",\"position\":3,\"name\":\"Robot aspirateur 8490 Ultimate\"}]},{\"@type\":\"WebSite\",\"@id\":\"https:\\\/\\\/www.veltec.eu\\\/en\\\/#website\",\"url\":\"https:\\\/\\\/www.veltec.eu\\\/en\\\/\",\"name\":\"Veltec Kirby specialist\",\"description\":\"Kirby stofzuiger producten\",\"publisher\":{\"@id\":\"https:\\\/\\\/www.veltec.eu\\\/en\\\/#organization\"},\"potentialAction\":[{\"@type\":\"SearchAction\",\"target\":{\"@type\":\"EntryPoint\",\"urlTemplate\":\"https:\\\/\\\/www.veltec.eu\\\/en\\\/?s={search_term_string}\"},\"query-input\":{\"@type\":\"PropertyValueSpecification\",\"valueRequired\":true,\"valueName\":\"search_term_string\"}}],\"inLanguage\":\"fr-FR\"},{\"@type\":\"Organization\",\"@id\":\"https:\\\/\\\/www.veltec.eu\\\/en\\\/#organization\",\"name\":\"Veltec Kirby Specialist\",\"url\":\"https:\\\/\\\/www.veltec.eu\\\/en\\\/\",\"logo\":{\"@type\":\"ImageObject\",\"inLanguage\":\"fr-FR\",\"@id\":\"https:\\\/\\\/www.veltec.eu\\\/en\\\/#\\\/schema\\\/logo\\\/image\\\/\",\"url\":\"https:\\\/\\\/www.veltec.eu\\\/wp-content\\\/uploads\\\/2021\\\/12\\\/Veltec-log-groot-e1537260889125.png\",\"contentUrl\":\"https:\\\/\\\/www.veltec.eu\\\/wp-content\\\/uploads\\\/2021\\\/12\\\/Veltec-log-groot-e1537260889125.png\",\"width\":200,\"height\":60,\"caption\":\"Veltec Kirby Specialist\"},\"image\":{\"@id\":\"https:\\\/\\\/www.veltec.eu\\\/en\\\/#\\\/schema\\\/logo\\\/image\\\/\"},\"sameAs\":[\"https:\\\/\\\/www.facebook.com\\\/Veltec-Kirby-Specialist-236746293374877\\\/\",\"https:\\\/\\\/www.youtube.com\\\/user\\\/VeltecService\"]}]}<\/script>\n<!-- \/ Yoast SEO Premium plugin. -->","yoast_head_json":{"title":"Robot aspirateur 8490 Ultimate - Veltec Kirby specialist","description":"Robot aspirateur 8490 Ultimate - Veltec fournit des aspirateurs Kirby depuis plus de 25 ans. C'est votre sp\u00e9cialiste du service Kirby.","robots":{"index":"index","follow":"follow","max-snippet":"max-snippet:-1","max-image-preview":"max-image-preview:large","max-video-preview":"max-video-preview:-1"},"canonical":"https:\/\/www.veltec.eu\/fr\/product\/robot-aspirateur-8490-ultimate\/","og_locale":"fr_FR","og_type":"article","og_title":"Robot aspirateur 8490 Ultimate","og_description":"Robot aspirateur 8490 Ultimate - Robot aspirateur avec technologie de navigation laser. Base autovidante d'une capacit\u00e9 de 2,5 litres. Nettoyage 4 en 1 : r\u00e9cure, aspire, passe la serpilli\u00e8re et balaie. Puissance d'aspiration de 7000 Pa. Jusqu'\u00e0 170 minutes d'autonomie de la batterie. Comprend 2 brosses centrales interchangeables : une mixte et une en silicone, optimale pour les poils d'animaux. Mop mop et 1 brosse lat\u00e9rale. 4 niveaux d'aspiration et de puissance de nettoyage s\u00e9lectionnables. Contr\u00f4le par APP et assistants virtuels. En stock   Le d\u00e9lai de livraison est de 5 \u00e0 10 jours ouvrables    Garantie de 2 ans  &nbsp;","og_url":"https:\/\/www.veltec.eu\/fr\/product\/robot-aspirateur-8490-ultimate\/","og_site_name":"Veltec Kirby specialist","article_publisher":"https:\/\/www.facebook.com\/Veltec-Kirby-Specialist-236746293374877\/","article_modified_time":"2025-02-26T12:33:32+00:00","og_image":[{"width":640,"height":640,"url":"https:\/\/www.veltec.eu\/wp-content\/uploads\/2025\/01\/conga-8490-ultimate-ultra-power-home_pe223l_1.png","type":"image\/png"}],"twitter_card":"summary_large_image","twitter_misc":{"Dur\u00e9e de lecture estim\u00e9e":"5 minutes"},"schema":{"@context":"https:\/\/schema.org","@graph":[{"@type":"WebPage","@id":"https:\/\/www.veltec.eu\/fr\/product\/robot-aspirateur-8490-ultimate\/","url":"https:\/\/www.veltec.eu\/fr\/product\/robot-aspirateur-8490-ultimate\/","name":"Robot aspirateur 8490 Ultimate - Veltec Kirby specialist","isPartOf":{"@id":"https:\/\/www.veltec.eu\/en\/#website"},"primaryImageOfPage":{"@id":"https:\/\/www.veltec.eu\/fr\/product\/robot-aspirateur-8490-ultimate\/#primaryimage"},"image":{"@id":"https:\/\/www.veltec.eu\/fr\/product\/robot-aspirateur-8490-ultimate\/#primaryimage"},"thumbnailUrl":"https:\/\/www.veltec.eu\/wp-content\/uploads\/2025\/01\/conga-8490-ultimate-ultra-power-home_pe223l_1.png","datePublished":"2025-01-06T09:50:44+00:00","dateModified":"2025-02-26T12:33:32+00:00","description":"Robot aspirateur 8490 Ultimate - Veltec fournit des aspirateurs Kirby depuis plus de 25 ans. C'est votre sp\u00e9cialiste du service Kirby.","breadcrumb":{"@id":"https:\/\/www.veltec.eu\/fr\/product\/robot-aspirateur-8490-ultimate\/#breadcrumb"},"inLanguage":"fr-FR","potentialAction":[{"@type":"ReadAction","target":["https:\/\/www.veltec.eu\/fr\/product\/robot-aspirateur-8490-ultimate\/"]}]},{"@type":"ImageObject","inLanguage":"fr-FR","@id":"https:\/\/www.veltec.eu\/fr\/product\/robot-aspirateur-8490-ultimate\/#primaryimage","url":"https:\/\/www.veltec.eu\/wp-content\/uploads\/2025\/01\/conga-8490-ultimate-ultra-power-home_pe223l_1.png","contentUrl":"https:\/\/www.veltec.eu\/wp-content\/uploads\/2025\/01\/conga-8490-ultimate-ultra-power-home_pe223l_1.png","width":640,"height":640},{"@type":"BreadcrumbList","@id":"https:\/\/www.veltec.eu\/fr\/product\/robot-aspirateur-8490-ultimate\/#breadcrumb","itemListElement":[{"@type":"ListItem","position":1,"name":"Home","item":"https:\/\/www.veltec.eu\/fr\/"},{"@type":"ListItem","position":2,"name":"Produits","item":"https:\/\/www.veltec.eu\/fr\/shop\/"},{"@type":"ListItem","position":3,"name":"Robot aspirateur 8490 Ultimate"}]},{"@type":"WebSite","@id":"https:\/\/www.veltec.eu\/en\/#website","url":"https:\/\/www.veltec.eu\/en\/","name":"Veltec Kirby specialist","description":"Kirby stofzuiger producten","publisher":{"@id":"https:\/\/www.veltec.eu\/en\/#organization"},"potentialAction":[{"@type":"SearchAction","target":{"@type":"EntryPoint","urlTemplate":"https:\/\/www.veltec.eu\/en\/?s={search_term_string}"},"query-input":{"@type":"PropertyValueSpecification","valueRequired":true,"valueName":"search_term_string"}}],"inLanguage":"fr-FR"},{"@type":"Organization","@id":"https:\/\/www.veltec.eu\/en\/#organization","name":"Veltec Kirby Specialist","url":"https:\/\/www.veltec.eu\/en\/","logo":{"@type":"ImageObject","inLanguage":"fr-FR","@id":"https:\/\/www.veltec.eu\/en\/#\/schema\/logo\/image\/","url":"https:\/\/www.veltec.eu\/wp-content\/uploads\/2021\/12\/Veltec-log-groot-e1537260889125.png","contentUrl":"https:\/\/www.veltec.eu\/wp-content\/uploads\/2021\/12\/Veltec-log-groot-e1537260889125.png","width":200,"height":60,"caption":"Veltec Kirby Specialist"},"image":{"@id":"https:\/\/www.veltec.eu\/en\/#\/schema\/logo\/image\/"},"sameAs":["https:\/\/www.facebook.com\/Veltec-Kirby-Specialist-236746293374877\/","https:\/\/www.youtube.com\/user\/VeltecService"]}]}},"_links":{"self":[{"href":"https:\/\/www.veltec.eu\/fr\/wp-json\/wp\/v2\/product\/72778","targetHints":{"allow":["GET"]}}],"collection":[{"href":"https:\/\/www.veltec.eu\/fr\/wp-json\/wp\/v2\/product"}],"about":[{"href":"https:\/\/www.veltec.eu\/fr\/wp-json\/wp\/v2\/types\/product"}],"replies":[{"embeddable":true,"href":"https:\/\/www.veltec.eu\/fr\/wp-json\/wp\/v2\/comments?post=72778"}],"wp:featuredmedia":[{"embeddable":true,"href":"https:\/\/www.veltec.eu\/fr\/wp-json\/wp\/v2\/media\/72694"}],"wp:attachment":[{"href":"https:\/\/www.veltec.eu\/fr\/wp-json\/wp\/v2\/media?parent=72778"}],"wp:term":[{"taxonomy":"product_brand","embeddable":true,"href":"https:\/\/www.veltec.eu\/fr\/wp-json\/wp\/v2\/product_brand?post=72778"},{"taxonomy":"product_cat","embeddable":true,"href":"https:\/\/www.veltec.eu\/fr\/wp-json\/wp\/v2\/product_cat?post=72778"},{"taxonomy":"product_tag","embeddable":true,"href":"https:\/\/www.veltec.eu\/fr\/wp-json\/wp\/v2\/product_tag?post=72778"}],"curies":[{"name":"wp","href":"https:\/\/api.w.org\/{rel}","templated":true}]}}