{"id":71974,"date":"2024-12-19T10:37:45","date_gmt":"2024-12-19T08:37:45","guid":{"rendered":"https:\/\/www.veltec.eu\/product\/conga-10090-ai-spin-revolution-lifestyle\/"},"modified":"2025-06-11T14:23:29","modified_gmt":"2025-06-11T12:23:29","slug":"robot-aspirateur-10090-ai-spin","status":"publish","type":"product","link":"https:\/\/www.veltec.eu\/fr\/product\/robot-aspirateur-10090-ai-spin\/","title":{"rendered":"Robot aspirateur 10090 AI Spin"},"content":{"rendered":"<h1>Robot aspirateur 10090 AI Spin<\/h1>\n<p>Aspirateur robot 10090 AI Spin avec intelligence artificielle, navigation laser et base anti-poussi\u00e8re auto-drainante.<\/p>\n<p><a href=\"\/nl?product_cat=aspirateurs-robotises\">Retrouvez tous les aspirateurs robots ici<\/a><\/p>\n<h2>Robot aspirateur 10090 AI Spin : la solution de nettoyage la plus intelligente et la plus puissante<\/h2>\n<p>Vous \u00eates \u00e0 la recherche de la solution de nettoyage ultime qui vous \u00e9pargnera des semaines de travail ? Le Robot aspirateur 10090 AI Spin offre une combinaison avanc\u00e9e d&#8217;intelligence artificielle, de navigation laser et d&#8217;une base anti-poussi\u00e8re autovidante. Avec ce robot, vous profiterez d&#8217;un nettoyage efficace, minutieux et sans effort dans votre maison.<\/p>\n<h3>Des semaines d&#8217;oubli de la poussi\u00e8re<\/h3>\n<p>Gr\u00e2ce au bac \u00e0 poussi\u00e8re auto-vidangeable dot\u00e9 d&#8217;un sac hygi\u00e9nique de 3 litres, vous n&#8217;aurez plus \u00e0 vous soucier de vider le bac \u00e0 poussi\u00e8re pendant des semaines. Le robot se d\u00e9barrasse automatiquement de sa poussi\u00e8re, ce qui signifie que vous devez effectuer beaucoup moins d&#8217;entretien. Le robot aspirateur 10090 AI Spin est donc id\u00e9al pour les m\u00e9nages occup\u00e9s qui souhaitent un environnement propre sans intervention quotidienne.<\/p>\n<h3>L&#8217;intelligence artificielle pour un nettoyage intelligent<\/h3>\n<p>La puce d&#8217;intelligence artificielle de ce robot aspirateur lui permet de d\u00e9tecter et d&#8217;\u00e9viter avec pr\u00e9cision les objets, petits et grands. Il nettoie ainsi avec une pr\u00e9cision maximale, m\u00eame dans les environnements encombr\u00e9s. Gr\u00e2ce \u00e0 cette technologie innovante, les collisions et les blocages sont r\u00e9duits au minimum.<\/p>\n<h3>Fonction de r\u00e9curage professionnel avec vadrouilles rotatives<\/h3>\n<p>Pour un nettoyage en profondeur, l&#8217;aspirateur Robot 10090 AI Spin est \u00e9quip\u00e9 de balais rotatifs qui exercent une pression sur le sol. Il est donc id\u00e9al pour \u00e9liminer les salet\u00e9s tenaces. Pour de meilleurs r\u00e9sultats, il est recommand\u00e9 de mouiller les serpilli\u00e8res au pr\u00e9alable.<\/p>\n<h3>10 000 Pa : une puissance d&#8217;aspiration extr\u00eame<\/h3>\n<p>Gr\u00e2ce \u00e0 son puissant moteur offrant une puissance d&#8217;aspiration de 10 000 Pa, cet aspirateur robotis\u00e9 peut aspirer sans effort la poussi\u00e8re, les cheveux et autres d\u00e9bris. Que vous ayez des sols durs ou des tapis hauts, cet aspirateur assure un nettoyage en profondeur de toutes les surfaces.<\/p>\n<h3>Grande autonomie : jusqu&#8217;\u00e0 240 m2 sans s&#8217;arr\u00eater<\/h3>\n<p>Gr\u00e2ce \u00e0 sa batterie de 5200 mAh, l&#8217;aspirateur robot peut aspirer pendant 240 minutes et frotter pendant 200 minutes, ce qui le rend parfait pour les grandes maisons. Il nettoie sans s&#8217;arr\u00eater, garantissant ainsi un espace de vie enti\u00e8rement propre.<\/p>\n<h3>Aspirateur robot 10090 AI Spin avec navigation laser pour un nettoyage pr\u00e9cis<\/h3>\n<p>Le robot utilise une technologie laser avanc\u00e9e pour cr\u00e9er une carte d\u00e9taill\u00e9e de votre maison. Il navigue ainsi avec une extr\u00eame pr\u00e9cision et ne manque aucun recoin. Ce syst\u00e8me fonctionne m\u00eame dans l&#8217;obscurit\u00e9, de sorte que le nettoyage se poursuit toujours.<\/p>\n<h3>Contr\u00f4le total avec l&#8217;application 3.0<\/h3>\n<p>Avec l&#8217;application 3.0, vous pouvez facilement :<\/p>\n<ul>\n<li>D\u00e9finir des horaires de nettoyage<\/li>\n<li>S\u00e9lectionner des zones sp\u00e9cifiques<\/li>\n<li>D\u00e9finir l&#8217;\u00e9vitement de certaines zones<\/li>\n<li>R\u00e9gler le mode de nettoyage par pi\u00e8ce<\/li>\n<\/ul>\n<p>O\u00f9 que vous soyez, vous avez toujours un contr\u00f4le total sur le nettoyage de votre maison.<\/p>\n<h3>D\u00e9tection des tapis par ultrasons pour un nettoyage optimis\u00e9<\/h3>\n<p>Le Robot aspirateur 10090 AI Spin reconna\u00eet automatiquement les tapis. En mode aspiration, il augmente imm\u00e9diatement sa puissance d&#8217;aspiration pour un nettoyage en profondeur. En mode brossage, il \u00e9vite les tapis pour ne pas les mouiller. Il est donc particuli\u00e8rement intelligent et efficace.<\/p>\n<h3>Brosse centrale en silicone : id\u00e9ale pour les animaux domestiques<\/h3>\n<p>Gr\u00e2ce \u00e0 sa conception en silicone, la brosse centrale emp\u00eache les poils de s&#8217;emm\u00ealer. Elle est donc id\u00e9ale pour les foyers avec des animaux de compagnie. Les lames flexibles permettent de d\u00e9coller et de ramasser la salet\u00e9 sur tous les types de sols.<\/p>\n<h3>Nettoyage multifonctionnel : aspirer, passer la serpilli\u00e8re et balayer<\/h3>\n<p>Ce robot aspirateur combine quatre fonctions en un seul appareil :<\/p>\n<ul>\n<li>Aspirer<\/li>\n<li>Vadrouille<\/li>\n<li>Frotter<\/li>\n<li>Balayer<\/li>\n<\/ul>\n<p>Il peut ex\u00e9cuter ces fonctions individuellement ou simultan\u00e9ment, pour un nettoyage efficace et rapide.<\/p>\n<h3>Total Surface 3.0 : un nettoyage toujours complet<\/h3>\n<p>Gr\u00e2ce \u00e0 la technologie Total Surface 3.0, l&#8217;aspirateur robot 10090 AI Spin garantit un nettoyage complet. Lorsque la batterie est faible, il retourne automatiquement \u00e0 sa base, se recharge et reprend le nettoyage exactement l\u00e0 o\u00f9 il s&#8217;est arr\u00eat\u00e9. Votre maison reste donc toujours parfaitement propre.<\/p>\n<h3>Pourquoi choisir l&#8217;aspirateur robot 10090 AI Spin ?<\/h3>\n<ul>\n<li>Base anti-poussi\u00e8re autovidante : aucun entretien n&#8217;est n\u00e9cessaire pendant des semaines<\/li>\n<li>Navigation contr\u00f4l\u00e9e par l&#8217;IA : intelligente et efficace<\/li>\n<li>Balais rotatifs pour un nettoyage professionnel<\/li>\n<li>Aspiration extr\u00eamement puissante de 10 000 Pa<\/li>\n<li>Longue dur\u00e9e de vie de la batterie pour les grandes maisons<\/li>\n<li>Navigation laser pr\u00e9cise, m\u00eame dans l&#8217;obscurit\u00e9<\/li>\n<li>Contr\u00f4le par application pour un nettoyage personnalis\u00e9<\/li>\n<li>Adapt\u00e9 aux animaux domestiques gr\u00e2ce \u00e0 la brosse en silicone<\/li>\n<li>D\u00e9tecte et \u00e9vite les tapis pendant le nettoyage<\/li>\n<li>Toujours un nettoyage complet avec Total Surface 3.0<\/li>\n<\/ul>\n<p>Avec l&#8217;aspirateur robot 10090 AI Spin, vous disposez d&#8217;un partenaire de nettoyage intelligent, puissant et n\u00e9cessitant peu d&#8217;entretien dans votre maison. Profitez d&#8217;une maison plus propre et plus saine sans aucun effort !<\/p>\n<h3>Composition<\/h3>\n<ul>\n<li>Robot aspirateur<\/li>\n<li>Socle auto-videur<\/li>\n<li>3 sacs \u00e0 poussi\u00e8re hygi\u00e9niques<\/li>\n<li>1 brosse lat\u00e9rale<\/li>\n<li>Brosse autonettoyante<\/li>\n<li>Brosse en silicone<\/li>\n<li>R\u00e9cipient \u00e0 m\u00e9lange<\/li>\n<li>Filtre \u00e0 haute efficacit\u00e9<\/li>\n<li>Manuel d&#8217;utilisation<\/li>\n<li>2 paquets de brosses rotatives<\/li>\n<\/ul>\n","protected":false},"excerpt":{"rendered":"<p>Robot aspirateur 10090 AI Spin avec intelligence artificielle, navigation laser et base auto-drainante. Intelligence artificielle, \u00e9vitement des objets. 4 en 1 : r\u00e9cure, aspire, passe la serpilli\u00e8re et balaie. Puissance d&#8217;aspiration de 10 000 Pa. Jusqu&#8217;\u00e0 240 minutes d&#8217;autonomie. Brossage professionnel avec des balais rotatifs. Brosse en silicone, id\u00e9ale pour les poils d&#8217;animaux. 1 brosse lat\u00e9rale. 4 niveaux de puissance d&#8217;aspiration et de lavage. Commande Cecotec APP et assistants virtuels.<\/p>\n<h3><span style=\"color: #008000;\">En stock<\/span><\/h3>\n[av_font_icon icon='ue812' font='entypo-fontello' style='' caption='' size='25px' position='left' color='#43ad66' link='' linktarget='' title_attr='' sonar_effect_effect='' sonar_effect_color='' sonar_effect_duration='1' sonar_effect_scale='' sonar_effect_opac='0.5' animation='' id='' custom_class='' template_class='' av_uid='' sc_version='1.0' admin_preview_bg=''][\/av_font_icon]\n<p><span style=\"color: #008000;\">Le d\u00e9lai de livraison est de 5 \u00e0 10 jours ouvrables<\/span><\/p>\n[av_font_icon icon='ue812' font='entypo-fontello' style='' caption='' size='25px' position='left' color='#43ad66' link='' linktarget='' title_attr='' sonar_effect_effect='' sonar_effect_color='' sonar_effect_duration='1' sonar_effect_scale='' sonar_effect_opac='0.5' animation='' id='' custom_class='' template_class='' av_uid='' sc_version='1.0' admin_preview_bg=''][\/av_font_icon]\n<p><span style=\"color: #008000;\">Garantie de 2 ans<\/span><\/p>\n<p>&nbsp;<\/p>\n","protected":false},"featured_media":71902,"comment_status":"open","ping_status":"closed","template":"","meta":[],"product_brand":[],"product_cat":[443],"product_tag":[],"class_list":{"0":"post-71974","1":"product","2":"type-product","3":"status-publish","4":"has-post-thumbnail","6":"product_cat-pas-de-categorie","8":"first","9":"instock","10":"sale","11":"taxable","12":"shipping-taxable","13":"purchasable","14":"product-type-simple"},"yoast_head":"<!-- This site is optimized with the Yoast SEO Premium plugin v27.1 (Yoast SEO v27.4) - https:\/\/yoast.com\/product\/yoast-seo-premium-wordpress\/ -->\n<title>Robot aspirateur 10090 AI Spin - Veltec Kirby specialist<\/title>\n<meta name=\"description\" content=\"Robot aspirateur 10090 AI Spin - Veltec fournit des aspirateurs Kirby depuis plus de 25 ans. C&#039;est votre sp\u00e9cialiste du service Kirby.\" \/>\n<meta name=\"robots\" content=\"index, follow, max-snippet:-1, max-image-preview:large, max-video-preview:-1\" \/>\n<link rel=\"canonical\" href=\"https:\/\/www.veltec.eu\/fr\/product\/robot-aspirateur-10090-ai-spin\/\" \/>\n<meta property=\"og:locale\" content=\"fr_FR\" \/>\n<meta property=\"og:type\" content=\"article\" \/>\n<meta property=\"og:title\" content=\"Robot aspirateur 10090 AI Spin\" \/>\n<meta property=\"og:description\" content=\"Robot aspirateur 10090 AI Spin avec intelligence artificielle, navigation laser et base auto-drainante. Intelligence artificielle, \u00e9vitement des objets. 4 en 1 : r\u00e9cure, aspire, passe la serpilli\u00e8re et balaie. Puissance d&#039;aspiration de 10 000 Pa. Jusqu&#039;\u00e0 240 minutes d&#039;autonomie. Brossage professionnel avec des balais rotatifs. Brosse en silicone, id\u00e9ale pour les poils d&#039;animaux. 1 brosse lat\u00e9rale. 4 niveaux de puissance d&#039;aspiration et de lavage. Commande Cecotec APP et assistants virtuels. En stock   Le d\u00e9lai de livraison est de 5 \u00e0 10 jours ouvrables    Garantie de 2 ans  &nbsp;\" \/>\n<meta property=\"og:url\" content=\"https:\/\/www.veltec.eu\/fr\/product\/robot-aspirateur-10090-ai-spin\/\" \/>\n<meta property=\"og:site_name\" content=\"Veltec Kirby specialist\" \/>\n<meta property=\"article:publisher\" content=\"https:\/\/www.facebook.com\/Veltec-Kirby-Specialist-236746293374877\/\" \/>\n<meta property=\"article:modified_time\" content=\"2025-06-11T12:23:29+00:00\" \/>\n<meta property=\"og:image\" content=\"https:\/\/www.veltec.eu\/wp-content\/uploads\/2024\/12\/conga-10090-ai-spin-revolution-ultra-power-home-lifestyle_lt9632_1.png\" \/>\n\t<meta property=\"og:image:width\" content=\"640\" \/>\n\t<meta property=\"og:image:height\" content=\"640\" \/>\n\t<meta property=\"og:image:type\" content=\"image\/png\" \/>\n<meta name=\"twitter:card\" content=\"summary_large_image\" \/>\n<meta name=\"twitter:label1\" content=\"Dur\u00e9e de lecture estim\u00e9e\" \/>\n\t<meta name=\"twitter:data1\" content=\"5 minutes\" \/>\n<script type=\"application\/ld+json\" class=\"yoast-schema-graph\">{\"@context\":\"https:\\\/\\\/schema.org\",\"@graph\":[{\"@type\":\"WebPage\",\"@id\":\"https:\\\/\\\/www.veltec.eu\\\/fr\\\/product\\\/robot-aspirateur-10090-ai-spin\\\/\",\"url\":\"https:\\\/\\\/www.veltec.eu\\\/fr\\\/product\\\/robot-aspirateur-10090-ai-spin\\\/\",\"name\":\"Robot aspirateur 10090 AI Spin - Veltec Kirby specialist\",\"isPartOf\":{\"@id\":\"https:\\\/\\\/www.veltec.eu\\\/en\\\/#website\"},\"primaryImageOfPage\":{\"@id\":\"https:\\\/\\\/www.veltec.eu\\\/fr\\\/product\\\/robot-aspirateur-10090-ai-spin\\\/#primaryimage\"},\"image\":{\"@id\":\"https:\\\/\\\/www.veltec.eu\\\/fr\\\/product\\\/robot-aspirateur-10090-ai-spin\\\/#primaryimage\"},\"thumbnailUrl\":\"https:\\\/\\\/www.veltec.eu\\\/wp-content\\\/uploads\\\/2024\\\/12\\\/conga-10090-ai-spin-revolution-ultra-power-home-lifestyle_lt9632_1.png\",\"datePublished\":\"2024-12-19T08:37:45+00:00\",\"dateModified\":\"2025-06-11T12:23:29+00:00\",\"description\":\"Robot aspirateur 10090 AI Spin - Veltec fournit des aspirateurs Kirby depuis plus de 25 ans. C'est votre sp\u00e9cialiste du service Kirby.\",\"breadcrumb\":{\"@id\":\"https:\\\/\\\/www.veltec.eu\\\/fr\\\/product\\\/robot-aspirateur-10090-ai-spin\\\/#breadcrumb\"},\"inLanguage\":\"fr-FR\",\"potentialAction\":[{\"@type\":\"ReadAction\",\"target\":[\"https:\\\/\\\/www.veltec.eu\\\/fr\\\/product\\\/robot-aspirateur-10090-ai-spin\\\/\"]}]},{\"@type\":\"ImageObject\",\"inLanguage\":\"fr-FR\",\"@id\":\"https:\\\/\\\/www.veltec.eu\\\/fr\\\/product\\\/robot-aspirateur-10090-ai-spin\\\/#primaryimage\",\"url\":\"https:\\\/\\\/www.veltec.eu\\\/wp-content\\\/uploads\\\/2024\\\/12\\\/conga-10090-ai-spin-revolution-ultra-power-home-lifestyle_lt9632_1.png\",\"contentUrl\":\"https:\\\/\\\/www.veltec.eu\\\/wp-content\\\/uploads\\\/2024\\\/12\\\/conga-10090-ai-spin-revolution-ultra-power-home-lifestyle_lt9632_1.png\",\"width\":640,\"height\":640},{\"@type\":\"BreadcrumbList\",\"@id\":\"https:\\\/\\\/www.veltec.eu\\\/fr\\\/product\\\/robot-aspirateur-10090-ai-spin\\\/#breadcrumb\",\"itemListElement\":[{\"@type\":\"ListItem\",\"position\":1,\"name\":\"Home\",\"item\":\"https:\\\/\\\/www.veltec.eu\\\/fr\\\/\"},{\"@type\":\"ListItem\",\"position\":2,\"name\":\"Produits\",\"item\":\"https:\\\/\\\/www.veltec.eu\\\/fr\\\/shop\\\/\"},{\"@type\":\"ListItem\",\"position\":3,\"name\":\"Robot aspirateur 10090 AI Spin\"}]},{\"@type\":\"WebSite\",\"@id\":\"https:\\\/\\\/www.veltec.eu\\\/en\\\/#website\",\"url\":\"https:\\\/\\\/www.veltec.eu\\\/en\\\/\",\"name\":\"Veltec Kirby specialist\",\"description\":\"Kirby stofzuiger producten\",\"publisher\":{\"@id\":\"https:\\\/\\\/www.veltec.eu\\\/en\\\/#organization\"},\"potentialAction\":[{\"@type\":\"SearchAction\",\"target\":{\"@type\":\"EntryPoint\",\"urlTemplate\":\"https:\\\/\\\/www.veltec.eu\\\/en\\\/?s={search_term_string}\"},\"query-input\":{\"@type\":\"PropertyValueSpecification\",\"valueRequired\":true,\"valueName\":\"search_term_string\"}}],\"inLanguage\":\"fr-FR\"},{\"@type\":\"Organization\",\"@id\":\"https:\\\/\\\/www.veltec.eu\\\/en\\\/#organization\",\"name\":\"Veltec Kirby Specialist\",\"url\":\"https:\\\/\\\/www.veltec.eu\\\/en\\\/\",\"logo\":{\"@type\":\"ImageObject\",\"inLanguage\":\"fr-FR\",\"@id\":\"https:\\\/\\\/www.veltec.eu\\\/en\\\/#\\\/schema\\\/logo\\\/image\\\/\",\"url\":\"https:\\\/\\\/www.veltec.eu\\\/wp-content\\\/uploads\\\/2021\\\/12\\\/Veltec-log-groot-e1537260889125.png\",\"contentUrl\":\"https:\\\/\\\/www.veltec.eu\\\/wp-content\\\/uploads\\\/2021\\\/12\\\/Veltec-log-groot-e1537260889125.png\",\"width\":200,\"height\":60,\"caption\":\"Veltec Kirby Specialist\"},\"image\":{\"@id\":\"https:\\\/\\\/www.veltec.eu\\\/en\\\/#\\\/schema\\\/logo\\\/image\\\/\"},\"sameAs\":[\"https:\\\/\\\/www.facebook.com\\\/Veltec-Kirby-Specialist-236746293374877\\\/\",\"https:\\\/\\\/www.youtube.com\\\/user\\\/VeltecService\"]}]}<\/script>\n<!-- \/ Yoast SEO Premium plugin. -->","yoast_head_json":{"title":"Robot aspirateur 10090 AI Spin - Veltec Kirby specialist","description":"Robot aspirateur 10090 AI Spin - Veltec fournit des aspirateurs Kirby depuis plus de 25 ans. C'est votre sp\u00e9cialiste du service Kirby.","robots":{"index":"index","follow":"follow","max-snippet":"max-snippet:-1","max-image-preview":"max-image-preview:large","max-video-preview":"max-video-preview:-1"},"canonical":"https:\/\/www.veltec.eu\/fr\/product\/robot-aspirateur-10090-ai-spin\/","og_locale":"fr_FR","og_type":"article","og_title":"Robot aspirateur 10090 AI Spin","og_description":"Robot aspirateur 10090 AI Spin avec intelligence artificielle, navigation laser et base auto-drainante. Intelligence artificielle, \u00e9vitement des objets. 4 en 1 : r\u00e9cure, aspire, passe la serpilli\u00e8re et balaie. Puissance d'aspiration de 10 000 Pa. Jusqu'\u00e0 240 minutes d'autonomie. Brossage professionnel avec des balais rotatifs. Brosse en silicone, id\u00e9ale pour les poils d'animaux. 1 brosse lat\u00e9rale. 4 niveaux de puissance d'aspiration et de lavage. Commande Cecotec APP et assistants virtuels. En stock   Le d\u00e9lai de livraison est de 5 \u00e0 10 jours ouvrables    Garantie de 2 ans  &nbsp;","og_url":"https:\/\/www.veltec.eu\/fr\/product\/robot-aspirateur-10090-ai-spin\/","og_site_name":"Veltec Kirby specialist","article_publisher":"https:\/\/www.facebook.com\/Veltec-Kirby-Specialist-236746293374877\/","article_modified_time":"2025-06-11T12:23:29+00:00","og_image":[{"width":640,"height":640,"url":"https:\/\/www.veltec.eu\/wp-content\/uploads\/2024\/12\/conga-10090-ai-spin-revolution-ultra-power-home-lifestyle_lt9632_1.png","type":"image\/png"}],"twitter_card":"summary_large_image","twitter_misc":{"Dur\u00e9e de lecture estim\u00e9e":"5 minutes"},"schema":{"@context":"https:\/\/schema.org","@graph":[{"@type":"WebPage","@id":"https:\/\/www.veltec.eu\/fr\/product\/robot-aspirateur-10090-ai-spin\/","url":"https:\/\/www.veltec.eu\/fr\/product\/robot-aspirateur-10090-ai-spin\/","name":"Robot aspirateur 10090 AI Spin - Veltec Kirby specialist","isPartOf":{"@id":"https:\/\/www.veltec.eu\/en\/#website"},"primaryImageOfPage":{"@id":"https:\/\/www.veltec.eu\/fr\/product\/robot-aspirateur-10090-ai-spin\/#primaryimage"},"image":{"@id":"https:\/\/www.veltec.eu\/fr\/product\/robot-aspirateur-10090-ai-spin\/#primaryimage"},"thumbnailUrl":"https:\/\/www.veltec.eu\/wp-content\/uploads\/2024\/12\/conga-10090-ai-spin-revolution-ultra-power-home-lifestyle_lt9632_1.png","datePublished":"2024-12-19T08:37:45+00:00","dateModified":"2025-06-11T12:23:29+00:00","description":"Robot aspirateur 10090 AI Spin - Veltec fournit des aspirateurs Kirby depuis plus de 25 ans. C'est votre sp\u00e9cialiste du service Kirby.","breadcrumb":{"@id":"https:\/\/www.veltec.eu\/fr\/product\/robot-aspirateur-10090-ai-spin\/#breadcrumb"},"inLanguage":"fr-FR","potentialAction":[{"@type":"ReadAction","target":["https:\/\/www.veltec.eu\/fr\/product\/robot-aspirateur-10090-ai-spin\/"]}]},{"@type":"ImageObject","inLanguage":"fr-FR","@id":"https:\/\/www.veltec.eu\/fr\/product\/robot-aspirateur-10090-ai-spin\/#primaryimage","url":"https:\/\/www.veltec.eu\/wp-content\/uploads\/2024\/12\/conga-10090-ai-spin-revolution-ultra-power-home-lifestyle_lt9632_1.png","contentUrl":"https:\/\/www.veltec.eu\/wp-content\/uploads\/2024\/12\/conga-10090-ai-spin-revolution-ultra-power-home-lifestyle_lt9632_1.png","width":640,"height":640},{"@type":"BreadcrumbList","@id":"https:\/\/www.veltec.eu\/fr\/product\/robot-aspirateur-10090-ai-spin\/#breadcrumb","itemListElement":[{"@type":"ListItem","position":1,"name":"Home","item":"https:\/\/www.veltec.eu\/fr\/"},{"@type":"ListItem","position":2,"name":"Produits","item":"https:\/\/www.veltec.eu\/fr\/shop\/"},{"@type":"ListItem","position":3,"name":"Robot aspirateur 10090 AI Spin"}]},{"@type":"WebSite","@id":"https:\/\/www.veltec.eu\/en\/#website","url":"https:\/\/www.veltec.eu\/en\/","name":"Veltec Kirby specialist","description":"Kirby stofzuiger producten","publisher":{"@id":"https:\/\/www.veltec.eu\/en\/#organization"},"potentialAction":[{"@type":"SearchAction","target":{"@type":"EntryPoint","urlTemplate":"https:\/\/www.veltec.eu\/en\/?s={search_term_string}"},"query-input":{"@type":"PropertyValueSpecification","valueRequired":true,"valueName":"search_term_string"}}],"inLanguage":"fr-FR"},{"@type":"Organization","@id":"https:\/\/www.veltec.eu\/en\/#organization","name":"Veltec Kirby Specialist","url":"https:\/\/www.veltec.eu\/en\/","logo":{"@type":"ImageObject","inLanguage":"fr-FR","@id":"https:\/\/www.veltec.eu\/en\/#\/schema\/logo\/image\/","url":"https:\/\/www.veltec.eu\/wp-content\/uploads\/2021\/12\/Veltec-log-groot-e1537260889125.png","contentUrl":"https:\/\/www.veltec.eu\/wp-content\/uploads\/2021\/12\/Veltec-log-groot-e1537260889125.png","width":200,"height":60,"caption":"Veltec Kirby Specialist"},"image":{"@id":"https:\/\/www.veltec.eu\/en\/#\/schema\/logo\/image\/"},"sameAs":["https:\/\/www.facebook.com\/Veltec-Kirby-Specialist-236746293374877\/","https:\/\/www.youtube.com\/user\/VeltecService"]}]}},"_links":{"self":[{"href":"https:\/\/www.veltec.eu\/fr\/wp-json\/wp\/v2\/product\/71974","targetHints":{"allow":["GET"]}}],"collection":[{"href":"https:\/\/www.veltec.eu\/fr\/wp-json\/wp\/v2\/product"}],"about":[{"href":"https:\/\/www.veltec.eu\/fr\/wp-json\/wp\/v2\/types\/product"}],"replies":[{"embeddable":true,"href":"https:\/\/www.veltec.eu\/fr\/wp-json\/wp\/v2\/comments?post=71974"}],"wp:featuredmedia":[{"embeddable":true,"href":"https:\/\/www.veltec.eu\/fr\/wp-json\/wp\/v2\/media\/71902"}],"wp:attachment":[{"href":"https:\/\/www.veltec.eu\/fr\/wp-json\/wp\/v2\/media?parent=71974"}],"wp:term":[{"taxonomy":"product_brand","embeddable":true,"href":"https:\/\/www.veltec.eu\/fr\/wp-json\/wp\/v2\/product_brand?post=71974"},{"taxonomy":"product_cat","embeddable":true,"href":"https:\/\/www.veltec.eu\/fr\/wp-json\/wp\/v2\/product_cat?post=71974"},{"taxonomy":"product_tag","embeddable":true,"href":"https:\/\/www.veltec.eu\/fr\/wp-json\/wp\/v2\/product_tag?post=71974"}],"curies":[{"name":"wp","href":"https:\/\/api.w.org\/{rel}","templated":true}]}}