{"id":70473,"date":"2024-11-22T12:03:08","date_gmt":"2024-11-22T10:03:08","guid":{"rendered":"https:\/\/www.veltec.eu\/product\/vis-arriere-du-carter-de-moteur-kirby-2x\/"},"modified":"2024-12-09T16:50:27","modified_gmt":"2024-12-09T14:50:27","slug":"vis-arriere-du-carter-de-moteur-kirby-2x","status":"publish","type":"product","link":"https:\/\/www.veltec.eu\/fr\/product\/vis-arriere-du-carter-de-moteur-kirby-2x\/","title":{"rendered":"Vis arri\u00e8re du carter de moteur Kirby 2x"},"content":{"rendered":"<h1>Vis arri\u00e8re de carter de moteur Kirby 2x<\/h1>\n<p>Vis arri\u00e8re du carter du moteur Kirby 2x pour la fixation de l&#8217;arri\u00e8re du moteur Kirby.<\/p>\n<p>Ces vis sont universelles et conviennent \u00e0 tous les aspirateurs Kirby ;<\/p>\n<ul>\n<li>Avalir Platinum<\/li>\n<li>Avalir 2<\/li>\n<li>Avalir 1<\/li>\n<li>Sentria 2 (G10D)<\/li>\n<li>Sentria 1 (G10)<\/li>\n<li>Ultimate G Diamond Ed.(G7D or DE)<\/li>\n<li>Ultimate G (G7 or UG)<\/li>\n<li>Generation 6 (G6)<\/li>\n<li>Generation 5 (G5)<\/li>\n<li>Generation 4 (G4)<\/li>\n<li>Generation 3 (G3)<\/li>\n<\/ul>\n<h2>Vis arri\u00e8re de carter de moteur Kirby 2x &#8211; La solution id\u00e9ale pour un montage solide du moteur<\/h2>\n<p>Vous cherchez des vis de rechange pour votre aspirateur Kirby ? La vis de carter de moteur Kirby est la solution pour maintenir votre aspirateur Kirby en parfait \u00e9tat. Ces vis \u00e0 t\u00eate cruciforme de haute qualit\u00e9 sont sp\u00e9cialement con\u00e7ues pour fixer solidement le moteur au bo\u00eetier et s&#8217;adaptent \u00e0 tous les types d&#8217;aspirateurs Kirby. Ces vis permettront \u00e0 votre aspirateur de fonctionner au mieux, en garantissant des performances et une fiabilit\u00e9 \u00e0 long terme.<\/p>\n<p>Vous trouverez ci-dessous toutes <a href=\"https:\/\/www.veltec.eu\/fr\/?page_id=59333\">les pi\u00e8ces de moteur Kirby<\/a><\/p>\n<h3>Pourquoi choisir la vis arri\u00e8re du carter moteur Kirby 2x ?<\/h3>\n<p>Le remplacement de pi\u00e8ces telles que les vis peut sembler un petit d\u00e9tail, mais il est crucial pour la dur\u00e9e de vie de votre aspirateur Kirby. Fabriqu\u00e9es dans un mat\u00e9riau durable, ces vis arri\u00e8re offrent les avantages suivants<\/p>\n<p>Un ajustement parfait : Con\u00e7ues pour s&#8217;adapter parfaitement \u00e0 l&#8217;arri\u00e8re du bo\u00eetier du moteur.<br \/>\nCompatibilit\u00e9 universelle : convient \u00e0 tous les mod\u00e8les Kirby, quelle que soit l&#8217;ann\u00e9e de fabrication.<br \/>\nUne installation facile : Gr\u00e2ce \u00e0 leur t\u00eate Phillips, ces vis sont faciles \u00e0 installer.<\/p>\n<p>Avec ces vis, vous vous assurez que votre moteur reste fermement fix\u00e9, ce qui est essentiel pour le bon fonctionnement de l&#8217;aspirateur.<\/p>\n<h3>\u00c0 qui s&#8217;adressent ces vis ?<\/h3>\n<p>Ces vis sont parfaites pour :<\/p>\n<ul>\n<li>Bricoleurs : Votre aspirateur Kirby a besoin d&#8217;\u00eatre entretenu ? Avec ces vis, vous pouvez facilement le faire vous-m\u00eame.<\/li>\n<li>M\u00e9caniciens professionnels : Une pi\u00e8ce indispensable pour votre kit de r\u00e9paration.<\/li>\n<li>Tous les propri\u00e9taires de Kirby : Qu&#8217;il s&#8217;agisse d&#8217;un nouveau mod\u00e8le ou d&#8217;un mod\u00e8le plus ancien, ces vis vous apporteront toujours la bonne solution.<\/li>\n<\/ul>\n<h3>Commandez d\u00e8s aujourd&#8217;hui<\/h3>\n<p>Ne manquez pas cette occasion de maintenir votre aspirateur Kirby \u00e0 son meilleur niveau. Avec la vis de carter de moteur Kirby, vous \u00eates assur\u00e9 de la qualit\u00e9 et de la durabilit\u00e9. N&#8217;attendez plus et commandez d\u00e8s aujourd&#8217;hui pour que votre Kirby fonctionne \u00e0 nouveau comme un neuf !<\/p>\n<p>Avec ces vis de remplacement, vous apportez s\u00e9curit\u00e9 et fiabilit\u00e9 dans votre maison. Compl\u00e9tez votre aspirateur et continuez \u00e0 profiter des performances puissantes que Kirby vous offre.<\/p>\n","protected":false},"excerpt":{"rendered":"<p>Vis arri\u00e8re du carter de moteur Kirby 2x<\/p>\n[trustindex data-widget-id=e3bb80b24fa128098b960fc2439]\n<h3><span style=\"color: #339966;\">En stock<\/span><\/h3>\n[av_font_icon icon='ue812' font='entypo-fontello' style='' caption='' size='25px' position='left' color='#43ad66' link='' linktarget='' title_attr='' sonar_effect_effect='' sonar_effect_color='' sonar_effect_duration='1' sonar_effect_scale='' sonar_effect_opac='0.5' animation='' id='' custom_class='' template_class='' av_uid='' sc_version='1.0' admin_preview_bg=''][\/av_font_icon]\n<p><span style=\"color: #008000;\">Command\u00e9 23:59, exp\u00e9di\u00e9 demain<\/span><\/p>\n","protected":false},"featured_media":70463,"comment_status":"open","ping_status":"closed","template":"","meta":{"_acf_changed":false},"product_brand":[],"product_cat":[359],"product_tag":[],"class_list":{"0":"post-70473","1":"product","2":"type-product","3":"status-publish","4":"has-post-thumbnail","6":"product_cat-kirby-pieces-detachees-de-moteur","8":"first","9":"instock","10":"taxable","11":"shipping-taxable","12":"purchasable","13":"product-type-simple"},"acf":[],"yoast_head":"<!-- This site is optimized with the Yoast SEO Premium plugin v27.1 (Yoast SEO v27.4) - https:\/\/yoast.com\/product\/yoast-seo-premium-wordpress\/ -->\n<title>Vis arri\u00e8re du carter de moteur Kirby 2x - Veltec Kirby specialist<\/title>\n<meta name=\"description\" content=\"Vis arri\u00e8re du carter de moteur Kirby 2x - Veltec est un fournisseur d&#039;aspirateurs Kirby depuis plus de 25 ans. Et est votre sp\u00e9cialiste aspirateurs Kirby.\" \/>\n<meta name=\"robots\" content=\"index, follow, max-snippet:-1, max-image-preview:large, max-video-preview:-1\" \/>\n<link rel=\"canonical\" href=\"https:\/\/www.veltec.eu\/fr\/product\/vis-arriere-du-carter-de-moteur-kirby-2x\/\" \/>\n<meta property=\"og:locale\" content=\"fr_FR\" \/>\n<meta property=\"og:type\" content=\"article\" \/>\n<meta property=\"og:title\" content=\"Vis arri\u00e8re du carter de moteur Kirby 2x\" \/>\n<meta property=\"og:description\" content=\"Vis arri\u00e8re du carter de moteur Kirby 2x   En stock   Command\u00e9 23:59, exp\u00e9di\u00e9 demain\" \/>\n<meta property=\"og:url\" content=\"https:\/\/www.veltec.eu\/fr\/product\/vis-arriere-du-carter-de-moteur-kirby-2x\/\" \/>\n<meta property=\"og:site_name\" content=\"Veltec Kirby specialist\" \/>\n<meta property=\"article:publisher\" content=\"https:\/\/www.facebook.com\/Veltec-Kirby-Specialist-236746293374877\/\" \/>\n<meta property=\"article:modified_time\" content=\"2024-12-09T14:50:27+00:00\" \/>\n<meta property=\"og:image\" content=\"https:\/\/www.veltec.eu\/wp-content\/uploads\/2024\/11\/Motor-schroef.jpg\" \/>\n\t<meta property=\"og:image:width\" content=\"325\" \/>\n\t<meta property=\"og:image:height\" content=\"325\" \/>\n\t<meta property=\"og:image:type\" content=\"image\/jpeg\" \/>\n<meta name=\"twitter:card\" content=\"summary_large_image\" \/>\n<meta name=\"twitter:label1\" content=\"Dur\u00e9e de lecture estim\u00e9e\" \/>\n\t<meta name=\"twitter:data1\" content=\"3 minutes\" \/>\n<script type=\"application\/ld+json\" class=\"yoast-schema-graph\">{\"@context\":\"https:\\\/\\\/schema.org\",\"@graph\":[{\"@type\":\"WebPage\",\"@id\":\"https:\\\/\\\/www.veltec.eu\\\/fr\\\/product\\\/vis-arriere-du-carter-de-moteur-kirby-2x\\\/\",\"url\":\"https:\\\/\\\/www.veltec.eu\\\/fr\\\/product\\\/vis-arriere-du-carter-de-moteur-kirby-2x\\\/\",\"name\":\"Vis arri\u00e8re du carter de moteur Kirby 2x - Veltec Kirby specialist\",\"isPartOf\":{\"@id\":\"https:\\\/\\\/www.veltec.eu\\\/en\\\/#website\"},\"primaryImageOfPage\":{\"@id\":\"https:\\\/\\\/www.veltec.eu\\\/fr\\\/product\\\/vis-arriere-du-carter-de-moteur-kirby-2x\\\/#primaryimage\"},\"image\":{\"@id\":\"https:\\\/\\\/www.veltec.eu\\\/fr\\\/product\\\/vis-arriere-du-carter-de-moteur-kirby-2x\\\/#primaryimage\"},\"thumbnailUrl\":\"https:\\\/\\\/www.veltec.eu\\\/wp-content\\\/uploads\\\/2024\\\/11\\\/Motor-schroef.jpg\",\"datePublished\":\"2024-11-22T10:03:08+00:00\",\"dateModified\":\"2024-12-09T14:50:27+00:00\",\"description\":\"Vis arri\u00e8re du carter de moteur Kirby 2x - Veltec est un fournisseur d'aspirateurs Kirby depuis plus de 25 ans. Et est votre sp\u00e9cialiste aspirateurs Kirby.\",\"breadcrumb\":{\"@id\":\"https:\\\/\\\/www.veltec.eu\\\/fr\\\/product\\\/vis-arriere-du-carter-de-moteur-kirby-2x\\\/#breadcrumb\"},\"inLanguage\":\"fr-FR\",\"potentialAction\":[{\"@type\":\"ReadAction\",\"target\":[\"https:\\\/\\\/www.veltec.eu\\\/fr\\\/product\\\/vis-arriere-du-carter-de-moteur-kirby-2x\\\/\"]}]},{\"@type\":\"ImageObject\",\"inLanguage\":\"fr-FR\",\"@id\":\"https:\\\/\\\/www.veltec.eu\\\/fr\\\/product\\\/vis-arriere-du-carter-de-moteur-kirby-2x\\\/#primaryimage\",\"url\":\"https:\\\/\\\/www.veltec.eu\\\/wp-content\\\/uploads\\\/2024\\\/11\\\/Motor-schroef.jpg\",\"contentUrl\":\"https:\\\/\\\/www.veltec.eu\\\/wp-content\\\/uploads\\\/2024\\\/11\\\/Motor-schroef.jpg\",\"width\":325,\"height\":325},{\"@type\":\"BreadcrumbList\",\"@id\":\"https:\\\/\\\/www.veltec.eu\\\/fr\\\/product\\\/vis-arriere-du-carter-de-moteur-kirby-2x\\\/#breadcrumb\",\"itemListElement\":[{\"@type\":\"ListItem\",\"position\":1,\"name\":\"Home\",\"item\":\"https:\\\/\\\/www.veltec.eu\\\/fr\\\/\"},{\"@type\":\"ListItem\",\"position\":2,\"name\":\"Boutique Kirby\",\"item\":\"https:\\\/\\\/www.veltec.eu\\\/fr\\\/boutique-kirby\\\/\"},{\"@type\":\"ListItem\",\"position\":3,\"name\":\"Vis arri\u00e8re du carter de moteur Kirby 2x\"}]},{\"@type\":\"WebSite\",\"@id\":\"https:\\\/\\\/www.veltec.eu\\\/en\\\/#website\",\"url\":\"https:\\\/\\\/www.veltec.eu\\\/en\\\/\",\"name\":\"Veltec Kirby specialist\",\"description\":\"Kirby stofzuiger producten\",\"publisher\":{\"@id\":\"https:\\\/\\\/www.veltec.eu\\\/en\\\/#organization\"},\"potentialAction\":[{\"@type\":\"SearchAction\",\"target\":{\"@type\":\"EntryPoint\",\"urlTemplate\":\"https:\\\/\\\/www.veltec.eu\\\/en\\\/?s={search_term_string}\"},\"query-input\":{\"@type\":\"PropertyValueSpecification\",\"valueRequired\":true,\"valueName\":\"search_term_string\"}}],\"inLanguage\":\"fr-FR\"},{\"@type\":\"Organization\",\"@id\":\"https:\\\/\\\/www.veltec.eu\\\/en\\\/#organization\",\"name\":\"Veltec Kirby Specialist\",\"url\":\"https:\\\/\\\/www.veltec.eu\\\/en\\\/\",\"logo\":{\"@type\":\"ImageObject\",\"inLanguage\":\"fr-FR\",\"@id\":\"https:\\\/\\\/www.veltec.eu\\\/en\\\/#\\\/schema\\\/logo\\\/image\\\/\",\"url\":\"https:\\\/\\\/www.veltec.eu\\\/wp-content\\\/uploads\\\/2021\\\/12\\\/Veltec-log-groot-e1537260889125.png\",\"contentUrl\":\"https:\\\/\\\/www.veltec.eu\\\/wp-content\\\/uploads\\\/2021\\\/12\\\/Veltec-log-groot-e1537260889125.png\",\"width\":200,\"height\":60,\"caption\":\"Veltec Kirby Specialist\"},\"image\":{\"@id\":\"https:\\\/\\\/www.veltec.eu\\\/en\\\/#\\\/schema\\\/logo\\\/image\\\/\"},\"sameAs\":[\"https:\\\/\\\/www.facebook.com\\\/Veltec-Kirby-Specialist-236746293374877\\\/\",\"https:\\\/\\\/www.youtube.com\\\/user\\\/VeltecService\"]}]}<\/script>\n<!-- \/ Yoast SEO Premium plugin. -->","yoast_head_json":{"title":"Vis arri\u00e8re du carter de moteur Kirby 2x - Veltec Kirby specialist","description":"Vis arri\u00e8re du carter de moteur Kirby 2x - Veltec est un fournisseur d'aspirateurs Kirby depuis plus de 25 ans. Et est votre sp\u00e9cialiste aspirateurs Kirby.","robots":{"index":"index","follow":"follow","max-snippet":"max-snippet:-1","max-image-preview":"max-image-preview:large","max-video-preview":"max-video-preview:-1"},"canonical":"https:\/\/www.veltec.eu\/fr\/product\/vis-arriere-du-carter-de-moteur-kirby-2x\/","og_locale":"fr_FR","og_type":"article","og_title":"Vis arri\u00e8re du carter de moteur Kirby 2x","og_description":"Vis arri\u00e8re du carter de moteur Kirby 2x   En stock   Command\u00e9 23:59, exp\u00e9di\u00e9 demain","og_url":"https:\/\/www.veltec.eu\/fr\/product\/vis-arriere-du-carter-de-moteur-kirby-2x\/","og_site_name":"Veltec Kirby specialist","article_publisher":"https:\/\/www.facebook.com\/Veltec-Kirby-Specialist-236746293374877\/","article_modified_time":"2024-12-09T14:50:27+00:00","og_image":[{"width":325,"height":325,"url":"https:\/\/www.veltec.eu\/wp-content\/uploads\/2024\/11\/Motor-schroef.jpg","type":"image\/jpeg"}],"twitter_card":"summary_large_image","twitter_misc":{"Dur\u00e9e de lecture estim\u00e9e":"3 minutes"},"schema":{"@context":"https:\/\/schema.org","@graph":[{"@type":"WebPage","@id":"https:\/\/www.veltec.eu\/fr\/product\/vis-arriere-du-carter-de-moteur-kirby-2x\/","url":"https:\/\/www.veltec.eu\/fr\/product\/vis-arriere-du-carter-de-moteur-kirby-2x\/","name":"Vis arri\u00e8re du carter de moteur Kirby 2x - Veltec Kirby specialist","isPartOf":{"@id":"https:\/\/www.veltec.eu\/en\/#website"},"primaryImageOfPage":{"@id":"https:\/\/www.veltec.eu\/fr\/product\/vis-arriere-du-carter-de-moteur-kirby-2x\/#primaryimage"},"image":{"@id":"https:\/\/www.veltec.eu\/fr\/product\/vis-arriere-du-carter-de-moteur-kirby-2x\/#primaryimage"},"thumbnailUrl":"https:\/\/www.veltec.eu\/wp-content\/uploads\/2024\/11\/Motor-schroef.jpg","datePublished":"2024-11-22T10:03:08+00:00","dateModified":"2024-12-09T14:50:27+00:00","description":"Vis arri\u00e8re du carter de moteur Kirby 2x - Veltec est un fournisseur d'aspirateurs Kirby depuis plus de 25 ans. Et est votre sp\u00e9cialiste aspirateurs Kirby.","breadcrumb":{"@id":"https:\/\/www.veltec.eu\/fr\/product\/vis-arriere-du-carter-de-moteur-kirby-2x\/#breadcrumb"},"inLanguage":"fr-FR","potentialAction":[{"@type":"ReadAction","target":["https:\/\/www.veltec.eu\/fr\/product\/vis-arriere-du-carter-de-moteur-kirby-2x\/"]}]},{"@type":"ImageObject","inLanguage":"fr-FR","@id":"https:\/\/www.veltec.eu\/fr\/product\/vis-arriere-du-carter-de-moteur-kirby-2x\/#primaryimage","url":"https:\/\/www.veltec.eu\/wp-content\/uploads\/2024\/11\/Motor-schroef.jpg","contentUrl":"https:\/\/www.veltec.eu\/wp-content\/uploads\/2024\/11\/Motor-schroef.jpg","width":325,"height":325},{"@type":"BreadcrumbList","@id":"https:\/\/www.veltec.eu\/fr\/product\/vis-arriere-du-carter-de-moteur-kirby-2x\/#breadcrumb","itemListElement":[{"@type":"ListItem","position":1,"name":"Home","item":"https:\/\/www.veltec.eu\/fr\/"},{"@type":"ListItem","position":2,"name":"Boutique Kirby","item":"https:\/\/www.veltec.eu\/fr\/boutique-kirby\/"},{"@type":"ListItem","position":3,"name":"Vis arri\u00e8re du carter de moteur Kirby 2x"}]},{"@type":"WebSite","@id":"https:\/\/www.veltec.eu\/en\/#website","url":"https:\/\/www.veltec.eu\/en\/","name":"Veltec Kirby specialist","description":"Kirby stofzuiger producten","publisher":{"@id":"https:\/\/www.veltec.eu\/en\/#organization"},"potentialAction":[{"@type":"SearchAction","target":{"@type":"EntryPoint","urlTemplate":"https:\/\/www.veltec.eu\/en\/?s={search_term_string}"},"query-input":{"@type":"PropertyValueSpecification","valueRequired":true,"valueName":"search_term_string"}}],"inLanguage":"fr-FR"},{"@type":"Organization","@id":"https:\/\/www.veltec.eu\/en\/#organization","name":"Veltec Kirby Specialist","url":"https:\/\/www.veltec.eu\/en\/","logo":{"@type":"ImageObject","inLanguage":"fr-FR","@id":"https:\/\/www.veltec.eu\/en\/#\/schema\/logo\/image\/","url":"https:\/\/www.veltec.eu\/wp-content\/uploads\/2021\/12\/Veltec-log-groot-e1537260889125.png","contentUrl":"https:\/\/www.veltec.eu\/wp-content\/uploads\/2021\/12\/Veltec-log-groot-e1537260889125.png","width":200,"height":60,"caption":"Veltec Kirby Specialist"},"image":{"@id":"https:\/\/www.veltec.eu\/en\/#\/schema\/logo\/image\/"},"sameAs":["https:\/\/www.facebook.com\/Veltec-Kirby-Specialist-236746293374877\/","https:\/\/www.youtube.com\/user\/VeltecService"]}]}},"_links":{"self":[{"href":"https:\/\/www.veltec.eu\/fr\/wp-json\/wp\/v2\/product\/70473","targetHints":{"allow":["GET"]}}],"collection":[{"href":"https:\/\/www.veltec.eu\/fr\/wp-json\/wp\/v2\/product"}],"about":[{"href":"https:\/\/www.veltec.eu\/fr\/wp-json\/wp\/v2\/types\/product"}],"replies":[{"embeddable":true,"href":"https:\/\/www.veltec.eu\/fr\/wp-json\/wp\/v2\/comments?post=70473"}],"wp:featuredmedia":[{"embeddable":true,"href":"https:\/\/www.veltec.eu\/fr\/wp-json\/wp\/v2\/media\/70463"}],"wp:attachment":[{"href":"https:\/\/www.veltec.eu\/fr\/wp-json\/wp\/v2\/media?parent=70473"}],"wp:term":[{"taxonomy":"product_brand","embeddable":true,"href":"https:\/\/www.veltec.eu\/fr\/wp-json\/wp\/v2\/product_brand?post=70473"},{"taxonomy":"product_cat","embeddable":true,"href":"https:\/\/www.veltec.eu\/fr\/wp-json\/wp\/v2\/product_cat?post=70473"},{"taxonomy":"product_tag","embeddable":true,"href":"https:\/\/www.veltec.eu\/fr\/wp-json\/wp\/v2\/product_tag?post=70473"}],"curies":[{"name":"wp","href":"https:\/\/api.w.org\/{rel}","templated":true}]}}