{"id":70428,"date":"2024-11-20T16:34:33","date_gmt":"2024-11-20T14:34:33","guid":{"rendered":"https:\/\/www.veltec.eu\/product\/conga-9590-ultra-power\/"},"modified":"2025-01-23T14:57:09","modified_gmt":"2025-01-23T12:57:09","slug":"conga-9590-ultra-power","status":"publish","type":"product","link":"https:\/\/www.veltec.eu\/fr\/product\/conga-9590-ultra-power\/","title":{"rendered":"Conga 9590 Ultra Power"},"content":{"rendered":"<h1>Conga 9590 Ultra Power<\/h1>\n<p>Conga 9590 Ultra Power &#8211; Robot aspirateur avec navigation laser intelligente.<\/p>\n<div class=\"css-1vrowg6\">\n<div id=\"description\" class=\"e1pizqy33 css-1gvl2s3\">\n<div class=\"css-k1moeq e1pizqy32\">\n<ul>\n<li>Navigation au laser, nettoyage pr\u00e9cis. Le robot est \u00e9quip\u00e9 d&#8217;une technologie laser qui lui permet de g\u00e9n\u00e9rer une carte pour naviguer avec pr\u00e9cision et nettoyer efficacement chaque recoin. De plus, ce syst\u00e8me de navigation lui permet de nettoyer avec pr\u00e9cision m\u00eame en l&#8217;absence de lumi\u00e8re.<\/li>\n<li>Vadrouilles humides \u00e0 rotation. Syst\u00e8me de lavage innovant avec deux serpilli\u00e8res tournant \u00e0 pleine vitesse, constamment mouill\u00e9es et appuyant sur le sol pour \u00e9liminer les taches les plus tenaces.<\/li>\n<li>Un nettoyage parfait. Le syst\u00e8me de lavage Spin \u00e9limine efficacement et rapidement la salet\u00e9 et les taches, laissant votre sol brillant. Connectez-vous avec Conga, oubliez la serpilli\u00e8re et profitez d&#8217;un sol brillant.<\/li>\n<li>10 000 Pa : ultra-puissant. Son moteur Ungravity d\u00e9livre une force d&#8217;aspiration de 10 000 Pa, une force capable d&#8217;aspirer la salet\u00e9 la plus extr\u00eame sur n&#8217;importe quelle surface, m\u00eame sur les moquettes hautes.<\/li>\n<li>Jusqu&#8217;\u00e0 240 m2 sans interruption. Id\u00e9al pour les grandes maisons, gr\u00e2ce \u00e0 sa batterie de 5200 mAh, il peut aspirer pendant 240 minutes et frotter pendant 200 minutes pour un nettoyage complet non-stop. De plus, gr\u00e2ce \u00e0 sa grande autonomie, vous pouvez nettoyer des maisons d&#8217;environ 100 m2 en mode turbo et sans arr\u00eat.<\/li>\n<li>App 3.0 : nettoyage personnalis\u00e9. D\u00e9finissez, planifiez et programmez le nettoyage par pi\u00e8ce. Contr\u00f4lez le nettoyage depuis n&#8217;importe o\u00f9, choisissez le mode id\u00e9al pour chaque pi\u00e8ce et limitez les zones pour profiter d&#8217;un nettoyage enti\u00e8rement personnalis\u00e9.<\/li>\n<li>D\u00e9tection ultrasonique de la moquette. Le robot d\u00e9tecte la pr\u00e9sence de tapis et augmente automatiquement sa puissance pour nettoyer avec une pr\u00e9cision maximale. Lorsque le robot est en mode balayage, il \u00e9vite la moquette pour ne pas mouiller la poussi\u00e8re de la moquette avec ses balais.<\/li>\n<li>Brosse en silicone contre les enchev\u00eatrements. La brosse en silicone est id\u00e9ale pour les foyers avec des animaux domestiques, car elle emp\u00eache les poils de s&#8217;emm\u00ealer. De plus, les lames aident \u00e0 d\u00e9tartrer et \u00e0 pi\u00e9ger la salet\u00e9 sur toutes les surfaces.<\/li>\n<li>Nettoyage total en un seul passage. Il aspire, balaie, passe la serpilli\u00e8re et d\u00e9tartre avec ses Spin mops. Un kit de nettoyage complet qui permet au robot de tout faire en m\u00eame temps ou s\u00e9par\u00e9ment pour un nettoyage personnalis\u00e9.<\/li>\n<li>Total Surface 3.0. Le robot termine toujours le nettoyage et s&#8217;il a besoin de plus de batterie pour terminer le nettoyage pr\u00e9vu, il retourne \u00e0 sa base, se recharge et reprend le nettoyage au m\u00eame endroit o\u00f9 il s&#8217;est arr\u00eat\u00e9.<\/li>\n<\/ul>\n<\/div>\n<\/div>\n<\/div>\n<div class=\"css-1vrowg6\">\n<div id=\"composition\" class=\"e1hv9n5v2 css-ldw7pi\">\n<p><strong>Composition<\/strong><\/p>\n<div class=\"css-1azcdyx e1hv9n5v1\">\n<ul>\n<li>Robot aspirateur<\/li>\n<li>1 brosse lat\u00e9rale<\/li>\n<li>Brosse autonettoyante<\/li>\n<li>Brosse en silicone<\/li>\n<li>R\u00e9servoir mixte<\/li>\n<li>Filtre haute efficacit\u00e9<\/li>\n<li>Manuel d&#8217;utilisation<\/li>\n<li>2 paquets de brosses rotatives<\/li>\n<li>Base de chargement<\/li>\n<\/ul>\n<\/div>\n<\/div>\n<\/div>\n","protected":false},"excerpt":{"rendered":"<p>Conga 9590 Ultra Power &#8211; Robot aspirateur avec navigation laser intelligente. 4 en 1 : r\u00e9cure, aspire, passe la serpilli\u00e8re et essuie. Puissance d&#8217;aspiration de 10 000 Pa. Jusqu&#8217;\u00e0 240 minutes d&#8217;autonomie. Nettoyage professionnel gr\u00e2ce aux balais rotatifs. Brosse en silicone, id\u00e9ale pour les poils d&#8217;animaux. 1 brosse lat\u00e9rale. 4 niveaux de puissance d&#8217;aspiration et de lavage. Commande Cecotec APP et assistants virtuels.<\/p>\n<p>&nbsp;<\/p>\n<h3><span style=\"color: #008000;\">En stock<\/span><\/h3>\n[av_font_icon icon='ue812' font='entypo-fontello' style='' caption='' size='25px' position='left' color='#43ad66' link='' linktarget='' title_attr='' sonar_effect_effect='' sonar_effect_color='' sonar_effect_duration='1' sonar_effect_scale='' sonar_effect_opac='0.5' animation='' id='' custom_class='' template_class='' av_uid='' sc_version='1.0' admin_preview_bg=''][\/av_font_icon]\n<p><span style=\"color: #008000;\">Le d\u00e9lai de livraison est de 5 \u00e0 10 jours ouvrables<\/span><\/p>\n[av_font_icon icon='ue812' font='entypo-fontello' style='' caption='' size='25px' position='left' color='#43ad66' link='' linktarget='' title_attr='' sonar_effect_effect='' sonar_effect_color='' sonar_effect_duration='1' sonar_effect_scale='' sonar_effect_opac='0.5' animation='' id='' custom_class='' template_class='' av_uid='' sc_version='1.0' admin_preview_bg=''][\/av_font_icon]\n<p><span style=\"color: #008000;\">Garantie de 2 ans<\/span><\/p>\n<p>&nbsp;<\/p>\n","protected":false},"featured_media":70344,"comment_status":"open","ping_status":"closed","template":"","meta":{"_acf_changed":false},"product_brand":[],"product_cat":[26],"product_tag":[],"class_list":{"0":"post-70428","1":"product","2":"type-product","3":"status-publish","4":"has-post-thumbnail","6":"product_cat-overige-producten","8":"first","9":"outofstock","10":"sale","11":"taxable","12":"shipping-taxable","13":"purchasable","14":"product-type-simple"},"acf":[],"yoast_head":"<!-- This site is optimized with the Yoast SEO Premium plugin v27.1 (Yoast SEO v27.4) - https:\/\/yoast.com\/product\/yoast-seo-premium-wordpress\/ -->\n<title>Conga 9590 Ultra Power - Veltec Kirby specialist<\/title>\n<meta name=\"description\" content=\"Conga 9590 Ultra Power Veltec fournit des aspirateurs Kirby depuis plus de 25 ans. C&#039;est votre sp\u00e9cialiste du service Kirby.\" \/>\n<meta name=\"robots\" content=\"index, follow, max-snippet:-1, max-image-preview:large, max-video-preview:-1\" \/>\n<link rel=\"canonical\" href=\"https:\/\/www.veltec.eu\/fr\/product\/conga-9590-ultra-power\/\" \/>\n<meta property=\"og:locale\" content=\"fr_FR\" \/>\n<meta property=\"og:type\" content=\"article\" \/>\n<meta property=\"og:title\" content=\"Conga 9590 Ultra Power\" \/>\n<meta property=\"og:description\" content=\"Conga 9590 Ultra Power - Robot aspirateur avec navigation laser intelligente. 4 en 1 : r\u00e9cure, aspire, passe la serpilli\u00e8re et essuie. Puissance d&#039;aspiration de 10 000 Pa. Jusqu&#039;\u00e0 240 minutes d&#039;autonomie. Nettoyage professionnel gr\u00e2ce aux balais rotatifs. Brosse en silicone, id\u00e9ale pour les poils d&#039;animaux. 1 brosse lat\u00e9rale. 4 niveaux de puissance d&#039;aspiration et de lavage. Commande Cecotec APP et assistants virtuels.  &nbsp; En stock   Le d\u00e9lai de livraison est de 5 \u00e0 10 jours ouvrables    Garantie de 2 ans  &nbsp;\" \/>\n<meta property=\"og:url\" content=\"https:\/\/www.veltec.eu\/fr\/product\/conga-9590-ultra-power\/\" \/>\n<meta property=\"og:site_name\" content=\"Veltec Kirby specialist\" \/>\n<meta property=\"article:publisher\" content=\"https:\/\/www.facebook.com\/Veltec-Kirby-Specialist-236746293374877\/\" \/>\n<meta property=\"article:modified_time\" content=\"2025-01-23T12:57:09+00:00\" \/>\n<meta property=\"og:image\" content=\"https:\/\/www.veltec.eu\/wp-content\/uploads\/2024\/11\/conga-9590-spin-revolution-ultra-power_5c2qgv_1.png\" \/>\n\t<meta property=\"og:image:width\" content=\"640\" \/>\n\t<meta property=\"og:image:height\" content=\"640\" \/>\n\t<meta property=\"og:image:type\" content=\"image\/png\" \/>\n<meta name=\"twitter:card\" content=\"summary_large_image\" \/>\n<meta name=\"twitter:label1\" content=\"Dur\u00e9e de lecture estim\u00e9e\" \/>\n\t<meta name=\"twitter:data1\" content=\"3 minutes\" \/>\n<script type=\"application\/ld+json\" class=\"yoast-schema-graph\">{\"@context\":\"https:\\\/\\\/schema.org\",\"@graph\":[{\"@type\":\"WebPage\",\"@id\":\"https:\\\/\\\/www.veltec.eu\\\/fr\\\/product\\\/conga-9590-ultra-power\\\/\",\"url\":\"https:\\\/\\\/www.veltec.eu\\\/fr\\\/product\\\/conga-9590-ultra-power\\\/\",\"name\":\"Conga 9590 Ultra Power - Veltec Kirby specialist\",\"isPartOf\":{\"@id\":\"https:\\\/\\\/www.veltec.eu\\\/en\\\/#website\"},\"primaryImageOfPage\":{\"@id\":\"https:\\\/\\\/www.veltec.eu\\\/fr\\\/product\\\/conga-9590-ultra-power\\\/#primaryimage\"},\"image\":{\"@id\":\"https:\\\/\\\/www.veltec.eu\\\/fr\\\/product\\\/conga-9590-ultra-power\\\/#primaryimage\"},\"thumbnailUrl\":\"https:\\\/\\\/www.veltec.eu\\\/wp-content\\\/uploads\\\/2024\\\/11\\\/conga-9590-spin-revolution-ultra-power_5c2qgv_1.png\",\"datePublished\":\"2024-11-20T14:34:33+00:00\",\"dateModified\":\"2025-01-23T12:57:09+00:00\",\"description\":\"Conga 9590 Ultra Power Veltec fournit des aspirateurs Kirby depuis plus de 25 ans. C'est votre sp\u00e9cialiste du service Kirby.\",\"breadcrumb\":{\"@id\":\"https:\\\/\\\/www.veltec.eu\\\/fr\\\/product\\\/conga-9590-ultra-power\\\/#breadcrumb\"},\"inLanguage\":\"fr-FR\",\"potentialAction\":[{\"@type\":\"ReadAction\",\"target\":[\"https:\\\/\\\/www.veltec.eu\\\/fr\\\/product\\\/conga-9590-ultra-power\\\/\"]}]},{\"@type\":\"ImageObject\",\"inLanguage\":\"fr-FR\",\"@id\":\"https:\\\/\\\/www.veltec.eu\\\/fr\\\/product\\\/conga-9590-ultra-power\\\/#primaryimage\",\"url\":\"https:\\\/\\\/www.veltec.eu\\\/wp-content\\\/uploads\\\/2024\\\/11\\\/conga-9590-spin-revolution-ultra-power_5c2qgv_1.png\",\"contentUrl\":\"https:\\\/\\\/www.veltec.eu\\\/wp-content\\\/uploads\\\/2024\\\/11\\\/conga-9590-spin-revolution-ultra-power_5c2qgv_1.png\",\"width\":640,\"height\":640},{\"@type\":\"BreadcrumbList\",\"@id\":\"https:\\\/\\\/www.veltec.eu\\\/fr\\\/product\\\/conga-9590-ultra-power\\\/#breadcrumb\",\"itemListElement\":[{\"@type\":\"ListItem\",\"position\":1,\"name\":\"Home\",\"item\":\"https:\\\/\\\/www.veltec.eu\\\/fr\\\/\"},{\"@type\":\"ListItem\",\"position\":2,\"name\":\"Boutique Kirby\",\"item\":\"https:\\\/\\\/www.veltec.eu\\\/fr\\\/boutique-kirby\\\/\"},{\"@type\":\"ListItem\",\"position\":3,\"name\":\"Conga 9590 Ultra Power\"}]},{\"@type\":\"WebSite\",\"@id\":\"https:\\\/\\\/www.veltec.eu\\\/en\\\/#website\",\"url\":\"https:\\\/\\\/www.veltec.eu\\\/en\\\/\",\"name\":\"Veltec Kirby specialist\",\"description\":\"Kirby stofzuiger producten\",\"publisher\":{\"@id\":\"https:\\\/\\\/www.veltec.eu\\\/en\\\/#organization\"},\"potentialAction\":[{\"@type\":\"SearchAction\",\"target\":{\"@type\":\"EntryPoint\",\"urlTemplate\":\"https:\\\/\\\/www.veltec.eu\\\/en\\\/?s={search_term_string}\"},\"query-input\":{\"@type\":\"PropertyValueSpecification\",\"valueRequired\":true,\"valueName\":\"search_term_string\"}}],\"inLanguage\":\"fr-FR\"},{\"@type\":\"Organization\",\"@id\":\"https:\\\/\\\/www.veltec.eu\\\/en\\\/#organization\",\"name\":\"Veltec Kirby Specialist\",\"url\":\"https:\\\/\\\/www.veltec.eu\\\/en\\\/\",\"logo\":{\"@type\":\"ImageObject\",\"inLanguage\":\"fr-FR\",\"@id\":\"https:\\\/\\\/www.veltec.eu\\\/en\\\/#\\\/schema\\\/logo\\\/image\\\/\",\"url\":\"https:\\\/\\\/www.veltec.eu\\\/wp-content\\\/uploads\\\/2021\\\/12\\\/Veltec-log-groot-e1537260889125.png\",\"contentUrl\":\"https:\\\/\\\/www.veltec.eu\\\/wp-content\\\/uploads\\\/2021\\\/12\\\/Veltec-log-groot-e1537260889125.png\",\"width\":200,\"height\":60,\"caption\":\"Veltec Kirby Specialist\"},\"image\":{\"@id\":\"https:\\\/\\\/www.veltec.eu\\\/en\\\/#\\\/schema\\\/logo\\\/image\\\/\"},\"sameAs\":[\"https:\\\/\\\/www.facebook.com\\\/Veltec-Kirby-Specialist-236746293374877\\\/\",\"https:\\\/\\\/www.youtube.com\\\/user\\\/VeltecService\"]}]}<\/script>\n<!-- \/ Yoast SEO Premium plugin. -->","yoast_head_json":{"title":"Conga 9590 Ultra Power - Veltec Kirby specialist","description":"Conga 9590 Ultra Power Veltec fournit des aspirateurs Kirby depuis plus de 25 ans. C'est votre sp\u00e9cialiste du service Kirby.","robots":{"index":"index","follow":"follow","max-snippet":"max-snippet:-1","max-image-preview":"max-image-preview:large","max-video-preview":"max-video-preview:-1"},"canonical":"https:\/\/www.veltec.eu\/fr\/product\/conga-9590-ultra-power\/","og_locale":"fr_FR","og_type":"article","og_title":"Conga 9590 Ultra Power","og_description":"Conga 9590 Ultra Power - Robot aspirateur avec navigation laser intelligente. 4 en 1 : r\u00e9cure, aspire, passe la serpilli\u00e8re et essuie. Puissance d'aspiration de 10 000 Pa. Jusqu'\u00e0 240 minutes d'autonomie. Nettoyage professionnel gr\u00e2ce aux balais rotatifs. Brosse en silicone, id\u00e9ale pour les poils d'animaux. 1 brosse lat\u00e9rale. 4 niveaux de puissance d'aspiration et de lavage. Commande Cecotec APP et assistants virtuels.  &nbsp; En stock   Le d\u00e9lai de livraison est de 5 \u00e0 10 jours ouvrables    Garantie de 2 ans  &nbsp;","og_url":"https:\/\/www.veltec.eu\/fr\/product\/conga-9590-ultra-power\/","og_site_name":"Veltec Kirby specialist","article_publisher":"https:\/\/www.facebook.com\/Veltec-Kirby-Specialist-236746293374877\/","article_modified_time":"2025-01-23T12:57:09+00:00","og_image":[{"width":640,"height":640,"url":"https:\/\/www.veltec.eu\/wp-content\/uploads\/2024\/11\/conga-9590-spin-revolution-ultra-power_5c2qgv_1.png","type":"image\/png"}],"twitter_card":"summary_large_image","twitter_misc":{"Dur\u00e9e de lecture estim\u00e9e":"3 minutes"},"schema":{"@context":"https:\/\/schema.org","@graph":[{"@type":"WebPage","@id":"https:\/\/www.veltec.eu\/fr\/product\/conga-9590-ultra-power\/","url":"https:\/\/www.veltec.eu\/fr\/product\/conga-9590-ultra-power\/","name":"Conga 9590 Ultra Power - Veltec Kirby specialist","isPartOf":{"@id":"https:\/\/www.veltec.eu\/en\/#website"},"primaryImageOfPage":{"@id":"https:\/\/www.veltec.eu\/fr\/product\/conga-9590-ultra-power\/#primaryimage"},"image":{"@id":"https:\/\/www.veltec.eu\/fr\/product\/conga-9590-ultra-power\/#primaryimage"},"thumbnailUrl":"https:\/\/www.veltec.eu\/wp-content\/uploads\/2024\/11\/conga-9590-spin-revolution-ultra-power_5c2qgv_1.png","datePublished":"2024-11-20T14:34:33+00:00","dateModified":"2025-01-23T12:57:09+00:00","description":"Conga 9590 Ultra Power Veltec fournit des aspirateurs Kirby depuis plus de 25 ans. C'est votre sp\u00e9cialiste du service Kirby.","breadcrumb":{"@id":"https:\/\/www.veltec.eu\/fr\/product\/conga-9590-ultra-power\/#breadcrumb"},"inLanguage":"fr-FR","potentialAction":[{"@type":"ReadAction","target":["https:\/\/www.veltec.eu\/fr\/product\/conga-9590-ultra-power\/"]}]},{"@type":"ImageObject","inLanguage":"fr-FR","@id":"https:\/\/www.veltec.eu\/fr\/product\/conga-9590-ultra-power\/#primaryimage","url":"https:\/\/www.veltec.eu\/wp-content\/uploads\/2024\/11\/conga-9590-spin-revolution-ultra-power_5c2qgv_1.png","contentUrl":"https:\/\/www.veltec.eu\/wp-content\/uploads\/2024\/11\/conga-9590-spin-revolution-ultra-power_5c2qgv_1.png","width":640,"height":640},{"@type":"BreadcrumbList","@id":"https:\/\/www.veltec.eu\/fr\/product\/conga-9590-ultra-power\/#breadcrumb","itemListElement":[{"@type":"ListItem","position":1,"name":"Home","item":"https:\/\/www.veltec.eu\/fr\/"},{"@type":"ListItem","position":2,"name":"Boutique Kirby","item":"https:\/\/www.veltec.eu\/fr\/boutique-kirby\/"},{"@type":"ListItem","position":3,"name":"Conga 9590 Ultra Power"}]},{"@type":"WebSite","@id":"https:\/\/www.veltec.eu\/en\/#website","url":"https:\/\/www.veltec.eu\/en\/","name":"Veltec Kirby specialist","description":"Kirby stofzuiger producten","publisher":{"@id":"https:\/\/www.veltec.eu\/en\/#organization"},"potentialAction":[{"@type":"SearchAction","target":{"@type":"EntryPoint","urlTemplate":"https:\/\/www.veltec.eu\/en\/?s={search_term_string}"},"query-input":{"@type":"PropertyValueSpecification","valueRequired":true,"valueName":"search_term_string"}}],"inLanguage":"fr-FR"},{"@type":"Organization","@id":"https:\/\/www.veltec.eu\/en\/#organization","name":"Veltec Kirby Specialist","url":"https:\/\/www.veltec.eu\/en\/","logo":{"@type":"ImageObject","inLanguage":"fr-FR","@id":"https:\/\/www.veltec.eu\/en\/#\/schema\/logo\/image\/","url":"https:\/\/www.veltec.eu\/wp-content\/uploads\/2021\/12\/Veltec-log-groot-e1537260889125.png","contentUrl":"https:\/\/www.veltec.eu\/wp-content\/uploads\/2021\/12\/Veltec-log-groot-e1537260889125.png","width":200,"height":60,"caption":"Veltec Kirby Specialist"},"image":{"@id":"https:\/\/www.veltec.eu\/en\/#\/schema\/logo\/image\/"},"sameAs":["https:\/\/www.facebook.com\/Veltec-Kirby-Specialist-236746293374877\/","https:\/\/www.youtube.com\/user\/VeltecService"]}]}},"_links":{"self":[{"href":"https:\/\/www.veltec.eu\/fr\/wp-json\/wp\/v2\/product\/70428","targetHints":{"allow":["GET"]}}],"collection":[{"href":"https:\/\/www.veltec.eu\/fr\/wp-json\/wp\/v2\/product"}],"about":[{"href":"https:\/\/www.veltec.eu\/fr\/wp-json\/wp\/v2\/types\/product"}],"replies":[{"embeddable":true,"href":"https:\/\/www.veltec.eu\/fr\/wp-json\/wp\/v2\/comments?post=70428"}],"wp:featuredmedia":[{"embeddable":true,"href":"https:\/\/www.veltec.eu\/fr\/wp-json\/wp\/v2\/media\/70344"}],"wp:attachment":[{"href":"https:\/\/www.veltec.eu\/fr\/wp-json\/wp\/v2\/media?parent=70428"}],"wp:term":[{"taxonomy":"product_brand","embeddable":true,"href":"https:\/\/www.veltec.eu\/fr\/wp-json\/wp\/v2\/product_brand?post=70428"},{"taxonomy":"product_cat","embeddable":true,"href":"https:\/\/www.veltec.eu\/fr\/wp-json\/wp\/v2\/product_cat?post=70428"},{"taxonomy":"product_tag","embeddable":true,"href":"https:\/\/www.veltec.eu\/fr\/wp-json\/wp\/v2\/product_tag?post=70428"}],"curies":[{"name":"wp","href":"https:\/\/api.w.org\/{rel}","templated":true}]}}