{"id":69393,"date":"2024-11-06T13:05:16","date_gmt":"2024-11-06T11:05:16","guid":{"rendered":"https:\/\/www.veltec.eu\/product\/conga-9990-ai-spin-revolution\/"},"modified":"2024-12-02T16:56:00","modified_gmt":"2024-12-02T14:56:00","slug":"conga-9990-ai-spin-revolution","status":"publish","type":"product","link":"https:\/\/www.veltec.eu\/fr\/product\/conga-9990-ai-spin-revolution\/","title":{"rendered":"Conga 9990 AI Spin Revolution"},"content":{"rendered":"<h1>Conga 9990 AI Spin Revolution<\/h1>\n<p>Conga 9990 AI Spin Revolution &#8211; Robot aspirateur avec IA laser et base autodrainante.<\/p>\n<ul>\n<li>Intelligence artificielle. Le robot nettoie intelligemment gr\u00e2ce \u00e0 sa puce d&#8217;intelligence artificielle, qui lui permet d&#8217;esquiver m\u00eame les petits objets pour \u00e9viter les risques et de nettoyer avec une pr\u00e9cision maximale, m\u00eame dans les situations d\u00e9sordonn\u00e9es.<\/li>\n<li>Navigation laser, nettoyage pr\u00e9cis. Le robot est \u00e9quip\u00e9 d&#8217;une technologie laser qui lui permet de g\u00e9n\u00e9rer une carte pour naviguer avec pr\u00e9cision et nettoyer efficacement chaque recoin. De plus, ce syst\u00e8me de navigation lui permet de nettoyer avec pr\u00e9cision m\u00eame en l&#8217;absence de lumi\u00e8re.<\/li>\n<li>Spin Wet Mops. Syst\u00e8me de nettoyage innovant avec deux serpilli\u00e8res qui tournent \u00e0 toute vitesse, mouillent en permanence et appuient sur le sol pour \u00e9liminer les taches les plus tenaces.<\/li>\n<li>Frottage parfait. Le syst\u00e8me de lavage Spin \u00e9limine efficacement et rapidement la salet\u00e9 et les taches pour laisser votre sol \u00e9tincelant de propret\u00e9.<\/li>\n<li>Connectez-vous avec Conga, oubliez la serpilli\u00e8re et profitez d&#8217;un sol brillant.<\/li>\n<li>10 000 Pa : ultra-puissant. Le moteur Ungravity offre une puissance d&#8217;aspiration de 10 000 Pa, une puissance qui permet d&#8217;aspirer les salet\u00e9s les plus tenaces sur n&#8217;importe quelle surface, m\u00eame sur les moquettes hautes.<\/li>\n<li>Jusqu&#8217;\u00e0 240 m2 sans s&#8217;arr\u00eater. Id\u00e9al pour les grandes maisons, gr\u00e2ce \u00e0 sa batterie de 5200 mAh, il peut aspirer pendant 240 minutes et frotter pendant 200 minutes pour un nettoyage complet sans interruption. De plus, gr\u00e2ce \u00e0 sa longue autonomie, il peut nettoyer des maisons d&#8217;environ 100 m2 en mode turbo et sans interruption.<\/li>\n<li>Avec Auto Empty, jusqu&#8217;\u00e0 12 semaines. Le robot nettoie de mani\u00e8re totalement autonome, \u00e0 chaque fois, et vide son r\u00e9servoir dans sa base autovidante d&#8217;une capacit\u00e9 de 3 litres, pour une autonomie pouvant aller jusqu&#8217;\u00e0 12 semaines*. *Les semaines d&#8217;autonomie varient en fonction des facteurs environnementaux et des habitudes d&#8217;utilisation.<\/li>\n<li>App 3.0 : nettoyage personnalis\u00e9. D\u00e9finissez, planifiez et programmez le nettoyage pi\u00e8ce par pi\u00e8ce. Contr\u00f4lez le nettoyage depuis n&#8217;importe o\u00f9, choisissez le mode id\u00e9al pour chaque pi\u00e8ce et limitez les zones pour une exp\u00e9rience de nettoyage enti\u00e8rement personnalis\u00e9e.<\/li>\n<li>D\u00e9tection ultrasonique des tapis. Le robot d\u00e9tecte la pr\u00e9sence de moquette et augmente automatiquement sa puissance pour nettoyer avec une pr\u00e9cision maximale et, s&#8217;il est en mode serpilli\u00e8re, l&#8217;\u00e9vite pour ne pas mouiller la poussi\u00e8re de la moquette avec ses serpilli\u00e8res.<\/li>\n<li>Brosse en silicone sans velcro. Gr\u00e2ce \u00e0 sa conception en silicone, cette brosse est id\u00e9ale pour les foyers avec des animaux domestiques, car elle emp\u00eache les poils de s&#8217;emm\u00ealer. De plus, les lames aident \u00e0 d\u00e9tartrer et \u00e0 pi\u00e9ger la salet\u00e9 sur toutes les surfaces.<\/li>\n<li>Un nettoyage complet en un seul passage. Aspirez, balayez, passez la serpilli\u00e8re et d\u00e9tartrez avec les Spin mops. Un kit de nettoyage complet qui permet au robot de tout faire en m\u00eame temps ou s\u00e9par\u00e9ment pour un nettoyage personnalis\u00e9.<\/li>\n<li>Total Surface 3.0. Le robot termine toujours le nettoyage et s&#8217;il a besoin de plus de batterie pour terminer le nettoyage programm\u00e9, il retourne \u00e0 sa base, se recharge et reprend le nettoyage au m\u00eame endroit o\u00f9 il s&#8217;est arr\u00eat\u00e9.<\/li>\n<\/ul>\n<p>&nbsp;<\/p>\n<p><strong>Composition<\/strong><\/p>\n<ul>\n<li>Robot aspirateur<\/li>\n<li>Socle auto-videur<\/li>\n<li>3 sacs \u00e0 poussi\u00e8re hygi\u00e9niques<\/li>\n<li>1 brosse lat\u00e9rale<\/li>\n<li>Brosse autonettoyante<\/li>\n<li>Brosse en silicone<\/li>\n<li>R\u00e9cipient \u00e0 m\u00e9lange<\/li>\n<li>Filtre \u00e0 haute efficacit\u00e9<\/li>\n<li>Manuel d&#8217;utilisation<\/li>\n<li>2 paquets de brosses rotatives<\/li>\n<\/ul>\n","protected":false},"excerpt":{"rendered":"<p>Conga 9990 AI Spin Revolution &#8211; Robot aspirateur avec navigation laser et base anti-poussi\u00e8re auto-drainante. Intelligence artificielle, \u00e9vitement des objets. 4 en 1 : r\u00e9cure, aspire, passe la serpilli\u00e8re et essuie. Puissance d&#8217;aspiration de 10 000 Pa. Jusqu&#8217;\u00e0 240 minutes d&#8217;autonomie. Nettoyage professionnel gr\u00e2ce aux balais rotatifs. Brosse en silicone, id\u00e9ale pour les poils d&#8217;animaux. 1 brosse lat\u00e9rale. 4 niveaux de puissance d&#8217;aspiration et de lavage. Commande Cecotec APP et assistants virtuels.<\/p>\n<p>&nbsp;<\/p>\n<h3><span style=\"color: #008000;\">En stock<\/span><\/h3>\n[av_font_icon icon='ue812' font='entypo-fontello' style='' caption='' size='25px' position='left' color='#43ad66' link='' linktarget='' title_attr='' sonar_effect_effect='' sonar_effect_color='' sonar_effect_duration='1' sonar_effect_scale='' sonar_effect_opac='0.5' animation='' id='' custom_class='' template_class='' av_uid='' sc_version='1.0' admin_preview_bg=''][\/av_font_icon]\n<p><span style=\"color: #008000;\">Le d\u00e9lai de livraison est de 5 \u00e0 10 jours ouvrables<\/span><\/p>\n[av_font_icon icon='ue812' font='entypo-fontello' style='' caption='' size='25px' position='left' color='#43ad66' link='' linktarget='' title_attr='' sonar_effect_effect='' sonar_effect_color='' sonar_effect_duration='1' sonar_effect_scale='' sonar_effect_opac='0.5' animation='' id='' custom_class='' template_class='' av_uid='' sc_version='1.0' admin_preview_bg=''][\/av_font_icon]\n<p><span style=\"color: #008000;\">Garantie de 2 ans<\/span><\/p>\n<p>&nbsp;<\/p>\n","protected":false},"featured_media":69290,"comment_status":"open","ping_status":"closed","template":"","meta":{"_acf_changed":false},"product_brand":[],"product_cat":[26],"product_tag":[],"class_list":{"0":"post-69393","1":"product","2":"type-product","3":"status-publish","4":"has-post-thumbnail","6":"product_cat-overige-producten","8":"first","9":"outofstock","10":"taxable","11":"shipping-taxable","12":"purchasable","13":"product-type-simple"},"acf":[],"yoast_head":"<!-- This site is optimized with the Yoast SEO Premium plugin v27.1 (Yoast SEO v27.4) - https:\/\/yoast.com\/product\/yoast-seo-premium-wordpress\/ -->\n<title>Conga 9990 AI Spin Revolution - Veltec Kirby specialist<\/title>\n<meta name=\"description\" content=\"Veltec est un fournisseur d&#039;aspirateurs Kirby depuis plus de 25 ans. Et est votre sp\u00e9cialiste de confiance en mati\u00e8re de service Kirby.\" \/>\n<meta name=\"robots\" content=\"index, follow, max-snippet:-1, max-image-preview:large, max-video-preview:-1\" \/>\n<link rel=\"canonical\" href=\"https:\/\/www.veltec.eu\/fr\/product\/conga-9990-ai-spin-revolution\/\" \/>\n<meta property=\"og:locale\" content=\"fr_FR\" \/>\n<meta property=\"og:type\" content=\"article\" \/>\n<meta property=\"og:title\" content=\"Conga 9990 AI Spin Revolution\" \/>\n<meta property=\"og:description\" content=\"Conga 9990 AI Spin Revolution - Robot aspirateur avec navigation laser et base anti-poussi\u00e8re auto-drainante. Intelligence artificielle, \u00e9vitement des objets. 4 en 1 : r\u00e9cure, aspire, passe la serpilli\u00e8re et essuie. Puissance d&#039;aspiration de 10 000 Pa. Jusqu&#039;\u00e0 240 minutes d&#039;autonomie. Nettoyage professionnel gr\u00e2ce aux balais rotatifs. Brosse en silicone, id\u00e9ale pour les poils d&#039;animaux. 1 brosse lat\u00e9rale. 4 niveaux de puissance d&#039;aspiration et de lavage. Commande Cecotec APP et assistants virtuels.  &nbsp; En stock   Le d\u00e9lai de livraison est de 5 \u00e0 10 jours ouvrables    Garantie de 2 ans  &nbsp;\" \/>\n<meta property=\"og:url\" content=\"https:\/\/www.veltec.eu\/fr\/product\/conga-9990-ai-spin-revolution\/\" \/>\n<meta property=\"og:site_name\" content=\"Veltec Kirby specialist\" \/>\n<meta property=\"article:publisher\" content=\"https:\/\/www.facebook.com\/Veltec-Kirby-Specialist-236746293374877\/\" \/>\n<meta property=\"article:modified_time\" content=\"2024-12-02T14:56:00+00:00\" \/>\n<meta property=\"og:image\" content=\"https:\/\/www.veltec.eu\/wp-content\/uploads\/2024\/11\/conga-9990-ai-spin-revolution-ultra-power-home_sngrl3_1.png\" \/>\n\t<meta property=\"og:image:width\" content=\"640\" \/>\n\t<meta property=\"og:image:height\" content=\"640\" \/>\n\t<meta property=\"og:image:type\" content=\"image\/png\" \/>\n<meta name=\"twitter:card\" content=\"summary_large_image\" \/>\n<meta name=\"twitter:label1\" content=\"Dur\u00e9e de lecture estim\u00e9e\" \/>\n\t<meta name=\"twitter:data1\" content=\"3 minutes\" \/>\n<script type=\"application\/ld+json\" class=\"yoast-schema-graph\">{\"@context\":\"https:\\\/\\\/schema.org\",\"@graph\":[{\"@type\":\"WebPage\",\"@id\":\"https:\\\/\\\/www.veltec.eu\\\/fr\\\/product\\\/conga-9990-ai-spin-revolution\\\/\",\"url\":\"https:\\\/\\\/www.veltec.eu\\\/fr\\\/product\\\/conga-9990-ai-spin-revolution\\\/\",\"name\":\"Conga 9990 AI Spin Revolution - Veltec Kirby specialist\",\"isPartOf\":{\"@id\":\"https:\\\/\\\/www.veltec.eu\\\/en\\\/#website\"},\"primaryImageOfPage\":{\"@id\":\"https:\\\/\\\/www.veltec.eu\\\/fr\\\/product\\\/conga-9990-ai-spin-revolution\\\/#primaryimage\"},\"image\":{\"@id\":\"https:\\\/\\\/www.veltec.eu\\\/fr\\\/product\\\/conga-9990-ai-spin-revolution\\\/#primaryimage\"},\"thumbnailUrl\":\"https:\\\/\\\/www.veltec.eu\\\/wp-content\\\/uploads\\\/2024\\\/11\\\/conga-9990-ai-spin-revolution-ultra-power-home_sngrl3_1.png\",\"datePublished\":\"2024-11-06T11:05:16+00:00\",\"dateModified\":\"2024-12-02T14:56:00+00:00\",\"description\":\"Veltec est un fournisseur d'aspirateurs Kirby depuis plus de 25 ans. Et est votre sp\u00e9cialiste de confiance en mati\u00e8re de service Kirby.\",\"breadcrumb\":{\"@id\":\"https:\\\/\\\/www.veltec.eu\\\/fr\\\/product\\\/conga-9990-ai-spin-revolution\\\/#breadcrumb\"},\"inLanguage\":\"fr-FR\",\"potentialAction\":[{\"@type\":\"ReadAction\",\"target\":[\"https:\\\/\\\/www.veltec.eu\\\/fr\\\/product\\\/conga-9990-ai-spin-revolution\\\/\"]}]},{\"@type\":\"ImageObject\",\"inLanguage\":\"fr-FR\",\"@id\":\"https:\\\/\\\/www.veltec.eu\\\/fr\\\/product\\\/conga-9990-ai-spin-revolution\\\/#primaryimage\",\"url\":\"https:\\\/\\\/www.veltec.eu\\\/wp-content\\\/uploads\\\/2024\\\/11\\\/conga-9990-ai-spin-revolution-ultra-power-home_sngrl3_1.png\",\"contentUrl\":\"https:\\\/\\\/www.veltec.eu\\\/wp-content\\\/uploads\\\/2024\\\/11\\\/conga-9990-ai-spin-revolution-ultra-power-home_sngrl3_1.png\",\"width\":640,\"height\":640},{\"@type\":\"BreadcrumbList\",\"@id\":\"https:\\\/\\\/www.veltec.eu\\\/fr\\\/product\\\/conga-9990-ai-spin-revolution\\\/#breadcrumb\",\"itemListElement\":[{\"@type\":\"ListItem\",\"position\":1,\"name\":\"Home\",\"item\":\"https:\\\/\\\/www.veltec.eu\\\/fr\\\/\"},{\"@type\":\"ListItem\",\"position\":2,\"name\":\"Boutique Kirby\",\"item\":\"https:\\\/\\\/www.veltec.eu\\\/fr\\\/boutique-kirby\\\/\"},{\"@type\":\"ListItem\",\"position\":3,\"name\":\"Conga 9990 AI Spin Revolution\"}]},{\"@type\":\"WebSite\",\"@id\":\"https:\\\/\\\/www.veltec.eu\\\/en\\\/#website\",\"url\":\"https:\\\/\\\/www.veltec.eu\\\/en\\\/\",\"name\":\"Veltec Kirby specialist\",\"description\":\"Kirby stofzuiger producten\",\"publisher\":{\"@id\":\"https:\\\/\\\/www.veltec.eu\\\/en\\\/#organization\"},\"potentialAction\":[{\"@type\":\"SearchAction\",\"target\":{\"@type\":\"EntryPoint\",\"urlTemplate\":\"https:\\\/\\\/www.veltec.eu\\\/en\\\/?s={search_term_string}\"},\"query-input\":{\"@type\":\"PropertyValueSpecification\",\"valueRequired\":true,\"valueName\":\"search_term_string\"}}],\"inLanguage\":\"fr-FR\"},{\"@type\":\"Organization\",\"@id\":\"https:\\\/\\\/www.veltec.eu\\\/en\\\/#organization\",\"name\":\"Veltec Kirby Specialist\",\"url\":\"https:\\\/\\\/www.veltec.eu\\\/en\\\/\",\"logo\":{\"@type\":\"ImageObject\",\"inLanguage\":\"fr-FR\",\"@id\":\"https:\\\/\\\/www.veltec.eu\\\/en\\\/#\\\/schema\\\/logo\\\/image\\\/\",\"url\":\"https:\\\/\\\/www.veltec.eu\\\/wp-content\\\/uploads\\\/2021\\\/12\\\/Veltec-log-groot-e1537260889125.png\",\"contentUrl\":\"https:\\\/\\\/www.veltec.eu\\\/wp-content\\\/uploads\\\/2021\\\/12\\\/Veltec-log-groot-e1537260889125.png\",\"width\":200,\"height\":60,\"caption\":\"Veltec Kirby Specialist\"},\"image\":{\"@id\":\"https:\\\/\\\/www.veltec.eu\\\/en\\\/#\\\/schema\\\/logo\\\/image\\\/\"},\"sameAs\":[\"https:\\\/\\\/www.facebook.com\\\/Veltec-Kirby-Specialist-236746293374877\\\/\",\"https:\\\/\\\/www.youtube.com\\\/user\\\/VeltecService\"]}]}<\/script>\n<!-- \/ Yoast SEO Premium plugin. -->","yoast_head_json":{"title":"Conga 9990 AI Spin Revolution - Veltec Kirby specialist","description":"Veltec est un fournisseur d'aspirateurs Kirby depuis plus de 25 ans. Et est votre sp\u00e9cialiste de confiance en mati\u00e8re de service Kirby.","robots":{"index":"index","follow":"follow","max-snippet":"max-snippet:-1","max-image-preview":"max-image-preview:large","max-video-preview":"max-video-preview:-1"},"canonical":"https:\/\/www.veltec.eu\/fr\/product\/conga-9990-ai-spin-revolution\/","og_locale":"fr_FR","og_type":"article","og_title":"Conga 9990 AI Spin Revolution","og_description":"Conga 9990 AI Spin Revolution - Robot aspirateur avec navigation laser et base anti-poussi\u00e8re auto-drainante. Intelligence artificielle, \u00e9vitement des objets. 4 en 1 : r\u00e9cure, aspire, passe la serpilli\u00e8re et essuie. Puissance d'aspiration de 10 000 Pa. Jusqu'\u00e0 240 minutes d'autonomie. Nettoyage professionnel gr\u00e2ce aux balais rotatifs. Brosse en silicone, id\u00e9ale pour les poils d'animaux. 1 brosse lat\u00e9rale. 4 niveaux de puissance d'aspiration et de lavage. Commande Cecotec APP et assistants virtuels.  &nbsp; En stock   Le d\u00e9lai de livraison est de 5 \u00e0 10 jours ouvrables    Garantie de 2 ans  &nbsp;","og_url":"https:\/\/www.veltec.eu\/fr\/product\/conga-9990-ai-spin-revolution\/","og_site_name":"Veltec Kirby specialist","article_publisher":"https:\/\/www.facebook.com\/Veltec-Kirby-Specialist-236746293374877\/","article_modified_time":"2024-12-02T14:56:00+00:00","og_image":[{"width":640,"height":640,"url":"https:\/\/www.veltec.eu\/wp-content\/uploads\/2024\/11\/conga-9990-ai-spin-revolution-ultra-power-home_sngrl3_1.png","type":"image\/png"}],"twitter_card":"summary_large_image","twitter_misc":{"Dur\u00e9e de lecture estim\u00e9e":"3 minutes"},"schema":{"@context":"https:\/\/schema.org","@graph":[{"@type":"WebPage","@id":"https:\/\/www.veltec.eu\/fr\/product\/conga-9990-ai-spin-revolution\/","url":"https:\/\/www.veltec.eu\/fr\/product\/conga-9990-ai-spin-revolution\/","name":"Conga 9990 AI Spin Revolution - Veltec Kirby specialist","isPartOf":{"@id":"https:\/\/www.veltec.eu\/en\/#website"},"primaryImageOfPage":{"@id":"https:\/\/www.veltec.eu\/fr\/product\/conga-9990-ai-spin-revolution\/#primaryimage"},"image":{"@id":"https:\/\/www.veltec.eu\/fr\/product\/conga-9990-ai-spin-revolution\/#primaryimage"},"thumbnailUrl":"https:\/\/www.veltec.eu\/wp-content\/uploads\/2024\/11\/conga-9990-ai-spin-revolution-ultra-power-home_sngrl3_1.png","datePublished":"2024-11-06T11:05:16+00:00","dateModified":"2024-12-02T14:56:00+00:00","description":"Veltec est un fournisseur d'aspirateurs Kirby depuis plus de 25 ans. Et est votre sp\u00e9cialiste de confiance en mati\u00e8re de service Kirby.","breadcrumb":{"@id":"https:\/\/www.veltec.eu\/fr\/product\/conga-9990-ai-spin-revolution\/#breadcrumb"},"inLanguage":"fr-FR","potentialAction":[{"@type":"ReadAction","target":["https:\/\/www.veltec.eu\/fr\/product\/conga-9990-ai-spin-revolution\/"]}]},{"@type":"ImageObject","inLanguage":"fr-FR","@id":"https:\/\/www.veltec.eu\/fr\/product\/conga-9990-ai-spin-revolution\/#primaryimage","url":"https:\/\/www.veltec.eu\/wp-content\/uploads\/2024\/11\/conga-9990-ai-spin-revolution-ultra-power-home_sngrl3_1.png","contentUrl":"https:\/\/www.veltec.eu\/wp-content\/uploads\/2024\/11\/conga-9990-ai-spin-revolution-ultra-power-home_sngrl3_1.png","width":640,"height":640},{"@type":"BreadcrumbList","@id":"https:\/\/www.veltec.eu\/fr\/product\/conga-9990-ai-spin-revolution\/#breadcrumb","itemListElement":[{"@type":"ListItem","position":1,"name":"Home","item":"https:\/\/www.veltec.eu\/fr\/"},{"@type":"ListItem","position":2,"name":"Boutique Kirby","item":"https:\/\/www.veltec.eu\/fr\/boutique-kirby\/"},{"@type":"ListItem","position":3,"name":"Conga 9990 AI Spin Revolution"}]},{"@type":"WebSite","@id":"https:\/\/www.veltec.eu\/en\/#website","url":"https:\/\/www.veltec.eu\/en\/","name":"Veltec Kirby specialist","description":"Kirby stofzuiger producten","publisher":{"@id":"https:\/\/www.veltec.eu\/en\/#organization"},"potentialAction":[{"@type":"SearchAction","target":{"@type":"EntryPoint","urlTemplate":"https:\/\/www.veltec.eu\/en\/?s={search_term_string}"},"query-input":{"@type":"PropertyValueSpecification","valueRequired":true,"valueName":"search_term_string"}}],"inLanguage":"fr-FR"},{"@type":"Organization","@id":"https:\/\/www.veltec.eu\/en\/#organization","name":"Veltec Kirby Specialist","url":"https:\/\/www.veltec.eu\/en\/","logo":{"@type":"ImageObject","inLanguage":"fr-FR","@id":"https:\/\/www.veltec.eu\/en\/#\/schema\/logo\/image\/","url":"https:\/\/www.veltec.eu\/wp-content\/uploads\/2021\/12\/Veltec-log-groot-e1537260889125.png","contentUrl":"https:\/\/www.veltec.eu\/wp-content\/uploads\/2021\/12\/Veltec-log-groot-e1537260889125.png","width":200,"height":60,"caption":"Veltec Kirby Specialist"},"image":{"@id":"https:\/\/www.veltec.eu\/en\/#\/schema\/logo\/image\/"},"sameAs":["https:\/\/www.facebook.com\/Veltec-Kirby-Specialist-236746293374877\/","https:\/\/www.youtube.com\/user\/VeltecService"]}]}},"_links":{"self":[{"href":"https:\/\/www.veltec.eu\/fr\/wp-json\/wp\/v2\/product\/69393","targetHints":{"allow":["GET"]}}],"collection":[{"href":"https:\/\/www.veltec.eu\/fr\/wp-json\/wp\/v2\/product"}],"about":[{"href":"https:\/\/www.veltec.eu\/fr\/wp-json\/wp\/v2\/types\/product"}],"replies":[{"embeddable":true,"href":"https:\/\/www.veltec.eu\/fr\/wp-json\/wp\/v2\/comments?post=69393"}],"wp:featuredmedia":[{"embeddable":true,"href":"https:\/\/www.veltec.eu\/fr\/wp-json\/wp\/v2\/media\/69290"}],"wp:attachment":[{"href":"https:\/\/www.veltec.eu\/fr\/wp-json\/wp\/v2\/media?parent=69393"}],"wp:term":[{"taxonomy":"product_brand","embeddable":true,"href":"https:\/\/www.veltec.eu\/fr\/wp-json\/wp\/v2\/product_brand?post=69393"},{"taxonomy":"product_cat","embeddable":true,"href":"https:\/\/www.veltec.eu\/fr\/wp-json\/wp\/v2\/product_cat?post=69393"},{"taxonomy":"product_tag","embeddable":true,"href":"https:\/\/www.veltec.eu\/fr\/wp-json\/wp\/v2\/product_tag?post=69393"}],"curies":[{"name":"wp","href":"https:\/\/api.w.org\/{rel}","templated":true}]}}