{"id":68888,"date":"2024-10-22T16:13:09","date_gmt":"2024-10-22T14:13:09","guid":{"rendered":"https:\/\/www.veltec.eu\/product\/conga-7490-x-treme-2\/"},"modified":"2025-06-11T13:32:17","modified_gmt":"2025-06-11T11:32:17","slug":"robot-aspirateur-7490-x-treme","status":"publish","type":"product","link":"https:\/\/www.veltec.eu\/fr\/product\/robot-aspirateur-7490-x-treme\/","title":{"rendered":"Robot aspirateur 7490 X-Treme"},"content":{"rendered":"<h1>Robot aspirateur 7490 X-Treme<\/h1>\n<p>Aspirateur robot 7490 X-Treme avec navigation laser et base autovidante.<\/p>\n<p><a href=\"\/nl?product_cat=aspirateurs-robotises\">Retrouvez tous les aspirateurs robots ici<\/a><\/p>\n<h2>Aspirateur robot 7490 X-Treme &#8211; Nettoyage ultime gr\u00e2ce \u00e0 la technologie intelligente<\/h2>\n<p>Vous recherchez un aspirateur robot puissant et intelligent pour garder votre maison propre sans effort ? Le Robot aspirateur 7490 X-Treme est le choix id\u00e9al ! Dot\u00e9 d&#8217;une navigation laser avanc\u00e9e, d&#8217;une base autovidante et d&#8217;une puissante aspiration de 4000 Pa, ce robot offre une exp\u00e9rience de nettoyage imbattable. Lisez la suite et d\u00e9couvrez pourquoi le 7490 X-Treme est votre partenaire de nettoyage id\u00e9al !<\/p>\n<h3>Robot aspirateur 7490 X-Treme Navigation laser : Nettoyage pr\u00e9cis et efficace<\/h3>\n<p>Gr\u00e2ce \u00e0 sa navigation laser avanc\u00e9e, le 7490 X-Treme scanne et apprend \u00e0 conna\u00eetre votre maison en temps r\u00e9el. Cela permet d&#8217;obtenir un itin\u00e9raire de nettoyage efficace et syst\u00e9matique, garantissant qu&#8217;aucun recoin n&#8217;est oubli\u00e9. Contrairement aux syst\u00e8mes de navigation al\u00e9atoires, la technologie intelligente garantit que votre sol est parfaitement propre en un minimum de temps. Cela permet non seulement d&#8217;\u00e9conomiser du temps, mais aussi de l&#8217;\u00e9nergie !<\/p>\n<h3>Vidange automatique des poussi\u00e8res : plus de vidange manuelle<\/h3>\n<p>L&#8217;une des caract\u00e9ristiques les plus r\u00e9volutionnaires du robot aspirateur 7490 X-Treme est son syst\u00e8me de vidange automatique de la poussi\u00e8re. Une fois le nettoyage termin\u00e9, le robot retourne \u00e0 sa base autovidante et commence imm\u00e9diatement \u00e0 vider le bac \u00e0 poussi\u00e8re. Gr\u00e2ce au sac \u00e0 poussi\u00e8re int\u00e9gr\u00e9 de 2 litres, vous n&#8217;aurez plus \u00e0 enlever la poussi\u00e8re pendant des semaines. Vous b\u00e9n\u00e9ficiez ainsi d&#8217;un processus de nettoyage hygi\u00e9nique et sans souci, sans contact direct avec la salet\u00e9.<\/p>\n<h3>Une aspiration puissante pour un nettoyage en profondeur<\/h3>\n<p>Avec une puissance d&#8217;aspiration impressionnante de 4 000 Pa, le 7490 X-Treme \u00e9limine sans effort la salet\u00e9, la poussi\u00e8re et les poils d&#8217;animaux de toutes les surfaces. Que vous ayez des sols durs ou des tapis, cet aspirateur robot s&#8217;adapte et offre toujours des performances optimales. Gr\u00e2ce \u00e0 la brosse centrale multifonctionnelle, m\u00eame les salet\u00e9s les plus tenaces sont efficacement d\u00e9log\u00e9es et aspir\u00e9es.<\/p>\n<h3>Aspirateur robot 7490 X-Treme avec une longue dur\u00e9e de vie de la batterie et une fonction de recharge intelligente<\/h3>\n<p>La batterie de 2600 mAh offre jusqu&#8217;\u00e0 120 minutes d&#8217;autonomie. Si la batterie se d\u00e9charge malgr\u00e9 tout au cours d&#8217;une s\u00e9ance de nettoyage, pas de probl\u00e8me ! Aucun probl\u00e8me ! Le robot retourne automatiquement \u00e0 sa base de chargement pour se recharger, puis reprend la t\u00e2che de nettoyage programm\u00e9e. Ainsi, vous n&#8217;aurez jamais \u00e0 vous soucier des t\u00e2ches de nettoyage inachev\u00e9es.<\/p>\n<h3>Plan des pi\u00e8ces : planifier et contr\u00f4ler le nettoyage<\/h3>\n<p>Avec la fonction Room Plan, vous d\u00e9cidez facilement quelles pi\u00e8ces nettoyer et \u00e0 quel moment. Le robot cr\u00e9e un plan virtuel de votre maison, ce qui vous permet de programmer les t\u00e2ches de nettoyage, de marquer les zones et d&#8217;ajuster des param\u00e8tres sp\u00e9cifiques via l&#8217;application conviviale.<\/p>\n<h3>Nettoyage 4 en 1 : aspirer, passer la serpilli\u00e8re, balayer et frotter<\/h3>\n<p>Le 7490 X-Treme est plus qu&#8217;un simple aspirateur ! Gr\u00e2ce \u00e0 sa fonctionnalit\u00e9 4 en 1, il peut non seulement aspirer, mais aussi passer la serpilli\u00e8re, balayer et r\u00e9curer. Le mouvement de frottement innovant de va-et-vient permet de faire dispara\u00eetre les taches les plus tenaces sans effort. Vous b\u00e9n\u00e9ficiez donc toujours d&#8217;un sol \u00e9tincelant de propret\u00e9 sans le moindre effort.<\/p>\n<h3>10 modes de nettoyage : Une solution pour chaque situation<\/h3>\n<p>Avec pas moins de 10 modes de nettoyage diff\u00e9rents, le robot aspirateur 7490 offre la solution parfaite pour chaque besoin de nettoyage. Que vous ayez besoin d&#8217;un nettoyage intensif, d&#8217;un nettoyage rapide ou que vous souhaitiez nettoyer des zones sp\u00e9cifiques, ce robot s&#8217;adapte sans effort \u00e0 vos besoins.<\/p>\n<h3>Une technologie avanc\u00e9e pour une utilisation maximale<\/h3>\n<p>La fonction de d\u00e9tection de sac garantit que la base autovidante ne fonctionne que lorsqu&#8217;un sac hygi\u00e9nique est ins\u00e9r\u00e9, ce qui offre une s\u00e9curit\u00e9 et une commodit\u00e9 accrues. De plus, vous disposez d&#8217;un contr\u00f4le total gr\u00e2ce \u00e0 la fonction APP Control. Contr\u00f4lez facilement le robot depuis votre smartphone, d\u00e9finissez des programmes de nettoyage et surveillez l&#8217;historique du nettoyage en quelques clics.<\/p>\n<h3>Commandez maintenant et profitez d&#8217;un nettoyage sans souci !<\/h3>\n<p>\u00cates-vous pr\u00eat \u00e0 externaliser le nettoyage pour de bon ? Choisissez l&#8217;aspirateur robot 7490 X-Treme et d\u00e9couvrez la commodit\u00e9 d&#8217;un aspirateur robot avanc\u00e9 et puissant. Commandez aujourd&#8217;hui et profitez d&#8217;une maison hygi\u00e9niquement propre sans aucun effort !<\/p>\n<h3>Composition Robot aspirateur 7490 X-Treme<\/h3>\n<ul>\n<li>1 brosse lat\u00e9rale<\/li>\n<li>Base autovidante<\/li>\n<li>Sac hygi\u00e9nique de 2 litres<\/li>\n<li>Brosse autonettoyante<\/li>\n<li>Brosse multi-usages<\/li>\n<li>R\u00e9servoir mixte<\/li>\n<li>Filtre \u00e0 haute efficacit\u00e9<\/li>\n<li>Manuel d&#8217;utilisation<\/li>\n<li>Robot aspirateur<\/li>\n<li>Balai \u00e0 franges<\/li>\n<\/ul>\n","protected":false},"excerpt":{"rendered":"<p>Robot aspirateur 7490 X-Treme avec navigation laser et base autovidante. Nettoyage 4 en 1 : 4 en 1 : frotte, aspire, passe la serpilli\u00e8re et balaie. Puissance d&#8217;aspiration de 4000 Pa. Autonomie de 120 minutes. Brosse centrale multifonctionnelle, 1 brosse \u00e0 r\u00e9curer et 1 brosse lat\u00e9rale. 3 niveaux d&#8217;aspiration et de r\u00e9curage. Contr\u00f4le par APP et assistants virtuels. D\u00e9tection automatique du sac. Capacit\u00e9 de 2 litres.<\/p>\n<h3><span style=\"color: #008000;\">En stock<\/span><\/h3>\n[av_font_icon icon='ue812' font='entypo-fontello' style='' caption='' size='25px' position='left' color='#43ad66' link='' linktarget='' title_attr='' sonar_effect_effect='' sonar_effect_color='' sonar_effect_duration='1' sonar_effect_scale='' sonar_effect_opac='0.5' animation='' id='' custom_class='' template_class='' av_uid='' sc_version='1.0' admin_preview_bg=''][\/av_font_icon]\n<p><span style=\"color: #008000;\">Le d\u00e9lai de livraison est de 5 \u00e0 10 jours ouvrables<\/span><\/p>\n[av_font_icon icon='ue812' font='entypo-fontello' style='' caption='' size='25px' position='left' color='#43ad66' link='' linktarget='' title_attr='' sonar_effect_effect='' sonar_effect_color='' sonar_effect_duration='1' sonar_effect_scale='' sonar_effect_opac='0.5' animation='' id='' custom_class='' template_class='' av_uid='' sc_version='1.0' admin_preview_bg=''][\/av_font_icon]\n<p><span style=\"color: #008000;\">Garantie de 2 ans<\/span><\/p>\n<p>&nbsp;<\/p>\n","protected":false},"featured_media":68810,"comment_status":"open","ping_status":"closed","template":"","meta":[],"product_brand":[],"product_cat":[26],"product_tag":[],"class_list":{"0":"post-68888","1":"product","2":"type-product","3":"status-publish","4":"has-post-thumbnail","6":"product_cat-overige-producten","8":"first","9":"instock","10":"sale","11":"taxable","12":"shipping-taxable","13":"purchasable","14":"product-type-simple"},"yoast_head":"<!-- This site is optimized with the Yoast SEO Premium plugin v27.1 (Yoast SEO v27.4) - https:\/\/yoast.com\/product\/yoast-seo-premium-wordpress\/ -->\n<title>Robot aspirateur 7490 X-Treme - Veltec Kirby specialist<\/title>\n<meta name=\"description\" content=\"Robot aspirateur 7490 X-Treme - Veltec fournit des aspirateurs Kirby depuis plus de 25 ans. C&#039;est votre sp\u00e9cialiste du service Kirby.\" \/>\n<meta name=\"robots\" content=\"index, follow, max-snippet:-1, max-image-preview:large, max-video-preview:-1\" \/>\n<link rel=\"canonical\" href=\"https:\/\/www.veltec.eu\/fr\/product\/robot-aspirateur-7490-x-treme\/\" \/>\n<meta property=\"og:locale\" content=\"fr_FR\" \/>\n<meta property=\"og:type\" content=\"article\" \/>\n<meta property=\"og:title\" content=\"Robot aspirateur 7490 X-Treme\" \/>\n<meta property=\"og:description\" content=\"Robot aspirateur 7490 X-Treme avec navigation laser et base autovidante. Nettoyage 4 en 1 : 4 en 1 : frotte, aspire, passe la serpilli\u00e8re et balaie. Puissance d&#039;aspiration de 4000 Pa. Autonomie de 120 minutes. Brosse centrale multifonctionnelle, 1 brosse \u00e0 r\u00e9curer et 1 brosse lat\u00e9rale. 3 niveaux d&#039;aspiration et de r\u00e9curage. Contr\u00f4le par APP et assistants virtuels. D\u00e9tection automatique du sac. Capacit\u00e9 de 2 litres. En stock   Le d\u00e9lai de livraison est de 5 \u00e0 10 jours ouvrables    Garantie de 2 ans  &nbsp;\" \/>\n<meta property=\"og:url\" content=\"https:\/\/www.veltec.eu\/fr\/product\/robot-aspirateur-7490-x-treme\/\" \/>\n<meta property=\"og:site_name\" content=\"Veltec Kirby specialist\" \/>\n<meta property=\"article:publisher\" content=\"https:\/\/www.facebook.com\/Veltec-Kirby-Specialist-236746293374877\/\" \/>\n<meta property=\"article:modified_time\" content=\"2025-06-11T11:32:17+00:00\" \/>\n<meta property=\"og:image\" content=\"https:\/\/www.veltec.eu\/wp-content\/uploads\/2024\/10\/conga-7490-ultimate-home-x-treme_wkofm8_1.png\" \/>\n\t<meta property=\"og:image:width\" content=\"640\" \/>\n\t<meta property=\"og:image:height\" content=\"640\" \/>\n\t<meta property=\"og:image:type\" content=\"image\/png\" \/>\n<meta name=\"twitter:card\" content=\"summary_large_image\" \/>\n<meta name=\"twitter:label1\" content=\"Dur\u00e9e de lecture estim\u00e9e\" \/>\n\t<meta name=\"twitter:data1\" content=\"4 minutes\" \/>\n<script type=\"application\/ld+json\" class=\"yoast-schema-graph\">{\"@context\":\"https:\\\/\\\/schema.org\",\"@graph\":[{\"@type\":\"WebPage\",\"@id\":\"https:\\\/\\\/www.veltec.eu\\\/fr\\\/product\\\/robot-aspirateur-7490-x-treme\\\/\",\"url\":\"https:\\\/\\\/www.veltec.eu\\\/fr\\\/product\\\/robot-aspirateur-7490-x-treme\\\/\",\"name\":\"Robot aspirateur 7490 X-Treme - Veltec Kirby specialist\",\"isPartOf\":{\"@id\":\"https:\\\/\\\/www.veltec.eu\\\/en\\\/#website\"},\"primaryImageOfPage\":{\"@id\":\"https:\\\/\\\/www.veltec.eu\\\/fr\\\/product\\\/robot-aspirateur-7490-x-treme\\\/#primaryimage\"},\"image\":{\"@id\":\"https:\\\/\\\/www.veltec.eu\\\/fr\\\/product\\\/robot-aspirateur-7490-x-treme\\\/#primaryimage\"},\"thumbnailUrl\":\"https:\\\/\\\/www.veltec.eu\\\/wp-content\\\/uploads\\\/2024\\\/10\\\/conga-7490-ultimate-home-x-treme_wkofm8_1.png\",\"datePublished\":\"2024-10-22T14:13:09+00:00\",\"dateModified\":\"2025-06-11T11:32:17+00:00\",\"description\":\"Robot aspirateur 7490 X-Treme - Veltec fournit des aspirateurs Kirby depuis plus de 25 ans. C'est votre sp\u00e9cialiste du service Kirby.\",\"breadcrumb\":{\"@id\":\"https:\\\/\\\/www.veltec.eu\\\/fr\\\/product\\\/robot-aspirateur-7490-x-treme\\\/#breadcrumb\"},\"inLanguage\":\"fr-FR\",\"potentialAction\":[{\"@type\":\"ReadAction\",\"target\":[\"https:\\\/\\\/www.veltec.eu\\\/fr\\\/product\\\/robot-aspirateur-7490-x-treme\\\/\"]}]},{\"@type\":\"ImageObject\",\"inLanguage\":\"fr-FR\",\"@id\":\"https:\\\/\\\/www.veltec.eu\\\/fr\\\/product\\\/robot-aspirateur-7490-x-treme\\\/#primaryimage\",\"url\":\"https:\\\/\\\/www.veltec.eu\\\/wp-content\\\/uploads\\\/2024\\\/10\\\/conga-7490-ultimate-home-x-treme_wkofm8_1.png\",\"contentUrl\":\"https:\\\/\\\/www.veltec.eu\\\/wp-content\\\/uploads\\\/2024\\\/10\\\/conga-7490-ultimate-home-x-treme_wkofm8_1.png\",\"width\":640,\"height\":640},{\"@type\":\"BreadcrumbList\",\"@id\":\"https:\\\/\\\/www.veltec.eu\\\/fr\\\/product\\\/robot-aspirateur-7490-x-treme\\\/#breadcrumb\",\"itemListElement\":[{\"@type\":\"ListItem\",\"position\":1,\"name\":\"Home\",\"item\":\"https:\\\/\\\/www.veltec.eu\\\/fr\\\/\"},{\"@type\":\"ListItem\",\"position\":2,\"name\":\"Produits\",\"item\":\"https:\\\/\\\/www.veltec.eu\\\/fr\\\/shop\\\/\"},{\"@type\":\"ListItem\",\"position\":3,\"name\":\"Robot aspirateur 7490 X-Treme\"}]},{\"@type\":\"WebSite\",\"@id\":\"https:\\\/\\\/www.veltec.eu\\\/en\\\/#website\",\"url\":\"https:\\\/\\\/www.veltec.eu\\\/en\\\/\",\"name\":\"Veltec Kirby specialist\",\"description\":\"Kirby stofzuiger producten\",\"publisher\":{\"@id\":\"https:\\\/\\\/www.veltec.eu\\\/en\\\/#organization\"},\"potentialAction\":[{\"@type\":\"SearchAction\",\"target\":{\"@type\":\"EntryPoint\",\"urlTemplate\":\"https:\\\/\\\/www.veltec.eu\\\/en\\\/?s={search_term_string}\"},\"query-input\":{\"@type\":\"PropertyValueSpecification\",\"valueRequired\":true,\"valueName\":\"search_term_string\"}}],\"inLanguage\":\"fr-FR\"},{\"@type\":\"Organization\",\"@id\":\"https:\\\/\\\/www.veltec.eu\\\/en\\\/#organization\",\"name\":\"Veltec Kirby Specialist\",\"url\":\"https:\\\/\\\/www.veltec.eu\\\/en\\\/\",\"logo\":{\"@type\":\"ImageObject\",\"inLanguage\":\"fr-FR\",\"@id\":\"https:\\\/\\\/www.veltec.eu\\\/en\\\/#\\\/schema\\\/logo\\\/image\\\/\",\"url\":\"https:\\\/\\\/www.veltec.eu\\\/wp-content\\\/uploads\\\/2021\\\/12\\\/Veltec-log-groot-e1537260889125.png\",\"contentUrl\":\"https:\\\/\\\/www.veltec.eu\\\/wp-content\\\/uploads\\\/2021\\\/12\\\/Veltec-log-groot-e1537260889125.png\",\"width\":200,\"height\":60,\"caption\":\"Veltec Kirby Specialist\"},\"image\":{\"@id\":\"https:\\\/\\\/www.veltec.eu\\\/en\\\/#\\\/schema\\\/logo\\\/image\\\/\"},\"sameAs\":[\"https:\\\/\\\/www.facebook.com\\\/Veltec-Kirby-Specialist-236746293374877\\\/\",\"https:\\\/\\\/www.youtube.com\\\/user\\\/VeltecService\"]}]}<\/script>\n<!-- \/ Yoast SEO Premium plugin. -->","yoast_head_json":{"title":"Robot aspirateur 7490 X-Treme - Veltec Kirby specialist","description":"Robot aspirateur 7490 X-Treme - Veltec fournit des aspirateurs Kirby depuis plus de 25 ans. C'est votre sp\u00e9cialiste du service Kirby.","robots":{"index":"index","follow":"follow","max-snippet":"max-snippet:-1","max-image-preview":"max-image-preview:large","max-video-preview":"max-video-preview:-1"},"canonical":"https:\/\/www.veltec.eu\/fr\/product\/robot-aspirateur-7490-x-treme\/","og_locale":"fr_FR","og_type":"article","og_title":"Robot aspirateur 7490 X-Treme","og_description":"Robot aspirateur 7490 X-Treme avec navigation laser et base autovidante. Nettoyage 4 en 1 : 4 en 1 : frotte, aspire, passe la serpilli\u00e8re et balaie. Puissance d'aspiration de 4000 Pa. Autonomie de 120 minutes. Brosse centrale multifonctionnelle, 1 brosse \u00e0 r\u00e9curer et 1 brosse lat\u00e9rale. 3 niveaux d'aspiration et de r\u00e9curage. Contr\u00f4le par APP et assistants virtuels. D\u00e9tection automatique du sac. Capacit\u00e9 de 2 litres. En stock   Le d\u00e9lai de livraison est de 5 \u00e0 10 jours ouvrables    Garantie de 2 ans  &nbsp;","og_url":"https:\/\/www.veltec.eu\/fr\/product\/robot-aspirateur-7490-x-treme\/","og_site_name":"Veltec Kirby specialist","article_publisher":"https:\/\/www.facebook.com\/Veltec-Kirby-Specialist-236746293374877\/","article_modified_time":"2025-06-11T11:32:17+00:00","og_image":[{"width":640,"height":640,"url":"https:\/\/www.veltec.eu\/wp-content\/uploads\/2024\/10\/conga-7490-ultimate-home-x-treme_wkofm8_1.png","type":"image\/png"}],"twitter_card":"summary_large_image","twitter_misc":{"Dur\u00e9e de lecture estim\u00e9e":"4 minutes"},"schema":{"@context":"https:\/\/schema.org","@graph":[{"@type":"WebPage","@id":"https:\/\/www.veltec.eu\/fr\/product\/robot-aspirateur-7490-x-treme\/","url":"https:\/\/www.veltec.eu\/fr\/product\/robot-aspirateur-7490-x-treme\/","name":"Robot aspirateur 7490 X-Treme - Veltec Kirby specialist","isPartOf":{"@id":"https:\/\/www.veltec.eu\/en\/#website"},"primaryImageOfPage":{"@id":"https:\/\/www.veltec.eu\/fr\/product\/robot-aspirateur-7490-x-treme\/#primaryimage"},"image":{"@id":"https:\/\/www.veltec.eu\/fr\/product\/robot-aspirateur-7490-x-treme\/#primaryimage"},"thumbnailUrl":"https:\/\/www.veltec.eu\/wp-content\/uploads\/2024\/10\/conga-7490-ultimate-home-x-treme_wkofm8_1.png","datePublished":"2024-10-22T14:13:09+00:00","dateModified":"2025-06-11T11:32:17+00:00","description":"Robot aspirateur 7490 X-Treme - Veltec fournit des aspirateurs Kirby depuis plus de 25 ans. C'est votre sp\u00e9cialiste du service Kirby.","breadcrumb":{"@id":"https:\/\/www.veltec.eu\/fr\/product\/robot-aspirateur-7490-x-treme\/#breadcrumb"},"inLanguage":"fr-FR","potentialAction":[{"@type":"ReadAction","target":["https:\/\/www.veltec.eu\/fr\/product\/robot-aspirateur-7490-x-treme\/"]}]},{"@type":"ImageObject","inLanguage":"fr-FR","@id":"https:\/\/www.veltec.eu\/fr\/product\/robot-aspirateur-7490-x-treme\/#primaryimage","url":"https:\/\/www.veltec.eu\/wp-content\/uploads\/2024\/10\/conga-7490-ultimate-home-x-treme_wkofm8_1.png","contentUrl":"https:\/\/www.veltec.eu\/wp-content\/uploads\/2024\/10\/conga-7490-ultimate-home-x-treme_wkofm8_1.png","width":640,"height":640},{"@type":"BreadcrumbList","@id":"https:\/\/www.veltec.eu\/fr\/product\/robot-aspirateur-7490-x-treme\/#breadcrumb","itemListElement":[{"@type":"ListItem","position":1,"name":"Home","item":"https:\/\/www.veltec.eu\/fr\/"},{"@type":"ListItem","position":2,"name":"Produits","item":"https:\/\/www.veltec.eu\/fr\/shop\/"},{"@type":"ListItem","position":3,"name":"Robot aspirateur 7490 X-Treme"}]},{"@type":"WebSite","@id":"https:\/\/www.veltec.eu\/en\/#website","url":"https:\/\/www.veltec.eu\/en\/","name":"Veltec Kirby specialist","description":"Kirby stofzuiger producten","publisher":{"@id":"https:\/\/www.veltec.eu\/en\/#organization"},"potentialAction":[{"@type":"SearchAction","target":{"@type":"EntryPoint","urlTemplate":"https:\/\/www.veltec.eu\/en\/?s={search_term_string}"},"query-input":{"@type":"PropertyValueSpecification","valueRequired":true,"valueName":"search_term_string"}}],"inLanguage":"fr-FR"},{"@type":"Organization","@id":"https:\/\/www.veltec.eu\/en\/#organization","name":"Veltec Kirby Specialist","url":"https:\/\/www.veltec.eu\/en\/","logo":{"@type":"ImageObject","inLanguage":"fr-FR","@id":"https:\/\/www.veltec.eu\/en\/#\/schema\/logo\/image\/","url":"https:\/\/www.veltec.eu\/wp-content\/uploads\/2021\/12\/Veltec-log-groot-e1537260889125.png","contentUrl":"https:\/\/www.veltec.eu\/wp-content\/uploads\/2021\/12\/Veltec-log-groot-e1537260889125.png","width":200,"height":60,"caption":"Veltec Kirby Specialist"},"image":{"@id":"https:\/\/www.veltec.eu\/en\/#\/schema\/logo\/image\/"},"sameAs":["https:\/\/www.facebook.com\/Veltec-Kirby-Specialist-236746293374877\/","https:\/\/www.youtube.com\/user\/VeltecService"]}]}},"_links":{"self":[{"href":"https:\/\/www.veltec.eu\/fr\/wp-json\/wp\/v2\/product\/68888","targetHints":{"allow":["GET"]}}],"collection":[{"href":"https:\/\/www.veltec.eu\/fr\/wp-json\/wp\/v2\/product"}],"about":[{"href":"https:\/\/www.veltec.eu\/fr\/wp-json\/wp\/v2\/types\/product"}],"replies":[{"embeddable":true,"href":"https:\/\/www.veltec.eu\/fr\/wp-json\/wp\/v2\/comments?post=68888"}],"wp:featuredmedia":[{"embeddable":true,"href":"https:\/\/www.veltec.eu\/fr\/wp-json\/wp\/v2\/media\/68810"}],"wp:attachment":[{"href":"https:\/\/www.veltec.eu\/fr\/wp-json\/wp\/v2\/media?parent=68888"}],"wp:term":[{"taxonomy":"product_brand","embeddable":true,"href":"https:\/\/www.veltec.eu\/fr\/wp-json\/wp\/v2\/product_brand?post=68888"},{"taxonomy":"product_cat","embeddable":true,"href":"https:\/\/www.veltec.eu\/fr\/wp-json\/wp\/v2\/product_cat?post=68888"},{"taxonomy":"product_tag","embeddable":true,"href":"https:\/\/www.veltec.eu\/fr\/wp-json\/wp\/v2\/product_tag?post=68888"}],"curies":[{"name":"wp","href":"https:\/\/api.w.org\/{rel}","templated":true}]}}