{"id":68464,"date":"2022-07-11T11:31:56","date_gmt":"2022-07-11T09:31:56","guid":{"rendered":"https:\/\/www.veltec.eu\/product\/hydrosteam-3030\/"},"modified":"2025-01-22T17:41:51","modified_gmt":"2025-01-22T15:41:51","slug":"hydrosteam-3030","status":"publish","type":"product","link":"https:\/\/www.veltec.eu\/fr\/product\/hydrosteam-3030\/","title":{"rendered":"HydroSteam 3030"},"content":{"rendered":"<h1>HydroSteam 3030<\/h1>\n<p>HydroSteam 3030 &#8211; Avec une puissance maximale de 1500 W, il est capable de nettoyer et de d\u00e9sinfecter. D\u00e9bit de vapeur de 20 \u00e0 30 g\/min et temps de chauffe rapide de 30 secondes. Dur\u00e9e d&#8217;utilisation de 15 \u00e0 20 minutes et 3 niveaux de r\u00e9glage de la vapeur pour s&#8217;adapter aux diff\u00e9rentes surfaces. R\u00e9servoir d&#8217;eau d&#8217;une capacit\u00e9 de 330 ml<\/p>\n<ul>\n<li>Puissance de 1500 W pour un nettoyage rapide et efficace.<\/li>\n<li>D\u00e9bit de vapeur maximal de 30 g\/min pour nettoyer et d\u00e9sinfecter en moins de temps.<\/li>\n<li>Chauffage rapide jusqu&#8217;\u00e0 la temp\u00e9rature maximale en 30 secondes.<\/li>\n<li>Temps de travail de 15 \u00e0 20 minutes pour une finition parfaite.<\/li>\n<li>3 niveaux de vapeur pour nettoyer tout type de tissu.<\/li>\n<li>R\u00e9servoir d&#8217;une capacit\u00e9 de 330 ml pour un temps de nettoyage plus long.<\/li>\n<li>Filtre anti-calcaire amovible pour un entretien \u00e0 long terme.<\/li>\n<li>Protection contre la surchauffe du moteur.<\/li>\n<\/ul>\n<p><b>Composition<\/b><\/p>\n<ul>\n<li>D\u00e9froisseur actif HydroSteam 3030<\/li>\n<li>Chiffon en microfibre<\/li>\n<li>Accessoire pour tapis et moquettes<\/li>\n<li>Mode d&#8217;emploi.<\/li>\n<\/ul>\n","protected":false},"excerpt":{"rendered":"<p>HydroSteam 3030 &#8211; Avec une puissance maximale de 1500 W, il est capable de nettoyer et de d\u00e9sinfecter.<\/p>\n<p>&nbsp;<\/p>\n<h3><span style=\"color: #008000;\">En stock<\/span><\/h3>\n[av_font_icon icon='ue812' font='entypo-fontello' style='' caption='' size='25px' position='left' color='#43ad66' link='' linktarget='' title_attr='' sonar_effect_effect='' sonar_effect_color='' sonar_effect_duration='1' sonar_effect_scale='' sonar_effect_opac='0.5' animation='' id='' custom_class='' template_class='' av_uid='' sc_version='1.0' admin_preview_bg=''][\/av_font_icon]\n<p><span style=\"color: #008000;\">Le d\u00e9lai de livraison est de 5 \u00e0 10 jours ouvrables<\/span><\/p>\n[av_font_icon icon='ue812' font='entypo-fontello' style='' caption='' size='25px' position='left' color='#43ad66' link='' linktarget='' title_attr='' sonar_effect_effect='' sonar_effect_color='' sonar_effect_duration='1' sonar_effect_scale='' sonar_effect_opac='0.5' animation='' id='' custom_class='' template_class='' av_uid='' sc_version='1.0' admin_preview_bg=''][\/av_font_icon]\n<p><span style=\"color: #008000;\">Garantie de 2 ans<\/span><\/p>\n<p>&nbsp;<\/p>\n","protected":false},"featured_media":68465,"comment_status":"open","ping_status":"closed","template":"","meta":{"_acf_changed":false},"product_brand":[],"product_cat":[26],"product_tag":[],"class_list":{"0":"post-68464","1":"product","2":"type-product","3":"status-publish","4":"has-post-thumbnail","6":"product_cat-overige-producten","8":"first","9":"instock","10":"sale","11":"taxable","12":"shipping-taxable","13":"purchasable","14":"product-type-simple"},"acf":[],"yoast_head":"<!-- This site is optimized with the Yoast SEO Premium plugin v27.1 (Yoast SEO v27.5) - https:\/\/yoast.com\/product\/yoast-seo-premium-wordpress\/ -->\n<title>HydroSteam 3030 - Veltec Kirby specialist<\/title>\n<meta name=\"description\" content=\"hydrosteam-3030 - Veltec est un fournisseur d&#039;aspirateurs Kirby depuis plus de 25 ans. Et est votre sp\u00e9cialiste de confiance en mati\u00e8re de service Kirby.\" \/>\n<meta name=\"robots\" content=\"index, follow, max-snippet:-1, max-image-preview:large, max-video-preview:-1\" \/>\n<link rel=\"canonical\" href=\"https:\/\/www.veltec.eu\/fr\/product\/hydrosteam-3030\/\" \/>\n<meta property=\"og:locale\" content=\"fr_FR\" \/>\n<meta property=\"og:type\" content=\"article\" \/>\n<meta property=\"og:title\" content=\"HydroSteam 3030\" \/>\n<meta property=\"og:description\" content=\"HydroSteam 3030 - Avec une puissance maximale de 1500 W, il est capable de nettoyer et de d\u00e9sinfecter.  &nbsp; En stock   Le d\u00e9lai de livraison est de 5 \u00e0 10 jours ouvrables    Garantie de 2 ans  &nbsp;\" \/>\n<meta property=\"og:url\" content=\"https:\/\/www.veltec.eu\/fr\/product\/hydrosteam-3030\/\" \/>\n<meta property=\"og:site_name\" content=\"Veltec Kirby specialist\" \/>\n<meta property=\"article:publisher\" content=\"https:\/\/www.facebook.com\/Veltec-Kirby-Specialist-236746293374877\/\" \/>\n<meta property=\"article:modified_time\" content=\"2025-01-22T15:41:51+00:00\" \/>\n<meta property=\"og:image\" content=\"https:\/\/www.veltec.eu\/wp-content\/uploads\/2022\/07\/hydrosteam-3030-active.png\" \/>\n\t<meta property=\"og:image:width\" content=\"458\" \/>\n\t<meta property=\"og:image:height\" content=\"458\" \/>\n\t<meta property=\"og:image:type\" content=\"image\/png\" \/>\n<meta name=\"twitter:card\" content=\"summary_large_image\" \/>\n<meta name=\"twitter:label1\" content=\"Dur\u00e9e de lecture estim\u00e9e\" \/>\n\t<meta name=\"twitter:data1\" content=\"1 minute\" \/>\n<script type=\"application\/ld+json\" class=\"yoast-schema-graph\">{\"@context\":\"https:\\\/\\\/schema.org\",\"@graph\":[{\"@type\":\"WebPage\",\"@id\":\"https:\\\/\\\/www.veltec.eu\\\/fr\\\/product\\\/hydrosteam-3030\\\/\",\"url\":\"https:\\\/\\\/www.veltec.eu\\\/fr\\\/product\\\/hydrosteam-3030\\\/\",\"name\":\"HydroSteam 3030 - Veltec Kirby specialist\",\"isPartOf\":{\"@id\":\"https:\\\/\\\/www.veltec.eu\\\/en\\\/#website\"},\"primaryImageOfPage\":{\"@id\":\"https:\\\/\\\/www.veltec.eu\\\/fr\\\/product\\\/hydrosteam-3030\\\/#primaryimage\"},\"image\":{\"@id\":\"https:\\\/\\\/www.veltec.eu\\\/fr\\\/product\\\/hydrosteam-3030\\\/#primaryimage\"},\"thumbnailUrl\":\"https:\\\/\\\/www.veltec.eu\\\/wp-content\\\/uploads\\\/2022\\\/07\\\/hydrosteam-3030-active.png\",\"datePublished\":\"2022-07-11T09:31:56+00:00\",\"dateModified\":\"2025-01-22T15:41:51+00:00\",\"description\":\"hydrosteam-3030 - Veltec est un fournisseur d'aspirateurs Kirby depuis plus de 25 ans. Et est votre sp\u00e9cialiste de confiance en mati\u00e8re de service Kirby.\",\"breadcrumb\":{\"@id\":\"https:\\\/\\\/www.veltec.eu\\\/fr\\\/product\\\/hydrosteam-3030\\\/#breadcrumb\"},\"inLanguage\":\"fr-FR\",\"potentialAction\":[{\"@type\":\"ReadAction\",\"target\":[\"https:\\\/\\\/www.veltec.eu\\\/fr\\\/product\\\/hydrosteam-3030\\\/\"]}]},{\"@type\":\"ImageObject\",\"inLanguage\":\"fr-FR\",\"@id\":\"https:\\\/\\\/www.veltec.eu\\\/fr\\\/product\\\/hydrosteam-3030\\\/#primaryimage\",\"url\":\"https:\\\/\\\/www.veltec.eu\\\/wp-content\\\/uploads\\\/2022\\\/07\\\/hydrosteam-3030-active.png\",\"contentUrl\":\"https:\\\/\\\/www.veltec.eu\\\/wp-content\\\/uploads\\\/2022\\\/07\\\/hydrosteam-3030-active.png\",\"width\":458,\"height\":458},{\"@type\":\"BreadcrumbList\",\"@id\":\"https:\\\/\\\/www.veltec.eu\\\/fr\\\/product\\\/hydrosteam-3030\\\/#breadcrumb\",\"itemListElement\":[{\"@type\":\"ListItem\",\"position\":1,\"name\":\"Home\",\"item\":\"https:\\\/\\\/www.veltec.eu\\\/fr\\\/accueil\\\/\"},{\"@type\":\"ListItem\",\"position\":2,\"name\":\"Boutique Kirby\",\"item\":\"https:\\\/\\\/www.veltec.eu\\\/fr\\\/boutique-kirby\\\/\"},{\"@type\":\"ListItem\",\"position\":3,\"name\":\"HydroSteam 3030\"}]},{\"@type\":\"WebSite\",\"@id\":\"https:\\\/\\\/www.veltec.eu\\\/en\\\/#website\",\"url\":\"https:\\\/\\\/www.veltec.eu\\\/en\\\/\",\"name\":\"Veltec Kirby specialist\",\"description\":\"Kirby stofzuiger producten\",\"publisher\":{\"@id\":\"https:\\\/\\\/www.veltec.eu\\\/en\\\/#organization\"},\"potentialAction\":[{\"@type\":\"SearchAction\",\"target\":{\"@type\":\"EntryPoint\",\"urlTemplate\":\"https:\\\/\\\/www.veltec.eu\\\/en\\\/?s={search_term_string}\"},\"query-input\":{\"@type\":\"PropertyValueSpecification\",\"valueRequired\":true,\"valueName\":\"search_term_string\"}}],\"inLanguage\":\"fr-FR\"},{\"@type\":\"Organization\",\"@id\":\"https:\\\/\\\/www.veltec.eu\\\/en\\\/#organization\",\"name\":\"Veltec Kirby Specialist\",\"url\":\"https:\\\/\\\/www.veltec.eu\\\/en\\\/\",\"logo\":{\"@type\":\"ImageObject\",\"inLanguage\":\"fr-FR\",\"@id\":\"https:\\\/\\\/www.veltec.eu\\\/en\\\/#\\\/schema\\\/logo\\\/image\\\/\",\"url\":\"https:\\\/\\\/www.veltec.eu\\\/wp-content\\\/uploads\\\/2021\\\/12\\\/Veltec-log-groot-e1537260889125.png\",\"contentUrl\":\"https:\\\/\\\/www.veltec.eu\\\/wp-content\\\/uploads\\\/2021\\\/12\\\/Veltec-log-groot-e1537260889125.png\",\"width\":200,\"height\":60,\"caption\":\"Veltec Kirby Specialist\"},\"image\":{\"@id\":\"https:\\\/\\\/www.veltec.eu\\\/en\\\/#\\\/schema\\\/logo\\\/image\\\/\"},\"sameAs\":[\"https:\\\/\\\/www.facebook.com\\\/Veltec-Kirby-Specialist-236746293374877\\\/\",\"https:\\\/\\\/www.youtube.com\\\/user\\\/VeltecService\"]}]}<\/script>\n<!-- \/ Yoast SEO Premium plugin. -->","yoast_head_json":{"title":"HydroSteam 3030 - Veltec Kirby specialist","description":"hydrosteam-3030 - Veltec est un fournisseur d'aspirateurs Kirby depuis plus de 25 ans. Et est votre sp\u00e9cialiste de confiance en mati\u00e8re de service Kirby.","robots":{"index":"index","follow":"follow","max-snippet":"max-snippet:-1","max-image-preview":"max-image-preview:large","max-video-preview":"max-video-preview:-1"},"canonical":"https:\/\/www.veltec.eu\/fr\/product\/hydrosteam-3030\/","og_locale":"fr_FR","og_type":"article","og_title":"HydroSteam 3030","og_description":"HydroSteam 3030 - Avec une puissance maximale de 1500 W, il est capable de nettoyer et de d\u00e9sinfecter.  &nbsp; En stock   Le d\u00e9lai de livraison est de 5 \u00e0 10 jours ouvrables    Garantie de 2 ans  &nbsp;","og_url":"https:\/\/www.veltec.eu\/fr\/product\/hydrosteam-3030\/","og_site_name":"Veltec Kirby specialist","article_publisher":"https:\/\/www.facebook.com\/Veltec-Kirby-Specialist-236746293374877\/","article_modified_time":"2025-01-22T15:41:51+00:00","og_image":[{"width":458,"height":458,"url":"https:\/\/www.veltec.eu\/wp-content\/uploads\/2022\/07\/hydrosteam-3030-active.png","type":"image\/png"}],"twitter_card":"summary_large_image","twitter_misc":{"Dur\u00e9e de lecture estim\u00e9e":"1 minute"},"schema":{"@context":"https:\/\/schema.org","@graph":[{"@type":"WebPage","@id":"https:\/\/www.veltec.eu\/fr\/product\/hydrosteam-3030\/","url":"https:\/\/www.veltec.eu\/fr\/product\/hydrosteam-3030\/","name":"HydroSteam 3030 - Veltec Kirby specialist","isPartOf":{"@id":"https:\/\/www.veltec.eu\/en\/#website"},"primaryImageOfPage":{"@id":"https:\/\/www.veltec.eu\/fr\/product\/hydrosteam-3030\/#primaryimage"},"image":{"@id":"https:\/\/www.veltec.eu\/fr\/product\/hydrosteam-3030\/#primaryimage"},"thumbnailUrl":"https:\/\/www.veltec.eu\/wp-content\/uploads\/2022\/07\/hydrosteam-3030-active.png","datePublished":"2022-07-11T09:31:56+00:00","dateModified":"2025-01-22T15:41:51+00:00","description":"hydrosteam-3030 - Veltec est un fournisseur d'aspirateurs Kirby depuis plus de 25 ans. Et est votre sp\u00e9cialiste de confiance en mati\u00e8re de service Kirby.","breadcrumb":{"@id":"https:\/\/www.veltec.eu\/fr\/product\/hydrosteam-3030\/#breadcrumb"},"inLanguage":"fr-FR","potentialAction":[{"@type":"ReadAction","target":["https:\/\/www.veltec.eu\/fr\/product\/hydrosteam-3030\/"]}]},{"@type":"ImageObject","inLanguage":"fr-FR","@id":"https:\/\/www.veltec.eu\/fr\/product\/hydrosteam-3030\/#primaryimage","url":"https:\/\/www.veltec.eu\/wp-content\/uploads\/2022\/07\/hydrosteam-3030-active.png","contentUrl":"https:\/\/www.veltec.eu\/wp-content\/uploads\/2022\/07\/hydrosteam-3030-active.png","width":458,"height":458},{"@type":"BreadcrumbList","@id":"https:\/\/www.veltec.eu\/fr\/product\/hydrosteam-3030\/#breadcrumb","itemListElement":[{"@type":"ListItem","position":1,"name":"Home","item":"https:\/\/www.veltec.eu\/fr\/accueil\/"},{"@type":"ListItem","position":2,"name":"Boutique Kirby","item":"https:\/\/www.veltec.eu\/fr\/boutique-kirby\/"},{"@type":"ListItem","position":3,"name":"HydroSteam 3030"}]},{"@type":"WebSite","@id":"https:\/\/www.veltec.eu\/en\/#website","url":"https:\/\/www.veltec.eu\/en\/","name":"Veltec Kirby specialist","description":"Kirby stofzuiger producten","publisher":{"@id":"https:\/\/www.veltec.eu\/en\/#organization"},"potentialAction":[{"@type":"SearchAction","target":{"@type":"EntryPoint","urlTemplate":"https:\/\/www.veltec.eu\/en\/?s={search_term_string}"},"query-input":{"@type":"PropertyValueSpecification","valueRequired":true,"valueName":"search_term_string"}}],"inLanguage":"fr-FR"},{"@type":"Organization","@id":"https:\/\/www.veltec.eu\/en\/#organization","name":"Veltec Kirby Specialist","url":"https:\/\/www.veltec.eu\/en\/","logo":{"@type":"ImageObject","inLanguage":"fr-FR","@id":"https:\/\/www.veltec.eu\/en\/#\/schema\/logo\/image\/","url":"https:\/\/www.veltec.eu\/wp-content\/uploads\/2021\/12\/Veltec-log-groot-e1537260889125.png","contentUrl":"https:\/\/www.veltec.eu\/wp-content\/uploads\/2021\/12\/Veltec-log-groot-e1537260889125.png","width":200,"height":60,"caption":"Veltec Kirby Specialist"},"image":{"@id":"https:\/\/www.veltec.eu\/en\/#\/schema\/logo\/image\/"},"sameAs":["https:\/\/www.facebook.com\/Veltec-Kirby-Specialist-236746293374877\/","https:\/\/www.youtube.com\/user\/VeltecService"]}]}},"_links":{"self":[{"href":"https:\/\/www.veltec.eu\/fr\/wp-json\/wp\/v2\/product\/68464","targetHints":{"allow":["GET"]}}],"collection":[{"href":"https:\/\/www.veltec.eu\/fr\/wp-json\/wp\/v2\/product"}],"about":[{"href":"https:\/\/www.veltec.eu\/fr\/wp-json\/wp\/v2\/types\/product"}],"replies":[{"embeddable":true,"href":"https:\/\/www.veltec.eu\/fr\/wp-json\/wp\/v2\/comments?post=68464"}],"wp:featuredmedia":[{"embeddable":true,"href":"https:\/\/www.veltec.eu\/fr\/wp-json\/wp\/v2\/media\/68465"}],"wp:attachment":[{"href":"https:\/\/www.veltec.eu\/fr\/wp-json\/wp\/v2\/media?parent=68464"}],"wp:term":[{"taxonomy":"product_brand","embeddable":true,"href":"https:\/\/www.veltec.eu\/fr\/wp-json\/wp\/v2\/product_brand?post=68464"},{"taxonomy":"product_cat","embeddable":true,"href":"https:\/\/www.veltec.eu\/fr\/wp-json\/wp\/v2\/product_cat?post=68464"},{"taxonomy":"product_tag","embeddable":true,"href":"https:\/\/www.veltec.eu\/fr\/wp-json\/wp\/v2\/product_tag?post=68464"}],"curies":[{"name":"wp","href":"https:\/\/api.w.org\/{rel}","templated":true}]}}