{"id":67275,"date":"2024-09-18T13:44:11","date_gmt":"2024-09-18T11:44:11","guid":{"rendered":"https:\/\/www.veltec.eu\/product\/wetdry-t-vaste\/"},"modified":"2025-06-11T15:50:11","modified_gmt":"2025-06-11T13:50:11","slug":"humide-sec-t","status":"publish","type":"product","link":"https:\/\/www.veltec.eu\/fr\/product\/humide-sec-t\/","title":{"rendered":"Humide &#038; Sec T"},"content":{"rendered":"<h1>Humide &amp; Sec T<\/h1>\n<p>Humide &amp; Sec T &#8211; Aspirateur \u00e0 liquides sans sac.<\/p>\n<div class=\"css-1vrowg6\">\n<div id=\"description\" class=\"e1pizqy33 css-1gvl2s3\">\n<div class=\"css-1aprn8v e1pizqy32\">\n<ul>\n<li>Aspirateur puissant pour les liquides et les solides : 1400 W.<\/li>\n<li>Port\u00e9e de 7 m\u00e8tres.<\/li>\n<li>Grande capacit\u00e9 du r\u00e9servoir : 15 l et sans sac.<\/li>\n<li>Double filtration efficace : Filtre HEPA (purifie 99,99 % de l&#8217;air) et filtre \u00e0 eau.<\/li>\n<li>R\u00e9gulateur de puissance pour un contr\u00f4le total de la puissance d&#8217;aspiration.<\/li>\n<li>Syst\u00e8me de soufflerie : avec fonction de soufflage.<\/li>\n<li>5 accessoires pour chaque surface : sols durs, liquides, accessoires pour la poussi\u00e8re, brosse polyvalente et coins.<\/li>\n<li>La conception pratique de l&#8217;aspirateur permet de ranger tous les accessoires dans le bo\u00eetier.<\/li>\n<\/ul>\n<p><a href=\"\/nl?product_cat=aspirateurs-solides-liquides\">Ici, vous trouverez tous les Aspirateurs solides-liquides.<\/a><\/p>\n<\/div>\n<\/div>\n<\/div>\n<div class=\"css-1vrowg6\">\n<div id=\"composition\" class=\"e1hv9n5v2 css-ldw7pi\">\n<h3><strong>Composition<\/strong><\/h3>\n<ul>\n<li>Aspirateur pour liquides et solides.<\/li>\n<li>Filtre HEPA.<\/li>\n<li>R\u00e9servoir<\/li>\n<li>Roues<\/li>\n<li>Commande \u00e9lectrique.<\/li>\n<li>Accessoire pour sols durs.<\/li>\n<li>Accessoire pour liquides.<\/li>\n<li>Accessoire pour textiles.<\/li>\n<li>Brosse multi-usages.<\/li>\n<li>Accessoire pour brosse d&#8217;angle.<\/li>\n<li>Tuyau flexible<\/li>\n<li>2 tuyaux en plastique dur.<\/li>\n<\/ul>\n<p>&nbsp;<\/p>\n<\/div>\n<\/div>\n","protected":false},"excerpt":{"rendered":"<p>Humide &amp; Sec T &#8211; Hoover pour liquides et solides, puissance, vitesse et nettoyage maximal avec un minimum d&#8217;effort. Aspire tous les types de salet\u00e9s, y compris les liquides, dans tous les coins de la maison sans laisser de traces. \u00c9quip\u00e9 d&#8217;un filtre HEPA et d&#8217;un filtre \u00e0 eau pour un environnement propre et totalement hygi\u00e9nique, exempt de bact\u00e9ries, d&#8217;allerg\u00e8nes, de poussi\u00e8re et de pollen.<\/p>\n<p>&nbsp;<\/p>\n<div>\n<div>\n<h3><span lang=\"EN-US\" style=\"color: #008000;\">En stock<\/span><\/h3>\n<\/div>\n<div>\n<p><span lang=\"EN-US\">[av_font_icon icon='ue812' font='entypo-fontello' style='' caption='' size='25px' position='left' color='#43ad66' link='' linktarget='' title_attr='' sonar_effect_effect='' sonar_effect_color='' sonar_effect_duration='1' sonar_effect_scale='' sonar_effect_opac='0.5' animation='' id='' custom_class='' template_class='' av_uid='' sc_version='1.0' admin_preview_bg=''][\/av_font_icon]<\/span><\/p>\n<\/div>\n<div>\n<p><span lang=\"EN-US\" style=\"color: #008000;\">Le d\u00e9lai de livraison est de 5 \u00e0 10 jours ouvrables<\/span><\/p>\n<\/div>\n<div>\n<p><span lang=\"EN-US\">[av_font_icon icon='ue812' font='entypo-fontello' style='' caption='' size='25px' position='left' color='#43ad66' link='' linktarget='' title_attr='' sonar_effect_effect='' sonar_effect_color='' sonar_effect_duration='1' sonar_effect_scale='' sonar_effect_opac='0.5' animation='' id='' custom_class='' template_class='' av_uid='' sc_version='1.0' admin_preview_bg=''][\/av_font_icon]<\/span><\/p>\n<\/div>\n<div>\n<p><span style=\"color: #008000;\">Garantie de 2 ans<\/span><\/p>\n<p>&nbsp;<\/p>\n<\/div>\n<\/div>\n","protected":false},"featured_media":67220,"comment_status":"open","ping_status":"closed","template":"","meta":{"_acf_changed":false},"product_brand":[],"product_cat":[26],"product_tag":[],"class_list":{"0":"post-67275","1":"product","2":"type-product","3":"status-publish","4":"has-post-thumbnail","6":"product_cat-overige-producten","8":"first","9":"instock","10":"sale","11":"taxable","12":"shipping-taxable","13":"purchasable","14":"product-type-simple"},"acf":[],"yoast_head":"<!-- This site is optimized with the Yoast SEO Premium plugin v27.1 (Yoast SEO v27.4) - https:\/\/yoast.com\/product\/yoast-seo-premium-wordpress\/ -->\n<title>Humide &amp; Sec T - Veltec Kirby specialist<\/title>\n<meta name=\"description\" content=\"Humide &amp; Sec T - Veltec est un fournisseur d&#039;aspirateurs Kirby depuis plus de 25 ans. Et est votre sp\u00e9cialiste de confiance en mati\u00e8re de service Kirby.\" \/>\n<meta name=\"robots\" content=\"index, follow, max-snippet:-1, max-image-preview:large, max-video-preview:-1\" \/>\n<link rel=\"canonical\" href=\"https:\/\/www.veltec.eu\/fr\/product\/humide-sec-t\/\" \/>\n<meta property=\"og:locale\" content=\"fr_FR\" \/>\n<meta property=\"og:type\" content=\"article\" \/>\n<meta property=\"og:title\" content=\"Humide &amp; Sec T\" \/>\n<meta property=\"og:description\" content=\"Humide &amp; Sec T - Hoover pour liquides et solides, puissance, vitesse et nettoyage maximal avec un minimum d&#039;effort. Aspire tous les types de salet\u00e9s, y compris les liquides, dans tous les coins de la maison sans laisser de traces. \u00c9quip\u00e9 d&#039;un filtre HEPA et d&#039;un filtre \u00e0 eau pour un environnement propre et totalement hygi\u00e9nique, exempt de bact\u00e9ries, d&#039;allerg\u00e8nes, de poussi\u00e8re et de pollen.  &nbsp;   En stock         Le d\u00e9lai de livraison est de 5 \u00e0 10 jours ouvrables          Garantie de 2 ans  &nbsp;\" \/>\n<meta property=\"og:url\" content=\"https:\/\/www.veltec.eu\/fr\/product\/humide-sec-t\/\" \/>\n<meta property=\"og:site_name\" content=\"Veltec Kirby specialist\" \/>\n<meta property=\"article:publisher\" content=\"https:\/\/www.facebook.com\/Veltec-Kirby-Specialist-236746293374877\/\" \/>\n<meta property=\"article:modified_time\" content=\"2025-06-11T13:50:11+00:00\" \/>\n<meta property=\"og:image\" content=\"https:\/\/www.veltec.eu\/wp-content\/uploads\/2024\/09\/wetdry-t_gsst0m_1.png\" \/>\n\t<meta property=\"og:image:width\" content=\"640\" \/>\n\t<meta property=\"og:image:height\" content=\"640\" \/>\n\t<meta property=\"og:image:type\" content=\"image\/png\" \/>\n<meta name=\"twitter:card\" content=\"summary_large_image\" \/>\n<meta name=\"twitter:label1\" content=\"Dur\u00e9e de lecture estim\u00e9e\" \/>\n\t<meta name=\"twitter:data1\" content=\"1 minute\" \/>\n<script type=\"application\/ld+json\" class=\"yoast-schema-graph\">{\"@context\":\"https:\\\/\\\/schema.org\",\"@graph\":[{\"@type\":\"WebPage\",\"@id\":\"https:\\\/\\\/www.veltec.eu\\\/fr\\\/product\\\/humide-sec-t\\\/\",\"url\":\"https:\\\/\\\/www.veltec.eu\\\/fr\\\/product\\\/humide-sec-t\\\/\",\"name\":\"Humide & Sec T - Veltec Kirby specialist\",\"isPartOf\":{\"@id\":\"https:\\\/\\\/www.veltec.eu\\\/en\\\/#website\"},\"primaryImageOfPage\":{\"@id\":\"https:\\\/\\\/www.veltec.eu\\\/fr\\\/product\\\/humide-sec-t\\\/#primaryimage\"},\"image\":{\"@id\":\"https:\\\/\\\/www.veltec.eu\\\/fr\\\/product\\\/humide-sec-t\\\/#primaryimage\"},\"thumbnailUrl\":\"https:\\\/\\\/www.veltec.eu\\\/wp-content\\\/uploads\\\/2024\\\/09\\\/wetdry-t_gsst0m_1.png\",\"datePublished\":\"2024-09-18T11:44:11+00:00\",\"dateModified\":\"2025-06-11T13:50:11+00:00\",\"description\":\"Humide & Sec T - Veltec est un fournisseur d'aspirateurs Kirby depuis plus de 25 ans. Et est votre sp\u00e9cialiste de confiance en mati\u00e8re de service Kirby.\",\"breadcrumb\":{\"@id\":\"https:\\\/\\\/www.veltec.eu\\\/fr\\\/product\\\/humide-sec-t\\\/#breadcrumb\"},\"inLanguage\":\"fr-FR\",\"potentialAction\":[{\"@type\":\"ReadAction\",\"target\":[\"https:\\\/\\\/www.veltec.eu\\\/fr\\\/product\\\/humide-sec-t\\\/\"]}]},{\"@type\":\"ImageObject\",\"inLanguage\":\"fr-FR\",\"@id\":\"https:\\\/\\\/www.veltec.eu\\\/fr\\\/product\\\/humide-sec-t\\\/#primaryimage\",\"url\":\"https:\\\/\\\/www.veltec.eu\\\/wp-content\\\/uploads\\\/2024\\\/09\\\/wetdry-t_gsst0m_1.png\",\"contentUrl\":\"https:\\\/\\\/www.veltec.eu\\\/wp-content\\\/uploads\\\/2024\\\/09\\\/wetdry-t_gsst0m_1.png\",\"width\":640,\"height\":640},{\"@type\":\"BreadcrumbList\",\"@id\":\"https:\\\/\\\/www.veltec.eu\\\/fr\\\/product\\\/humide-sec-t\\\/#breadcrumb\",\"itemListElement\":[{\"@type\":\"ListItem\",\"position\":1,\"name\":\"Home\",\"item\":\"https:\\\/\\\/www.veltec.eu\\\/fr\\\/accueil\\\/\"},{\"@type\":\"ListItem\",\"position\":2,\"name\":\"Boutique Kirby\",\"item\":\"https:\\\/\\\/www.veltec.eu\\\/fr\\\/boutique-kirby\\\/\"},{\"@type\":\"ListItem\",\"position\":3,\"name\":\"Humide &#038; Sec T\"}]},{\"@type\":\"WebSite\",\"@id\":\"https:\\\/\\\/www.veltec.eu\\\/en\\\/#website\",\"url\":\"https:\\\/\\\/www.veltec.eu\\\/en\\\/\",\"name\":\"Veltec Kirby specialist\",\"description\":\"Kirby stofzuiger producten\",\"publisher\":{\"@id\":\"https:\\\/\\\/www.veltec.eu\\\/en\\\/#organization\"},\"potentialAction\":[{\"@type\":\"SearchAction\",\"target\":{\"@type\":\"EntryPoint\",\"urlTemplate\":\"https:\\\/\\\/www.veltec.eu\\\/en\\\/?s={search_term_string}\"},\"query-input\":{\"@type\":\"PropertyValueSpecification\",\"valueRequired\":true,\"valueName\":\"search_term_string\"}}],\"inLanguage\":\"fr-FR\"},{\"@type\":\"Organization\",\"@id\":\"https:\\\/\\\/www.veltec.eu\\\/en\\\/#organization\",\"name\":\"Veltec Kirby Specialist\",\"url\":\"https:\\\/\\\/www.veltec.eu\\\/en\\\/\",\"logo\":{\"@type\":\"ImageObject\",\"inLanguage\":\"fr-FR\",\"@id\":\"https:\\\/\\\/www.veltec.eu\\\/en\\\/#\\\/schema\\\/logo\\\/image\\\/\",\"url\":\"https:\\\/\\\/www.veltec.eu\\\/wp-content\\\/uploads\\\/2021\\\/12\\\/Veltec-log-groot-e1537260889125.png\",\"contentUrl\":\"https:\\\/\\\/www.veltec.eu\\\/wp-content\\\/uploads\\\/2021\\\/12\\\/Veltec-log-groot-e1537260889125.png\",\"width\":200,\"height\":60,\"caption\":\"Veltec Kirby Specialist\"},\"image\":{\"@id\":\"https:\\\/\\\/www.veltec.eu\\\/en\\\/#\\\/schema\\\/logo\\\/image\\\/\"},\"sameAs\":[\"https:\\\/\\\/www.facebook.com\\\/Veltec-Kirby-Specialist-236746293374877\\\/\",\"https:\\\/\\\/www.youtube.com\\\/user\\\/VeltecService\"]}]}<\/script>\n<!-- \/ Yoast SEO Premium plugin. -->","yoast_head_json":{"title":"Humide & Sec T - Veltec Kirby specialist","description":"Humide & Sec T - Veltec est un fournisseur d'aspirateurs Kirby depuis plus de 25 ans. Et est votre sp\u00e9cialiste de confiance en mati\u00e8re de service Kirby.","robots":{"index":"index","follow":"follow","max-snippet":"max-snippet:-1","max-image-preview":"max-image-preview:large","max-video-preview":"max-video-preview:-1"},"canonical":"https:\/\/www.veltec.eu\/fr\/product\/humide-sec-t\/","og_locale":"fr_FR","og_type":"article","og_title":"Humide & Sec T","og_description":"Humide &amp; Sec T - Hoover pour liquides et solides, puissance, vitesse et nettoyage maximal avec un minimum d'effort. Aspire tous les types de salet\u00e9s, y compris les liquides, dans tous les coins de la maison sans laisser de traces. \u00c9quip\u00e9 d'un filtre HEPA et d'un filtre \u00e0 eau pour un environnement propre et totalement hygi\u00e9nique, exempt de bact\u00e9ries, d'allerg\u00e8nes, de poussi\u00e8re et de pollen.  &nbsp;   En stock         Le d\u00e9lai de livraison est de 5 \u00e0 10 jours ouvrables          Garantie de 2 ans  &nbsp;","og_url":"https:\/\/www.veltec.eu\/fr\/product\/humide-sec-t\/","og_site_name":"Veltec Kirby specialist","article_publisher":"https:\/\/www.facebook.com\/Veltec-Kirby-Specialist-236746293374877\/","article_modified_time":"2025-06-11T13:50:11+00:00","og_image":[{"width":640,"height":640,"url":"https:\/\/www.veltec.eu\/wp-content\/uploads\/2024\/09\/wetdry-t_gsst0m_1.png","type":"image\/png"}],"twitter_card":"summary_large_image","twitter_misc":{"Dur\u00e9e de lecture estim\u00e9e":"1 minute"},"schema":{"@context":"https:\/\/schema.org","@graph":[{"@type":"WebPage","@id":"https:\/\/www.veltec.eu\/fr\/product\/humide-sec-t\/","url":"https:\/\/www.veltec.eu\/fr\/product\/humide-sec-t\/","name":"Humide & Sec T - Veltec Kirby specialist","isPartOf":{"@id":"https:\/\/www.veltec.eu\/en\/#website"},"primaryImageOfPage":{"@id":"https:\/\/www.veltec.eu\/fr\/product\/humide-sec-t\/#primaryimage"},"image":{"@id":"https:\/\/www.veltec.eu\/fr\/product\/humide-sec-t\/#primaryimage"},"thumbnailUrl":"https:\/\/www.veltec.eu\/wp-content\/uploads\/2024\/09\/wetdry-t_gsst0m_1.png","datePublished":"2024-09-18T11:44:11+00:00","dateModified":"2025-06-11T13:50:11+00:00","description":"Humide & Sec T - Veltec est un fournisseur d'aspirateurs Kirby depuis plus de 25 ans. Et est votre sp\u00e9cialiste de confiance en mati\u00e8re de service Kirby.","breadcrumb":{"@id":"https:\/\/www.veltec.eu\/fr\/product\/humide-sec-t\/#breadcrumb"},"inLanguage":"fr-FR","potentialAction":[{"@type":"ReadAction","target":["https:\/\/www.veltec.eu\/fr\/product\/humide-sec-t\/"]}]},{"@type":"ImageObject","inLanguage":"fr-FR","@id":"https:\/\/www.veltec.eu\/fr\/product\/humide-sec-t\/#primaryimage","url":"https:\/\/www.veltec.eu\/wp-content\/uploads\/2024\/09\/wetdry-t_gsst0m_1.png","contentUrl":"https:\/\/www.veltec.eu\/wp-content\/uploads\/2024\/09\/wetdry-t_gsst0m_1.png","width":640,"height":640},{"@type":"BreadcrumbList","@id":"https:\/\/www.veltec.eu\/fr\/product\/humide-sec-t\/#breadcrumb","itemListElement":[{"@type":"ListItem","position":1,"name":"Home","item":"https:\/\/www.veltec.eu\/fr\/accueil\/"},{"@type":"ListItem","position":2,"name":"Boutique Kirby","item":"https:\/\/www.veltec.eu\/fr\/boutique-kirby\/"},{"@type":"ListItem","position":3,"name":"Humide &#038; Sec T"}]},{"@type":"WebSite","@id":"https:\/\/www.veltec.eu\/en\/#website","url":"https:\/\/www.veltec.eu\/en\/","name":"Veltec Kirby specialist","description":"Kirby stofzuiger producten","publisher":{"@id":"https:\/\/www.veltec.eu\/en\/#organization"},"potentialAction":[{"@type":"SearchAction","target":{"@type":"EntryPoint","urlTemplate":"https:\/\/www.veltec.eu\/en\/?s={search_term_string}"},"query-input":{"@type":"PropertyValueSpecification","valueRequired":true,"valueName":"search_term_string"}}],"inLanguage":"fr-FR"},{"@type":"Organization","@id":"https:\/\/www.veltec.eu\/en\/#organization","name":"Veltec Kirby Specialist","url":"https:\/\/www.veltec.eu\/en\/","logo":{"@type":"ImageObject","inLanguage":"fr-FR","@id":"https:\/\/www.veltec.eu\/en\/#\/schema\/logo\/image\/","url":"https:\/\/www.veltec.eu\/wp-content\/uploads\/2021\/12\/Veltec-log-groot-e1537260889125.png","contentUrl":"https:\/\/www.veltec.eu\/wp-content\/uploads\/2021\/12\/Veltec-log-groot-e1537260889125.png","width":200,"height":60,"caption":"Veltec Kirby Specialist"},"image":{"@id":"https:\/\/www.veltec.eu\/en\/#\/schema\/logo\/image\/"},"sameAs":["https:\/\/www.facebook.com\/Veltec-Kirby-Specialist-236746293374877\/","https:\/\/www.youtube.com\/user\/VeltecService"]}]}},"_links":{"self":[{"href":"https:\/\/www.veltec.eu\/fr\/wp-json\/wp\/v2\/product\/67275","targetHints":{"allow":["GET"]}}],"collection":[{"href":"https:\/\/www.veltec.eu\/fr\/wp-json\/wp\/v2\/product"}],"about":[{"href":"https:\/\/www.veltec.eu\/fr\/wp-json\/wp\/v2\/types\/product"}],"replies":[{"embeddable":true,"href":"https:\/\/www.veltec.eu\/fr\/wp-json\/wp\/v2\/comments?post=67275"}],"wp:featuredmedia":[{"embeddable":true,"href":"https:\/\/www.veltec.eu\/fr\/wp-json\/wp\/v2\/media\/67220"}],"wp:attachment":[{"href":"https:\/\/www.veltec.eu\/fr\/wp-json\/wp\/v2\/media?parent=67275"}],"wp:term":[{"taxonomy":"product_brand","embeddable":true,"href":"https:\/\/www.veltec.eu\/fr\/wp-json\/wp\/v2\/product_brand?post=67275"},{"taxonomy":"product_cat","embeddable":true,"href":"https:\/\/www.veltec.eu\/fr\/wp-json\/wp\/v2\/product_cat?post=67275"},{"taxonomy":"product_tag","embeddable":true,"href":"https:\/\/www.veltec.eu\/fr\/wp-json\/wp\/v2\/product_tag?post=67275"}],"curies":[{"name":"wp","href":"https:\/\/api.w.org\/{rel}","templated":true}]}}