{"id":66955,"date":"2024-09-16T09:12:49","date_gmt":"2024-09-16T07:12:49","guid":{"rendered":"https:\/\/www.veltec.eu\/product\/brosse-daspiro-batteur-kirby-g3-g4-remis-a-neuf\/"},"modified":"2024-12-06T14:29:11","modified_gmt":"2024-12-06T12:29:11","slug":"brosse-daspiro-batteur-kirby-g3-g4-remis-a-neuf","status":"publish","type":"product","link":"https:\/\/www.veltec.eu\/fr\/product\/brosse-daspiro-batteur-kirby-g3-g4-remis-a-neuf\/","title":{"rendered":"Brosse d\u2019aspiro-batteur Kirby G3-G4 Remis \u00e0 neuf"},"content":{"rendered":"<h1>Brosse d\u2019aspiro-batteur Kirby G3-G4 Remis \u00e0 neuf<\/h1>\n<p>Brosse d\u2019aspiro-batteur Kirby G3-G4 Remis \u00e0 neuf pour bruse d&#8217;aspiro-batteur.<\/p>\n<p><strong>Deze Klopborstel is uitsluitend geschikt voor onderstaande Kirby stofzuigers;<\/strong><\/p>\n<ul>\n<li>Generation 4 (G4)<\/li>\n<li>Generation 3 (G3)<\/li>\n<\/ul>\n<h2>Brosse d\u2019aspiro-batteur Kirby G3-G4 Remis \u00e0 neuf<\/h2>\n<p>Vous \u00eates \u00e0 la recherche d&#8217;un rouleau-brosse fiable et de haute qualit\u00e9 pour votre aspirateur Kirby ? La brosse batteuse Kirby pour les mod\u00e8les Kirby G3 et Kirby G4 vous offre la solution parfaite ! Ce produit reconditionn\u00e9 est sp\u00e9cialement con\u00e7u pour la buse \u00e0 t\u00eate large de votre Kirby, afin que vous puissiez \u00e0 nouveau profiter d&#8217;un nettoyage puissant.<\/p>\n<p>Retrouvez toutes les <a href=\"https:\/\/www.veltec.eu\/fr\/?page_id=59112\">brosses et accessoires Kirby<\/a> ici<\/p>\n<h3>Que signifie reconditionn\u00e9 ?<\/h3>\n<p>L&#8217;aspect reconditionn\u00e9 de cette brosse batteuse Kirby signifie qu&#8217;il ne s&#8217;agit pas d&#8217;un produit neuf, mais d&#8217;un rouleau de brosse qui a \u00e9t\u00e9 v\u00e9rifi\u00e9, test\u00e9 et enti\u00e8rement reconditionn\u00e9. Il fonctionne donc aussi bien qu&#8217;un balai-brosse neuf, mais \u00e0 un prix plus attractif. Vous b\u00e9n\u00e9ficiez donc de la fiabilit\u00e9 et des performances d&#8217;une brosse Kirby d&#8217;origine, sans devoir en payer le prix fort. De plus, le rouleau de brosse est compl\u00e8tement intact et pr\u00eat \u00e0 l&#8217;emploi.<\/p>\n<h3>Une qualit\u00e9 sup\u00e9rieure pour des performances optimales<\/h3>\n<p>Cette brosse \u00e0 battre Kirby est dot\u00e9e de poils en mat\u00e9riau de haute qualit\u00e9. Cela garantit que la brosse \u00e9limine efficacement la salet\u00e9, la poussi\u00e8re et les cheveux de vos tapis et sols. Qu&#8217;il s&#8217;agisse de poils d&#8217;animaux, de poussi\u00e8res fines ou de salet\u00e9s profond\u00e9ment enfonc\u00e9es, la brosse \u00e0 battre offre la force et l&#8217;efficacit\u00e9 que vous attendez de Kirby. Les poils robustes et durables garantissent un nettoyage en profondeur de vos sols et durent longtemps. Cela signifie que vous pouvez profiter d&#8217;un environnement propre et frais plus longtemps.<\/p>\n<h3>Parfaitement adapt\u00e9e \u00e0 votre Kirby G3 ou G4<\/h3>\n<p>La brosse batteuse Kirby est con\u00e7ue pour \u00eatre utilis\u00e9e avec les mod\u00e8les Kirby G3 et G4 et s&#8217;adapte parfaitement \u00e0 la buse \u00e0 t\u00eate large. Par cons\u00e9quent, vous n&#8217;avez pas \u00e0 vous soucier de la compatibilit\u00e9 ou d&#8217;une mauvaise performance. Que vous fassiez le m\u00e9nage \u00e0 la maison, au bureau ou dans tout autre environnement, ce rouleau de brosses vous permettra de retrouver les performances optimales de votre aspirateur Kirby. Gr\u00e2ce \u00e0 ses dimensions et \u00e0 sa conception sp\u00e9cifiques, le rouleau-brosse s&#8217;adapte parfaitement \u00e0 votre aspirateur Kirby, ce qui vous permet de commencer imm\u00e9diatement.<\/p>\n<h3>Durable et respectueux de l&#8217;environnement Brosse d\u2019aspiro-batteur Kirby G3-G4 Remis \u00e0 neuf<\/h3>\n<p>En optant pour un rouleau-brosse Kirby reconditionn\u00e9, vous faites non seulement un choix financier judicieux, mais aussi un choix \u00e9cologique. En effet, les produits reconditionn\u00e9s permettent de r\u00e9duire les d\u00e9chets et contribuent \u00e0 une utilisation plus durable des mati\u00e8res premi\u00e8res. Ainsi, non seulement vous profiterez d&#8217;une maison propre, mais vous contribuerez \u00e9galement \u00e0 une plan\u00e8te plus propre.<\/p>\n<h3>R\u00e9sum\u00e9<\/h3>\n<p>Avec la brosse batteuse Kirby reconditionn\u00e9e pour les mod\u00e8les Kirby G3 et G4, vous disposez d&#8217;un rouleau de brosse fiable et performant dans votre maison. Les poils de haute qualit\u00e9 assurent un nettoyage en profondeur de vos sols, tandis que l&#8217;aspect reconditionn\u00e9 vous offre un prix attractif sans compromis sur la qualit\u00e9. Gr\u00e2ce \u00e0 l&#8217;adaptation parfaite au suceur \u00e0 t\u00eate large de votre aspirateur Kirby et aux caract\u00e9ristiques durables de la brosse, il s&#8217;agit d&#8217;un excellent choix pour tous ceux qui souhaitent que leur aspirateur Kirby fonctionne de mani\u00e8re optimale.<\/p>\n","protected":false},"excerpt":{"rendered":"<p>Brosse d\u2019aspiro-batteur Kirby G3-G4 Remis \u00e0 neuf pour bruse d&#8217;aspiro-batteur.<\/p>\n[trustindex data-widget-id=e3bb80b24fa128098b960fc2439]\n<h3><span style=\"color: #008000;\"><br \/>\nEn stock<\/span><\/h3>\n[av_font_icon icon='ue812' font='entypo-fontello' style='' caption='' size='25px' position='left' color='#43ad66' link='' linktarget='' title_attr='' sonar_effect_effect='' sonar_effect_color='' sonar_effect_duration='1' sonar_effect_scale='' sonar_effect_opac='0.5' animation='' id='' custom_class='' template_class='' av_uid='' sc_version='1.0' admin_preview_bg=''][\/av_font_icon]\n<p><span style=\"color: #008000;\">Command\u00e9 23:59, exp\u00e9di\u00e9 demain<\/span><\/p>\n<p>&nbsp;<\/p>\n","protected":false},"featured_media":66949,"comment_status":"open","ping_status":"closed","template":"","meta":{"_acf_changed":false},"product_brand":[],"product_cat":[344,341],"product_tag":[],"class_list":{"0":"post-66955","1":"product","2":"type-product","3":"status-publish","4":"has-post-thumbnail","6":"product_cat-buse-batteuse-large-kirby","7":"product_cat-kirby-brosses-et-accessoires","9":"first","10":"outofstock","11":"sale","12":"taxable","13":"shipping-taxable","14":"purchasable","15":"product-type-simple"},"acf":[],"yoast_head":"<!-- This site is optimized with the Yoast SEO Premium plugin v27.1 (Yoast SEO v27.4) - https:\/\/yoast.com\/product\/yoast-seo-premium-wordpress\/ -->\n<title>Brosse d\u2019aspiro-batteur Kirby G3-G4 Remis \u00e0 neuf - Veltec Kirby specialist<\/title>\n<meta name=\"description\" content=\"Brosse d\u2019aspiro-batteur Kirby G3-G4 Remis \u00e0 neuf - Veltec est un fournisseur d&#039;aspirateurs Kirby depuis plus de 25 ans. Votre sp\u00e9cialiste du service Kirby.\" \/>\n<meta name=\"robots\" content=\"index, follow, max-snippet:-1, max-image-preview:large, max-video-preview:-1\" \/>\n<link rel=\"canonical\" href=\"https:\/\/www.veltec.eu\/fr\/product\/brosse-daspiro-batteur-kirby-g3-g4-remis-a-neuf\/\" \/>\n<meta property=\"og:locale\" content=\"fr_FR\" \/>\n<meta property=\"og:type\" content=\"article\" \/>\n<meta property=\"og:title\" content=\"Brosse d\u2019aspiro-batteur Kirby G3-G4 Remis \u00e0 neuf\" \/>\n<meta property=\"og:description\" content=\"Brosse d\u2019aspiro-batteur Kirby G3-G4 Remis \u00e0 neuf pour bruse d&#039;aspiro-batteur.    En stock   Command\u00e9 23:59, exp\u00e9di\u00e9 demain  &nbsp;\" \/>\n<meta property=\"og:url\" content=\"https:\/\/www.veltec.eu\/fr\/product\/brosse-daspiro-batteur-kirby-g3-g4-remis-a-neuf\/\" \/>\n<meta property=\"og:site_name\" content=\"Veltec Kirby specialist\" \/>\n<meta property=\"article:publisher\" content=\"https:\/\/www.facebook.com\/Veltec-Kirby-Specialist-236746293374877\/\" \/>\n<meta property=\"article:modified_time\" content=\"2024-12-06T12:29:11+00:00\" \/>\n<meta property=\"og:image\" content=\"https:\/\/www.veltec.eu\/wp-content\/uploads\/2024\/09\/Borstel-Gerc.jpg\" \/>\n\t<meta property=\"og:image:width\" content=\"500\" \/>\n\t<meta property=\"og:image:height\" content=\"500\" \/>\n\t<meta property=\"og:image:type\" content=\"image\/jpeg\" \/>\n<meta name=\"twitter:card\" content=\"summary_large_image\" \/>\n<meta name=\"twitter:label1\" content=\"Dur\u00e9e de lecture estim\u00e9e\" \/>\n\t<meta name=\"twitter:data1\" content=\"3 minutes\" \/>\n<script type=\"application\/ld+json\" class=\"yoast-schema-graph\">{\"@context\":\"https:\\\/\\\/schema.org\",\"@graph\":[{\"@type\":\"WebPage\",\"@id\":\"https:\\\/\\\/www.veltec.eu\\\/fr\\\/product\\\/brosse-daspiro-batteur-kirby-g3-g4-remis-a-neuf\\\/\",\"url\":\"https:\\\/\\\/www.veltec.eu\\\/fr\\\/product\\\/brosse-daspiro-batteur-kirby-g3-g4-remis-a-neuf\\\/\",\"name\":\"Brosse d\u2019aspiro-batteur Kirby G3-G4 Remis \u00e0 neuf - Veltec Kirby specialist\",\"isPartOf\":{\"@id\":\"https:\\\/\\\/www.veltec.eu\\\/en\\\/#website\"},\"primaryImageOfPage\":{\"@id\":\"https:\\\/\\\/www.veltec.eu\\\/fr\\\/product\\\/brosse-daspiro-batteur-kirby-g3-g4-remis-a-neuf\\\/#primaryimage\"},\"image\":{\"@id\":\"https:\\\/\\\/www.veltec.eu\\\/fr\\\/product\\\/brosse-daspiro-batteur-kirby-g3-g4-remis-a-neuf\\\/#primaryimage\"},\"thumbnailUrl\":\"https:\\\/\\\/www.veltec.eu\\\/wp-content\\\/uploads\\\/2024\\\/09\\\/Borstel-Gerc.jpg\",\"datePublished\":\"2024-09-16T07:12:49+00:00\",\"dateModified\":\"2024-12-06T12:29:11+00:00\",\"description\":\"Brosse d\u2019aspiro-batteur Kirby G3-G4 Remis \u00e0 neuf - Veltec est un fournisseur d'aspirateurs Kirby depuis plus de 25 ans. Votre sp\u00e9cialiste du service Kirby.\",\"breadcrumb\":{\"@id\":\"https:\\\/\\\/www.veltec.eu\\\/fr\\\/product\\\/brosse-daspiro-batteur-kirby-g3-g4-remis-a-neuf\\\/#breadcrumb\"},\"inLanguage\":\"fr-FR\",\"potentialAction\":[{\"@type\":\"ReadAction\",\"target\":[\"https:\\\/\\\/www.veltec.eu\\\/fr\\\/product\\\/brosse-daspiro-batteur-kirby-g3-g4-remis-a-neuf\\\/\"]}]},{\"@type\":\"ImageObject\",\"inLanguage\":\"fr-FR\",\"@id\":\"https:\\\/\\\/www.veltec.eu\\\/fr\\\/product\\\/brosse-daspiro-batteur-kirby-g3-g4-remis-a-neuf\\\/#primaryimage\",\"url\":\"https:\\\/\\\/www.veltec.eu\\\/wp-content\\\/uploads\\\/2024\\\/09\\\/Borstel-Gerc.jpg\",\"contentUrl\":\"https:\\\/\\\/www.veltec.eu\\\/wp-content\\\/uploads\\\/2024\\\/09\\\/Borstel-Gerc.jpg\",\"width\":500,\"height\":500},{\"@type\":\"BreadcrumbList\",\"@id\":\"https:\\\/\\\/www.veltec.eu\\\/fr\\\/product\\\/brosse-daspiro-batteur-kirby-g3-g4-remis-a-neuf\\\/#breadcrumb\",\"itemListElement\":[{\"@type\":\"ListItem\",\"position\":1,\"name\":\"Home\",\"item\":\"https:\\\/\\\/www.veltec.eu\\\/fr\\\/accueil\\\/\"},{\"@type\":\"ListItem\",\"position\":2,\"name\":\"Boutique Kirby\",\"item\":\"https:\\\/\\\/www.veltec.eu\\\/fr\\\/boutique-kirby\\\/\"},{\"@type\":\"ListItem\",\"position\":3,\"name\":\"Brosse d\u2019aspiro-batteur Kirby G3-G4 Remis \u00e0 neuf\"}]},{\"@type\":\"WebSite\",\"@id\":\"https:\\\/\\\/www.veltec.eu\\\/en\\\/#website\",\"url\":\"https:\\\/\\\/www.veltec.eu\\\/en\\\/\",\"name\":\"Veltec Kirby specialist\",\"description\":\"Kirby stofzuiger producten\",\"publisher\":{\"@id\":\"https:\\\/\\\/www.veltec.eu\\\/en\\\/#organization\"},\"potentialAction\":[{\"@type\":\"SearchAction\",\"target\":{\"@type\":\"EntryPoint\",\"urlTemplate\":\"https:\\\/\\\/www.veltec.eu\\\/en\\\/?s={search_term_string}\"},\"query-input\":{\"@type\":\"PropertyValueSpecification\",\"valueRequired\":true,\"valueName\":\"search_term_string\"}}],\"inLanguage\":\"fr-FR\"},{\"@type\":\"Organization\",\"@id\":\"https:\\\/\\\/www.veltec.eu\\\/en\\\/#organization\",\"name\":\"Veltec Kirby Specialist\",\"url\":\"https:\\\/\\\/www.veltec.eu\\\/en\\\/\",\"logo\":{\"@type\":\"ImageObject\",\"inLanguage\":\"fr-FR\",\"@id\":\"https:\\\/\\\/www.veltec.eu\\\/en\\\/#\\\/schema\\\/logo\\\/image\\\/\",\"url\":\"https:\\\/\\\/www.veltec.eu\\\/wp-content\\\/uploads\\\/2021\\\/12\\\/Veltec-log-groot-e1537260889125.png\",\"contentUrl\":\"https:\\\/\\\/www.veltec.eu\\\/wp-content\\\/uploads\\\/2021\\\/12\\\/Veltec-log-groot-e1537260889125.png\",\"width\":200,\"height\":60,\"caption\":\"Veltec Kirby Specialist\"},\"image\":{\"@id\":\"https:\\\/\\\/www.veltec.eu\\\/en\\\/#\\\/schema\\\/logo\\\/image\\\/\"},\"sameAs\":[\"https:\\\/\\\/www.facebook.com\\\/Veltec-Kirby-Specialist-236746293374877\\\/\",\"https:\\\/\\\/www.youtube.com\\\/user\\\/VeltecService\"]}]}<\/script>\n<!-- \/ Yoast SEO Premium plugin. -->","yoast_head_json":{"title":"Brosse d\u2019aspiro-batteur Kirby G3-G4 Remis \u00e0 neuf - Veltec Kirby specialist","description":"Brosse d\u2019aspiro-batteur Kirby G3-G4 Remis \u00e0 neuf - Veltec est un fournisseur d'aspirateurs Kirby depuis plus de 25 ans. Votre sp\u00e9cialiste du service Kirby.","robots":{"index":"index","follow":"follow","max-snippet":"max-snippet:-1","max-image-preview":"max-image-preview:large","max-video-preview":"max-video-preview:-1"},"canonical":"https:\/\/www.veltec.eu\/fr\/product\/brosse-daspiro-batteur-kirby-g3-g4-remis-a-neuf\/","og_locale":"fr_FR","og_type":"article","og_title":"Brosse d\u2019aspiro-batteur Kirby G3-G4 Remis \u00e0 neuf","og_description":"Brosse d\u2019aspiro-batteur Kirby G3-G4 Remis \u00e0 neuf pour bruse d'aspiro-batteur.    En stock   Command\u00e9 23:59, exp\u00e9di\u00e9 demain  &nbsp;","og_url":"https:\/\/www.veltec.eu\/fr\/product\/brosse-daspiro-batteur-kirby-g3-g4-remis-a-neuf\/","og_site_name":"Veltec Kirby specialist","article_publisher":"https:\/\/www.facebook.com\/Veltec-Kirby-Specialist-236746293374877\/","article_modified_time":"2024-12-06T12:29:11+00:00","og_image":[{"width":500,"height":500,"url":"https:\/\/www.veltec.eu\/wp-content\/uploads\/2024\/09\/Borstel-Gerc.jpg","type":"image\/jpeg"}],"twitter_card":"summary_large_image","twitter_misc":{"Dur\u00e9e de lecture estim\u00e9e":"3 minutes"},"schema":{"@context":"https:\/\/schema.org","@graph":[{"@type":"WebPage","@id":"https:\/\/www.veltec.eu\/fr\/product\/brosse-daspiro-batteur-kirby-g3-g4-remis-a-neuf\/","url":"https:\/\/www.veltec.eu\/fr\/product\/brosse-daspiro-batteur-kirby-g3-g4-remis-a-neuf\/","name":"Brosse d\u2019aspiro-batteur Kirby G3-G4 Remis \u00e0 neuf - Veltec Kirby specialist","isPartOf":{"@id":"https:\/\/www.veltec.eu\/en\/#website"},"primaryImageOfPage":{"@id":"https:\/\/www.veltec.eu\/fr\/product\/brosse-daspiro-batteur-kirby-g3-g4-remis-a-neuf\/#primaryimage"},"image":{"@id":"https:\/\/www.veltec.eu\/fr\/product\/brosse-daspiro-batteur-kirby-g3-g4-remis-a-neuf\/#primaryimage"},"thumbnailUrl":"https:\/\/www.veltec.eu\/wp-content\/uploads\/2024\/09\/Borstel-Gerc.jpg","datePublished":"2024-09-16T07:12:49+00:00","dateModified":"2024-12-06T12:29:11+00:00","description":"Brosse d\u2019aspiro-batteur Kirby G3-G4 Remis \u00e0 neuf - Veltec est un fournisseur d'aspirateurs Kirby depuis plus de 25 ans. Votre sp\u00e9cialiste du service Kirby.","breadcrumb":{"@id":"https:\/\/www.veltec.eu\/fr\/product\/brosse-daspiro-batteur-kirby-g3-g4-remis-a-neuf\/#breadcrumb"},"inLanguage":"fr-FR","potentialAction":[{"@type":"ReadAction","target":["https:\/\/www.veltec.eu\/fr\/product\/brosse-daspiro-batteur-kirby-g3-g4-remis-a-neuf\/"]}]},{"@type":"ImageObject","inLanguage":"fr-FR","@id":"https:\/\/www.veltec.eu\/fr\/product\/brosse-daspiro-batteur-kirby-g3-g4-remis-a-neuf\/#primaryimage","url":"https:\/\/www.veltec.eu\/wp-content\/uploads\/2024\/09\/Borstel-Gerc.jpg","contentUrl":"https:\/\/www.veltec.eu\/wp-content\/uploads\/2024\/09\/Borstel-Gerc.jpg","width":500,"height":500},{"@type":"BreadcrumbList","@id":"https:\/\/www.veltec.eu\/fr\/product\/brosse-daspiro-batteur-kirby-g3-g4-remis-a-neuf\/#breadcrumb","itemListElement":[{"@type":"ListItem","position":1,"name":"Home","item":"https:\/\/www.veltec.eu\/fr\/accueil\/"},{"@type":"ListItem","position":2,"name":"Boutique Kirby","item":"https:\/\/www.veltec.eu\/fr\/boutique-kirby\/"},{"@type":"ListItem","position":3,"name":"Brosse d\u2019aspiro-batteur Kirby G3-G4 Remis \u00e0 neuf"}]},{"@type":"WebSite","@id":"https:\/\/www.veltec.eu\/en\/#website","url":"https:\/\/www.veltec.eu\/en\/","name":"Veltec Kirby specialist","description":"Kirby stofzuiger producten","publisher":{"@id":"https:\/\/www.veltec.eu\/en\/#organization"},"potentialAction":[{"@type":"SearchAction","target":{"@type":"EntryPoint","urlTemplate":"https:\/\/www.veltec.eu\/en\/?s={search_term_string}"},"query-input":{"@type":"PropertyValueSpecification","valueRequired":true,"valueName":"search_term_string"}}],"inLanguage":"fr-FR"},{"@type":"Organization","@id":"https:\/\/www.veltec.eu\/en\/#organization","name":"Veltec Kirby Specialist","url":"https:\/\/www.veltec.eu\/en\/","logo":{"@type":"ImageObject","inLanguage":"fr-FR","@id":"https:\/\/www.veltec.eu\/en\/#\/schema\/logo\/image\/","url":"https:\/\/www.veltec.eu\/wp-content\/uploads\/2021\/12\/Veltec-log-groot-e1537260889125.png","contentUrl":"https:\/\/www.veltec.eu\/wp-content\/uploads\/2021\/12\/Veltec-log-groot-e1537260889125.png","width":200,"height":60,"caption":"Veltec Kirby Specialist"},"image":{"@id":"https:\/\/www.veltec.eu\/en\/#\/schema\/logo\/image\/"},"sameAs":["https:\/\/www.facebook.com\/Veltec-Kirby-Specialist-236746293374877\/","https:\/\/www.youtube.com\/user\/VeltecService"]}]}},"_links":{"self":[{"href":"https:\/\/www.veltec.eu\/fr\/wp-json\/wp\/v2\/product\/66955","targetHints":{"allow":["GET"]}}],"collection":[{"href":"https:\/\/www.veltec.eu\/fr\/wp-json\/wp\/v2\/product"}],"about":[{"href":"https:\/\/www.veltec.eu\/fr\/wp-json\/wp\/v2\/types\/product"}],"replies":[{"embeddable":true,"href":"https:\/\/www.veltec.eu\/fr\/wp-json\/wp\/v2\/comments?post=66955"}],"wp:featuredmedia":[{"embeddable":true,"href":"https:\/\/www.veltec.eu\/fr\/wp-json\/wp\/v2\/media\/66949"}],"wp:attachment":[{"href":"https:\/\/www.veltec.eu\/fr\/wp-json\/wp\/v2\/media?parent=66955"}],"wp:term":[{"taxonomy":"product_brand","embeddable":true,"href":"https:\/\/www.veltec.eu\/fr\/wp-json\/wp\/v2\/product_brand?post=66955"},{"taxonomy":"product_cat","embeddable":true,"href":"https:\/\/www.veltec.eu\/fr\/wp-json\/wp\/v2\/product_cat?post=66955"},{"taxonomy":"product_tag","embeddable":true,"href":"https:\/\/www.veltec.eu\/fr\/wp-json\/wp\/v2\/product_tag?post=66955"}],"curies":[{"name":"wp","href":"https:\/\/api.w.org\/{rel}","templated":true}]}}