{"id":66475,"date":"2024-09-02T14:25:47","date_gmt":"2024-09-02T12:25:47","guid":{"rendered":"https:\/\/www.veltec.eu\/product\/conga-8290-power-x-treme\/"},"modified":"2024-09-02T15:11:50","modified_gmt":"2024-09-02T13:11:50","slug":"conga-8290-power-x-treme","status":"publish","type":"product","link":"https:\/\/www.veltec.eu\/fr\/product\/conga-8290-power-x-treme\/","title":{"rendered":"Conga 8290 Power X-Treme"},"content":{"rendered":"<h5><strong>Conga 8290 Power X-Treme<\/strong><\/h5>\n<p>Conga 8290 Power X-Treme &#8211; Robot aspirateur avec navigation laser.<\/p>\n<div id=\"technical-details\" class=\"css-0 egxb0x40\">\n<div class=\"css-1vrowg6\">\n<div id=\"description\" class=\"e1pizqy33 css-1gvl2s3\">\n<div class=\"css-k1moeq e1pizqy32\">\n<div id=\"technical-details\" class=\"css-0 egxb0x40\">\n<div class=\"css-1vrowg6\">\n<div id=\"description\" class=\"e1pizqy33 css-1gvl2s3\">\n<div class=\"css-k1moeq e1pizqy32\">\n<ul>\n<li>Navigation laser pour un nettoyage pr\u00e9cis de toutes les pi\u00e8ces souhait\u00e9es en peu de temps.<\/li>\n<li>Moteur d\u2019aspiration\u00a0: 7000 Pa pour que le robot ne laisse rien \u00e0 aspirer.<\/li>\n<li>Autonomie : le robot dispose d&#8217;une batterie de 5200 mAh qui offre plus de 280 minutes d&#8217;autonomie pour couvrir plus de 280 m2.<\/li>\n<li>Room Plan\u00a0: vous pouvez d\u00e9finir, planifier et programmer le nettoyage de toute votre maison ou de certaines pi\u00e8ces gr\u00e2ce \u00e0 la carte g\u00e9n\u00e9r\u00e9e.<\/li>\n<li>10 modes\u00a0: choisissez le mode qui convient le mieux \u00e0 vos besoins et profitez d&#8217;un nettoyage pratique et sur mesure.<\/li>\n<li>Zones restreintes : s\u00e9lectionnez dans l&#8217;application les pi\u00e8ces de votre maison que vous ne voulez pas que le robot nettoie et oubliez les soucis.<\/li>\n<li>Mouvement de va-et-vient : le robot effectue un nettoyage du sol intensif avec un contr\u00f4le \u00e9lectronique du dosage de l&#8217;eau afin de laisser vos sols impeccables.<\/li>\n<li>Gr\u00e2ce \u00e0 la technologie Total Surface, si le robot se retrouve sans batterie, il retournera automatiquement \u00e0 sa base de charge, puis il reprendra le nettoyage programm\u00e9 l\u00e0 o\u00f9 il s\u2019est arr\u00eat\u00e9.<\/li>\n<li>App Control : permet de contr\u00f4ler le nettoyage depuis n&#8217;importe o\u00f9, m\u00eame avec des assistants virtuels vocaux.<\/li>\n<li>2 tissus pour un nettoyage en profondeur.<\/li>\n<\/ul>\n<\/div>\n<\/div>\n<\/div>\n<div class=\"css-1vrowg6\">\n<div id=\"composition\" class=\"e1hv9n5v2 css-ldw7pi\"><strong><span class=\"e1hv9n5v0 css-hga4sk\">Composition<\/span><\/strong><\/p>\n<div class=\"css-1azcdyx e1hv9n5v1\">\n<ul>\n<li>1 brosse lat\u00e9rale<\/li>\n<li>2 tissus<\/li>\n<li>Brosse d\u2019auto-nettoyage<\/li>\n<li>Brosse multifonctions<\/li>\n<li>R\u00e9servoir mixte<\/li>\n<li>Filtre haute efficacit\u00e9<\/li>\n<li>Manuel d\u2019instructions<\/li>\n<li>Robot aspirateur<\/li>\n<\/ul>\n<\/div>\n<\/div>\n<\/div>\n<\/div>\n<\/div>\n<\/div>\n<\/div>\n<div class=\"css-1vrowg6\">\n<div id=\"composition\" class=\"e1hv9n5v2 css-ldw7pi\">\n<div class=\"css-1azcdyx e1hv9n5v1\">\n<p>&nbsp;<\/p>\n<\/div>\n<\/div>\n<\/div>\n<\/div>\n","protected":false},"excerpt":{"rendered":"<p>Conga 8290 Power X-Treme &#8211; Robot aspirateur avec navigation laser. 4 en 1 : il balaie, aspire, nettoie le sol et passe la serpilli\u00e8re. 7000 Pa. 280 minutes d&#8217;autonomie. 2 tissus pour nettoyer le sol. 1 brosse lat\u00e9rale. 3 niveaux de puissance d&#8217;aspiration et de d\u00e9bit d&#8217;eau. APP CECOTEC et assistants virtuels.<\/p>\n<p>&nbsp;<\/p>\n<div>\n<div>\n<h3><span lang=\"EN-US\" style=\"color: #008000;\">En stock<\/span><\/h3>\n<\/div>\n<div>\n<p><span lang=\"EN-US\">[av_font_icon icon='ue812' font='entypo-fontello' style='' caption='' size='25px' position='left' color='#43ad66' link='' linktarget='' title_attr='' sonar_effect_effect='' sonar_effect_color='' sonar_effect_duration='1' sonar_effect_scale='' sonar_effect_opac='0.5' animation='' id='' custom_class='' template_class='' av_uid='' sc_version='1.0' admin_preview_bg=''][\/av_font_icon]<\/span><\/p>\n<\/div>\n<div>\n<p><span lang=\"EN-US\" style=\"color: #008000;\">Le d\u00e9lai de livraison est de 5 \u00e0 10 jours ouvrables<\/span><\/p>\n<\/div>\n<div>\n<p><span lang=\"EN-US\">[av_font_icon icon='ue812' font='entypo-fontello' style='' caption='' size='25px' position='left' color='#43ad66' link='' linktarget='' title_attr='' sonar_effect_effect='' sonar_effect_color='' sonar_effect_duration='1' sonar_effect_scale='' sonar_effect_opac='0.5' animation='' id='' custom_class='' template_class='' av_uid='' sc_version='1.0' admin_preview_bg=''][\/av_font_icon]<\/span><\/p>\n<\/div>\n<p><span style=\"color: #008000;\">Garantie de 2 ans<\/span><\/p>\n<p>&nbsp;<\/p>\n<\/div>\n","protected":false},"featured_media":66408,"comment_status":"open","ping_status":"closed","template":"","meta":{"_acf_changed":false},"product_brand":[],"product_cat":[26],"product_tag":[],"class_list":{"0":"post-66475","1":"product","2":"type-product","3":"status-publish","4":"has-post-thumbnail","6":"product_cat-overige-producten","8":"first","9":"outofstock","10":"taxable","11":"shipping-taxable","12":"purchasable","13":"product-type-simple"},"acf":[],"yoast_head":"<!-- This site is optimized with the Yoast SEO Premium plugin v27.1 (Yoast SEO v27.4) - https:\/\/yoast.com\/product\/yoast-seo-premium-wordpress\/ -->\n<title>Conga 8290 Power X-Treme - Veltec Kirby specialist<\/title>\n<meta name=\"description\" content=\"Conga 8290 Power X-Veltec est un fournisseur d&#039;aspirateurs Kirby depuis plus de 25 ans. Et est votre sp\u00e9cialiste de confiance en mati\u00e8re de service Kirby.\" \/>\n<meta name=\"robots\" content=\"index, follow, max-snippet:-1, max-image-preview:large, max-video-preview:-1\" \/>\n<link rel=\"canonical\" href=\"https:\/\/www.veltec.eu\/fr\/product\/conga-8290-power-x-treme\/\" \/>\n<meta property=\"og:locale\" content=\"fr_FR\" \/>\n<meta property=\"og:type\" content=\"article\" \/>\n<meta property=\"og:title\" content=\"Conga 8290 Power X-Treme\" \/>\n<meta property=\"og:description\" content=\"Conga 8290 Power X-Treme - Robot aspirateur avec navigation laser. 4 en 1 : il balaie, aspire, nettoie le sol et passe la serpilli\u00e8re. 7000 Pa. 280 minutes d&#039;autonomie. 2 tissus pour nettoyer le sol. 1 brosse lat\u00e9rale. 3 niveaux de puissance d&#039;aspiration et de d\u00e9bit d&#039;eau. APP CECOTEC et assistants virtuels.  &nbsp;   En stock         Le d\u00e9lai de livraison est de 5 \u00e0 10 jours ouvrables        Garantie de 2 ans  &nbsp;\" \/>\n<meta property=\"og:url\" content=\"https:\/\/www.veltec.eu\/fr\/product\/conga-8290-power-x-treme\/\" \/>\n<meta property=\"og:site_name\" content=\"Veltec Kirby specialist\" \/>\n<meta property=\"article:publisher\" content=\"https:\/\/www.facebook.com\/Veltec-Kirby-Specialist-236746293374877\/\" \/>\n<meta property=\"article:modified_time\" content=\"2024-09-02T13:11:50+00:00\" \/>\n<meta property=\"og:image\" content=\"https:\/\/www.veltec.eu\/wp-content\/uploads\/2024\/09\/conga-8290-immortal-ultra-power-x-treme_7idd1b_1.png\" \/>\n\t<meta property=\"og:image:width\" content=\"640\" \/>\n\t<meta property=\"og:image:height\" content=\"640\" \/>\n\t<meta property=\"og:image:type\" content=\"image\/png\" \/>\n<meta name=\"twitter:card\" content=\"summary_large_image\" \/>\n<meta name=\"twitter:label1\" content=\"Dur\u00e9e de lecture estim\u00e9e\" \/>\n\t<meta name=\"twitter:data1\" content=\"2 minutes\" \/>\n<script type=\"application\/ld+json\" class=\"yoast-schema-graph\">{\"@context\":\"https:\\\/\\\/schema.org\",\"@graph\":[{\"@type\":\"WebPage\",\"@id\":\"https:\\\/\\\/www.veltec.eu\\\/fr\\\/product\\\/conga-8290-power-x-treme\\\/\",\"url\":\"https:\\\/\\\/www.veltec.eu\\\/fr\\\/product\\\/conga-8290-power-x-treme\\\/\",\"name\":\"Conga 8290 Power X-Treme - Veltec Kirby specialist\",\"isPartOf\":{\"@id\":\"https:\\\/\\\/www.veltec.eu\\\/en\\\/#website\"},\"primaryImageOfPage\":{\"@id\":\"https:\\\/\\\/www.veltec.eu\\\/fr\\\/product\\\/conga-8290-power-x-treme\\\/#primaryimage\"},\"image\":{\"@id\":\"https:\\\/\\\/www.veltec.eu\\\/fr\\\/product\\\/conga-8290-power-x-treme\\\/#primaryimage\"},\"thumbnailUrl\":\"https:\\\/\\\/www.veltec.eu\\\/wp-content\\\/uploads\\\/2024\\\/09\\\/conga-8290-immortal-ultra-power-x-treme_7idd1b_1.png\",\"datePublished\":\"2024-09-02T12:25:47+00:00\",\"dateModified\":\"2024-09-02T13:11:50+00:00\",\"description\":\"Conga 8290 Power X-Veltec est un fournisseur d'aspirateurs Kirby depuis plus de 25 ans. Et est votre sp\u00e9cialiste de confiance en mati\u00e8re de service Kirby.\",\"breadcrumb\":{\"@id\":\"https:\\\/\\\/www.veltec.eu\\\/fr\\\/product\\\/conga-8290-power-x-treme\\\/#breadcrumb\"},\"inLanguage\":\"fr-FR\",\"potentialAction\":[{\"@type\":\"ReadAction\",\"target\":[\"https:\\\/\\\/www.veltec.eu\\\/fr\\\/product\\\/conga-8290-power-x-treme\\\/\"]}]},{\"@type\":\"ImageObject\",\"inLanguage\":\"fr-FR\",\"@id\":\"https:\\\/\\\/www.veltec.eu\\\/fr\\\/product\\\/conga-8290-power-x-treme\\\/#primaryimage\",\"url\":\"https:\\\/\\\/www.veltec.eu\\\/wp-content\\\/uploads\\\/2024\\\/09\\\/conga-8290-immortal-ultra-power-x-treme_7idd1b_1.png\",\"contentUrl\":\"https:\\\/\\\/www.veltec.eu\\\/wp-content\\\/uploads\\\/2024\\\/09\\\/conga-8290-immortal-ultra-power-x-treme_7idd1b_1.png\",\"width\":640,\"height\":640},{\"@type\":\"BreadcrumbList\",\"@id\":\"https:\\\/\\\/www.veltec.eu\\\/fr\\\/product\\\/conga-8290-power-x-treme\\\/#breadcrumb\",\"itemListElement\":[{\"@type\":\"ListItem\",\"position\":1,\"name\":\"Home\",\"item\":\"https:\\\/\\\/www.veltec.eu\\\/fr\\\/accueil\\\/\"},{\"@type\":\"ListItem\",\"position\":2,\"name\":\"Boutique Kirby\",\"item\":\"https:\\\/\\\/www.veltec.eu\\\/fr\\\/boutique-kirby\\\/\"},{\"@type\":\"ListItem\",\"position\":3,\"name\":\"Conga 8290 Power X-Treme\"}]},{\"@type\":\"WebSite\",\"@id\":\"https:\\\/\\\/www.veltec.eu\\\/en\\\/#website\",\"url\":\"https:\\\/\\\/www.veltec.eu\\\/en\\\/\",\"name\":\"Veltec Kirby specialist\",\"description\":\"Kirby stofzuiger producten\",\"publisher\":{\"@id\":\"https:\\\/\\\/www.veltec.eu\\\/en\\\/#organization\"},\"potentialAction\":[{\"@type\":\"SearchAction\",\"target\":{\"@type\":\"EntryPoint\",\"urlTemplate\":\"https:\\\/\\\/www.veltec.eu\\\/en\\\/?s={search_term_string}\"},\"query-input\":{\"@type\":\"PropertyValueSpecification\",\"valueRequired\":true,\"valueName\":\"search_term_string\"}}],\"inLanguage\":\"fr-FR\"},{\"@type\":\"Organization\",\"@id\":\"https:\\\/\\\/www.veltec.eu\\\/en\\\/#organization\",\"name\":\"Veltec Kirby Specialist\",\"url\":\"https:\\\/\\\/www.veltec.eu\\\/en\\\/\",\"logo\":{\"@type\":\"ImageObject\",\"inLanguage\":\"fr-FR\",\"@id\":\"https:\\\/\\\/www.veltec.eu\\\/en\\\/#\\\/schema\\\/logo\\\/image\\\/\",\"url\":\"https:\\\/\\\/www.veltec.eu\\\/wp-content\\\/uploads\\\/2021\\\/12\\\/Veltec-log-groot-e1537260889125.png\",\"contentUrl\":\"https:\\\/\\\/www.veltec.eu\\\/wp-content\\\/uploads\\\/2021\\\/12\\\/Veltec-log-groot-e1537260889125.png\",\"width\":200,\"height\":60,\"caption\":\"Veltec Kirby Specialist\"},\"image\":{\"@id\":\"https:\\\/\\\/www.veltec.eu\\\/en\\\/#\\\/schema\\\/logo\\\/image\\\/\"},\"sameAs\":[\"https:\\\/\\\/www.facebook.com\\\/Veltec-Kirby-Specialist-236746293374877\\\/\",\"https:\\\/\\\/www.youtube.com\\\/user\\\/VeltecService\"]}]}<\/script>\n<!-- \/ Yoast SEO Premium plugin. -->","yoast_head_json":{"title":"Conga 8290 Power X-Treme - Veltec Kirby specialist","description":"Conga 8290 Power X-Veltec est un fournisseur d'aspirateurs Kirby depuis plus de 25 ans. Et est votre sp\u00e9cialiste de confiance en mati\u00e8re de service Kirby.","robots":{"index":"index","follow":"follow","max-snippet":"max-snippet:-1","max-image-preview":"max-image-preview:large","max-video-preview":"max-video-preview:-1"},"canonical":"https:\/\/www.veltec.eu\/fr\/product\/conga-8290-power-x-treme\/","og_locale":"fr_FR","og_type":"article","og_title":"Conga 8290 Power X-Treme","og_description":"Conga 8290 Power X-Treme - Robot aspirateur avec navigation laser. 4 en 1 : il balaie, aspire, nettoie le sol et passe la serpilli\u00e8re. 7000 Pa. 280 minutes d'autonomie. 2 tissus pour nettoyer le sol. 1 brosse lat\u00e9rale. 3 niveaux de puissance d'aspiration et de d\u00e9bit d'eau. APP CECOTEC et assistants virtuels.  &nbsp;   En stock         Le d\u00e9lai de livraison est de 5 \u00e0 10 jours ouvrables        Garantie de 2 ans  &nbsp;","og_url":"https:\/\/www.veltec.eu\/fr\/product\/conga-8290-power-x-treme\/","og_site_name":"Veltec Kirby specialist","article_publisher":"https:\/\/www.facebook.com\/Veltec-Kirby-Specialist-236746293374877\/","article_modified_time":"2024-09-02T13:11:50+00:00","og_image":[{"width":640,"height":640,"url":"https:\/\/www.veltec.eu\/wp-content\/uploads\/2024\/09\/conga-8290-immortal-ultra-power-x-treme_7idd1b_1.png","type":"image\/png"}],"twitter_card":"summary_large_image","twitter_misc":{"Dur\u00e9e de lecture estim\u00e9e":"2 minutes"},"schema":{"@context":"https:\/\/schema.org","@graph":[{"@type":"WebPage","@id":"https:\/\/www.veltec.eu\/fr\/product\/conga-8290-power-x-treme\/","url":"https:\/\/www.veltec.eu\/fr\/product\/conga-8290-power-x-treme\/","name":"Conga 8290 Power X-Treme - Veltec Kirby specialist","isPartOf":{"@id":"https:\/\/www.veltec.eu\/en\/#website"},"primaryImageOfPage":{"@id":"https:\/\/www.veltec.eu\/fr\/product\/conga-8290-power-x-treme\/#primaryimage"},"image":{"@id":"https:\/\/www.veltec.eu\/fr\/product\/conga-8290-power-x-treme\/#primaryimage"},"thumbnailUrl":"https:\/\/www.veltec.eu\/wp-content\/uploads\/2024\/09\/conga-8290-immortal-ultra-power-x-treme_7idd1b_1.png","datePublished":"2024-09-02T12:25:47+00:00","dateModified":"2024-09-02T13:11:50+00:00","description":"Conga 8290 Power X-Veltec est un fournisseur d'aspirateurs Kirby depuis plus de 25 ans. Et est votre sp\u00e9cialiste de confiance en mati\u00e8re de service Kirby.","breadcrumb":{"@id":"https:\/\/www.veltec.eu\/fr\/product\/conga-8290-power-x-treme\/#breadcrumb"},"inLanguage":"fr-FR","potentialAction":[{"@type":"ReadAction","target":["https:\/\/www.veltec.eu\/fr\/product\/conga-8290-power-x-treme\/"]}]},{"@type":"ImageObject","inLanguage":"fr-FR","@id":"https:\/\/www.veltec.eu\/fr\/product\/conga-8290-power-x-treme\/#primaryimage","url":"https:\/\/www.veltec.eu\/wp-content\/uploads\/2024\/09\/conga-8290-immortal-ultra-power-x-treme_7idd1b_1.png","contentUrl":"https:\/\/www.veltec.eu\/wp-content\/uploads\/2024\/09\/conga-8290-immortal-ultra-power-x-treme_7idd1b_1.png","width":640,"height":640},{"@type":"BreadcrumbList","@id":"https:\/\/www.veltec.eu\/fr\/product\/conga-8290-power-x-treme\/#breadcrumb","itemListElement":[{"@type":"ListItem","position":1,"name":"Home","item":"https:\/\/www.veltec.eu\/fr\/accueil\/"},{"@type":"ListItem","position":2,"name":"Boutique Kirby","item":"https:\/\/www.veltec.eu\/fr\/boutique-kirby\/"},{"@type":"ListItem","position":3,"name":"Conga 8290 Power X-Treme"}]},{"@type":"WebSite","@id":"https:\/\/www.veltec.eu\/en\/#website","url":"https:\/\/www.veltec.eu\/en\/","name":"Veltec Kirby specialist","description":"Kirby stofzuiger producten","publisher":{"@id":"https:\/\/www.veltec.eu\/en\/#organization"},"potentialAction":[{"@type":"SearchAction","target":{"@type":"EntryPoint","urlTemplate":"https:\/\/www.veltec.eu\/en\/?s={search_term_string}"},"query-input":{"@type":"PropertyValueSpecification","valueRequired":true,"valueName":"search_term_string"}}],"inLanguage":"fr-FR"},{"@type":"Organization","@id":"https:\/\/www.veltec.eu\/en\/#organization","name":"Veltec Kirby Specialist","url":"https:\/\/www.veltec.eu\/en\/","logo":{"@type":"ImageObject","inLanguage":"fr-FR","@id":"https:\/\/www.veltec.eu\/en\/#\/schema\/logo\/image\/","url":"https:\/\/www.veltec.eu\/wp-content\/uploads\/2021\/12\/Veltec-log-groot-e1537260889125.png","contentUrl":"https:\/\/www.veltec.eu\/wp-content\/uploads\/2021\/12\/Veltec-log-groot-e1537260889125.png","width":200,"height":60,"caption":"Veltec Kirby Specialist"},"image":{"@id":"https:\/\/www.veltec.eu\/en\/#\/schema\/logo\/image\/"},"sameAs":["https:\/\/www.facebook.com\/Veltec-Kirby-Specialist-236746293374877\/","https:\/\/www.youtube.com\/user\/VeltecService"]}]}},"_links":{"self":[{"href":"https:\/\/www.veltec.eu\/fr\/wp-json\/wp\/v2\/product\/66475","targetHints":{"allow":["GET"]}}],"collection":[{"href":"https:\/\/www.veltec.eu\/fr\/wp-json\/wp\/v2\/product"}],"about":[{"href":"https:\/\/www.veltec.eu\/fr\/wp-json\/wp\/v2\/types\/product"}],"replies":[{"embeddable":true,"href":"https:\/\/www.veltec.eu\/fr\/wp-json\/wp\/v2\/comments?post=66475"}],"wp:featuredmedia":[{"embeddable":true,"href":"https:\/\/www.veltec.eu\/fr\/wp-json\/wp\/v2\/media\/66408"}],"wp:attachment":[{"href":"https:\/\/www.veltec.eu\/fr\/wp-json\/wp\/v2\/media?parent=66475"}],"wp:term":[{"taxonomy":"product_brand","embeddable":true,"href":"https:\/\/www.veltec.eu\/fr\/wp-json\/wp\/v2\/product_brand?post=66475"},{"taxonomy":"product_cat","embeddable":true,"href":"https:\/\/www.veltec.eu\/fr\/wp-json\/wp\/v2\/product_cat?post=66475"},{"taxonomy":"product_tag","embeddable":true,"href":"https:\/\/www.veltec.eu\/fr\/wp-json\/wp\/v2\/product_tag?post=66475"}],"curies":[{"name":"wp","href":"https:\/\/api.w.org\/{rel}","templated":true}]}}