{"id":64307,"date":"2024-08-08T16:06:17","date_gmt":"2024-08-08T14:06:17","guid":{"rendered":"https:\/\/www.veltec.eu\/product\/conga-11090-spin-revolution\/"},"modified":"2025-01-23T16:32:14","modified_gmt":"2025-01-23T14:32:14","slug":"conga-11090-spin-revolution","status":"publish","type":"product","link":"https:\/\/www.veltec.eu\/fr\/product\/conga-11090-spin-revolution\/","title":{"rendered":"Conga 11090 Spin Revolution"},"content":{"rendered":"<h5><strong>Conga 11090 Spin Revolution<\/strong><\/h5>\n<p>Conga 11090 Spin Revolution avec base autovidante et autonettoyante et s\u00e9chage de la serpilli\u00e8re. Navigation laser \u00e0 ultrasons. Brossage d\u00e9tartrage avec des mops rotatifs ultra-absorbants.<\/p>\n<div id=\"technical-details\" class=\"css-0 egxb0x40\">\n<div class=\"css-1vrowg6\">\n<div id=\"description\" class=\"e1pizqy33 css-1gvl2s3\">\n<div class=\"css-k1moeq e1pizqy32\">\n<div id=\"technical-details\" class=\"css-0 egxb0x40\">\n<div class=\"css-1vrowg6\">\n<div id=\"description\" class=\"e1pizqy33 css-1gvl2s3\">\n<div class=\"css-k1moeq e1pizqy32\">\n<ul>\n<li>Navigation avec technologie laser pour un nettoyage pr\u00e9cis.<\/li>\n<li>Oublie le passage de la serpilli\u00e8re avec les serpilli\u00e8res rotatives. En outre, le robot a le mouvement intensif de va-et-vient des serpilli\u00e8res.<\/li>\n<li>Lorsque le robot atteint la base, il se vide et les serpilli\u00e8res sont nettoy\u00e9es.<\/li>\n<li>Nettoyage intelligent des tapis gr\u00e2ce \u00e0 sa d\u00e9tection ultrasonique, arr\u00eatant les serpilli\u00e8res lorsqu&#8217;il passe dessus.<\/li>\n<li>La base de vidange est dot\u00e9e d&#8217;un syst\u00e8me de d\u00e9tection automatique de s\u00e9curit\u00e9 pour les sacs hygi\u00e9niques, d&#8217;une boule de remplissage pour le r\u00e9servoir d&#8217;eau sale et d&#8217;une boule d&#8217;aspiration pour l&#8217;eau propre.<\/li>\n<li>Oublie de toucher la poussi\u00e8re et de te salir les mains gr\u00e2ce aux capacit\u00e9s de 2 litres du r\u00e9servoir \u00e0 poussi\u00e8re, de 2,8 litres du r\u00e9servoir d&#8217;eau propre et de 2,4 litres du r\u00e9servoir d&#8217;eau sale.<\/li>\n<li>Si le robot n&#8217;a plus de batterie, il retourne automatiquement \u00e0 la base pour se recharger, puis reprend l\u00e0 o\u00f9 il s&#8217;est arr\u00eat\u00e9 et continue le nettoyage avec des serpilli\u00e8res compl\u00e8tement propres.<\/li>\n<li>D\u00e9finis, planifie et programme le nettoyage de ta maison. Gr\u00e2ce \u00e0 la carte g\u00e9n\u00e9r\u00e9e, tu peux s\u00e9lectionner \u00e0 la fois le nettoyage complet et le nettoyage de pi\u00e8ces sp\u00e9cifiques.<\/li>\n<li>Puissance de 4000 Pa dans le moteur d&#8217;aspiration<\/li>\n<li>Batterie de 3200 mAh, atteignant une autonomie allant jusqu&#8217;\u00e0 140 minutes. Lorsque la batterie est faible, il retourne automatiquement \u00e0 la base pour se recharger, puis reprend l\u00e0 o\u00f9 il s&#8217;est arr\u00eat\u00e9 pour terminer le nettoyage.<\/li>\n<li>Les 8 modes de nettoyage (bord, zone, tache, r\u00e9curer, auto, spirale carr\u00e9e, spirale ronde et nettoyage en profondeur) permettent au robot de s&#8217;adapter \u00e0 tous les besoins de ta maison.<\/li>\n<li>Le robot est dot\u00e9 d&#8217;un syst\u00e8me anti-chute qui d\u00e9tecte s&#8217;il y a des marches.<\/li>\n<li>Il peut \u00eatre contr\u00f4l\u00e9 via une application mobile et des assistants virtuels.<\/li>\n<\/ul>\n<\/div>\n<\/div>\n<\/div>\n<div class=\"css-1vrowg6\">\n<div id=\"composition\" class=\"e1hv9n5v2 css-ldw7pi\">\n<p><strong><span class=\"e1hv9n5v0 css-hga4sk\">Composition<\/span><\/strong><\/p>\n<div class=\"css-1azcdyx e1hv9n5v1\">\n<ul>\n<li>2 vadrouilles rotatives<\/li>\n<li>Base autovidante avec 3 r\u00e9servoirs et c\u00e2ble d&#8217;alimentation<\/li>\n<li>Brosse autonettoyante<\/li>\n<li>Brosse multifonction<\/li>\n<li>Mode d&#8217;emploi<\/li>\n<li>Robot aspirateur<\/li>\n<li>R\u00e9servoir d&#8217;eau propre de 2,4 litres<\/li>\n<li>R\u00e9servoir d&#8217;eau sale de 2,8 litres<\/li>\n<li>R\u00e9servoir \u00e0 poussi\u00e8re de 2 litres<\/li>\n<li>1 brosse lat\u00e9rale<\/li>\n<\/ul>\n<p>&nbsp;<\/p>\n<\/div>\n<\/div>\n<\/div>\n<\/div>\n<\/div>\n<\/div>\n<\/div>\n<\/div>\n","protected":false},"excerpt":{"rendered":"<p>Conga 11090 Spin Revolution, avec base autovidante et autonettoyante et s\u00e9chage de la serpilli\u00e8re. Navigation laser \u00e0 ultrasons. Moteur d&#8217;aspiration 5000 Pa. Brossage d\u00e9tartrage avec des mops rotatifs ultra-absorbants. Brosse multifonction. Brosse lat\u00e9rale. Application CECOTEC 3.0 et assistants virtuels.<\/p>\n<p>&nbsp;<\/p>\n<div>\n<div>\n<h3><span lang=\"EN-US\" style=\"color: #008000;\">En stock<\/span><\/h3>\n<\/div>\n<div>\n<p><span lang=\"EN-US\">[av_font_icon icon='ue812' font='entypo-fontello' style='' caption='' size='25px' position='left' color='#43ad66' link='' linktarget='' title_attr='' sonar_effect_effect='' sonar_effect_color='' sonar_effect_duration='1' sonar_effect_scale='' sonar_effect_opac='0.5' animation='' id='' custom_class='' template_class='' av_uid='' sc_version='1.0' admin_preview_bg=''][\/av_font_icon]<\/span><\/p>\n<\/div>\n<div>\n<p><span lang=\"EN-US\" style=\"color: #008000;\">Le d\u00e9lai de livraison est de 5 \u00e0 10 jours ouvrables<\/span><\/p>\n<\/div>\n<div>\n<p><span lang=\"EN-US\">[av_font_icon icon='ue812' font='entypo-fontello' style='' caption='' size='25px' position='left' color='#43ad66' link='' linktarget='' title_attr='' sonar_effect_effect='' sonar_effect_color='' sonar_effect_duration='1' sonar_effect_scale='' sonar_effect_opac='0.5' animation='' id='' custom_class='' template_class='' av_uid='' sc_version='1.0' admin_preview_bg=''][\/av_font_icon]<\/span><\/p>\n<\/div>\n<div>\n<p><span style=\"color: #008000;\">Garantie de 2 ans<\/span><\/p>\n<p>&nbsp;<\/p>\n<\/div>\n<\/div>\n","protected":false},"featured_media":64227,"comment_status":"open","ping_status":"closed","template":"","meta":{"_acf_changed":false},"product_brand":[],"product_cat":[26],"product_tag":[],"class_list":{"0":"post-64307","1":"product","2":"type-product","3":"status-publish","4":"has-post-thumbnail","6":"product_cat-overige-producten","8":"first","9":"outofstock","10":"sale","11":"taxable","12":"shipping-taxable","13":"purchasable","14":"product-type-simple"},"acf":[],"yoast_head":"<!-- This site is optimized with the Yoast SEO Premium plugin v27.1 (Yoast SEO v27.4) - https:\/\/yoast.com\/product\/yoast-seo-premium-wordpress\/ -->\n<title>Conga 11090 Spin Revolution - Veltec Kirby specialist<\/title>\n<meta name=\"description\" content=\"Veltec est un fournisseur d&#039;aspirateurs Kirby depuis plus de 25 ans. Et est votre sp\u00e9cialiste de confiance en mati\u00e8re de service Kirby.\" \/>\n<meta name=\"robots\" content=\"index, follow, max-snippet:-1, max-image-preview:large, max-video-preview:-1\" \/>\n<link rel=\"canonical\" href=\"https:\/\/www.veltec.eu\/fr\/product\/conga-11090-spin-revolution\/\" \/>\n<meta property=\"og:locale\" content=\"fr_FR\" \/>\n<meta property=\"og:type\" content=\"article\" \/>\n<meta property=\"og:title\" content=\"Conga 11090 Spin Revolution\" \/>\n<meta property=\"og:description\" content=\"Conga 11090 Spin Revolution, avec base autovidante et autonettoyante et s\u00e9chage de la serpilli\u00e8re. Navigation laser \u00e0 ultrasons. Moteur d&#039;aspiration 5000 Pa. Brossage d\u00e9tartrage avec des mops rotatifs ultra-absorbants. Brosse multifonction. Brosse lat\u00e9rale. Application CECOTEC 3.0 et assistants virtuels.  &nbsp;   En stock         Le d\u00e9lai de livraison est de 5 \u00e0 10 jours ouvrables          Garantie de 2 ans  &nbsp;\" \/>\n<meta property=\"og:url\" content=\"https:\/\/www.veltec.eu\/fr\/product\/conga-11090-spin-revolution\/\" \/>\n<meta property=\"og:site_name\" content=\"Veltec Kirby specialist\" \/>\n<meta property=\"article:publisher\" content=\"https:\/\/www.facebook.com\/Veltec-Kirby-Specialist-236746293374877\/\" \/>\n<meta property=\"article:modified_time\" content=\"2025-01-23T14:32:14+00:00\" \/>\n<meta property=\"og:image\" content=\"https:\/\/www.veltec.eu\/wp-content\/uploads\/2024\/08\/conga-11090-spin-revolution-homewash_zjb9ul_1.png\" \/>\n\t<meta property=\"og:image:width\" content=\"640\" \/>\n\t<meta property=\"og:image:height\" content=\"640\" \/>\n\t<meta property=\"og:image:type\" content=\"image\/png\" \/>\n<meta name=\"twitter:card\" content=\"summary_large_image\" \/>\n<meta name=\"twitter:label1\" content=\"Dur\u00e9e de lecture estim\u00e9e\" \/>\n\t<meta name=\"twitter:data1\" content=\"2 minutes\" \/>\n<script type=\"application\/ld+json\" class=\"yoast-schema-graph\">{\"@context\":\"https:\\\/\\\/schema.org\",\"@graph\":[{\"@type\":\"WebPage\",\"@id\":\"https:\\\/\\\/www.veltec.eu\\\/fr\\\/product\\\/conga-11090-spin-revolution\\\/\",\"url\":\"https:\\\/\\\/www.veltec.eu\\\/fr\\\/product\\\/conga-11090-spin-revolution\\\/\",\"name\":\"Conga 11090 Spin Revolution - Veltec Kirby specialist\",\"isPartOf\":{\"@id\":\"https:\\\/\\\/www.veltec.eu\\\/en\\\/#website\"},\"primaryImageOfPage\":{\"@id\":\"https:\\\/\\\/www.veltec.eu\\\/fr\\\/product\\\/conga-11090-spin-revolution\\\/#primaryimage\"},\"image\":{\"@id\":\"https:\\\/\\\/www.veltec.eu\\\/fr\\\/product\\\/conga-11090-spin-revolution\\\/#primaryimage\"},\"thumbnailUrl\":\"https:\\\/\\\/www.veltec.eu\\\/wp-content\\\/uploads\\\/2024\\\/08\\\/conga-11090-spin-revolution-homewash_zjb9ul_1.png\",\"datePublished\":\"2024-08-08T14:06:17+00:00\",\"dateModified\":\"2025-01-23T14:32:14+00:00\",\"description\":\"Veltec est un fournisseur d'aspirateurs Kirby depuis plus de 25 ans. Et est votre sp\u00e9cialiste de confiance en mati\u00e8re de service Kirby.\",\"breadcrumb\":{\"@id\":\"https:\\\/\\\/www.veltec.eu\\\/fr\\\/product\\\/conga-11090-spin-revolution\\\/#breadcrumb\"},\"inLanguage\":\"fr-FR\",\"potentialAction\":[{\"@type\":\"ReadAction\",\"target\":[\"https:\\\/\\\/www.veltec.eu\\\/fr\\\/product\\\/conga-11090-spin-revolution\\\/\"]}]},{\"@type\":\"ImageObject\",\"inLanguage\":\"fr-FR\",\"@id\":\"https:\\\/\\\/www.veltec.eu\\\/fr\\\/product\\\/conga-11090-spin-revolution\\\/#primaryimage\",\"url\":\"https:\\\/\\\/www.veltec.eu\\\/wp-content\\\/uploads\\\/2024\\\/08\\\/conga-11090-spin-revolution-homewash_zjb9ul_1.png\",\"contentUrl\":\"https:\\\/\\\/www.veltec.eu\\\/wp-content\\\/uploads\\\/2024\\\/08\\\/conga-11090-spin-revolution-homewash_zjb9ul_1.png\",\"width\":640,\"height\":640},{\"@type\":\"BreadcrumbList\",\"@id\":\"https:\\\/\\\/www.veltec.eu\\\/fr\\\/product\\\/conga-11090-spin-revolution\\\/#breadcrumb\",\"itemListElement\":[{\"@type\":\"ListItem\",\"position\":1,\"name\":\"Home\",\"item\":\"https:\\\/\\\/www.veltec.eu\\\/fr\\\/accueil\\\/\"},{\"@type\":\"ListItem\",\"position\":2,\"name\":\"Boutique Kirby\",\"item\":\"https:\\\/\\\/www.veltec.eu\\\/fr\\\/boutique-kirby\\\/\"},{\"@type\":\"ListItem\",\"position\":3,\"name\":\"Conga 11090 Spin Revolution\"}]},{\"@type\":\"WebSite\",\"@id\":\"https:\\\/\\\/www.veltec.eu\\\/en\\\/#website\",\"url\":\"https:\\\/\\\/www.veltec.eu\\\/en\\\/\",\"name\":\"Veltec Kirby specialist\",\"description\":\"Kirby stofzuiger producten\",\"publisher\":{\"@id\":\"https:\\\/\\\/www.veltec.eu\\\/en\\\/#organization\"},\"potentialAction\":[{\"@type\":\"SearchAction\",\"target\":{\"@type\":\"EntryPoint\",\"urlTemplate\":\"https:\\\/\\\/www.veltec.eu\\\/en\\\/?s={search_term_string}\"},\"query-input\":{\"@type\":\"PropertyValueSpecification\",\"valueRequired\":true,\"valueName\":\"search_term_string\"}}],\"inLanguage\":\"fr-FR\"},{\"@type\":\"Organization\",\"@id\":\"https:\\\/\\\/www.veltec.eu\\\/en\\\/#organization\",\"name\":\"Veltec Kirby Specialist\",\"url\":\"https:\\\/\\\/www.veltec.eu\\\/en\\\/\",\"logo\":{\"@type\":\"ImageObject\",\"inLanguage\":\"fr-FR\",\"@id\":\"https:\\\/\\\/www.veltec.eu\\\/en\\\/#\\\/schema\\\/logo\\\/image\\\/\",\"url\":\"https:\\\/\\\/www.veltec.eu\\\/wp-content\\\/uploads\\\/2021\\\/12\\\/Veltec-log-groot-e1537260889125.png\",\"contentUrl\":\"https:\\\/\\\/www.veltec.eu\\\/wp-content\\\/uploads\\\/2021\\\/12\\\/Veltec-log-groot-e1537260889125.png\",\"width\":200,\"height\":60,\"caption\":\"Veltec Kirby Specialist\"},\"image\":{\"@id\":\"https:\\\/\\\/www.veltec.eu\\\/en\\\/#\\\/schema\\\/logo\\\/image\\\/\"},\"sameAs\":[\"https:\\\/\\\/www.facebook.com\\\/Veltec-Kirby-Specialist-236746293374877\\\/\",\"https:\\\/\\\/www.youtube.com\\\/user\\\/VeltecService\"]}]}<\/script>\n<!-- \/ Yoast SEO Premium plugin. -->","yoast_head_json":{"title":"Conga 11090 Spin Revolution - Veltec Kirby specialist","description":"Veltec est un fournisseur d'aspirateurs Kirby depuis plus de 25 ans. Et est votre sp\u00e9cialiste de confiance en mati\u00e8re de service Kirby.","robots":{"index":"index","follow":"follow","max-snippet":"max-snippet:-1","max-image-preview":"max-image-preview:large","max-video-preview":"max-video-preview:-1"},"canonical":"https:\/\/www.veltec.eu\/fr\/product\/conga-11090-spin-revolution\/","og_locale":"fr_FR","og_type":"article","og_title":"Conga 11090 Spin Revolution","og_description":"Conga 11090 Spin Revolution, avec base autovidante et autonettoyante et s\u00e9chage de la serpilli\u00e8re. Navigation laser \u00e0 ultrasons. Moteur d'aspiration 5000 Pa. Brossage d\u00e9tartrage avec des mops rotatifs ultra-absorbants. Brosse multifonction. Brosse lat\u00e9rale. Application CECOTEC 3.0 et assistants virtuels.  &nbsp;   En stock         Le d\u00e9lai de livraison est de 5 \u00e0 10 jours ouvrables          Garantie de 2 ans  &nbsp;","og_url":"https:\/\/www.veltec.eu\/fr\/product\/conga-11090-spin-revolution\/","og_site_name":"Veltec Kirby specialist","article_publisher":"https:\/\/www.facebook.com\/Veltec-Kirby-Specialist-236746293374877\/","article_modified_time":"2025-01-23T14:32:14+00:00","og_image":[{"width":640,"height":640,"url":"https:\/\/www.veltec.eu\/wp-content\/uploads\/2024\/08\/conga-11090-spin-revolution-homewash_zjb9ul_1.png","type":"image\/png"}],"twitter_card":"summary_large_image","twitter_misc":{"Dur\u00e9e de lecture estim\u00e9e":"2 minutes"},"schema":{"@context":"https:\/\/schema.org","@graph":[{"@type":"WebPage","@id":"https:\/\/www.veltec.eu\/fr\/product\/conga-11090-spin-revolution\/","url":"https:\/\/www.veltec.eu\/fr\/product\/conga-11090-spin-revolution\/","name":"Conga 11090 Spin Revolution - Veltec Kirby specialist","isPartOf":{"@id":"https:\/\/www.veltec.eu\/en\/#website"},"primaryImageOfPage":{"@id":"https:\/\/www.veltec.eu\/fr\/product\/conga-11090-spin-revolution\/#primaryimage"},"image":{"@id":"https:\/\/www.veltec.eu\/fr\/product\/conga-11090-spin-revolution\/#primaryimage"},"thumbnailUrl":"https:\/\/www.veltec.eu\/wp-content\/uploads\/2024\/08\/conga-11090-spin-revolution-homewash_zjb9ul_1.png","datePublished":"2024-08-08T14:06:17+00:00","dateModified":"2025-01-23T14:32:14+00:00","description":"Veltec est un fournisseur d'aspirateurs Kirby depuis plus de 25 ans. Et est votre sp\u00e9cialiste de confiance en mati\u00e8re de service Kirby.","breadcrumb":{"@id":"https:\/\/www.veltec.eu\/fr\/product\/conga-11090-spin-revolution\/#breadcrumb"},"inLanguage":"fr-FR","potentialAction":[{"@type":"ReadAction","target":["https:\/\/www.veltec.eu\/fr\/product\/conga-11090-spin-revolution\/"]}]},{"@type":"ImageObject","inLanguage":"fr-FR","@id":"https:\/\/www.veltec.eu\/fr\/product\/conga-11090-spin-revolution\/#primaryimage","url":"https:\/\/www.veltec.eu\/wp-content\/uploads\/2024\/08\/conga-11090-spin-revolution-homewash_zjb9ul_1.png","contentUrl":"https:\/\/www.veltec.eu\/wp-content\/uploads\/2024\/08\/conga-11090-spin-revolution-homewash_zjb9ul_1.png","width":640,"height":640},{"@type":"BreadcrumbList","@id":"https:\/\/www.veltec.eu\/fr\/product\/conga-11090-spin-revolution\/#breadcrumb","itemListElement":[{"@type":"ListItem","position":1,"name":"Home","item":"https:\/\/www.veltec.eu\/fr\/accueil\/"},{"@type":"ListItem","position":2,"name":"Boutique Kirby","item":"https:\/\/www.veltec.eu\/fr\/boutique-kirby\/"},{"@type":"ListItem","position":3,"name":"Conga 11090 Spin Revolution"}]},{"@type":"WebSite","@id":"https:\/\/www.veltec.eu\/en\/#website","url":"https:\/\/www.veltec.eu\/en\/","name":"Veltec Kirby specialist","description":"Kirby stofzuiger producten","publisher":{"@id":"https:\/\/www.veltec.eu\/en\/#organization"},"potentialAction":[{"@type":"SearchAction","target":{"@type":"EntryPoint","urlTemplate":"https:\/\/www.veltec.eu\/en\/?s={search_term_string}"},"query-input":{"@type":"PropertyValueSpecification","valueRequired":true,"valueName":"search_term_string"}}],"inLanguage":"fr-FR"},{"@type":"Organization","@id":"https:\/\/www.veltec.eu\/en\/#organization","name":"Veltec Kirby Specialist","url":"https:\/\/www.veltec.eu\/en\/","logo":{"@type":"ImageObject","inLanguage":"fr-FR","@id":"https:\/\/www.veltec.eu\/en\/#\/schema\/logo\/image\/","url":"https:\/\/www.veltec.eu\/wp-content\/uploads\/2021\/12\/Veltec-log-groot-e1537260889125.png","contentUrl":"https:\/\/www.veltec.eu\/wp-content\/uploads\/2021\/12\/Veltec-log-groot-e1537260889125.png","width":200,"height":60,"caption":"Veltec Kirby Specialist"},"image":{"@id":"https:\/\/www.veltec.eu\/en\/#\/schema\/logo\/image\/"},"sameAs":["https:\/\/www.facebook.com\/Veltec-Kirby-Specialist-236746293374877\/","https:\/\/www.youtube.com\/user\/VeltecService"]}]}},"_links":{"self":[{"href":"https:\/\/www.veltec.eu\/fr\/wp-json\/wp\/v2\/product\/64307","targetHints":{"allow":["GET"]}}],"collection":[{"href":"https:\/\/www.veltec.eu\/fr\/wp-json\/wp\/v2\/product"}],"about":[{"href":"https:\/\/www.veltec.eu\/fr\/wp-json\/wp\/v2\/types\/product"}],"replies":[{"embeddable":true,"href":"https:\/\/www.veltec.eu\/fr\/wp-json\/wp\/v2\/comments?post=64307"}],"wp:featuredmedia":[{"embeddable":true,"href":"https:\/\/www.veltec.eu\/fr\/wp-json\/wp\/v2\/media\/64227"}],"wp:attachment":[{"href":"https:\/\/www.veltec.eu\/fr\/wp-json\/wp\/v2\/media?parent=64307"}],"wp:term":[{"taxonomy":"product_brand","embeddable":true,"href":"https:\/\/www.veltec.eu\/fr\/wp-json\/wp\/v2\/product_brand?post=64307"},{"taxonomy":"product_cat","embeddable":true,"href":"https:\/\/www.veltec.eu\/fr\/wp-json\/wp\/v2\/product_cat?post=64307"},{"taxonomy":"product_tag","embeddable":true,"href":"https:\/\/www.veltec.eu\/fr\/wp-json\/wp\/v2\/product_tag?post=64307"}],"curies":[{"name":"wp","href":"https:\/\/api.w.org\/{rel}","templated":true}]}}