{"id":64209,"date":"2024-08-08T13:58:15","date_gmt":"2024-08-08T11:58:15","guid":{"rendered":"https:\/\/www.veltec.eu\/product\/conga-7490-ultimate\/"},"modified":"2025-02-27T14:48:41","modified_gmt":"2025-02-27T12:48:41","slug":"robot-aspirateur-7490-ultimate","status":"publish","type":"product","link":"https:\/\/www.veltec.eu\/fr\/product\/robot-aspirateur-7490-ultimate\/","title":{"rendered":"Robot aspirateur 7490 Ultimate"},"content":{"rendered":"<h1>Robot aspirateur 7490 Ultimate<\/h1>\n<p>Robot aspirateur 7490 Ultimate avec navigation laser et base autovidante.<\/p>\n<p><a href=\"\/nl?product_cat=aspirateurs-robotises\">Vous trouverez ici tous les Aspirateurs Robot<\/a><\/p>\n<h2 data-pm-slice=\"1 1 []\">Aspirateur Robot 7490 Ultimate \u2013 Solution de Nettoyage Puissante et Intelligente<\/h2>\n<p>Avec l&#8217;<strong>Aspirateur Robot 7490 Ultimate<\/strong>, profitez d&#8217;une exp\u00e9rience de nettoyage efficace et sans effort. Gr\u00e2ce \u00e0 une navigation laser avanc\u00e9e et une base autonettoyante, cet aspirateur intelligent garde votre maison immacul\u00e9e sans que vous ayez \u00e0 vous en soucier. D\u00e9couvrez ses fonctionnalit\u00e9s innovantes et ses avantages exceptionnels.<\/p>\n<h3>Navigation laser avanc\u00e9e pour un nettoyage efficace<\/h3>\n<p>L&#8217;<strong>Aspirateur Robot 7490 Ultimate<\/strong> est dot\u00e9 d&#8217;une <strong>navigation laser intelligente<\/strong>, lui permettant de cartographier votre maison et de se d\u00e9placer avec pr\u00e9cision entre les pi\u00e8ces. Cela garantit un nettoyage rapide et en profondeur, sans r\u00e9p\u00e9titions inutiles ni collisions. Vous pouvez facilement d\u00e9finir quelles pi\u00e8ces doivent \u00eatre nettoy\u00e9es et dans quel ordre pour un r\u00e9sultat optimal.<\/p>\n<h3>Oubliez la poussi\u00e8re gr\u00e2ce \u00e0 la base autonettoyante<\/h3>\n<p>Une fois le nettoyage termin\u00e9, l&#8217;aspirateur retourne automatiquement \u00e0 sa <strong>base autonettoyante<\/strong>, o\u00f9 il vide son contenu dans un <strong>sac hygi\u00e9nique<\/strong> d&#8217;une capacit\u00e9 de <strong>2 litres<\/strong>. Ainsi, vous pouvez oublier de vider le bac \u00e0 poussi\u00e8re pendant plusieurs semaines, pour plus de confort et une r\u00e9duction des allerg\u00e8nes en suspension dans l&#8217;air.<\/p>\n<h3>Puissance d&#8217;aspiration \u00e9lev\u00e9e pour un nettoyage en profondeur<\/h3>\n<p>Avec une puissance d&#8217;aspiration impressionnante de <strong>4000 Pa<\/strong>, cet aspirateur robot \u00e9limine sans effort la salet\u00e9 et la poussi\u00e8re les plus tenaces. Des fines particules aux poils d&#8217;animaux et miettes, l&#8217;Aspirateur Robot 7490\u00a0assure un nettoyage optimal sur toutes les surfaces. Sa <strong>brosse multifonction<\/strong> permet un nettoyage efficace aussi bien sur les tapis que sur les sols durs.<\/p>\n<h3>Robot aspirateur 7490 Ultimate avec autonomie prolong\u00e9e et recharge intelligente<\/h3>\n<p>Sa batterie performante de <strong>2600 mAh<\/strong> offre une <strong>autonomie allant jusqu&#8217;\u00e0 120 minutes<\/strong>, permettant de nettoyer de grandes surfaces en une seule session. Si la batterie s&#8217;\u00e9puise avant la fin du nettoyage, l&#8217;aspirateur retourne automatiquement \u00e0 sa station de charge. Gr\u00e2ce \u00e0 la <strong>technologie Total Surface<\/strong>, il reprend le nettoyage exactement l\u00e0 o\u00f9 il s&#8217;\u00e9tait arr\u00eat\u00e9, sans laisser de zones non nettoy\u00e9es.<\/p>\n<h3>Planification intelligente et fonction 4-en-1<\/h3>\n<p>Avec la <strong>fonction Room Plan<\/strong>, vous pouvez programmer le nettoyage de chaque pi\u00e8ce via l&#8217;application mobile. De plus, l&#8217;Aspirateur Robot 7490\u00a0offre un <strong>nettoyage 4-en-1<\/strong> : il <strong>aspire, balaie, lave et frotte<\/strong>. Vos sols sont non seulement d\u00e9barrass\u00e9s de la poussi\u00e8re, mais aussi parfaitement propres et frais.<\/p>\n<h3>10 modes de nettoyage adapt\u00e9s \u00e0 chaque besoin<\/h3>\n<p>Gr\u00e2ce \u00e0 ses <strong>10 modes de nettoyage<\/strong>, l&#8217;Aspirateur Robot 7490\u00a0s&#8217;adapte \u00e0 toutes vos exigences. D&#8217;un nettoyage rapide en surface \u00e0 un frottement intensif pour les t\u00e2ches incrust\u00e9es, il r\u00e9pond \u00e0 tous les besoins. De plus, la <strong>technologie Bag Detect<\/strong> v\u00e9rifie automatiquement si le sac hygi\u00e9nique est bien install\u00e9 dans la base autonettoyante, garantissant un fonctionnement sans souci.<\/p>\n<h3>Commande intuitive via application et assistant vocal<\/h3>\n<p>Contr\u00f4lez votre aspirateur facilement via l&#8217;<strong>application mobile<\/strong>, o\u00f9 vous pouvez programmer des sessions de nettoyage, s\u00e9lectionner des pi\u00e8ces sp\u00e9cifiques et suivre la progression en temps r\u00e9el. De plus, l&#8217;<strong>Aspirateur Robot 7490 Ultimate<\/strong> est compatible avec les <strong>assistants vocaux<\/strong>, comme Google Assistant et Alexa, vous permettant de le piloter \u00e0 la voix.<\/p>\n<h3>Conclusion : L&#8217;aspirateur id\u00e9al pour un nettoyage sans effort<\/h3>\n<p>Avec sa puissance d&#8217;aspiration exceptionnelle, sa navigation intelligente et sa base autonettoyante, l&#8217;<strong>Aspirateur Robot 7490 Ultimate<\/strong> est le choix parfait pour tous ceux qui souhaitent un nettoyage impeccable sans effort. Gagnez du temps, profitez d&#8217;une maison hygi\u00e9nique et laissez ce robot intelligent faire tout le travail pour vous !<\/p>\n<p>&nbsp;<\/p>\n<div id=\"technical-details\" class=\"css-0 egxb0x40\">\n<div class=\"css-1vrowg6\">\n<div id=\"composition\" class=\"e1hv9n5v2 css-ldw7pi\">\n<h4>Composition<\/h4>\n<ul>\n<li>1 serpilli\u00e8re<\/li>\n<li>1 Brosse lat\u00e9rale<\/li>\n<li>Base autonettoyante<\/li>\n<li>Sac hygi\u00e9nique de 2 litres<\/li>\n<li>Brosse autonettoyante<\/li>\n<li>Brosse multi-usages<\/li>\n<li>D\u00e9p\u00f4t mixte<\/li>\n<li>Filtre \u00e0 haute efficacit\u00e9<\/li>\n<li>Manuel d&#8217;utilisation<\/li>\n<li>Robot aspirateur<\/li>\n<\/ul>\n<div class=\"css-1azcdyx e1hv9n5v1\">\n<p>&nbsp;<\/p>\n<\/div>\n<\/div>\n<\/div>\n<\/div>\n","protected":false},"excerpt":{"rendered":"<p>Robot aspirateur 7490 Ultimate avec navigation laser et base autovidante. Nettoyage 4 en 1 : frotte, aspire, passe la serpilli\u00e8re et balaie. Puissance d&#8217;aspiration de 4000 Pa. 120 minutes d&#8217;autonomie. Brosse centrale multifonctionnelle, brosse \u00e0 r\u00e9curer et 1 brosse lat\u00e9rale. 3 niveaux d&#8217;aspiration et de r\u00e9curage. Contr\u00f4le par APP et assistants virtuels. D\u00e9tection automatique du sac. Capacit\u00e9 de 2 litres.<\/p>\n<p>&nbsp;<\/p>\n<div>\n<div>\n<h3><span style=\"color: #008000;\">En stock<\/span><\/h3>\n[av_font_icon icon='ue812' font='entypo-fontello' style='' caption='' size='25px' position='left' color='#43ad66' link='' linktarget='' title_attr='' sonar_effect_effect='' sonar_effect_color='' sonar_effect_duration='1' sonar_effect_scale='' sonar_effect_opac='0.5' animation='' id='' custom_class='' template_class='' av_uid='' sc_version='1.0' admin_preview_bg=''][\/av_font_icon]\n<p><span style=\"color: #008000;\">Le d\u00e9lai de livraison est de 5 \u00e0 10 jours ouvrables<\/span><\/p>\n[av_font_icon icon='ue812' font='entypo-fontello' style='' caption='' size='25px' position='left' color='#43ad66' link='' linktarget='' title_attr='' sonar_effect_effect='' sonar_effect_color='' sonar_effect_duration='1' sonar_effect_scale='' sonar_effect_opac='0.5' animation='' id='' custom_class='' template_class='' av_uid='' sc_version='1.0' admin_preview_bg=''][\/av_font_icon]\n<p><span style=\"color: #008000;\">Garantie de 2 ans<\/span><\/p>\n<p>&nbsp;<\/p>\n<\/div>\n<\/div>\n","protected":false},"featured_media":64130,"comment_status":"open","ping_status":"closed","template":"","meta":{"_acf_changed":false},"product_brand":[],"product_cat":[26],"product_tag":[],"class_list":{"0":"post-64209","1":"product","2":"type-product","3":"status-publish","4":"has-post-thumbnail","6":"product_cat-overige-producten","8":"first","9":"outofstock","10":"taxable","11":"shipping-taxable","12":"purchasable","13":"product-type-simple"},"acf":[],"yoast_head":"<!-- This site is optimized with the Yoast SEO Premium plugin v27.1 (Yoast SEO v27.4) - https:\/\/yoast.com\/product\/yoast-seo-premium-wordpress\/ -->\n<title>Robot aspirateur 7490 Ultimate - Veltec Kirby specialist<\/title>\n<meta name=\"description\" content=\"Robot aspirateur 7490 Ultimate - Veltec fournit des aspirateurs Kirby depuis plus de 25 ans. C&#039;est votre sp\u00e9cialiste du service Kirby.\" \/>\n<meta name=\"robots\" content=\"index, follow, max-snippet:-1, max-image-preview:large, max-video-preview:-1\" \/>\n<link rel=\"canonical\" href=\"https:\/\/www.veltec.eu\/fr\/product\/robot-aspirateur-7490-ultimate\/\" \/>\n<meta property=\"og:locale\" content=\"fr_FR\" \/>\n<meta property=\"og:type\" content=\"article\" \/>\n<meta property=\"og:title\" content=\"Robot aspirateur 7490 Ultimate\" \/>\n<meta property=\"og:description\" content=\"Robot aspirateur 7490 Ultimate avec navigation laser et base autovidante. Nettoyage 4 en 1 : frotte, aspire, passe la serpilli\u00e8re et balaie. Puissance d&#039;aspiration de 4000 Pa. 120 minutes d&#039;autonomie. Brosse centrale multifonctionnelle, brosse \u00e0 r\u00e9curer et 1 brosse lat\u00e9rale. 3 niveaux d&#039;aspiration et de r\u00e9curage. Contr\u00f4le par APP et assistants virtuels. D\u00e9tection automatique du sac. Capacit\u00e9 de 2 litres.  &nbsp;   En stock   Le d\u00e9lai de livraison est de 5 \u00e0 10 jours ouvrables    Garantie de 2 ans  &nbsp;\" \/>\n<meta property=\"og:url\" content=\"https:\/\/www.veltec.eu\/fr\/product\/robot-aspirateur-7490-ultimate\/\" \/>\n<meta property=\"og:site_name\" content=\"Veltec Kirby specialist\" \/>\n<meta property=\"article:publisher\" content=\"https:\/\/www.facebook.com\/Veltec-Kirby-Specialist-236746293374877\/\" \/>\n<meta property=\"article:modified_time\" content=\"2025-02-27T12:48:41+00:00\" \/>\n<meta property=\"og:image\" content=\"https:\/\/www.veltec.eu\/wp-content\/uploads\/2024\/08\/conga-7490-ultimate-home-genesis_vfn1bi_1.png\" \/>\n\t<meta property=\"og:image:width\" content=\"640\" \/>\n\t<meta property=\"og:image:height\" content=\"640\" \/>\n\t<meta property=\"og:image:type\" content=\"image\/png\" \/>\n<meta name=\"twitter:card\" content=\"summary_large_image\" \/>\n<meta name=\"twitter:label1\" content=\"Dur\u00e9e de lecture estim\u00e9e\" \/>\n\t<meta name=\"twitter:data1\" content=\"3 minutes\" \/>\n<script type=\"application\/ld+json\" class=\"yoast-schema-graph\">{\"@context\":\"https:\\\/\\\/schema.org\",\"@graph\":[{\"@type\":\"WebPage\",\"@id\":\"https:\\\/\\\/www.veltec.eu\\\/fr\\\/product\\\/robot-aspirateur-7490-ultimate\\\/\",\"url\":\"https:\\\/\\\/www.veltec.eu\\\/fr\\\/product\\\/robot-aspirateur-7490-ultimate\\\/\",\"name\":\"Robot aspirateur 7490 Ultimate - Veltec Kirby specialist\",\"isPartOf\":{\"@id\":\"https:\\\/\\\/www.veltec.eu\\\/en\\\/#website\"},\"primaryImageOfPage\":{\"@id\":\"https:\\\/\\\/www.veltec.eu\\\/fr\\\/product\\\/robot-aspirateur-7490-ultimate\\\/#primaryimage\"},\"image\":{\"@id\":\"https:\\\/\\\/www.veltec.eu\\\/fr\\\/product\\\/robot-aspirateur-7490-ultimate\\\/#primaryimage\"},\"thumbnailUrl\":\"https:\\\/\\\/www.veltec.eu\\\/wp-content\\\/uploads\\\/2024\\\/08\\\/conga-7490-ultimate-home-genesis_vfn1bi_1.png\",\"datePublished\":\"2024-08-08T11:58:15+00:00\",\"dateModified\":\"2025-02-27T12:48:41+00:00\",\"description\":\"Robot aspirateur 7490 Ultimate - Veltec fournit des aspirateurs Kirby depuis plus de 25 ans. C'est votre sp\u00e9cialiste du service Kirby.\",\"breadcrumb\":{\"@id\":\"https:\\\/\\\/www.veltec.eu\\\/fr\\\/product\\\/robot-aspirateur-7490-ultimate\\\/#breadcrumb\"},\"inLanguage\":\"fr-FR\",\"potentialAction\":[{\"@type\":\"ReadAction\",\"target\":[\"https:\\\/\\\/www.veltec.eu\\\/fr\\\/product\\\/robot-aspirateur-7490-ultimate\\\/\"]}]},{\"@type\":\"ImageObject\",\"inLanguage\":\"fr-FR\",\"@id\":\"https:\\\/\\\/www.veltec.eu\\\/fr\\\/product\\\/robot-aspirateur-7490-ultimate\\\/#primaryimage\",\"url\":\"https:\\\/\\\/www.veltec.eu\\\/wp-content\\\/uploads\\\/2024\\\/08\\\/conga-7490-ultimate-home-genesis_vfn1bi_1.png\",\"contentUrl\":\"https:\\\/\\\/www.veltec.eu\\\/wp-content\\\/uploads\\\/2024\\\/08\\\/conga-7490-ultimate-home-genesis_vfn1bi_1.png\",\"width\":640,\"height\":640},{\"@type\":\"BreadcrumbList\",\"@id\":\"https:\\\/\\\/www.veltec.eu\\\/fr\\\/product\\\/robot-aspirateur-7490-ultimate\\\/#breadcrumb\",\"itemListElement\":[{\"@type\":\"ListItem\",\"position\":1,\"name\":\"Home\",\"item\":\"https:\\\/\\\/www.veltec.eu\\\/fr\\\/accueil\\\/\"},{\"@type\":\"ListItem\",\"position\":2,\"name\":\"Boutique Kirby\",\"item\":\"https:\\\/\\\/www.veltec.eu\\\/fr\\\/boutique-kirby\\\/\"},{\"@type\":\"ListItem\",\"position\":3,\"name\":\"Robot aspirateur 7490 Ultimate\"}]},{\"@type\":\"WebSite\",\"@id\":\"https:\\\/\\\/www.veltec.eu\\\/en\\\/#website\",\"url\":\"https:\\\/\\\/www.veltec.eu\\\/en\\\/\",\"name\":\"Veltec Kirby specialist\",\"description\":\"Kirby stofzuiger producten\",\"publisher\":{\"@id\":\"https:\\\/\\\/www.veltec.eu\\\/en\\\/#organization\"},\"potentialAction\":[{\"@type\":\"SearchAction\",\"target\":{\"@type\":\"EntryPoint\",\"urlTemplate\":\"https:\\\/\\\/www.veltec.eu\\\/en\\\/?s={search_term_string}\"},\"query-input\":{\"@type\":\"PropertyValueSpecification\",\"valueRequired\":true,\"valueName\":\"search_term_string\"}}],\"inLanguage\":\"fr-FR\"},{\"@type\":\"Organization\",\"@id\":\"https:\\\/\\\/www.veltec.eu\\\/en\\\/#organization\",\"name\":\"Veltec Kirby Specialist\",\"url\":\"https:\\\/\\\/www.veltec.eu\\\/en\\\/\",\"logo\":{\"@type\":\"ImageObject\",\"inLanguage\":\"fr-FR\",\"@id\":\"https:\\\/\\\/www.veltec.eu\\\/en\\\/#\\\/schema\\\/logo\\\/image\\\/\",\"url\":\"https:\\\/\\\/www.veltec.eu\\\/wp-content\\\/uploads\\\/2021\\\/12\\\/Veltec-log-groot-e1537260889125.png\",\"contentUrl\":\"https:\\\/\\\/www.veltec.eu\\\/wp-content\\\/uploads\\\/2021\\\/12\\\/Veltec-log-groot-e1537260889125.png\",\"width\":200,\"height\":60,\"caption\":\"Veltec Kirby Specialist\"},\"image\":{\"@id\":\"https:\\\/\\\/www.veltec.eu\\\/en\\\/#\\\/schema\\\/logo\\\/image\\\/\"},\"sameAs\":[\"https:\\\/\\\/www.facebook.com\\\/Veltec-Kirby-Specialist-236746293374877\\\/\",\"https:\\\/\\\/www.youtube.com\\\/user\\\/VeltecService\"]}]}<\/script>\n<!-- \/ Yoast SEO Premium plugin. -->","yoast_head_json":{"title":"Robot aspirateur 7490 Ultimate - Veltec Kirby specialist","description":"Robot aspirateur 7490 Ultimate - Veltec fournit des aspirateurs Kirby depuis plus de 25 ans. C'est votre sp\u00e9cialiste du service Kirby.","robots":{"index":"index","follow":"follow","max-snippet":"max-snippet:-1","max-image-preview":"max-image-preview:large","max-video-preview":"max-video-preview:-1"},"canonical":"https:\/\/www.veltec.eu\/fr\/product\/robot-aspirateur-7490-ultimate\/","og_locale":"fr_FR","og_type":"article","og_title":"Robot aspirateur 7490 Ultimate","og_description":"Robot aspirateur 7490 Ultimate avec navigation laser et base autovidante. Nettoyage 4 en 1 : frotte, aspire, passe la serpilli\u00e8re et balaie. Puissance d'aspiration de 4000 Pa. 120 minutes d'autonomie. Brosse centrale multifonctionnelle, brosse \u00e0 r\u00e9curer et 1 brosse lat\u00e9rale. 3 niveaux d'aspiration et de r\u00e9curage. Contr\u00f4le par APP et assistants virtuels. D\u00e9tection automatique du sac. Capacit\u00e9 de 2 litres.  &nbsp;   En stock   Le d\u00e9lai de livraison est de 5 \u00e0 10 jours ouvrables    Garantie de 2 ans  &nbsp;","og_url":"https:\/\/www.veltec.eu\/fr\/product\/robot-aspirateur-7490-ultimate\/","og_site_name":"Veltec Kirby specialist","article_publisher":"https:\/\/www.facebook.com\/Veltec-Kirby-Specialist-236746293374877\/","article_modified_time":"2025-02-27T12:48:41+00:00","og_image":[{"width":640,"height":640,"url":"https:\/\/www.veltec.eu\/wp-content\/uploads\/2024\/08\/conga-7490-ultimate-home-genesis_vfn1bi_1.png","type":"image\/png"}],"twitter_card":"summary_large_image","twitter_misc":{"Dur\u00e9e de lecture estim\u00e9e":"3 minutes"},"schema":{"@context":"https:\/\/schema.org","@graph":[{"@type":"WebPage","@id":"https:\/\/www.veltec.eu\/fr\/product\/robot-aspirateur-7490-ultimate\/","url":"https:\/\/www.veltec.eu\/fr\/product\/robot-aspirateur-7490-ultimate\/","name":"Robot aspirateur 7490 Ultimate - Veltec Kirby specialist","isPartOf":{"@id":"https:\/\/www.veltec.eu\/en\/#website"},"primaryImageOfPage":{"@id":"https:\/\/www.veltec.eu\/fr\/product\/robot-aspirateur-7490-ultimate\/#primaryimage"},"image":{"@id":"https:\/\/www.veltec.eu\/fr\/product\/robot-aspirateur-7490-ultimate\/#primaryimage"},"thumbnailUrl":"https:\/\/www.veltec.eu\/wp-content\/uploads\/2024\/08\/conga-7490-ultimate-home-genesis_vfn1bi_1.png","datePublished":"2024-08-08T11:58:15+00:00","dateModified":"2025-02-27T12:48:41+00:00","description":"Robot aspirateur 7490 Ultimate - Veltec fournit des aspirateurs Kirby depuis plus de 25 ans. C'est votre sp\u00e9cialiste du service Kirby.","breadcrumb":{"@id":"https:\/\/www.veltec.eu\/fr\/product\/robot-aspirateur-7490-ultimate\/#breadcrumb"},"inLanguage":"fr-FR","potentialAction":[{"@type":"ReadAction","target":["https:\/\/www.veltec.eu\/fr\/product\/robot-aspirateur-7490-ultimate\/"]}]},{"@type":"ImageObject","inLanguage":"fr-FR","@id":"https:\/\/www.veltec.eu\/fr\/product\/robot-aspirateur-7490-ultimate\/#primaryimage","url":"https:\/\/www.veltec.eu\/wp-content\/uploads\/2024\/08\/conga-7490-ultimate-home-genesis_vfn1bi_1.png","contentUrl":"https:\/\/www.veltec.eu\/wp-content\/uploads\/2024\/08\/conga-7490-ultimate-home-genesis_vfn1bi_1.png","width":640,"height":640},{"@type":"BreadcrumbList","@id":"https:\/\/www.veltec.eu\/fr\/product\/robot-aspirateur-7490-ultimate\/#breadcrumb","itemListElement":[{"@type":"ListItem","position":1,"name":"Home","item":"https:\/\/www.veltec.eu\/fr\/accueil\/"},{"@type":"ListItem","position":2,"name":"Boutique Kirby","item":"https:\/\/www.veltec.eu\/fr\/boutique-kirby\/"},{"@type":"ListItem","position":3,"name":"Robot aspirateur 7490 Ultimate"}]},{"@type":"WebSite","@id":"https:\/\/www.veltec.eu\/en\/#website","url":"https:\/\/www.veltec.eu\/en\/","name":"Veltec Kirby specialist","description":"Kirby stofzuiger producten","publisher":{"@id":"https:\/\/www.veltec.eu\/en\/#organization"},"potentialAction":[{"@type":"SearchAction","target":{"@type":"EntryPoint","urlTemplate":"https:\/\/www.veltec.eu\/en\/?s={search_term_string}"},"query-input":{"@type":"PropertyValueSpecification","valueRequired":true,"valueName":"search_term_string"}}],"inLanguage":"fr-FR"},{"@type":"Organization","@id":"https:\/\/www.veltec.eu\/en\/#organization","name":"Veltec Kirby Specialist","url":"https:\/\/www.veltec.eu\/en\/","logo":{"@type":"ImageObject","inLanguage":"fr-FR","@id":"https:\/\/www.veltec.eu\/en\/#\/schema\/logo\/image\/","url":"https:\/\/www.veltec.eu\/wp-content\/uploads\/2021\/12\/Veltec-log-groot-e1537260889125.png","contentUrl":"https:\/\/www.veltec.eu\/wp-content\/uploads\/2021\/12\/Veltec-log-groot-e1537260889125.png","width":200,"height":60,"caption":"Veltec Kirby Specialist"},"image":{"@id":"https:\/\/www.veltec.eu\/en\/#\/schema\/logo\/image\/"},"sameAs":["https:\/\/www.facebook.com\/Veltec-Kirby-Specialist-236746293374877\/","https:\/\/www.youtube.com\/user\/VeltecService"]}]}},"_links":{"self":[{"href":"https:\/\/www.veltec.eu\/fr\/wp-json\/wp\/v2\/product\/64209","targetHints":{"allow":["GET"]}}],"collection":[{"href":"https:\/\/www.veltec.eu\/fr\/wp-json\/wp\/v2\/product"}],"about":[{"href":"https:\/\/www.veltec.eu\/fr\/wp-json\/wp\/v2\/types\/product"}],"replies":[{"embeddable":true,"href":"https:\/\/www.veltec.eu\/fr\/wp-json\/wp\/v2\/comments?post=64209"}],"wp:featuredmedia":[{"embeddable":true,"href":"https:\/\/www.veltec.eu\/fr\/wp-json\/wp\/v2\/media\/64130"}],"wp:attachment":[{"href":"https:\/\/www.veltec.eu\/fr\/wp-json\/wp\/v2\/media?parent=64209"}],"wp:term":[{"taxonomy":"product_brand","embeddable":true,"href":"https:\/\/www.veltec.eu\/fr\/wp-json\/wp\/v2\/product_brand?post=64209"},{"taxonomy":"product_cat","embeddable":true,"href":"https:\/\/www.veltec.eu\/fr\/wp-json\/wp\/v2\/product_cat?post=64209"},{"taxonomy":"product_tag","embeddable":true,"href":"https:\/\/www.veltec.eu\/fr\/wp-json\/wp\/v2\/product_tag?post=64209"}],"curies":[{"name":"wp","href":"https:\/\/api.w.org\/{rel}","templated":true}]}}