{"id":62297,"date":"2024-07-23T14:36:56","date_gmt":"2024-07-23T12:36:56","guid":{"rendered":"https:\/\/www.veltec.eu\/product\/rockstar-2000\/"},"modified":"2025-06-12T11:44:03","modified_gmt":"2025-06-12T09:44:03","slug":"humide-sec-2000","status":"publish","type":"product","link":"https:\/\/www.veltec.eu\/fr\/product\/humide-sec-2000\/","title":{"rendered":"Humide &#038; Sec 2000"},"content":{"rendered":"<div id=\"technical-details\" class=\"css-0 egxb0x40\">\n<div class=\"css-1vrowg6\">\n<div id=\"description\" class=\"e1pizqy33 css-1gvl2s3\">\n<div class=\"css-k1moeq e1pizqy32\">\n<h1>Humide &amp; Sec 2000<\/h1>\n<p>Humide &amp; Sec 2000, aspirateur de solides et de liquides avec une batterie et un moteur num\u00e9rique sans balayettes Digital Brushless. 200 W de puissance maximale et jusqu\u2019\u00e0 18 kPa de pouvoir d\u2019aspiration. R\u00e9servoir avec 20 L de capacit\u00e9. Jusqu\u2019\u00e0 45 minutes d\u2019autonomie.<\/p>\n<div class=\"css-1vrowg6\">\n<div id=\"description\" class=\"e1pizqy33 css-1gvl2s3\">\n<div class=\"css-k1moeq e1pizqy32\">\n<ul>\n<li>Aspirateur de solides et de liquides avec une batterie et un moteur num\u00e9rique sans balayettes Digital Brushless. 200 W de puissance maximale et jusqu\u2019\u00e0 18 kPa de pouvoir d\u2019aspiration. R\u00e9servoir avec 20 L de capacit\u00e9. Jusqu\u2019\u00e0 45 minutes d\u2019autonomie.<\/li>\n<li>Technologie Digital Brushless avec moteur num\u00e9rique de derni\u00e8re g\u00e9n\u00e9ration sans balayettes pour apporter une meilleure vitesse avec moins de bruit, tout en prolongeant la dur\u00e9e de vie de l\u2019aspirateur.\u00a0 Garantie d\u2019une efficacit\u00e9 maximale avec le syst\u00e8me Multiphasic System.<\/li>\n<li>Technologie ForceSonic 200 W pour un nettoyage extr\u00eame. Il aspire tout type de salet\u00e9 et maintient votre maison toujours propre, en maximisant ses 18 kPa de pouvoir d\u2019aspiration.<\/li>\n<li>Syst\u00e8me Battery 18V avec une batterie extractible au lithium-ion de 4000 mAh et 18 V qui permet d\u2019obtenir jusqu\u2019\u00e0 45 minutes d\u2019autonomie.<\/li>\n<li>Son syst\u00e8me Blowing System sert \u00e0 souffler les feuilles du jardin ou des zones de s\u00e9chage o\u00f9 le liquide a \u00e9t\u00e9 aspir\u00e9.<\/li>\n<li>Il poss\u00e8de un r\u00e9servoir de grande capacit\u00e9 (jusqu&#8217;\u00e0 20 litres) et une technologie sans sac pour un nettoyage parfait et un entretien facile.<\/li>\n<li>Deux modes de fonctionnement : Eco et Turbo pour adapter son utilisation \u00e0 chaque circonstance. Le mode Eco permet de prolonger la dur\u00e9e de vie de la batterie au maximum avec des r\u00e9sultats impeccables. Le mode Turbo finit avec la salet\u00e9 la plus difficile.<\/li>\n<li>Il poss\u00e8de une grande vari\u00e9t\u00e9 d&#8217;accessoires qui permettent de r\u00e9aliser un nettoyage parfait sur n&#8217;importe quelle surface. Inclus\u00a0: accessoire pour les recoins et\/ou les meubles, accessoire pour les tissus, t\u00eate de sol pour les liquides et accessoire pour les sols durs.<\/li>\n<li>Filtre de haute efficacit\u00e9 qui \u00e9limine un pourcentage \u00e9lev\u00e9 de salet\u00e9 et d\u2019allerg\u00e8nes.<\/li>\n<li>Dans des conditions de nettoyage optimales.<\/li>\n<\/ul>\n<p><a href=\"\/nl?product_cat=aspirateurs-solides-liquides\">Ici, vous trouverez tous les Aspirateurs solides-liquides.<\/a><\/p>\n<\/div>\n<\/div>\n<\/div>\n<div class=\"css-1vrowg6\">\n<div id=\"composition\" class=\"e1hv9n5v2 css-ldw7pi\">\n<p><strong><span class=\"e1hv9n5v0 css-hga4sk\">Composition<\/span><\/strong><\/p>\n<div class=\"css-1azcdyx e1hv9n5v1\">\n<ul>\n<li>Aspirateur de solides et de liquides<\/li>\n<li>Tube t\u00e9lescopique<\/li>\n<li>Accessoire pour recoins<\/li>\n<li>Accessoire pour meubles<\/li>\n<li>Accessoire pour tapisseries<\/li>\n<li>T\u00eate de sol pour les liquides<\/li>\n<li>T\u00eate pour les sols<\/li>\n<li>Manuel d&#8217;instructions<\/li>\n<\/ul>\n<p>&nbsp;<\/p>\n<\/div>\n<\/div>\n<\/div>\n<\/div>\n<\/div>\n<\/div>\n<\/div>\n","protected":false},"excerpt":{"rendered":"<p>Humide &amp; Sec 2000 &#8211; Aspirateur de solides et de liquides avec une batterie et un moteur num\u00e9rique sans balayettes Digital Brushless. 200 W de puissance maximale et jusqu\u2019\u00e0 18 kPa de pouvoir d\u2019aspiration. R\u00e9servoir avec 20 L de capacit\u00e9. Jusqu\u2019\u00e0 45 minutes d\u2019autonomie.<\/p>\n<h3 class=\"western\"><span style=\"color: #008000;\"><span style=\"font-family: Microsoft Sans Serif, sans-serif;\"><span style=\"font-size: large;\">En stock<\/span><\/span><\/span><\/h3>\n<p align=\"left\"><span style=\"color: #000000;\"><span style=\"font-family: Liberation Serif, serif;\"><span style=\"font-size: medium;\">[av_font_icon icon='ue812' font='entypo-fontello' style='' caption='' size='25px' position='left' color='#43ad66' link='' linktarget='' title_attr='' sonar_effect_effect='' sonar_effect_color='' sonar_effect_duration='1' sonar_effect_scale='' sonar_effect_opac='0.5' animation='' id='' custom_class='' template_class='' av_uid='' sc_version='1.0' admin_preview_bg=''][\/av_font_icon]<\/span><\/span><\/span><\/p>\n<p><span style=\"color: #008000;\">Le d\u00e9lai de livraison est de 5 \u00e0 10 jours ouvrables<\/span><\/p>\n<p align=\"left\"><span style=\"color: #000000;\"><span style=\"font-family: Liberation Serif, serif;\"><span style=\"font-size: medium;\">[av_font_icon icon='ue812' font='entypo-fontello' style='' caption='' size='25px' position='left' color='#43ad66' link='' linktarget='' title_attr='' sonar_effect_effect='' sonar_effect_color='' sonar_effect_duration='1' sonar_effect_scale='' sonar_effect_opac='0.5' animation='' id='' custom_class='' template_class='' av_uid='' sc_version='1.0' admin_preview_bg=''][\/av_font_icon]<\/span><\/span><\/span><\/p>\n<p><span style=\"color: #008000;\">Garantie de 2 ans<\/span><\/p>\n<p>&nbsp;<\/p>\n","protected":false},"featured_media":62224,"comment_status":"open","ping_status":"closed","template":"","meta":{"_acf_changed":false},"product_brand":[],"product_cat":[26],"product_tag":[],"class_list":{"0":"post-62297","1":"product","2":"type-product","3":"status-publish","4":"has-post-thumbnail","6":"product_cat-overige-producten","8":"first","9":"instock","10":"sale","11":"taxable","12":"shipping-taxable","13":"purchasable","14":"product-type-simple"},"acf":[],"yoast_head":"<!-- This site is optimized with the Yoast SEO Premium plugin v27.1 (Yoast SEO v27.4) - https:\/\/yoast.com\/product\/yoast-seo-premium-wordpress\/ -->\n<title>Humide &amp; Sec 2000 - Veltec Kirby specialist<\/title>\n<meta name=\"description\" content=\"Humide &amp; Sec 2000 - Veltec est un fournisseur d&#039;aspirateurs Kirby depuis plus de 25 ans. Et est votre sp\u00e9cialiste de confiance en mati\u00e8re de service Kirby.\" \/>\n<meta name=\"robots\" content=\"index, follow, max-snippet:-1, max-image-preview:large, max-video-preview:-1\" \/>\n<link rel=\"canonical\" href=\"https:\/\/www.veltec.eu\/fr\/product\/humide-sec-2000\/\" \/>\n<meta property=\"og:locale\" content=\"fr_FR\" \/>\n<meta property=\"og:type\" content=\"article\" \/>\n<meta property=\"og:title\" content=\"Humide &amp; Sec 2000\" \/>\n<meta property=\"og:description\" content=\"Humide &amp; Sec 2000 - Aspirateur de solides et de liquides avec une batterie et un moteur num\u00e9rique sans balayettes Digital Brushless. 200 W de puissance maximale et jusqu\u2019\u00e0 18 kPa de pouvoir d\u2019aspiration. R\u00e9servoir avec 20 L de capacit\u00e9. Jusqu\u2019\u00e0 45 minutes d\u2019autonomie. En stock  Le d\u00e9lai de livraison est de 5 \u00e0 10 jours ouvrables  Garantie de 2 ans  &nbsp;\" \/>\n<meta property=\"og:url\" content=\"https:\/\/www.veltec.eu\/fr\/product\/humide-sec-2000\/\" \/>\n<meta property=\"og:site_name\" content=\"Veltec Kirby specialist\" \/>\n<meta property=\"article:publisher\" content=\"https:\/\/www.facebook.com\/Veltec-Kirby-Specialist-236746293374877\/\" \/>\n<meta property=\"article:modified_time\" content=\"2025-06-12T09:44:03+00:00\" \/>\n<meta property=\"og:image\" content=\"https:\/\/www.veltec.eu\/wp-content\/uploads\/2024\/07\/conga-rockstar-2000-wetdry-liberty_1.png\" \/>\n\t<meta property=\"og:image:width\" content=\"640\" \/>\n\t<meta property=\"og:image:height\" content=\"640\" \/>\n\t<meta property=\"og:image:type\" content=\"image\/png\" \/>\n<meta name=\"twitter:card\" content=\"summary_large_image\" \/>\n<meta name=\"twitter:label1\" content=\"Dur\u00e9e de lecture estim\u00e9e\" \/>\n\t<meta name=\"twitter:data1\" content=\"2 minutes\" \/>\n<script type=\"application\/ld+json\" class=\"yoast-schema-graph\">{\"@context\":\"https:\\\/\\\/schema.org\",\"@graph\":[{\"@type\":\"WebPage\",\"@id\":\"https:\\\/\\\/www.veltec.eu\\\/fr\\\/product\\\/humide-sec-2000\\\/\",\"url\":\"https:\\\/\\\/www.veltec.eu\\\/fr\\\/product\\\/humide-sec-2000\\\/\",\"name\":\"Humide & Sec 2000 - Veltec Kirby specialist\",\"isPartOf\":{\"@id\":\"https:\\\/\\\/www.veltec.eu\\\/en\\\/#website\"},\"primaryImageOfPage\":{\"@id\":\"https:\\\/\\\/www.veltec.eu\\\/fr\\\/product\\\/humide-sec-2000\\\/#primaryimage\"},\"image\":{\"@id\":\"https:\\\/\\\/www.veltec.eu\\\/fr\\\/product\\\/humide-sec-2000\\\/#primaryimage\"},\"thumbnailUrl\":\"https:\\\/\\\/www.veltec.eu\\\/wp-content\\\/uploads\\\/2024\\\/07\\\/conga-rockstar-2000-wetdry-liberty_1.png\",\"datePublished\":\"2024-07-23T12:36:56+00:00\",\"dateModified\":\"2025-06-12T09:44:03+00:00\",\"description\":\"Humide & Sec 2000 - Veltec est un fournisseur d'aspirateurs Kirby depuis plus de 25 ans. Et est votre sp\u00e9cialiste de confiance en mati\u00e8re de service Kirby.\",\"breadcrumb\":{\"@id\":\"https:\\\/\\\/www.veltec.eu\\\/fr\\\/product\\\/humide-sec-2000\\\/#breadcrumb\"},\"inLanguage\":\"fr-FR\",\"potentialAction\":[{\"@type\":\"ReadAction\",\"target\":[\"https:\\\/\\\/www.veltec.eu\\\/fr\\\/product\\\/humide-sec-2000\\\/\"]}]},{\"@type\":\"ImageObject\",\"inLanguage\":\"fr-FR\",\"@id\":\"https:\\\/\\\/www.veltec.eu\\\/fr\\\/product\\\/humide-sec-2000\\\/#primaryimage\",\"url\":\"https:\\\/\\\/www.veltec.eu\\\/wp-content\\\/uploads\\\/2024\\\/07\\\/conga-rockstar-2000-wetdry-liberty_1.png\",\"contentUrl\":\"https:\\\/\\\/www.veltec.eu\\\/wp-content\\\/uploads\\\/2024\\\/07\\\/conga-rockstar-2000-wetdry-liberty_1.png\",\"width\":640,\"height\":640},{\"@type\":\"BreadcrumbList\",\"@id\":\"https:\\\/\\\/www.veltec.eu\\\/fr\\\/product\\\/humide-sec-2000\\\/#breadcrumb\",\"itemListElement\":[{\"@type\":\"ListItem\",\"position\":1,\"name\":\"Home\",\"item\":\"https:\\\/\\\/www.veltec.eu\\\/fr\\\/accueil\\\/\"},{\"@type\":\"ListItem\",\"position\":2,\"name\":\"Boutique Kirby\",\"item\":\"https:\\\/\\\/www.veltec.eu\\\/fr\\\/boutique-kirby\\\/\"},{\"@type\":\"ListItem\",\"position\":3,\"name\":\"Humide &#038; Sec 2000\"}]},{\"@type\":\"WebSite\",\"@id\":\"https:\\\/\\\/www.veltec.eu\\\/en\\\/#website\",\"url\":\"https:\\\/\\\/www.veltec.eu\\\/en\\\/\",\"name\":\"Veltec Kirby specialist\",\"description\":\"Kirby stofzuiger producten\",\"publisher\":{\"@id\":\"https:\\\/\\\/www.veltec.eu\\\/en\\\/#organization\"},\"potentialAction\":[{\"@type\":\"SearchAction\",\"target\":{\"@type\":\"EntryPoint\",\"urlTemplate\":\"https:\\\/\\\/www.veltec.eu\\\/en\\\/?s={search_term_string}\"},\"query-input\":{\"@type\":\"PropertyValueSpecification\",\"valueRequired\":true,\"valueName\":\"search_term_string\"}}],\"inLanguage\":\"fr-FR\"},{\"@type\":\"Organization\",\"@id\":\"https:\\\/\\\/www.veltec.eu\\\/en\\\/#organization\",\"name\":\"Veltec Kirby Specialist\",\"url\":\"https:\\\/\\\/www.veltec.eu\\\/en\\\/\",\"logo\":{\"@type\":\"ImageObject\",\"inLanguage\":\"fr-FR\",\"@id\":\"https:\\\/\\\/www.veltec.eu\\\/en\\\/#\\\/schema\\\/logo\\\/image\\\/\",\"url\":\"https:\\\/\\\/www.veltec.eu\\\/wp-content\\\/uploads\\\/2021\\\/12\\\/Veltec-log-groot-e1537260889125.png\",\"contentUrl\":\"https:\\\/\\\/www.veltec.eu\\\/wp-content\\\/uploads\\\/2021\\\/12\\\/Veltec-log-groot-e1537260889125.png\",\"width\":200,\"height\":60,\"caption\":\"Veltec Kirby Specialist\"},\"image\":{\"@id\":\"https:\\\/\\\/www.veltec.eu\\\/en\\\/#\\\/schema\\\/logo\\\/image\\\/\"},\"sameAs\":[\"https:\\\/\\\/www.facebook.com\\\/Veltec-Kirby-Specialist-236746293374877\\\/\",\"https:\\\/\\\/www.youtube.com\\\/user\\\/VeltecService\"]}]}<\/script>\n<!-- \/ Yoast SEO Premium plugin. -->","yoast_head_json":{"title":"Humide & Sec 2000 - Veltec Kirby specialist","description":"Humide & Sec 2000 - Veltec est un fournisseur d'aspirateurs Kirby depuis plus de 25 ans. Et est votre sp\u00e9cialiste de confiance en mati\u00e8re de service Kirby.","robots":{"index":"index","follow":"follow","max-snippet":"max-snippet:-1","max-image-preview":"max-image-preview:large","max-video-preview":"max-video-preview:-1"},"canonical":"https:\/\/www.veltec.eu\/fr\/product\/humide-sec-2000\/","og_locale":"fr_FR","og_type":"article","og_title":"Humide & Sec 2000","og_description":"Humide &amp; Sec 2000 - Aspirateur de solides et de liquides avec une batterie et un moteur num\u00e9rique sans balayettes Digital Brushless. 200 W de puissance maximale et jusqu\u2019\u00e0 18 kPa de pouvoir d\u2019aspiration. R\u00e9servoir avec 20 L de capacit\u00e9. Jusqu\u2019\u00e0 45 minutes d\u2019autonomie. En stock  Le d\u00e9lai de livraison est de 5 \u00e0 10 jours ouvrables  Garantie de 2 ans  &nbsp;","og_url":"https:\/\/www.veltec.eu\/fr\/product\/humide-sec-2000\/","og_site_name":"Veltec Kirby specialist","article_publisher":"https:\/\/www.facebook.com\/Veltec-Kirby-Specialist-236746293374877\/","article_modified_time":"2025-06-12T09:44:03+00:00","og_image":[{"width":640,"height":640,"url":"https:\/\/www.veltec.eu\/wp-content\/uploads\/2024\/07\/conga-rockstar-2000-wetdry-liberty_1.png","type":"image\/png"}],"twitter_card":"summary_large_image","twitter_misc":{"Dur\u00e9e de lecture estim\u00e9e":"2 minutes"},"schema":{"@context":"https:\/\/schema.org","@graph":[{"@type":"WebPage","@id":"https:\/\/www.veltec.eu\/fr\/product\/humide-sec-2000\/","url":"https:\/\/www.veltec.eu\/fr\/product\/humide-sec-2000\/","name":"Humide & Sec 2000 - Veltec Kirby specialist","isPartOf":{"@id":"https:\/\/www.veltec.eu\/en\/#website"},"primaryImageOfPage":{"@id":"https:\/\/www.veltec.eu\/fr\/product\/humide-sec-2000\/#primaryimage"},"image":{"@id":"https:\/\/www.veltec.eu\/fr\/product\/humide-sec-2000\/#primaryimage"},"thumbnailUrl":"https:\/\/www.veltec.eu\/wp-content\/uploads\/2024\/07\/conga-rockstar-2000-wetdry-liberty_1.png","datePublished":"2024-07-23T12:36:56+00:00","dateModified":"2025-06-12T09:44:03+00:00","description":"Humide & Sec 2000 - Veltec est un fournisseur d'aspirateurs Kirby depuis plus de 25 ans. Et est votre sp\u00e9cialiste de confiance en mati\u00e8re de service Kirby.","breadcrumb":{"@id":"https:\/\/www.veltec.eu\/fr\/product\/humide-sec-2000\/#breadcrumb"},"inLanguage":"fr-FR","potentialAction":[{"@type":"ReadAction","target":["https:\/\/www.veltec.eu\/fr\/product\/humide-sec-2000\/"]}]},{"@type":"ImageObject","inLanguage":"fr-FR","@id":"https:\/\/www.veltec.eu\/fr\/product\/humide-sec-2000\/#primaryimage","url":"https:\/\/www.veltec.eu\/wp-content\/uploads\/2024\/07\/conga-rockstar-2000-wetdry-liberty_1.png","contentUrl":"https:\/\/www.veltec.eu\/wp-content\/uploads\/2024\/07\/conga-rockstar-2000-wetdry-liberty_1.png","width":640,"height":640},{"@type":"BreadcrumbList","@id":"https:\/\/www.veltec.eu\/fr\/product\/humide-sec-2000\/#breadcrumb","itemListElement":[{"@type":"ListItem","position":1,"name":"Home","item":"https:\/\/www.veltec.eu\/fr\/accueil\/"},{"@type":"ListItem","position":2,"name":"Boutique Kirby","item":"https:\/\/www.veltec.eu\/fr\/boutique-kirby\/"},{"@type":"ListItem","position":3,"name":"Humide &#038; Sec 2000"}]},{"@type":"WebSite","@id":"https:\/\/www.veltec.eu\/en\/#website","url":"https:\/\/www.veltec.eu\/en\/","name":"Veltec Kirby specialist","description":"Kirby stofzuiger producten","publisher":{"@id":"https:\/\/www.veltec.eu\/en\/#organization"},"potentialAction":[{"@type":"SearchAction","target":{"@type":"EntryPoint","urlTemplate":"https:\/\/www.veltec.eu\/en\/?s={search_term_string}"},"query-input":{"@type":"PropertyValueSpecification","valueRequired":true,"valueName":"search_term_string"}}],"inLanguage":"fr-FR"},{"@type":"Organization","@id":"https:\/\/www.veltec.eu\/en\/#organization","name":"Veltec Kirby Specialist","url":"https:\/\/www.veltec.eu\/en\/","logo":{"@type":"ImageObject","inLanguage":"fr-FR","@id":"https:\/\/www.veltec.eu\/en\/#\/schema\/logo\/image\/","url":"https:\/\/www.veltec.eu\/wp-content\/uploads\/2021\/12\/Veltec-log-groot-e1537260889125.png","contentUrl":"https:\/\/www.veltec.eu\/wp-content\/uploads\/2021\/12\/Veltec-log-groot-e1537260889125.png","width":200,"height":60,"caption":"Veltec Kirby Specialist"},"image":{"@id":"https:\/\/www.veltec.eu\/en\/#\/schema\/logo\/image\/"},"sameAs":["https:\/\/www.facebook.com\/Veltec-Kirby-Specialist-236746293374877\/","https:\/\/www.youtube.com\/user\/VeltecService"]}]}},"_links":{"self":[{"href":"https:\/\/www.veltec.eu\/fr\/wp-json\/wp\/v2\/product\/62297","targetHints":{"allow":["GET"]}}],"collection":[{"href":"https:\/\/www.veltec.eu\/fr\/wp-json\/wp\/v2\/product"}],"about":[{"href":"https:\/\/www.veltec.eu\/fr\/wp-json\/wp\/v2\/types\/product"}],"replies":[{"embeddable":true,"href":"https:\/\/www.veltec.eu\/fr\/wp-json\/wp\/v2\/comments?post=62297"}],"wp:featuredmedia":[{"embeddable":true,"href":"https:\/\/www.veltec.eu\/fr\/wp-json\/wp\/v2\/media\/62224"}],"wp:attachment":[{"href":"https:\/\/www.veltec.eu\/fr\/wp-json\/wp\/v2\/media?parent=62297"}],"wp:term":[{"taxonomy":"product_brand","embeddable":true,"href":"https:\/\/www.veltec.eu\/fr\/wp-json\/wp\/v2\/product_brand?post=62297"},{"taxonomy":"product_cat","embeddable":true,"href":"https:\/\/www.veltec.eu\/fr\/wp-json\/wp\/v2\/product_cat?post=62297"},{"taxonomy":"product_tag","embeddable":true,"href":"https:\/\/www.veltec.eu\/fr\/wp-json\/wp\/v2\/product_tag?post=62297"}],"curies":[{"name":"wp","href":"https:\/\/api.w.org\/{rel}","templated":true}]}}