{"id":61958,"date":"2024-07-17T13:18:23","date_gmt":"2024-07-17T11:18:23","guid":{"rendered":"https:\/\/www.veltec.eu\/product\/conga-2499-advanced\/"},"modified":"2025-03-10T17:19:16","modified_gmt":"2025-03-10T15:19:16","slug":"robot-aspirateur-2499-avance","status":"publish","type":"product","link":"https:\/\/www.veltec.eu\/fr\/product\/robot-aspirateur-2499-avance\/","title":{"rendered":"Robot Aspirateur 2499 Avanc\u00e9"},"content":{"rendered":"<div class=\"css-1vrowg6\">\n<div id=\"description\" class=\"e1pizqy33 css-1gvl2s3\">\n<h1>Robot Aspirateur 2499 Avanc\u00e9 &#8211; Un nettoyage innovant pour une maison impeccable<\/h1>\n<p>Voici le Robot Aspirateur 2499 Avanc\u00e9, le choix intelligent pour un nettoyage sans effort. Ce robot aspirateur innovant avec base autodrainante offre un nettoyage 4 en 1 efficace : il balaie, aspire, passe la serpilli\u00e8re et frotte en m\u00eame temps. Gr\u00e2ce \u00e0 la technologie iTech SmartGyro, il nettoie m\u00e9thodiquement et efficacement toutes les surfaces. Avec une puissance d&#8217;aspiration de 2100 Pa, une autonomie de 160 minutes et une commande vocale et applicative pratique, cet aspirateur assure une propret\u00e9 impeccable de la maison, sans tracas.<\/p>\n<p><a href=\"\/nl?product_cat=aspirateurs-robotises\">Retrouvez tous les aspirateurs Robot ici<\/a><\/p>\n<h2>Robot aspirateur 2499 Avanc\u00e9 &#8211; Technologie intelligente pour un nettoyage efficace<\/h2>\n<h3>Navigation gyroscopique avanc\u00e9e<\/h3>\n<p>La technologie iTech SmartGyro permet \u00e0 l&#8217;aspirateur robot de naviguer efficacement et de ne pas sauter d&#8217;endroits. Il planifie l&#8217;itin\u00e9raire optimal et nettoie minutieusement chaque pi\u00e8ce sans se d\u00e9placer au hasard. Ainsi, aucun coin ou bord n&#8217;est oubli\u00e9.<\/p>\n<h3>Base autovidante automatique<\/h3>\n<p>Le syst\u00e8me Smart Clean contr\u00f4le automatiquement la vidange du bac \u00e0 poussi\u00e8re. Le sac \u00e0 poussi\u00e8re de 3 litres capture toutes les salet\u00e9s et emp\u00eache tout contact direct avec la poussi\u00e8re et les allerg\u00e8nes. Gr\u00e2ce \u00e0 la fonction BagDetect, l&#8217;aspirateur sait exactement si un sac a \u00e9t\u00e9 plac\u00e9 correctement et vous alerte si ce n&#8217;est pas le cas.<\/p>\n<h2>Nettoyage puissant et approfondi<\/h2>\n<h3>Aspiration de 2100 Pa pour un nettoyage en profondeur<\/h3>\n<p>Avec une puissance d&#8217;aspiration de 2100 Pa, cet aspirateur robotis\u00e9 \u00e9limine sans effort la poussi\u00e8re, les cheveux et autres salet\u00e9s, m\u00eame sur les tapis. La fonction Turbo Clean Carpet permet de passer automatiquement en mode turbo pour un nettoyage en profondeur des tapis.<\/p>\n<h3>Syst\u00e8me de nettoyage multifonctionnel 4 en 1<\/h3>\n<p>Gr\u00e2ce \u00e0 la brosse multifonctionnelle combinant des poils et du caoutchouc de silicone, toutes les salet\u00e9s sont \u00e9limin\u00e9es efficacement. Deux brosses lat\u00e9rales \u00e9tendent la port\u00e9e de l&#8217;aspirateur, tandis que la brosse \u00e0 r\u00e9curer nettoie les sols durs sans effort.<\/p>\n<h2>Robot aspirateur 2499 Advanced avec commande intelligente et connectivit\u00e9<\/h2>\n<h3>Contr\u00f4le via l&#8217;application et les assistants vocaux<\/h3>\n<p>L&#8217;aspirateur robot est facile \u00e0 contr\u00f4ler via une application mobile ou des commandes vocales avec des assistants virtuels tels que Google Assistant et Alexa. Lancez ou planifiez des nettoyages, ajustez les param\u00e8tres et surveillez l&#8217;\u00e9tat du nettoyage.<\/p>\n<h3>Connectivit\u00e9 WiFi et Bluetooth pour le robot aspirateur 2499 Advanced<\/h3>\n<p>Avec le WiFi 2,4 GHz et le Bluetooth, cet aspirateur robot offre une connexion stable pour une utilisation facile, m\u00eame \u00e0 distance. Via l&#8217;application, vous pouvez facilement s\u00e9lectionner l&#8217;un des six modes de nettoyage : automatique, al\u00e9atoire, r\u00e9curage, spirale, bord et manuel.<\/p>\n<h2>Fonctionnement de longue dur\u00e9e et fonction de chargement automatique<\/h2>\n<h3>Jusqu&#8217;\u00e0 160 minutes de nettoyage avec l&#8217;aspirateur robot 2499 Advanced<\/h3>\n<p>L&#8217;aspirateur robot fonctionne jusqu&#8217;\u00e0 160 minutes avec une batterie pleine. Lorsque la batterie est faible, il retourne automatiquement \u00e0 la station de charge. Une fois charg\u00e9, il reprend le nettoyage l\u00e0 o\u00f9 il s&#8217;est arr\u00eat\u00e9.<\/p>\n<h3>Technologie de surface intelligente<\/h3>\n<p>La technologie de surface permet \u00e0 l&#8217;aspirateur de retourner sans effort \u00e0 la station de charge sans se bloquer. Cela garantit la continuit\u00e9 du nettoyage et une maison toujours propre.<\/p>\n<h2>Conclusion : le meilleur choix pour une maison propre et intelligente<\/h2>\n<p>Le robot aspirateur 2499 Advanced associe des performances puissantes \u00e0 une technologie intelligente pour un nettoyage efficace et complet. Gr\u00e2ce \u00e0 sa base autodrainante, sa navigation gyroscopique et sa connectivit\u00e9 intelligente, vous gagnerez du temps et profiterez d&#8217;une maison d\u00e9poussi\u00e9r\u00e9e sans aucun effort. Simplifiez-vous la vie et commandez d\u00e8s aujourd&#8217;hui cet aspirateur robotis\u00e9 innovant !<\/p>\n<h4>Composition<\/h4>\n<ul>\n<li>2 brosses lat\u00e9rales<\/li>\n<li>Base autovidante<\/li>\n<li>Sac hygi\u00e9nique de 3 litres<\/li>\n<li>Brosse autonettoyante<\/li>\n<li>R\u00e9servoir mixte<\/li>\n<li>Filtre \u00e0 haute efficacit\u00e9<\/li>\n<li>Manuel d&#8217;utilisation<\/li>\n<li>Serpilli\u00e8re<\/li>\n<li>Robot aspirateur<\/li>\n<\/ul>\n<\/div>\n<\/div>\n","protected":false},"excerpt":{"rendered":"<p>Robot aspirateur avanc\u00e9 avec base autodrainante. Dot\u00e9 de la technologie gyroscopique, il nettoie proprement toute la surface. Il frotte, aspire et balaie en m\u00eame temps. Puissance d&#8217;aspiration de 2100 Pa. APP. Brosse multifonctionnelle. 2 brosses lat\u00e9rales. Balai \u00e0 franges. D\u00e9tection automatique du sac. Capacit\u00e9 de 3 litres. 6 modes de nettoyage. Connectivit\u00e9 WiFi, 2.4 GhZ et Bluetooth. Compatible avec les assistants virtuels<\/p>\n<h3 class=\"western\"><span style=\"color: #008000;\"><span style=\"font-family: Microsoft Sans Serif, sans-serif;\"><span style=\"font-size: large;\">En stock<\/span><\/span><\/span><\/h3>\n<p align=\"left\"><span style=\"color: #000000;\"><span style=\"font-family: Liberation Serif, serif;\"><span style=\"font-size: medium;\">[av_font_icon icon='ue812' font='entypo-fontello' style='' caption='' size='25px' position='left' color='#43ad66' link='' linktarget='' title_attr='' sonar_effect_effect='' sonar_effect_color='' sonar_effect_duration='1' sonar_effect_scale='' sonar_effect_opac='0.5' animation='' id='' custom_class='' template_class='' av_uid='' sc_version='1.0' admin_preview_bg=''][\/av_font_icon]<\/span><\/span><\/span><\/p>\n<p><span style=\"color: #008000;\">Le d\u00e9lai de livraison est de 5 \u00e0 10 jours ouvrables<\/span><\/p>\n<p align=\"left\"><span style=\"color: #000000;\"><span style=\"font-family: Liberation Serif, serif;\"><span style=\"font-size: medium;\">[av_font_icon icon='ue812' font='entypo-fontello' style='' caption='' size='25px' position='left' color='#43ad66' link='' linktarget='' title_attr='' sonar_effect_effect='' sonar_effect_color='' sonar_effect_duration='1' sonar_effect_scale='' sonar_effect_opac='0.5' animation='' id='' custom_class='' template_class='' av_uid='' sc_version='1.0' admin_preview_bg=''][\/av_font_icon]<\/span><\/span><\/span><\/p>\n<p><span style=\"color: #008000;\">Garantie de 2 ans<\/span><\/p>\n<p>&nbsp;<\/p>\n","protected":false},"featured_media":61909,"comment_status":"open","ping_status":"closed","template":"","meta":{"_acf_changed":false},"product_brand":[],"product_cat":[26],"product_tag":[],"class_list":{"0":"post-61958","1":"product","2":"type-product","3":"status-publish","4":"has-post-thumbnail","6":"product_cat-overige-producten","8":"first","9":"outofstock","10":"taxable","11":"shipping-taxable","12":"purchasable","13":"product-type-simple"},"acf":[],"yoast_head":"<!-- This site is optimized with the Yoast SEO Premium plugin v27.1 (Yoast SEO v27.4) - https:\/\/yoast.com\/product\/yoast-seo-premium-wordpress\/ -->\n<title>Robot Aspirateur 2499 Avanc\u00e9 - Veltec Kirby specialist<\/title>\n<meta name=\"description\" content=\"Robot Aspirateur 2499 Avanc\u00e9 - Aspirateur robot laser avec fond auto-videur et nettoyage des sols. Veltec est le sp\u00e9cialiste des robots aspirateurs.\" \/>\n<meta name=\"robots\" content=\"index, follow, max-snippet:-1, max-image-preview:large, max-video-preview:-1\" \/>\n<link rel=\"canonical\" href=\"https:\/\/www.veltec.eu\/fr\/product\/robot-aspirateur-2499-avance\/\" \/>\n<meta property=\"og:locale\" content=\"fr_FR\" \/>\n<meta property=\"og:type\" content=\"article\" \/>\n<meta property=\"og:title\" content=\"Robot Aspirateur 2499 Avanc\u00e9\" \/>\n<meta property=\"og:description\" content=\"Robot aspirateur avanc\u00e9 avec base autodrainante. Dot\u00e9 de la technologie gyroscopique, il nettoie proprement toute la surface. Il frotte, aspire et balaie en m\u00eame temps. Puissance d&#039;aspiration de 2100 Pa. APP. Brosse multifonctionnelle. 2 brosses lat\u00e9rales. Balai \u00e0 franges. D\u00e9tection automatique du sac. Capacit\u00e9 de 3 litres. 6 modes de nettoyage. Connectivit\u00e9 WiFi, 2.4 GhZ et Bluetooth. Compatible avec les assistants virtuels En stock  Le d\u00e9lai de livraison est de 5 \u00e0 10 jours ouvrables  Garantie de 2 ans  &nbsp;\" \/>\n<meta property=\"og:url\" content=\"https:\/\/www.veltec.eu\/fr\/product\/robot-aspirateur-2499-avance\/\" \/>\n<meta property=\"og:site_name\" content=\"Veltec Kirby specialist\" \/>\n<meta property=\"article:publisher\" content=\"https:\/\/www.facebook.com\/Veltec-Kirby-Specialist-236746293374877\/\" \/>\n<meta property=\"article:modified_time\" content=\"2025-03-10T15:19:16+00:00\" \/>\n<meta property=\"og:image\" content=\"https:\/\/www.veltec.eu\/wp-content\/uploads\/2024\/07\/conga-2499-ultra-home-advanced_e6ymo9_1.png\" \/>\n\t<meta property=\"og:image:width\" content=\"640\" \/>\n\t<meta property=\"og:image:height\" content=\"640\" \/>\n\t<meta property=\"og:image:type\" content=\"image\/png\" \/>\n<meta name=\"twitter:card\" content=\"summary_large_image\" \/>\n<meta name=\"twitter:label1\" content=\"Dur\u00e9e de lecture estim\u00e9e\" \/>\n\t<meta name=\"twitter:data1\" content=\"3 minutes\" \/>\n<script type=\"application\/ld+json\" class=\"yoast-schema-graph\">{\"@context\":\"https:\\\/\\\/schema.org\",\"@graph\":[{\"@type\":\"WebPage\",\"@id\":\"https:\\\/\\\/www.veltec.eu\\\/fr\\\/product\\\/robot-aspirateur-2499-avance\\\/\",\"url\":\"https:\\\/\\\/www.veltec.eu\\\/fr\\\/product\\\/robot-aspirateur-2499-avance\\\/\",\"name\":\"Robot Aspirateur 2499 Avanc\u00e9 - Veltec Kirby specialist\",\"isPartOf\":{\"@id\":\"https:\\\/\\\/www.veltec.eu\\\/en\\\/#website\"},\"primaryImageOfPage\":{\"@id\":\"https:\\\/\\\/www.veltec.eu\\\/fr\\\/product\\\/robot-aspirateur-2499-avance\\\/#primaryimage\"},\"image\":{\"@id\":\"https:\\\/\\\/www.veltec.eu\\\/fr\\\/product\\\/robot-aspirateur-2499-avance\\\/#primaryimage\"},\"thumbnailUrl\":\"https:\\\/\\\/www.veltec.eu\\\/wp-content\\\/uploads\\\/2024\\\/07\\\/conga-2499-ultra-home-advanced_e6ymo9_1.png\",\"datePublished\":\"2024-07-17T11:18:23+00:00\",\"dateModified\":\"2025-03-10T15:19:16+00:00\",\"description\":\"Robot Aspirateur 2499 Avanc\u00e9 - Aspirateur robot laser avec fond auto-videur et nettoyage des sols. Veltec est le sp\u00e9cialiste des robots aspirateurs.\",\"breadcrumb\":{\"@id\":\"https:\\\/\\\/www.veltec.eu\\\/fr\\\/product\\\/robot-aspirateur-2499-avance\\\/#breadcrumb\"},\"inLanguage\":\"fr-FR\",\"potentialAction\":[{\"@type\":\"ReadAction\",\"target\":[\"https:\\\/\\\/www.veltec.eu\\\/fr\\\/product\\\/robot-aspirateur-2499-avance\\\/\"]}]},{\"@type\":\"ImageObject\",\"inLanguage\":\"fr-FR\",\"@id\":\"https:\\\/\\\/www.veltec.eu\\\/fr\\\/product\\\/robot-aspirateur-2499-avance\\\/#primaryimage\",\"url\":\"https:\\\/\\\/www.veltec.eu\\\/wp-content\\\/uploads\\\/2024\\\/07\\\/conga-2499-ultra-home-advanced_e6ymo9_1.png\",\"contentUrl\":\"https:\\\/\\\/www.veltec.eu\\\/wp-content\\\/uploads\\\/2024\\\/07\\\/conga-2499-ultra-home-advanced_e6ymo9_1.png\",\"width\":640,\"height\":640},{\"@type\":\"BreadcrumbList\",\"@id\":\"https:\\\/\\\/www.veltec.eu\\\/fr\\\/product\\\/robot-aspirateur-2499-avance\\\/#breadcrumb\",\"itemListElement\":[{\"@type\":\"ListItem\",\"position\":1,\"name\":\"Home\",\"item\":\"https:\\\/\\\/www.veltec.eu\\\/fr\\\/accueil\\\/\"},{\"@type\":\"ListItem\",\"position\":2,\"name\":\"Boutique Kirby\",\"item\":\"https:\\\/\\\/www.veltec.eu\\\/fr\\\/boutique-kirby\\\/\"},{\"@type\":\"ListItem\",\"position\":3,\"name\":\"Robot Aspirateur 2499 Avanc\u00e9\"}]},{\"@type\":\"WebSite\",\"@id\":\"https:\\\/\\\/www.veltec.eu\\\/en\\\/#website\",\"url\":\"https:\\\/\\\/www.veltec.eu\\\/en\\\/\",\"name\":\"Veltec Kirby specialist\",\"description\":\"Kirby stofzuiger producten\",\"publisher\":{\"@id\":\"https:\\\/\\\/www.veltec.eu\\\/en\\\/#organization\"},\"potentialAction\":[{\"@type\":\"SearchAction\",\"target\":{\"@type\":\"EntryPoint\",\"urlTemplate\":\"https:\\\/\\\/www.veltec.eu\\\/en\\\/?s={search_term_string}\"},\"query-input\":{\"@type\":\"PropertyValueSpecification\",\"valueRequired\":true,\"valueName\":\"search_term_string\"}}],\"inLanguage\":\"fr-FR\"},{\"@type\":\"Organization\",\"@id\":\"https:\\\/\\\/www.veltec.eu\\\/en\\\/#organization\",\"name\":\"Veltec Kirby Specialist\",\"url\":\"https:\\\/\\\/www.veltec.eu\\\/en\\\/\",\"logo\":{\"@type\":\"ImageObject\",\"inLanguage\":\"fr-FR\",\"@id\":\"https:\\\/\\\/www.veltec.eu\\\/en\\\/#\\\/schema\\\/logo\\\/image\\\/\",\"url\":\"https:\\\/\\\/www.veltec.eu\\\/wp-content\\\/uploads\\\/2021\\\/12\\\/Veltec-log-groot-e1537260889125.png\",\"contentUrl\":\"https:\\\/\\\/www.veltec.eu\\\/wp-content\\\/uploads\\\/2021\\\/12\\\/Veltec-log-groot-e1537260889125.png\",\"width\":200,\"height\":60,\"caption\":\"Veltec Kirby Specialist\"},\"image\":{\"@id\":\"https:\\\/\\\/www.veltec.eu\\\/en\\\/#\\\/schema\\\/logo\\\/image\\\/\"},\"sameAs\":[\"https:\\\/\\\/www.facebook.com\\\/Veltec-Kirby-Specialist-236746293374877\\\/\",\"https:\\\/\\\/www.youtube.com\\\/user\\\/VeltecService\"]}]}<\/script>\n<!-- \/ Yoast SEO Premium plugin. -->","yoast_head_json":{"title":"Robot Aspirateur 2499 Avanc\u00e9 - Veltec Kirby specialist","description":"Robot Aspirateur 2499 Avanc\u00e9 - Aspirateur robot laser avec fond auto-videur et nettoyage des sols. Veltec est le sp\u00e9cialiste des robots aspirateurs.","robots":{"index":"index","follow":"follow","max-snippet":"max-snippet:-1","max-image-preview":"max-image-preview:large","max-video-preview":"max-video-preview:-1"},"canonical":"https:\/\/www.veltec.eu\/fr\/product\/robot-aspirateur-2499-avance\/","og_locale":"fr_FR","og_type":"article","og_title":"Robot Aspirateur 2499 Avanc\u00e9","og_description":"Robot aspirateur avanc\u00e9 avec base autodrainante. Dot\u00e9 de la technologie gyroscopique, il nettoie proprement toute la surface. Il frotte, aspire et balaie en m\u00eame temps. Puissance d'aspiration de 2100 Pa. APP. Brosse multifonctionnelle. 2 brosses lat\u00e9rales. Balai \u00e0 franges. D\u00e9tection automatique du sac. Capacit\u00e9 de 3 litres. 6 modes de nettoyage. Connectivit\u00e9 WiFi, 2.4 GhZ et Bluetooth. Compatible avec les assistants virtuels En stock  Le d\u00e9lai de livraison est de 5 \u00e0 10 jours ouvrables  Garantie de 2 ans  &nbsp;","og_url":"https:\/\/www.veltec.eu\/fr\/product\/robot-aspirateur-2499-avance\/","og_site_name":"Veltec Kirby specialist","article_publisher":"https:\/\/www.facebook.com\/Veltec-Kirby-Specialist-236746293374877\/","article_modified_time":"2025-03-10T15:19:16+00:00","og_image":[{"width":640,"height":640,"url":"https:\/\/www.veltec.eu\/wp-content\/uploads\/2024\/07\/conga-2499-ultra-home-advanced_e6ymo9_1.png","type":"image\/png"}],"twitter_card":"summary_large_image","twitter_misc":{"Dur\u00e9e de lecture estim\u00e9e":"3 minutes"},"schema":{"@context":"https:\/\/schema.org","@graph":[{"@type":"WebPage","@id":"https:\/\/www.veltec.eu\/fr\/product\/robot-aspirateur-2499-avance\/","url":"https:\/\/www.veltec.eu\/fr\/product\/robot-aspirateur-2499-avance\/","name":"Robot Aspirateur 2499 Avanc\u00e9 - Veltec Kirby specialist","isPartOf":{"@id":"https:\/\/www.veltec.eu\/en\/#website"},"primaryImageOfPage":{"@id":"https:\/\/www.veltec.eu\/fr\/product\/robot-aspirateur-2499-avance\/#primaryimage"},"image":{"@id":"https:\/\/www.veltec.eu\/fr\/product\/robot-aspirateur-2499-avance\/#primaryimage"},"thumbnailUrl":"https:\/\/www.veltec.eu\/wp-content\/uploads\/2024\/07\/conga-2499-ultra-home-advanced_e6ymo9_1.png","datePublished":"2024-07-17T11:18:23+00:00","dateModified":"2025-03-10T15:19:16+00:00","description":"Robot Aspirateur 2499 Avanc\u00e9 - Aspirateur robot laser avec fond auto-videur et nettoyage des sols. Veltec est le sp\u00e9cialiste des robots aspirateurs.","breadcrumb":{"@id":"https:\/\/www.veltec.eu\/fr\/product\/robot-aspirateur-2499-avance\/#breadcrumb"},"inLanguage":"fr-FR","potentialAction":[{"@type":"ReadAction","target":["https:\/\/www.veltec.eu\/fr\/product\/robot-aspirateur-2499-avance\/"]}]},{"@type":"ImageObject","inLanguage":"fr-FR","@id":"https:\/\/www.veltec.eu\/fr\/product\/robot-aspirateur-2499-avance\/#primaryimage","url":"https:\/\/www.veltec.eu\/wp-content\/uploads\/2024\/07\/conga-2499-ultra-home-advanced_e6ymo9_1.png","contentUrl":"https:\/\/www.veltec.eu\/wp-content\/uploads\/2024\/07\/conga-2499-ultra-home-advanced_e6ymo9_1.png","width":640,"height":640},{"@type":"BreadcrumbList","@id":"https:\/\/www.veltec.eu\/fr\/product\/robot-aspirateur-2499-avance\/#breadcrumb","itemListElement":[{"@type":"ListItem","position":1,"name":"Home","item":"https:\/\/www.veltec.eu\/fr\/accueil\/"},{"@type":"ListItem","position":2,"name":"Boutique Kirby","item":"https:\/\/www.veltec.eu\/fr\/boutique-kirby\/"},{"@type":"ListItem","position":3,"name":"Robot Aspirateur 2499 Avanc\u00e9"}]},{"@type":"WebSite","@id":"https:\/\/www.veltec.eu\/en\/#website","url":"https:\/\/www.veltec.eu\/en\/","name":"Veltec Kirby specialist","description":"Kirby stofzuiger producten","publisher":{"@id":"https:\/\/www.veltec.eu\/en\/#organization"},"potentialAction":[{"@type":"SearchAction","target":{"@type":"EntryPoint","urlTemplate":"https:\/\/www.veltec.eu\/en\/?s={search_term_string}"},"query-input":{"@type":"PropertyValueSpecification","valueRequired":true,"valueName":"search_term_string"}}],"inLanguage":"fr-FR"},{"@type":"Organization","@id":"https:\/\/www.veltec.eu\/en\/#organization","name":"Veltec Kirby Specialist","url":"https:\/\/www.veltec.eu\/en\/","logo":{"@type":"ImageObject","inLanguage":"fr-FR","@id":"https:\/\/www.veltec.eu\/en\/#\/schema\/logo\/image\/","url":"https:\/\/www.veltec.eu\/wp-content\/uploads\/2021\/12\/Veltec-log-groot-e1537260889125.png","contentUrl":"https:\/\/www.veltec.eu\/wp-content\/uploads\/2021\/12\/Veltec-log-groot-e1537260889125.png","width":200,"height":60,"caption":"Veltec Kirby Specialist"},"image":{"@id":"https:\/\/www.veltec.eu\/en\/#\/schema\/logo\/image\/"},"sameAs":["https:\/\/www.facebook.com\/Veltec-Kirby-Specialist-236746293374877\/","https:\/\/www.youtube.com\/user\/VeltecService"]}]}},"_links":{"self":[{"href":"https:\/\/www.veltec.eu\/fr\/wp-json\/wp\/v2\/product\/61958","targetHints":{"allow":["GET"]}}],"collection":[{"href":"https:\/\/www.veltec.eu\/fr\/wp-json\/wp\/v2\/product"}],"about":[{"href":"https:\/\/www.veltec.eu\/fr\/wp-json\/wp\/v2\/types\/product"}],"replies":[{"embeddable":true,"href":"https:\/\/www.veltec.eu\/fr\/wp-json\/wp\/v2\/comments?post=61958"}],"wp:featuredmedia":[{"embeddable":true,"href":"https:\/\/www.veltec.eu\/fr\/wp-json\/wp\/v2\/media\/61909"}],"wp:attachment":[{"href":"https:\/\/www.veltec.eu\/fr\/wp-json\/wp\/v2\/media?parent=61958"}],"wp:term":[{"taxonomy":"product_brand","embeddable":true,"href":"https:\/\/www.veltec.eu\/fr\/wp-json\/wp\/v2\/product_brand?post=61958"},{"taxonomy":"product_cat","embeddable":true,"href":"https:\/\/www.veltec.eu\/fr\/wp-json\/wp\/v2\/product_cat?post=61958"},{"taxonomy":"product_tag","embeddable":true,"href":"https:\/\/www.veltec.eu\/fr\/wp-json\/wp\/v2\/product_tag?post=61958"}],"curies":[{"name":"wp","href":"https:\/\/api.w.org\/{rel}","templated":true}]}}