{"id":61873,"date":"2024-07-17T11:33:52","date_gmt":"2024-07-17T09:33:52","guid":{"rendered":"https:\/\/www.veltec.eu\/product\/conga-7490-x-treme\/"},"modified":"2025-01-23T16:43:17","modified_gmt":"2025-01-23T14:43:17","slug":"conga-7490-x-treme","status":"publish","type":"product","link":"https:\/\/www.veltec.eu\/fr\/product\/conga-7490-x-treme\/","title":{"rendered":"Conga 7490 X-Treme"},"content":{"rendered":"<div id=\"technical-details\" class=\"css-0 egxb0x40\">\n<div class=\"css-1vrowg6\">\n<div id=\"description\" class=\"e1pizqy33 css-1gvl2s3\">\u00a0<strong><span class=\"e1pizqy31 css-hga4sk\">Description<\/span><\/strong><\/div>\n<\/div>\n<div class=\"css-1vrowg6\">\n<div id=\"composition\" class=\"e1hv9n5v2 css-ldw7pi\">\n<div class=\"css-1azcdyx e1hv9n5v1\">\n<div id=\"technical-details\" class=\"css-0 egxb0x40\">\n<div class=\"css-1vrowg6\">\n<div id=\"description\" class=\"e1pizqy33 css-1gvl2s3\">\n<div class=\"css-k1moeq e1pizqy32\">\n<ul>\n<li>Navigation laser : navigation pr\u00e9cise pour un nettoyage imbattable en un minimum de temps.<\/li>\n<li>Grande puissance d&#8217;aspiration : 2600 Pa qui aspirera m\u00eame les salet\u00e9s les plus tenaces.<\/li>\n<li>4 en 1 : aspirer, balayer, r\u00e9curer et vadrouiller (comprend 2 vadrouilles).<\/li>\n<li>Gommage alternatif : \u00e9limine sans effort les salet\u00e9s les plus tenaces.<\/li>\n<li>Grande capacit\u00e9 : profitez de l&#8217;espace jusqu&#8217;\u00e0 3 L de capacit\u00e9 de ses sacs hygi\u00e9niques situ\u00e9s sur la base auto-videuse et oubliez la poussi\u00e8re pendant des semaines.<\/li>\n<li>BagDetect : le syst\u00e8me d\u00e9tecte s&#8217;il dispose d&#8217;un sac hygi\u00e9nique afin que vous n&#8217;entriez pas en contact avec la poussi\u00e8re, et sinon, il vous pr\u00e9vient.<\/li>\n<li>APP Control : g\u00e9rez le Conga depuis votre smartphone et contr\u00f4lez les programmes, l&#8217;alimentation, le nettoyage et l&#8217;historique, entre autres.<\/li>\n<li>10 modes de nettoyage : le robot s&#8217;adapte \u00e0 tous les besoins de votre maison gr\u00e2ce \u00e0 ses modes de nettoyage polyvalents.<\/li>\n<li>2 brosses lat\u00e9rales : augmentez le rayon d&#8217;action de votre Conga gr\u00e2ce \u00e0 la port\u00e9e de ses 2 brosses lat\u00e9rales.<\/li>\n<li>Brosse centrale multifonction : effectue un nettoyage en profondeur et sans enchev\u00eatrement.<\/li>\n<li>Batterie 2600 mAh : profitez d&#8217;une autonomie allant jusqu&#8217;\u00e0 120 minutes pour r\u00e9aliser un nettoyage optimal de votre maison.<\/li>\n<li>Plan de pi\u00e8ce : d\u00e9finissez, planifiez et programmez le nettoyage de toute votre maison ou de pi\u00e8ces sp\u00e9cifiques gr\u00e2ce \u00e0 la carte g\u00e9n\u00e9r\u00e9e.<\/li>\n<\/ul>\n<\/div>\n<\/div>\n<\/div>\n<div class=\"css-1vrowg6\">\n<div id=\"composition\" class=\"e1hv9n5v2 css-ldw7pi\">\n<p><strong><span class=\"e1hv9n5v0 css-hga4sk\">Composition<\/span><\/strong><\/p>\n<div class=\"css-1azcdyx e1hv9n5v1\">\n<ul>\n<li>S\u00e9lection multiple<\/li>\n<li>1 brosse lat\u00e9rale<\/li>\n<li>2 vadrouilles<\/li>\n<li>Brosse autonettoyante<\/li>\n<li>Brosse multifonction<\/li>\n<li>D\u00e9p\u00f4t mixte<\/li>\n<li>Filtre haute efficacit\u00e9<\/li>\n<li>Manuel d&#8217;instructions<\/li>\n<li>Robot aspirateur<\/li>\n<\/ul>\n<\/div>\n<p>&nbsp;<\/p>\n<\/div>\n<\/div>\n<\/div>\n<\/div>\n<\/div>\n<\/div>\n<\/div>\n<div class=\"css-1azakc er71tre1\">\n<hr class=\"css-hquz75 er71tre0\" \/>\n<div class=\"css-tsheg5 e1yoizh71\"><\/div>\n<\/div>\n","protected":false},"excerpt":{"rendered":"<p>Robot aspirateur Conga 7490 Ultimate X-Treme avec technologie de navigation laser. Nettoyage 4 en 1 : balayage, aspiration, r\u00e9curage et vadrouille. Puissance d&#8217;aspiration de 2600 Pa. 120 minutes d&#8217;autonomie. Brosse centrale multifonction, 2 vadrouilles et 1 brosse lat\u00e9rale. 3 niveaux s\u00e9lectionnables de puissance d&#8217;aspiration et d&#8217;eau de lavage. La programmation. Contr\u00f4le APP et assistants virtuels.<\/p>\n<h3 class=\"western\"><span style=\"color: #008000;\"><span style=\"font-family: Microsoft Sans Serif, sans-serif;\"><span style=\"font-size: large;\">En stock<\/span><\/span><\/span><\/h3>\n<p align=\"left\"><span style=\"color: #000000;\"><span style=\"font-family: Liberation Serif, serif;\"><span style=\"font-size: medium;\">[av_font_icon icon='ue812' font='entypo-fontello' style='' caption='' size='25px' position='left' color='#43ad66' link='' linktarget='' title_attr='' sonar_effect_effect='' sonar_effect_color='' sonar_effect_duration='1' sonar_effect_scale='' sonar_effect_opac='0.5' animation='' id='' custom_class='' template_class='' av_uid='' sc_version='1.0' admin_preview_bg=''][\/av_font_icon]<\/span><\/span><\/span><\/p>\n<p><span style=\"color: #008000;\">Le d\u00e9lai de livraison est de 5 \u00e0 10 jours ouvrables<\/span><\/p>\n<p align=\"left\"><span style=\"color: #000000;\"><span style=\"font-family: Liberation Serif, serif;\"><span style=\"font-size: medium;\">[av_font_icon icon='ue812' font='entypo-fontello' style='' caption='' size='25px' position='left' color='#43ad66' link='' linktarget='' title_attr='' sonar_effect_effect='' sonar_effect_color='' sonar_effect_duration='1' sonar_effect_scale='' sonar_effect_opac='0.5' animation='' id='' custom_class='' template_class='' av_uid='' sc_version='1.0' admin_preview_bg=''][\/av_font_icon]<\/span><\/span><\/span><\/p>\n<p><span style=\"color: #008000;\">Garantie de 2 ans<\/span><\/p>\n<p>&nbsp;<\/p>\n","protected":false},"featured_media":64042,"comment_status":"open","ping_status":"closed","template":"","meta":{"_acf_changed":false},"product_brand":[],"product_cat":[26],"product_tag":[],"class_list":{"0":"post-61873","1":"product","2":"type-product","3":"status-publish","4":"has-post-thumbnail","6":"product_cat-overige-producten","8":"first","9":"outofstock","10":"sale","11":"taxable","12":"shipping-taxable","13":"purchasable","14":"product-type-simple"},"acf":[],"yoast_head":"<!-- This site is optimized with the Yoast SEO Premium plugin v27.1 (Yoast SEO v27.4) - https:\/\/yoast.com\/product\/yoast-seo-premium-wordpress\/ -->\n<title>Conga 7490 X-Treme - Veltec Kirby specialist<\/title>\n<meta name=\"description\" content=\"Conga 7490 X-Treme - Aspirateur robot laser avec fond auto-videur et balayage des sols. Veltec, sp\u00e9cialiste des robots aspirateurs.\" \/>\n<meta name=\"robots\" content=\"index, follow, max-snippet:-1, max-image-preview:large, max-video-preview:-1\" \/>\n<link rel=\"canonical\" href=\"https:\/\/www.veltec.eu\/fr\/product\/conga-7490-x-treme\/\" \/>\n<meta property=\"og:locale\" content=\"fr_FR\" \/>\n<meta property=\"og:type\" content=\"article\" \/>\n<meta property=\"og:title\" content=\"Conga 7490 X-Treme\" \/>\n<meta property=\"og:description\" content=\"Robot aspirateur Conga 7490 Ultimate X-Treme avec technologie de navigation laser. Nettoyage 4 en 1 : balayage, aspiration, r\u00e9curage et vadrouille. Puissance d&#039;aspiration de 2600 Pa. 120 minutes d&#039;autonomie. Brosse centrale multifonction, 2 vadrouilles et 1 brosse lat\u00e9rale. 3 niveaux s\u00e9lectionnables de puissance d&#039;aspiration et d&#039;eau de lavage. La programmation. Contr\u00f4le APP et assistants virtuels. En stock  Le d\u00e9lai de livraison est de 5 \u00e0 10 jours ouvrables  Garantie de 2 ans  &nbsp;\" \/>\n<meta property=\"og:url\" content=\"https:\/\/www.veltec.eu\/fr\/product\/conga-7490-x-treme\/\" \/>\n<meta property=\"og:site_name\" content=\"Veltec Kirby specialist\" \/>\n<meta property=\"article:publisher\" content=\"https:\/\/www.facebook.com\/Veltec-Kirby-Specialist-236746293374877\/\" \/>\n<meta property=\"article:modified_time\" content=\"2025-01-23T14:43:17+00:00\" \/>\n<meta property=\"og:image\" content=\"https:\/\/www.veltec.eu\/wp-content\/uploads\/2024\/07\/robot.png\" \/>\n\t<meta property=\"og:image:width\" content=\"550\" \/>\n\t<meta property=\"og:image:height\" content=\"550\" \/>\n\t<meta property=\"og:image:type\" content=\"image\/png\" \/>\n<meta name=\"twitter:card\" content=\"summary_large_image\" \/>\n<meta name=\"twitter:label1\" content=\"Dur\u00e9e de lecture estim\u00e9e\" \/>\n\t<meta name=\"twitter:data1\" content=\"2 minutes\" \/>\n<script type=\"application\/ld+json\" class=\"yoast-schema-graph\">{\"@context\":\"https:\\\/\\\/schema.org\",\"@graph\":[{\"@type\":\"WebPage\",\"@id\":\"https:\\\/\\\/www.veltec.eu\\\/fr\\\/product\\\/conga-7490-x-treme\\\/\",\"url\":\"https:\\\/\\\/www.veltec.eu\\\/fr\\\/product\\\/conga-7490-x-treme\\\/\",\"name\":\"Conga 7490 X-Treme - Veltec Kirby specialist\",\"isPartOf\":{\"@id\":\"https:\\\/\\\/www.veltec.eu\\\/en\\\/#website\"},\"primaryImageOfPage\":{\"@id\":\"https:\\\/\\\/www.veltec.eu\\\/fr\\\/product\\\/conga-7490-x-treme\\\/#primaryimage\"},\"image\":{\"@id\":\"https:\\\/\\\/www.veltec.eu\\\/fr\\\/product\\\/conga-7490-x-treme\\\/#primaryimage\"},\"thumbnailUrl\":\"https:\\\/\\\/www.veltec.eu\\\/wp-content\\\/uploads\\\/2024\\\/07\\\/robot.png\",\"datePublished\":\"2024-07-17T09:33:52+00:00\",\"dateModified\":\"2025-01-23T14:43:17+00:00\",\"description\":\"Conga 7490 X-Treme - Aspirateur robot laser avec fond auto-videur et balayage des sols. Veltec, sp\u00e9cialiste des robots aspirateurs.\",\"breadcrumb\":{\"@id\":\"https:\\\/\\\/www.veltec.eu\\\/fr\\\/product\\\/conga-7490-x-treme\\\/#breadcrumb\"},\"inLanguage\":\"fr-FR\",\"potentialAction\":[{\"@type\":\"ReadAction\",\"target\":[\"https:\\\/\\\/www.veltec.eu\\\/fr\\\/product\\\/conga-7490-x-treme\\\/\"]}]},{\"@type\":\"ImageObject\",\"inLanguage\":\"fr-FR\",\"@id\":\"https:\\\/\\\/www.veltec.eu\\\/fr\\\/product\\\/conga-7490-x-treme\\\/#primaryimage\",\"url\":\"https:\\\/\\\/www.veltec.eu\\\/wp-content\\\/uploads\\\/2024\\\/07\\\/robot.png\",\"contentUrl\":\"https:\\\/\\\/www.veltec.eu\\\/wp-content\\\/uploads\\\/2024\\\/07\\\/robot.png\",\"width\":550,\"height\":550},{\"@type\":\"BreadcrumbList\",\"@id\":\"https:\\\/\\\/www.veltec.eu\\\/fr\\\/product\\\/conga-7490-x-treme\\\/#breadcrumb\",\"itemListElement\":[{\"@type\":\"ListItem\",\"position\":1,\"name\":\"Home\",\"item\":\"https:\\\/\\\/www.veltec.eu\\\/fr\\\/accueil\\\/\"},{\"@type\":\"ListItem\",\"position\":2,\"name\":\"Boutique Kirby\",\"item\":\"https:\\\/\\\/www.veltec.eu\\\/fr\\\/boutique-kirby\\\/\"},{\"@type\":\"ListItem\",\"position\":3,\"name\":\"Conga 7490 X-Treme\"}]},{\"@type\":\"WebSite\",\"@id\":\"https:\\\/\\\/www.veltec.eu\\\/en\\\/#website\",\"url\":\"https:\\\/\\\/www.veltec.eu\\\/en\\\/\",\"name\":\"Veltec Kirby specialist\",\"description\":\"Kirby stofzuiger producten\",\"publisher\":{\"@id\":\"https:\\\/\\\/www.veltec.eu\\\/en\\\/#organization\"},\"potentialAction\":[{\"@type\":\"SearchAction\",\"target\":{\"@type\":\"EntryPoint\",\"urlTemplate\":\"https:\\\/\\\/www.veltec.eu\\\/en\\\/?s={search_term_string}\"},\"query-input\":{\"@type\":\"PropertyValueSpecification\",\"valueRequired\":true,\"valueName\":\"search_term_string\"}}],\"inLanguage\":\"fr-FR\"},{\"@type\":\"Organization\",\"@id\":\"https:\\\/\\\/www.veltec.eu\\\/en\\\/#organization\",\"name\":\"Veltec Kirby Specialist\",\"url\":\"https:\\\/\\\/www.veltec.eu\\\/en\\\/\",\"logo\":{\"@type\":\"ImageObject\",\"inLanguage\":\"fr-FR\",\"@id\":\"https:\\\/\\\/www.veltec.eu\\\/en\\\/#\\\/schema\\\/logo\\\/image\\\/\",\"url\":\"https:\\\/\\\/www.veltec.eu\\\/wp-content\\\/uploads\\\/2021\\\/12\\\/Veltec-log-groot-e1537260889125.png\",\"contentUrl\":\"https:\\\/\\\/www.veltec.eu\\\/wp-content\\\/uploads\\\/2021\\\/12\\\/Veltec-log-groot-e1537260889125.png\",\"width\":200,\"height\":60,\"caption\":\"Veltec Kirby Specialist\"},\"image\":{\"@id\":\"https:\\\/\\\/www.veltec.eu\\\/en\\\/#\\\/schema\\\/logo\\\/image\\\/\"},\"sameAs\":[\"https:\\\/\\\/www.facebook.com\\\/Veltec-Kirby-Specialist-236746293374877\\\/\",\"https:\\\/\\\/www.youtube.com\\\/user\\\/VeltecService\"]}]}<\/script>\n<!-- \/ Yoast SEO Premium plugin. -->","yoast_head_json":{"title":"Conga 7490 X-Treme - Veltec Kirby specialist","description":"Conga 7490 X-Treme - Aspirateur robot laser avec fond auto-videur et balayage des sols. Veltec, sp\u00e9cialiste des robots aspirateurs.","robots":{"index":"index","follow":"follow","max-snippet":"max-snippet:-1","max-image-preview":"max-image-preview:large","max-video-preview":"max-video-preview:-1"},"canonical":"https:\/\/www.veltec.eu\/fr\/product\/conga-7490-x-treme\/","og_locale":"fr_FR","og_type":"article","og_title":"Conga 7490 X-Treme","og_description":"Robot aspirateur Conga 7490 Ultimate X-Treme avec technologie de navigation laser. Nettoyage 4 en 1 : balayage, aspiration, r\u00e9curage et vadrouille. Puissance d'aspiration de 2600 Pa. 120 minutes d'autonomie. Brosse centrale multifonction, 2 vadrouilles et 1 brosse lat\u00e9rale. 3 niveaux s\u00e9lectionnables de puissance d'aspiration et d'eau de lavage. La programmation. Contr\u00f4le APP et assistants virtuels. En stock  Le d\u00e9lai de livraison est de 5 \u00e0 10 jours ouvrables  Garantie de 2 ans  &nbsp;","og_url":"https:\/\/www.veltec.eu\/fr\/product\/conga-7490-x-treme\/","og_site_name":"Veltec Kirby specialist","article_publisher":"https:\/\/www.facebook.com\/Veltec-Kirby-Specialist-236746293374877\/","article_modified_time":"2025-01-23T14:43:17+00:00","og_image":[{"width":550,"height":550,"url":"https:\/\/www.veltec.eu\/wp-content\/uploads\/2024\/07\/robot.png","type":"image\/png"}],"twitter_card":"summary_large_image","twitter_misc":{"Dur\u00e9e de lecture estim\u00e9e":"2 minutes"},"schema":{"@context":"https:\/\/schema.org","@graph":[{"@type":"WebPage","@id":"https:\/\/www.veltec.eu\/fr\/product\/conga-7490-x-treme\/","url":"https:\/\/www.veltec.eu\/fr\/product\/conga-7490-x-treme\/","name":"Conga 7490 X-Treme - Veltec Kirby specialist","isPartOf":{"@id":"https:\/\/www.veltec.eu\/en\/#website"},"primaryImageOfPage":{"@id":"https:\/\/www.veltec.eu\/fr\/product\/conga-7490-x-treme\/#primaryimage"},"image":{"@id":"https:\/\/www.veltec.eu\/fr\/product\/conga-7490-x-treme\/#primaryimage"},"thumbnailUrl":"https:\/\/www.veltec.eu\/wp-content\/uploads\/2024\/07\/robot.png","datePublished":"2024-07-17T09:33:52+00:00","dateModified":"2025-01-23T14:43:17+00:00","description":"Conga 7490 X-Treme - Aspirateur robot laser avec fond auto-videur et balayage des sols. Veltec, sp\u00e9cialiste des robots aspirateurs.","breadcrumb":{"@id":"https:\/\/www.veltec.eu\/fr\/product\/conga-7490-x-treme\/#breadcrumb"},"inLanguage":"fr-FR","potentialAction":[{"@type":"ReadAction","target":["https:\/\/www.veltec.eu\/fr\/product\/conga-7490-x-treme\/"]}]},{"@type":"ImageObject","inLanguage":"fr-FR","@id":"https:\/\/www.veltec.eu\/fr\/product\/conga-7490-x-treme\/#primaryimage","url":"https:\/\/www.veltec.eu\/wp-content\/uploads\/2024\/07\/robot.png","contentUrl":"https:\/\/www.veltec.eu\/wp-content\/uploads\/2024\/07\/robot.png","width":550,"height":550},{"@type":"BreadcrumbList","@id":"https:\/\/www.veltec.eu\/fr\/product\/conga-7490-x-treme\/#breadcrumb","itemListElement":[{"@type":"ListItem","position":1,"name":"Home","item":"https:\/\/www.veltec.eu\/fr\/accueil\/"},{"@type":"ListItem","position":2,"name":"Boutique Kirby","item":"https:\/\/www.veltec.eu\/fr\/boutique-kirby\/"},{"@type":"ListItem","position":3,"name":"Conga 7490 X-Treme"}]},{"@type":"WebSite","@id":"https:\/\/www.veltec.eu\/en\/#website","url":"https:\/\/www.veltec.eu\/en\/","name":"Veltec Kirby specialist","description":"Kirby stofzuiger producten","publisher":{"@id":"https:\/\/www.veltec.eu\/en\/#organization"},"potentialAction":[{"@type":"SearchAction","target":{"@type":"EntryPoint","urlTemplate":"https:\/\/www.veltec.eu\/en\/?s={search_term_string}"},"query-input":{"@type":"PropertyValueSpecification","valueRequired":true,"valueName":"search_term_string"}}],"inLanguage":"fr-FR"},{"@type":"Organization","@id":"https:\/\/www.veltec.eu\/en\/#organization","name":"Veltec Kirby Specialist","url":"https:\/\/www.veltec.eu\/en\/","logo":{"@type":"ImageObject","inLanguage":"fr-FR","@id":"https:\/\/www.veltec.eu\/en\/#\/schema\/logo\/image\/","url":"https:\/\/www.veltec.eu\/wp-content\/uploads\/2021\/12\/Veltec-log-groot-e1537260889125.png","contentUrl":"https:\/\/www.veltec.eu\/wp-content\/uploads\/2021\/12\/Veltec-log-groot-e1537260889125.png","width":200,"height":60,"caption":"Veltec Kirby Specialist"},"image":{"@id":"https:\/\/www.veltec.eu\/en\/#\/schema\/logo\/image\/"},"sameAs":["https:\/\/www.facebook.com\/Veltec-Kirby-Specialist-236746293374877\/","https:\/\/www.youtube.com\/user\/VeltecService"]}]}},"_links":{"self":[{"href":"https:\/\/www.veltec.eu\/fr\/wp-json\/wp\/v2\/product\/61873","targetHints":{"allow":["GET"]}}],"collection":[{"href":"https:\/\/www.veltec.eu\/fr\/wp-json\/wp\/v2\/product"}],"about":[{"href":"https:\/\/www.veltec.eu\/fr\/wp-json\/wp\/v2\/types\/product"}],"replies":[{"embeddable":true,"href":"https:\/\/www.veltec.eu\/fr\/wp-json\/wp\/v2\/comments?post=61873"}],"wp:featuredmedia":[{"embeddable":true,"href":"https:\/\/www.veltec.eu\/fr\/wp-json\/wp\/v2\/media\/64042"}],"wp:attachment":[{"href":"https:\/\/www.veltec.eu\/fr\/wp-json\/wp\/v2\/media?parent=61873"}],"wp:term":[{"taxonomy":"product_brand","embeddable":true,"href":"https:\/\/www.veltec.eu\/fr\/wp-json\/wp\/v2\/product_brand?post=61873"},{"taxonomy":"product_cat","embeddable":true,"href":"https:\/\/www.veltec.eu\/fr\/wp-json\/wp\/v2\/product_cat?post=61873"},{"taxonomy":"product_tag","embeddable":true,"href":"https:\/\/www.veltec.eu\/fr\/wp-json\/wp\/v2\/product_tag?post=61873"}],"curies":[{"name":"wp","href":"https:\/\/api.w.org\/{rel}","templated":true}]}}