{"id":61795,"date":"2024-07-17T10:02:32","date_gmt":"2024-07-17T08:02:32","guid":{"rendered":"https:\/\/www.veltec.eu\/product\/conga-8290-x-treme\/"},"modified":"2025-01-23T17:13:09","modified_gmt":"2025-01-23T15:13:09","slug":"conga-8290-x-treme","status":"publish","type":"product","link":"https:\/\/www.veltec.eu\/fr\/product\/conga-8290-x-treme\/","title":{"rendered":"Conga 8290  X-Treme"},"content":{"rendered":"<div id=\"technical-details\" class=\"css-0 egxb0x40\">\n<div class=\"css-1vrowg6\">\n<div id=\"description\" class=\"e1pizqy33 css-1gvl2s3\"><\/div>\n<\/div>\n<\/div>\n<div id=\"technical-details\" class=\"css-0 egxb0x40\">\n<div class=\"css-1vrowg6\">\n<div id=\"composition\" class=\"e1hv9n5v2 css-ldw7pi\">\n<div class=\"css-1azcdyx e1hv9n5v1\">\n<div id=\"technical-details\" class=\"css-0 egxb0x40\">\n<div class=\"css-1vrowg6\">\n<div id=\"description\" class=\"e1pizqy33 css-1gvl2s3\">\n<div class=\"css-k1moeq e1pizqy32\">\n<p><strong><span class=\"e1pizqy31 css-hga4sk\">Description de l&#8217;application<\/span><\/strong><\/p>\n<ul>\n<li>Navigation laser : cartographiez votre maison pour un nettoyage pr\u00e9cis de toutes les pi\u00e8ces souhait\u00e9es en un minimum de temps.<\/li>\n<li>Autonomie : le robot dispose d&#8217;une batterie de 5200 mAh qui offre plus de 280 minutes d&#8217;autonomie pour couvrir plus de 280 m2<\/li>\n<li>10 modes : choisissez celui qui convient le mieux \u00e0 chaque moment et profitez d&#8217;un nettoyage personnalis\u00e9 de la mani\u00e8re la plus confortable.<\/li>\n<li>Mouvement de frottement d&#8217;avant en arri\u00e8re : le robot frotte intens\u00e9ment avec un contr\u00f4le \u00e9lectronique du dosage de l&#8217;eau pour \u00e9viter que votre sol ne brille.<\/li>\n<li>Sac de 3 litres : remplacez votre sac seulement 4 fois par an et profitez d&#8217;une maison propre tous les jours. De plus, il dispose d&#8217;un syst\u00e8me de d\u00e9tection de s\u00e9curit\u00e9 du sac qui emp\u00eache de le vider si la base n&#8217;est pas \u00e9quip\u00e9e du sac.<\/li>\n<li>Contr\u00f4le par application : permet de contr\u00f4ler le nettoyage depuis n&#8217;importe quel endroit, m\u00eame avec des assistants vocaux virtuels.<\/li>\n<li>Zone totale : si la batterie du robot est \u00e9puis\u00e9e, il retourne automatiquement \u00e0 la station de charge et reprend le nettoyage pour terminer le nettoyage programm\u00e9.<\/li>\n<li>Zones restreintes : dans l&#8217;application, s\u00e9lectionnez les parties de votre maison que vous ne souhaitez pas que le robot nettoie et oubliez vos soucis.<\/li>\n<li>Plan des pi\u00e8ces : permet de d\u00e9finir, planifier et programmer le nettoyage de toute la maison ou de pi\u00e8ces sp\u00e9cifiques gr\u00e2ce au plan g\u00e9n\u00e9r\u00e9.<\/li>\n<li>Moteur d&#8217;aspiration : 7000 Pa pour que le robot ne laisse rien derri\u00e8re lui.<\/li>\n<\/ul>\n<\/div>\n<\/div>\n<\/div>\n<div class=\"css-1vrowg6\">\n<div id=\"composition\" class=\"e1hv9n5v2 css-ldw7pi\">\n<p>&nbsp;<\/p>\n<p><strong><span class=\"e1hv9n5v0 css-hga4sk\">Composition<\/span><\/strong><\/p>\n<div class=\"css-1azcdyx e1hv9n5v1\">\n<ul>\n<li>1 brosse lat\u00e9rale<\/li>\n<li>Base autonettoyante<\/li>\n<li>Sac hygi\u00e9nique de 3 litres<\/li>\n<li>Brosse autonettoyante<\/li>\n<li>Brosse polyvalente<\/li>\n<li>D\u00e9p\u00f4t mixte<\/li>\n<li>Filtre \u00e0 haute efficacit\u00e9<\/li>\n<li>Manuel<\/li>\n<li>Balai \u00e0 franges<\/li>\n<li>Robot aspirat<\/li>\n<li>Conga 8290 X-Treme<\/li>\n<\/ul>\n<\/div>\n<\/div>\n<\/div>\n<\/div>\n<p>&nbsp;<\/p>\n<\/div>\n<\/div>\n<\/div>\n<\/div>\n","protected":false},"excerpt":{"rendered":"<p>Robot aspirateur avec navigation laser et base auto-videuse. Sac de 3 litres. 4 en 1 : balayer, aspirer, frotter et laver. 7000 Pa. Autonomie de 280 minutes. 2 mops de lavage. 1 brosse lat\u00e9rale 3 niveaux d&#8217;aspiration et de puissance de lavage. CECOTEC APP et assistants virtuels.<\/p>\n<h3 class=\"western\"><span style=\"color: #008000;\"><span style=\"font-family: Microsoft Sans Serif, sans-serif;\"><span style=\"font-size: large;\">En stock<\/span><\/span><\/span><\/h3>\n<p align=\"left\"><span style=\"color: #000000;\"><span style=\"font-family: Liberation Serif, serif;\"><span style=\"font-size: medium;\">[av_font_icon icon='ue812' font='entypo-fontello' style='' caption='' size='25px' position='left' color='#43ad66' link='' linktarget='' title_attr='' sonar_effect_effect='' sonar_effect_color='' sonar_effect_duration='1' sonar_effect_scale='' sonar_effect_opac='0.5' animation='' id='' custom_class='' template_class='' av_uid='' sc_version='1.0' admin_preview_bg=''][\/av_font_icon]<\/span><\/span><\/span><\/p>\n<p><span style=\"color: #008000;\">Le d\u00e9lai de livraison est de 5 \u00e0 10 jours ouvrables<\/span><\/p>\n<p align=\"left\"><span style=\"color: #000000;\"><span style=\"font-family: Liberation Serif, serif;\"><span style=\"font-size: medium;\">[av_font_icon icon='ue812' font='entypo-fontello' style='' caption='' size='25px' position='left' color='#43ad66' link='' linktarget='' title_attr='' sonar_effect_effect='' sonar_effect_color='' sonar_effect_duration='1' sonar_effect_scale='' sonar_effect_opac='0.5' animation='' id='' custom_class='' template_class='' av_uid='' sc_version='1.0' admin_preview_bg=''][\/av_font_icon]<\/span><\/span><\/span><\/p>\n<p><span style=\"color: #008000;\">Garantie de 2 ans<\/span><\/p>\n<p>&nbsp;<\/p>\n","protected":false},"featured_media":61776,"comment_status":"open","ping_status":"closed","template":"","meta":{"_acf_changed":false},"product_brand":[],"product_cat":[26],"product_tag":[],"class_list":{"0":"post-61795","1":"product","2":"type-product","3":"status-publish","4":"has-post-thumbnail","6":"product_cat-overige-producten","8":"first","9":"outofstock","10":"taxable","11":"shipping-taxable","12":"purchasable","13":"product-type-simple"},"acf":[],"yoast_head":"<!-- This site is optimized with the Yoast SEO Premium plugin v27.1 (Yoast SEO v27.4) - https:\/\/yoast.com\/product\/yoast-seo-premium-wordpress\/ -->\n<title>Conga 8290 X-Treme - Veltec Kirby specialist<\/title>\n<meta name=\"description\" content=\"Conga 8290 X-Treme - Aspirateur robot laser avec fond auto-videur et nettoyage du sol. Veltec, sp\u00e9cialiste des robots aspirateurs.\" \/>\n<meta name=\"robots\" content=\"index, follow, max-snippet:-1, max-image-preview:large, max-video-preview:-1\" \/>\n<link rel=\"canonical\" href=\"https:\/\/www.veltec.eu\/fr\/product\/conga-8290-x-treme\/\" \/>\n<meta property=\"og:locale\" content=\"fr_FR\" \/>\n<meta property=\"og:type\" content=\"article\" \/>\n<meta property=\"og:title\" content=\"Conga 8290 X-Treme\" \/>\n<meta property=\"og:description\" content=\"Robot aspirateur avec navigation laser et base auto-videuse. Sac de 3 litres. 4 en 1 : balayer, aspirer, frotter et laver. 7000 Pa. Autonomie de 280 minutes. 2 mops de lavage. 1 brosse lat\u00e9rale 3 niveaux d&#039;aspiration et de puissance de lavage. CECOTEC APP et assistants virtuels. En stock  Le d\u00e9lai de livraison est de 5 \u00e0 10 jours ouvrables  Garantie de 2 ans  &nbsp;\" \/>\n<meta property=\"og:url\" content=\"https:\/\/www.veltec.eu\/fr\/product\/conga-8290-x-treme\/\" \/>\n<meta property=\"og:site_name\" content=\"Veltec Kirby specialist\" \/>\n<meta property=\"article:publisher\" content=\"https:\/\/www.facebook.com\/Veltec-Kirby-Specialist-236746293374877\/\" \/>\n<meta property=\"article:modified_time\" content=\"2025-01-23T15:13:09+00:00\" \/>\n<meta property=\"og:image\" content=\"https:\/\/www.veltec.eu\/wp-content\/uploads\/2024\/07\/conga-8290-immortal-ultra-power-home-x-treme_rc3m5j_1.png\" \/>\n\t<meta property=\"og:image:width\" content=\"640\" \/>\n\t<meta property=\"og:image:height\" content=\"640\" \/>\n\t<meta property=\"og:image:type\" content=\"image\/png\" \/>\n<meta name=\"twitter:card\" content=\"summary_large_image\" \/>\n<meta name=\"twitter:label1\" content=\"Dur\u00e9e de lecture estim\u00e9e\" \/>\n\t<meta name=\"twitter:data1\" content=\"2 minutes\" \/>\n<script type=\"application\/ld+json\" class=\"yoast-schema-graph\">{\"@context\":\"https:\\\/\\\/schema.org\",\"@graph\":[{\"@type\":\"WebPage\",\"@id\":\"https:\\\/\\\/www.veltec.eu\\\/fr\\\/product\\\/conga-8290-x-treme\\\/\",\"url\":\"https:\\\/\\\/www.veltec.eu\\\/fr\\\/product\\\/conga-8290-x-treme\\\/\",\"name\":\"Conga 8290 X-Treme - Veltec Kirby specialist\",\"isPartOf\":{\"@id\":\"https:\\\/\\\/www.veltec.eu\\\/en\\\/#website\"},\"primaryImageOfPage\":{\"@id\":\"https:\\\/\\\/www.veltec.eu\\\/fr\\\/product\\\/conga-8290-x-treme\\\/#primaryimage\"},\"image\":{\"@id\":\"https:\\\/\\\/www.veltec.eu\\\/fr\\\/product\\\/conga-8290-x-treme\\\/#primaryimage\"},\"thumbnailUrl\":\"https:\\\/\\\/www.veltec.eu\\\/wp-content\\\/uploads\\\/2024\\\/07\\\/conga-8290-immortal-ultra-power-home-x-treme_rc3m5j_1.png\",\"datePublished\":\"2024-07-17T08:02:32+00:00\",\"dateModified\":\"2025-01-23T15:13:09+00:00\",\"description\":\"Conga 8290 X-Treme - Aspirateur robot laser avec fond auto-videur et nettoyage du sol. Veltec, sp\u00e9cialiste des robots aspirateurs.\",\"breadcrumb\":{\"@id\":\"https:\\\/\\\/www.veltec.eu\\\/fr\\\/product\\\/conga-8290-x-treme\\\/#breadcrumb\"},\"inLanguage\":\"fr-FR\",\"potentialAction\":[{\"@type\":\"ReadAction\",\"target\":[\"https:\\\/\\\/www.veltec.eu\\\/fr\\\/product\\\/conga-8290-x-treme\\\/\"]}]},{\"@type\":\"ImageObject\",\"inLanguage\":\"fr-FR\",\"@id\":\"https:\\\/\\\/www.veltec.eu\\\/fr\\\/product\\\/conga-8290-x-treme\\\/#primaryimage\",\"url\":\"https:\\\/\\\/www.veltec.eu\\\/wp-content\\\/uploads\\\/2024\\\/07\\\/conga-8290-immortal-ultra-power-home-x-treme_rc3m5j_1.png\",\"contentUrl\":\"https:\\\/\\\/www.veltec.eu\\\/wp-content\\\/uploads\\\/2024\\\/07\\\/conga-8290-immortal-ultra-power-home-x-treme_rc3m5j_1.png\",\"width\":640,\"height\":640},{\"@type\":\"BreadcrumbList\",\"@id\":\"https:\\\/\\\/www.veltec.eu\\\/fr\\\/product\\\/conga-8290-x-treme\\\/#breadcrumb\",\"itemListElement\":[{\"@type\":\"ListItem\",\"position\":1,\"name\":\"Home\",\"item\":\"https:\\\/\\\/www.veltec.eu\\\/fr\\\/accueil\\\/\"},{\"@type\":\"ListItem\",\"position\":2,\"name\":\"Boutique Kirby\",\"item\":\"https:\\\/\\\/www.veltec.eu\\\/fr\\\/boutique-kirby\\\/\"},{\"@type\":\"ListItem\",\"position\":3,\"name\":\"Conga 8290 X-Treme\"}]},{\"@type\":\"WebSite\",\"@id\":\"https:\\\/\\\/www.veltec.eu\\\/en\\\/#website\",\"url\":\"https:\\\/\\\/www.veltec.eu\\\/en\\\/\",\"name\":\"Veltec Kirby specialist\",\"description\":\"Kirby stofzuiger producten\",\"publisher\":{\"@id\":\"https:\\\/\\\/www.veltec.eu\\\/en\\\/#organization\"},\"potentialAction\":[{\"@type\":\"SearchAction\",\"target\":{\"@type\":\"EntryPoint\",\"urlTemplate\":\"https:\\\/\\\/www.veltec.eu\\\/en\\\/?s={search_term_string}\"},\"query-input\":{\"@type\":\"PropertyValueSpecification\",\"valueRequired\":true,\"valueName\":\"search_term_string\"}}],\"inLanguage\":\"fr-FR\"},{\"@type\":\"Organization\",\"@id\":\"https:\\\/\\\/www.veltec.eu\\\/en\\\/#organization\",\"name\":\"Veltec Kirby Specialist\",\"url\":\"https:\\\/\\\/www.veltec.eu\\\/en\\\/\",\"logo\":{\"@type\":\"ImageObject\",\"inLanguage\":\"fr-FR\",\"@id\":\"https:\\\/\\\/www.veltec.eu\\\/en\\\/#\\\/schema\\\/logo\\\/image\\\/\",\"url\":\"https:\\\/\\\/www.veltec.eu\\\/wp-content\\\/uploads\\\/2021\\\/12\\\/Veltec-log-groot-e1537260889125.png\",\"contentUrl\":\"https:\\\/\\\/www.veltec.eu\\\/wp-content\\\/uploads\\\/2021\\\/12\\\/Veltec-log-groot-e1537260889125.png\",\"width\":200,\"height\":60,\"caption\":\"Veltec Kirby Specialist\"},\"image\":{\"@id\":\"https:\\\/\\\/www.veltec.eu\\\/en\\\/#\\\/schema\\\/logo\\\/image\\\/\"},\"sameAs\":[\"https:\\\/\\\/www.facebook.com\\\/Veltec-Kirby-Specialist-236746293374877\\\/\",\"https:\\\/\\\/www.youtube.com\\\/user\\\/VeltecService\"]}]}<\/script>\n<!-- \/ Yoast SEO Premium plugin. -->","yoast_head_json":{"title":"Conga 8290 X-Treme - Veltec Kirby specialist","description":"Conga 8290 X-Treme - Aspirateur robot laser avec fond auto-videur et nettoyage du sol. Veltec, sp\u00e9cialiste des robots aspirateurs.","robots":{"index":"index","follow":"follow","max-snippet":"max-snippet:-1","max-image-preview":"max-image-preview:large","max-video-preview":"max-video-preview:-1"},"canonical":"https:\/\/www.veltec.eu\/fr\/product\/conga-8290-x-treme\/","og_locale":"fr_FR","og_type":"article","og_title":"Conga 8290 X-Treme","og_description":"Robot aspirateur avec navigation laser et base auto-videuse. Sac de 3 litres. 4 en 1 : balayer, aspirer, frotter et laver. 7000 Pa. Autonomie de 280 minutes. 2 mops de lavage. 1 brosse lat\u00e9rale 3 niveaux d'aspiration et de puissance de lavage. CECOTEC APP et assistants virtuels. En stock  Le d\u00e9lai de livraison est de 5 \u00e0 10 jours ouvrables  Garantie de 2 ans  &nbsp;","og_url":"https:\/\/www.veltec.eu\/fr\/product\/conga-8290-x-treme\/","og_site_name":"Veltec Kirby specialist","article_publisher":"https:\/\/www.facebook.com\/Veltec-Kirby-Specialist-236746293374877\/","article_modified_time":"2025-01-23T15:13:09+00:00","og_image":[{"width":640,"height":640,"url":"https:\/\/www.veltec.eu\/wp-content\/uploads\/2024\/07\/conga-8290-immortal-ultra-power-home-x-treme_rc3m5j_1.png","type":"image\/png"}],"twitter_card":"summary_large_image","twitter_misc":{"Dur\u00e9e de lecture estim\u00e9e":"2 minutes"},"schema":{"@context":"https:\/\/schema.org","@graph":[{"@type":"WebPage","@id":"https:\/\/www.veltec.eu\/fr\/product\/conga-8290-x-treme\/","url":"https:\/\/www.veltec.eu\/fr\/product\/conga-8290-x-treme\/","name":"Conga 8290 X-Treme - Veltec Kirby specialist","isPartOf":{"@id":"https:\/\/www.veltec.eu\/en\/#website"},"primaryImageOfPage":{"@id":"https:\/\/www.veltec.eu\/fr\/product\/conga-8290-x-treme\/#primaryimage"},"image":{"@id":"https:\/\/www.veltec.eu\/fr\/product\/conga-8290-x-treme\/#primaryimage"},"thumbnailUrl":"https:\/\/www.veltec.eu\/wp-content\/uploads\/2024\/07\/conga-8290-immortal-ultra-power-home-x-treme_rc3m5j_1.png","datePublished":"2024-07-17T08:02:32+00:00","dateModified":"2025-01-23T15:13:09+00:00","description":"Conga 8290 X-Treme - Aspirateur robot laser avec fond auto-videur et nettoyage du sol. Veltec, sp\u00e9cialiste des robots aspirateurs.","breadcrumb":{"@id":"https:\/\/www.veltec.eu\/fr\/product\/conga-8290-x-treme\/#breadcrumb"},"inLanguage":"fr-FR","potentialAction":[{"@type":"ReadAction","target":["https:\/\/www.veltec.eu\/fr\/product\/conga-8290-x-treme\/"]}]},{"@type":"ImageObject","inLanguage":"fr-FR","@id":"https:\/\/www.veltec.eu\/fr\/product\/conga-8290-x-treme\/#primaryimage","url":"https:\/\/www.veltec.eu\/wp-content\/uploads\/2024\/07\/conga-8290-immortal-ultra-power-home-x-treme_rc3m5j_1.png","contentUrl":"https:\/\/www.veltec.eu\/wp-content\/uploads\/2024\/07\/conga-8290-immortal-ultra-power-home-x-treme_rc3m5j_1.png","width":640,"height":640},{"@type":"BreadcrumbList","@id":"https:\/\/www.veltec.eu\/fr\/product\/conga-8290-x-treme\/#breadcrumb","itemListElement":[{"@type":"ListItem","position":1,"name":"Home","item":"https:\/\/www.veltec.eu\/fr\/accueil\/"},{"@type":"ListItem","position":2,"name":"Boutique Kirby","item":"https:\/\/www.veltec.eu\/fr\/boutique-kirby\/"},{"@type":"ListItem","position":3,"name":"Conga 8290 X-Treme"}]},{"@type":"WebSite","@id":"https:\/\/www.veltec.eu\/en\/#website","url":"https:\/\/www.veltec.eu\/en\/","name":"Veltec Kirby specialist","description":"Kirby stofzuiger producten","publisher":{"@id":"https:\/\/www.veltec.eu\/en\/#organization"},"potentialAction":[{"@type":"SearchAction","target":{"@type":"EntryPoint","urlTemplate":"https:\/\/www.veltec.eu\/en\/?s={search_term_string}"},"query-input":{"@type":"PropertyValueSpecification","valueRequired":true,"valueName":"search_term_string"}}],"inLanguage":"fr-FR"},{"@type":"Organization","@id":"https:\/\/www.veltec.eu\/en\/#organization","name":"Veltec Kirby Specialist","url":"https:\/\/www.veltec.eu\/en\/","logo":{"@type":"ImageObject","inLanguage":"fr-FR","@id":"https:\/\/www.veltec.eu\/en\/#\/schema\/logo\/image\/","url":"https:\/\/www.veltec.eu\/wp-content\/uploads\/2021\/12\/Veltec-log-groot-e1537260889125.png","contentUrl":"https:\/\/www.veltec.eu\/wp-content\/uploads\/2021\/12\/Veltec-log-groot-e1537260889125.png","width":200,"height":60,"caption":"Veltec Kirby Specialist"},"image":{"@id":"https:\/\/www.veltec.eu\/en\/#\/schema\/logo\/image\/"},"sameAs":["https:\/\/www.facebook.com\/Veltec-Kirby-Specialist-236746293374877\/","https:\/\/www.youtube.com\/user\/VeltecService"]}]}},"_links":{"self":[{"href":"https:\/\/www.veltec.eu\/fr\/wp-json\/wp\/v2\/product\/61795","targetHints":{"allow":["GET"]}}],"collection":[{"href":"https:\/\/www.veltec.eu\/fr\/wp-json\/wp\/v2\/product"}],"about":[{"href":"https:\/\/www.veltec.eu\/fr\/wp-json\/wp\/v2\/types\/product"}],"replies":[{"embeddable":true,"href":"https:\/\/www.veltec.eu\/fr\/wp-json\/wp\/v2\/comments?post=61795"}],"wp:featuredmedia":[{"embeddable":true,"href":"https:\/\/www.veltec.eu\/fr\/wp-json\/wp\/v2\/media\/61776"}],"wp:attachment":[{"href":"https:\/\/www.veltec.eu\/fr\/wp-json\/wp\/v2\/media?parent=61795"}],"wp:term":[{"taxonomy":"product_brand","embeddable":true,"href":"https:\/\/www.veltec.eu\/fr\/wp-json\/wp\/v2\/product_brand?post=61795"},{"taxonomy":"product_cat","embeddable":true,"href":"https:\/\/www.veltec.eu\/fr\/wp-json\/wp\/v2\/product_cat?post=61795"},{"taxonomy":"product_tag","embeddable":true,"href":"https:\/\/www.veltec.eu\/fr\/wp-json\/wp\/v2\/product_tag?post=61795"}],"curies":[{"name":"wp","href":"https:\/\/api.w.org\/{rel}","templated":true}]}}