{"id":57399,"date":"2024-03-11T10:40:09","date_gmt":"2024-03-11T08:40:09","guid":{"rendered":"https:\/\/www.veltec.eu\/product\/flexible-pour-kirby-1m-4m-reconditionne\/"},"modified":"2024-12-20T16:11:48","modified_gmt":"2024-12-20T14:11:48","slug":"flexible-pour-kirby-1m-4m-reconditionne","status":"publish","type":"product","link":"https:\/\/www.veltec.eu\/fr\/product\/flexible-pour-kirby-1m-4m-reconditionne\/","title":{"rendered":"Flexible pour Kirby 1m-4m Reconditionn\u00e9"},"content":{"rendered":"<h1>Flexible pour Kirby 1m-4m Reconditionn\u00e9<\/h1>\n<p>Le Flexible pour Kirby 1m-4m Reconditionn\u00e9 est complet avec les fixations avant et arri\u00e8re.<br \/>\nD&#8217;une longueur de 1 m\u00e8tre seulement, il est extensible jusqu&#8217;\u00e0 4 m\u00e8tres.<\/p>\n<p>Tr\u00e8s pratique pour les longs escaliers et les hauts plafonds, ce tuyau Kirby est tr\u00e8s compact et facile \u00e0 ranger.<\/p>\n<p><strong>Ce tuyau d&#8217;aspiration est universel et convient \u00e0 tous les aspirateurs Kirby ;<\/strong><\/p>\n<ul>\n<li>Avalir Platinum<\/li>\n<li>Avalir 2<\/li>\n<li>Avalir 1<\/li>\n<li>Sentria 2 (G10D)<\/li>\n<li>Sentria 1 (G10)<\/li>\n<li>Ultimate G Diamond Ed.(G7D or DE)<\/li>\n<li>Ultimate G (G7 or UG)<\/li>\n<li>Generation 6 (G6)<\/li>\n<li>Generation 5 (G5)<\/li>\n<li>Generation 4 (G4)<\/li>\n<li>Generation 3 (G3)<\/li>\n<\/ul>\n<h2>D\u00e9couvrez le Flexible pour Kirby 1m-4m Reconditionn\u00e9<\/h2>\n<p>Vous recherchez une solution durable et fiable pour votre aspirateur ? Le flexible d&#8217;aspirateur Kirby offre une combinaison parfaite de flexibilit\u00e9, de qualit\u00e9 et de facilit\u00e9 d&#8217;utilisation. Ce tuyau d&#8217;origine Kirby est un excellent choix pour tous ceux qui veulent tirer le meilleur parti de leur aspirateur Kirby.<\/p>\n<p><a href=\"https:\/\/www.veltec.eu\/fr\/?page_id=59962\">Retrouvez tous les tuyaux et accessoires Kirby ici<\/a><\/p>\n<h3>Qu&#8217;est-ce qui rend ce Flexible pour Kirby 1m-4m Reconditionn\u00e9 unique ?<\/h3>\n<p>Le flexible d&#8217;aspirateur est sp\u00e9cialement con\u00e7u pour r\u00e9pondre aux exigences \u00e9lev\u00e9es des utilisateurs de Kirby. D&#8217;une longueur de 1 m\u00e8tre et extensible jusqu&#8217;\u00e0 4 m\u00e8tres, il permet de nettoyer facilement les zones difficiles d&#8217;acc\u00e8s. Gr\u00e2ce \u00e0 sa nature reconditionn\u00e9e, ce tuyau a non seulement \u00e9t\u00e9 minutieusement inspect\u00e9, mais aussi enti\u00e8rement remis \u00e0 neuf pour fonctionner comme s&#8217;il \u00e9tait neuf. Vous b\u00e9n\u00e9ficiez ainsi de la m\u00eame qualit\u00e9 qu&#8217;un tuyau neuf, mais \u00e0 un prix plus abordable.<\/p>\n<h3>Convient \u00e0 tous les mod\u00e8les Kirby<\/h3>\n<p>L&#8217;un des grands avantages de ce tuyau d&#8217;aspirateur est sa compatibilit\u00e9. Le tuyau convient \u00e0 tous les mod\u00e8les d&#8217;aspirateurs Kirby, vous n&#8217;avez donc pas \u00e0 vous soucier de la bonne connexion. Que vous ayez un mod\u00e8le plus ancien ou plus r\u00e9cent, le tuyau flexible d&#8217;aspirateur Kirby reconditionn\u00e9 s&#8217;adapte parfaitement et garantit des performances optimales.<\/p>\n<h3>Durable et respectueux de l&#8217;environnement<\/h3>\n<p>En choisissant un tuyau reconditionn\u00e9, vous faites non seulement un choix intelligent pour votre portefeuille, mais vous contribuez \u00e9galement \u00e0 un monde plus durable. En utilisant des produits reconditionn\u00e9s, vous contribuez \u00e0 r\u00e9duire les d\u00e9chets et \u00e0 prolonger la dur\u00e9e de vie d&#8217;\u00e9quipements de haute qualit\u00e9.<\/p>\n<p>Les avantages en un coup d&#8217;\u0153il :<\/p>\n<ul>\n<li>Produit Kirby d&#8217;origine : qualit\u00e9 et durabilit\u00e9 garanties.<\/li>\n<li>Flexible et extensible : de 1 m\u00e8tre \u00e0 4 m\u00e8tres, id\u00e9al pour les zones difficiles d&#8217;acc\u00e8s.<\/li>\n<li>Enti\u00e8rement reconditionn\u00e9 : fonctionne comme un neuf.<\/li>\n<li>Compatibilit\u00e9 universelle : convient \u00e0 tous les mod\u00e8les d&#8217;aspirateurs Kirby.<\/li>\n<li>Respect de l&#8217;environnement : un choix durable qui a moins d&#8217;impact sur l&#8217;environnement.<\/li>\n<\/ul>\n<h3>Commande en ligne facile<\/h3>\n<p>En quelques clics, vous pouvez ajouter le tuyau flexible d&#8217;aspirateur Kirby reconditionn\u00e9 \u00e0 votre panier d&#8217;achat. Nous assurons une livraison rapide, afin que vous puissiez profiter \u00e0 nouveau d&#8217;un aspirateur qui nettoie sans effort toutes les surfaces d\u00e8s que possible.<\/p>\n<h3>Pourquoi choisir un Flexible pour Kirby 1m-4m Reconditionn\u00e9 ?<\/h3>\n<p>Beaucoup de gens h\u00e9sitent \u00e0 acheter un produit reconditionn\u00e9, mais avec Kirby, vous pouvez \u00eatre s\u00fbr d&#8217;obtenir de la qualit\u00e9. Ce tuyau a \u00e9t\u00e9 soigneusement contr\u00f4l\u00e9 et, le cas \u00e9ch\u00e9ant, \u00e9quip\u00e9 de nouvelles pi\u00e8ces. Vous pouvez donc compter sur sa fiabilit\u00e9 et ses excellentes performances.<\/p>\n<h3>Conclusion<\/h3>\n<p>Le Flexible Vacuum Hose est le choix id\u00e9al pour ceux qui recherchent une solution de haute qualit\u00e9, respectueuse de l&#8217;environnement et abordable. Gr\u00e2ce \u00e0 son inspection et \u00e0 sa remise \u00e0 neuf approfondies, vous b\u00e9n\u00e9ficierez d&#8217;un produit qui r\u00e9pond aux normes les plus \u00e9lev\u00e9es, sans le co\u00fbt d&#8217;un tuyau neuf. Commandez d\u00e8s aujourd&#8217;hui et d\u00e9couvrez par vous-m\u00eame la commodit\u00e9 et la flexibilit\u00e9 de ce tuyau original Kirby !<\/p>\n","protected":false},"excerpt":{"rendered":"<p>Flexible adaptable pour Kirby Grande longueur 4 m\u00e8tres S\u2019installe sur l\u2019embout moteur Kirby Comprend l\u2019embout accessoire.<\/p>\n[trustindex data-widget-id=e3bb80b24fa128098b960fc2439]\n<h3><span style=\"color: #008000;\"><br \/>\nEn stock<\/span><\/h3>\n[av_font_icon icon='ue812' font='entypo-fontello' style='' caption='' size='25px' position='left' color='#43ad66' link='' linktarget='' title_attr='' sonar_effect_effect='' sonar_effect_color='' sonar_effect_duration='1' sonar_effect_scale='' sonar_effect_opac='0.5' animation='' id='' custom_class='' template_class='' av_uid='' sc_version='1.0' admin_preview_bg=''][\/av_font_icon]\n<p><span style=\"color: #008000;\">Command\u00e9 23:59, exp\u00e9di\u00e9 demain<\/span><\/p>\n<p>&nbsp;<\/p>\n","protected":false},"featured_media":57369,"comment_status":"open","ping_status":"closed","template":"","meta":{"_acf_changed":false},"product_brand":[],"product_cat":[319],"product_tag":[],"class_list":{"0":"post-57399","1":"product","2":"type-product","3":"status-publish","4":"has-post-thumbnail","6":"product_cat-flexibles-kirby-et-accessoires","8":"first","9":"outofstock","10":"taxable","11":"shipping-taxable","12":"product-type-variable"},"acf":[],"yoast_head":"<!-- This site is optimized with the Yoast SEO Premium plugin v27.1 (Yoast SEO v27.4) - https:\/\/yoast.com\/product\/yoast-seo-premium-wordpress\/ -->\n<title>Flexible pour Kirby 1m-4m Reconditionn\u00e9 - Veltec Kirby specialist<\/title>\n<meta name=\"description\" content=\"Flexible pour Kirby 1m-4m Reconditionn\u00e9 - Veltec est un fournisseur d&#039;aspirateurs Kirby et un sp\u00e9cialiste de Kirby depuis plus de 25 ans.\" \/>\n<meta name=\"robots\" content=\"index, follow, max-snippet:-1, max-image-preview:large, max-video-preview:-1\" \/>\n<link rel=\"canonical\" href=\"https:\/\/www.veltec.eu\/fr\/product\/flexible-pour-kirby-1m-4m-reconditionne\/\" \/>\n<meta property=\"og:locale\" content=\"fr_FR\" \/>\n<meta property=\"og:type\" content=\"article\" \/>\n<meta property=\"og:title\" content=\"Flexible pour Kirby 1m-4m Reconditionn\u00e9\" \/>\n<meta property=\"og:description\" content=\"Flexible adaptable pour Kirby Grande longueur 4 m\u00e8tres S\u2019installe sur l\u2019embout moteur Kirby Comprend l\u2019embout accessoire.    En stock   Command\u00e9 23:59, exp\u00e9di\u00e9 demain  &nbsp;\" \/>\n<meta property=\"og:url\" content=\"https:\/\/www.veltec.eu\/fr\/product\/flexible-pour-kirby-1m-4m-reconditionne\/\" \/>\n<meta property=\"og:site_name\" content=\"Veltec Kirby specialist\" \/>\n<meta property=\"article:publisher\" content=\"https:\/\/www.facebook.com\/Veltec-Kirby-Specialist-236746293374877\/\" \/>\n<meta property=\"article:modified_time\" content=\"2024-12-20T14:11:48+00:00\" \/>\n<meta property=\"og:image\" content=\"https:\/\/www.veltec.eu\/wp-content\/uploads\/2024\/03\/Fex-hose-kirby.jpg\" \/>\n\t<meta property=\"og:image:width\" content=\"600\" \/>\n\t<meta property=\"og:image:height\" content=\"600\" \/>\n\t<meta property=\"og:image:type\" content=\"image\/jpeg\" \/>\n<meta name=\"twitter:card\" content=\"summary_large_image\" \/>\n<meta name=\"twitter:label1\" content=\"Dur\u00e9e de lecture estim\u00e9e\" \/>\n\t<meta name=\"twitter:data1\" content=\"3 minutes\" \/>\n<script type=\"application\/ld+json\" class=\"yoast-schema-graph\">{\"@context\":\"https:\\\/\\\/schema.org\",\"@graph\":[{\"@type\":\"WebPage\",\"@id\":\"https:\\\/\\\/www.veltec.eu\\\/fr\\\/product\\\/flexible-pour-kirby-1m-4m-reconditionne\\\/\",\"url\":\"https:\\\/\\\/www.veltec.eu\\\/fr\\\/product\\\/flexible-pour-kirby-1m-4m-reconditionne\\\/\",\"name\":\"Flexible pour Kirby 1m-4m Reconditionn\u00e9 - Veltec Kirby specialist\",\"isPartOf\":{\"@id\":\"https:\\\/\\\/www.veltec.eu\\\/en\\\/#website\"},\"primaryImageOfPage\":{\"@id\":\"https:\\\/\\\/www.veltec.eu\\\/fr\\\/product\\\/flexible-pour-kirby-1m-4m-reconditionne\\\/#primaryimage\"},\"image\":{\"@id\":\"https:\\\/\\\/www.veltec.eu\\\/fr\\\/product\\\/flexible-pour-kirby-1m-4m-reconditionne\\\/#primaryimage\"},\"thumbnailUrl\":\"https:\\\/\\\/www.veltec.eu\\\/wp-content\\\/uploads\\\/2024\\\/03\\\/Fex-hose-kirby.jpg\",\"datePublished\":\"2024-03-11T08:40:09+00:00\",\"dateModified\":\"2024-12-20T14:11:48+00:00\",\"description\":\"Flexible pour Kirby 1m-4m Reconditionn\u00e9 - Veltec est un fournisseur d'aspirateurs Kirby et un sp\u00e9cialiste de Kirby depuis plus de 25 ans.\",\"breadcrumb\":{\"@id\":\"https:\\\/\\\/www.veltec.eu\\\/fr\\\/product\\\/flexible-pour-kirby-1m-4m-reconditionne\\\/#breadcrumb\"},\"inLanguage\":\"fr-FR\",\"potentialAction\":[{\"@type\":\"ReadAction\",\"target\":[\"https:\\\/\\\/www.veltec.eu\\\/fr\\\/product\\\/flexible-pour-kirby-1m-4m-reconditionne\\\/\"]}]},{\"@type\":\"ImageObject\",\"inLanguage\":\"fr-FR\",\"@id\":\"https:\\\/\\\/www.veltec.eu\\\/fr\\\/product\\\/flexible-pour-kirby-1m-4m-reconditionne\\\/#primaryimage\",\"url\":\"https:\\\/\\\/www.veltec.eu\\\/wp-content\\\/uploads\\\/2024\\\/03\\\/Fex-hose-kirby.jpg\",\"contentUrl\":\"https:\\\/\\\/www.veltec.eu\\\/wp-content\\\/uploads\\\/2024\\\/03\\\/Fex-hose-kirby.jpg\",\"width\":600,\"height\":600},{\"@type\":\"BreadcrumbList\",\"@id\":\"https:\\\/\\\/www.veltec.eu\\\/fr\\\/product\\\/flexible-pour-kirby-1m-4m-reconditionne\\\/#breadcrumb\",\"itemListElement\":[{\"@type\":\"ListItem\",\"position\":1,\"name\":\"Home\",\"item\":\"https:\\\/\\\/www.veltec.eu\\\/fr\\\/accueil\\\/\"},{\"@type\":\"ListItem\",\"position\":2,\"name\":\"Boutique Kirby\",\"item\":\"https:\\\/\\\/www.veltec.eu\\\/fr\\\/boutique-kirby\\\/\"},{\"@type\":\"ListItem\",\"position\":3,\"name\":\"Flexible pour Kirby 1m-4m Reconditionn\u00e9\"}]},{\"@type\":\"WebSite\",\"@id\":\"https:\\\/\\\/www.veltec.eu\\\/en\\\/#website\",\"url\":\"https:\\\/\\\/www.veltec.eu\\\/en\\\/\",\"name\":\"Veltec Kirby specialist\",\"description\":\"Kirby stofzuiger producten\",\"publisher\":{\"@id\":\"https:\\\/\\\/www.veltec.eu\\\/en\\\/#organization\"},\"potentialAction\":[{\"@type\":\"SearchAction\",\"target\":{\"@type\":\"EntryPoint\",\"urlTemplate\":\"https:\\\/\\\/www.veltec.eu\\\/en\\\/?s={search_term_string}\"},\"query-input\":{\"@type\":\"PropertyValueSpecification\",\"valueRequired\":true,\"valueName\":\"search_term_string\"}}],\"inLanguage\":\"fr-FR\"},{\"@type\":\"Organization\",\"@id\":\"https:\\\/\\\/www.veltec.eu\\\/en\\\/#organization\",\"name\":\"Veltec Kirby Specialist\",\"url\":\"https:\\\/\\\/www.veltec.eu\\\/en\\\/\",\"logo\":{\"@type\":\"ImageObject\",\"inLanguage\":\"fr-FR\",\"@id\":\"https:\\\/\\\/www.veltec.eu\\\/en\\\/#\\\/schema\\\/logo\\\/image\\\/\",\"url\":\"https:\\\/\\\/www.veltec.eu\\\/wp-content\\\/uploads\\\/2021\\\/12\\\/Veltec-log-groot-e1537260889125.png\",\"contentUrl\":\"https:\\\/\\\/www.veltec.eu\\\/wp-content\\\/uploads\\\/2021\\\/12\\\/Veltec-log-groot-e1537260889125.png\",\"width\":200,\"height\":60,\"caption\":\"Veltec Kirby Specialist\"},\"image\":{\"@id\":\"https:\\\/\\\/www.veltec.eu\\\/en\\\/#\\\/schema\\\/logo\\\/image\\\/\"},\"sameAs\":[\"https:\\\/\\\/www.facebook.com\\\/Veltec-Kirby-Specialist-236746293374877\\\/\",\"https:\\\/\\\/www.youtube.com\\\/user\\\/VeltecService\"]}]}<\/script>\n<!-- \/ Yoast SEO Premium plugin. -->","yoast_head_json":{"title":"Flexible pour Kirby 1m-4m Reconditionn\u00e9 - Veltec Kirby specialist","description":"Flexible pour Kirby 1m-4m Reconditionn\u00e9 - Veltec est un fournisseur d'aspirateurs Kirby et un sp\u00e9cialiste de Kirby depuis plus de 25 ans.","robots":{"index":"index","follow":"follow","max-snippet":"max-snippet:-1","max-image-preview":"max-image-preview:large","max-video-preview":"max-video-preview:-1"},"canonical":"https:\/\/www.veltec.eu\/fr\/product\/flexible-pour-kirby-1m-4m-reconditionne\/","og_locale":"fr_FR","og_type":"article","og_title":"Flexible pour Kirby 1m-4m Reconditionn\u00e9","og_description":"Flexible adaptable pour Kirby Grande longueur 4 m\u00e8tres S\u2019installe sur l\u2019embout moteur Kirby Comprend l\u2019embout accessoire.    En stock   Command\u00e9 23:59, exp\u00e9di\u00e9 demain  &nbsp;","og_url":"https:\/\/www.veltec.eu\/fr\/product\/flexible-pour-kirby-1m-4m-reconditionne\/","og_site_name":"Veltec Kirby specialist","article_publisher":"https:\/\/www.facebook.com\/Veltec-Kirby-Specialist-236746293374877\/","article_modified_time":"2024-12-20T14:11:48+00:00","og_image":[{"width":600,"height":600,"url":"https:\/\/www.veltec.eu\/wp-content\/uploads\/2024\/03\/Fex-hose-kirby.jpg","type":"image\/jpeg"}],"twitter_card":"summary_large_image","twitter_misc":{"Dur\u00e9e de lecture estim\u00e9e":"3 minutes"},"schema":{"@context":"https:\/\/schema.org","@graph":[{"@type":"WebPage","@id":"https:\/\/www.veltec.eu\/fr\/product\/flexible-pour-kirby-1m-4m-reconditionne\/","url":"https:\/\/www.veltec.eu\/fr\/product\/flexible-pour-kirby-1m-4m-reconditionne\/","name":"Flexible pour Kirby 1m-4m Reconditionn\u00e9 - Veltec Kirby specialist","isPartOf":{"@id":"https:\/\/www.veltec.eu\/en\/#website"},"primaryImageOfPage":{"@id":"https:\/\/www.veltec.eu\/fr\/product\/flexible-pour-kirby-1m-4m-reconditionne\/#primaryimage"},"image":{"@id":"https:\/\/www.veltec.eu\/fr\/product\/flexible-pour-kirby-1m-4m-reconditionne\/#primaryimage"},"thumbnailUrl":"https:\/\/www.veltec.eu\/wp-content\/uploads\/2024\/03\/Fex-hose-kirby.jpg","datePublished":"2024-03-11T08:40:09+00:00","dateModified":"2024-12-20T14:11:48+00:00","description":"Flexible pour Kirby 1m-4m Reconditionn\u00e9 - Veltec est un fournisseur d'aspirateurs Kirby et un sp\u00e9cialiste de Kirby depuis plus de 25 ans.","breadcrumb":{"@id":"https:\/\/www.veltec.eu\/fr\/product\/flexible-pour-kirby-1m-4m-reconditionne\/#breadcrumb"},"inLanguage":"fr-FR","potentialAction":[{"@type":"ReadAction","target":["https:\/\/www.veltec.eu\/fr\/product\/flexible-pour-kirby-1m-4m-reconditionne\/"]}]},{"@type":"ImageObject","inLanguage":"fr-FR","@id":"https:\/\/www.veltec.eu\/fr\/product\/flexible-pour-kirby-1m-4m-reconditionne\/#primaryimage","url":"https:\/\/www.veltec.eu\/wp-content\/uploads\/2024\/03\/Fex-hose-kirby.jpg","contentUrl":"https:\/\/www.veltec.eu\/wp-content\/uploads\/2024\/03\/Fex-hose-kirby.jpg","width":600,"height":600},{"@type":"BreadcrumbList","@id":"https:\/\/www.veltec.eu\/fr\/product\/flexible-pour-kirby-1m-4m-reconditionne\/#breadcrumb","itemListElement":[{"@type":"ListItem","position":1,"name":"Home","item":"https:\/\/www.veltec.eu\/fr\/accueil\/"},{"@type":"ListItem","position":2,"name":"Boutique Kirby","item":"https:\/\/www.veltec.eu\/fr\/boutique-kirby\/"},{"@type":"ListItem","position":3,"name":"Flexible pour Kirby 1m-4m Reconditionn\u00e9"}]},{"@type":"WebSite","@id":"https:\/\/www.veltec.eu\/en\/#website","url":"https:\/\/www.veltec.eu\/en\/","name":"Veltec Kirby specialist","description":"Kirby stofzuiger producten","publisher":{"@id":"https:\/\/www.veltec.eu\/en\/#organization"},"potentialAction":[{"@type":"SearchAction","target":{"@type":"EntryPoint","urlTemplate":"https:\/\/www.veltec.eu\/en\/?s={search_term_string}"},"query-input":{"@type":"PropertyValueSpecification","valueRequired":true,"valueName":"search_term_string"}}],"inLanguage":"fr-FR"},{"@type":"Organization","@id":"https:\/\/www.veltec.eu\/en\/#organization","name":"Veltec Kirby Specialist","url":"https:\/\/www.veltec.eu\/en\/","logo":{"@type":"ImageObject","inLanguage":"fr-FR","@id":"https:\/\/www.veltec.eu\/en\/#\/schema\/logo\/image\/","url":"https:\/\/www.veltec.eu\/wp-content\/uploads\/2021\/12\/Veltec-log-groot-e1537260889125.png","contentUrl":"https:\/\/www.veltec.eu\/wp-content\/uploads\/2021\/12\/Veltec-log-groot-e1537260889125.png","width":200,"height":60,"caption":"Veltec Kirby Specialist"},"image":{"@id":"https:\/\/www.veltec.eu\/en\/#\/schema\/logo\/image\/"},"sameAs":["https:\/\/www.facebook.com\/Veltec-Kirby-Specialist-236746293374877\/","https:\/\/www.youtube.com\/user\/VeltecService"]}]}},"_links":{"self":[{"href":"https:\/\/www.veltec.eu\/fr\/wp-json\/wp\/v2\/product\/57399","targetHints":{"allow":["GET"]}}],"collection":[{"href":"https:\/\/www.veltec.eu\/fr\/wp-json\/wp\/v2\/product"}],"about":[{"href":"https:\/\/www.veltec.eu\/fr\/wp-json\/wp\/v2\/types\/product"}],"replies":[{"embeddable":true,"href":"https:\/\/www.veltec.eu\/fr\/wp-json\/wp\/v2\/comments?post=57399"}],"wp:featuredmedia":[{"embeddable":true,"href":"https:\/\/www.veltec.eu\/fr\/wp-json\/wp\/v2\/media\/57369"}],"wp:attachment":[{"href":"https:\/\/www.veltec.eu\/fr\/wp-json\/wp\/v2\/media?parent=57399"}],"wp:term":[{"taxonomy":"product_brand","embeddable":true,"href":"https:\/\/www.veltec.eu\/fr\/wp-json\/wp\/v2\/product_brand?post=57399"},{"taxonomy":"product_cat","embeddable":true,"href":"https:\/\/www.veltec.eu\/fr\/wp-json\/wp\/v2\/product_cat?post=57399"},{"taxonomy":"product_tag","embeddable":true,"href":"https:\/\/www.veltec.eu\/fr\/wp-json\/wp\/v2\/product_tag?post=57399"}],"curies":[{"name":"wp","href":"https:\/\/api.w.org\/{rel}","templated":true}]}}