{"id":53280,"date":"2023-03-20T14:04:02","date_gmt":"2023-03-20T12:04:02","guid":{"rendered":"https:\/\/www.veltec.eu\/product\/aspirateur-a-matelas-3000\/"},"modified":"2024-07-15T12:07:56","modified_gmt":"2024-07-15T10:07:56","slug":"aspirateur-a-matelas-3000-05569","status":"publish","type":"product","link":"https:\/\/www.veltec.eu\/fr\/product\/aspirateur-a-matelas-3000-05569\/","title":{"rendered":"Aspirateur \u00e0 matelas 3000"},"content":{"rendered":"<p>Aspirateur pour matelas et tissus d&#8217;ameublement d&#8217;une puissance de 300 W et d&#8217;une puissance d&#8217;aspiration de 10 kPa. Comprend une lumi\u00e8re ultraviolette UV-C qui \u00e9limine 99,9 % des allerg\u00e8nes. La technologie de la brosse motoris\u00e9e permet d&#8217;\u00e9liminer les acariens des matelas et la technologie de l&#8217;air chaud d\u00e9sinfecte pour un nettoyage parfait des matelas.<\/p>\n<ul>\n<li>Aspirateur pour matelas et tissus d&#8217;ameublement d&#8217;une puissance de 300 W et d&#8217;une puissance d&#8217;aspiration de 10 kPa.<\/li>\n<li>Inclut une lumi\u00e8re ultraviolette UV-C qui \u00e9limine 99,9 % des allerg\u00e8nes. La technologie de la brosse motoris\u00e9e aide \u00e0 \u00e9liminer les acariens des matelas et la technologie de l&#8217;air chaud d\u00e9sinfecte.<\/li>\n<li>La technologie ForceSonic augmente la puissance maximale \u00e0 300 W pour \u00e9liminer toutes les salet\u00e9s et tous les allerg\u00e8nes.<br \/>\nGr\u00e2ce \u00e0 la lumi\u00e8re ultraviolette int\u00e9gr\u00e9e d&#8217;une longueur d&#8217;onde de 253,7 nm, il \u00e9limine jusqu&#8217;\u00e0 99,9 % des acariens et des bact\u00e9ries qui s&#8217;accumulent sur les tissus d&#8217;ameublement et les matelas.<\/li>\n<li>\u00c9limine les sympt\u00f4mes d&#8217;allergie en un seul geste gr\u00e2ce \u00e0 la lumi\u00e8re UV-C.<\/li>\n<li>Comprend la technologie Power Brush avec une brosse motoris\u00e9e en poils et en silicone qui \u00e9limine les allerg\u00e8nes de vos matelas.<\/li>\n<li>Gr\u00e2ce \u00e0 la brosse motoris\u00e9e, il est capable d&#8217;aspirer les allerg\u00e8nes les plus incrust\u00e9s pour les \u00e9liminer efficacement.<\/li>\n<li>Il g\u00e9n\u00e8re une puissance d&#8217;aspiration \u00e9lev\u00e9e (jusqu&#8217;\u00e0 10 kPa) qui capture tous les acariens, les allerg\u00e8nes et la salet\u00e9.<\/li>\n<\/ul>\n","protected":false},"excerpt":{"rendered":"<p>Aspirateur pour matelas et tissus d&#8217;ameublement d&#8217;une puissance de 300 W et d&#8217;une puissance d&#8217;aspiration de 10 kPa. Comprend une lumi\u00e8re ultraviolette UV-C qui \u00e9limine 99,9 % des allerg\u00e8nes. La technologie de la brosse motoris\u00e9e permet d&#8217;\u00e9liminer les acariens des matelas et la technologie de l&#8217;air chaud d\u00e9sinfecte pour un nettoyage parfait des matelas.<\/p>\n<h3 class=\"western\" align=\"left\"><span style=\"color: #008000;\">En stock<\/span><\/h3>\n<p align=\"left\">[av_font_icon icon='ue812' font='entypo-fontello' style='' caption='' size='25px' position='left' color='#43ad66' link='' linktarget='' title_attr='' sonar_effect_effect='' sonar_effect_color='' sonar_effect_duration='1' sonar_effect_scale='' sonar_effect_opac='0.5' animation='' id='' custom_class='' template_class='' av_uid='' sc_version='1.0' admin_preview_bg=''][\/av_font_icon]<\/p>\n<p><span style=\"color: #008000;\">Le d\u00e9lai de livraison est de 5 \u00e0 10 jours ouvrables<\/span><\/p>\n<p align=\"left\">[av_font_icon icon='ue812' font='entypo-fontello' style='' caption='' size='25px' position='left' color='#43ad66' link='' linktarget='' title_attr='' sonar_effect_effect='' sonar_effect_color='' sonar_effect_duration='1' sonar_effect_scale='' sonar_effect_opac='0.5' animation='' id='' custom_class='' template_class='' av_uid='' sc_version='1.0' admin_preview_bg=''][\/av_font_icon]<\/p>\n<p><span style=\"color: #008000;\">Garantie de 2 ans<\/span><\/p>\n<p>&nbsp;<\/p>\n","protected":false},"featured_media":53221,"comment_status":"open","ping_status":"closed","template":"","meta":{"_acf_changed":false},"product_brand":[],"product_cat":[26],"product_tag":[],"class_list":{"0":"post-53280","1":"product","2":"type-product","3":"status-publish","4":"has-post-thumbnail","6":"product_cat-overige-producten","8":"first","9":"outofstock","10":"taxable","11":"shipping-taxable","12":"purchasable","13":"product-type-simple"},"acf":[],"yoast_head":"<!-- This site is optimized with the Yoast SEO Premium plugin v27.1 (Yoast SEO v27.4) - https:\/\/yoast.com\/product\/yoast-seo-premium-wordpress\/ -->\n<title>Aspirateur \u00e0 matelas 3000 - Veltec Kirby specialist<\/title>\n<meta name=\"description\" content=\"Aspirateur \u00e0 matelas 3000 - Fournisseur des aspirateurs Kirby depuis 25 ans. Et est votre sp\u00e9cialiste de confiance en mati\u00e8re de service Kirby.\" \/>\n<meta name=\"robots\" content=\"index, follow, max-snippet:-1, max-image-preview:large, max-video-preview:-1\" \/>\n<link rel=\"canonical\" href=\"https:\/\/www.veltec.eu\/fr\/product\/aspirateur-a-matelas-3000-05569\/\" \/>\n<meta property=\"og:locale\" content=\"fr_FR\" \/>\n<meta property=\"og:type\" content=\"article\" \/>\n<meta property=\"og:title\" content=\"Aspirateur \u00e0 matelas 3000\" \/>\n<meta property=\"og:description\" content=\"Aspirateur pour matelas et tissus d&#039;ameublement d&#039;une puissance de 300 W et d&#039;une puissance d&#039;aspiration de 10 kPa. Comprend une lumi\u00e8re ultraviolette UV-C qui \u00e9limine 99,9 % des allerg\u00e8nes. La technologie de la brosse motoris\u00e9e permet d&#039;\u00e9liminer les acariens des matelas et la technologie de l&#039;air chaud d\u00e9sinfecte pour un nettoyage parfait des matelas. En stock  Le d\u00e9lai de livraison est de 5 \u00e0 10 jours ouvrables  Garantie de 2 ans  &nbsp;\" \/>\n<meta property=\"og:url\" content=\"https:\/\/www.veltec.eu\/fr\/product\/aspirateur-a-matelas-3000-05569\/\" \/>\n<meta property=\"og:site_name\" content=\"Veltec Kirby specialist\" \/>\n<meta property=\"article:publisher\" content=\"https:\/\/www.facebook.com\/Veltec-Kirby-Specialist-236746293374877\/\" \/>\n<meta property=\"article:modified_time\" content=\"2024-07-15T10:07:56+00:00\" \/>\n<meta property=\"og:image\" content=\"https:\/\/www.veltec.eu\/wp-content\/uploads\/2023\/03\/conga-popstar-3000-mattress_znu6vd_1.png\" \/>\n\t<meta property=\"og:image:width\" content=\"640\" \/>\n\t<meta property=\"og:image:height\" content=\"640\" \/>\n\t<meta property=\"og:image:type\" content=\"image\/png\" \/>\n<meta name=\"twitter:card\" content=\"summary_large_image\" \/>\n<meta name=\"twitter:label1\" content=\"Dur\u00e9e de lecture estim\u00e9e\" \/>\n\t<meta name=\"twitter:data1\" content=\"2 minutes\" \/>\n<script type=\"application\/ld+json\" class=\"yoast-schema-graph\">{\"@context\":\"https:\\\/\\\/schema.org\",\"@graph\":[{\"@type\":\"WebPage\",\"@id\":\"https:\\\/\\\/www.veltec.eu\\\/fr\\\/product\\\/aspirateur-a-matelas-3000-05569\\\/\",\"url\":\"https:\\\/\\\/www.veltec.eu\\\/fr\\\/product\\\/aspirateur-a-matelas-3000-05569\\\/\",\"name\":\"Aspirateur \u00e0 matelas 3000 - Veltec Kirby specialist\",\"isPartOf\":{\"@id\":\"https:\\\/\\\/www.veltec.eu\\\/en\\\/#website\"},\"primaryImageOfPage\":{\"@id\":\"https:\\\/\\\/www.veltec.eu\\\/fr\\\/product\\\/aspirateur-a-matelas-3000-05569\\\/#primaryimage\"},\"image\":{\"@id\":\"https:\\\/\\\/www.veltec.eu\\\/fr\\\/product\\\/aspirateur-a-matelas-3000-05569\\\/#primaryimage\"},\"thumbnailUrl\":\"https:\\\/\\\/www.veltec.eu\\\/wp-content\\\/uploads\\\/2023\\\/03\\\/conga-popstar-3000-mattress_znu6vd_1.png\",\"datePublished\":\"2023-03-20T12:04:02+00:00\",\"dateModified\":\"2024-07-15T10:07:56+00:00\",\"description\":\"Aspirateur \u00e0 matelas 3000 - Fournisseur des aspirateurs Kirby depuis 25 ans. Et est votre sp\u00e9cialiste de confiance en mati\u00e8re de service Kirby.\",\"breadcrumb\":{\"@id\":\"https:\\\/\\\/www.veltec.eu\\\/fr\\\/product\\\/aspirateur-a-matelas-3000-05569\\\/#breadcrumb\"},\"inLanguage\":\"fr-FR\",\"potentialAction\":[{\"@type\":\"ReadAction\",\"target\":[\"https:\\\/\\\/www.veltec.eu\\\/fr\\\/product\\\/aspirateur-a-matelas-3000-05569\\\/\"]}]},{\"@type\":\"ImageObject\",\"inLanguage\":\"fr-FR\",\"@id\":\"https:\\\/\\\/www.veltec.eu\\\/fr\\\/product\\\/aspirateur-a-matelas-3000-05569\\\/#primaryimage\",\"url\":\"https:\\\/\\\/www.veltec.eu\\\/wp-content\\\/uploads\\\/2023\\\/03\\\/conga-popstar-3000-mattress_znu6vd_1.png\",\"contentUrl\":\"https:\\\/\\\/www.veltec.eu\\\/wp-content\\\/uploads\\\/2023\\\/03\\\/conga-popstar-3000-mattress_znu6vd_1.png\",\"width\":640,\"height\":640},{\"@type\":\"BreadcrumbList\",\"@id\":\"https:\\\/\\\/www.veltec.eu\\\/fr\\\/product\\\/aspirateur-a-matelas-3000-05569\\\/#breadcrumb\",\"itemListElement\":[{\"@type\":\"ListItem\",\"position\":1,\"name\":\"Home\",\"item\":\"https:\\\/\\\/www.veltec.eu\\\/fr\\\/accueil\\\/\"},{\"@type\":\"ListItem\",\"position\":2,\"name\":\"Boutique Kirby\",\"item\":\"https:\\\/\\\/www.veltec.eu\\\/fr\\\/boutique-kirby\\\/\"},{\"@type\":\"ListItem\",\"position\":3,\"name\":\"Aspirateur \u00e0 matelas 3000\"}]},{\"@type\":\"WebSite\",\"@id\":\"https:\\\/\\\/www.veltec.eu\\\/en\\\/#website\",\"url\":\"https:\\\/\\\/www.veltec.eu\\\/en\\\/\",\"name\":\"Veltec Kirby specialist\",\"description\":\"Kirby stofzuiger producten\",\"publisher\":{\"@id\":\"https:\\\/\\\/www.veltec.eu\\\/en\\\/#organization\"},\"potentialAction\":[{\"@type\":\"SearchAction\",\"target\":{\"@type\":\"EntryPoint\",\"urlTemplate\":\"https:\\\/\\\/www.veltec.eu\\\/en\\\/?s={search_term_string}\"},\"query-input\":{\"@type\":\"PropertyValueSpecification\",\"valueRequired\":true,\"valueName\":\"search_term_string\"}}],\"inLanguage\":\"fr-FR\"},{\"@type\":\"Organization\",\"@id\":\"https:\\\/\\\/www.veltec.eu\\\/en\\\/#organization\",\"name\":\"Veltec Kirby Specialist\",\"url\":\"https:\\\/\\\/www.veltec.eu\\\/en\\\/\",\"logo\":{\"@type\":\"ImageObject\",\"inLanguage\":\"fr-FR\",\"@id\":\"https:\\\/\\\/www.veltec.eu\\\/en\\\/#\\\/schema\\\/logo\\\/image\\\/\",\"url\":\"https:\\\/\\\/www.veltec.eu\\\/wp-content\\\/uploads\\\/2021\\\/12\\\/Veltec-log-groot-e1537260889125.png\",\"contentUrl\":\"https:\\\/\\\/www.veltec.eu\\\/wp-content\\\/uploads\\\/2021\\\/12\\\/Veltec-log-groot-e1537260889125.png\",\"width\":200,\"height\":60,\"caption\":\"Veltec Kirby Specialist\"},\"image\":{\"@id\":\"https:\\\/\\\/www.veltec.eu\\\/en\\\/#\\\/schema\\\/logo\\\/image\\\/\"},\"sameAs\":[\"https:\\\/\\\/www.facebook.com\\\/Veltec-Kirby-Specialist-236746293374877\\\/\",\"https:\\\/\\\/www.youtube.com\\\/user\\\/VeltecService\"]}]}<\/script>\n<!-- \/ Yoast SEO Premium plugin. -->","yoast_head_json":{"title":"Aspirateur \u00e0 matelas 3000 - Veltec Kirby specialist","description":"Aspirateur \u00e0 matelas 3000 - Fournisseur des aspirateurs Kirby depuis 25 ans. Et est votre sp\u00e9cialiste de confiance en mati\u00e8re de service Kirby.","robots":{"index":"index","follow":"follow","max-snippet":"max-snippet:-1","max-image-preview":"max-image-preview:large","max-video-preview":"max-video-preview:-1"},"canonical":"https:\/\/www.veltec.eu\/fr\/product\/aspirateur-a-matelas-3000-05569\/","og_locale":"fr_FR","og_type":"article","og_title":"Aspirateur \u00e0 matelas 3000","og_description":"Aspirateur pour matelas et tissus d'ameublement d'une puissance de 300 W et d'une puissance d'aspiration de 10 kPa. Comprend une lumi\u00e8re ultraviolette UV-C qui \u00e9limine 99,9 % des allerg\u00e8nes. La technologie de la brosse motoris\u00e9e permet d'\u00e9liminer les acariens des matelas et la technologie de l'air chaud d\u00e9sinfecte pour un nettoyage parfait des matelas. En stock  Le d\u00e9lai de livraison est de 5 \u00e0 10 jours ouvrables  Garantie de 2 ans  &nbsp;","og_url":"https:\/\/www.veltec.eu\/fr\/product\/aspirateur-a-matelas-3000-05569\/","og_site_name":"Veltec Kirby specialist","article_publisher":"https:\/\/www.facebook.com\/Veltec-Kirby-Specialist-236746293374877\/","article_modified_time":"2024-07-15T10:07:56+00:00","og_image":[{"width":640,"height":640,"url":"https:\/\/www.veltec.eu\/wp-content\/uploads\/2023\/03\/conga-popstar-3000-mattress_znu6vd_1.png","type":"image\/png"}],"twitter_card":"summary_large_image","twitter_misc":{"Dur\u00e9e de lecture estim\u00e9e":"2 minutes"},"schema":{"@context":"https:\/\/schema.org","@graph":[{"@type":"WebPage","@id":"https:\/\/www.veltec.eu\/fr\/product\/aspirateur-a-matelas-3000-05569\/","url":"https:\/\/www.veltec.eu\/fr\/product\/aspirateur-a-matelas-3000-05569\/","name":"Aspirateur \u00e0 matelas 3000 - Veltec Kirby specialist","isPartOf":{"@id":"https:\/\/www.veltec.eu\/en\/#website"},"primaryImageOfPage":{"@id":"https:\/\/www.veltec.eu\/fr\/product\/aspirateur-a-matelas-3000-05569\/#primaryimage"},"image":{"@id":"https:\/\/www.veltec.eu\/fr\/product\/aspirateur-a-matelas-3000-05569\/#primaryimage"},"thumbnailUrl":"https:\/\/www.veltec.eu\/wp-content\/uploads\/2023\/03\/conga-popstar-3000-mattress_znu6vd_1.png","datePublished":"2023-03-20T12:04:02+00:00","dateModified":"2024-07-15T10:07:56+00:00","description":"Aspirateur \u00e0 matelas 3000 - Fournisseur des aspirateurs Kirby depuis 25 ans. Et est votre sp\u00e9cialiste de confiance en mati\u00e8re de service Kirby.","breadcrumb":{"@id":"https:\/\/www.veltec.eu\/fr\/product\/aspirateur-a-matelas-3000-05569\/#breadcrumb"},"inLanguage":"fr-FR","potentialAction":[{"@type":"ReadAction","target":["https:\/\/www.veltec.eu\/fr\/product\/aspirateur-a-matelas-3000-05569\/"]}]},{"@type":"ImageObject","inLanguage":"fr-FR","@id":"https:\/\/www.veltec.eu\/fr\/product\/aspirateur-a-matelas-3000-05569\/#primaryimage","url":"https:\/\/www.veltec.eu\/wp-content\/uploads\/2023\/03\/conga-popstar-3000-mattress_znu6vd_1.png","contentUrl":"https:\/\/www.veltec.eu\/wp-content\/uploads\/2023\/03\/conga-popstar-3000-mattress_znu6vd_1.png","width":640,"height":640},{"@type":"BreadcrumbList","@id":"https:\/\/www.veltec.eu\/fr\/product\/aspirateur-a-matelas-3000-05569\/#breadcrumb","itemListElement":[{"@type":"ListItem","position":1,"name":"Home","item":"https:\/\/www.veltec.eu\/fr\/accueil\/"},{"@type":"ListItem","position":2,"name":"Boutique Kirby","item":"https:\/\/www.veltec.eu\/fr\/boutique-kirby\/"},{"@type":"ListItem","position":3,"name":"Aspirateur \u00e0 matelas 3000"}]},{"@type":"WebSite","@id":"https:\/\/www.veltec.eu\/en\/#website","url":"https:\/\/www.veltec.eu\/en\/","name":"Veltec Kirby specialist","description":"Kirby stofzuiger producten","publisher":{"@id":"https:\/\/www.veltec.eu\/en\/#organization"},"potentialAction":[{"@type":"SearchAction","target":{"@type":"EntryPoint","urlTemplate":"https:\/\/www.veltec.eu\/en\/?s={search_term_string}"},"query-input":{"@type":"PropertyValueSpecification","valueRequired":true,"valueName":"search_term_string"}}],"inLanguage":"fr-FR"},{"@type":"Organization","@id":"https:\/\/www.veltec.eu\/en\/#organization","name":"Veltec Kirby Specialist","url":"https:\/\/www.veltec.eu\/en\/","logo":{"@type":"ImageObject","inLanguage":"fr-FR","@id":"https:\/\/www.veltec.eu\/en\/#\/schema\/logo\/image\/","url":"https:\/\/www.veltec.eu\/wp-content\/uploads\/2021\/12\/Veltec-log-groot-e1537260889125.png","contentUrl":"https:\/\/www.veltec.eu\/wp-content\/uploads\/2021\/12\/Veltec-log-groot-e1537260889125.png","width":200,"height":60,"caption":"Veltec Kirby Specialist"},"image":{"@id":"https:\/\/www.veltec.eu\/en\/#\/schema\/logo\/image\/"},"sameAs":["https:\/\/www.facebook.com\/Veltec-Kirby-Specialist-236746293374877\/","https:\/\/www.youtube.com\/user\/VeltecService"]}]}},"_links":{"self":[{"href":"https:\/\/www.veltec.eu\/fr\/wp-json\/wp\/v2\/product\/53280","targetHints":{"allow":["GET"]}}],"collection":[{"href":"https:\/\/www.veltec.eu\/fr\/wp-json\/wp\/v2\/product"}],"about":[{"href":"https:\/\/www.veltec.eu\/fr\/wp-json\/wp\/v2\/types\/product"}],"replies":[{"embeddable":true,"href":"https:\/\/www.veltec.eu\/fr\/wp-json\/wp\/v2\/comments?post=53280"}],"wp:featuredmedia":[{"embeddable":true,"href":"https:\/\/www.veltec.eu\/fr\/wp-json\/wp\/v2\/media\/53221"}],"wp:attachment":[{"href":"https:\/\/www.veltec.eu\/fr\/wp-json\/wp\/v2\/media?parent=53280"}],"wp:term":[{"taxonomy":"product_brand","embeddable":true,"href":"https:\/\/www.veltec.eu\/fr\/wp-json\/wp\/v2\/product_brand?post=53280"},{"taxonomy":"product_cat","embeddable":true,"href":"https:\/\/www.veltec.eu\/fr\/wp-json\/wp\/v2\/product_cat?post=53280"},{"taxonomy":"product_tag","embeddable":true,"href":"https:\/\/www.veltec.eu\/fr\/wp-json\/wp\/v2\/product_tag?post=53280"}],"curies":[{"name":"wp","href":"https:\/\/api.w.org\/{rel}","templated":true}]}}