{"id":48648,"date":"2022-03-30T13:39:35","date_gmt":"2022-03-30T11:39:35","guid":{"rendered":"https:\/\/www.veltec.eu\/product\/sacs-filtrant-kirby-micron-magic-plus-6x-remise-25\/"},"modified":"2025-01-23T17:23:15","modified_gmt":"2025-01-23T15:23:15","slug":"sacs-filtrant-kirby-micron-magic-plus-6x-remise-25","status":"publish","type":"product","link":"https:\/\/www.veltec.eu\/fr\/product\/sacs-filtrant-kirby-micron-magic-plus-6x-remise-25\/","title":{"rendered":"Sacs filtrant Kirby Micron Magic Plus 6x Remise 25%"},"content":{"rendered":"<p><strong>Sacs filtrant Kirby Micron Magic Plus 6x Remise 25%<\/strong><\/p>\n<p>Kirby Aspirateur MICRON MAGIC MICROALLERGEN PLUS sacs jetables avec filtration HEPA.<\/p>\n<p>Ces sacs Kirby Micron magiques ont la technologie MicroAllergen Plus et filtration HEPA pour pi\u00e9ger la poussi\u00e8re et la salet\u00e9.<\/p>\n<p>R\u00e9duit la poussi\u00e8re domestique commune, le pollen, les acariens et autres particules.<\/p>\n<p>pi\u00e8ges de filtration HEPA les particules jusqu\u2019\u00e0 .03 microns.<\/p>\n<p>Ce sont de v\u00e9ritables sacs Kirby en plastique scell\u00e9, 6 sacs viennent dans un paquet.<\/p>\n<p>lot de 2x 6 sacs d\u2019aspirateur dans un emballage.<\/p>\n<p>Le meilleur sac filtrant propos\u00e9 par Kirby.<br \/>\nCe sac filtrant est constitu\u00e9 de trois couches, dont deux int\u00e9rieures \u00e9paisses de type<br \/>\n\u00ab filtre absolu haute efficacit\u00e9 \u00bb (HEPA) et une couche ext\u00e9rieure en tissu \u00e9pais.<\/p>\n<p>Ce produit est adapt\u00e9 pour les types:<\/p>\n<p>Avalir<br \/>\nSentria II (G10D)<br \/>\nSentria (G10)<br \/>\nUltimate G Diamond Ed.(G7D or DE)<br \/>\nUltimate G (G7 or UG)<br \/>\nGeneration 6 (G6)<br \/>\nGeneration 5 (G5)<br \/>\nGeneration 4 (G4)<br \/>\nGeneration 3 (G3)<br \/>\nLegend II (LII, Legend 2)<\/p>\n","protected":false},"excerpt":{"rendered":"<p>Ces sacs Kirby Micron magiques ont la technologie MicroAllergen Plus et filtration HEPA pour pi\u00e9ger la poussi\u00e8re et la salet\u00e9.<br \/>\nR\u00e9duit la poussi\u00e8re domestique commune, le pollen, les acariens et autres particules.<\/p>\n[trustindex data-widget-id=e3bb80b24fa128098b960fc2439]\n<h3><span style=\"color: #008000;\"><br \/>\nEn stock<\/span><\/h3>\n[av_font_icon icon='ue812' font='entypo-fontello' style='' caption='' size='25px' position='left' color='#43ad66' link='' linktarget='' title_attr='' sonar_effect_effect='' sonar_effect_color='' sonar_effect_duration='1' sonar_effect_scale='' sonar_effect_opac='0.5' animation='' id='' custom_class='' template_class='' av_uid='' sc_version='1.0' admin_preview_bg=''][\/av_font_icon]\n<p><span style=\"color: #008000;\">Command\u00e9 23:59, exp\u00e9di\u00e9 demain<\/span><\/p>\n<p>&nbsp;<\/p>\n","protected":false},"featured_media":56680,"comment_status":"open","ping_status":"closed","template":"","meta":{"_acf_changed":false},"product_brand":[],"product_cat":[26],"product_tag":[],"class_list":{"0":"post-48648","1":"product","2":"type-product","3":"status-publish","4":"has-post-thumbnail","6":"product_cat-overige-producten","8":"first","9":"outofstock","10":"sale","11":"taxable","12":"shipping-taxable","13":"purchasable","14":"product-type-simple"},"acf":[],"yoast_head":"<!-- This site is optimized with the Yoast SEO Premium plugin v27.1 (Yoast SEO v27.5) - https:\/\/yoast.com\/product\/yoast-seo-premium-wordpress\/ -->\n<title>Sacs filtrant Kirby Micron Magic Plus 6x Remise 25% - Veltec Kirby specialist<\/title>\n<meta name=\"description\" content=\"Veltec is al ruim 20 jaar leverancier van Kirby stofzuigers. En is uw vertrouwde Kirby service specialist. Voor reparaties.\" \/>\n<meta name=\"robots\" content=\"index, follow, max-snippet:-1, max-image-preview:large, max-video-preview:-1\" \/>\n<link rel=\"canonical\" href=\"https:\/\/www.veltec.eu\/fr\/product\/sacs-filtrant-kirby-micron-magic-plus-6x-remise-25\/\" \/>\n<meta property=\"og:locale\" content=\"fr_FR\" \/>\n<meta property=\"og:type\" content=\"article\" \/>\n<meta property=\"og:title\" content=\"Sacs filtrant Kirby Micron Magic Plus 6x Remise 25%\" \/>\n<meta property=\"og:description\" content=\"Ces sacs Kirby Micron magiques ont la technologie MicroAllergen Plus et filtration HEPA pour pi\u00e9ger la poussi\u00e8re et la salet\u00e9. R\u00e9duit la poussi\u00e8re domestique commune, le pollen, les acariens et autres particules.    En stock   Command\u00e9 23:59, exp\u00e9di\u00e9 demain  &nbsp;\" \/>\n<meta property=\"og:url\" content=\"https:\/\/www.veltec.eu\/fr\/product\/sacs-filtrant-kirby-micron-magic-plus-6x-remise-25\/\" \/>\n<meta property=\"og:site_name\" content=\"Veltec Kirby specialist\" \/>\n<meta property=\"article:publisher\" content=\"https:\/\/www.facebook.com\/Veltec-Kirby-Specialist-236746293374877\/\" \/>\n<meta property=\"article:modified_time\" content=\"2025-01-23T15:23:15+00:00\" \/>\n<meta property=\"og:image\" content=\"https:\/\/www.veltec.eu\/wp-content\/uploads\/2022\/03\/Micron-Magic-Plus-1x.png\" \/>\n\t<meta property=\"og:image:width\" content=\"600\" \/>\n\t<meta property=\"og:image:height\" content=\"600\" \/>\n\t<meta property=\"og:image:type\" content=\"image\/png\" \/>\n<meta name=\"twitter:card\" content=\"summary_large_image\" \/>\n<meta name=\"twitter:label1\" content=\"Dur\u00e9e de lecture estim\u00e9e\" \/>\n\t<meta name=\"twitter:data1\" content=\"1 minute\" \/>\n<script type=\"application\/ld+json\" class=\"yoast-schema-graph\">{\"@context\":\"https:\\\/\\\/schema.org\",\"@graph\":[{\"@type\":\"WebPage\",\"@id\":\"https:\\\/\\\/www.veltec.eu\\\/fr\\\/product\\\/sacs-filtrant-kirby-micron-magic-plus-6x-remise-25\\\/\",\"url\":\"https:\\\/\\\/www.veltec.eu\\\/fr\\\/product\\\/sacs-filtrant-kirby-micron-magic-plus-6x-remise-25\\\/\",\"name\":\"Sacs filtrant Kirby Micron Magic Plus 6x Remise 25% - Veltec Kirby specialist\",\"isPartOf\":{\"@id\":\"https:\\\/\\\/www.veltec.eu\\\/en\\\/#website\"},\"primaryImageOfPage\":{\"@id\":\"https:\\\/\\\/www.veltec.eu\\\/fr\\\/product\\\/sacs-filtrant-kirby-micron-magic-plus-6x-remise-25\\\/#primaryimage\"},\"image\":{\"@id\":\"https:\\\/\\\/www.veltec.eu\\\/fr\\\/product\\\/sacs-filtrant-kirby-micron-magic-plus-6x-remise-25\\\/#primaryimage\"},\"thumbnailUrl\":\"https:\\\/\\\/www.veltec.eu\\\/wp-content\\\/uploads\\\/2022\\\/03\\\/Micron-Magic-Plus-1x.png\",\"datePublished\":\"2022-03-30T11:39:35+00:00\",\"dateModified\":\"2025-01-23T15:23:15+00:00\",\"description\":\"Veltec is al ruim 20 jaar leverancier van Kirby stofzuigers. En is uw vertrouwde Kirby service specialist. Voor reparaties.\",\"breadcrumb\":{\"@id\":\"https:\\\/\\\/www.veltec.eu\\\/fr\\\/product\\\/sacs-filtrant-kirby-micron-magic-plus-6x-remise-25\\\/#breadcrumb\"},\"inLanguage\":\"fr-FR\",\"potentialAction\":[{\"@type\":\"ReadAction\",\"target\":[\"https:\\\/\\\/www.veltec.eu\\\/fr\\\/product\\\/sacs-filtrant-kirby-micron-magic-plus-6x-remise-25\\\/\"]}]},{\"@type\":\"ImageObject\",\"inLanguage\":\"fr-FR\",\"@id\":\"https:\\\/\\\/www.veltec.eu\\\/fr\\\/product\\\/sacs-filtrant-kirby-micron-magic-plus-6x-remise-25\\\/#primaryimage\",\"url\":\"https:\\\/\\\/www.veltec.eu\\\/wp-content\\\/uploads\\\/2022\\\/03\\\/Micron-Magic-Plus-1x.png\",\"contentUrl\":\"https:\\\/\\\/www.veltec.eu\\\/wp-content\\\/uploads\\\/2022\\\/03\\\/Micron-Magic-Plus-1x.png\",\"width\":600,\"height\":600},{\"@type\":\"BreadcrumbList\",\"@id\":\"https:\\\/\\\/www.veltec.eu\\\/fr\\\/product\\\/sacs-filtrant-kirby-micron-magic-plus-6x-remise-25\\\/#breadcrumb\",\"itemListElement\":[{\"@type\":\"ListItem\",\"position\":1,\"name\":\"Home\",\"item\":\"https:\\\/\\\/www.veltec.eu\\\/fr\\\/accueil\\\/\"},{\"@type\":\"ListItem\",\"position\":2,\"name\":\"Boutique Kirby\",\"item\":\"https:\\\/\\\/www.veltec.eu\\\/fr\\\/boutique-kirby\\\/\"},{\"@type\":\"ListItem\",\"position\":3,\"name\":\"Sacs filtrant Kirby Micron Magic Plus 6x Remise 25%\"}]},{\"@type\":\"WebSite\",\"@id\":\"https:\\\/\\\/www.veltec.eu\\\/en\\\/#website\",\"url\":\"https:\\\/\\\/www.veltec.eu\\\/en\\\/\",\"name\":\"Veltec Kirby specialist\",\"description\":\"Kirby stofzuiger producten\",\"publisher\":{\"@id\":\"https:\\\/\\\/www.veltec.eu\\\/en\\\/#organization\"},\"potentialAction\":[{\"@type\":\"SearchAction\",\"target\":{\"@type\":\"EntryPoint\",\"urlTemplate\":\"https:\\\/\\\/www.veltec.eu\\\/en\\\/?s={search_term_string}\"},\"query-input\":{\"@type\":\"PropertyValueSpecification\",\"valueRequired\":true,\"valueName\":\"search_term_string\"}}],\"inLanguage\":\"fr-FR\"},{\"@type\":\"Organization\",\"@id\":\"https:\\\/\\\/www.veltec.eu\\\/en\\\/#organization\",\"name\":\"Veltec Kirby Specialist\",\"url\":\"https:\\\/\\\/www.veltec.eu\\\/en\\\/\",\"logo\":{\"@type\":\"ImageObject\",\"inLanguage\":\"fr-FR\",\"@id\":\"https:\\\/\\\/www.veltec.eu\\\/en\\\/#\\\/schema\\\/logo\\\/image\\\/\",\"url\":\"https:\\\/\\\/www.veltec.eu\\\/wp-content\\\/uploads\\\/2021\\\/12\\\/Veltec-log-groot-e1537260889125.png\",\"contentUrl\":\"https:\\\/\\\/www.veltec.eu\\\/wp-content\\\/uploads\\\/2021\\\/12\\\/Veltec-log-groot-e1537260889125.png\",\"width\":200,\"height\":60,\"caption\":\"Veltec Kirby Specialist\"},\"image\":{\"@id\":\"https:\\\/\\\/www.veltec.eu\\\/en\\\/#\\\/schema\\\/logo\\\/image\\\/\"},\"sameAs\":[\"https:\\\/\\\/www.facebook.com\\\/Veltec-Kirby-Specialist-236746293374877\\\/\",\"https:\\\/\\\/www.youtube.com\\\/user\\\/VeltecService\"]}]}<\/script>\n<!-- \/ Yoast SEO Premium plugin. -->","yoast_head_json":{"title":"Sacs filtrant Kirby Micron Magic Plus 6x Remise 25% - Veltec Kirby specialist","description":"Veltec is al ruim 20 jaar leverancier van Kirby stofzuigers. En is uw vertrouwde Kirby service specialist. Voor reparaties.","robots":{"index":"index","follow":"follow","max-snippet":"max-snippet:-1","max-image-preview":"max-image-preview:large","max-video-preview":"max-video-preview:-1"},"canonical":"https:\/\/www.veltec.eu\/fr\/product\/sacs-filtrant-kirby-micron-magic-plus-6x-remise-25\/","og_locale":"fr_FR","og_type":"article","og_title":"Sacs filtrant Kirby Micron Magic Plus 6x Remise 25%","og_description":"Ces sacs Kirby Micron magiques ont la technologie MicroAllergen Plus et filtration HEPA pour pi\u00e9ger la poussi\u00e8re et la salet\u00e9. R\u00e9duit la poussi\u00e8re domestique commune, le pollen, les acariens et autres particules.    En stock   Command\u00e9 23:59, exp\u00e9di\u00e9 demain  &nbsp;","og_url":"https:\/\/www.veltec.eu\/fr\/product\/sacs-filtrant-kirby-micron-magic-plus-6x-remise-25\/","og_site_name":"Veltec Kirby specialist","article_publisher":"https:\/\/www.facebook.com\/Veltec-Kirby-Specialist-236746293374877\/","article_modified_time":"2025-01-23T15:23:15+00:00","og_image":[{"width":600,"height":600,"url":"https:\/\/www.veltec.eu\/wp-content\/uploads\/2022\/03\/Micron-Magic-Plus-1x.png","type":"image\/png"}],"twitter_card":"summary_large_image","twitter_misc":{"Dur\u00e9e de lecture estim\u00e9e":"1 minute"},"schema":{"@context":"https:\/\/schema.org","@graph":[{"@type":"WebPage","@id":"https:\/\/www.veltec.eu\/fr\/product\/sacs-filtrant-kirby-micron-magic-plus-6x-remise-25\/","url":"https:\/\/www.veltec.eu\/fr\/product\/sacs-filtrant-kirby-micron-magic-plus-6x-remise-25\/","name":"Sacs filtrant Kirby Micron Magic Plus 6x Remise 25% - Veltec Kirby specialist","isPartOf":{"@id":"https:\/\/www.veltec.eu\/en\/#website"},"primaryImageOfPage":{"@id":"https:\/\/www.veltec.eu\/fr\/product\/sacs-filtrant-kirby-micron-magic-plus-6x-remise-25\/#primaryimage"},"image":{"@id":"https:\/\/www.veltec.eu\/fr\/product\/sacs-filtrant-kirby-micron-magic-plus-6x-remise-25\/#primaryimage"},"thumbnailUrl":"https:\/\/www.veltec.eu\/wp-content\/uploads\/2022\/03\/Micron-Magic-Plus-1x.png","datePublished":"2022-03-30T11:39:35+00:00","dateModified":"2025-01-23T15:23:15+00:00","description":"Veltec is al ruim 20 jaar leverancier van Kirby stofzuigers. En is uw vertrouwde Kirby service specialist. Voor reparaties.","breadcrumb":{"@id":"https:\/\/www.veltec.eu\/fr\/product\/sacs-filtrant-kirby-micron-magic-plus-6x-remise-25\/#breadcrumb"},"inLanguage":"fr-FR","potentialAction":[{"@type":"ReadAction","target":["https:\/\/www.veltec.eu\/fr\/product\/sacs-filtrant-kirby-micron-magic-plus-6x-remise-25\/"]}]},{"@type":"ImageObject","inLanguage":"fr-FR","@id":"https:\/\/www.veltec.eu\/fr\/product\/sacs-filtrant-kirby-micron-magic-plus-6x-remise-25\/#primaryimage","url":"https:\/\/www.veltec.eu\/wp-content\/uploads\/2022\/03\/Micron-Magic-Plus-1x.png","contentUrl":"https:\/\/www.veltec.eu\/wp-content\/uploads\/2022\/03\/Micron-Magic-Plus-1x.png","width":600,"height":600},{"@type":"BreadcrumbList","@id":"https:\/\/www.veltec.eu\/fr\/product\/sacs-filtrant-kirby-micron-magic-plus-6x-remise-25\/#breadcrumb","itemListElement":[{"@type":"ListItem","position":1,"name":"Home","item":"https:\/\/www.veltec.eu\/fr\/accueil\/"},{"@type":"ListItem","position":2,"name":"Boutique Kirby","item":"https:\/\/www.veltec.eu\/fr\/boutique-kirby\/"},{"@type":"ListItem","position":3,"name":"Sacs filtrant Kirby Micron Magic Plus 6x Remise 25%"}]},{"@type":"WebSite","@id":"https:\/\/www.veltec.eu\/en\/#website","url":"https:\/\/www.veltec.eu\/en\/","name":"Veltec Kirby specialist","description":"Kirby stofzuiger producten","publisher":{"@id":"https:\/\/www.veltec.eu\/en\/#organization"},"potentialAction":[{"@type":"SearchAction","target":{"@type":"EntryPoint","urlTemplate":"https:\/\/www.veltec.eu\/en\/?s={search_term_string}"},"query-input":{"@type":"PropertyValueSpecification","valueRequired":true,"valueName":"search_term_string"}}],"inLanguage":"fr-FR"},{"@type":"Organization","@id":"https:\/\/www.veltec.eu\/en\/#organization","name":"Veltec Kirby Specialist","url":"https:\/\/www.veltec.eu\/en\/","logo":{"@type":"ImageObject","inLanguage":"fr-FR","@id":"https:\/\/www.veltec.eu\/en\/#\/schema\/logo\/image\/","url":"https:\/\/www.veltec.eu\/wp-content\/uploads\/2021\/12\/Veltec-log-groot-e1537260889125.png","contentUrl":"https:\/\/www.veltec.eu\/wp-content\/uploads\/2021\/12\/Veltec-log-groot-e1537260889125.png","width":200,"height":60,"caption":"Veltec Kirby Specialist"},"image":{"@id":"https:\/\/www.veltec.eu\/en\/#\/schema\/logo\/image\/"},"sameAs":["https:\/\/www.facebook.com\/Veltec-Kirby-Specialist-236746293374877\/","https:\/\/www.youtube.com\/user\/VeltecService"]}]}},"_links":{"self":[{"href":"https:\/\/www.veltec.eu\/fr\/wp-json\/wp\/v2\/product\/48648","targetHints":{"allow":["GET"]}}],"collection":[{"href":"https:\/\/www.veltec.eu\/fr\/wp-json\/wp\/v2\/product"}],"about":[{"href":"https:\/\/www.veltec.eu\/fr\/wp-json\/wp\/v2\/types\/product"}],"replies":[{"embeddable":true,"href":"https:\/\/www.veltec.eu\/fr\/wp-json\/wp\/v2\/comments?post=48648"}],"wp:featuredmedia":[{"embeddable":true,"href":"https:\/\/www.veltec.eu\/fr\/wp-json\/wp\/v2\/media\/56680"}],"wp:attachment":[{"href":"https:\/\/www.veltec.eu\/fr\/wp-json\/wp\/v2\/media?parent=48648"}],"wp:term":[{"taxonomy":"product_brand","embeddable":true,"href":"https:\/\/www.veltec.eu\/fr\/wp-json\/wp\/v2\/product_brand?post=48648"},{"taxonomy":"product_cat","embeddable":true,"href":"https:\/\/www.veltec.eu\/fr\/wp-json\/wp\/v2\/product_cat?post=48648"},{"taxonomy":"product_tag","embeddable":true,"href":"https:\/\/www.veltec.eu\/fr\/wp-json\/wp\/v2\/product_tag?post=48648"}],"curies":[{"name":"wp","href":"https:\/\/api.w.org\/{rel}","templated":true}]}}