{"id":48042,"date":"2022-03-07T11:10:57","date_gmt":"2022-03-07T09:10:57","guid":{"rendered":"https:\/\/www.veltec.eu\/product\/offre-speciale-kirby-2\/"},"modified":"2025-01-24T13:43:11","modified_gmt":"2025-01-24T11:43:11","slug":"offre-speciale-kirby-2","status":"publish","type":"product","link":"https:\/\/www.veltec.eu\/fr\/product\/offre-speciale-kirby-2\/","title":{"rendered":"Offre sp\u00e9ciale Kirby 2"},"content":{"rendered":"<h4>Sacs d&#8217;aspirateur Kirby Micron Magic plus 12x + tablettes aromatiques 8x gratuites.<\/h4>\n<p>Kirby Aspirateur MICRON MAGIC MICROALLERGEN PLUS sacs jetables avec filtration HEPA.<\/p>\n<p>Ces sacs Kirby Micron magiques ont la technologie MicroAllergen Plus et filtration HEPA pour pi\u00e9ger la poussi\u00e8re et la salet\u00e9.<\/p>\n<p>R\u00e9duit la poussi\u00e8re domestique commune, le pollen, les acariens et autres particules.<\/p>\n<p>pi\u00e8ges de filtration HEPA les particules jusqu\u2019\u00e0 .03 microns.<\/p>\n<p>Ce sont de\u00a0v\u00e9ritables sacs Kirby en plastique scell\u00e9, 2x 6 sacs viennent dans un paquet.<\/p>\n<p>lot de 6 sacs d\u2019aspirateur dans un emballage.<\/p>\n<p><b>Le meilleur sac filtrant propos\u00e9 par Kirby.<\/b><br \/>\nCe sac filtrant est constitu\u00e9 de trois couches, dont deux int\u00e9rieures \u00e9paisses de type<br \/>\n\u00ab\u00a0filtre absolu haute efficacit\u00e9 \u00bb (HEPA) et une couche ext\u00e9rieure en tissu \u00e9pais.<\/p>\n<p><strong>Ce produit est adapt\u00e9 pour les types:<\/strong><\/p>\n<ul>\n<li>Avalir<\/li>\n<li>Sentria II (G10D)<\/li>\n<li>Sentria (G10)<\/li>\n<li>Ultimate G Diamond Ed.(G7D or DE)<\/li>\n<li>Ultimate G (G7 or UG)<\/li>\n<li>Generation 6 (G6)<\/li>\n<li>Generation 5 (G5)<\/li>\n<li>Generation 4 (G4)<\/li>\n<li>Generation 3 (G3)<\/li>\n<li>Legend II (LII, Legend 2)<\/li>\n<li>Heritage II (HII, Heritage 2)<\/li>\n<\/ul>\n","protected":false},"excerpt":{"rendered":"<p>Sacs d&#8217;aspirateur Kirby Micron Magic plus 12x + tablettes aromatiques 8x gratuites. Kirby Aspirateur MICRON MAGIC MICROALLERGEN PLUS sacs jetables avec filtration HEPA. Ces sacs Kirby Micron magiques ont la technologie MicroAllergen Plus et filtration HEPA pour pi\u00e9ger la poussi\u00e8re et la salet\u00e9. R\u00e9duit la poussi\u00e8re domestique commune, le pollen, les acariens et autres particules. [&hellip;]<\/p>\n","protected":false},"featured_media":47999,"comment_status":"open","ping_status":"closed","template":"","meta":{"_acf_changed":false},"product_brand":[],"product_cat":[26],"product_tag":[],"class_list":{"0":"post-48042","1":"product","2":"type-product","3":"status-publish","4":"has-post-thumbnail","6":"product_cat-overige-producten","8":"first","9":"outofstock","10":"sale","11":"taxable","12":"shipping-taxable","13":"purchasable","14":"product-type-simple"},"acf":[],"yoast_head":"<!-- This site is optimized with the Yoast SEO Premium plugin v27.1 (Yoast SEO v27.5) - https:\/\/yoast.com\/product\/yoast-seo-premium-wordpress\/ -->\n<title>Offre sp\u00e9ciale Kirby 2 - Veltec Kirby specialist<\/title>\n<meta name=\"description\" content=\"Veltec is al ruim 20 jaar leverancier van Kirby stofzuigers. En is uw vertrouwde Kirby service specialist. Voor reparaties.\" \/>\n<meta name=\"robots\" content=\"index, follow, max-snippet:-1, max-image-preview:large, max-video-preview:-1\" \/>\n<link rel=\"canonical\" href=\"https:\/\/www.veltec.eu\/fr\/product\/offre-speciale-kirby-2\/\" \/>\n<meta property=\"og:locale\" content=\"fr_FR\" \/>\n<meta property=\"og:type\" content=\"article\" \/>\n<meta property=\"og:title\" content=\"Offre sp\u00e9ciale Kirby 2\" \/>\n<meta property=\"og:description\" content=\"Sacs d&#039;aspirateur Kirby Micron Magic plus 12x + tablettes aromatiques 8x gratuites. Kirby Aspirateur MICRON MAGIC MICROALLERGEN PLUS sacs jetables avec\" \/>\n<meta property=\"og:url\" content=\"https:\/\/www.veltec.eu\/fr\/product\/offre-speciale-kirby-2\/\" \/>\n<meta property=\"og:site_name\" content=\"Veltec Kirby specialist\" \/>\n<meta property=\"article:publisher\" content=\"https:\/\/www.facebook.com\/Veltec-Kirby-Specialist-236746293374877\/\" \/>\n<meta property=\"article:modified_time\" content=\"2025-01-24T11:43:11+00:00\" \/>\n<meta property=\"og:image\" content=\"https:\/\/www.veltec.eu\/wp-content\/uploads\/2022\/03\/micron-magic-actie.jpg\" \/>\n\t<meta property=\"og:image:width\" content=\"734\" \/>\n\t<meta property=\"og:image:height\" content=\"734\" \/>\n\t<meta property=\"og:image:type\" content=\"image\/jpeg\" \/>\n<meta name=\"twitter:card\" content=\"summary_large_image\" \/>\n<meta name=\"twitter:label1\" content=\"Dur\u00e9e de lecture estim\u00e9e\" \/>\n\t<meta name=\"twitter:data1\" content=\"1 minute\" \/>\n<script type=\"application\/ld+json\" class=\"yoast-schema-graph\">{\"@context\":\"https:\\\/\\\/schema.org\",\"@graph\":[{\"@type\":\"WebPage\",\"@id\":\"https:\\\/\\\/www.veltec.eu\\\/fr\\\/product\\\/offre-speciale-kirby-2\\\/\",\"url\":\"https:\\\/\\\/www.veltec.eu\\\/fr\\\/product\\\/offre-speciale-kirby-2\\\/\",\"name\":\"Offre sp\u00e9ciale Kirby 2 - Veltec Kirby specialist\",\"isPartOf\":{\"@id\":\"https:\\\/\\\/www.veltec.eu\\\/en\\\/#website\"},\"primaryImageOfPage\":{\"@id\":\"https:\\\/\\\/www.veltec.eu\\\/fr\\\/product\\\/offre-speciale-kirby-2\\\/#primaryimage\"},\"image\":{\"@id\":\"https:\\\/\\\/www.veltec.eu\\\/fr\\\/product\\\/offre-speciale-kirby-2\\\/#primaryimage\"},\"thumbnailUrl\":\"https:\\\/\\\/www.veltec.eu\\\/wp-content\\\/uploads\\\/2022\\\/03\\\/micron-magic-actie.jpg\",\"datePublished\":\"2022-03-07T09:10:57+00:00\",\"dateModified\":\"2025-01-24T11:43:11+00:00\",\"description\":\"Veltec is al ruim 20 jaar leverancier van Kirby stofzuigers. En is uw vertrouwde Kirby service specialist. Voor reparaties.\",\"breadcrumb\":{\"@id\":\"https:\\\/\\\/www.veltec.eu\\\/fr\\\/product\\\/offre-speciale-kirby-2\\\/#breadcrumb\"},\"inLanguage\":\"fr-FR\",\"potentialAction\":[{\"@type\":\"ReadAction\",\"target\":[\"https:\\\/\\\/www.veltec.eu\\\/fr\\\/product\\\/offre-speciale-kirby-2\\\/\"]}]},{\"@type\":\"ImageObject\",\"inLanguage\":\"fr-FR\",\"@id\":\"https:\\\/\\\/www.veltec.eu\\\/fr\\\/product\\\/offre-speciale-kirby-2\\\/#primaryimage\",\"url\":\"https:\\\/\\\/www.veltec.eu\\\/wp-content\\\/uploads\\\/2022\\\/03\\\/micron-magic-actie.jpg\",\"contentUrl\":\"https:\\\/\\\/www.veltec.eu\\\/wp-content\\\/uploads\\\/2022\\\/03\\\/micron-magic-actie.jpg\",\"width\":734,\"height\":734},{\"@type\":\"BreadcrumbList\",\"@id\":\"https:\\\/\\\/www.veltec.eu\\\/fr\\\/product\\\/offre-speciale-kirby-2\\\/#breadcrumb\",\"itemListElement\":[{\"@type\":\"ListItem\",\"position\":1,\"name\":\"Home\",\"item\":\"https:\\\/\\\/www.veltec.eu\\\/fr\\\/accueil\\\/\"},{\"@type\":\"ListItem\",\"position\":2,\"name\":\"Boutique Kirby\",\"item\":\"https:\\\/\\\/www.veltec.eu\\\/fr\\\/boutique-kirby\\\/\"},{\"@type\":\"ListItem\",\"position\":3,\"name\":\"Offre sp\u00e9ciale Kirby 2\"}]},{\"@type\":\"WebSite\",\"@id\":\"https:\\\/\\\/www.veltec.eu\\\/en\\\/#website\",\"url\":\"https:\\\/\\\/www.veltec.eu\\\/en\\\/\",\"name\":\"Veltec Kirby specialist\",\"description\":\"Kirby stofzuiger producten\",\"publisher\":{\"@id\":\"https:\\\/\\\/www.veltec.eu\\\/en\\\/#organization\"},\"potentialAction\":[{\"@type\":\"SearchAction\",\"target\":{\"@type\":\"EntryPoint\",\"urlTemplate\":\"https:\\\/\\\/www.veltec.eu\\\/en\\\/?s={search_term_string}\"},\"query-input\":{\"@type\":\"PropertyValueSpecification\",\"valueRequired\":true,\"valueName\":\"search_term_string\"}}],\"inLanguage\":\"fr-FR\"},{\"@type\":\"Organization\",\"@id\":\"https:\\\/\\\/www.veltec.eu\\\/en\\\/#organization\",\"name\":\"Veltec Kirby Specialist\",\"url\":\"https:\\\/\\\/www.veltec.eu\\\/en\\\/\",\"logo\":{\"@type\":\"ImageObject\",\"inLanguage\":\"fr-FR\",\"@id\":\"https:\\\/\\\/www.veltec.eu\\\/en\\\/#\\\/schema\\\/logo\\\/image\\\/\",\"url\":\"https:\\\/\\\/www.veltec.eu\\\/wp-content\\\/uploads\\\/2021\\\/12\\\/Veltec-log-groot-e1537260889125.png\",\"contentUrl\":\"https:\\\/\\\/www.veltec.eu\\\/wp-content\\\/uploads\\\/2021\\\/12\\\/Veltec-log-groot-e1537260889125.png\",\"width\":200,\"height\":60,\"caption\":\"Veltec Kirby Specialist\"},\"image\":{\"@id\":\"https:\\\/\\\/www.veltec.eu\\\/en\\\/#\\\/schema\\\/logo\\\/image\\\/\"},\"sameAs\":[\"https:\\\/\\\/www.facebook.com\\\/Veltec-Kirby-Specialist-236746293374877\\\/\",\"https:\\\/\\\/www.youtube.com\\\/user\\\/VeltecService\"]}]}<\/script>\n<!-- \/ Yoast SEO Premium plugin. -->","yoast_head_json":{"title":"Offre sp\u00e9ciale Kirby 2 - Veltec Kirby specialist","description":"Veltec is al ruim 20 jaar leverancier van Kirby stofzuigers. En is uw vertrouwde Kirby service specialist. Voor reparaties.","robots":{"index":"index","follow":"follow","max-snippet":"max-snippet:-1","max-image-preview":"max-image-preview:large","max-video-preview":"max-video-preview:-1"},"canonical":"https:\/\/www.veltec.eu\/fr\/product\/offre-speciale-kirby-2\/","og_locale":"fr_FR","og_type":"article","og_title":"Offre sp\u00e9ciale Kirby 2","og_description":"Sacs d'aspirateur Kirby Micron Magic plus 12x + tablettes aromatiques 8x gratuites. Kirby Aspirateur MICRON MAGIC MICROALLERGEN PLUS sacs jetables avec","og_url":"https:\/\/www.veltec.eu\/fr\/product\/offre-speciale-kirby-2\/","og_site_name":"Veltec Kirby specialist","article_publisher":"https:\/\/www.facebook.com\/Veltec-Kirby-Specialist-236746293374877\/","article_modified_time":"2025-01-24T11:43:11+00:00","og_image":[{"width":734,"height":734,"url":"https:\/\/www.veltec.eu\/wp-content\/uploads\/2022\/03\/micron-magic-actie.jpg","type":"image\/jpeg"}],"twitter_card":"summary_large_image","twitter_misc":{"Dur\u00e9e de lecture estim\u00e9e":"1 minute"},"schema":{"@context":"https:\/\/schema.org","@graph":[{"@type":"WebPage","@id":"https:\/\/www.veltec.eu\/fr\/product\/offre-speciale-kirby-2\/","url":"https:\/\/www.veltec.eu\/fr\/product\/offre-speciale-kirby-2\/","name":"Offre sp\u00e9ciale Kirby 2 - Veltec Kirby specialist","isPartOf":{"@id":"https:\/\/www.veltec.eu\/en\/#website"},"primaryImageOfPage":{"@id":"https:\/\/www.veltec.eu\/fr\/product\/offre-speciale-kirby-2\/#primaryimage"},"image":{"@id":"https:\/\/www.veltec.eu\/fr\/product\/offre-speciale-kirby-2\/#primaryimage"},"thumbnailUrl":"https:\/\/www.veltec.eu\/wp-content\/uploads\/2022\/03\/micron-magic-actie.jpg","datePublished":"2022-03-07T09:10:57+00:00","dateModified":"2025-01-24T11:43:11+00:00","description":"Veltec is al ruim 20 jaar leverancier van Kirby stofzuigers. En is uw vertrouwde Kirby service specialist. Voor reparaties.","breadcrumb":{"@id":"https:\/\/www.veltec.eu\/fr\/product\/offre-speciale-kirby-2\/#breadcrumb"},"inLanguage":"fr-FR","potentialAction":[{"@type":"ReadAction","target":["https:\/\/www.veltec.eu\/fr\/product\/offre-speciale-kirby-2\/"]}]},{"@type":"ImageObject","inLanguage":"fr-FR","@id":"https:\/\/www.veltec.eu\/fr\/product\/offre-speciale-kirby-2\/#primaryimage","url":"https:\/\/www.veltec.eu\/wp-content\/uploads\/2022\/03\/micron-magic-actie.jpg","contentUrl":"https:\/\/www.veltec.eu\/wp-content\/uploads\/2022\/03\/micron-magic-actie.jpg","width":734,"height":734},{"@type":"BreadcrumbList","@id":"https:\/\/www.veltec.eu\/fr\/product\/offre-speciale-kirby-2\/#breadcrumb","itemListElement":[{"@type":"ListItem","position":1,"name":"Home","item":"https:\/\/www.veltec.eu\/fr\/accueil\/"},{"@type":"ListItem","position":2,"name":"Boutique Kirby","item":"https:\/\/www.veltec.eu\/fr\/boutique-kirby\/"},{"@type":"ListItem","position":3,"name":"Offre sp\u00e9ciale Kirby 2"}]},{"@type":"WebSite","@id":"https:\/\/www.veltec.eu\/en\/#website","url":"https:\/\/www.veltec.eu\/en\/","name":"Veltec Kirby specialist","description":"Kirby stofzuiger producten","publisher":{"@id":"https:\/\/www.veltec.eu\/en\/#organization"},"potentialAction":[{"@type":"SearchAction","target":{"@type":"EntryPoint","urlTemplate":"https:\/\/www.veltec.eu\/en\/?s={search_term_string}"},"query-input":{"@type":"PropertyValueSpecification","valueRequired":true,"valueName":"search_term_string"}}],"inLanguage":"fr-FR"},{"@type":"Organization","@id":"https:\/\/www.veltec.eu\/en\/#organization","name":"Veltec Kirby Specialist","url":"https:\/\/www.veltec.eu\/en\/","logo":{"@type":"ImageObject","inLanguage":"fr-FR","@id":"https:\/\/www.veltec.eu\/en\/#\/schema\/logo\/image\/","url":"https:\/\/www.veltec.eu\/wp-content\/uploads\/2021\/12\/Veltec-log-groot-e1537260889125.png","contentUrl":"https:\/\/www.veltec.eu\/wp-content\/uploads\/2021\/12\/Veltec-log-groot-e1537260889125.png","width":200,"height":60,"caption":"Veltec Kirby Specialist"},"image":{"@id":"https:\/\/www.veltec.eu\/en\/#\/schema\/logo\/image\/"},"sameAs":["https:\/\/www.facebook.com\/Veltec-Kirby-Specialist-236746293374877\/","https:\/\/www.youtube.com\/user\/VeltecService"]}]}},"_links":{"self":[{"href":"https:\/\/www.veltec.eu\/fr\/wp-json\/wp\/v2\/product\/48042","targetHints":{"allow":["GET"]}}],"collection":[{"href":"https:\/\/www.veltec.eu\/fr\/wp-json\/wp\/v2\/product"}],"about":[{"href":"https:\/\/www.veltec.eu\/fr\/wp-json\/wp\/v2\/types\/product"}],"replies":[{"embeddable":true,"href":"https:\/\/www.veltec.eu\/fr\/wp-json\/wp\/v2\/comments?post=48042"}],"wp:featuredmedia":[{"embeddable":true,"href":"https:\/\/www.veltec.eu\/fr\/wp-json\/wp\/v2\/media\/47999"}],"wp:attachment":[{"href":"https:\/\/www.veltec.eu\/fr\/wp-json\/wp\/v2\/media?parent=48042"}],"wp:term":[{"taxonomy":"product_brand","embeddable":true,"href":"https:\/\/www.veltec.eu\/fr\/wp-json\/wp\/v2\/product_brand?post=48042"},{"taxonomy":"product_cat","embeddable":true,"href":"https:\/\/www.veltec.eu\/fr\/wp-json\/wp\/v2\/product_cat?post=48042"},{"taxonomy":"product_tag","embeddable":true,"href":"https:\/\/www.veltec.eu\/fr\/wp-json\/wp\/v2\/product_tag?post=48042"}],"curies":[{"name":"wp","href":"https:\/\/api.w.org\/{rel}","templated":true}]}}