{"id":42896,"date":"2021-11-10T13:48:56","date_gmt":"2021-11-10T11:48:56","guid":{"rendered":"https:\/\/www.veltec.eu\/product\/conga-nettoyant-matelas-nl444441\/"},"modified":"2025-04-24T14:02:36","modified_gmt":"2025-04-24T12:02:36","slug":"nettoyant-matelas-7000-08123","status":"publish","type":"product","link":"https:\/\/www.veltec.eu\/fr\/product\/nettoyant-matelas-7000-08123\/","title":{"rendered":"Nettoyant matelas 7000"},"content":{"rendered":"<h2 style=\"font-weight: 500;\">Nettoyant matelas 7000<\/h2>\n<p style=\"font-weight: 400;\">Nettoyant matelas 7000 Aspirateur \u00e0 main pour matelas et tapisseries avec 700 W de puissance et 12 kPa de puissance d\u2019aspiration. Cet aspirateur int\u00e8gre une lumi\u00e8re ultraviolette UV-C qui \u00e9limine jusqu\u2019\u00e0 99,9 % des allerg\u00e8nes. Il dispose aussi d\u2019une brosse motoris\u00e9e qui aide \u00e0 \u00e9liminer les acariens des matelas et d\u2019une technologie d\u2019air chaude qui d\u00e9sinfecte.<\/p>\n<ul style=\"font-weight: 400;\">\n<li>La technologie ForceSonic augmente la puissance maximale jusqu\u2019\u00e0 700 W pour finir avec toute la salet\u00e9 et les allerg\u00e8nes.<\/li>\n<li>Gr\u00e2ce \u00e0 la lumi\u00e8re ultraviolette int\u00e9gr\u00e9e d&#8217;une longueur d&#8217;onde de 253,7 nm, il \u00e9limine jusqu&#8217;\u00e0 99,9 % des acariens et des bact\u00e9ries qui s&#8217;accumulent sur les tapisseries et les matelas. D\u00e9barrassez-vous des sympt\u00f4mes d&#8217;allergie en un seul passage gr\u00e2ce \u00e0 la lumi\u00e8re UV-C.<\/li>\n<li>La technologie d\u2019air chaud Heat Tech d\u00e9sinfecte et aide \u00e0 \u00e9liminer les acariens et les bact\u00e9ries des matelas.<\/li>\n<li>La technologie Power Brush dispose d\u2019une brosse \u00e0 poils doux et en silicone motoris\u00e9e qui \u00e9limine les allerg\u00e8nes. La brosse motoris\u00e9e extrait les allerg\u00e8nes les plus incrust\u00e9s afin de bien les aspirer.<\/li>\n<li>De plus, il g\u00e9n\u00e8re un pouvoir d\u2019aspiration qui atteint les 12 kPa afin d\u2019attraper les acariens, les allerg\u00e8nes et la salet\u00e9 accumul\u00e9s sur les matelas ou les tapisseries.<\/li>\n<li>Choisissez parmi les 3 modes de nettoyage diff\u00e9rents. La lumi\u00e8re UV-C tue les bact\u00e9ries sur vos matelas et vos tapisseries, l\u2019aspiration avec la brosse motoris\u00e9e \u00e9limine les allerg\u00e8nes incrust\u00e9s et le nettoyage complet avec aspiration, lumi\u00e8re UV-C et brosse motoris\u00e9e tue tous types de bact\u00e9ries et d&#8217;allerg\u00e8nes.<\/li>\n<li>Aspirez en toute simplicit\u00e9 gr\u00e2ce \u00e0 son fil XXL de 5 m\u00e8tres. Aspirez en totale libert\u00e9 vos lits et canap\u00e9s sans avoir \u00e0 changer de prise \u00e0 chaque fois que vous bougez.<\/li>\n<li>La technologie cyclonique sans sac Cyclonic System maintient la puissance d\u2019aspiration comme au premier jour.\u00a0 R\u00e9sultat professionnel en un seul passage.<\/li>\n<li>Le syst\u00e8me de s\u00e9curit\u00e9 d\u00e9sactive la lumi\u00e8re UV lorsque l&#8217;aspirateur est soulev\u00e9 de la surface afin de pr\u00e9venir les dommages aux yeux.<\/li>\n<li>Inclus : set de filtres de haute efficacit\u00e9 qui filtrent un pourcentage \u00e9lev\u00e9 de particules.<\/li>\n<li>Jusqu\u2019\u00e0 400 ml de capacit\u00e9 du r\u00e9servoir.<\/li>\n<li>Niveau sonore &gt;68 dB.<\/li>\n<\/ul>\n","protected":false},"excerpt":{"rendered":"<p>Aspirateur \u00e0 main pour matelas et tapisseries avec 700 W de puissance et 12 kPa de puissance d\u2019aspiration. Cet aspirateur int\u00e8gre une lumi\u00e8re ultraviolette UV-C qui \u00e9limine jusqu\u2019\u00e0 99,9 % des allerg\u00e8nes.<\/p>\n<h3 class=\"western\" align=\"left\"><span style=\"color: #339966;\">En stock<\/span><\/h3>\n<p align=\"left\">[av_font_icon icon='ue812' font='entypo-fontello' style='' caption='' size='25px' position='left' color='#43ad66' link='' linktarget='' title_attr='' sonar_effect_effect='' sonar_effect_color='' sonar_effect_duration='1' sonar_effect_scale='' sonar_effect_opac='0.5' animation='' id='' custom_class='' template_class='' av_uid='' sc_version='1.0' admin_preview_bg=''][\/av_font_icon]<\/p>\n<p><span style=\"color: #339966;\">Le d\u00e9lai de livraison est de 5 \u00e0 10 jours ouvrables<\/span><\/p>\n<p align=\"left\">[av_font_icon icon='ue812' font='entypo-fontello' style='' caption='' size='25px' position='left' color='#43ad66' link='' linktarget='' title_attr='' sonar_effect_effect='' sonar_effect_color='' sonar_effect_duration='1' sonar_effect_scale='' sonar_effect_opac='0.5' animation='' id='' custom_class='' template_class='' av_uid='' sc_version='1.0' admin_preview_bg=''][\/av_font_icon]<\/p>\n<p><span style=\"color: #339966;\">Garantie de 2 ans<\/span><\/p>\n<p>&nbsp;<\/p>\n","protected":false},"featured_media":42847,"comment_status":"open","ping_status":"closed","template":"","meta":{"_acf_changed":false},"product_brand":[],"product_cat":[443],"product_tag":[],"class_list":{"0":"post-42896","1":"product","2":"type-product","3":"status-publish","4":"has-post-thumbnail","6":"product_cat-pas-de-categorie","8":"first","9":"instock","10":"sale","11":"taxable","12":"shipping-taxable","13":"purchasable","14":"product-type-simple"},"acf":[],"yoast_head":"<!-- This site is optimized with the Yoast SEO Premium plugin v27.1 (Yoast SEO v27.4) - https:\/\/yoast.com\/product\/yoast-seo-premium-wordpress\/ -->\n<title>Nettoyant matelas 7000 - Veltec Kirby specialist<\/title>\n<meta name=\"description\" content=\"Nettoyant matelas 7000 - Veltec est le fournisseur des aspirateurs Kirby depuis plus de 25 ans. Et est votre sp\u00e9cialiste de confiance\" \/>\n<meta name=\"robots\" content=\"index, follow, max-snippet:-1, max-image-preview:large, max-video-preview:-1\" \/>\n<link rel=\"canonical\" href=\"https:\/\/www.veltec.eu\/fr\/product\/nettoyant-matelas-7000-08123\/\" \/>\n<meta property=\"og:locale\" content=\"fr_FR\" \/>\n<meta property=\"og:type\" content=\"article\" \/>\n<meta property=\"og:title\" content=\"Nettoyant matelas 7000\" \/>\n<meta property=\"og:description\" content=\"Aspirateur \u00e0 main pour matelas et tapisseries avec 700 W de puissance et 12 kPa de puissance d\u2019aspiration. Cet aspirateur int\u00e8gre une lumi\u00e8re ultraviolette UV-C qui \u00e9limine jusqu\u2019\u00e0 99,9 % des allerg\u00e8nes. En stock  Le d\u00e9lai de livraison est de 5 \u00e0 10 jours ouvrables  Garantie de 2 ans  &nbsp;\" \/>\n<meta property=\"og:url\" content=\"https:\/\/www.veltec.eu\/fr\/product\/nettoyant-matelas-7000-08123\/\" \/>\n<meta property=\"og:site_name\" content=\"Veltec Kirby specialist\" \/>\n<meta property=\"article:publisher\" content=\"https:\/\/www.facebook.com\/Veltec-Kirby-Specialist-236746293374877\/\" \/>\n<meta property=\"article:modified_time\" content=\"2025-04-24T12:02:36+00:00\" \/>\n<meta property=\"og:image\" content=\"https:\/\/www.veltec.eu\/wp-content\/uploads\/2021\/11\/conga-popstar-7000-mattress.jpg.png\" \/>\n\t<meta property=\"og:image:width\" content=\"458\" \/>\n\t<meta property=\"og:image:height\" content=\"458\" \/>\n\t<meta property=\"og:image:type\" content=\"image\/png\" \/>\n<meta name=\"twitter:card\" content=\"summary_large_image\" \/>\n<meta name=\"twitter:label1\" content=\"Dur\u00e9e de lecture estim\u00e9e\" \/>\n\t<meta name=\"twitter:data1\" content=\"2 minutes\" \/>\n<script type=\"application\/ld+json\" class=\"yoast-schema-graph\">{\"@context\":\"https:\\\/\\\/schema.org\",\"@graph\":[{\"@type\":\"WebPage\",\"@id\":\"https:\\\/\\\/www.veltec.eu\\\/fr\\\/product\\\/nettoyant-matelas-7000-08123\\\/\",\"url\":\"https:\\\/\\\/www.veltec.eu\\\/fr\\\/product\\\/nettoyant-matelas-7000-08123\\\/\",\"name\":\"Nettoyant matelas 7000 - Veltec Kirby specialist\",\"isPartOf\":{\"@id\":\"https:\\\/\\\/www.veltec.eu\\\/en\\\/#website\"},\"primaryImageOfPage\":{\"@id\":\"https:\\\/\\\/www.veltec.eu\\\/fr\\\/product\\\/nettoyant-matelas-7000-08123\\\/#primaryimage\"},\"image\":{\"@id\":\"https:\\\/\\\/www.veltec.eu\\\/fr\\\/product\\\/nettoyant-matelas-7000-08123\\\/#primaryimage\"},\"thumbnailUrl\":\"https:\\\/\\\/www.veltec.eu\\\/wp-content\\\/uploads\\\/2021\\\/11\\\/conga-popstar-7000-mattress.jpg.png\",\"datePublished\":\"2021-11-10T11:48:56+00:00\",\"dateModified\":\"2025-04-24T12:02:36+00:00\",\"description\":\"Nettoyant matelas 7000 - Veltec est le fournisseur des aspirateurs Kirby depuis plus de 25 ans. Et est votre sp\u00e9cialiste de confiance\",\"breadcrumb\":{\"@id\":\"https:\\\/\\\/www.veltec.eu\\\/fr\\\/product\\\/nettoyant-matelas-7000-08123\\\/#breadcrumb\"},\"inLanguage\":\"fr-FR\",\"potentialAction\":[{\"@type\":\"ReadAction\",\"target\":[\"https:\\\/\\\/www.veltec.eu\\\/fr\\\/product\\\/nettoyant-matelas-7000-08123\\\/\"]}]},{\"@type\":\"ImageObject\",\"inLanguage\":\"fr-FR\",\"@id\":\"https:\\\/\\\/www.veltec.eu\\\/fr\\\/product\\\/nettoyant-matelas-7000-08123\\\/#primaryimage\",\"url\":\"https:\\\/\\\/www.veltec.eu\\\/wp-content\\\/uploads\\\/2021\\\/11\\\/conga-popstar-7000-mattress.jpg.png\",\"contentUrl\":\"https:\\\/\\\/www.veltec.eu\\\/wp-content\\\/uploads\\\/2021\\\/11\\\/conga-popstar-7000-mattress.jpg.png\",\"width\":458,\"height\":458},{\"@type\":\"BreadcrumbList\",\"@id\":\"https:\\\/\\\/www.veltec.eu\\\/fr\\\/product\\\/nettoyant-matelas-7000-08123\\\/#breadcrumb\",\"itemListElement\":[{\"@type\":\"ListItem\",\"position\":1,\"name\":\"Home\",\"item\":\"https:\\\/\\\/www.veltec.eu\\\/fr\\\/\"},{\"@type\":\"ListItem\",\"position\":2,\"name\":\"Kirby Shop\",\"item\":\"https:\\\/\\\/www.veltec.eu\\\/nl\\\/shop-page\\\/\"},{\"@type\":\"ListItem\",\"position\":3,\"name\":\"Nettoyant matelas 7000\"}]},{\"@type\":\"WebSite\",\"@id\":\"https:\\\/\\\/www.veltec.eu\\\/en\\\/#website\",\"url\":\"https:\\\/\\\/www.veltec.eu\\\/en\\\/\",\"name\":\"Veltec Kirby specialist\",\"description\":\"Kirby stofzuiger producten\",\"publisher\":{\"@id\":\"https:\\\/\\\/www.veltec.eu\\\/en\\\/#organization\"},\"potentialAction\":[{\"@type\":\"SearchAction\",\"target\":{\"@type\":\"EntryPoint\",\"urlTemplate\":\"https:\\\/\\\/www.veltec.eu\\\/en\\\/?s={search_term_string}\"},\"query-input\":{\"@type\":\"PropertyValueSpecification\",\"valueRequired\":true,\"valueName\":\"search_term_string\"}}],\"inLanguage\":\"fr-FR\"},{\"@type\":\"Organization\",\"@id\":\"https:\\\/\\\/www.veltec.eu\\\/en\\\/#organization\",\"name\":\"Veltec Kirby Specialist\",\"url\":\"https:\\\/\\\/www.veltec.eu\\\/en\\\/\",\"logo\":{\"@type\":\"ImageObject\",\"inLanguage\":\"fr-FR\",\"@id\":\"https:\\\/\\\/www.veltec.eu\\\/en\\\/#\\\/schema\\\/logo\\\/image\\\/\",\"url\":\"https:\\\/\\\/www.veltec.eu\\\/wp-content\\\/uploads\\\/2021\\\/12\\\/Veltec-log-groot-e1537260889125.png\",\"contentUrl\":\"https:\\\/\\\/www.veltec.eu\\\/wp-content\\\/uploads\\\/2021\\\/12\\\/Veltec-log-groot-e1537260889125.png\",\"width\":200,\"height\":60,\"caption\":\"Veltec Kirby Specialist\"},\"image\":{\"@id\":\"https:\\\/\\\/www.veltec.eu\\\/en\\\/#\\\/schema\\\/logo\\\/image\\\/\"},\"sameAs\":[\"https:\\\/\\\/www.facebook.com\\\/Veltec-Kirby-Specialist-236746293374877\\\/\",\"https:\\\/\\\/www.youtube.com\\\/user\\\/VeltecService\"]}]}<\/script>\n<!-- \/ Yoast SEO Premium plugin. -->","yoast_head_json":{"title":"Nettoyant matelas 7000 - Veltec Kirby specialist","description":"Nettoyant matelas 7000 - Veltec est le fournisseur des aspirateurs Kirby depuis plus de 25 ans. Et est votre sp\u00e9cialiste de confiance","robots":{"index":"index","follow":"follow","max-snippet":"max-snippet:-1","max-image-preview":"max-image-preview:large","max-video-preview":"max-video-preview:-1"},"canonical":"https:\/\/www.veltec.eu\/fr\/product\/nettoyant-matelas-7000-08123\/","og_locale":"fr_FR","og_type":"article","og_title":"Nettoyant matelas 7000","og_description":"Aspirateur \u00e0 main pour matelas et tapisseries avec 700 W de puissance et 12 kPa de puissance d\u2019aspiration. Cet aspirateur int\u00e8gre une lumi\u00e8re ultraviolette UV-C qui \u00e9limine jusqu\u2019\u00e0 99,9 % des allerg\u00e8nes. En stock  Le d\u00e9lai de livraison est de 5 \u00e0 10 jours ouvrables  Garantie de 2 ans  &nbsp;","og_url":"https:\/\/www.veltec.eu\/fr\/product\/nettoyant-matelas-7000-08123\/","og_site_name":"Veltec Kirby specialist","article_publisher":"https:\/\/www.facebook.com\/Veltec-Kirby-Specialist-236746293374877\/","article_modified_time":"2025-04-24T12:02:36+00:00","og_image":[{"width":458,"height":458,"url":"https:\/\/www.veltec.eu\/wp-content\/uploads\/2021\/11\/conga-popstar-7000-mattress.jpg.png","type":"image\/png"}],"twitter_card":"summary_large_image","twitter_misc":{"Dur\u00e9e de lecture estim\u00e9e":"2 minutes"},"schema":{"@context":"https:\/\/schema.org","@graph":[{"@type":"WebPage","@id":"https:\/\/www.veltec.eu\/fr\/product\/nettoyant-matelas-7000-08123\/","url":"https:\/\/www.veltec.eu\/fr\/product\/nettoyant-matelas-7000-08123\/","name":"Nettoyant matelas 7000 - Veltec Kirby specialist","isPartOf":{"@id":"https:\/\/www.veltec.eu\/en\/#website"},"primaryImageOfPage":{"@id":"https:\/\/www.veltec.eu\/fr\/product\/nettoyant-matelas-7000-08123\/#primaryimage"},"image":{"@id":"https:\/\/www.veltec.eu\/fr\/product\/nettoyant-matelas-7000-08123\/#primaryimage"},"thumbnailUrl":"https:\/\/www.veltec.eu\/wp-content\/uploads\/2021\/11\/conga-popstar-7000-mattress.jpg.png","datePublished":"2021-11-10T11:48:56+00:00","dateModified":"2025-04-24T12:02:36+00:00","description":"Nettoyant matelas 7000 - Veltec est le fournisseur des aspirateurs Kirby depuis plus de 25 ans. Et est votre sp\u00e9cialiste de confiance","breadcrumb":{"@id":"https:\/\/www.veltec.eu\/fr\/product\/nettoyant-matelas-7000-08123\/#breadcrumb"},"inLanguage":"fr-FR","potentialAction":[{"@type":"ReadAction","target":["https:\/\/www.veltec.eu\/fr\/product\/nettoyant-matelas-7000-08123\/"]}]},{"@type":"ImageObject","inLanguage":"fr-FR","@id":"https:\/\/www.veltec.eu\/fr\/product\/nettoyant-matelas-7000-08123\/#primaryimage","url":"https:\/\/www.veltec.eu\/wp-content\/uploads\/2021\/11\/conga-popstar-7000-mattress.jpg.png","contentUrl":"https:\/\/www.veltec.eu\/wp-content\/uploads\/2021\/11\/conga-popstar-7000-mattress.jpg.png","width":458,"height":458},{"@type":"BreadcrumbList","@id":"https:\/\/www.veltec.eu\/fr\/product\/nettoyant-matelas-7000-08123\/#breadcrumb","itemListElement":[{"@type":"ListItem","position":1,"name":"Home","item":"https:\/\/www.veltec.eu\/fr\/"},{"@type":"ListItem","position":2,"name":"Kirby Shop","item":"https:\/\/www.veltec.eu\/nl\/shop-page\/"},{"@type":"ListItem","position":3,"name":"Nettoyant matelas 7000"}]},{"@type":"WebSite","@id":"https:\/\/www.veltec.eu\/en\/#website","url":"https:\/\/www.veltec.eu\/en\/","name":"Veltec Kirby specialist","description":"Kirby stofzuiger producten","publisher":{"@id":"https:\/\/www.veltec.eu\/en\/#organization"},"potentialAction":[{"@type":"SearchAction","target":{"@type":"EntryPoint","urlTemplate":"https:\/\/www.veltec.eu\/en\/?s={search_term_string}"},"query-input":{"@type":"PropertyValueSpecification","valueRequired":true,"valueName":"search_term_string"}}],"inLanguage":"fr-FR"},{"@type":"Organization","@id":"https:\/\/www.veltec.eu\/en\/#organization","name":"Veltec Kirby Specialist","url":"https:\/\/www.veltec.eu\/en\/","logo":{"@type":"ImageObject","inLanguage":"fr-FR","@id":"https:\/\/www.veltec.eu\/en\/#\/schema\/logo\/image\/","url":"https:\/\/www.veltec.eu\/wp-content\/uploads\/2021\/12\/Veltec-log-groot-e1537260889125.png","contentUrl":"https:\/\/www.veltec.eu\/wp-content\/uploads\/2021\/12\/Veltec-log-groot-e1537260889125.png","width":200,"height":60,"caption":"Veltec Kirby Specialist"},"image":{"@id":"https:\/\/www.veltec.eu\/en\/#\/schema\/logo\/image\/"},"sameAs":["https:\/\/www.facebook.com\/Veltec-Kirby-Specialist-236746293374877\/","https:\/\/www.youtube.com\/user\/VeltecService"]}]}},"_links":{"self":[{"href":"https:\/\/www.veltec.eu\/fr\/wp-json\/wp\/v2\/product\/42896","targetHints":{"allow":["GET"]}}],"collection":[{"href":"https:\/\/www.veltec.eu\/fr\/wp-json\/wp\/v2\/product"}],"about":[{"href":"https:\/\/www.veltec.eu\/fr\/wp-json\/wp\/v2\/types\/product"}],"replies":[{"embeddable":true,"href":"https:\/\/www.veltec.eu\/fr\/wp-json\/wp\/v2\/comments?post=42896"}],"wp:featuredmedia":[{"embeddable":true,"href":"https:\/\/www.veltec.eu\/fr\/wp-json\/wp\/v2\/media\/42847"}],"wp:attachment":[{"href":"https:\/\/www.veltec.eu\/fr\/wp-json\/wp\/v2\/media?parent=42896"}],"wp:term":[{"taxonomy":"product_brand","embeddable":true,"href":"https:\/\/www.veltec.eu\/fr\/wp-json\/wp\/v2\/product_brand?post=42896"},{"taxonomy":"product_cat","embeddable":true,"href":"https:\/\/www.veltec.eu\/fr\/wp-json\/wp\/v2\/product_cat?post=42896"},{"taxonomy":"product_tag","embeddable":true,"href":"https:\/\/www.veltec.eu\/fr\/wp-json\/wp\/v2\/product_tag?post=42896"}],"curies":[{"name":"wp","href":"https:\/\/api.w.org\/{rel}","templated":true}]}}