{"id":42637,"date":"2021-10-27T14:21:15","date_gmt":"2021-10-27T12:21:15","guid":{"rendered":"https:\/\/www.veltec.eu\/product\/support-de-couvercle-dinterrupteur-nl45008\/"},"modified":"2025-03-31T13:51:14","modified_gmt":"2025-03-31T11:51:14","slug":"support-de-protection-dinterrupteur-nl45008","status":"publish","type":"product","link":"https:\/\/www.veltec.eu\/fr\/product\/support-de-protection-dinterrupteur-nl45008\/","title":{"rendered":"Support de Protection d&#8217;interrupteur"},"content":{"rendered":"<h1>Support de Protection d&#8217;interrupteur<\/h1>\n<p>Support de Protection d&#8217;interrupteur &#8211; La plupart des anciennes couleurs ne sont plus disponibles. Kirby Co. les a remplac\u00e9es par ce Kirby G6 &#8211; couleur noire.<\/p>\n<p><strong>Ce support de protection d&#8217;interrupteur est universel et convient \u00e0 tous les aspirateurs Kirby ;<\/strong><\/p>\n<ul>\n<li>Avalir Platinum<\/li>\n<li>Avalir 2<\/li>\n<li>Avalir 1<\/li>\n<li>Sentria 2 (G10D)<\/li>\n<li>Sentria 1 (G10)<\/li>\n<li>Ultimate G Diamond Ed.(G7D or DE)<\/li>\n<li>Ultimate G (G7 or UG)<\/li>\n<li>Generation 6 (G6)<\/li>\n<li>Generation 5 (G5)<\/li>\n<li>Generation 4 (G4)<\/li>\n<li>Generation 3 (G3)<\/li>\n<\/ul>\n<h2>Support de Protection d&#8217;interrupteur pour les aspirateurs Kirby &#8211; Protection et durabilit\u00e9<\/h2>\n<p>Un aspirateur doit durer longtemps et continuer \u00e0 fonctionner sans probl\u00e8me. C&#8217;est pourquoi il est tr\u00e8s important de prot\u00e9ger les pi\u00e8ces essentielles telles que l&#8217;interrupteur. Le protecteur d&#8217;interrupteur est la solution id\u00e9ale pour prot\u00e9ger l&#8217;interrupteur de votre aspirateur Kirby de l&#8217;usure, de la salet\u00e9 et des dommages.<\/p>\n<p><a href=\"https:\/\/www.veltec.eu\/fr\/kirby-boitier\/?_gl=1*18waju3*_up*MQ..*_ga*ODU1MDUyNTMxLjE3NDM0MjEwMjg.*_ga_8PNJFM34KZ*MTc0MzQyMTAyNy4xLjAuMTc0MzQyMTAyNy4wLjAuMjAyNjA1MzUyOQ..\">Vous trouverez ici tous les bo\u00eetiers Kirby<\/a><\/p>\n<h3>Pourquoi choisir le Support de Protection d&#8217;interrupteur ?<\/h3>\n<p>Cette protection en plastique est sp\u00e9cialement con\u00e7ue pour prot\u00e9ger l&#8217;interrupteur de votre aspirateur Kirby des influences ext\u00e9rieures. Gr\u00e2ce \u00e0 sa construction robuste, ce support permet d&#8217;appuyer sur l&#8217;interrupteur en douceur et sans r\u00e9sistance, ce qui permet \u00e0 votre aspirateur de fonctionner de mani\u00e8re optimale. Voici quelques raisons pour lesquelles cette housse de protection est un accessoire indispensable :<\/p>\n<ul>\n<li><strong>Prot\u00e8ge l&#8217;interrupteur contre les dommages<\/strong> &#8211; Pr\u00e9vient l&#8217;usure et la casse.<\/li>\n<li><strong>Assure un fonctionnement en douceur<\/strong> &#8211; Pas de r\u00e9sistance suppl\u00e9mentaire lorsque l&#8217;on appuie sur l&#8217;interrupteur.<\/li>\n<li><strong>Convient \u00e0 tous les aspirateurs Kirby<\/strong> &#8211; Convient aussi bien aux anciens qu&#8217;aux nouveaux mod\u00e8les.<\/li>\n<li><strong>Mat\u00e9riau durable<\/strong> &#8211; Fabriqu\u00e9 en plastique de haute qualit\u00e9 pour une longue dur\u00e9e de vie.<\/li>\n<\/ul>\n<h3>Convient \u00e0 tous les aspirateurs Kirby<\/h3>\n<p>La plupart des anciens mod\u00e8les de Kirby avaient des protections d&#8217;interrupteurs de diff\u00e9rentes couleurs. Beaucoup de ces couleurs ne sont plus disponibles aujourd&#8217;hui. Kirby Co. les a remplac\u00e9es par une version universelle de couleur noire, issue de la s\u00e9rie Kirby G6. Cela signifie que ce capot de protection convient \u00e0 tous les aspirateurs Kirby, quel que soit le mod\u00e8le ou l&#8217;ann\u00e9e de fabrication.<\/p>\n<h3>Installation facile et longue dur\u00e9e de vie<\/h3>\n<p>Le remplacement ou l&#8217;installation de cette protection d&#8217;interrupteur est facile et peut se faire en quelques minutes. Gr\u00e2ce \u00e0 sa conception robuste, le couvercle reste en place et assure une protection \u00e0 long terme. En outre, l&#8217;utilisation d&#8217;un plastique de haute qualit\u00e9 garantit que ce capuchon peut r\u00e9sister \u00e0 une utilisation fr\u00e9quente et \u00e0 un nettoyage intensif.<\/p>\n<h3>Commandez d\u00e8s aujourd&#8217;hui !<\/h3>\n<p>Vous souhaitez \u00e9viter que l&#8217;interrupteur de votre aspirateur Kirby ne soit endommag\u00e9 ? Le support de capuchon de protection de l&#8217;interrupteur est la solution id\u00e9ale. Commandez d\u00e8s aujourd&#8217;hui et veillez \u00e0 ce que votre aspirateur continue \u00e0 fonctionner de mani\u00e8re optimale !<\/p>\n","protected":false},"excerpt":{"rendered":"<p>Support pour capuchon de protection de l&#8217;interrupteur<\/p>\n[trustindex data-widget-id=e3bb80b24fa128098b960fc2439]\n<h3><span style=\"color: #008000;\"><br \/>\nEn stock<\/span><\/h3>\n[av_font_icon icon='ue812' font='entypo-fontello' style='' caption='' size='25px' position='left' color='#43ad66' link='' linktarget='' title_attr='' sonar_effect_effect='' sonar_effect_color='' sonar_effect_duration='1' sonar_effect_scale='' sonar_effect_opac='0.5' animation='' id='' custom_class='' template_class='' av_uid='' sc_version='1.0' admin_preview_bg=''][\/av_font_icon]\n<p><span style=\"color: #008000;\">Command\u00e9 23:59, exp\u00e9di\u00e9 demain<\/span><\/p>\n<p>&nbsp;<\/p>\n","protected":false},"featured_media":90457,"comment_status":"open","ping_status":"closed","template":"","meta":{"_acf_changed":false},"product_brand":[],"product_cat":[304],"product_tag":[],"class_list":{"0":"post-42637","1":"product","2":"type-product","3":"status-publish","4":"has-post-thumbnail","6":"product_cat-kirby-boitier","8":"first","9":"instock","10":"taxable","11":"shipping-taxable","12":"purchasable","13":"product-type-simple"},"acf":[],"yoast_head":"<!-- This site is optimized with the Yoast SEO Premium plugin v27.1 (Yoast SEO v27.4) - https:\/\/yoast.com\/product\/yoast-seo-premium-wordpress\/ -->\n<title>Support de Protection d&#039;interrupteur - Veltec Kirby specialist<\/title>\n<meta name=\"description\" content=\"Support de Protection d&#039;interrupteur - Veltec est le fournisseur des aspirateurs Kirby depuis plus de 25 ans. Et est votre sp\u00e9cialiste\" \/>\n<meta name=\"robots\" content=\"index, follow, max-snippet:-1, max-image-preview:large, max-video-preview:-1\" \/>\n<link rel=\"canonical\" href=\"https:\/\/www.veltec.eu\/fr\/product\/support-de-protection-dinterrupteur-nl45008\/\" \/>\n<meta property=\"og:locale\" content=\"fr_FR\" \/>\n<meta property=\"og:type\" content=\"article\" \/>\n<meta property=\"og:title\" content=\"Support de Protection d&#039;interrupteur\" \/>\n<meta property=\"og:description\" content=\"Support pour capuchon de protection de l&#039;interrupteur    En stock   Command\u00e9 23:59, exp\u00e9di\u00e9 demain  &nbsp;\" \/>\n<meta property=\"og:url\" content=\"https:\/\/www.veltec.eu\/fr\/product\/support-de-protection-dinterrupteur-nl45008\/\" \/>\n<meta property=\"og:site_name\" content=\"Veltec Kirby specialist\" \/>\n<meta property=\"article:publisher\" content=\"https:\/\/www.facebook.com\/Veltec-Kirby-Specialist-236746293374877\/\" \/>\n<meta property=\"article:modified_time\" content=\"2025-03-31T11:51:14+00:00\" \/>\n<meta property=\"og:image\" content=\"https:\/\/www.veltec.eu\/wp-content\/uploads\/2021\/10\/kirby_beschermring_schakelaar.jpg\" \/>\n\t<meta property=\"og:image:width\" content=\"500\" \/>\n\t<meta property=\"og:image:height\" content=\"500\" \/>\n\t<meta property=\"og:image:type\" content=\"image\/jpeg\" \/>\n<meta name=\"twitter:card\" content=\"summary_large_image\" \/>\n<meta name=\"twitter:label1\" content=\"Dur\u00e9e de lecture estim\u00e9e\" \/>\n\t<meta name=\"twitter:data1\" content=\"3 minutes\" \/>\n<script type=\"application\/ld+json\" class=\"yoast-schema-graph\">{\"@context\":\"https:\\\/\\\/schema.org\",\"@graph\":[{\"@type\":\"WebPage\",\"@id\":\"https:\\\/\\\/www.veltec.eu\\\/fr\\\/product\\\/support-de-protection-dinterrupteur-nl45008\\\/\",\"url\":\"https:\\\/\\\/www.veltec.eu\\\/fr\\\/product\\\/support-de-protection-dinterrupteur-nl45008\\\/\",\"name\":\"Support de Protection d'interrupteur - Veltec Kirby specialist\",\"isPartOf\":{\"@id\":\"https:\\\/\\\/www.veltec.eu\\\/en\\\/#website\"},\"primaryImageOfPage\":{\"@id\":\"https:\\\/\\\/www.veltec.eu\\\/fr\\\/product\\\/support-de-protection-dinterrupteur-nl45008\\\/#primaryimage\"},\"image\":{\"@id\":\"https:\\\/\\\/www.veltec.eu\\\/fr\\\/product\\\/support-de-protection-dinterrupteur-nl45008\\\/#primaryimage\"},\"thumbnailUrl\":\"https:\\\/\\\/www.veltec.eu\\\/wp-content\\\/uploads\\\/2021\\\/10\\\/Kirby-Schakelaar-beschermkap.jpg\",\"datePublished\":\"2021-10-27T12:21:15+00:00\",\"dateModified\":\"2025-03-31T11:51:14+00:00\",\"description\":\"Support de Protection d'interrupteur - Veltec est le fournisseur des aspirateurs Kirby depuis plus de 25 ans. Et est votre sp\u00e9cialiste\",\"breadcrumb\":{\"@id\":\"https:\\\/\\\/www.veltec.eu\\\/fr\\\/product\\\/support-de-protection-dinterrupteur-nl45008\\\/#breadcrumb\"},\"inLanguage\":\"fr-FR\",\"potentialAction\":[{\"@type\":\"ReadAction\",\"target\":[\"https:\\\/\\\/www.veltec.eu\\\/fr\\\/product\\\/support-de-protection-dinterrupteur-nl45008\\\/\"]}]},{\"@type\":\"ImageObject\",\"inLanguage\":\"fr-FR\",\"@id\":\"https:\\\/\\\/www.veltec.eu\\\/fr\\\/product\\\/support-de-protection-dinterrupteur-nl45008\\\/#primaryimage\",\"url\":\"https:\\\/\\\/www.veltec.eu\\\/wp-content\\\/uploads\\\/2021\\\/10\\\/Kirby-Schakelaar-beschermkap.jpg\",\"contentUrl\":\"https:\\\/\\\/www.veltec.eu\\\/wp-content\\\/uploads\\\/2021\\\/10\\\/Kirby-Schakelaar-beschermkap.jpg\",\"width\":600,\"height\":600},{\"@type\":\"BreadcrumbList\",\"@id\":\"https:\\\/\\\/www.veltec.eu\\\/fr\\\/product\\\/support-de-protection-dinterrupteur-nl45008\\\/#breadcrumb\",\"itemListElement\":[{\"@type\":\"ListItem\",\"position\":1,\"name\":\"Home\",\"item\":\"https:\\\/\\\/www.veltec.eu\\\/fr\\\/\"},{\"@type\":\"ListItem\",\"position\":2,\"name\":\"Kirby Shop\",\"item\":\"https:\\\/\\\/www.veltec.eu\\\/nl\\\/shop-page\\\/\"},{\"@type\":\"ListItem\",\"position\":3,\"name\":\"Support de Protection d&#8217;interrupteur\"}]},{\"@type\":\"WebSite\",\"@id\":\"https:\\\/\\\/www.veltec.eu\\\/en\\\/#website\",\"url\":\"https:\\\/\\\/www.veltec.eu\\\/en\\\/\",\"name\":\"Veltec Kirby specialist\",\"description\":\"Kirby stofzuiger producten\",\"publisher\":{\"@id\":\"https:\\\/\\\/www.veltec.eu\\\/en\\\/#organization\"},\"potentialAction\":[{\"@type\":\"SearchAction\",\"target\":{\"@type\":\"EntryPoint\",\"urlTemplate\":\"https:\\\/\\\/www.veltec.eu\\\/en\\\/?s={search_term_string}\"},\"query-input\":{\"@type\":\"PropertyValueSpecification\",\"valueRequired\":true,\"valueName\":\"search_term_string\"}}],\"inLanguage\":\"fr-FR\"},{\"@type\":\"Organization\",\"@id\":\"https:\\\/\\\/www.veltec.eu\\\/en\\\/#organization\",\"name\":\"Veltec Kirby Specialist\",\"url\":\"https:\\\/\\\/www.veltec.eu\\\/en\\\/\",\"logo\":{\"@type\":\"ImageObject\",\"inLanguage\":\"fr-FR\",\"@id\":\"https:\\\/\\\/www.veltec.eu\\\/en\\\/#\\\/schema\\\/logo\\\/image\\\/\",\"url\":\"https:\\\/\\\/www.veltec.eu\\\/wp-content\\\/uploads\\\/2021\\\/12\\\/Veltec-log-groot-e1537260889125.png\",\"contentUrl\":\"https:\\\/\\\/www.veltec.eu\\\/wp-content\\\/uploads\\\/2021\\\/12\\\/Veltec-log-groot-e1537260889125.png\",\"width\":200,\"height\":60,\"caption\":\"Veltec Kirby Specialist\"},\"image\":{\"@id\":\"https:\\\/\\\/www.veltec.eu\\\/en\\\/#\\\/schema\\\/logo\\\/image\\\/\"},\"sameAs\":[\"https:\\\/\\\/www.facebook.com\\\/Veltec-Kirby-Specialist-236746293374877\\\/\",\"https:\\\/\\\/www.youtube.com\\\/user\\\/VeltecService\"]}]}<\/script>\n<!-- \/ Yoast SEO Premium plugin. -->","yoast_head_json":{"title":"Support de Protection d'interrupteur - Veltec Kirby specialist","description":"Support de Protection d'interrupteur - Veltec est le fournisseur des aspirateurs Kirby depuis plus de 25 ans. Et est votre sp\u00e9cialiste","robots":{"index":"index","follow":"follow","max-snippet":"max-snippet:-1","max-image-preview":"max-image-preview:large","max-video-preview":"max-video-preview:-1"},"canonical":"https:\/\/www.veltec.eu\/fr\/product\/support-de-protection-dinterrupteur-nl45008\/","og_locale":"fr_FR","og_type":"article","og_title":"Support de Protection d'interrupteur","og_description":"Support pour capuchon de protection de l'interrupteur    En stock   Command\u00e9 23:59, exp\u00e9di\u00e9 demain  &nbsp;","og_url":"https:\/\/www.veltec.eu\/fr\/product\/support-de-protection-dinterrupteur-nl45008\/","og_site_name":"Veltec Kirby specialist","article_publisher":"https:\/\/www.facebook.com\/Veltec-Kirby-Specialist-236746293374877\/","article_modified_time":"2025-03-31T11:51:14+00:00","og_image":[{"width":500,"height":500,"url":"https:\/\/www.veltec.eu\/wp-content\/uploads\/2021\/10\/kirby_beschermring_schakelaar.jpg","type":"image\/jpeg"}],"twitter_card":"summary_large_image","twitter_misc":{"Dur\u00e9e de lecture estim\u00e9e":"3 minutes"},"schema":{"@context":"https:\/\/schema.org","@graph":[{"@type":"WebPage","@id":"https:\/\/www.veltec.eu\/fr\/product\/support-de-protection-dinterrupteur-nl45008\/","url":"https:\/\/www.veltec.eu\/fr\/product\/support-de-protection-dinterrupteur-nl45008\/","name":"Support de Protection d'interrupteur - Veltec Kirby specialist","isPartOf":{"@id":"https:\/\/www.veltec.eu\/en\/#website"},"primaryImageOfPage":{"@id":"https:\/\/www.veltec.eu\/fr\/product\/support-de-protection-dinterrupteur-nl45008\/#primaryimage"},"image":{"@id":"https:\/\/www.veltec.eu\/fr\/product\/support-de-protection-dinterrupteur-nl45008\/#primaryimage"},"thumbnailUrl":"https:\/\/www.veltec.eu\/wp-content\/uploads\/2021\/10\/Kirby-Schakelaar-beschermkap.jpg","datePublished":"2021-10-27T12:21:15+00:00","dateModified":"2025-03-31T11:51:14+00:00","description":"Support de Protection d'interrupteur - Veltec est le fournisseur des aspirateurs Kirby depuis plus de 25 ans. Et est votre sp\u00e9cialiste","breadcrumb":{"@id":"https:\/\/www.veltec.eu\/fr\/product\/support-de-protection-dinterrupteur-nl45008\/#breadcrumb"},"inLanguage":"fr-FR","potentialAction":[{"@type":"ReadAction","target":["https:\/\/www.veltec.eu\/fr\/product\/support-de-protection-dinterrupteur-nl45008\/"]}]},{"@type":"ImageObject","inLanguage":"fr-FR","@id":"https:\/\/www.veltec.eu\/fr\/product\/support-de-protection-dinterrupteur-nl45008\/#primaryimage","url":"https:\/\/www.veltec.eu\/wp-content\/uploads\/2021\/10\/Kirby-Schakelaar-beschermkap.jpg","contentUrl":"https:\/\/www.veltec.eu\/wp-content\/uploads\/2021\/10\/Kirby-Schakelaar-beschermkap.jpg","width":600,"height":600},{"@type":"BreadcrumbList","@id":"https:\/\/www.veltec.eu\/fr\/product\/support-de-protection-dinterrupteur-nl45008\/#breadcrumb","itemListElement":[{"@type":"ListItem","position":1,"name":"Home","item":"https:\/\/www.veltec.eu\/fr\/"},{"@type":"ListItem","position":2,"name":"Kirby Shop","item":"https:\/\/www.veltec.eu\/nl\/shop-page\/"},{"@type":"ListItem","position":3,"name":"Support de Protection d&#8217;interrupteur"}]},{"@type":"WebSite","@id":"https:\/\/www.veltec.eu\/en\/#website","url":"https:\/\/www.veltec.eu\/en\/","name":"Veltec Kirby specialist","description":"Kirby stofzuiger producten","publisher":{"@id":"https:\/\/www.veltec.eu\/en\/#organization"},"potentialAction":[{"@type":"SearchAction","target":{"@type":"EntryPoint","urlTemplate":"https:\/\/www.veltec.eu\/en\/?s={search_term_string}"},"query-input":{"@type":"PropertyValueSpecification","valueRequired":true,"valueName":"search_term_string"}}],"inLanguage":"fr-FR"},{"@type":"Organization","@id":"https:\/\/www.veltec.eu\/en\/#organization","name":"Veltec Kirby Specialist","url":"https:\/\/www.veltec.eu\/en\/","logo":{"@type":"ImageObject","inLanguage":"fr-FR","@id":"https:\/\/www.veltec.eu\/en\/#\/schema\/logo\/image\/","url":"https:\/\/www.veltec.eu\/wp-content\/uploads\/2021\/12\/Veltec-log-groot-e1537260889125.png","contentUrl":"https:\/\/www.veltec.eu\/wp-content\/uploads\/2021\/12\/Veltec-log-groot-e1537260889125.png","width":200,"height":60,"caption":"Veltec Kirby Specialist"},"image":{"@id":"https:\/\/www.veltec.eu\/en\/#\/schema\/logo\/image\/"},"sameAs":["https:\/\/www.facebook.com\/Veltec-Kirby-Specialist-236746293374877\/","https:\/\/www.youtube.com\/user\/VeltecService"]}]}},"_links":{"self":[{"href":"https:\/\/www.veltec.eu\/fr\/wp-json\/wp\/v2\/product\/42637","targetHints":{"allow":["GET"]}}],"collection":[{"href":"https:\/\/www.veltec.eu\/fr\/wp-json\/wp\/v2\/product"}],"about":[{"href":"https:\/\/www.veltec.eu\/fr\/wp-json\/wp\/v2\/types\/product"}],"replies":[{"embeddable":true,"href":"https:\/\/www.veltec.eu\/fr\/wp-json\/wp\/v2\/comments?post=42637"}],"wp:featuredmedia":[{"embeddable":true,"href":"https:\/\/www.veltec.eu\/fr\/wp-json\/wp\/v2\/media\/90457"}],"wp:attachment":[{"href":"https:\/\/www.veltec.eu\/fr\/wp-json\/wp\/v2\/media?parent=42637"}],"wp:term":[{"taxonomy":"product_brand","embeddable":true,"href":"https:\/\/www.veltec.eu\/fr\/wp-json\/wp\/v2\/product_brand?post=42637"},{"taxonomy":"product_cat","embeddable":true,"href":"https:\/\/www.veltec.eu\/fr\/wp-json\/wp\/v2\/product_cat?post=42637"},{"taxonomy":"product_tag","embeddable":true,"href":"https:\/\/www.veltec.eu\/fr\/wp-json\/wp\/v2\/product_tag?post=42637"}],"curies":[{"name":"wp","href":"https:\/\/api.w.org\/{rel}","templated":true}]}}