{"id":41464,"date":"2021-07-07T09:29:44","date_gmt":"2021-07-07T07:29:44","guid":{"rendered":"https:\/\/www.veltec.eu\/product\/flexible-daspirateur-kirby-4m-remis-a-neuf\/"},"modified":"2026-02-23T09:09:37","modified_gmt":"2026-02-23T07:09:37","slug":"flexible-daspirateur-kirby-4m-remis-a-neuf","status":"publish","type":"product","link":"https:\/\/www.veltec.eu\/fr\/product\/flexible-daspirateur-kirby-4m-remis-a-neuf\/","title":{"rendered":"Flexible d\u2019aspirateur Kirby 4m. remis \u00e0 neuf"},"content":{"rendered":"<h1 data-start=\"147\" data-end=\"234\">Flexible d\u2019aspirateur Kirby 4m. remis \u00e0 neuf \u2013 Intelligent, Durable et Abordable<\/h1>\n<p data-start=\"236\" data-end=\"661\">Vous recherchez un flexible Kirby fiable, solide et \u00e9conomique ? Le Flexible d\u2019aspirateur Kirby 4m. remis \u00e0 neuf est exactement ce qu\u2019il vous faut. Ce flexible original Kirby a \u00e9t\u00e9 soigneusement nettoy\u00e9, inspect\u00e9 et reconditionn\u00e9 afin de garantir un fonctionnement parfait \u2013 le tout \u00e0 50 % du prix d\u2019un produit neuf. C\u2019est le choix id\u00e9al pour allier qualit\u00e9, durabilit\u00e9 et prix intelligent en un seul achat.<\/p>\n<h2 data-start=\"668\" data-end=\"717\">Compatibilit\u00e9 avec tous les mod\u00e8les Kirby<\/h2>\n<p data-start=\"719\" data-end=\"885\">Ce flexible s\u2019adapte-t-il \u00e0 votre aspirateur ?<br data-start=\"765\" data-end=\"768\" \/>Oui ! Le Flexible d\u2019aspirateur Kirby 4m. remis \u00e0 neuf est compatible avec tous les mod\u00e8les Kirby, notamment :<\/p>\n<ul data-start=\"887\" data-end=\"1051\">\n<li data-start=\"887\" data-end=\"920\">Avalir Platinum, Avalir 1 &amp; 2<\/li>\n<li data-start=\"921\" data-end=\"960\">Sentria 1 (G10) et Sentria 2 (G10D)<\/li>\n<li data-start=\"961\" data-end=\"1022\">Ultimate G Diamond Edition (G7D\/DE) et Ultimate G (G7\/UG)<\/li>\n<li data-start=\"1023\" data-end=\"1051\">G\u00e9n\u00e9ration 3 \u00e0 6 (G3\u2013G6)<\/li>\n<\/ul>\n<p data-start=\"1053\" data-end=\"1278\">Gr\u00e2ce \u00e0 cette compatibilit\u00e9 universelle, vous pouvez passer d\u2019un mod\u00e8le \u00e0 l\u2019autre sans adaptateur suppl\u00e9mentaire.<\/p>\n<p data-start=\"1813\" data-end=\"2067\"><img decoding=\"async\" class=\"alignright wp-image-82072 size-full\" src=\"https:\/\/www.veltec.eu\/wp-content\/uploads\/2025\/03\/recon-reconBadgeConcrete.png\" alt=\"Flexible d\u2019aspirateur Kirby 4m. remis \u00e0 neuf\" width=\"265\" height=\"257\" srcset=\"https:\/\/www.veltec.eu\/wp-content\/uploads\/2025\/03\/recon-reconBadgeConcrete.png 265w, https:\/\/www.veltec.eu\/wp-content\/uploads\/2025\/03\/recon-reconBadgeConcrete-36x36.png 36w\" sizes=\"(max-width: 265px) 100vw, 265px\" \/><\/p>\n<h2 data-start=\"1285\" data-end=\"1342\">Pourquoi choisir un flexible Kirby remis \u00e0 neuf ?<\/h2>\n<p data-start=\"1344\" data-end=\"1574\">Que signifie \u00ab remis \u00e0 neuf \u00bb ? Cela veut dire que le Flexible d\u2019aspirateur Kirby remis \u00e0 neuf a \u00e9t\u00e9 rigoureusement v\u00e9rifi\u00e9, r\u00e9par\u00e9 et test\u00e9, garantissant des performances aussi fiables qu\u2019un flexible Kirby neuf.<\/p>\n<p data-start=\"1576\" data-end=\"1836\">Opter pour un produit remis \u00e0 neuf, c\u2019est faire un geste \u00e9cologique et \u00e9conomique :<br data-start=\"1663\" data-end=\"1666\" \/>vous b\u00e9n\u00e9ficiez de performances haut de gamme pour une fraction du prix neuf, tout en contribuant \u00e0 la r\u00e9duction des d\u00e9chets et \u00e0 un monde plus durable.<\/p>\n<p data-start=\"1838\" data-end=\"1967\">Un flexible Kirby remis \u00e0 neuf, c\u2019est la <strong data-start=\"1879\" data-end=\"1900\">qualit\u00e9 certifi\u00e9e<\/strong>, la <strong data-start=\"1905\" data-end=\"1926\">long\u00e9vit\u00e9 assur\u00e9e<\/strong> et le <strong data-start=\"1933\" data-end=\"1966\">meilleur rapport qualit\u00e9-prix<\/strong>.<\/p>\n<p>Vous trouverez ci-dessous tout ce qui concerne le<a href=\"https:\/\/www.veltec.eu\/fr\/kirby-flexibles\/\"> tuyau Kirby et ses accessoires.<\/a><\/p>\n<h2 data-start=\"1974\" data-end=\"2021\">Simplicit\u00e9 d\u2019utilisation et d\u2019entretien<\/h2>\n<p data-start=\"2023\" data-end=\"2260\">Le Flexible d\u2019aspirateur Kirby 4m. remis \u00e0 neuf s\u2019installe facilement et est imm\u00e9diatement pr\u00eat \u00e0 l\u2019emploi. Fabriqu\u00e9 \u00e0 partir de mat\u00e9riaux robustes, il r\u00e9siste \u00e0 un usage intensif tout en n\u00e9cessitant tr\u00e8s peu d\u2019entretien. R\u00e9sultat : un nettoyage plus rapide, plus efficace et plus confortable au quotidien. Avec ce flexible Kirby remis \u00e0 neuf, vous profitez d\u2019un accessoire qui associe confort, durabilit\u00e9 et qualit\u00e9.<br data-start=\"2476\" data-end=\"2479\" \/>Essayez-le d\u00e8s aujourd\u2019hui et red\u00e9couvrez le plaisir d\u2019un nettoyage efficace !<\/p>\n<h2 data-start=\"2568\" data-end=\"2599\">Qualit\u00e9 originale Kirby<\/h2>\n<p data-start=\"2601\" data-end=\"2796\">En choisissant un Flexible d\u2019aspirateur Kirby remis \u00e0 neuf, vous optez pour la qualit\u00e9 d\u2019origine Kirby, reconnue dans le monde entier pour sa fiabilit\u00e9 et sa puissance d\u2019aspiration. Ce flexible de 4 m\u00e8tres s\u2019adapte parfaitement \u00e0 tous les mod\u00e8les Kirby, vous garantissant une puissance d\u2019aspiration optimale et une utilisation fluide.<\/p>\n<p data-start=\"2966\" data-end=\"3157\">Sa longueur \u00e9tendue offre un rayon d\u2019action \u00e9largi, id\u00e9al pour nettoyer les escaliers, les meubles hauts ou les coins difficiles d\u2019acc\u00e8s, sans avoir \u00e0 changer de prise de courant.<\/p>\n<p>Vous trouverez ici <a href=\"https:\/\/www.service-aspirateur-kirby.fr\/tuyau-pour-aspirateur-kirby\/\">Tout sur le Tuyau pour aspirateur Kirby<\/a><\/p>\n<h2 data-start=\"3164\" data-end=\"3229\">Avantages du Flexible d\u2019aspirateur Kirby 4m. remis \u00e0 neuf<\/h2>\n<ul data-start=\"3231\" data-end=\"3540\">\n<li data-start=\"3231\" data-end=\"3302\"><strong data-start=\"3235\" data-end=\"3264\">Compatibilit\u00e9 universelle<\/strong> \u2013 s\u2019adapte \u00e0 tous les mod\u00e8les Kirby<\/li>\n<li data-start=\"3303\" data-end=\"3380\"><strong data-start=\"3307\" data-end=\"3340\">Longueur pratique de 4 m\u00e8tres<\/strong> \u2013 pour atteindre les zones difficiles<\/li>\n<li data-start=\"3381\" data-end=\"3444\"><strong data-start=\"3385\" data-end=\"3406\">Durabilit\u00e9 accrue<\/strong> \u2013 test\u00e9 et reconditionn\u00e9 pour durer<\/li>\n<li data-start=\"3445\" data-end=\"3497\"><strong data-start=\"3449\" data-end=\"3463\">\u00c9conomique<\/strong> \u2013 qualit\u00e9 premium \u00e0 prix r\u00e9duit<\/li>\n<li data-start=\"3498\" data-end=\"3540\"><strong data-start=\"3502\" data-end=\"3538\">Facile \u00e0 installer et \u00e0 utiliser<\/strong><\/li>\n<\/ul>\n<p data-start=\"3542\" data-end=\"3715\">En r\u00e9sum\u00e9, le Flexible d\u2019aspirateur Kirby 4m. remis \u00e0 neuf est le choix parfait pour allier performance, fiabilit\u00e9 et durabilit\u00e9 dans votre routine de nettoyage.<\/p>\n<p>&nbsp;<\/p>\n","protected":false},"excerpt":{"rendered":"<p>Le Flexible d\u2019aspirateur Kirby 4m. remis \u00e0 neuf allie qualit\u00e9 d\u2019origine, durabilit\u00e9 et \u00e9conomie. Compatible avec tous les mod\u00e8les Kirby, il offre une port\u00e9e \u00e9tendue et des performances optimales \u00e0 prix r\u00e9duit.<\/p>\n[trustindex data-widget-id=e3bb80b24fa128098b960fc2439]\n<h3><span style=\"color: #008000;\"><br \/>\nEn stock<\/span><\/h3>\n[av_font_icon icon='ue812' font='entypo-fontello' style='' caption='' size='25px' position='left' color='#43ad66' link='' linktarget='' title_attr='' sonar_effect_effect='' sonar_effect_color='' sonar_effect_duration='1' sonar_effect_scale='' sonar_effect_opac='0.5' animation='' id='' custom_class='' template_class='' av_uid='' sc_version='1.0' admin_preview_bg=''][\/av_font_icon]\n<p><span style=\"color: #008000;\">Command\u00e9 23:59, exp\u00e9di\u00e9 demain<\/span><\/p>\n<p>&nbsp;<\/p>\n","protected":false},"featured_media":86200,"comment_status":"open","ping_status":"closed","template":"","meta":{"_acf_changed":false},"product_brand":[],"product_cat":[319],"product_tag":[],"class_list":{"0":"post-41464","1":"product","2":"type-product","3":"status-publish","4":"has-post-thumbnail","6":"product_cat-kirby-flexibles","8":"first","9":"outofstock","10":"sale","11":"taxable","12":"shipping-taxable","13":"purchasable","14":"product-type-simple"},"acf":[],"yoast_head":"<!-- This site is optimized with the Yoast SEO Premium plugin v27.1 (Yoast SEO v27.4) - https:\/\/yoast.com\/product\/yoast-seo-premium-wordpress\/ -->\n<title>Flexible d\u2019aspirateur Kirby 4m. remis \u00e0 neuf \u2013 Qualit\u00e9 et dur\u00e9e<\/title>\n<meta name=\"description\" content=\"Flexible d\u2019aspirateur Kirby 4m. remis \u00e0 neuf : durable, compatible avec tous les mod\u00e8les Kirby, et 50 % moins cher qu\u2019un neuf.\" \/>\n<meta name=\"robots\" content=\"index, follow, max-snippet:-1, max-image-preview:large, max-video-preview:-1\" \/>\n<link rel=\"canonical\" href=\"https:\/\/www.veltec.eu\/fr\/product\/flexible-daspirateur-kirby-4m-remis-a-neuf\/\" \/>\n<meta property=\"og:locale\" content=\"fr_FR\" \/>\n<meta property=\"og:type\" content=\"article\" \/>\n<meta property=\"og:title\" content=\"Flexible d\u2019aspirateur Kirby 4m. remis \u00e0 neuf\" \/>\n<meta property=\"og:description\" content=\"Le Flexible d\u2019aspirateur Kirby 4m. remis \u00e0 neuf allie qualit\u00e9 d\u2019origine, durabilit\u00e9 et \u00e9conomie. Compatible avec tous les mod\u00e8les Kirby, il offre une port\u00e9e \u00e9tendue et des performances optimales \u00e0 prix r\u00e9duit.    En stock   Command\u00e9 23:59, exp\u00e9di\u00e9 demain  &nbsp;\" \/>\n<meta property=\"og:url\" content=\"https:\/\/www.veltec.eu\/fr\/product\/flexible-daspirateur-kirby-4m-remis-a-neuf\/\" \/>\n<meta property=\"og:site_name\" content=\"Veltec Kirby specialist\" \/>\n<meta property=\"article:publisher\" content=\"https:\/\/www.facebook.com\/Veltec-Kirby-Specialist-236746293374877\/\" \/>\n<meta property=\"article:modified_time\" content=\"2026-02-23T07:09:37+00:00\" \/>\n<meta property=\"og:image\" content=\"https:\/\/www.veltec.eu\/wp-content\/uploads\/2021\/07\/Kirby-hose-4mtr.png\" \/>\n\t<meta property=\"og:image:width\" content=\"300\" \/>\n\t<meta property=\"og:image:height\" content=\"300\" \/>\n\t<meta property=\"og:image:type\" content=\"image\/png\" \/>\n<meta name=\"twitter:card\" content=\"summary_large_image\" \/>\n<meta name=\"twitter:label1\" content=\"Dur\u00e9e de lecture estim\u00e9e\" \/>\n\t<meta name=\"twitter:data1\" content=\"3 minutes\" \/>\n<script type=\"application\/ld+json\" class=\"yoast-schema-graph\">{\"@context\":\"https:\\\/\\\/schema.org\",\"@graph\":[{\"@type\":\"WebPage\",\"@id\":\"https:\\\/\\\/www.veltec.eu\\\/fr\\\/product\\\/flexible-daspirateur-kirby-4m-remis-a-neuf\\\/\",\"url\":\"https:\\\/\\\/www.veltec.eu\\\/fr\\\/product\\\/flexible-daspirateur-kirby-4m-remis-a-neuf\\\/\",\"name\":\"Flexible d\u2019aspirateur Kirby 4m. remis \u00e0 neuf \u2013 Qualit\u00e9 et dur\u00e9e\",\"isPartOf\":{\"@id\":\"https:\\\/\\\/www.veltec.eu\\\/en\\\/#website\"},\"primaryImageOfPage\":{\"@id\":\"https:\\\/\\\/www.veltec.eu\\\/fr\\\/product\\\/flexible-daspirateur-kirby-4m-remis-a-neuf\\\/#primaryimage\"},\"image\":{\"@id\":\"https:\\\/\\\/www.veltec.eu\\\/fr\\\/product\\\/flexible-daspirateur-kirby-4m-remis-a-neuf\\\/#primaryimage\"},\"thumbnailUrl\":\"https:\\\/\\\/www.veltec.eu\\\/wp-content\\\/uploads\\\/2021\\\/07\\\/Kirby-hose-4mtr.png\",\"datePublished\":\"2021-07-07T07:29:44+00:00\",\"dateModified\":\"2026-02-23T07:09:37+00:00\",\"description\":\"Flexible d\u2019aspirateur Kirby 4m. remis \u00e0 neuf : durable, compatible avec tous les mod\u00e8les Kirby, et 50 % moins cher qu\u2019un neuf.\",\"breadcrumb\":{\"@id\":\"https:\\\/\\\/www.veltec.eu\\\/fr\\\/product\\\/flexible-daspirateur-kirby-4m-remis-a-neuf\\\/#breadcrumb\"},\"inLanguage\":\"fr-FR\",\"potentialAction\":[{\"@type\":\"ReadAction\",\"target\":[\"https:\\\/\\\/www.veltec.eu\\\/fr\\\/product\\\/flexible-daspirateur-kirby-4m-remis-a-neuf\\\/\"]}]},{\"@type\":\"ImageObject\",\"inLanguage\":\"fr-FR\",\"@id\":\"https:\\\/\\\/www.veltec.eu\\\/fr\\\/product\\\/flexible-daspirateur-kirby-4m-remis-a-neuf\\\/#primaryimage\",\"url\":\"https:\\\/\\\/www.veltec.eu\\\/wp-content\\\/uploads\\\/2021\\\/07\\\/Kirby-hose-4mtr.png\",\"contentUrl\":\"https:\\\/\\\/www.veltec.eu\\\/wp-content\\\/uploads\\\/2021\\\/07\\\/Kirby-hose-4mtr.png\",\"width\":300,\"height\":300},{\"@type\":\"BreadcrumbList\",\"@id\":\"https:\\\/\\\/www.veltec.eu\\\/fr\\\/product\\\/flexible-daspirateur-kirby-4m-remis-a-neuf\\\/#breadcrumb\",\"itemListElement\":[{\"@type\":\"ListItem\",\"position\":1,\"name\":\"Home\",\"item\":\"https:\\\/\\\/www.veltec.eu\\\/fr\\\/\"},{\"@type\":\"ListItem\",\"position\":2,\"name\":\"Kirby Shop\",\"item\":\"https:\\\/\\\/www.veltec.eu\\\/nl\\\/shop-page\\\/\"},{\"@type\":\"ListItem\",\"position\":3,\"name\":\"Flexible d\u2019aspirateur Kirby 4m. remis \u00e0 neuf\"}]},{\"@type\":\"WebSite\",\"@id\":\"https:\\\/\\\/www.veltec.eu\\\/en\\\/#website\",\"url\":\"https:\\\/\\\/www.veltec.eu\\\/en\\\/\",\"name\":\"Veltec Kirby specialist\",\"description\":\"Kirby stofzuiger producten\",\"publisher\":{\"@id\":\"https:\\\/\\\/www.veltec.eu\\\/en\\\/#organization\"},\"potentialAction\":[{\"@type\":\"SearchAction\",\"target\":{\"@type\":\"EntryPoint\",\"urlTemplate\":\"https:\\\/\\\/www.veltec.eu\\\/en\\\/?s={search_term_string}\"},\"query-input\":{\"@type\":\"PropertyValueSpecification\",\"valueRequired\":true,\"valueName\":\"search_term_string\"}}],\"inLanguage\":\"fr-FR\"},{\"@type\":\"Organization\",\"@id\":\"https:\\\/\\\/www.veltec.eu\\\/en\\\/#organization\",\"name\":\"Veltec Kirby Specialist\",\"url\":\"https:\\\/\\\/www.veltec.eu\\\/en\\\/\",\"logo\":{\"@type\":\"ImageObject\",\"inLanguage\":\"fr-FR\",\"@id\":\"https:\\\/\\\/www.veltec.eu\\\/en\\\/#\\\/schema\\\/logo\\\/image\\\/\",\"url\":\"https:\\\/\\\/www.veltec.eu\\\/wp-content\\\/uploads\\\/2021\\\/12\\\/Veltec-log-groot-e1537260889125.png\",\"contentUrl\":\"https:\\\/\\\/www.veltec.eu\\\/wp-content\\\/uploads\\\/2021\\\/12\\\/Veltec-log-groot-e1537260889125.png\",\"width\":200,\"height\":60,\"caption\":\"Veltec Kirby Specialist\"},\"image\":{\"@id\":\"https:\\\/\\\/www.veltec.eu\\\/en\\\/#\\\/schema\\\/logo\\\/image\\\/\"},\"sameAs\":[\"https:\\\/\\\/www.facebook.com\\\/Veltec-Kirby-Specialist-236746293374877\\\/\",\"https:\\\/\\\/www.youtube.com\\\/user\\\/VeltecService\"]}]}<\/script>\n<!-- \/ Yoast SEO Premium plugin. -->","yoast_head_json":{"title":"Flexible d\u2019aspirateur Kirby 4m. remis \u00e0 neuf \u2013 Qualit\u00e9 et dur\u00e9e","description":"Flexible d\u2019aspirateur Kirby 4m. remis \u00e0 neuf : durable, compatible avec tous les mod\u00e8les Kirby, et 50 % moins cher qu\u2019un neuf.","robots":{"index":"index","follow":"follow","max-snippet":"max-snippet:-1","max-image-preview":"max-image-preview:large","max-video-preview":"max-video-preview:-1"},"canonical":"https:\/\/www.veltec.eu\/fr\/product\/flexible-daspirateur-kirby-4m-remis-a-neuf\/","og_locale":"fr_FR","og_type":"article","og_title":"Flexible d\u2019aspirateur Kirby 4m. remis \u00e0 neuf","og_description":"Le Flexible d\u2019aspirateur Kirby 4m. remis \u00e0 neuf allie qualit\u00e9 d\u2019origine, durabilit\u00e9 et \u00e9conomie. Compatible avec tous les mod\u00e8les Kirby, il offre une port\u00e9e \u00e9tendue et des performances optimales \u00e0 prix r\u00e9duit.    En stock   Command\u00e9 23:59, exp\u00e9di\u00e9 demain  &nbsp;","og_url":"https:\/\/www.veltec.eu\/fr\/product\/flexible-daspirateur-kirby-4m-remis-a-neuf\/","og_site_name":"Veltec Kirby specialist","article_publisher":"https:\/\/www.facebook.com\/Veltec-Kirby-Specialist-236746293374877\/","article_modified_time":"2026-02-23T07:09:37+00:00","og_image":[{"width":300,"height":300,"url":"https:\/\/www.veltec.eu\/wp-content\/uploads\/2021\/07\/Kirby-hose-4mtr.png","type":"image\/png"}],"twitter_card":"summary_large_image","twitter_misc":{"Dur\u00e9e de lecture estim\u00e9e":"3 minutes"},"schema":{"@context":"https:\/\/schema.org","@graph":[{"@type":"WebPage","@id":"https:\/\/www.veltec.eu\/fr\/product\/flexible-daspirateur-kirby-4m-remis-a-neuf\/","url":"https:\/\/www.veltec.eu\/fr\/product\/flexible-daspirateur-kirby-4m-remis-a-neuf\/","name":"Flexible d\u2019aspirateur Kirby 4m. remis \u00e0 neuf \u2013 Qualit\u00e9 et dur\u00e9e","isPartOf":{"@id":"https:\/\/www.veltec.eu\/en\/#website"},"primaryImageOfPage":{"@id":"https:\/\/www.veltec.eu\/fr\/product\/flexible-daspirateur-kirby-4m-remis-a-neuf\/#primaryimage"},"image":{"@id":"https:\/\/www.veltec.eu\/fr\/product\/flexible-daspirateur-kirby-4m-remis-a-neuf\/#primaryimage"},"thumbnailUrl":"https:\/\/www.veltec.eu\/wp-content\/uploads\/2021\/07\/Kirby-hose-4mtr.png","datePublished":"2021-07-07T07:29:44+00:00","dateModified":"2026-02-23T07:09:37+00:00","description":"Flexible d\u2019aspirateur Kirby 4m. remis \u00e0 neuf : durable, compatible avec tous les mod\u00e8les Kirby, et 50 % moins cher qu\u2019un neuf.","breadcrumb":{"@id":"https:\/\/www.veltec.eu\/fr\/product\/flexible-daspirateur-kirby-4m-remis-a-neuf\/#breadcrumb"},"inLanguage":"fr-FR","potentialAction":[{"@type":"ReadAction","target":["https:\/\/www.veltec.eu\/fr\/product\/flexible-daspirateur-kirby-4m-remis-a-neuf\/"]}]},{"@type":"ImageObject","inLanguage":"fr-FR","@id":"https:\/\/www.veltec.eu\/fr\/product\/flexible-daspirateur-kirby-4m-remis-a-neuf\/#primaryimage","url":"https:\/\/www.veltec.eu\/wp-content\/uploads\/2021\/07\/Kirby-hose-4mtr.png","contentUrl":"https:\/\/www.veltec.eu\/wp-content\/uploads\/2021\/07\/Kirby-hose-4mtr.png","width":300,"height":300},{"@type":"BreadcrumbList","@id":"https:\/\/www.veltec.eu\/fr\/product\/flexible-daspirateur-kirby-4m-remis-a-neuf\/#breadcrumb","itemListElement":[{"@type":"ListItem","position":1,"name":"Home","item":"https:\/\/www.veltec.eu\/fr\/"},{"@type":"ListItem","position":2,"name":"Kirby Shop","item":"https:\/\/www.veltec.eu\/nl\/shop-page\/"},{"@type":"ListItem","position":3,"name":"Flexible d\u2019aspirateur Kirby 4m. remis \u00e0 neuf"}]},{"@type":"WebSite","@id":"https:\/\/www.veltec.eu\/en\/#website","url":"https:\/\/www.veltec.eu\/en\/","name":"Veltec Kirby specialist","description":"Kirby stofzuiger producten","publisher":{"@id":"https:\/\/www.veltec.eu\/en\/#organization"},"potentialAction":[{"@type":"SearchAction","target":{"@type":"EntryPoint","urlTemplate":"https:\/\/www.veltec.eu\/en\/?s={search_term_string}"},"query-input":{"@type":"PropertyValueSpecification","valueRequired":true,"valueName":"search_term_string"}}],"inLanguage":"fr-FR"},{"@type":"Organization","@id":"https:\/\/www.veltec.eu\/en\/#organization","name":"Veltec Kirby Specialist","url":"https:\/\/www.veltec.eu\/en\/","logo":{"@type":"ImageObject","inLanguage":"fr-FR","@id":"https:\/\/www.veltec.eu\/en\/#\/schema\/logo\/image\/","url":"https:\/\/www.veltec.eu\/wp-content\/uploads\/2021\/12\/Veltec-log-groot-e1537260889125.png","contentUrl":"https:\/\/www.veltec.eu\/wp-content\/uploads\/2021\/12\/Veltec-log-groot-e1537260889125.png","width":200,"height":60,"caption":"Veltec Kirby Specialist"},"image":{"@id":"https:\/\/www.veltec.eu\/en\/#\/schema\/logo\/image\/"},"sameAs":["https:\/\/www.facebook.com\/Veltec-Kirby-Specialist-236746293374877\/","https:\/\/www.youtube.com\/user\/VeltecService"]}]}},"_links":{"self":[{"href":"https:\/\/www.veltec.eu\/fr\/wp-json\/wp\/v2\/product\/41464","targetHints":{"allow":["GET"]}}],"collection":[{"href":"https:\/\/www.veltec.eu\/fr\/wp-json\/wp\/v2\/product"}],"about":[{"href":"https:\/\/www.veltec.eu\/fr\/wp-json\/wp\/v2\/types\/product"}],"replies":[{"embeddable":true,"href":"https:\/\/www.veltec.eu\/fr\/wp-json\/wp\/v2\/comments?post=41464"}],"wp:featuredmedia":[{"embeddable":true,"href":"https:\/\/www.veltec.eu\/fr\/wp-json\/wp\/v2\/media\/86200"}],"wp:attachment":[{"href":"https:\/\/www.veltec.eu\/fr\/wp-json\/wp\/v2\/media?parent=41464"}],"wp:term":[{"taxonomy":"product_brand","embeddable":true,"href":"https:\/\/www.veltec.eu\/fr\/wp-json\/wp\/v2\/product_brand?post=41464"},{"taxonomy":"product_cat","embeddable":true,"href":"https:\/\/www.veltec.eu\/fr\/wp-json\/wp\/v2\/product_cat?post=41464"},{"taxonomy":"product_tag","embeddable":true,"href":"https:\/\/www.veltec.eu\/fr\/wp-json\/wp\/v2\/product_tag?post=41464"}],"curies":[{"name":"wp","href":"https:\/\/api.w.org\/{rel}","templated":true}]}}